{"id":1586,"date":"2024-03-01T06:59:17","date_gmt":"2024-03-01T06:59:17","guid":{"rendered":"https:\/\/essenled.com\/?post_type=product&#038;p=1586"},"modified":"2024-03-01T06:59:18","modified_gmt":"2024-03-01T06:59:18","slug":"1220mm-ip67-side-view-led-silicone-neon-flex","status":"publish","type":"product","link":"https:\/\/essenled.com\/pl\/produkt\/1220mm-ip67-side-view-led-silicone-neon-flex\/","title":{"rendered":"12 * 20 mm IP67 Widok z boku LED Silikon Neon Flex - S1220"},"content":{"rendered":"","protected":false},"excerpt":{"rendered":"<p>Widok z boku IP67 12 * 20 mm LED Silicone Neon Flex - S1010, dost\u0119pny w jednym kolorze \/ regulowanej bieli \/ RGB \/ RGBW. Jest wyt\u0142aczany w jednym kawa\u0142ku i wykonany z przyjaznego dla \u015brodowiska materia\u0142u silikonowego.<\/p>\n<p>Diody LED neon flex S1220 o stopniu ochrony IP67 maj\u0105 moc 5 W\/m, 10 W\/m i 15 W\/m. Poziom ochrony osi\u0105ga IP67, co jest bardzo odpowiednie do d\u0142ugotrwa\u0142ego u\u017cytkowania na zewn\u0105trz i nie jest \u0142atwo zmieni\u0107 kolor na \u017c\u00f3\u0142ty.<\/p>\n<p>Wodoodporna lampa LED Neon Flex 12 * 20 mm o stopniu ochrony IP67. Przepuszczalno\u015b\u0107 \u015bwiat\u0142a jest niezwykle wysoka, zachowuj\u0105c pi\u0119kny wygl\u0105d i jednolite \u015bwiat\u0142o.<\/p>\n<p>Nasza boczna neonowa lampa LED flex IP67 wodoodporna S1220 posiada unikaln\u0105 konstrukcj\u0119 optyczn\u0105; \u015bwiat\u0142o jest r\u00f3wnomierne bez \u017cadnych cieni. Mo\u017ce by\u0107 stosowany do o\u015bwietlenia konturowego, wewn\u0119trznego i zewn\u0119trznego o\u015bwietlenia dekoracyjnego oraz innych scen.<\/p>","protected":false},"featured_media":1589,"template":"","meta":{"_kad_post_transparent":"default","_kad_post_title":"","_kad_post_layout":"default","_kad_post_sidebar_id":"","_kad_post_content_style":"default","_kad_post_vertical_padding":"default","_kad_post_feature":"","_kad_post_feature_position":"","_kad_post_header":false,"_kad_post_footer":false,"_kad_post_classname":""},"product_brand":[],"product_cat":[39,42],"product_tag":[618,617,622,620,619,621],"class_list":{"0":"post-1586","1":"product","2":"type-product","3":"status-publish","4":"has-post-thumbnail","6":"product_cat-neon-strip","7":"product_cat-side-bend-neon-series","8":"product_tag-led-neon-side-1220-rgbw-rgb","9":"product_tag-neon-1220-led-neon-flex","10":"product_tag-neon-1220-side-bend-ip67-15w","11":"product_tag-neon-flex-1220-12x20mm-24v-ip67","12":"product_tag-side-view-1220-led-neon-light","13":"product_tag-silicone-led-neon-1220-ip67-dot-free","15":"first","16":"instock","17":"shipping-taxable","18":"product-type-simple","19":"entry","20":"content-bg","21":"loop-entry"},"yoast_head":"<!-- This site is optimized with the Yoast SEO Premium plugin v24.3 (Yoast SEO v27.4) - https:\/\/yoast.com\/product\/yoast-seo-premium-wordpress\/ -->\n<title>12*20mm IP67 Side View LED Silicone Neon Flex \u2013 S1220 - ESSENLED<\/title>\n<meta name=\"description\" content=\"Side View IP67 12*20mm LED Silicone Neon Flex \u2013 S1010, available in single color\/tunable white\/RGB\/RGBW, is extruded in one piece.\" \/>\n<meta name=\"robots\" content=\"index, follow, max-snippet:-1, max-image-preview:large, max-video-preview:-1\" \/>\n<link rel=\"canonical\" href=\"https:\/\/essenled.com\/pl\/produkt\/1220mm-ip67-side-view-led-silicone-neon-flex\/\" \/>\n<meta property=\"og:locale\" content=\"pl_PL\" \/>\n<meta property=\"og:type\" content=\"article\" \/>\n<meta property=\"og:title\" content=\"12*20mm IP67 Side View LED Silicone Neon Flex \u2013 S1220\" \/>\n<meta property=\"og:description\" content=\"Side View IP67 12*20mm LED Silicone Neon Flex \u2013 S1010, available in single color\/tunable white\/RGB\/RGBW, is extruded in one piece.\" \/>\n<meta property=\"og:url\" content=\"https:\/\/essenled.com\/pl\/produkt\/1220mm-ip67-side-view-led-silicone-neon-flex\/\" \/>\n<meta property=\"og:site_name\" content=\"ESSENLED\" \/>\n<meta property=\"article:modified_time\" content=\"2024-03-01T06:59:18+00:00\" \/>\n<meta property=\"og:image\" content=\"https:\/\/essenled.com\/wp-content\/uploads\/2024\/03\/NEON-1220-LED-Neon-Flex.webp\" \/>\n\t<meta property=\"og:image:width\" content=\"800\" \/>\n\t<meta property=\"og:image:height\" content=\"800\" \/>\n\t<meta property=\"og:image:type\" content=\"image\/webp\" \/>\n<meta name=\"twitter:card\" content=\"summary_large_image\" \/>\n<meta name=\"twitter:label1\" content=\"Szacowany czas czytania\" \/>\n\t<meta name=\"twitter:data1\" content=\"1 minuta\" \/>\n<script type=\"application\/ld+json\" class=\"yoast-schema-graph\">{\"@context\":\"https:\\\/\\\/schema.org\",\"@graph\":[{\"@type\":\"WebPage\",\"@id\":\"https:\\\/\\\/essenled.com\\\/product\\\/1220mm-ip67-side-view-led-silicone-neon-flex\\\/\",\"url\":\"https:\\\/\\\/essenled.com\\\/product\\\/1220mm-ip67-side-view-led-silicone-neon-flex\\\/\",\"name\":\"12*20mm IP67 Side View LED Silicone Neon Flex \u2013 S1220 - ESSENLED\",\"isPartOf\":{\"@id\":\"https:\\\/\\\/essenled.com\\\/#website\"},\"primaryImageOfPage\":{\"@id\":\"https:\\\/\\\/essenled.com\\\/product\\\/1220mm-ip67-side-view-led-silicone-neon-flex\\\/#primaryimage\"},\"image\":{\"@id\":\"https:\\\/\\\/essenled.com\\\/product\\\/1220mm-ip67-side-view-led-silicone-neon-flex\\\/#primaryimage\"},\"thumbnailUrl\":\"https:\\\/\\\/essenled.com\\\/wp-content\\\/uploads\\\/2024\\\/03\\\/NEON-1220-LED-Neon-Flex.webp\",\"datePublished\":\"2024-03-01T06:59:17+00:00\",\"dateModified\":\"2024-03-01T06:59:18+00:00\",\"description\":\"Side View IP67 12*20mm LED Silicone Neon Flex \u2013 S1010, available in single color\\\/tunable white\\\/RGB\\\/RGBW, is extruded in one piece.\",\"breadcrumb\":{\"@id\":\"https:\\\/\\\/essenled.com\\\/product\\\/1220mm-ip67-side-view-led-silicone-neon-flex\\\/#breadcrumb\"},\"inLanguage\":\"pl-PL\",\"potentialAction\":[{\"@type\":\"ReadAction\",\"target\":[\"https:\\\/\\\/essenled.com\\\/product\\\/1220mm-ip67-side-view-led-silicone-neon-flex\\\/\"]}]},{\"@type\":\"ImageObject\",\"inLanguage\":\"pl-PL\",\"@id\":\"https:\\\/\\\/essenled.com\\\/product\\\/1220mm-ip67-side-view-led-silicone-neon-flex\\\/#primaryimage\",\"url\":\"https:\\\/\\\/essenled.com\\\/wp-content\\\/uploads\\\/2024\\\/03\\\/NEON-1220-LED-Neon-Flex.webp\",\"contentUrl\":\"https:\\\/\\\/essenled.com\\\/wp-content\\\/uploads\\\/2024\\\/03\\\/NEON-1220-LED-Neon-Flex.webp\",\"width\":800,\"height\":800,\"caption\":\"NEON 1220 LED Neon Flex\"},{\"@type\":\"BreadcrumbList\",\"@id\":\"https:\\\/\\\/essenled.com\\\/product\\\/1220mm-ip67-side-view-led-silicone-neon-flex\\\/#breadcrumb\",\"itemListElement\":[{\"@type\":\"ListItem\",\"position\":1,\"name\":\"Home\",\"item\":\"https:\\\/\\\/essenled.com\\\/\"},{\"@type\":\"ListItem\",\"position\":2,\"name\":\"Product\",\"item\":\"https:\\\/\\\/essenled.com\\\/fr\\\/product\\\/\"},{\"@type\":\"ListItem\",\"position\":3,\"name\":\"12*20mm IP67 Side View LED Silicone Neon Flex \u2013 S1220\"}]},{\"@type\":\"WebSite\",\"@id\":\"https:\\\/\\\/essenled.com\\\/#website\",\"url\":\"https:\\\/\\\/essenled.com\\\/\",\"name\":\"ESSENLED\",\"description\":\"\",\"publisher\":{\"@id\":\"https:\\\/\\\/essenled.com\\\/#organization\"},\"potentialAction\":[{\"@type\":\"SearchAction\",\"target\":{\"@type\":\"EntryPoint\",\"urlTemplate\":\"https:\\\/\\\/essenled.com\\\/?s={search_term_string}\"},\"query-input\":{\"@type\":\"PropertyValueSpecification\",\"valueRequired\":true,\"valueName\":\"search_term_string\"}}],\"inLanguage\":\"pl-PL\"},{\"@type\":\"Organization\",\"@id\":\"https:\\\/\\\/essenled.com\\\/#organization\",\"name\":\"ESSENLED\",\"url\":\"https:\\\/\\\/essenled.com\\\/\",\"logo\":{\"@type\":\"ImageObject\",\"inLanguage\":\"pl-PL\",\"@id\":\"https:\\\/\\\/essenled.com\\\/#\\\/schema\\\/logo\\\/image\\\/\",\"url\":\"https:\\\/\\\/essenled.com\\\/wp-content\\\/uploads\\\/2024\\\/01\\\/Essen-logo.png\",\"contentUrl\":\"https:\\\/\\\/essenled.com\\\/wp-content\\\/uploads\\\/2024\\\/01\\\/Essen-logo.png\",\"width\":800,\"height\":110,\"caption\":\"ESSENLED\"},\"image\":{\"@id\":\"https:\\\/\\\/essenled.com\\\/#\\\/schema\\\/logo\\\/image\\\/\"}}]}<\/script>\n<!-- \/ Yoast SEO Premium plugin. -->","yoast_head_json":{"title":"12 * 20 mm IP67 Widok z boku LED Silikon Neon Flex - S1220 - ESSENLED","description":"Widok z boku IP67 12 * 20 mm LED Silicone Neon Flex - S1010, dost\u0119pny w jednym kolorze \/ regulowanej bieli \/ RGB \/ RGBW, jest wyt\u0142aczany w jednym kawa\u0142ku.","robots":{"index":"index","follow":"follow","max-snippet":"max-snippet:-1","max-image-preview":"max-image-preview:large","max-video-preview":"max-video-preview:-1"},"canonical":"https:\/\/essenled.com\/pl\/produkt\/1220mm-ip67-side-view-led-silicone-neon-flex\/","og_locale":"pl_PL","og_type":"article","og_title":"12*20mm IP67 Side View LED Silicone Neon Flex \u2013 S1220","og_description":"Side View IP67 12*20mm LED Silicone Neon Flex \u2013 S1010, available in single color\/tunable white\/RGB\/RGBW, is extruded in one piece.","og_url":"https:\/\/essenled.com\/pl\/produkt\/1220mm-ip67-side-view-led-silicone-neon-flex\/","og_site_name":"ESSENLED","article_modified_time":"2024-03-01T06:59:18+00:00","og_image":[{"width":800,"height":800,"url":"https:\/\/essenled.com\/wp-content\/uploads\/2024\/03\/NEON-1220-LED-Neon-Flex.webp","type":"image\/webp"}],"twitter_card":"summary_large_image","twitter_misc":{"Szacowany czas czytania":"1 minuta"},"schema":{"@context":"https:\/\/schema.org","@graph":[{"@type":"WebPage","@id":"https:\/\/essenled.com\/product\/1220mm-ip67-side-view-led-silicone-neon-flex\/","url":"https:\/\/essenled.com\/product\/1220mm-ip67-side-view-led-silicone-neon-flex\/","name":"12 * 20 mm IP67 Widok z boku LED Silikon Neon Flex - S1220 - ESSENLED","isPartOf":{"@id":"https:\/\/essenled.com\/#website"},"primaryImageOfPage":{"@id":"https:\/\/essenled.com\/product\/1220mm-ip67-side-view-led-silicone-neon-flex\/#primaryimage"},"image":{"@id":"https:\/\/essenled.com\/product\/1220mm-ip67-side-view-led-silicone-neon-flex\/#primaryimage"},"thumbnailUrl":"https:\/\/essenled.com\/wp-content\/uploads\/2024\/03\/NEON-1220-LED-Neon-Flex.webp","datePublished":"2024-03-01T06:59:17+00:00","dateModified":"2024-03-01T06:59:18+00:00","description":"Widok z boku IP67 12 * 20 mm LED Silicone Neon Flex - S1010, dost\u0119pny w jednym kolorze \/ regulowanej bieli \/ RGB \/ RGBW, jest wyt\u0142aczany w jednym kawa\u0142ku.","breadcrumb":{"@id":"https:\/\/essenled.com\/product\/1220mm-ip67-side-view-led-silicone-neon-flex\/#breadcrumb"},"inLanguage":"pl-PL","potentialAction":[{"@type":"ReadAction","target":["https:\/\/essenled.com\/product\/1220mm-ip67-side-view-led-silicone-neon-flex\/"]}]},{"@type":"ImageObject","inLanguage":"pl-PL","@id":"https:\/\/essenled.com\/product\/1220mm-ip67-side-view-led-silicone-neon-flex\/#primaryimage","url":"https:\/\/essenled.com\/wp-content\/uploads\/2024\/03\/NEON-1220-LED-Neon-Flex.webp","contentUrl":"https:\/\/essenled.com\/wp-content\/uploads\/2024\/03\/NEON-1220-LED-Neon-Flex.webp","width":800,"height":800,"caption":"NEON 1220 LED Neon Flex"},{"@type":"BreadcrumbList","@id":"https:\/\/essenled.com\/product\/1220mm-ip67-side-view-led-silicone-neon-flex\/#breadcrumb","itemListElement":[{"@type":"ListItem","position":1,"name":"Home","item":"https:\/\/essenled.com\/"},{"@type":"ListItem","position":2,"name":"Product","item":"https:\/\/essenled.com\/fr\/product\/"},{"@type":"ListItem","position":3,"name":"12*20mm IP67 Side View LED Silicone Neon Flex \u2013 S1220"}]},{"@type":"WebSite","@id":"https:\/\/essenled.com\/#website","url":"https:\/\/essenled.com\/","name":"ESSENLED","description":"","publisher":{"@id":"https:\/\/essenled.com\/#organization"},"potentialAction":[{"@type":"SearchAction","target":{"@type":"EntryPoint","urlTemplate":"https:\/\/essenled.com\/?s={search_term_string}"},"query-input":{"@type":"PropertyValueSpecification","valueRequired":true,"valueName":"search_term_string"}}],"inLanguage":"pl-PL"},{"@type":"Organization","@id":"https:\/\/essenled.com\/#organization","name":"ESSENLED","url":"https:\/\/essenled.com\/","logo":{"@type":"ImageObject","inLanguage":"pl-PL","@id":"https:\/\/essenled.com\/#\/schema\/logo\/image\/","url":"https:\/\/essenled.com\/wp-content\/uploads\/2024\/01\/Essen-logo.png","contentUrl":"https:\/\/essenled.com\/wp-content\/uploads\/2024\/01\/Essen-logo.png","width":800,"height":110,"caption":"ESSENLED"},"image":{"@id":"https:\/\/essenled.com\/#\/schema\/logo\/image\/"}}]}},"_links":{"self":[{"href":"https:\/\/essenled.com\/pl\/wp-json\/wp\/v2\/product\/1586","targetHints":{"allow":["GET"]}}],"collection":[{"href":"https:\/\/essenled.com\/pl\/wp-json\/wp\/v2\/product"}],"about":[{"href":"https:\/\/essenled.com\/pl\/wp-json\/wp\/v2\/types\/product"}],"version-history":[{"count":1,"href":"https:\/\/essenled.com\/pl\/wp-json\/wp\/v2\/product\/1586\/revisions"}],"predecessor-version":[{"id":1594,"href":"https:\/\/essenled.com\/pl\/wp-json\/wp\/v2\/product\/1586\/revisions\/1594"}],"wp:featuredmedia":[{"embeddable":true,"href":"https:\/\/essenled.com\/pl\/wp-json\/wp\/v2\/media\/1589"}],"wp:attachment":[{"href":"https:\/\/essenled.com\/pl\/wp-json\/wp\/v2\/media?parent=1586"}],"wp:term":[{"taxonomy":"product_brand","embeddable":true,"href":"https:\/\/essenled.com\/pl\/wp-json\/wp\/v2\/product_brand?post=1586"},{"taxonomy":"product_cat","embeddable":true,"href":"https:\/\/essenled.com\/pl\/wp-json\/wp\/v2\/product_cat?post=1586"},{"taxonomy":"product_tag","embeddable":true,"href":"https:\/\/essenled.com\/pl\/wp-json\/wp\/v2\/product_tag?post=1586"}],"curies":[{"name":"wp","href":"https:\/\/api.w.org\/{rel}","templated":true}]}}