{"id":1578,"date":"2024-03-01T06:38:38","date_gmt":"2024-03-01T06:38:38","guid":{"rendered":"https:\/\/essenled.com\/?post_type=product&#038;p=1578"},"modified":"2024-03-01T07:43:39","modified_gmt":"2024-03-01T07:43:39","slug":"1010mm-ip67-side-view-led-silicone-neon-flex","status":"publish","type":"product","link":"https:\/\/essenled.com\/pl\/produkt\/1010mm-ip67-side-view-led-silicone-neon-flex\/","title":{"rendered":"10 * 10 mm IP67 Widok z boku LED Silikon Neon Flex - S1010"},"content":{"rendered":"","protected":false},"excerpt":{"rendered":"<p>Side View IP67 10*10mm LED Silicone Neon Flex - S1010, dost\u0119pny w jednym kolorze 2100K-6000K. Jest wyt\u0142aczany w jednym kawa\u0142ku i wykonany z przyjaznego dla \u015brodowiska materia\u0142u silikonowego.<\/p>\n<p>LED neon flex S1010 o stopniu ochrony IP67 ma moc 5 W i 10 W\/m. Stopie\u0144 ochrony osi\u0105ga IP67, co jest bardzo odpowiednie do d\u0142ugotrwa\u0142ego u\u017cytkowania na zewn\u0105trz i nie jest \u0142atwo zmieni\u0107 kolor na \u017c\u00f3\u0142ty.<\/p>\n<p>Wodoodporna lampa LED Neon Flex 10*10mm o stopniu ochrony IP67. Przepuszczalno\u015b\u0107 \u015bwiat\u0142a jest niezwykle wysoka, zachowuj\u0105c pi\u0119kny wygl\u0105d i jednolite \u015bwiat\u0142o.<\/p>\n<p>Nasza boczna neonowa lampa LED flex IP67 wodoodporna S1010, przyjmuje unikaln\u0105 konstrukcj\u0119 optyczn\u0105; \u015bwiat\u0142o jest nawet bez cieni. Mo\u017ce by\u0107 stosowany do o\u015bwietlenia konturowego, wewn\u0119trznego i zewn\u0119trznego o\u015bwietlenia dekoracyjnego oraz innych scen.<\/p>","protected":false},"featured_media":1584,"template":"","meta":{"_kad_post_transparent":"default","_kad_post_title":"","_kad_post_layout":"default","_kad_post_sidebar_id":"","_kad_post_content_style":"default","_kad_post_vertical_padding":"default","_kad_post_feature":"","_kad_post_feature_position":"","_kad_post_header":false,"_kad_post_footer":false,"_kad_post_classname":""},"product_brand":[],"product_cat":[39,42],"product_tag":[616,614,611,612,615,613],"class_list":{"0":"post-1578","1":"product","2":"type-product","3":"status-publish","4":"has-post-thumbnail","6":"product_cat-neon-strip","7":"product_cat-side-bend-neon-series","8":"product_tag-1010-24v-10w-m-neon-flex-strip","9":"product_tag-led-neon-1010-ip67-neon-led-strip","10":"product_tag-led-neon-flex-light-s1010","11":"product_tag-led-strip-led-neon-1010-24v-10w","12":"product_tag-neon-flex-1010-side-view-5w-10w","13":"product_tag-neon-flex-1010-strip-lighting","15":"first","16":"instock","17":"shipping-taxable","18":"product-type-simple","19":"entry","20":"content-bg","21":"loop-entry"},"yoast_head":"<!-- This site is optimized with the Yoast SEO Premium plugin v24.3 (Yoast SEO v26.7) - https:\/\/yoast.com\/wordpress\/plugins\/seo\/ -->\n<title>10*10mm IP67 Side View LED Silicone Neon Flex \u2013 S1010 - ESSENLED<\/title>\n<meta name=\"description\" content=\"Side View IP67 10*10mm LED Silicone Neon Flex 1010, available in single color 2100K-6000K, maintaining a beautiful appearance nd uniform light.\" \/>\n<meta name=\"robots\" content=\"index, follow, max-snippet:-1, max-image-preview:large, max-video-preview:-1\" \/>\n<link rel=\"canonical\" href=\"https:\/\/essenled.com\/pl\/produkt\/1010mm-ip67-side-view-led-silicone-neon-flex\/\" \/>\n<meta property=\"og:locale\" content=\"pl_PL\" \/>\n<meta property=\"og:type\" content=\"article\" \/>\n<meta property=\"og:title\" content=\"10*10mm IP67 Side View LED Silicone Neon Flex \u2013 S1010\" \/>\n<meta property=\"og:description\" content=\"Side View IP67 10*10mm LED Silicone Neon Flex 1010, available in single color 2100K-6000K, maintaining a beautiful appearance nd uniform light.\" \/>\n<meta property=\"og:url\" content=\"https:\/\/essenled.com\/pl\/produkt\/1010mm-ip67-side-view-led-silicone-neon-flex\/\" \/>\n<meta property=\"og:site_name\" content=\"ESSENLED\" \/>\n<meta property=\"article:modified_time\" content=\"2024-03-01T07:43:39+00:00\" \/>\n<meta property=\"og:image\" content=\"https:\/\/essenled.com\/wp-content\/uploads\/2024\/03\/NEON-FLEX-1010-Strip-Lighting.webp\" \/>\n\t<meta property=\"og:image:width\" content=\"800\" \/>\n\t<meta property=\"og:image:height\" content=\"800\" \/>\n\t<meta property=\"og:image:type\" content=\"image\/webp\" \/>\n<meta name=\"twitter:card\" content=\"summary_large_image\" \/>\n<meta name=\"twitter:label1\" content=\"Szacowany czas czytania\" \/>\n\t<meta name=\"twitter:data1\" content=\"1 minuta\" \/>\n<script type=\"application\/ld+json\" class=\"yoast-schema-graph\">{\"@context\":\"https:\/\/schema.org\",\"@graph\":[{\"@type\":\"WebPage\",\"@id\":\"https:\/\/essenled.com\/product\/1010mm-ip67-side-view-led-silicone-neon-flex\/\",\"url\":\"https:\/\/essenled.com\/product\/1010mm-ip67-side-view-led-silicone-neon-flex\/\",\"name\":\"10*10mm IP67 Side View LED Silicone Neon Flex \u2013 S1010 - ESSENLED\",\"isPartOf\":{\"@id\":\"https:\/\/essenled.com\/#website\"},\"primaryImageOfPage\":{\"@id\":\"https:\/\/essenled.com\/product\/1010mm-ip67-side-view-led-silicone-neon-flex\/#primaryimage\"},\"image\":{\"@id\":\"https:\/\/essenled.com\/product\/1010mm-ip67-side-view-led-silicone-neon-flex\/#primaryimage\"},\"thumbnailUrl\":\"https:\/\/essenled.com\/wp-content\/uploads\/2024\/03\/NEON-FLEX-1010-Strip-Lighting.webp\",\"datePublished\":\"2024-03-01T06:38:38+00:00\",\"dateModified\":\"2024-03-01T07:43:39+00:00\",\"description\":\"Side View IP67 10*10mm LED Silicone Neon Flex 1010, available in single color 2100K-6000K, maintaining a beautiful appearance nd uniform light.\",\"breadcrumb\":{\"@id\":\"https:\/\/essenled.com\/product\/1010mm-ip67-side-view-led-silicone-neon-flex\/#breadcrumb\"},\"inLanguage\":\"pl-PL\",\"potentialAction\":[{\"@type\":\"ReadAction\",\"target\":[\"https:\/\/essenled.com\/product\/1010mm-ip67-side-view-led-silicone-neon-flex\/\"]}]},{\"@type\":\"ImageObject\",\"inLanguage\":\"pl-PL\",\"@id\":\"https:\/\/essenled.com\/product\/1010mm-ip67-side-view-led-silicone-neon-flex\/#primaryimage\",\"url\":\"https:\/\/essenled.com\/wp-content\/uploads\/2024\/03\/NEON-FLEX-1010-Strip-Lighting.webp\",\"contentUrl\":\"https:\/\/essenled.com\/wp-content\/uploads\/2024\/03\/NEON-FLEX-1010-Strip-Lighting.webp\",\"width\":800,\"height\":800,\"caption\":\"NEON FLEX 1010 Strip Lighting\"},{\"@type\":\"BreadcrumbList\",\"@id\":\"https:\/\/essenled.com\/product\/1010mm-ip67-side-view-led-silicone-neon-flex\/#breadcrumb\",\"itemListElement\":[{\"@type\":\"ListItem\",\"position\":1,\"name\":\"Home\",\"item\":\"https:\/\/essenled.com\/\"},{\"@type\":\"ListItem\",\"position\":2,\"name\":\"Product\",\"item\":\"https:\/\/essenled.com\/fr\/product\/\"},{\"@type\":\"ListItem\",\"position\":3,\"name\":\"10*10mm IP67 Side View LED Silicone Neon Flex \u2013 S1010\"}]},{\"@type\":\"WebSite\",\"@id\":\"https:\/\/essenled.com\/#website\",\"url\":\"https:\/\/essenled.com\/\",\"name\":\"ESSENLED\",\"description\":\"\",\"publisher\":{\"@id\":\"https:\/\/essenled.com\/#organization\"},\"potentialAction\":[{\"@type\":\"SearchAction\",\"target\":{\"@type\":\"EntryPoint\",\"urlTemplate\":\"https:\/\/essenled.com\/?s={search_term_string}\"},\"query-input\":{\"@type\":\"PropertyValueSpecification\",\"valueRequired\":true,\"valueName\":\"search_term_string\"}}],\"inLanguage\":\"pl-PL\"},{\"@type\":\"Organization\",\"@id\":\"https:\/\/essenled.com\/#organization\",\"name\":\"ESSENLED\",\"url\":\"https:\/\/essenled.com\/\",\"logo\":{\"@type\":\"ImageObject\",\"inLanguage\":\"pl-PL\",\"@id\":\"https:\/\/essenled.com\/#\/schema\/logo\/image\/\",\"url\":\"https:\/\/essenled.com\/wp-content\/uploads\/2024\/01\/Essen-logo.png\",\"contentUrl\":\"https:\/\/essenled.com\/wp-content\/uploads\/2024\/01\/Essen-logo.png\",\"width\":800,\"height\":110,\"caption\":\"ESSENLED\"},\"image\":{\"@id\":\"https:\/\/essenled.com\/#\/schema\/logo\/image\/\"}}]}<\/script>\n<!-- \/ Yoast SEO Premium plugin. -->","yoast_head_json":{"title":"10 * 10 mm IP67 Widok z boku LED Silikon Neon Flex - S1010 - ESSENLED","description":"Widok z boku IP67 10*10mm LED Silicone Neon Flex 1010, dost\u0119pny w jednym kolorze 2100K-6000K, zachowuj\u0105cy pi\u0119kny wygl\u0105d i jednolite \u015bwiat\u0142o.","robots":{"index":"index","follow":"follow","max-snippet":"max-snippet:-1","max-image-preview":"max-image-preview:large","max-video-preview":"max-video-preview:-1"},"canonical":"https:\/\/essenled.com\/pl\/produkt\/1010mm-ip67-side-view-led-silicone-neon-flex\/","og_locale":"pl_PL","og_type":"article","og_title":"10*10mm IP67 Side View LED Silicone Neon Flex \u2013 S1010","og_description":"Side View IP67 10*10mm LED Silicone Neon Flex 1010, available in single color 2100K-6000K, maintaining a beautiful appearance nd uniform light.","og_url":"https:\/\/essenled.com\/pl\/produkt\/1010mm-ip67-side-view-led-silicone-neon-flex\/","og_site_name":"ESSENLED","article_modified_time":"2024-03-01T07:43:39+00:00","og_image":[{"width":800,"height":800,"url":"https:\/\/essenled.com\/wp-content\/uploads\/2024\/03\/NEON-FLEX-1010-Strip-Lighting.webp","type":"image\/webp"}],"twitter_card":"summary_large_image","twitter_misc":{"Szacowany czas czytania":"1 minuta"},"schema":{"@context":"https:\/\/schema.org","@graph":[{"@type":"WebPage","@id":"https:\/\/essenled.com\/product\/1010mm-ip67-side-view-led-silicone-neon-flex\/","url":"https:\/\/essenled.com\/product\/1010mm-ip67-side-view-led-silicone-neon-flex\/","name":"10 * 10 mm IP67 Widok z boku LED Silikon Neon Flex - S1010 - ESSENLED","isPartOf":{"@id":"https:\/\/essenled.com\/#website"},"primaryImageOfPage":{"@id":"https:\/\/essenled.com\/product\/1010mm-ip67-side-view-led-silicone-neon-flex\/#primaryimage"},"image":{"@id":"https:\/\/essenled.com\/product\/1010mm-ip67-side-view-led-silicone-neon-flex\/#primaryimage"},"thumbnailUrl":"https:\/\/essenled.com\/wp-content\/uploads\/2024\/03\/NEON-FLEX-1010-Strip-Lighting.webp","datePublished":"2024-03-01T06:38:38+00:00","dateModified":"2024-03-01T07:43:39+00:00","description":"Widok z boku IP67 10*10mm LED Silicone Neon Flex 1010, dost\u0119pny w jednym kolorze 2100K-6000K, zachowuj\u0105cy pi\u0119kny wygl\u0105d i jednolite \u015bwiat\u0142o.","breadcrumb":{"@id":"https:\/\/essenled.com\/product\/1010mm-ip67-side-view-led-silicone-neon-flex\/#breadcrumb"},"inLanguage":"pl-PL","potentialAction":[{"@type":"ReadAction","target":["https:\/\/essenled.com\/product\/1010mm-ip67-side-view-led-silicone-neon-flex\/"]}]},{"@type":"ImageObject","inLanguage":"pl-PL","@id":"https:\/\/essenled.com\/product\/1010mm-ip67-side-view-led-silicone-neon-flex\/#primaryimage","url":"https:\/\/essenled.com\/wp-content\/uploads\/2024\/03\/NEON-FLEX-1010-Strip-Lighting.webp","contentUrl":"https:\/\/essenled.com\/wp-content\/uploads\/2024\/03\/NEON-FLEX-1010-Strip-Lighting.webp","width":800,"height":800,"caption":"NEON FLEX 1010 Strip Lighting"},{"@type":"BreadcrumbList","@id":"https:\/\/essenled.com\/product\/1010mm-ip67-side-view-led-silicone-neon-flex\/#breadcrumb","itemListElement":[{"@type":"ListItem","position":1,"name":"Home","item":"https:\/\/essenled.com\/"},{"@type":"ListItem","position":2,"name":"Product","item":"https:\/\/essenled.com\/fr\/product\/"},{"@type":"ListItem","position":3,"name":"10*10mm IP67 Side View LED Silicone Neon Flex \u2013 S1010"}]},{"@type":"WebSite","@id":"https:\/\/essenled.com\/#website","url":"https:\/\/essenled.com\/","name":"ESSENLED","description":"","publisher":{"@id":"https:\/\/essenled.com\/#organization"},"potentialAction":[{"@type":"SearchAction","target":{"@type":"EntryPoint","urlTemplate":"https:\/\/essenled.com\/?s={search_term_string}"},"query-input":{"@type":"PropertyValueSpecification","valueRequired":true,"valueName":"search_term_string"}}],"inLanguage":"pl-PL"},{"@type":"Organization","@id":"https:\/\/essenled.com\/#organization","name":"ESSENLED","url":"https:\/\/essenled.com\/","logo":{"@type":"ImageObject","inLanguage":"pl-PL","@id":"https:\/\/essenled.com\/#\/schema\/logo\/image\/","url":"https:\/\/essenled.com\/wp-content\/uploads\/2024\/01\/Essen-logo.png","contentUrl":"https:\/\/essenled.com\/wp-content\/uploads\/2024\/01\/Essen-logo.png","width":800,"height":110,"caption":"ESSENLED"},"image":{"@id":"https:\/\/essenled.com\/#\/schema\/logo\/image\/"}}]}},"_links":{"self":[{"href":"https:\/\/essenled.com\/pl\/wp-json\/wp\/v2\/product\/1578","targetHints":{"allow":["GET"]}}],"collection":[{"href":"https:\/\/essenled.com\/pl\/wp-json\/wp\/v2\/product"}],"about":[{"href":"https:\/\/essenled.com\/pl\/wp-json\/wp\/v2\/types\/product"}],"version-history":[{"count":1,"href":"https:\/\/essenled.com\/pl\/wp-json\/wp\/v2\/product\/1578\/revisions"}],"predecessor-version":[{"id":1585,"href":"https:\/\/essenled.com\/pl\/wp-json\/wp\/v2\/product\/1578\/revisions\/1585"}],"wp:featuredmedia":[{"embeddable":true,"href":"https:\/\/essenled.com\/pl\/wp-json\/wp\/v2\/media\/1584"}],"wp:attachment":[{"href":"https:\/\/essenled.com\/pl\/wp-json\/wp\/v2\/media?parent=1578"}],"wp:term":[{"taxonomy":"product_brand","embeddable":true,"href":"https:\/\/essenled.com\/pl\/wp-json\/wp\/v2\/product_brand?post=1578"},{"taxonomy":"product_cat","embeddable":true,"href":"https:\/\/essenled.com\/pl\/wp-json\/wp\/v2\/product_cat?post=1578"},{"taxonomy":"product_tag","embeddable":true,"href":"https:\/\/essenled.com\/pl\/wp-json\/wp\/v2\/product_tag?post=1578"}],"curies":[{"name":"wp","href":"https:\/\/api.w.org\/{rel}","templated":true}]}}