{"id":1479,"date":"2024-02-29T07:25:12","date_gmt":"2024-02-29T07:25:12","guid":{"rendered":"https:\/\/essenled.com\/?post_type=product&#038;p=1479"},"modified":"2024-02-29T07:25:13","modified_gmt":"2024-02-29T07:25:13","slug":"top-view-ip67-2016mm-led-silicone-neon-flex","status":"publish","type":"product","link":"https:\/\/essenled.com\/pl\/produkt\/top-view-ip67-2016mm-led-silicone-neon-flex\/","title":{"rendered":"Widok z g\u00f3ry IP67 20 * 16mm LED Silikon Neon Flex - T2016"},"content":{"rendered":"","protected":false},"excerpt":{"rendered":"<p>Widok z g\u00f3ry Wodoodporny silikonowy neonowy flex LED IP67 20 * 16 mm - T2016, jest wyt\u0142aczany maszynowo w jednym kawa\u0142ku i wykonany z przyjaznego dla \u015brodowiska materia\u0142u silikonowego, kt\u00f3ry jest energooszcz\u0119dny i ma d\u0142ug\u0105 \u017cywotno\u015b\u0107.<\/p>\n<p>Wszechstronno\u015b\u0107 Wodoodporno\u015b\u0107 IP67 Elastyczny neon LED 20 * 16 mm - T1615 oferuje 12 W \/ m, 16 W \/ m i 20 W \/ m, zapewniaj\u0105c wielofunkcyjne opcje zasilania. Jest odporny na kwas solny, korozj\u0119 kwasow\u0105 i alkaliczn\u0105, trudnopalny i odporny na promieniowanie UV.<\/p>\n<p>Wodoodporny neon LED IP67 flex 20 * 16 mm osi\u0105ga poziom ochrony IP67, kt\u00f3ry jest bardzo odpowiedni do d\u0142ugotrwa\u0142ego u\u017cytkowania na zewn\u0105trz. Jego powierzchnia nie \u017c\u00f3\u0142knie \u0142atwo.<\/p>\n<p>Wodoodporna dioda LED Neon Flex 20 * 16 mm o stopniu ochrony IP67, dost\u0119pna w wielu temperaturach barwowych. S\u0105 to 2100K-6000K, przestrajalna biel, RGB i RGBW, a tak\u017ce obs\u0142uguje ci\u0119cie i niestandardow\u0105 d\u0142ugo\u015b\u0107.<\/p>","protected":false},"featured_media":1482,"template":"","meta":{"_kad_post_transparent":"default","_kad_post_title":"","_kad_post_layout":"default","_kad_post_sidebar_id":"","_kad_post_content_style":"default","_kad_post_vertical_padding":"default","_kad_post_feature":"","_kad_post_feature_position":"","_kad_post_header":false,"_kad_post_footer":false,"_kad_post_classname":""},"product_brand":[],"product_cat":[39,41],"product_tag":[554,556,552,551,553,555],"class_list":{"0":"post-1479","1":"product","2":"type-product","3":"status-publish","4":"has-post-thumbnail","6":"product_cat-neon-strip","7":"product_cat-top-bend-neon-series","8":"product_tag-2016-flexible-silicone-neon-ip67","9":"product_tag-2016-rgbw-led-silicone-neon-ip67","10":"product_tag-2016-silicone-led-neon-light-top-bend","11":"product_tag-20x16mm-silicone-led-neon-flex","12":"product_tag-high-brightness-led-neon-flex-silicone-tube","13":"product_tag-neon-flex-t2016-rgb-rgbw-ip67","15":"first","16":"instock","17":"shipping-taxable","18":"product-type-simple","19":"entry","20":"content-bg","21":"loop-entry"},"yoast_head":"<!-- This site is optimized with the Yoast SEO Premium plugin v24.3 (Yoast SEO v26.7) - https:\/\/yoast.com\/wordpress\/plugins\/seo\/ -->\n<title>Top View IP67 20*16mm LED Silicone Neon Flex - T2016 - ESSENLED<\/title>\n<meta name=\"description\" content=\"Top view IP67 waterproof 20*16mm LED silicone neon flex - T2016, 2100K-6000K, tunable white, RGB, and RGBW, and also supports cutting.\" \/>\n<meta name=\"robots\" content=\"index, follow, max-snippet:-1, max-image-preview:large, max-video-preview:-1\" \/>\n<link rel=\"canonical\" href=\"https:\/\/essenled.com\/pl\/produkt\/top-view-ip67-2016mm-led-silicone-neon-flex\/\" \/>\n<meta property=\"og:locale\" content=\"pl_PL\" \/>\n<meta property=\"og:type\" content=\"article\" \/>\n<meta property=\"og:title\" content=\"Top View IP67 20*16mm LED Silicone Neon Flex - T2016\" \/>\n<meta property=\"og:description\" content=\"Top view IP67 waterproof 20*16mm LED silicone neon flex - T2016, 2100K-6000K, tunable white, RGB, and RGBW, and also supports cutting.\" \/>\n<meta property=\"og:url\" content=\"https:\/\/essenled.com\/pl\/produkt\/top-view-ip67-2016mm-led-silicone-neon-flex\/\" \/>\n<meta property=\"og:site_name\" content=\"ESSENLED\" \/>\n<meta property=\"article:modified_time\" content=\"2024-02-29T07:25:13+00:00\" \/>\n<meta property=\"og:image\" content=\"https:\/\/essenled.com\/wp-content\/uploads\/2024\/02\/2016-Flexible-Silicone-Neon-IP67.webp\" \/>\n\t<meta property=\"og:image:width\" content=\"800\" \/>\n\t<meta property=\"og:image:height\" content=\"800\" \/>\n\t<meta property=\"og:image:type\" content=\"image\/webp\" \/>\n<meta name=\"twitter:card\" content=\"summary_large_image\" \/>\n<meta name=\"twitter:label1\" content=\"Szacowany czas czytania\" \/>\n\t<meta name=\"twitter:data1\" content=\"1 minuta\" \/>\n<script type=\"application\/ld+json\" class=\"yoast-schema-graph\">{\"@context\":\"https:\/\/schema.org\",\"@graph\":[{\"@type\":\"WebPage\",\"@id\":\"https:\/\/essenled.com\/product\/top-view-ip67-2016mm-led-silicone-neon-flex\/\",\"url\":\"https:\/\/essenled.com\/product\/top-view-ip67-2016mm-led-silicone-neon-flex\/\",\"name\":\"Top View IP67 20*16mm LED Silicone Neon Flex - T2016 - ESSENLED\",\"isPartOf\":{\"@id\":\"https:\/\/essenled.com\/#website\"},\"primaryImageOfPage\":{\"@id\":\"https:\/\/essenled.com\/product\/top-view-ip67-2016mm-led-silicone-neon-flex\/#primaryimage\"},\"image\":{\"@id\":\"https:\/\/essenled.com\/product\/top-view-ip67-2016mm-led-silicone-neon-flex\/#primaryimage\"},\"thumbnailUrl\":\"https:\/\/essenled.com\/wp-content\/uploads\/2024\/02\/2016-Flexible-Silicone-Neon-IP67.webp\",\"datePublished\":\"2024-02-29T07:25:12+00:00\",\"dateModified\":\"2024-02-29T07:25:13+00:00\",\"description\":\"Top view IP67 waterproof 20*16mm LED silicone neon flex - T2016, 2100K-6000K, tunable white, RGB, and RGBW, and also supports cutting.\",\"breadcrumb\":{\"@id\":\"https:\/\/essenled.com\/product\/top-view-ip67-2016mm-led-silicone-neon-flex\/#breadcrumb\"},\"inLanguage\":\"pl-PL\",\"potentialAction\":[{\"@type\":\"ReadAction\",\"target\":[\"https:\/\/essenled.com\/product\/top-view-ip67-2016mm-led-silicone-neon-flex\/\"]}]},{\"@type\":\"ImageObject\",\"inLanguage\":\"pl-PL\",\"@id\":\"https:\/\/essenled.com\/product\/top-view-ip67-2016mm-led-silicone-neon-flex\/#primaryimage\",\"url\":\"https:\/\/essenled.com\/wp-content\/uploads\/2024\/02\/2016-Flexible-Silicone-Neon-IP67.webp\",\"contentUrl\":\"https:\/\/essenled.com\/wp-content\/uploads\/2024\/02\/2016-Flexible-Silicone-Neon-IP67.webp\",\"width\":800,\"height\":800,\"caption\":\"2016 Flexible Silicone Neon IP67\"},{\"@type\":\"BreadcrumbList\",\"@id\":\"https:\/\/essenled.com\/product\/top-view-ip67-2016mm-led-silicone-neon-flex\/#breadcrumb\",\"itemListElement\":[{\"@type\":\"ListItem\",\"position\":1,\"name\":\"Home\",\"item\":\"https:\/\/essenled.com\/\"},{\"@type\":\"ListItem\",\"position\":2,\"name\":\"Product\",\"item\":\"https:\/\/essenled.com\/fr\/product\/\"},{\"@type\":\"ListItem\",\"position\":3,\"name\":\"Top View IP67 20*16mm LED Silicone Neon Flex &#8211; T2016\"}]},{\"@type\":\"WebSite\",\"@id\":\"https:\/\/essenled.com\/#website\",\"url\":\"https:\/\/essenled.com\/\",\"name\":\"ESSENLED\",\"description\":\"\",\"publisher\":{\"@id\":\"https:\/\/essenled.com\/#organization\"},\"potentialAction\":[{\"@type\":\"SearchAction\",\"target\":{\"@type\":\"EntryPoint\",\"urlTemplate\":\"https:\/\/essenled.com\/?s={search_term_string}\"},\"query-input\":{\"@type\":\"PropertyValueSpecification\",\"valueRequired\":true,\"valueName\":\"search_term_string\"}}],\"inLanguage\":\"pl-PL\"},{\"@type\":\"Organization\",\"@id\":\"https:\/\/essenled.com\/#organization\",\"name\":\"ESSENLED\",\"url\":\"https:\/\/essenled.com\/\",\"logo\":{\"@type\":\"ImageObject\",\"inLanguage\":\"pl-PL\",\"@id\":\"https:\/\/essenled.com\/#\/schema\/logo\/image\/\",\"url\":\"https:\/\/essenled.com\/wp-content\/uploads\/2024\/01\/Essen-logo.png\",\"contentUrl\":\"https:\/\/essenled.com\/wp-content\/uploads\/2024\/01\/Essen-logo.png\",\"width\":800,\"height\":110,\"caption\":\"ESSENLED\"},\"image\":{\"@id\":\"https:\/\/essenled.com\/#\/schema\/logo\/image\/\"}}]}<\/script>\n<!-- \/ Yoast SEO Premium plugin. -->","yoast_head_json":{"title":"Widok z g\u00f3ry IP67 20*16mm LED Silikon Neon Flex - T2016 - ESSENLED","description":"Widok z g\u00f3ry IP67 wodoodporny 20 * 16mm LED silikonowy neon flex - T2016, 2100K-6000K, przestrajalny bia\u0142y, RGB i RGBW, a tak\u017ce obs\u0142uguje ci\u0119cie.","robots":{"index":"index","follow":"follow","max-snippet":"max-snippet:-1","max-image-preview":"max-image-preview:large","max-video-preview":"max-video-preview:-1"},"canonical":"https:\/\/essenled.com\/pl\/produkt\/top-view-ip67-2016mm-led-silicone-neon-flex\/","og_locale":"pl_PL","og_type":"article","og_title":"Top View IP67 20*16mm LED Silicone Neon Flex - T2016","og_description":"Top view IP67 waterproof 20*16mm LED silicone neon flex - T2016, 2100K-6000K, tunable white, RGB, and RGBW, and also supports cutting.","og_url":"https:\/\/essenled.com\/pl\/produkt\/top-view-ip67-2016mm-led-silicone-neon-flex\/","og_site_name":"ESSENLED","article_modified_time":"2024-02-29T07:25:13+00:00","og_image":[{"width":800,"height":800,"url":"https:\/\/essenled.com\/wp-content\/uploads\/2024\/02\/2016-Flexible-Silicone-Neon-IP67.webp","type":"image\/webp"}],"twitter_card":"summary_large_image","twitter_misc":{"Szacowany czas czytania":"1 minuta"},"schema":{"@context":"https:\/\/schema.org","@graph":[{"@type":"WebPage","@id":"https:\/\/essenled.com\/product\/top-view-ip67-2016mm-led-silicone-neon-flex\/","url":"https:\/\/essenled.com\/product\/top-view-ip67-2016mm-led-silicone-neon-flex\/","name":"Widok z g\u00f3ry IP67 20*16mm LED Silikon Neon Flex - T2016 - ESSENLED","isPartOf":{"@id":"https:\/\/essenled.com\/#website"},"primaryImageOfPage":{"@id":"https:\/\/essenled.com\/product\/top-view-ip67-2016mm-led-silicone-neon-flex\/#primaryimage"},"image":{"@id":"https:\/\/essenled.com\/product\/top-view-ip67-2016mm-led-silicone-neon-flex\/#primaryimage"},"thumbnailUrl":"https:\/\/essenled.com\/wp-content\/uploads\/2024\/02\/2016-Flexible-Silicone-Neon-IP67.webp","datePublished":"2024-02-29T07:25:12+00:00","dateModified":"2024-02-29T07:25:13+00:00","description":"Widok z g\u00f3ry IP67 wodoodporny 20 * 16mm LED silikonowy neon flex - T2016, 2100K-6000K, przestrajalny bia\u0142y, RGB i RGBW, a tak\u017ce obs\u0142uguje ci\u0119cie.","breadcrumb":{"@id":"https:\/\/essenled.com\/product\/top-view-ip67-2016mm-led-silicone-neon-flex\/#breadcrumb"},"inLanguage":"pl-PL","potentialAction":[{"@type":"ReadAction","target":["https:\/\/essenled.com\/product\/top-view-ip67-2016mm-led-silicone-neon-flex\/"]}]},{"@type":"ImageObject","inLanguage":"pl-PL","@id":"https:\/\/essenled.com\/product\/top-view-ip67-2016mm-led-silicone-neon-flex\/#primaryimage","url":"https:\/\/essenled.com\/wp-content\/uploads\/2024\/02\/2016-Flexible-Silicone-Neon-IP67.webp","contentUrl":"https:\/\/essenled.com\/wp-content\/uploads\/2024\/02\/2016-Flexible-Silicone-Neon-IP67.webp","width":800,"height":800,"caption":"2016 Flexible Silicone Neon IP67"},{"@type":"BreadcrumbList","@id":"https:\/\/essenled.com\/product\/top-view-ip67-2016mm-led-silicone-neon-flex\/#breadcrumb","itemListElement":[{"@type":"ListItem","position":1,"name":"Home","item":"https:\/\/essenled.com\/"},{"@type":"ListItem","position":2,"name":"Product","item":"https:\/\/essenled.com\/fr\/product\/"},{"@type":"ListItem","position":3,"name":"Top View IP67 20*16mm LED Silicone Neon Flex &#8211; T2016"}]},{"@type":"WebSite","@id":"https:\/\/essenled.com\/#website","url":"https:\/\/essenled.com\/","name":"ESSENLED","description":"","publisher":{"@id":"https:\/\/essenled.com\/#organization"},"potentialAction":[{"@type":"SearchAction","target":{"@type":"EntryPoint","urlTemplate":"https:\/\/essenled.com\/?s={search_term_string}"},"query-input":{"@type":"PropertyValueSpecification","valueRequired":true,"valueName":"search_term_string"}}],"inLanguage":"pl-PL"},{"@type":"Organization","@id":"https:\/\/essenled.com\/#organization","name":"ESSENLED","url":"https:\/\/essenled.com\/","logo":{"@type":"ImageObject","inLanguage":"pl-PL","@id":"https:\/\/essenled.com\/#\/schema\/logo\/image\/","url":"https:\/\/essenled.com\/wp-content\/uploads\/2024\/01\/Essen-logo.png","contentUrl":"https:\/\/essenled.com\/wp-content\/uploads\/2024\/01\/Essen-logo.png","width":800,"height":110,"caption":"ESSENLED"},"image":{"@id":"https:\/\/essenled.com\/#\/schema\/logo\/image\/"}}]}},"_links":{"self":[{"href":"https:\/\/essenled.com\/pl\/wp-json\/wp\/v2\/product\/1479","targetHints":{"allow":["GET"]}}],"collection":[{"href":"https:\/\/essenled.com\/pl\/wp-json\/wp\/v2\/product"}],"about":[{"href":"https:\/\/essenled.com\/pl\/wp-json\/wp\/v2\/types\/product"}],"version-history":[{"count":1,"href":"https:\/\/essenled.com\/pl\/wp-json\/wp\/v2\/product\/1479\/revisions"}],"predecessor-version":[{"id":1487,"href":"https:\/\/essenled.com\/pl\/wp-json\/wp\/v2\/product\/1479\/revisions\/1487"}],"wp:featuredmedia":[{"embeddable":true,"href":"https:\/\/essenled.com\/pl\/wp-json\/wp\/v2\/media\/1482"}],"wp:attachment":[{"href":"https:\/\/essenled.com\/pl\/wp-json\/wp\/v2\/media?parent=1479"}],"wp:term":[{"taxonomy":"product_brand","embeddable":true,"href":"https:\/\/essenled.com\/pl\/wp-json\/wp\/v2\/product_brand?post=1479"},{"taxonomy":"product_cat","embeddable":true,"href":"https:\/\/essenled.com\/pl\/wp-json\/wp\/v2\/product_cat?post=1479"},{"taxonomy":"product_tag","embeddable":true,"href":"https:\/\/essenled.com\/pl\/wp-json\/wp\/v2\/product_tag?post=1479"}],"curies":[{"name":"wp","href":"https:\/\/api.w.org\/{rel}","templated":true}]}}