{"id":1051,"date":"2024-02-23T11:04:47","date_gmt":"2024-02-23T11:04:47","guid":{"rendered":"https:\/\/essenled.com\/?post_type=product&#038;p=1051"},"modified":"2024-05-31T02:27:56","modified_gmt":"2024-05-31T02:27:56","slug":"240leds-3014-led-strip-dotless-10mm","status":"publish","type":"product","link":"https:\/\/essenled.com\/pl\/produkt\/240leds-3014-led-strip-dotless-10mm\/","title":{"rendered":"240LEDs 3014 LED Strip Dotless 24W 10MM"},"content":{"rendered":"","protected":false},"excerpt":{"rendered":"<p>Bezkropkowe o\u015bwietlenie ta\u015bmowe LED SMD3014 240LEDs\/m, odst\u0119p mi\u0119dzy koralikami LED i koralikami LED jest bardzo ma\u0142y. Dzi\u0119ki wysokiej g\u0119sto\u015bci 240leds\/m, uzyskuje si\u0119 jednolite o\u015bwietlenie i r\u00f3wnomierne o\u015bwietlenie.<\/p>\n<p>W przypadku ta\u015bm LED SMD3014 240leds\/m moc wynosi do 24 W, szeroko\u015b\u0107 10 mm, a rozpraszanie ciep\u0142a jest dobre. Te ta\u015bmy LED 3014 240leds oferuj\u0105 kompaktowy i smuk\u0142y profil odpowiedni do r\u00f3\u017cnych zastosowa\u0144 o\u015bwietleniowych.<\/p>\n<p>Ta\u015bma LED SMD3014 2404leds\/m mo\u017ce by\u0107 zasilana napi\u0119ciem 12V i 24V. D\u0142ugo\u015b\u0107 ci\u0119cia 12 V wynosi 12,5 mm, a d\u0142ugo\u015b\u0107 ci\u0119cia 24 V wynosi 25 mm. Zapewnia to elastyczno\u015b\u0107 instalacji i kompatybilno\u015b\u0107 z r\u00f3\u017cnymi systemami.<\/p>\n<p>Ta\u015bmy LED SMD3014 240leds\/m CRI maj\u0105 opcje CRI80 i CRI90. Wsp\u00f3\u0142czynnik CRI wynosz\u0105cy 90 oznacza bardzo wysokie oddawanie barw, dzi\u0119ki czemu mo\u017cna wybra\u0107 odpowiedni wsp\u00f3\u0142czynnik CRI dla danego projektu o\u015bwietleniowego.<\/p>","protected":false},"featured_media":2090,"template":"","meta":{"_kad_post_transparent":"default","_kad_post_title":"","_kad_post_layout":"default","_kad_post_sidebar_id":"","_kad_post_content_style":"default","_kad_post_vertical_padding":"default","_kad_post_feature":"","_kad_post_feature_position":"","_kad_post_header":false,"_kad_post_footer":false,"_kad_post_classname":""},"product_brand":[],"product_cat":[29,766],"product_tag":[307,305,304,308,306,303],"class_list":{"0":"post-1051","1":"product","2":"type-product","3":"status-publish","4":"has-post-thumbnail","6":"product_cat-led-strip","7":"product_cat-single-color-series","8":"product_tag-240leds-24w-3014-cri90","9":"product_tag-3014-led-strip-240-24w-10mm","10":"product_tag-3014-smd-flexible-strip-240leds","11":"product_tag-3014-strip-240leds-10mm-cri90","12":"product_tag-3014-strip-240leds-12v-24v","13":"product_tag-dc24v-3014-240leds-high-brightness","15":"first","16":"instock","17":"shipping-taxable","18":"product-type-simple","19":"entry","20":"content-bg","21":"loop-entry"},"yoast_head":"<!-- This site is optimized with the Yoast SEO Premium plugin v24.3 (Yoast SEO v26.7) - https:\/\/yoast.com\/wordpress\/plugins\/seo\/ -->\n<title>240LEDs 3014 LED Strip Dotless 24W 10MM - ESSENLED<\/title>\n<meta name=\"description\" content=\"Dotless 240LEDs\/m 3014 LED strip, the gap between LEDs beads and LEDs beads is very close, achieving lighting uniform and even illumination.\" \/>\n<meta name=\"robots\" content=\"index, follow, max-snippet:-1, max-image-preview:large, max-video-preview:-1\" \/>\n<link rel=\"canonical\" href=\"https:\/\/essenled.com\/pl\/produkt\/240leds-3014-led-strip-dotless-10mm\/\" \/>\n<meta property=\"og:locale\" content=\"pl_PL\" \/>\n<meta property=\"og:type\" content=\"article\" \/>\n<meta property=\"og:title\" content=\"240LEDs 3014 LED Strip Dotless 24W 10MM\" \/>\n<meta property=\"og:description\" content=\"Dotless 240LEDs\/m 3014 LED strip, the gap between LEDs beads and LEDs beads is very close, achieving lighting uniform and even illumination.\" \/>\n<meta property=\"og:url\" content=\"https:\/\/essenled.com\/pl\/produkt\/240leds-3014-led-strip-dotless-10mm\/\" \/>\n<meta property=\"og:site_name\" content=\"ESSENLED\" \/>\n<meta property=\"article:modified_time\" content=\"2024-05-31T02:27:56+00:00\" \/>\n<meta property=\"og:image\" content=\"https:\/\/essenled.com\/wp-content\/uploads\/2024\/02\/SMD3014-led-strip-LED-rope-light.webp\" \/>\n\t<meta property=\"og:image:width\" content=\"1000\" \/>\n\t<meta property=\"og:image:height\" content=\"1000\" \/>\n\t<meta property=\"og:image:type\" content=\"image\/webp\" \/>\n<meta name=\"twitter:card\" content=\"summary_large_image\" \/>\n<meta name=\"twitter:label1\" content=\"Szacowany czas czytania\" \/>\n\t<meta name=\"twitter:data1\" content=\"1 minuta\" \/>\n<script type=\"application\/ld+json\" class=\"yoast-schema-graph\">{\"@context\":\"https:\/\/schema.org\",\"@graph\":[{\"@type\":\"WebPage\",\"@id\":\"https:\/\/essenled.com\/product\/240leds-3014-led-strip-dotless-10mm\/\",\"url\":\"https:\/\/essenled.com\/product\/240leds-3014-led-strip-dotless-10mm\/\",\"name\":\"240LEDs 3014 LED Strip Dotless 24W 10MM - ESSENLED\",\"isPartOf\":{\"@id\":\"https:\/\/essenled.com\/#website\"},\"primaryImageOfPage\":{\"@id\":\"https:\/\/essenled.com\/product\/240leds-3014-led-strip-dotless-10mm\/#primaryimage\"},\"image\":{\"@id\":\"https:\/\/essenled.com\/product\/240leds-3014-led-strip-dotless-10mm\/#primaryimage\"},\"thumbnailUrl\":\"https:\/\/essenled.com\/wp-content\/uploads\/2024\/02\/SMD3014-led-strip-LED-rope-light.webp\",\"datePublished\":\"2024-02-23T11:04:47+00:00\",\"dateModified\":\"2024-05-31T02:27:56+00:00\",\"description\":\"Dotless 240LEDs\/m 3014 LED strip, the gap between LEDs beads and LEDs beads is very close, achieving lighting uniform and even illumination.\",\"breadcrumb\":{\"@id\":\"https:\/\/essenled.com\/product\/240leds-3014-led-strip-dotless-10mm\/#breadcrumb\"},\"inLanguage\":\"pl-PL\",\"potentialAction\":[{\"@type\":\"ReadAction\",\"target\":[\"https:\/\/essenled.com\/product\/240leds-3014-led-strip-dotless-10mm\/\"]}]},{\"@type\":\"ImageObject\",\"inLanguage\":\"pl-PL\",\"@id\":\"https:\/\/essenled.com\/product\/240leds-3014-led-strip-dotless-10mm\/#primaryimage\",\"url\":\"https:\/\/essenled.com\/wp-content\/uploads\/2024\/02\/SMD3014-led-strip-LED-rope-light.webp\",\"contentUrl\":\"https:\/\/essenled.com\/wp-content\/uploads\/2024\/02\/SMD3014-led-strip-LED-rope-light.webp\",\"width\":1000,\"height\":1000,\"caption\":\"SMD3014 led strip LED rope light\"},{\"@type\":\"BreadcrumbList\",\"@id\":\"https:\/\/essenled.com\/product\/240leds-3014-led-strip-dotless-10mm\/#breadcrumb\",\"itemListElement\":[{\"@type\":\"ListItem\",\"position\":1,\"name\":\"Home\",\"item\":\"https:\/\/essenled.com\/\"},{\"@type\":\"ListItem\",\"position\":2,\"name\":\"Product\",\"item\":\"https:\/\/essenled.com\/fr\/product\/\"},{\"@type\":\"ListItem\",\"position\":3,\"name\":\"240LEDs 3014 LED Strip Dotless 24W 10MM\"}]},{\"@type\":\"WebSite\",\"@id\":\"https:\/\/essenled.com\/#website\",\"url\":\"https:\/\/essenled.com\/\",\"name\":\"ESSENLED\",\"description\":\"\",\"publisher\":{\"@id\":\"https:\/\/essenled.com\/#organization\"},\"potentialAction\":[{\"@type\":\"SearchAction\",\"target\":{\"@type\":\"EntryPoint\",\"urlTemplate\":\"https:\/\/essenled.com\/?s={search_term_string}\"},\"query-input\":{\"@type\":\"PropertyValueSpecification\",\"valueRequired\":true,\"valueName\":\"search_term_string\"}}],\"inLanguage\":\"pl-PL\"},{\"@type\":\"Organization\",\"@id\":\"https:\/\/essenled.com\/#organization\",\"name\":\"ESSENLED\",\"url\":\"https:\/\/essenled.com\/\",\"logo\":{\"@type\":\"ImageObject\",\"inLanguage\":\"pl-PL\",\"@id\":\"https:\/\/essenled.com\/#\/schema\/logo\/image\/\",\"url\":\"https:\/\/essenled.com\/wp-content\/uploads\/2024\/01\/Essen-logo.png\",\"contentUrl\":\"https:\/\/essenled.com\/wp-content\/uploads\/2024\/01\/Essen-logo.png\",\"width\":800,\"height\":110,\"caption\":\"ESSENLED\"},\"image\":{\"@id\":\"https:\/\/essenled.com\/#\/schema\/logo\/image\/\"}}]}<\/script>\n<!-- \/ Yoast SEO Premium plugin. -->","yoast_head_json":{"title":"240LEDs 3014 LED Strip Dotless 24W 10MM - ESSENLED","description":"Bezkropkowa ta\u015bma LED 240LEDs\/m 3014, szczelina mi\u0119dzy koralikami LED i koralikami LED jest bardzo blisko, zapewniaj\u0105c jednolite i r\u00f3wnomierne o\u015bwietlenie.","robots":{"index":"index","follow":"follow","max-snippet":"max-snippet:-1","max-image-preview":"max-image-preview:large","max-video-preview":"max-video-preview:-1"},"canonical":"https:\/\/essenled.com\/pl\/produkt\/240leds-3014-led-strip-dotless-10mm\/","og_locale":"pl_PL","og_type":"article","og_title":"240LEDs 3014 LED Strip Dotless 24W 10MM","og_description":"Dotless 240LEDs\/m 3014 LED strip, the gap between LEDs beads and LEDs beads is very close, achieving lighting uniform and even illumination.","og_url":"https:\/\/essenled.com\/pl\/produkt\/240leds-3014-led-strip-dotless-10mm\/","og_site_name":"ESSENLED","article_modified_time":"2024-05-31T02:27:56+00:00","og_image":[{"width":1000,"height":1000,"url":"https:\/\/essenled.com\/wp-content\/uploads\/2024\/02\/SMD3014-led-strip-LED-rope-light.webp","type":"image\/webp"}],"twitter_card":"summary_large_image","twitter_misc":{"Szacowany czas czytania":"1 minuta"},"schema":{"@context":"https:\/\/schema.org","@graph":[{"@type":"WebPage","@id":"https:\/\/essenled.com\/product\/240leds-3014-led-strip-dotless-10mm\/","url":"https:\/\/essenled.com\/product\/240leds-3014-led-strip-dotless-10mm\/","name":"240LEDs 3014 LED Strip Dotless 24W 10MM - ESSENLED","isPartOf":{"@id":"https:\/\/essenled.com\/#website"},"primaryImageOfPage":{"@id":"https:\/\/essenled.com\/product\/240leds-3014-led-strip-dotless-10mm\/#primaryimage"},"image":{"@id":"https:\/\/essenled.com\/product\/240leds-3014-led-strip-dotless-10mm\/#primaryimage"},"thumbnailUrl":"https:\/\/essenled.com\/wp-content\/uploads\/2024\/02\/SMD3014-led-strip-LED-rope-light.webp","datePublished":"2024-02-23T11:04:47+00:00","dateModified":"2024-05-31T02:27:56+00:00","description":"Bezkropkowa ta\u015bma LED 240LEDs\/m 3014, szczelina mi\u0119dzy koralikami LED i koralikami LED jest bardzo blisko, zapewniaj\u0105c jednolite i r\u00f3wnomierne o\u015bwietlenie.","breadcrumb":{"@id":"https:\/\/essenled.com\/product\/240leds-3014-led-strip-dotless-10mm\/#breadcrumb"},"inLanguage":"pl-PL","potentialAction":[{"@type":"ReadAction","target":["https:\/\/essenled.com\/product\/240leds-3014-led-strip-dotless-10mm\/"]}]},{"@type":"ImageObject","inLanguage":"pl-PL","@id":"https:\/\/essenled.com\/product\/240leds-3014-led-strip-dotless-10mm\/#primaryimage","url":"https:\/\/essenled.com\/wp-content\/uploads\/2024\/02\/SMD3014-led-strip-LED-rope-light.webp","contentUrl":"https:\/\/essenled.com\/wp-content\/uploads\/2024\/02\/SMD3014-led-strip-LED-rope-light.webp","width":1000,"height":1000,"caption":"SMD3014 led strip LED rope light"},{"@type":"BreadcrumbList","@id":"https:\/\/essenled.com\/product\/240leds-3014-led-strip-dotless-10mm\/#breadcrumb","itemListElement":[{"@type":"ListItem","position":1,"name":"Home","item":"https:\/\/essenled.com\/"},{"@type":"ListItem","position":2,"name":"Product","item":"https:\/\/essenled.com\/fr\/product\/"},{"@type":"ListItem","position":3,"name":"240LEDs 3014 LED Strip Dotless 24W 10MM"}]},{"@type":"WebSite","@id":"https:\/\/essenled.com\/#website","url":"https:\/\/essenled.com\/","name":"ESSENLED","description":"","publisher":{"@id":"https:\/\/essenled.com\/#organization"},"potentialAction":[{"@type":"SearchAction","target":{"@type":"EntryPoint","urlTemplate":"https:\/\/essenled.com\/?s={search_term_string}"},"query-input":{"@type":"PropertyValueSpecification","valueRequired":true,"valueName":"search_term_string"}}],"inLanguage":"pl-PL"},{"@type":"Organization","@id":"https:\/\/essenled.com\/#organization","name":"ESSENLED","url":"https:\/\/essenled.com\/","logo":{"@type":"ImageObject","inLanguage":"pl-PL","@id":"https:\/\/essenled.com\/#\/schema\/logo\/image\/","url":"https:\/\/essenled.com\/wp-content\/uploads\/2024\/01\/Essen-logo.png","contentUrl":"https:\/\/essenled.com\/wp-content\/uploads\/2024\/01\/Essen-logo.png","width":800,"height":110,"caption":"ESSENLED"},"image":{"@id":"https:\/\/essenled.com\/#\/schema\/logo\/image\/"}}]}},"_links":{"self":[{"href":"https:\/\/essenled.com\/pl\/wp-json\/wp\/v2\/product\/1051","targetHints":{"allow":["GET"]}}],"collection":[{"href":"https:\/\/essenled.com\/pl\/wp-json\/wp\/v2\/product"}],"about":[{"href":"https:\/\/essenled.com\/pl\/wp-json\/wp\/v2\/types\/product"}],"version-history":[{"count":1,"href":"https:\/\/essenled.com\/pl\/wp-json\/wp\/v2\/product\/1051\/revisions"}],"predecessor-version":[{"id":1058,"href":"https:\/\/essenled.com\/pl\/wp-json\/wp\/v2\/product\/1051\/revisions\/1058"}],"wp:featuredmedia":[{"embeddable":true,"href":"https:\/\/essenled.com\/pl\/wp-json\/wp\/v2\/media\/2090"}],"wp:attachment":[{"href":"https:\/\/essenled.com\/pl\/wp-json\/wp\/v2\/media?parent=1051"}],"wp:term":[{"taxonomy":"product_brand","embeddable":true,"href":"https:\/\/essenled.com\/pl\/wp-json\/wp\/v2\/product_brand?post=1051"},{"taxonomy":"product_cat","embeddable":true,"href":"https:\/\/essenled.com\/pl\/wp-json\/wp\/v2\/product_cat?post=1051"},{"taxonomy":"product_tag","embeddable":true,"href":"https:\/\/essenled.com\/pl\/wp-json\/wp\/v2\/product_tag?post=1051"}],"curies":[{"name":"wp","href":"https:\/\/api.w.org\/{rel}","templated":true}]}}