{"id":1630,"date":"2024-03-01T09:18:13","date_gmt":"2024-03-01T09:18:13","guid":{"rendered":"https:\/\/essenled.com\/?post_type=product&#038;p=1630"},"modified":"2024-03-24T06:49:01","modified_gmt":"2024-03-24T06:49:01","slug":"high-efficiency-top-view-1615mm-led-neon-flex","status":"publish","type":"product","link":"https:\/\/essenled.com\/nl\/product\/high-efficiency-top-view-1615mm-led-neon-flex\/","title":{"rendered":"Hoog rendement bovenaanzicht 16 * 15 mm LED Neon Flex - T1615H"},"content":{"rendered":"","protected":false},"excerpt":{"rendered":"<p>Hoog rendement bovenaanzicht 16*15mm LED Neon Flex - T1615H is een uit \u00e9\u00e9n stuk ge\u00ebxtrudeerd LED neon flex licht, voornamelijk voor binnen- en buitenverlichting, zoals architecturale verlichting en commerci\u00eble verlichting.<\/p>\n<p>Bovenaanzicht T1615H hoogrendement LED neon flex is verkrijgbaar in 5w\/m, 10w\/m en 15w\/m. Enkele kleur keuzes van 2700K-6000K, CRI meer dan 90 + met echte kleur.<\/p>\n<p>De T1615H hoge effici\u00ebntie LED neon flex is een unieke neon flex die hoge effici\u00ebntie LED's gebruikt als lichtbron. Het lichtrendement van neonlichten met hoog rendement is ongeveer 40% hoger dan dat van traditionele neonlichten.<\/p>\n<p>High-Efficiency Top View 1615H LED Neon Flex wordt gekenmerkt door energiebesparing en duurzaamheid, een eenvoudig en stijlvol uiterlijk, een lange levensduur en lage kosten. Je kunt er met een gerust hart van genieten.<\/p>","protected":false},"featured_media":2008,"template":"","meta":{"_kad_post_transparent":"default","_kad_post_title":"","_kad_post_layout":"default","_kad_post_sidebar_id":"","_kad_post_content_style":"default","_kad_post_vertical_padding":"default","_kad_post_feature":"","_kad_post_feature_position":"","_kad_post_header":false,"_kad_post_footer":false,"_kad_post_classname":""},"product_brand":[],"product_cat":[46,39],"product_tag":[651,650,655,652,653,654],"class_list":{"0":"post-1630","1":"product","2":"type-product","3":"status-publish","4":"has-post-thumbnail","6":"product_cat-high-efficiency-neon-series","7":"product_cat-neon-strip","8":"product_tag-1615-high-efficiency-silicone-led-neon","9":"product_tag-high-efficiency-t1615h-led-neon-flex","10":"product_tag-neon-strip-1615mm-high-efficiency-24v","11":"product_tag-top-high-efficiency-16x15mm-silicone-led-neon","12":"product_tag-top-neon-high-efficiency-1615-dc24v","13":"product_tag-top-view-high-efficiency-1615-led-neon","15":"first","16":"instock","17":"shipping-taxable","18":"product-type-simple","19":"entry","20":"content-bg","21":"loop-entry"},"yoast_head":"<!-- This site is optimized with the Yoast SEO Premium plugin v24.3 (Yoast SEO v26.7) - https:\/\/yoast.com\/wordpress\/plugins\/seo\/ -->\n<title>High Efficiency Top View 16*15mm LED Neon Flex \u2013 T1615H - ESSENLED<\/title>\n<meta name=\"description\" content=\"High-Efficiency Top View 16*15mm LED Neon Flex \u2013 T1615H is mainly for indoor and outdoor lighting, as well as architectural and commercial lighting.\" \/>\n<meta name=\"robots\" content=\"index, follow, max-snippet:-1, max-image-preview:large, max-video-preview:-1\" \/>\n<link rel=\"canonical\" href=\"https:\/\/essenled.com\/nl\/product\/high-efficiency-top-view-1615mm-led-neon-flex\/\" \/>\n<meta property=\"og:locale\" content=\"nl_NL\" \/>\n<meta property=\"og:type\" content=\"article\" \/>\n<meta property=\"og:title\" content=\"High Efficiency Top View 16*15mm LED Neon Flex \u2013 T1615H\" \/>\n<meta property=\"og:description\" content=\"High-Efficiency Top View 16*15mm LED Neon Flex \u2013 T1615H is mainly for indoor and outdoor lighting, as well as architectural and commercial lighting.\" \/>\n<meta property=\"og:url\" content=\"https:\/\/essenled.com\/nl\/product\/high-efficiency-top-view-1615mm-led-neon-flex\/\" \/>\n<meta property=\"og:site_name\" content=\"ESSENLED\" \/>\n<meta property=\"article:modified_time\" content=\"2024-03-24T06:49:01+00:00\" \/>\n<meta property=\"og:image\" content=\"https:\/\/essenled.com\/wp-content\/uploads\/2024\/03\/Top-Bend-1615mm-silicone-neon-light-DC24V-IP67-CRI90.webp\" \/>\n\t<meta property=\"og:image:width\" content=\"800\" \/>\n\t<meta property=\"og:image:height\" content=\"800\" \/>\n\t<meta property=\"og:image:type\" content=\"image\/webp\" \/>\n<meta name=\"twitter:card\" content=\"summary_large_image\" \/>\n<meta name=\"twitter:label1\" content=\"Geschatte leestijd\" \/>\n\t<meta name=\"twitter:data1\" content=\"1 minuut\" \/>\n<script type=\"application\/ld+json\" class=\"yoast-schema-graph\">{\"@context\":\"https:\/\/schema.org\",\"@graph\":[{\"@type\":\"WebPage\",\"@id\":\"https:\/\/essenled.com\/product\/high-efficiency-top-view-1615mm-led-neon-flex\/\",\"url\":\"https:\/\/essenled.com\/product\/high-efficiency-top-view-1615mm-led-neon-flex\/\",\"name\":\"High Efficiency Top View 16*15mm LED Neon Flex \u2013 T1615H - ESSENLED\",\"isPartOf\":{\"@id\":\"https:\/\/essenled.com\/#website\"},\"primaryImageOfPage\":{\"@id\":\"https:\/\/essenled.com\/product\/high-efficiency-top-view-1615mm-led-neon-flex\/#primaryimage\"},\"image\":{\"@id\":\"https:\/\/essenled.com\/product\/high-efficiency-top-view-1615mm-led-neon-flex\/#primaryimage\"},\"thumbnailUrl\":\"https:\/\/essenled.com\/wp-content\/uploads\/2024\/03\/Top-Bend-1615mm-silicone-neon-light-DC24V-IP67-CRI90.webp\",\"datePublished\":\"2024-03-01T09:18:13+00:00\",\"dateModified\":\"2024-03-24T06:49:01+00:00\",\"description\":\"High-Efficiency Top View 16*15mm LED Neon Flex \u2013 T1615H is mainly for indoor and outdoor lighting, as well as architectural and commercial lighting.\",\"breadcrumb\":{\"@id\":\"https:\/\/essenled.com\/product\/high-efficiency-top-view-1615mm-led-neon-flex\/#breadcrumb\"},\"inLanguage\":\"nl-NL\",\"potentialAction\":[{\"@type\":\"ReadAction\",\"target\":[\"https:\/\/essenled.com\/product\/high-efficiency-top-view-1615mm-led-neon-flex\/\"]}]},{\"@type\":\"ImageObject\",\"inLanguage\":\"nl-NL\",\"@id\":\"https:\/\/essenled.com\/product\/high-efficiency-top-view-1615mm-led-neon-flex\/#primaryimage\",\"url\":\"https:\/\/essenled.com\/wp-content\/uploads\/2024\/03\/Top-Bend-1615mm-silicone-neon-light-DC24V-IP67-CRI90.webp\",\"contentUrl\":\"https:\/\/essenled.com\/wp-content\/uploads\/2024\/03\/Top-Bend-1615mm-silicone-neon-light-DC24V-IP67-CRI90.webp\",\"width\":800,\"height\":800,\"caption\":\"Top Bend 1615mm silicone neon light DC24V IP67 CRI90\"},{\"@type\":\"BreadcrumbList\",\"@id\":\"https:\/\/essenled.com\/product\/high-efficiency-top-view-1615mm-led-neon-flex\/#breadcrumb\",\"itemListElement\":[{\"@type\":\"ListItem\",\"position\":1,\"name\":\"Home\",\"item\":\"https:\/\/essenled.com\/\"},{\"@type\":\"ListItem\",\"position\":2,\"name\":\"Product\",\"item\":\"https:\/\/essenled.com\/fr\/product\/\"},{\"@type\":\"ListItem\",\"position\":3,\"name\":\"High Efficiency Top View 16*15mm LED Neon Flex \u2013 T1615H\"}]},{\"@type\":\"WebSite\",\"@id\":\"https:\/\/essenled.com\/#website\",\"url\":\"https:\/\/essenled.com\/\",\"name\":\"ESSENLED\",\"description\":\"\",\"publisher\":{\"@id\":\"https:\/\/essenled.com\/#organization\"},\"potentialAction\":[{\"@type\":\"SearchAction\",\"target\":{\"@type\":\"EntryPoint\",\"urlTemplate\":\"https:\/\/essenled.com\/?s={search_term_string}\"},\"query-input\":{\"@type\":\"PropertyValueSpecification\",\"valueRequired\":true,\"valueName\":\"search_term_string\"}}],\"inLanguage\":\"nl-NL\"},{\"@type\":\"Organization\",\"@id\":\"https:\/\/essenled.com\/#organization\",\"name\":\"ESSENLED\",\"url\":\"https:\/\/essenled.com\/\",\"logo\":{\"@type\":\"ImageObject\",\"inLanguage\":\"nl-NL\",\"@id\":\"https:\/\/essenled.com\/#\/schema\/logo\/image\/\",\"url\":\"https:\/\/essenled.com\/wp-content\/uploads\/2024\/01\/Essen-logo.png\",\"contentUrl\":\"https:\/\/essenled.com\/wp-content\/uploads\/2024\/01\/Essen-logo.png\",\"width\":800,\"height\":110,\"caption\":\"ESSENLED\"},\"image\":{\"@id\":\"https:\/\/essenled.com\/#\/schema\/logo\/image\/\"}}]}<\/script>\n<!-- \/ Yoast SEO Premium plugin. -->","yoast_head_json":{"title":"Hoog rendement bovenaanzicht 16*15mm LED Neon Flex - T1615H - ESSENLED","description":"High-Efficiency Top View 16 * 15 mm LED Neon Flex - T1615H is voornamelijk voor binnen- en buitenverlichting, evenals architecturale en commerci\u00eble verlichting.","robots":{"index":"index","follow":"follow","max-snippet":"max-snippet:-1","max-image-preview":"max-image-preview:large","max-video-preview":"max-video-preview:-1"},"canonical":"https:\/\/essenled.com\/nl\/product\/high-efficiency-top-view-1615mm-led-neon-flex\/","og_locale":"nl_NL","og_type":"article","og_title":"High Efficiency Top View 16*15mm LED Neon Flex \u2013 T1615H","og_description":"High-Efficiency Top View 16*15mm LED Neon Flex \u2013 T1615H is mainly for indoor and outdoor lighting, as well as architectural and commercial lighting.","og_url":"https:\/\/essenled.com\/nl\/product\/high-efficiency-top-view-1615mm-led-neon-flex\/","og_site_name":"ESSENLED","article_modified_time":"2024-03-24T06:49:01+00:00","og_image":[{"width":800,"height":800,"url":"https:\/\/essenled.com\/wp-content\/uploads\/2024\/03\/Top-Bend-1615mm-silicone-neon-light-DC24V-IP67-CRI90.webp","type":"image\/webp"}],"twitter_card":"summary_large_image","twitter_misc":{"Geschatte leestijd":"1 minuut"},"schema":{"@context":"https:\/\/schema.org","@graph":[{"@type":"WebPage","@id":"https:\/\/essenled.com\/product\/high-efficiency-top-view-1615mm-led-neon-flex\/","url":"https:\/\/essenled.com\/product\/high-efficiency-top-view-1615mm-led-neon-flex\/","name":"Hoog rendement bovenaanzicht 16*15mm LED Neon Flex - T1615H - ESSENLED","isPartOf":{"@id":"https:\/\/essenled.com\/#website"},"primaryImageOfPage":{"@id":"https:\/\/essenled.com\/product\/high-efficiency-top-view-1615mm-led-neon-flex\/#primaryimage"},"image":{"@id":"https:\/\/essenled.com\/product\/high-efficiency-top-view-1615mm-led-neon-flex\/#primaryimage"},"thumbnailUrl":"https:\/\/essenled.com\/wp-content\/uploads\/2024\/03\/Top-Bend-1615mm-silicone-neon-light-DC24V-IP67-CRI90.webp","datePublished":"2024-03-01T09:18:13+00:00","dateModified":"2024-03-24T06:49:01+00:00","description":"High-Efficiency Top View 16 * 15 mm LED Neon Flex - T1615H is voornamelijk voor binnen- en buitenverlichting, evenals architecturale en commerci\u00eble verlichting.","breadcrumb":{"@id":"https:\/\/essenled.com\/product\/high-efficiency-top-view-1615mm-led-neon-flex\/#breadcrumb"},"inLanguage":"nl-NL","potentialAction":[{"@type":"ReadAction","target":["https:\/\/essenled.com\/product\/high-efficiency-top-view-1615mm-led-neon-flex\/"]}]},{"@type":"ImageObject","inLanguage":"nl-NL","@id":"https:\/\/essenled.com\/product\/high-efficiency-top-view-1615mm-led-neon-flex\/#primaryimage","url":"https:\/\/essenled.com\/wp-content\/uploads\/2024\/03\/Top-Bend-1615mm-silicone-neon-light-DC24V-IP67-CRI90.webp","contentUrl":"https:\/\/essenled.com\/wp-content\/uploads\/2024\/03\/Top-Bend-1615mm-silicone-neon-light-DC24V-IP67-CRI90.webp","width":800,"height":800,"caption":"Top Bend 1615mm silicone neon light DC24V IP67 CRI90"},{"@type":"BreadcrumbList","@id":"https:\/\/essenled.com\/product\/high-efficiency-top-view-1615mm-led-neon-flex\/#breadcrumb","itemListElement":[{"@type":"ListItem","position":1,"name":"Home","item":"https:\/\/essenled.com\/"},{"@type":"ListItem","position":2,"name":"Product","item":"https:\/\/essenled.com\/fr\/product\/"},{"@type":"ListItem","position":3,"name":"High Efficiency Top View 16*15mm LED Neon Flex \u2013 T1615H"}]},{"@type":"WebSite","@id":"https:\/\/essenled.com\/#website","url":"https:\/\/essenled.com\/","name":"ESSENLED","description":"","publisher":{"@id":"https:\/\/essenled.com\/#organization"},"potentialAction":[{"@type":"SearchAction","target":{"@type":"EntryPoint","urlTemplate":"https:\/\/essenled.com\/?s={search_term_string}"},"query-input":{"@type":"PropertyValueSpecification","valueRequired":true,"valueName":"search_term_string"}}],"inLanguage":"nl-NL"},{"@type":"Organization","@id":"https:\/\/essenled.com\/#organization","name":"ESSENLED","url":"https:\/\/essenled.com\/","logo":{"@type":"ImageObject","inLanguage":"nl-NL","@id":"https:\/\/essenled.com\/#\/schema\/logo\/image\/","url":"https:\/\/essenled.com\/wp-content\/uploads\/2024\/01\/Essen-logo.png","contentUrl":"https:\/\/essenled.com\/wp-content\/uploads\/2024\/01\/Essen-logo.png","width":800,"height":110,"caption":"ESSENLED"},"image":{"@id":"https:\/\/essenled.com\/#\/schema\/logo\/image\/"}}]}},"_links":{"self":[{"href":"https:\/\/essenled.com\/nl\/wp-json\/wp\/v2\/product\/1630","targetHints":{"allow":["GET"]}}],"collection":[{"href":"https:\/\/essenled.com\/nl\/wp-json\/wp\/v2\/product"}],"about":[{"href":"https:\/\/essenled.com\/nl\/wp-json\/wp\/v2\/types\/product"}],"version-history":[{"count":1,"href":"https:\/\/essenled.com\/nl\/wp-json\/wp\/v2\/product\/1630\/revisions"}],"predecessor-version":[{"id":1632,"href":"https:\/\/essenled.com\/nl\/wp-json\/wp\/v2\/product\/1630\/revisions\/1632"}],"wp:featuredmedia":[{"embeddable":true,"href":"https:\/\/essenled.com\/nl\/wp-json\/wp\/v2\/media\/2008"}],"wp:attachment":[{"href":"https:\/\/essenled.com\/nl\/wp-json\/wp\/v2\/media?parent=1630"}],"wp:term":[{"taxonomy":"product_brand","embeddable":true,"href":"https:\/\/essenled.com\/nl\/wp-json\/wp\/v2\/product_brand?post=1630"},{"taxonomy":"product_cat","embeddable":true,"href":"https:\/\/essenled.com\/nl\/wp-json\/wp\/v2\/product_cat?post=1630"},{"taxonomy":"product_tag","embeddable":true,"href":"https:\/\/essenled.com\/nl\/wp-json\/wp\/v2\/product_tag?post=1630"}],"curies":[{"name":"wp","href":"https:\/\/api.w.org\/{rel}","templated":true}]}}