{"id":1627,"date":"2024-03-01T09:12:39","date_gmt":"2024-03-01T09:12:39","guid":{"rendered":"https:\/\/essenled.com\/?post_type=product&#038;p=1627"},"modified":"2024-03-01T09:16:38","modified_gmt":"2024-03-01T09:16:38","slug":"high-efficiency-top-view-1212mm-led-neon-flex","status":"publish","type":"product","link":"https:\/\/essenled.com\/nl\/product\/high-efficiency-top-view-1212mm-led-neon-flex\/","title":{"rendered":"Hoog rendement bovenaanzicht 12 * 12mm LED Neon Flex - T1212H"},"content":{"rendered":"","protected":false},"excerpt":{"rendered":"<p>Hoog rendement bovenaanzicht 12 * 12mm LED Neon Flex - T1212H is een uit \u00e9\u00e9n stuk ge\u00ebxtrudeerd LED neon flex licht, voornamelijk voor binnen- en buitenverlichting, zoals architecturale verlichting en commerci\u00eble verlichting.<\/p>\n<p>Top View T1212H hoogrendement LED neon flex is verkrijgbaar in 5w\/m en 10w\/m. Enkele kleuren van 2700K-6000K, CRI meer dan 90+ met echte kleur.<\/p>\n<p>De T1212H hoge effici\u00ebntie LED neon flex is een unieke neon flex die hoge effici\u00ebntie LED's gebruikt als lichtbron. Het lichtrendement van neonlampen met hoog rendement is ongeveer 40% hoger dan dat van traditionele neonlampen.<\/p>\n<p>High-Efficiency Top View 1212H LED Neon Flex wordt gekenmerkt door energiebesparing en duurzaamheid, een eenvoudig en stijlvol uiterlijk, een lange levensduur en lage kosten. Je kunt er met een gerust hart van genieten.<\/p>","protected":false},"featured_media":1467,"template":"","meta":{"_kad_post_transparent":"default","_kad_post_title":"","_kad_post_layout":"default","_kad_post_sidebar_id":"","_kad_post_content_style":"default","_kad_post_vertical_padding":"default","_kad_post_feature":"","_kad_post_feature_position":"","_kad_post_header":false,"_kad_post_footer":false,"_kad_post_classname":""},"product_brand":[],"product_cat":[46,39],"product_tag":[540,648,542,649,646,647],"class_list":{"0":"post-1627","1":"product","2":"type-product","3":"status-publish","4":"has-post-thumbnail","6":"product_cat-high-efficiency-neon-series","7":"product_cat-neon-strip","8":"product_tag-1212mm-narrow-led-silicone-neon","9":"product_tag-flexible-led-neon-super-1212h","10":"product_tag-led-neon-flex-lights-rgb","11":"product_tag-led-silicone-neon-flex-1212h-rgb","12":"product_tag-neon-flex-high-quality-1212h","13":"product_tag-neon-manufacturer-1212h-led-neon-flex","15":"first","16":"instock","17":"shipping-taxable","18":"product-type-simple","19":"entry","20":"content-bg","21":"loop-entry"},"yoast_head":"<!-- This site is optimized with the Yoast SEO Premium plugin v24.3 (Yoast SEO v27.4) - https:\/\/yoast.com\/product\/yoast-seo-premium-wordpress\/ -->\n<title>High Efficiency Top View 12*12mm LED Neon Flex \u2013 T1212H - ESSENLED<\/title>\n<meta name=\"description\" content=\"High-Efficiency Top View 12*12mm LED Neon Flex \u2013 T1212, the luminous efficiency of high-efficiency neon is about 40% higher than traditional neon.\" \/>\n<meta name=\"robots\" content=\"index, follow, max-snippet:-1, max-image-preview:large, max-video-preview:-1\" \/>\n<link rel=\"canonical\" href=\"https:\/\/essenled.com\/nl\/product\/high-efficiency-top-view-1212mm-led-neon-flex\/\" \/>\n<meta property=\"og:locale\" content=\"nl_NL\" \/>\n<meta property=\"og:type\" content=\"article\" \/>\n<meta property=\"og:title\" content=\"High Efficiency Top View 12*12mm LED Neon Flex \u2013 T1212H\" \/>\n<meta property=\"og:description\" content=\"High-Efficiency Top View 12*12mm LED Neon Flex \u2013 T1212, the luminous efficiency of high-efficiency neon is about 40% higher than traditional neon.\" \/>\n<meta property=\"og:url\" content=\"https:\/\/essenled.com\/nl\/product\/high-efficiency-top-view-1212mm-led-neon-flex\/\" \/>\n<meta property=\"og:site_name\" content=\"ESSENLED\" \/>\n<meta property=\"article:modified_time\" content=\"2024-03-01T09:16:38+00:00\" \/>\n<meta property=\"og:image\" content=\"https:\/\/essenled.com\/wp-content\/uploads\/2024\/02\/NEON-FLEX-High-Quality-1212.webp\" \/>\n\t<meta property=\"og:image:width\" content=\"800\" \/>\n\t<meta property=\"og:image:height\" content=\"800\" \/>\n\t<meta property=\"og:image:type\" content=\"image\/webp\" \/>\n<meta name=\"twitter:card\" content=\"summary_large_image\" \/>\n<meta name=\"twitter:label1\" content=\"Geschatte leestijd\" \/>\n\t<meta name=\"twitter:data1\" content=\"1 minuut\" \/>\n<script type=\"application\/ld+json\" class=\"yoast-schema-graph\">{\"@context\":\"https:\\\/\\\/schema.org\",\"@graph\":[{\"@type\":\"WebPage\",\"@id\":\"https:\\\/\\\/essenled.com\\\/product\\\/high-efficiency-top-view-1212mm-led-neon-flex\\\/\",\"url\":\"https:\\\/\\\/essenled.com\\\/product\\\/high-efficiency-top-view-1212mm-led-neon-flex\\\/\",\"name\":\"High Efficiency Top View 12*12mm LED Neon Flex \u2013 T1212H - ESSENLED\",\"isPartOf\":{\"@id\":\"https:\\\/\\\/essenled.com\\\/#website\"},\"primaryImageOfPage\":{\"@id\":\"https:\\\/\\\/essenled.com\\\/product\\\/high-efficiency-top-view-1212mm-led-neon-flex\\\/#primaryimage\"},\"image\":{\"@id\":\"https:\\\/\\\/essenled.com\\\/product\\\/high-efficiency-top-view-1212mm-led-neon-flex\\\/#primaryimage\"},\"thumbnailUrl\":\"https:\\\/\\\/essenled.com\\\/wp-content\\\/uploads\\\/2024\\\/02\\\/NEON-FLEX-High-Quality-1212.webp\",\"datePublished\":\"2024-03-01T09:12:39+00:00\",\"dateModified\":\"2024-03-01T09:16:38+00:00\",\"description\":\"High-Efficiency Top View 12*12mm LED Neon Flex \u2013 T1212, the luminous efficiency of high-efficiency neon is about 40% higher than traditional neon.\",\"breadcrumb\":{\"@id\":\"https:\\\/\\\/essenled.com\\\/product\\\/high-efficiency-top-view-1212mm-led-neon-flex\\\/#breadcrumb\"},\"inLanguage\":\"nl-NL\",\"potentialAction\":[{\"@type\":\"ReadAction\",\"target\":[\"https:\\\/\\\/essenled.com\\\/product\\\/high-efficiency-top-view-1212mm-led-neon-flex\\\/\"]}]},{\"@type\":\"ImageObject\",\"inLanguage\":\"nl-NL\",\"@id\":\"https:\\\/\\\/essenled.com\\\/product\\\/high-efficiency-top-view-1212mm-led-neon-flex\\\/#primaryimage\",\"url\":\"https:\\\/\\\/essenled.com\\\/wp-content\\\/uploads\\\/2024\\\/02\\\/NEON-FLEX-High-Quality-1212.webp\",\"contentUrl\":\"https:\\\/\\\/essenled.com\\\/wp-content\\\/uploads\\\/2024\\\/02\\\/NEON-FLEX-High-Quality-1212.webp\",\"width\":800,\"height\":800,\"caption\":\"NEON FLEX High Quality 1212\"},{\"@type\":\"BreadcrumbList\",\"@id\":\"https:\\\/\\\/essenled.com\\\/product\\\/high-efficiency-top-view-1212mm-led-neon-flex\\\/#breadcrumb\",\"itemListElement\":[{\"@type\":\"ListItem\",\"position\":1,\"name\":\"Home\",\"item\":\"https:\\\/\\\/essenled.com\\\/\"},{\"@type\":\"ListItem\",\"position\":2,\"name\":\"Product\",\"item\":\"https:\\\/\\\/essenled.com\\\/fr\\\/product\\\/\"},{\"@type\":\"ListItem\",\"position\":3,\"name\":\"High Efficiency Top View 12*12mm LED Neon Flex \u2013 T1212H\"}]},{\"@type\":\"WebSite\",\"@id\":\"https:\\\/\\\/essenled.com\\\/#website\",\"url\":\"https:\\\/\\\/essenled.com\\\/\",\"name\":\"ESSENLED\",\"description\":\"\",\"publisher\":{\"@id\":\"https:\\\/\\\/essenled.com\\\/#organization\"},\"potentialAction\":[{\"@type\":\"SearchAction\",\"target\":{\"@type\":\"EntryPoint\",\"urlTemplate\":\"https:\\\/\\\/essenled.com\\\/?s={search_term_string}\"},\"query-input\":{\"@type\":\"PropertyValueSpecification\",\"valueRequired\":true,\"valueName\":\"search_term_string\"}}],\"inLanguage\":\"nl-NL\"},{\"@type\":\"Organization\",\"@id\":\"https:\\\/\\\/essenled.com\\\/#organization\",\"name\":\"ESSENLED\",\"url\":\"https:\\\/\\\/essenled.com\\\/\",\"logo\":{\"@type\":\"ImageObject\",\"inLanguage\":\"nl-NL\",\"@id\":\"https:\\\/\\\/essenled.com\\\/#\\\/schema\\\/logo\\\/image\\\/\",\"url\":\"https:\\\/\\\/essenled.com\\\/wp-content\\\/uploads\\\/2024\\\/01\\\/Essen-logo.png\",\"contentUrl\":\"https:\\\/\\\/essenled.com\\\/wp-content\\\/uploads\\\/2024\\\/01\\\/Essen-logo.png\",\"width\":800,\"height\":110,\"caption\":\"ESSENLED\"},\"image\":{\"@id\":\"https:\\\/\\\/essenled.com\\\/#\\\/schema\\\/logo\\\/image\\\/\"}}]}<\/script>\n<!-- \/ Yoast SEO Premium plugin. -->","yoast_head_json":{"title":"Hoog rendement bovenaanzicht 12*12mm LED Neon Flex - T1212H - ESSENLED","description":"Hoog rendement bovenaanzicht 12*12mm LED Neon Flex - T1212, het lichtrendement van hoog rendement neon is ongeveer 40% hoger dan traditionele neon.","robots":{"index":"index","follow":"follow","max-snippet":"max-snippet:-1","max-image-preview":"max-image-preview:large","max-video-preview":"max-video-preview:-1"},"canonical":"https:\/\/essenled.com\/nl\/product\/high-efficiency-top-view-1212mm-led-neon-flex\/","og_locale":"nl_NL","og_type":"article","og_title":"High Efficiency Top View 12*12mm LED Neon Flex \u2013 T1212H","og_description":"High-Efficiency Top View 12*12mm LED Neon Flex \u2013 T1212, the luminous efficiency of high-efficiency neon is about 40% higher than traditional neon.","og_url":"https:\/\/essenled.com\/nl\/product\/high-efficiency-top-view-1212mm-led-neon-flex\/","og_site_name":"ESSENLED","article_modified_time":"2024-03-01T09:16:38+00:00","og_image":[{"width":800,"height":800,"url":"https:\/\/essenled.com\/wp-content\/uploads\/2024\/02\/NEON-FLEX-High-Quality-1212.webp","type":"image\/webp"}],"twitter_card":"summary_large_image","twitter_misc":{"Geschatte leestijd":"1 minuut"},"schema":{"@context":"https:\/\/schema.org","@graph":[{"@type":"WebPage","@id":"https:\/\/essenled.com\/product\/high-efficiency-top-view-1212mm-led-neon-flex\/","url":"https:\/\/essenled.com\/product\/high-efficiency-top-view-1212mm-led-neon-flex\/","name":"Hoog rendement bovenaanzicht 12*12mm LED Neon Flex - T1212H - ESSENLED","isPartOf":{"@id":"https:\/\/essenled.com\/#website"},"primaryImageOfPage":{"@id":"https:\/\/essenled.com\/product\/high-efficiency-top-view-1212mm-led-neon-flex\/#primaryimage"},"image":{"@id":"https:\/\/essenled.com\/product\/high-efficiency-top-view-1212mm-led-neon-flex\/#primaryimage"},"thumbnailUrl":"https:\/\/essenled.com\/wp-content\/uploads\/2024\/02\/NEON-FLEX-High-Quality-1212.webp","datePublished":"2024-03-01T09:12:39+00:00","dateModified":"2024-03-01T09:16:38+00:00","description":"Hoog rendement bovenaanzicht 12*12mm LED Neon Flex - T1212, het lichtrendement van hoog rendement neon is ongeveer 40% hoger dan traditionele neon.","breadcrumb":{"@id":"https:\/\/essenled.com\/product\/high-efficiency-top-view-1212mm-led-neon-flex\/#breadcrumb"},"inLanguage":"nl-NL","potentialAction":[{"@type":"ReadAction","target":["https:\/\/essenled.com\/product\/high-efficiency-top-view-1212mm-led-neon-flex\/"]}]},{"@type":"ImageObject","inLanguage":"nl-NL","@id":"https:\/\/essenled.com\/product\/high-efficiency-top-view-1212mm-led-neon-flex\/#primaryimage","url":"https:\/\/essenled.com\/wp-content\/uploads\/2024\/02\/NEON-FLEX-High-Quality-1212.webp","contentUrl":"https:\/\/essenled.com\/wp-content\/uploads\/2024\/02\/NEON-FLEX-High-Quality-1212.webp","width":800,"height":800,"caption":"NEON FLEX High Quality 1212"},{"@type":"BreadcrumbList","@id":"https:\/\/essenled.com\/product\/high-efficiency-top-view-1212mm-led-neon-flex\/#breadcrumb","itemListElement":[{"@type":"ListItem","position":1,"name":"Home","item":"https:\/\/essenled.com\/"},{"@type":"ListItem","position":2,"name":"Product","item":"https:\/\/essenled.com\/fr\/product\/"},{"@type":"ListItem","position":3,"name":"High Efficiency Top View 12*12mm LED Neon Flex \u2013 T1212H"}]},{"@type":"WebSite","@id":"https:\/\/essenled.com\/#website","url":"https:\/\/essenled.com\/","name":"ESSENLED","description":"","publisher":{"@id":"https:\/\/essenled.com\/#organization"},"potentialAction":[{"@type":"SearchAction","target":{"@type":"EntryPoint","urlTemplate":"https:\/\/essenled.com\/?s={search_term_string}"},"query-input":{"@type":"PropertyValueSpecification","valueRequired":true,"valueName":"search_term_string"}}],"inLanguage":"nl-NL"},{"@type":"Organization","@id":"https:\/\/essenled.com\/#organization","name":"ESSENLED","url":"https:\/\/essenled.com\/","logo":{"@type":"ImageObject","inLanguage":"nl-NL","@id":"https:\/\/essenled.com\/#\/schema\/logo\/image\/","url":"https:\/\/essenled.com\/wp-content\/uploads\/2024\/01\/Essen-logo.png","contentUrl":"https:\/\/essenled.com\/wp-content\/uploads\/2024\/01\/Essen-logo.png","width":800,"height":110,"caption":"ESSENLED"},"image":{"@id":"https:\/\/essenled.com\/#\/schema\/logo\/image\/"}}]}},"_links":{"self":[{"href":"https:\/\/essenled.com\/nl\/wp-json\/wp\/v2\/product\/1627","targetHints":{"allow":["GET"]}}],"collection":[{"href":"https:\/\/essenled.com\/nl\/wp-json\/wp\/v2\/product"}],"about":[{"href":"https:\/\/essenled.com\/nl\/wp-json\/wp\/v2\/types\/product"}],"version-history":[{"count":1,"href":"https:\/\/essenled.com\/nl\/wp-json\/wp\/v2\/product\/1627\/revisions"}],"predecessor-version":[{"id":1629,"href":"https:\/\/essenled.com\/nl\/wp-json\/wp\/v2\/product\/1627\/revisions\/1629"}],"wp:featuredmedia":[{"embeddable":true,"href":"https:\/\/essenled.com\/nl\/wp-json\/wp\/v2\/media\/1467"}],"wp:attachment":[{"href":"https:\/\/essenled.com\/nl\/wp-json\/wp\/v2\/media?parent=1627"}],"wp:term":[{"taxonomy":"product_brand","embeddable":true,"href":"https:\/\/essenled.com\/nl\/wp-json\/wp\/v2\/product_brand?post=1627"},{"taxonomy":"product_cat","embeddable":true,"href":"https:\/\/essenled.com\/nl\/wp-json\/wp\/v2\/product_cat?post=1627"},{"taxonomy":"product_tag","embeddable":true,"href":"https:\/\/essenled.com\/nl\/wp-json\/wp\/v2\/product_tag?post=1627"}],"curies":[{"name":"wp","href":"https:\/\/api.w.org\/{rel}","templated":true}]}}