{"id":919,"date":"2024-02-19T04:04:34","date_gmt":"2024-02-19T04:04:34","guid":{"rendered":"https:\/\/essenled.com\/?post_type=product&#038;p=919"},"modified":"2024-06-01T02:48:08","modified_gmt":"2024-06-01T02:48:08","slug":"super-narrow-led-strip-series","status":"publish","type":"product","link":"https:\/\/essenled.com\/it\/prodotto\/super-narrow-led-strip-series\/","title":{"rendered":"Striscia LED super stretta serie 2MM 4MM 5MM Larghezza"},"content":{"rendered":"","protected":false},"excerpt":{"rendered":"<p>Striscia LED super stretta serie 2MM 4MM 5MM di larghezza, con 120leds\/m ad alta densit\u00e0, Questo prodotto ha una larghezza ultra stretta di 5mm e un'alta luminosit\u00e0 di 19,2w\/m.<\/p>\n<p>La striscia LED SMD2835 120leds\/m ha una larghezza ridotta di 5 mm, pi\u00f9 piccola rispetto alla larghezza delle strisce LED standard. Questo profilo sottile la rende adatta a soluzioni di illuminazione in cui lo spazio \u00e8 limitato o in luoghi particolari e stretti.<\/p>\n<p>Le strisce LED da 2 mm, 3 mm, 4 mm e 5 mm ad alta densit\u00e0 garantiscono un'illuminazione luminosa e uniforme e sono dimmerabili. \u00c8 possibile scegliere un controller compatibile per il dimming con PWM, DALI, 0-10V o il driver di dimmerazione DMX.<\/p>\n<p>La larghezza ridotta di 5 mm, i 120 s\/m e l'elevato CRI di 95+ colore reale ne fanno una scelta popolare, ideale per una variet\u00e0 di applicazioni illuminotecniche, tra cui l'illuminazione architettonica e l'illuminazione residenziale.<\/p>","protected":false},"featured_media":2140,"template":"","meta":{"_kad_post_transparent":"default","_kad_post_title":"","_kad_post_layout":"default","_kad_post_sidebar_id":"","_kad_post_content_style":"default","_kad_post_vertical_padding":"default","_kad_post_feature":"","_kad_post_feature_position":"","_kad_post_header":false,"_kad_post_footer":false,"_kad_post_classname":""},"product_brand":[],"product_cat":[29,35],"product_tag":[224,773,775,223,774],"class_list":{"0":"post-919","1":"product","2":"type-product","3":"status-publish","4":"has-post-thumbnail","6":"product_cat-led-strip","7":"product_cat-ultra-narrow-series","8":"product_tag-2835-120led-5mm-pcb","9":"product_tag-3mm-6mm-ultra-narrow-led-strip-lights","10":"product_tag-slim-strip-indoor-led-lighting","11":"product_tag-smd2835-ultra-thin-5mm","12":"product_tag-superlightingled-super-narrow","14":"first","15":"instock","16":"shipping-taxable","17":"product-type-simple","18":"entry","19":"content-bg","20":"loop-entry"},"yoast_head":"<!-- This site is optimized with the Yoast SEO Premium plugin v24.3 (Yoast SEO v26.7) - https:\/\/yoast.com\/wordpress\/plugins\/seo\/ -->\n<title>Super Narrow LED Strip Series 2MM 4MM 5MM Width - ESSENLED<\/title>\n<meta name=\"description\" content=\"Super Narrow LED Strip Series 2mm-5mm, with 120leds\/m High-Density, is ultra-narrow width of 5mm, and with high bright 19.2w\/m.\" \/>\n<meta name=\"robots\" content=\"index, follow, max-snippet:-1, max-image-preview:large, max-video-preview:-1\" \/>\n<link rel=\"canonical\" href=\"https:\/\/essenled.com\/it\/prodotto\/super-narrow-led-strip-series\/\" \/>\n<meta property=\"og:locale\" content=\"it_IT\" \/>\n<meta property=\"og:type\" content=\"article\" \/>\n<meta property=\"og:title\" content=\"Super Narrow LED Strip Series 2MM 4MM 5MM Width\" \/>\n<meta property=\"og:description\" content=\"Super Narrow LED Strip Series 2mm-5mm, with 120leds\/m High-Density, is ultra-narrow width of 5mm, and with high bright 19.2w\/m.\" \/>\n<meta property=\"og:url\" content=\"https:\/\/essenled.com\/it\/prodotto\/super-narrow-led-strip-series\/\" \/>\n<meta property=\"og:site_name\" content=\"ESSENLED\" \/>\n<meta property=\"article:modified_time\" content=\"2024-06-01T02:48:08+00:00\" \/>\n<meta property=\"og:image\" content=\"https:\/\/essenled.com\/wp-content\/uploads\/2024\/02\/Ultrathin-super-bright-2mm-LED-Strip.webp\" \/>\n\t<meta property=\"og:image:width\" content=\"1000\" \/>\n\t<meta property=\"og:image:height\" content=\"1000\" \/>\n\t<meta property=\"og:image:type\" content=\"image\/webp\" \/>\n<meta name=\"twitter:card\" content=\"summary_large_image\" \/>\n<meta name=\"twitter:label1\" content=\"Tempo di lettura stimato\" \/>\n\t<meta name=\"twitter:data1\" content=\"1 minuto\" \/>\n<script type=\"application\/ld+json\" class=\"yoast-schema-graph\">{\"@context\":\"https:\/\/schema.org\",\"@graph\":[{\"@type\":\"WebPage\",\"@id\":\"https:\/\/essenled.com\/product\/super-narrow-led-strip-series\/\",\"url\":\"https:\/\/essenled.com\/product\/super-narrow-led-strip-series\/\",\"name\":\"Super Narrow LED Strip Series 2MM 4MM 5MM Width - ESSENLED\",\"isPartOf\":{\"@id\":\"https:\/\/essenled.com\/#website\"},\"primaryImageOfPage\":{\"@id\":\"https:\/\/essenled.com\/product\/super-narrow-led-strip-series\/#primaryimage\"},\"image\":{\"@id\":\"https:\/\/essenled.com\/product\/super-narrow-led-strip-series\/#primaryimage\"},\"thumbnailUrl\":\"https:\/\/essenled.com\/wp-content\/uploads\/2024\/02\/Ultrathin-super-bright-2mm-LED-Strip.webp\",\"datePublished\":\"2024-02-19T04:04:34+00:00\",\"dateModified\":\"2024-06-01T02:48:08+00:00\",\"description\":\"Super Narrow LED Strip Series 2mm-5mm, with 120leds\/m High-Density, is ultra-narrow width of 5mm, and with high bright 19.2w\/m.\",\"breadcrumb\":{\"@id\":\"https:\/\/essenled.com\/product\/super-narrow-led-strip-series\/#breadcrumb\"},\"inLanguage\":\"it-IT\",\"potentialAction\":[{\"@type\":\"ReadAction\",\"target\":[\"https:\/\/essenled.com\/product\/super-narrow-led-strip-series\/\"]}]},{\"@type\":\"ImageObject\",\"inLanguage\":\"it-IT\",\"@id\":\"https:\/\/essenled.com\/product\/super-narrow-led-strip-series\/#primaryimage\",\"url\":\"https:\/\/essenled.com\/wp-content\/uploads\/2024\/02\/Ultrathin-super-bright-2mm-LED-Strip.webp\",\"contentUrl\":\"https:\/\/essenled.com\/wp-content\/uploads\/2024\/02\/Ultrathin-super-bright-2mm-LED-Strip.webp\",\"width\":1000,\"height\":1000,\"caption\":\"Ultrathin super bright 2mm LED Strip\"},{\"@type\":\"BreadcrumbList\",\"@id\":\"https:\/\/essenled.com\/product\/super-narrow-led-strip-series\/#breadcrumb\",\"itemListElement\":[{\"@type\":\"ListItem\",\"position\":1,\"name\":\"Home\",\"item\":\"https:\/\/essenled.com\/\"},{\"@type\":\"ListItem\",\"position\":2,\"name\":\"Product\",\"item\":\"https:\/\/essenled.com\/fr\/product\/\"},{\"@type\":\"ListItem\",\"position\":3,\"name\":\"Super Narrow LED Strip Series 2MM 4MM 5MM Width\"}]},{\"@type\":\"WebSite\",\"@id\":\"https:\/\/essenled.com\/#website\",\"url\":\"https:\/\/essenled.com\/\",\"name\":\"ESSENLED\",\"description\":\"\",\"publisher\":{\"@id\":\"https:\/\/essenled.com\/#organization\"},\"potentialAction\":[{\"@type\":\"SearchAction\",\"target\":{\"@type\":\"EntryPoint\",\"urlTemplate\":\"https:\/\/essenled.com\/?s={search_term_string}\"},\"query-input\":{\"@type\":\"PropertyValueSpecification\",\"valueRequired\":true,\"valueName\":\"search_term_string\"}}],\"inLanguage\":\"it-IT\"},{\"@type\":\"Organization\",\"@id\":\"https:\/\/essenled.com\/#organization\",\"name\":\"ESSENLED\",\"url\":\"https:\/\/essenled.com\/\",\"logo\":{\"@type\":\"ImageObject\",\"inLanguage\":\"it-IT\",\"@id\":\"https:\/\/essenled.com\/#\/schema\/logo\/image\/\",\"url\":\"https:\/\/essenled.com\/wp-content\/uploads\/2024\/01\/Essen-logo.png\",\"contentUrl\":\"https:\/\/essenled.com\/wp-content\/uploads\/2024\/01\/Essen-logo.png\",\"width\":800,\"height\":110,\"caption\":\"ESSENLED\"},\"image\":{\"@id\":\"https:\/\/essenled.com\/#\/schema\/logo\/image\/\"}}]}<\/script>\n<!-- \/ Yoast SEO Premium plugin. -->","yoast_head_json":{"title":"Striscia LED super stretta serie 2MM 4MM 5MM larghezza - ESSENLED","description":"Striscia LED Super Narrow Serie 2mm-5mm, con 120leds\/m ad alta densit\u00e0, \u00e8 ultra-sottile larghezza di 5mm, e con alta luminosit\u00e0 19.2w\/m.","robots":{"index":"index","follow":"follow","max-snippet":"max-snippet:-1","max-image-preview":"max-image-preview:large","max-video-preview":"max-video-preview:-1"},"canonical":"https:\/\/essenled.com\/it\/prodotto\/super-narrow-led-strip-series\/","og_locale":"it_IT","og_type":"article","og_title":"Super Narrow LED Strip Series 2MM 4MM 5MM Width","og_description":"Super Narrow LED Strip Series 2mm-5mm, with 120leds\/m High-Density, is ultra-narrow width of 5mm, and with high bright 19.2w\/m.","og_url":"https:\/\/essenled.com\/it\/prodotto\/super-narrow-led-strip-series\/","og_site_name":"ESSENLED","article_modified_time":"2024-06-01T02:48:08+00:00","og_image":[{"width":1000,"height":1000,"url":"https:\/\/essenled.com\/wp-content\/uploads\/2024\/02\/Ultrathin-super-bright-2mm-LED-Strip.webp","type":"image\/webp"}],"twitter_card":"summary_large_image","twitter_misc":{"Tempo di lettura stimato":"1 minuto"},"schema":{"@context":"https:\/\/schema.org","@graph":[{"@type":"WebPage","@id":"https:\/\/essenled.com\/product\/super-narrow-led-strip-series\/","url":"https:\/\/essenled.com\/product\/super-narrow-led-strip-series\/","name":"Striscia LED super stretta serie 2MM 4MM 5MM larghezza - ESSENLED","isPartOf":{"@id":"https:\/\/essenled.com\/#website"},"primaryImageOfPage":{"@id":"https:\/\/essenled.com\/product\/super-narrow-led-strip-series\/#primaryimage"},"image":{"@id":"https:\/\/essenled.com\/product\/super-narrow-led-strip-series\/#primaryimage"},"thumbnailUrl":"https:\/\/essenled.com\/wp-content\/uploads\/2024\/02\/Ultrathin-super-bright-2mm-LED-Strip.webp","datePublished":"2024-02-19T04:04:34+00:00","dateModified":"2024-06-01T02:48:08+00:00","description":"Striscia LED Super Narrow Serie 2mm-5mm, con 120leds\/m ad alta densit\u00e0, \u00e8 ultra-sottile larghezza di 5mm, e con alta luminosit\u00e0 19.2w\/m.","breadcrumb":{"@id":"https:\/\/essenled.com\/product\/super-narrow-led-strip-series\/#breadcrumb"},"inLanguage":"it-IT","potentialAction":[{"@type":"ReadAction","target":["https:\/\/essenled.com\/product\/super-narrow-led-strip-series\/"]}]},{"@type":"ImageObject","inLanguage":"it-IT","@id":"https:\/\/essenled.com\/product\/super-narrow-led-strip-series\/#primaryimage","url":"https:\/\/essenled.com\/wp-content\/uploads\/2024\/02\/Ultrathin-super-bright-2mm-LED-Strip.webp","contentUrl":"https:\/\/essenled.com\/wp-content\/uploads\/2024\/02\/Ultrathin-super-bright-2mm-LED-Strip.webp","width":1000,"height":1000,"caption":"Ultrathin super bright 2mm LED Strip"},{"@type":"BreadcrumbList","@id":"https:\/\/essenled.com\/product\/super-narrow-led-strip-series\/#breadcrumb","itemListElement":[{"@type":"ListItem","position":1,"name":"Home","item":"https:\/\/essenled.com\/"},{"@type":"ListItem","position":2,"name":"Product","item":"https:\/\/essenled.com\/fr\/product\/"},{"@type":"ListItem","position":3,"name":"Super Narrow LED Strip Series 2MM 4MM 5MM Width"}]},{"@type":"WebSite","@id":"https:\/\/essenled.com\/#website","url":"https:\/\/essenled.com\/","name":"ESSENZIALE","description":"","publisher":{"@id":"https:\/\/essenled.com\/#organization"},"potentialAction":[{"@type":"SearchAction","target":{"@type":"EntryPoint","urlTemplate":"https:\/\/essenled.com\/?s={search_term_string}"},"query-input":{"@type":"PropertyValueSpecification","valueRequired":true,"valueName":"search_term_string"}}],"inLanguage":"it-IT"},{"@type":"Organization","@id":"https:\/\/essenled.com\/#organization","name":"ESSENZIALE","url":"https:\/\/essenled.com\/","logo":{"@type":"ImageObject","inLanguage":"it-IT","@id":"https:\/\/essenled.com\/#\/schema\/logo\/image\/","url":"https:\/\/essenled.com\/wp-content\/uploads\/2024\/01\/Essen-logo.png","contentUrl":"https:\/\/essenled.com\/wp-content\/uploads\/2024\/01\/Essen-logo.png","width":800,"height":110,"caption":"ESSENLED"},"image":{"@id":"https:\/\/essenled.com\/#\/schema\/logo\/image\/"}}]}},"_links":{"self":[{"href":"https:\/\/essenled.com\/it\/wp-json\/wp\/v2\/product\/919","targetHints":{"allow":["GET"]}}],"collection":[{"href":"https:\/\/essenled.com\/it\/wp-json\/wp\/v2\/product"}],"about":[{"href":"https:\/\/essenled.com\/it\/wp-json\/wp\/v2\/types\/product"}],"version-history":[{"count":4,"href":"https:\/\/essenled.com\/it\/wp-json\/wp\/v2\/product\/919\/revisions"}],"predecessor-version":[{"id":2142,"href":"https:\/\/essenled.com\/it\/wp-json\/wp\/v2\/product\/919\/revisions\/2142"}],"wp:featuredmedia":[{"embeddable":true,"href":"https:\/\/essenled.com\/it\/wp-json\/wp\/v2\/media\/2140"}],"wp:attachment":[{"href":"https:\/\/essenled.com\/it\/wp-json\/wp\/v2\/media?parent=919"}],"wp:term":[{"taxonomy":"product_brand","embeddable":true,"href":"https:\/\/essenled.com\/it\/wp-json\/wp\/v2\/product_brand?post=919"},{"taxonomy":"product_cat","embeddable":true,"href":"https:\/\/essenled.com\/it\/wp-json\/wp\/v2\/product_cat?post=919"},{"taxonomy":"product_tag","embeddable":true,"href":"https:\/\/essenled.com\/it\/wp-json\/wp\/v2\/product_tag?post=919"}],"curies":[{"name":"wp","href":"https:\/\/api.w.org\/{rel}","templated":true}]}}