{"id":928,"date":"2024-02-19T05:25:10","date_gmt":"2024-02-19T05:25:10","guid":{"rendered":"https:\/\/essenled.com\/?post_type=product&#038;p=928"},"modified":"2024-05-29T11:52:37","modified_gmt":"2024-05-29T11:52:37","slug":"2835-led-strip-lights-series-super-bright-10mm-24w","status":"publish","type":"product","link":"https:\/\/essenled.com\/fr\/produit\/2835-led-strip-lights-series-super-bright-10mm-24w\/","title":{"rendered":"Bande Lumineuse 2835 LED S\u00e9rie Super Bright 10MM 24W"},"content":{"rendered":"","protected":false},"excerpt":{"rendered":"<p>La s\u00e9rie de bandes LED SMD2835 super lumineuses est une bande LED populaire qui peut atteindre 24 W par m\u00e8tre, ce qui permet de r\u00e9aliser d'importantes \u00e9conomies d'\u00e9nergie sans compromettre la luminosit\u00e9 ou la qualit\u00e9 de l'\u00e9clairage.<\/p>\n<p>La bande lumineuse \u00e0 LED SMD2835 120leds a une densit\u00e9 \u00e9lev\u00e9e de 120leds\/m, et une largeur de 10 mm. Elle convient \u00e0 de nombreux profil\u00e9s aluminium \u00e0 LED, la combinaison parfaite de la compacit\u00e9 et de la luminosit\u00e9.<\/p>\n<p>La bande LED 2835 ultra-brillante de 120 leds\/m fonctionne en 12 et 24 V. Elle peut \u00eatre coup\u00e9e en 12 V, avec une longueur de coupe de 25 mm. En outre, elle peut \u00eatre coup\u00e9e en 12V, avec une longueur de coupe de 25 mm, et en 24V, avec une longueur de coupe de 50 mm.<\/p>\n<p>La polyvalence de la bande LED 2835 120leds\/m est illimit\u00e9e. De l'\u00e9clairage d'ambiance dans les espaces r\u00e9sidentiels \u00e0 la mise en valeur des lin\u00e9aires, sa large gamme de temp\u00e9ratures de couleur, du blanc chaud au blanc froid, cr\u00e9e une ambiance et un \u00e9tat d'esprit adapt\u00e9s \u00e0 des environnements sp\u00e9cifiques.<\/p>","protected":false},"featured_media":2065,"template":"","meta":{"_kad_post_transparent":"default","_kad_post_title":"","_kad_post_layout":"default","_kad_post_sidebar_id":"","_kad_post_content_style":"default","_kad_post_vertical_padding":"default","_kad_post_feature":"","_kad_post_feature_position":"","_kad_post_header":false,"_kad_post_footer":false,"_kad_post_classname":""},"product_brand":[],"product_cat":[29,766],"product_tag":[232,229,230,228,227,231],"class_list":{"0":"post-928","1":"product","2":"type-product","3":"status-publish","4":"has-post-thumbnail","6":"product_cat-led-strip","7":"product_cat-single-color-series","8":"product_tag-120leds-24w-12v-24v","9":"product_tag-2835-120leds-12v-24v","10":"product_tag-high-bright-led-strip-2835","11":"product_tag-high-cri-95-120leds-24w","12":"product_tag-led-strip-2835-120leds-10mm","13":"product_tag-ultra-slim-2835-120led","15":"first","16":"instock","17":"shipping-taxable","18":"product-type-simple","19":"entry","20":"content-bg","21":"loop-entry"},"yoast_head":"<!-- This site is optimized with the Yoast SEO Premium plugin v24.3 (Yoast SEO v26.7) - https:\/\/yoast.com\/wordpress\/plugins\/seo\/ -->\n<title>2835 LED Strip Lights Series Super Bright 10MM 24W - ESSENLED<\/title>\n<meta name=\"description\" content=\"The 2835 LED Strip Lights Series Super Bright is 24w\/m, providing significant savings on energy costs without compromising on brightness quality.\" \/>\n<meta name=\"robots\" content=\"index, follow, max-snippet:-1, max-image-preview:large, max-video-preview:-1\" \/>\n<link rel=\"canonical\" href=\"https:\/\/essenled.com\/fr\/produit\/2835-led-strip-lights-series-super-bright-10mm-24w\/\" \/>\n<meta property=\"og:locale\" content=\"fr_FR\" \/>\n<meta property=\"og:type\" content=\"article\" \/>\n<meta property=\"og:title\" content=\"2835 LED Strip Lights Series Super Bright 10MM 24W\" \/>\n<meta property=\"og:description\" content=\"The 2835 LED Strip Lights Series Super Bright is 24w\/m, providing significant savings on energy costs without compromising on brightness quality.\" \/>\n<meta property=\"og:url\" content=\"https:\/\/essenled.com\/fr\/produit\/2835-led-strip-lights-series-super-bright-10mm-24w\/\" \/>\n<meta property=\"og:site_name\" content=\"ESSENLED\" \/>\n<meta property=\"article:modified_time\" content=\"2024-05-29T11:52:37+00:00\" \/>\n<meta property=\"og:image\" content=\"https:\/\/essenled.com\/wp-content\/uploads\/2024\/02\/2835-LED-Light-Strip-Waterproof-120LED-Outdoor-1.webp\" \/>\n\t<meta property=\"og:image:width\" content=\"1000\" \/>\n\t<meta property=\"og:image:height\" content=\"1000\" \/>\n\t<meta property=\"og:image:type\" content=\"image\/webp\" \/>\n<meta name=\"twitter:card\" content=\"summary_large_image\" \/>\n<meta name=\"twitter:label1\" content=\"Dur\u00e9e de lecture estim\u00e9e\" \/>\n\t<meta name=\"twitter:data1\" content=\"1 minute\" \/>\n<script type=\"application\/ld+json\" class=\"yoast-schema-graph\">{\"@context\":\"https:\/\/schema.org\",\"@graph\":[{\"@type\":\"WebPage\",\"@id\":\"https:\/\/essenled.com\/product\/2835-led-strip-lights-series-super-bright-10mm-24w\/\",\"url\":\"https:\/\/essenled.com\/product\/2835-led-strip-lights-series-super-bright-10mm-24w\/\",\"name\":\"2835 LED Strip Lights Series Super Bright 10MM 24W - ESSENLED\",\"isPartOf\":{\"@id\":\"https:\/\/essenled.com\/#website\"},\"primaryImageOfPage\":{\"@id\":\"https:\/\/essenled.com\/product\/2835-led-strip-lights-series-super-bright-10mm-24w\/#primaryimage\"},\"image\":{\"@id\":\"https:\/\/essenled.com\/product\/2835-led-strip-lights-series-super-bright-10mm-24w\/#primaryimage\"},\"thumbnailUrl\":\"https:\/\/essenled.com\/wp-content\/uploads\/2024\/02\/2835-LED-Light-Strip-Waterproof-120LED-Outdoor-1.webp\",\"datePublished\":\"2024-02-19T05:25:10+00:00\",\"dateModified\":\"2024-05-29T11:52:37+00:00\",\"description\":\"The 2835 LED Strip Lights Series Super Bright is 24w\/m, providing significant savings on energy costs without compromising on brightness quality.\",\"breadcrumb\":{\"@id\":\"https:\/\/essenled.com\/product\/2835-led-strip-lights-series-super-bright-10mm-24w\/#breadcrumb\"},\"inLanguage\":\"fr-FR\",\"potentialAction\":[{\"@type\":\"ReadAction\",\"target\":[\"https:\/\/essenled.com\/product\/2835-led-strip-lights-series-super-bright-10mm-24w\/\"]}]},{\"@type\":\"ImageObject\",\"inLanguage\":\"fr-FR\",\"@id\":\"https:\/\/essenled.com\/product\/2835-led-strip-lights-series-super-bright-10mm-24w\/#primaryimage\",\"url\":\"https:\/\/essenled.com\/wp-content\/uploads\/2024\/02\/2835-LED-Light-Strip-Waterproof-120LED-Outdoor-1.webp\",\"contentUrl\":\"https:\/\/essenled.com\/wp-content\/uploads\/2024\/02\/2835-LED-Light-Strip-Waterproof-120LED-Outdoor-1.webp\",\"width\":1000,\"height\":1000,\"caption\":\"2835 LED Light Strip Waterproof 120LED Outdoor\"},{\"@type\":\"BreadcrumbList\",\"@id\":\"https:\/\/essenled.com\/product\/2835-led-strip-lights-series-super-bright-10mm-24w\/#breadcrumb\",\"itemListElement\":[{\"@type\":\"ListItem\",\"position\":1,\"name\":\"Home\",\"item\":\"https:\/\/essenled.com\/\"},{\"@type\":\"ListItem\",\"position\":2,\"name\":\"Product\",\"item\":\"https:\/\/essenled.com\/fr\/product\/\"},{\"@type\":\"ListItem\",\"position\":3,\"name\":\"2835 LED Strip Lights Series Super Bright 10MM 24W\"}]},{\"@type\":\"WebSite\",\"@id\":\"https:\/\/essenled.com\/#website\",\"url\":\"https:\/\/essenled.com\/\",\"name\":\"ESSENLED\",\"description\":\"\",\"publisher\":{\"@id\":\"https:\/\/essenled.com\/#organization\"},\"potentialAction\":[{\"@type\":\"SearchAction\",\"target\":{\"@type\":\"EntryPoint\",\"urlTemplate\":\"https:\/\/essenled.com\/?s={search_term_string}\"},\"query-input\":{\"@type\":\"PropertyValueSpecification\",\"valueRequired\":true,\"valueName\":\"search_term_string\"}}],\"inLanguage\":\"fr-FR\"},{\"@type\":\"Organization\",\"@id\":\"https:\/\/essenled.com\/#organization\",\"name\":\"ESSENLED\",\"url\":\"https:\/\/essenled.com\/\",\"logo\":{\"@type\":\"ImageObject\",\"inLanguage\":\"fr-FR\",\"@id\":\"https:\/\/essenled.com\/#\/schema\/logo\/image\/\",\"url\":\"https:\/\/essenled.com\/wp-content\/uploads\/2024\/01\/Essen-logo.png\",\"contentUrl\":\"https:\/\/essenled.com\/wp-content\/uploads\/2024\/01\/Essen-logo.png\",\"width\":800,\"height\":110,\"caption\":\"ESSENLED\"},\"image\":{\"@id\":\"https:\/\/essenled.com\/#\/schema\/logo\/image\/\"}}]}<\/script>\n<!-- \/ Yoast SEO Premium plugin. -->","yoast_head_json":{"title":"Bande Lumineuse 2835 LED Super Bright 10MM 24W - ESSENLED","description":"La s\u00e9rie de bandes lumineuses 2835 LED Super Bright est de 24w\/m, ce qui permet de r\u00e9aliser d'importantes \u00e9conomies d'\u00e9nergie sans compromettre la qualit\u00e9 de la luminosit\u00e9.","robots":{"index":"index","follow":"follow","max-snippet":"max-snippet:-1","max-image-preview":"max-image-preview:large","max-video-preview":"max-video-preview:-1"},"canonical":"https:\/\/essenled.com\/fr\/produit\/2835-led-strip-lights-series-super-bright-10mm-24w\/","og_locale":"fr_FR","og_type":"article","og_title":"2835 LED Strip Lights Series Super Bright 10MM 24W","og_description":"The 2835 LED Strip Lights Series Super Bright is 24w\/m, providing significant savings on energy costs without compromising on brightness quality.","og_url":"https:\/\/essenled.com\/fr\/produit\/2835-led-strip-lights-series-super-bright-10mm-24w\/","og_site_name":"ESSENLED","article_modified_time":"2024-05-29T11:52:37+00:00","og_image":[{"width":1000,"height":1000,"url":"https:\/\/essenled.com\/wp-content\/uploads\/2024\/02\/2835-LED-Light-Strip-Waterproof-120LED-Outdoor-1.webp","type":"image\/webp"}],"twitter_card":"summary_large_image","twitter_misc":{"Dur\u00e9e de lecture estim\u00e9e":"1 minute"},"schema":{"@context":"https:\/\/schema.org","@graph":[{"@type":"WebPage","@id":"https:\/\/essenled.com\/product\/2835-led-strip-lights-series-super-bright-10mm-24w\/","url":"https:\/\/essenled.com\/product\/2835-led-strip-lights-series-super-bright-10mm-24w\/","name":"Bande Lumineuse 2835 LED Super Bright 10MM 24W - ESSENLED","isPartOf":{"@id":"https:\/\/essenled.com\/#website"},"primaryImageOfPage":{"@id":"https:\/\/essenled.com\/product\/2835-led-strip-lights-series-super-bright-10mm-24w\/#primaryimage"},"image":{"@id":"https:\/\/essenled.com\/product\/2835-led-strip-lights-series-super-bright-10mm-24w\/#primaryimage"},"thumbnailUrl":"https:\/\/essenled.com\/wp-content\/uploads\/2024\/02\/2835-LED-Light-Strip-Waterproof-120LED-Outdoor-1.webp","datePublished":"2024-02-19T05:25:10+00:00","dateModified":"2024-05-29T11:52:37+00:00","description":"La s\u00e9rie de bandes lumineuses 2835 LED Super Bright est de 24w\/m, ce qui permet de r\u00e9aliser d'importantes \u00e9conomies d'\u00e9nergie sans compromettre la qualit\u00e9 de la luminosit\u00e9.","breadcrumb":{"@id":"https:\/\/essenled.com\/product\/2835-led-strip-lights-series-super-bright-10mm-24w\/#breadcrumb"},"inLanguage":"fr-FR","potentialAction":[{"@type":"ReadAction","target":["https:\/\/essenled.com\/product\/2835-led-strip-lights-series-super-bright-10mm-24w\/"]}]},{"@type":"ImageObject","inLanguage":"fr-FR","@id":"https:\/\/essenled.com\/product\/2835-led-strip-lights-series-super-bright-10mm-24w\/#primaryimage","url":"https:\/\/essenled.com\/wp-content\/uploads\/2024\/02\/2835-LED-Light-Strip-Waterproof-120LED-Outdoor-1.webp","contentUrl":"https:\/\/essenled.com\/wp-content\/uploads\/2024\/02\/2835-LED-Light-Strip-Waterproof-120LED-Outdoor-1.webp","width":1000,"height":1000,"caption":"2835 LED Light Strip Waterproof 120LED Outdoor"},{"@type":"BreadcrumbList","@id":"https:\/\/essenled.com\/product\/2835-led-strip-lights-series-super-bright-10mm-24w\/#breadcrumb","itemListElement":[{"@type":"ListItem","position":1,"name":"Home","item":"https:\/\/essenled.com\/"},{"@type":"ListItem","position":2,"name":"Product","item":"https:\/\/essenled.com\/fr\/product\/"},{"@type":"ListItem","position":3,"name":"2835 LED Strip Lights Series Super Bright 10MM 24W"}]},{"@type":"WebSite","@id":"https:\/\/essenled.com\/#website","url":"https:\/\/essenled.com\/","name":"ESSENLED","description":"","publisher":{"@id":"https:\/\/essenled.com\/#organization"},"potentialAction":[{"@type":"SearchAction","target":{"@type":"EntryPoint","urlTemplate":"https:\/\/essenled.com\/?s={search_term_string}"},"query-input":{"@type":"PropertyValueSpecification","valueRequired":true,"valueName":"search_term_string"}}],"inLanguage":"fr-FR"},{"@type":"Organization","@id":"https:\/\/essenled.com\/#organization","name":"ESSENLED","url":"https:\/\/essenled.com\/","logo":{"@type":"ImageObject","inLanguage":"fr-FR","@id":"https:\/\/essenled.com\/#\/schema\/logo\/image\/","url":"https:\/\/essenled.com\/wp-content\/uploads\/2024\/01\/Essen-logo.png","contentUrl":"https:\/\/essenled.com\/wp-content\/uploads\/2024\/01\/Essen-logo.png","width":800,"height":110,"caption":"ESSENLED"},"image":{"@id":"https:\/\/essenled.com\/#\/schema\/logo\/image\/"}}]}},"_links":{"self":[{"href":"https:\/\/essenled.com\/fr\/wp-json\/wp\/v2\/product\/928","targetHints":{"allow":["GET"]}}],"collection":[{"href":"https:\/\/essenled.com\/fr\/wp-json\/wp\/v2\/product"}],"about":[{"href":"https:\/\/essenled.com\/fr\/wp-json\/wp\/v2\/types\/product"}],"version-history":[{"count":3,"href":"https:\/\/essenled.com\/fr\/wp-json\/wp\/v2\/product\/928\/revisions"}],"predecessor-version":[{"id":2068,"href":"https:\/\/essenled.com\/fr\/wp-json\/wp\/v2\/product\/928\/revisions\/2068"}],"wp:featuredmedia":[{"embeddable":true,"href":"https:\/\/essenled.com\/fr\/wp-json\/wp\/v2\/media\/2065"}],"wp:attachment":[{"href":"https:\/\/essenled.com\/fr\/wp-json\/wp\/v2\/media?parent=928"}],"wp:term":[{"taxonomy":"product_brand","embeddable":true,"href":"https:\/\/essenled.com\/fr\/wp-json\/wp\/v2\/product_brand?post=928"},{"taxonomy":"product_cat","embeddable":true,"href":"https:\/\/essenled.com\/fr\/wp-json\/wp\/v2\/product_cat?post=928"},{"taxonomy":"product_tag","embeddable":true,"href":"https:\/\/essenled.com\/fr\/wp-json\/wp\/v2\/product_tag?post=928"}],"curies":[{"name":"wp","href":"https:\/\/api.w.org\/{rel}","templated":true}]}}