{"id":836,"date":"2024-02-15T10:29:44","date_gmt":"2024-02-15T10:29:44","guid":{"rendered":"https:\/\/essenled.com\/?post_type=product&#038;p=836"},"modified":"2024-05-29T11:27:34","modified_gmt":"2024-05-29T11:27:34","slug":"3528-led-strip-lights-series-high-density-24v-cri95","status":"publish","type":"product","link":"https:\/\/essenled.com\/fr\/produit\/3528-led-strip-lights-series-high-density-24v-cri95\/","title":{"rendered":"3528 LED Strip Lights Series High Density 12V 24V CRI95"},"content":{"rendered":"","protected":false},"excerpt":{"rendered":"<p>La s\u00e9rie de bandes lumineuses \u00e0 LED SMD3528, ce qui signifie que la densit\u00e9 des LED dans cette bande lumineuse \u00e0 LED est tr\u00e8s \u00e9lev\u00e9e, ce qui contribue \u00e0 produire une lumi\u00e8re coh\u00e9rente et uniforme.<\/p>\n<p>Cette bande de LED est compatible \u00e0 la fois avec le 12V et le 24V, avec diff\u00e9rentes quantit\u00e9s de LEDs\/par, la longueur de coupe est diff\u00e9rente. Elle offre donc une grande souplesse d'installation et d'utilisation.<\/p>\n<p>Sa puissance est de 4,8w-19,2w\/m, il s'agit d'une carte \u00e0 une rang\u00e9e de 8-15mm en option, et elle produit \u00e9galement une sortie relativement lumineuse. Par cons\u00e9quent, cette bande LED de 240 leds\/m convient aux applications qui n\u00e9cessitent une luminosit\u00e9 \u00e9lev\u00e9e et un rendu des couleurs pr\u00e9cis.<\/p>\n<p>La temp\u00e9rature de couleur conventionnelle des bandes LED 3528 est de 1800K-6000K, et de nombreuses temp\u00e9ratures de couleur peuvent \u00eatre personnalis\u00e9es. De plus, le CRI95+ est support\u00e9, vous pouvez choisir le CRI95+ en fonction de votre projet d'\u00e9clairage.<\/p>","protected":false},"featured_media":2059,"template":"","meta":{"_kad_post_transparent":"default","_kad_post_title":"","_kad_post_layout":"default","_kad_post_sidebar_id":"","_kad_post_content_style":"default","_kad_post_vertical_padding":"default","_kad_post_feature":"","_kad_post_feature_position":"","_kad_post_header":false,"_kad_post_footer":false,"_kad_post_classname":""},"product_brand":[],"product_cat":[29,766],"product_tag":[163,159,156,157,158,160,161,162],"class_list":{"0":"post-836","1":"product","2":"type-product","3":"status-publish","4":"has-post-thumbnail","6":"product_cat-led-strip","7":"product_cat-single-color-series","8":"product_tag-3528-led-strip-240leds-12v-24v","9":"product_tag-3528-led-strip-24v-240leds","10":"product_tag-cri90-3528-240leds-led-strip","11":"product_tag-dc24v-high-density-240leds","12":"product_tag-dc24v-single-row-high-density","13":"product_tag-high-density-3528-240leds","14":"product_tag-led-strip-smd3528-240leds","15":"product_tag-single-row-smd-3528-240leds","17":"first","18":"instock","19":"shipping-taxable","20":"product-type-simple","21":"entry","22":"content-bg","23":"loop-entry"},"yoast_head":"<!-- This site is optimized with the Yoast SEO Premium plugin v24.3 (Yoast SEO v26.7) - https:\/\/yoast.com\/wordpress\/plugins\/seo\/ -->\n<title>3528 LED Strip Lights Series High Density 12V 24V CRI95 - ESSENLED<\/title>\n<meta name=\"description\" content=\"3528 LED Strip Lights Series High Density, the density of LEDs in this LED strip is very high, helps to output consistent and uniform light.\" \/>\n<meta name=\"robots\" content=\"index, follow, max-snippet:-1, max-image-preview:large, max-video-preview:-1\" \/>\n<link rel=\"canonical\" href=\"https:\/\/essenled.com\/fr\/produit\/3528-led-strip-lights-series-high-density-24v-cri95\/\" \/>\n<meta property=\"og:locale\" content=\"fr_FR\" \/>\n<meta property=\"og:type\" content=\"article\" \/>\n<meta property=\"og:title\" content=\"3528 LED Strip Lights Series High Density 12V 24V CRI95\" \/>\n<meta property=\"og:description\" content=\"3528 LED Strip Lights Series High Density, the density of LEDs in this LED strip is very high, helps to output consistent and uniform light.\" \/>\n<meta property=\"og:url\" content=\"https:\/\/essenled.com\/fr\/produit\/3528-led-strip-lights-series-high-density-24v-cri95\/\" \/>\n<meta property=\"og:site_name\" content=\"ESSENLED\" \/>\n<meta property=\"article:modified_time\" content=\"2024-05-29T11:27:34+00:00\" \/>\n<meta property=\"og:image\" content=\"https:\/\/essenled.com\/wp-content\/uploads\/2024\/02\/Indoor-12V-24V-3528-LED-Tape-Light.webp\" \/>\n\t<meta property=\"og:image:width\" content=\"1000\" \/>\n\t<meta property=\"og:image:height\" content=\"1000\" \/>\n\t<meta property=\"og:image:type\" content=\"image\/webp\" \/>\n<meta name=\"twitter:card\" content=\"summary_large_image\" \/>\n<meta name=\"twitter:label1\" content=\"Dur\u00e9e de lecture estim\u00e9e\" \/>\n\t<meta name=\"twitter:data1\" content=\"1 minute\" \/>\n<script type=\"application\/ld+json\" class=\"yoast-schema-graph\">{\"@context\":\"https:\/\/schema.org\",\"@graph\":[{\"@type\":\"WebPage\",\"@id\":\"https:\/\/essenled.com\/product\/3528-led-strip-lights-series-high-density-24v-cri95\/\",\"url\":\"https:\/\/essenled.com\/product\/3528-led-strip-lights-series-high-density-24v-cri95\/\",\"name\":\"3528 LED Strip Lights Series High Density 12V 24V CRI95 - ESSENLED\",\"isPartOf\":{\"@id\":\"https:\/\/essenled.com\/#website\"},\"primaryImageOfPage\":{\"@id\":\"https:\/\/essenled.com\/product\/3528-led-strip-lights-series-high-density-24v-cri95\/#primaryimage\"},\"image\":{\"@id\":\"https:\/\/essenled.com\/product\/3528-led-strip-lights-series-high-density-24v-cri95\/#primaryimage\"},\"thumbnailUrl\":\"https:\/\/essenled.com\/wp-content\/uploads\/2024\/02\/Indoor-12V-24V-3528-LED-Tape-Light.webp\",\"datePublished\":\"2024-02-15T10:29:44+00:00\",\"dateModified\":\"2024-05-29T11:27:34+00:00\",\"description\":\"3528 LED Strip Lights Series High Density, the density of LEDs in this LED strip is very high, helps to output consistent and uniform light.\",\"breadcrumb\":{\"@id\":\"https:\/\/essenled.com\/product\/3528-led-strip-lights-series-high-density-24v-cri95\/#breadcrumb\"},\"inLanguage\":\"fr-FR\",\"potentialAction\":[{\"@type\":\"ReadAction\",\"target\":[\"https:\/\/essenled.com\/product\/3528-led-strip-lights-series-high-density-24v-cri95\/\"]}]},{\"@type\":\"ImageObject\",\"inLanguage\":\"fr-FR\",\"@id\":\"https:\/\/essenled.com\/product\/3528-led-strip-lights-series-high-density-24v-cri95\/#primaryimage\",\"url\":\"https:\/\/essenled.com\/wp-content\/uploads\/2024\/02\/Indoor-12V-24V-3528-LED-Tape-Light.webp\",\"contentUrl\":\"https:\/\/essenled.com\/wp-content\/uploads\/2024\/02\/Indoor-12V-24V-3528-LED-Tape-Light.webp\",\"width\":1000,\"height\":1000,\"caption\":\"Indoor 12V 24V 3528 LED Tape Light\"},{\"@type\":\"BreadcrumbList\",\"@id\":\"https:\/\/essenled.com\/product\/3528-led-strip-lights-series-high-density-24v-cri95\/#breadcrumb\",\"itemListElement\":[{\"@type\":\"ListItem\",\"position\":1,\"name\":\"Home\",\"item\":\"https:\/\/essenled.com\/\"},{\"@type\":\"ListItem\",\"position\":2,\"name\":\"Product\",\"item\":\"https:\/\/essenled.com\/fr\/product\/\"},{\"@type\":\"ListItem\",\"position\":3,\"name\":\"3528 LED Strip Lights Series High Density 12V 24V CRI95\"}]},{\"@type\":\"WebSite\",\"@id\":\"https:\/\/essenled.com\/#website\",\"url\":\"https:\/\/essenled.com\/\",\"name\":\"ESSENLED\",\"description\":\"\",\"publisher\":{\"@id\":\"https:\/\/essenled.com\/#organization\"},\"potentialAction\":[{\"@type\":\"SearchAction\",\"target\":{\"@type\":\"EntryPoint\",\"urlTemplate\":\"https:\/\/essenled.com\/?s={search_term_string}\"},\"query-input\":{\"@type\":\"PropertyValueSpecification\",\"valueRequired\":true,\"valueName\":\"search_term_string\"}}],\"inLanguage\":\"fr-FR\"},{\"@type\":\"Organization\",\"@id\":\"https:\/\/essenled.com\/#organization\",\"name\":\"ESSENLED\",\"url\":\"https:\/\/essenled.com\/\",\"logo\":{\"@type\":\"ImageObject\",\"inLanguage\":\"fr-FR\",\"@id\":\"https:\/\/essenled.com\/#\/schema\/logo\/image\/\",\"url\":\"https:\/\/essenled.com\/wp-content\/uploads\/2024\/01\/Essen-logo.png\",\"contentUrl\":\"https:\/\/essenled.com\/wp-content\/uploads\/2024\/01\/Essen-logo.png\",\"width\":800,\"height\":110,\"caption\":\"ESSENLED\"},\"image\":{\"@id\":\"https:\/\/essenled.com\/#\/schema\/logo\/image\/\"}}]}<\/script>\n<!-- \/ Yoast SEO Premium plugin. -->","yoast_head_json":{"title":"Bande LED 3528 haute densit\u00e9 12V 24V CRI95 - ESSENLED","description":"S\u00e9rie de bandes lumineuses \u00e0 LED 3528 Haute densit\u00e9, la densit\u00e9 des LED dans cette bande lumineuse \u00e0 LED est tr\u00e8s \u00e9lev\u00e9e, ce qui permet d'obtenir une lumi\u00e8re coh\u00e9rente et uniforme.","robots":{"index":"index","follow":"follow","max-snippet":"max-snippet:-1","max-image-preview":"max-image-preview:large","max-video-preview":"max-video-preview:-1"},"canonical":"https:\/\/essenled.com\/fr\/produit\/3528-led-strip-lights-series-high-density-24v-cri95\/","og_locale":"fr_FR","og_type":"article","og_title":"3528 LED Strip Lights Series High Density 12V 24V CRI95","og_description":"3528 LED Strip Lights Series High Density, the density of LEDs in this LED strip is very high, helps to output consistent and uniform light.","og_url":"https:\/\/essenled.com\/fr\/produit\/3528-led-strip-lights-series-high-density-24v-cri95\/","og_site_name":"ESSENLED","article_modified_time":"2024-05-29T11:27:34+00:00","og_image":[{"width":1000,"height":1000,"url":"https:\/\/essenled.com\/wp-content\/uploads\/2024\/02\/Indoor-12V-24V-3528-LED-Tape-Light.webp","type":"image\/webp"}],"twitter_card":"summary_large_image","twitter_misc":{"Dur\u00e9e de lecture estim\u00e9e":"1 minute"},"schema":{"@context":"https:\/\/schema.org","@graph":[{"@type":"WebPage","@id":"https:\/\/essenled.com\/product\/3528-led-strip-lights-series-high-density-24v-cri95\/","url":"https:\/\/essenled.com\/product\/3528-led-strip-lights-series-high-density-24v-cri95\/","name":"Bande LED 3528 haute densit\u00e9 12V 24V CRI95 - ESSENLED","isPartOf":{"@id":"https:\/\/essenled.com\/#website"},"primaryImageOfPage":{"@id":"https:\/\/essenled.com\/product\/3528-led-strip-lights-series-high-density-24v-cri95\/#primaryimage"},"image":{"@id":"https:\/\/essenled.com\/product\/3528-led-strip-lights-series-high-density-24v-cri95\/#primaryimage"},"thumbnailUrl":"https:\/\/essenled.com\/wp-content\/uploads\/2024\/02\/Indoor-12V-24V-3528-LED-Tape-Light.webp","datePublished":"2024-02-15T10:29:44+00:00","dateModified":"2024-05-29T11:27:34+00:00","description":"S\u00e9rie de bandes lumineuses \u00e0 LED 3528 Haute densit\u00e9, la densit\u00e9 des LED dans cette bande lumineuse \u00e0 LED est tr\u00e8s \u00e9lev\u00e9e, ce qui permet d'obtenir une lumi\u00e8re coh\u00e9rente et uniforme.","breadcrumb":{"@id":"https:\/\/essenled.com\/product\/3528-led-strip-lights-series-high-density-24v-cri95\/#breadcrumb"},"inLanguage":"fr-FR","potentialAction":[{"@type":"ReadAction","target":["https:\/\/essenled.com\/product\/3528-led-strip-lights-series-high-density-24v-cri95\/"]}]},{"@type":"ImageObject","inLanguage":"fr-FR","@id":"https:\/\/essenled.com\/product\/3528-led-strip-lights-series-high-density-24v-cri95\/#primaryimage","url":"https:\/\/essenled.com\/wp-content\/uploads\/2024\/02\/Indoor-12V-24V-3528-LED-Tape-Light.webp","contentUrl":"https:\/\/essenled.com\/wp-content\/uploads\/2024\/02\/Indoor-12V-24V-3528-LED-Tape-Light.webp","width":1000,"height":1000,"caption":"Indoor 12V 24V 3528 LED Tape Light"},{"@type":"BreadcrumbList","@id":"https:\/\/essenled.com\/product\/3528-led-strip-lights-series-high-density-24v-cri95\/#breadcrumb","itemListElement":[{"@type":"ListItem","position":1,"name":"Home","item":"https:\/\/essenled.com\/"},{"@type":"ListItem","position":2,"name":"Product","item":"https:\/\/essenled.com\/fr\/product\/"},{"@type":"ListItem","position":3,"name":"3528 LED Strip Lights Series High Density 12V 24V CRI95"}]},{"@type":"WebSite","@id":"https:\/\/essenled.com\/#website","url":"https:\/\/essenled.com\/","name":"ESSENLED","description":"","publisher":{"@id":"https:\/\/essenled.com\/#organization"},"potentialAction":[{"@type":"SearchAction","target":{"@type":"EntryPoint","urlTemplate":"https:\/\/essenled.com\/?s={search_term_string}"},"query-input":{"@type":"PropertyValueSpecification","valueRequired":true,"valueName":"search_term_string"}}],"inLanguage":"fr-FR"},{"@type":"Organization","@id":"https:\/\/essenled.com\/#organization","name":"ESSENLED","url":"https:\/\/essenled.com\/","logo":{"@type":"ImageObject","inLanguage":"fr-FR","@id":"https:\/\/essenled.com\/#\/schema\/logo\/image\/","url":"https:\/\/essenled.com\/wp-content\/uploads\/2024\/01\/Essen-logo.png","contentUrl":"https:\/\/essenled.com\/wp-content\/uploads\/2024\/01\/Essen-logo.png","width":800,"height":110,"caption":"ESSENLED"},"image":{"@id":"https:\/\/essenled.com\/#\/schema\/logo\/image\/"}}]}},"_links":{"self":[{"href":"https:\/\/essenled.com\/fr\/wp-json\/wp\/v2\/product\/836","targetHints":{"allow":["GET"]}}],"collection":[{"href":"https:\/\/essenled.com\/fr\/wp-json\/wp\/v2\/product"}],"about":[{"href":"https:\/\/essenled.com\/fr\/wp-json\/wp\/v2\/types\/product"}],"version-history":[{"count":3,"href":"https:\/\/essenled.com\/fr\/wp-json\/wp\/v2\/product\/836\/revisions"}],"predecessor-version":[{"id":2061,"href":"https:\/\/essenled.com\/fr\/wp-json\/wp\/v2\/product\/836\/revisions\/2061"}],"wp:featuredmedia":[{"embeddable":true,"href":"https:\/\/essenled.com\/fr\/wp-json\/wp\/v2\/media\/2059"}],"wp:attachment":[{"href":"https:\/\/essenled.com\/fr\/wp-json\/wp\/v2\/media?parent=836"}],"wp:term":[{"taxonomy":"product_brand","embeddable":true,"href":"https:\/\/essenled.com\/fr\/wp-json\/wp\/v2\/product_brand?post=836"},{"taxonomy":"product_cat","embeddable":true,"href":"https:\/\/essenled.com\/fr\/wp-json\/wp\/v2\/product_cat?post=836"},{"taxonomy":"product_tag","embeddable":true,"href":"https:\/\/essenled.com\/fr\/wp-json\/wp\/v2\/product_tag?post=836"}],"curies":[{"name":"wp","href":"https:\/\/api.w.org\/{rel}","templated":true}]}}