{"id":785,"date":"2024-02-15T01:18:20","date_gmt":"2024-02-15T01:18:20","guid":{"rendered":"https:\/\/essenled.com\/?post_type=product&#038;p=785"},"modified":"2024-05-29T11:04:47","modified_gmt":"2024-05-29T11:04:47","slug":"5050-led-strip-lights-series-dc12v-dc24v-cri95","status":"publish","type":"product","link":"https:\/\/essenled.com\/fr\/produit\/5050-led-strip-lights-series-dc12v-dc24v-cri95\/","title":{"rendered":"S\u00e9rie de bandes lumineuses 5050 LED DC12V DC24V CRI95"},"content":{"rendered":"","protected":false},"excerpt":{"rendered":"<p>La s\u00e9rie de bandes de LED SMD5050 est l'une des bandes de LED les plus anciennes et les plus vendues. Pour autant que nous le sachions, SMD5050 fait r\u00e9f\u00e9rence \u00e0 la taille de la puce LED. Les dimensions de la LED sont de 5,0 mm x 5,0 mm.<\/p>\n<p>Cette bande lumineuse \u00e0 LED est compos\u00e9e de 60LEDs\/m, 96LEDs\/m, et 120LEDs\/m. La bande LED peut \u00eatre aliment\u00e9e par un courant continu de 12 ou 24 V. Cette flexibilit\u00e9 permet aux utilisateurs de choisir la tension appropri\u00e9e en fonction de leurs besoins sp\u00e9cifiques. Cette flexibilit\u00e9 permet aux utilisateurs de s\u00e9lectionner la tension appropri\u00e9e en fonction de leurs besoins sp\u00e9cifiques.<\/p>\n<p>Il prend en charge un IRC de 95+, un IRC de 95 indiquant un rendu des couleurs \u00e9lev\u00e9, ce qui signifie que la lumi\u00e8re \u00e9mise par ces LED est tr\u00e8s similaire \u00e0 la lumi\u00e8re naturelle du soleil ou \u00e0 l'\u00e9clairage incandescent.<\/p>\n<p>La s\u00e9rie de bandes lumineuses SMD5050 LED permet une coupe automatique et des tailles personnalis\u00e9es, et les longueurs de coupe de 12V et 24V sont diff\u00e9rentes. La protection est IP20 et peut \u00eatre am\u00e9lior\u00e9e \u00e0 IP65, IP65H, IP67 et IP68.<\/p>","protected":false},"featured_media":2051,"template":"","meta":{"_kad_post_transparent":"default","_kad_post_title":"","_kad_post_layout":"default","_kad_post_sidebar_id":"","_kad_post_content_style":"default","_kad_post_vertical_padding":"default","_kad_post_feature":"","_kad_post_feature_position":"","_kad_post_header":false,"_kad_post_footer":false,"_kad_post_classname":""},"product_brand":[],"product_cat":[29,766],"product_tag":[122,769,123,770,771],"class_list":{"0":"post-785","1":"product","2":"type-product","3":"status-publish","4":"has-post-thumbnail","6":"product_cat-led-strip","7":"product_cat-single-color-series","8":"product_tag-24v-5050-smd-led-strip","9":"product_tag-5050-10mm-width","10":"product_tag-5050-60leds-led-strips-cri95","11":"product_tag-5050-flexible-led-strip-light","12":"product_tag-high-cri-white-5050-flexible","14":"first","15":"instock","16":"shipping-taxable","17":"product-type-simple","18":"entry","19":"content-bg","20":"loop-entry"},"yoast_head":"<!-- This site is optimized with the Yoast SEO Premium plugin v24.3 (Yoast SEO v26.7) - https:\/\/yoast.com\/wordpress\/plugins\/seo\/ -->\n<title>5050 LED Strip Lights Series DC12V DC24V CRI95 - ESSENLED<\/title>\n<meta name=\"description\" content=\"5050 LED Strip Lights Series are one of the earliest, SMD5050 refers to the LED chip size. The dimensions of the LED are 5.0mm x 5.0mm.\" \/>\n<meta name=\"robots\" content=\"index, follow, max-snippet:-1, max-image-preview:large, max-video-preview:-1\" \/>\n<link rel=\"canonical\" href=\"https:\/\/essenled.com\/fr\/produit\/5050-led-strip-lights-series-dc12v-dc24v-cri95\/\" \/>\n<meta property=\"og:locale\" content=\"fr_FR\" \/>\n<meta property=\"og:type\" content=\"article\" \/>\n<meta property=\"og:title\" content=\"5050 LED Strip Lights Series DC12V DC24V CRI95\" \/>\n<meta property=\"og:description\" content=\"5050 LED Strip Lights Series are one of the earliest, SMD5050 refers to the LED chip size. The dimensions of the LED are 5.0mm x 5.0mm.\" \/>\n<meta property=\"og:url\" content=\"https:\/\/essenled.com\/fr\/produit\/5050-led-strip-lights-series-dc12v-dc24v-cri95\/\" \/>\n<meta property=\"og:site_name\" content=\"ESSENLED\" \/>\n<meta property=\"article:modified_time\" content=\"2024-05-29T11:04:47+00:00\" \/>\n<meta property=\"og:image\" content=\"https:\/\/essenled.com\/wp-content\/uploads\/2024\/02\/5050-SMD-Flexible-LED-Strip-Lights.webp\" \/>\n\t<meta property=\"og:image:width\" content=\"1000\" \/>\n\t<meta property=\"og:image:height\" content=\"1000\" \/>\n\t<meta property=\"og:image:type\" content=\"image\/webp\" \/>\n<meta name=\"twitter:card\" content=\"summary_large_image\" \/>\n<meta name=\"twitter:label1\" content=\"Dur\u00e9e de lecture estim\u00e9e\" \/>\n\t<meta name=\"twitter:data1\" content=\"1 minute\" \/>\n<script type=\"application\/ld+json\" class=\"yoast-schema-graph\">{\"@context\":\"https:\/\/schema.org\",\"@graph\":[{\"@type\":\"WebPage\",\"@id\":\"https:\/\/essenled.com\/product\/5050-led-strip-lights-series-dc12v-dc24v-cri95\/\",\"url\":\"https:\/\/essenled.com\/product\/5050-led-strip-lights-series-dc12v-dc24v-cri95\/\",\"name\":\"5050 LED Strip Lights Series DC12V DC24V CRI95 - ESSENLED\",\"isPartOf\":{\"@id\":\"https:\/\/essenled.com\/#website\"},\"primaryImageOfPage\":{\"@id\":\"https:\/\/essenled.com\/product\/5050-led-strip-lights-series-dc12v-dc24v-cri95\/#primaryimage\"},\"image\":{\"@id\":\"https:\/\/essenled.com\/product\/5050-led-strip-lights-series-dc12v-dc24v-cri95\/#primaryimage\"},\"thumbnailUrl\":\"https:\/\/essenled.com\/wp-content\/uploads\/2024\/02\/5050-SMD-Flexible-LED-Strip-Lights.webp\",\"datePublished\":\"2024-02-15T01:18:20+00:00\",\"dateModified\":\"2024-05-29T11:04:47+00:00\",\"description\":\"5050 LED Strip Lights Series are one of the earliest, SMD5050 refers to the LED chip size. The dimensions of the LED are 5.0mm x 5.0mm.\",\"breadcrumb\":{\"@id\":\"https:\/\/essenled.com\/product\/5050-led-strip-lights-series-dc12v-dc24v-cri95\/#breadcrumb\"},\"inLanguage\":\"fr-FR\",\"potentialAction\":[{\"@type\":\"ReadAction\",\"target\":[\"https:\/\/essenled.com\/product\/5050-led-strip-lights-series-dc12v-dc24v-cri95\/\"]}]},{\"@type\":\"ImageObject\",\"inLanguage\":\"fr-FR\",\"@id\":\"https:\/\/essenled.com\/product\/5050-led-strip-lights-series-dc12v-dc24v-cri95\/#primaryimage\",\"url\":\"https:\/\/essenled.com\/wp-content\/uploads\/2024\/02\/5050-SMD-Flexible-LED-Strip-Lights.webp\",\"contentUrl\":\"https:\/\/essenled.com\/wp-content\/uploads\/2024\/02\/5050-SMD-Flexible-LED-Strip-Lights.webp\",\"width\":1000,\"height\":1000,\"caption\":\"5050 SMD Flexible LED Strip Lights\"},{\"@type\":\"BreadcrumbList\",\"@id\":\"https:\/\/essenled.com\/product\/5050-led-strip-lights-series-dc12v-dc24v-cri95\/#breadcrumb\",\"itemListElement\":[{\"@type\":\"ListItem\",\"position\":1,\"name\":\"Home\",\"item\":\"https:\/\/essenled.com\/\"},{\"@type\":\"ListItem\",\"position\":2,\"name\":\"Product\",\"item\":\"https:\/\/essenled.com\/fr\/product\/\"},{\"@type\":\"ListItem\",\"position\":3,\"name\":\"5050 LED Strip Lights Series DC12V DC24V CRI95\"}]},{\"@type\":\"WebSite\",\"@id\":\"https:\/\/essenled.com\/#website\",\"url\":\"https:\/\/essenled.com\/\",\"name\":\"ESSENLED\",\"description\":\"\",\"publisher\":{\"@id\":\"https:\/\/essenled.com\/#organization\"},\"potentialAction\":[{\"@type\":\"SearchAction\",\"target\":{\"@type\":\"EntryPoint\",\"urlTemplate\":\"https:\/\/essenled.com\/?s={search_term_string}\"},\"query-input\":{\"@type\":\"PropertyValueSpecification\",\"valueRequired\":true,\"valueName\":\"search_term_string\"}}],\"inLanguage\":\"fr-FR\"},{\"@type\":\"Organization\",\"@id\":\"https:\/\/essenled.com\/#organization\",\"name\":\"ESSENLED\",\"url\":\"https:\/\/essenled.com\/\",\"logo\":{\"@type\":\"ImageObject\",\"inLanguage\":\"fr-FR\",\"@id\":\"https:\/\/essenled.com\/#\/schema\/logo\/image\/\",\"url\":\"https:\/\/essenled.com\/wp-content\/uploads\/2024\/01\/Essen-logo.png\",\"contentUrl\":\"https:\/\/essenled.com\/wp-content\/uploads\/2024\/01\/Essen-logo.png\",\"width\":800,\"height\":110,\"caption\":\"ESSENLED\"},\"image\":{\"@id\":\"https:\/\/essenled.com\/#\/schema\/logo\/image\/\"}}]}<\/script>\n<!-- \/ Yoast SEO Premium plugin. -->","yoast_head_json":{"title":"Bande Lumineuse 5050 LED DC12V DC24V CRI95 - ESSENLED","description":"La s\u00e9rie de bandes lumineuses \u00e0 LED 5050 est l'une des plus anciennes, SMD5050 fait r\u00e9f\u00e9rence \u00e0 la taille de la puce LED. Les dimensions de la LED sont de 5,0 mm x 5,0 mm.","robots":{"index":"index","follow":"follow","max-snippet":"max-snippet:-1","max-image-preview":"max-image-preview:large","max-video-preview":"max-video-preview:-1"},"canonical":"https:\/\/essenled.com\/fr\/produit\/5050-led-strip-lights-series-dc12v-dc24v-cri95\/","og_locale":"fr_FR","og_type":"article","og_title":"5050 LED Strip Lights Series DC12V DC24V CRI95","og_description":"5050 LED Strip Lights Series are one of the earliest, SMD5050 refers to the LED chip size. The dimensions of the LED are 5.0mm x 5.0mm.","og_url":"https:\/\/essenled.com\/fr\/produit\/5050-led-strip-lights-series-dc12v-dc24v-cri95\/","og_site_name":"ESSENLED","article_modified_time":"2024-05-29T11:04:47+00:00","og_image":[{"width":1000,"height":1000,"url":"https:\/\/essenled.com\/wp-content\/uploads\/2024\/02\/5050-SMD-Flexible-LED-Strip-Lights.webp","type":"image\/webp"}],"twitter_card":"summary_large_image","twitter_misc":{"Dur\u00e9e de lecture estim\u00e9e":"1 minute"},"schema":{"@context":"https:\/\/schema.org","@graph":[{"@type":"WebPage","@id":"https:\/\/essenled.com\/product\/5050-led-strip-lights-series-dc12v-dc24v-cri95\/","url":"https:\/\/essenled.com\/product\/5050-led-strip-lights-series-dc12v-dc24v-cri95\/","name":"Bande Lumineuse 5050 LED DC12V DC24V CRI95 - ESSENLED","isPartOf":{"@id":"https:\/\/essenled.com\/#website"},"primaryImageOfPage":{"@id":"https:\/\/essenled.com\/product\/5050-led-strip-lights-series-dc12v-dc24v-cri95\/#primaryimage"},"image":{"@id":"https:\/\/essenled.com\/product\/5050-led-strip-lights-series-dc12v-dc24v-cri95\/#primaryimage"},"thumbnailUrl":"https:\/\/essenled.com\/wp-content\/uploads\/2024\/02\/5050-SMD-Flexible-LED-Strip-Lights.webp","datePublished":"2024-02-15T01:18:20+00:00","dateModified":"2024-05-29T11:04:47+00:00","description":"La s\u00e9rie de bandes lumineuses \u00e0 LED 5050 est l'une des plus anciennes, SMD5050 fait r\u00e9f\u00e9rence \u00e0 la taille de la puce LED. Les dimensions de la LED sont de 5,0 mm x 5,0 mm.","breadcrumb":{"@id":"https:\/\/essenled.com\/product\/5050-led-strip-lights-series-dc12v-dc24v-cri95\/#breadcrumb"},"inLanguage":"fr-FR","potentialAction":[{"@type":"ReadAction","target":["https:\/\/essenled.com\/product\/5050-led-strip-lights-series-dc12v-dc24v-cri95\/"]}]},{"@type":"ImageObject","inLanguage":"fr-FR","@id":"https:\/\/essenled.com\/product\/5050-led-strip-lights-series-dc12v-dc24v-cri95\/#primaryimage","url":"https:\/\/essenled.com\/wp-content\/uploads\/2024\/02\/5050-SMD-Flexible-LED-Strip-Lights.webp","contentUrl":"https:\/\/essenled.com\/wp-content\/uploads\/2024\/02\/5050-SMD-Flexible-LED-Strip-Lights.webp","width":1000,"height":1000,"caption":"5050 SMD Flexible LED Strip Lights"},{"@type":"BreadcrumbList","@id":"https:\/\/essenled.com\/product\/5050-led-strip-lights-series-dc12v-dc24v-cri95\/#breadcrumb","itemListElement":[{"@type":"ListItem","position":1,"name":"Home","item":"https:\/\/essenled.com\/"},{"@type":"ListItem","position":2,"name":"Product","item":"https:\/\/essenled.com\/fr\/product\/"},{"@type":"ListItem","position":3,"name":"5050 LED Strip Lights Series DC12V DC24V CRI95"}]},{"@type":"WebSite","@id":"https:\/\/essenled.com\/#website","url":"https:\/\/essenled.com\/","name":"ESSENLED","description":"","publisher":{"@id":"https:\/\/essenled.com\/#organization"},"potentialAction":[{"@type":"SearchAction","target":{"@type":"EntryPoint","urlTemplate":"https:\/\/essenled.com\/?s={search_term_string}"},"query-input":{"@type":"PropertyValueSpecification","valueRequired":true,"valueName":"search_term_string"}}],"inLanguage":"fr-FR"},{"@type":"Organization","@id":"https:\/\/essenled.com\/#organization","name":"ESSENLED","url":"https:\/\/essenled.com\/","logo":{"@type":"ImageObject","inLanguage":"fr-FR","@id":"https:\/\/essenled.com\/#\/schema\/logo\/image\/","url":"https:\/\/essenled.com\/wp-content\/uploads\/2024\/01\/Essen-logo.png","contentUrl":"https:\/\/essenled.com\/wp-content\/uploads\/2024\/01\/Essen-logo.png","width":800,"height":110,"caption":"ESSENLED"},"image":{"@id":"https:\/\/essenled.com\/#\/schema\/logo\/image\/"}}]}},"_links":{"self":[{"href":"https:\/\/essenled.com\/fr\/wp-json\/wp\/v2\/product\/785","targetHints":{"allow":["GET"]}}],"collection":[{"href":"https:\/\/essenled.com\/fr\/wp-json\/wp\/v2\/product"}],"about":[{"href":"https:\/\/essenled.com\/fr\/wp-json\/wp\/v2\/types\/product"}],"version-history":[{"count":3,"href":"https:\/\/essenled.com\/fr\/wp-json\/wp\/v2\/product\/785\/revisions"}],"predecessor-version":[{"id":2055,"href":"https:\/\/essenled.com\/fr\/wp-json\/wp\/v2\/product\/785\/revisions\/2055"}],"wp:featuredmedia":[{"embeddable":true,"href":"https:\/\/essenled.com\/fr\/wp-json\/wp\/v2\/media\/2051"}],"wp:attachment":[{"href":"https:\/\/essenled.com\/fr\/wp-json\/wp\/v2\/media?parent=785"}],"wp:term":[{"taxonomy":"product_brand","embeddable":true,"href":"https:\/\/essenled.com\/fr\/wp-json\/wp\/v2\/product_brand?post=785"},{"taxonomy":"product_cat","embeddable":true,"href":"https:\/\/essenled.com\/fr\/wp-json\/wp\/v2\/product_cat?post=785"},{"taxonomy":"product_tag","embeddable":true,"href":"https:\/\/essenled.com\/fr\/wp-json\/wp\/v2\/product_tag?post=785"}],"curies":[{"name":"wp","href":"https:\/\/api.w.org\/{rel}","templated":true}]}}