{"id":1837,"date":"2024-03-05T07:50:31","date_gmt":"2024-03-05T07:50:31","guid":{"rendered":"https:\/\/essenled.com\/?post_type=product&#038;p=1837"},"modified":"2024-03-05T10:09:41","modified_gmt":"2024-03-05T10:09:41","slug":"architectural-led-aluminum-profile","status":"publish","type":"product","link":"https:\/\/essenled.com\/fr\/produit\/architectural-led-aluminum-profile\/","title":{"rendered":"Profil\u00e9 aluminium LED architectural"},"content":{"rendered":"","protected":false},"excerpt":{"rendered":"<p>La s\u00e9rie de profil\u00e9s aluminium \u00e0 LED pour l'architecture tend \u00e0 \u00eatre confortable et simple. La plupart des produits sont install\u00e9s dans la structure architecturale avec une distribution raisonnable de la lumi\u00e8re pour cr\u00e9er une atmosph\u00e8re chaleureuse et montrer un effet d'\u00e9clairage doux et lumineux.<\/p>\n<p>Profil de la LED :  6063-T5, argent<\/p>\n<p>Couvercle PC :  Opale, Diffus, Clair<\/p>\n<p>Accessoires :  Clip de montage, supports<\/p>\n<p>Longueur : 1m\/pcs, 2m\/pcs, 3m\/pcs, d'autres longueurs peuvent \u00eatre personnalis\u00e9es.<\/p>","protected":false},"featured_media":1839,"template":"","meta":{"_kad_post_transparent":"default","_kad_post_title":"","_kad_post_layout":"default","_kad_post_sidebar_id":"","_kad_post_content_style":"default","_kad_post_vertical_padding":"default","_kad_post_feature":"","_kad_post_feature_position":"","_kad_post_header":false,"_kad_post_footer":false,"_kad_post_classname":""},"product_brand":[],"product_cat":[74,60],"product_tag":[727,728,729,730,726],"class_list":{"0":"post-1837","1":"product","2":"type-product","3":"status-publish","4":"has-post-thumbnail","6":"product_cat-architectural-series","7":"product_cat-led-profile","8":"product_tag-aluminum-profile-led-strip","9":"product_tag-aluminum-profiles-led-tape","10":"product_tag-architectural-led-profiles","11":"product_tag-linear-aluminum-led-light-channel-profile","12":"product_tag-professional-aluminum-led-extrusions-profiles","14":"first","15":"instock","16":"shipping-taxable","17":"product-type-simple","18":"entry","19":"content-bg","20":"loop-entry"},"yoast_head":"<!-- This site is optimized with the Yoast SEO Premium plugin v24.3 (Yoast SEO v26.7) - https:\/\/yoast.com\/wordpress\/plugins\/seo\/ -->\n<title>Architectural LED Aluminum Profile - ESSENLED<\/title>\n<meta name=\"description\" content=\"The Architectural LED Aluminum Profile series tends to be comfortable and simple type. With the use of reasonable light distribution.\" \/>\n<meta name=\"robots\" content=\"index, follow, max-snippet:-1, max-image-preview:large, max-video-preview:-1\" \/>\n<link rel=\"canonical\" href=\"https:\/\/essenled.com\/fr\/produit\/architectural-led-aluminum-profile\/\" \/>\n<meta property=\"og:locale\" content=\"fr_FR\" \/>\n<meta property=\"og:type\" content=\"article\" \/>\n<meta property=\"og:title\" content=\"Architectural LED Aluminum Profile\" \/>\n<meta property=\"og:description\" content=\"The Architectural LED Aluminum Profile series tends to be comfortable and simple type. With the use of reasonable light distribution.\" \/>\n<meta property=\"og:url\" content=\"https:\/\/essenled.com\/fr\/produit\/architectural-led-aluminum-profile\/\" \/>\n<meta property=\"og:site_name\" content=\"ESSENLED\" \/>\n<meta property=\"article:modified_time\" content=\"2024-03-05T10:09:41+00:00\" \/>\n<meta property=\"og:image\" content=\"https:\/\/essenled.com\/wp-content\/uploads\/2024\/03\/Aluminium-Profile-for-Led-Light-Strip-ES-3411.webp\" \/>\n\t<meta property=\"og:image:width\" content=\"800\" \/>\n\t<meta property=\"og:image:height\" content=\"800\" \/>\n\t<meta property=\"og:image:type\" content=\"image\/webp\" \/>\n<meta name=\"twitter:card\" content=\"summary_large_image\" \/>\n<meta name=\"twitter:label1\" content=\"Dur\u00e9e de lecture estim\u00e9e\" \/>\n\t<meta name=\"twitter:data1\" content=\"1 minute\" \/>\n<script type=\"application\/ld+json\" class=\"yoast-schema-graph\">{\"@context\":\"https:\/\/schema.org\",\"@graph\":[{\"@type\":\"WebPage\",\"@id\":\"https:\/\/essenled.com\/product\/architectural-led-aluminum-profile\/\",\"url\":\"https:\/\/essenled.com\/product\/architectural-led-aluminum-profile\/\",\"name\":\"Architectural LED Aluminum Profile - ESSENLED\",\"isPartOf\":{\"@id\":\"https:\/\/essenled.com\/#website\"},\"primaryImageOfPage\":{\"@id\":\"https:\/\/essenled.com\/product\/architectural-led-aluminum-profile\/#primaryimage\"},\"image\":{\"@id\":\"https:\/\/essenled.com\/product\/architectural-led-aluminum-profile\/#primaryimage\"},\"thumbnailUrl\":\"https:\/\/essenled.com\/wp-content\/uploads\/2024\/03\/Aluminium-Profile-for-Led-Light-Strip-ES-3411.webp\",\"datePublished\":\"2024-03-05T07:50:31+00:00\",\"dateModified\":\"2024-03-05T10:09:41+00:00\",\"description\":\"The Architectural LED Aluminum Profile series tends to be comfortable and simple type. With the use of reasonable light distribution.\",\"breadcrumb\":{\"@id\":\"https:\/\/essenled.com\/product\/architectural-led-aluminum-profile\/#breadcrumb\"},\"inLanguage\":\"fr-FR\",\"potentialAction\":[{\"@type\":\"ReadAction\",\"target\":[\"https:\/\/essenled.com\/product\/architectural-led-aluminum-profile\/\"]}]},{\"@type\":\"ImageObject\",\"inLanguage\":\"fr-FR\",\"@id\":\"https:\/\/essenled.com\/product\/architectural-led-aluminum-profile\/#primaryimage\",\"url\":\"https:\/\/essenled.com\/wp-content\/uploads\/2024\/03\/Aluminium-Profile-for-Led-Light-Strip-ES-3411.webp\",\"contentUrl\":\"https:\/\/essenled.com\/wp-content\/uploads\/2024\/03\/Aluminium-Profile-for-Led-Light-Strip-ES-3411.webp\",\"width\":800,\"height\":800,\"caption\":\"Aluminium Profile for Led Light Strip ES-3411\"},{\"@type\":\"BreadcrumbList\",\"@id\":\"https:\/\/essenled.com\/product\/architectural-led-aluminum-profile\/#breadcrumb\",\"itemListElement\":[{\"@type\":\"ListItem\",\"position\":1,\"name\":\"Home\",\"item\":\"https:\/\/essenled.com\/\"},{\"@type\":\"ListItem\",\"position\":2,\"name\":\"Product\",\"item\":\"https:\/\/essenled.com\/fr\/product\/\"},{\"@type\":\"ListItem\",\"position\":3,\"name\":\"Architectural LED Aluminum Profile\"}]},{\"@type\":\"WebSite\",\"@id\":\"https:\/\/essenled.com\/#website\",\"url\":\"https:\/\/essenled.com\/\",\"name\":\"ESSENLED\",\"description\":\"\",\"publisher\":{\"@id\":\"https:\/\/essenled.com\/#organization\"},\"potentialAction\":[{\"@type\":\"SearchAction\",\"target\":{\"@type\":\"EntryPoint\",\"urlTemplate\":\"https:\/\/essenled.com\/?s={search_term_string}\"},\"query-input\":{\"@type\":\"PropertyValueSpecification\",\"valueRequired\":true,\"valueName\":\"search_term_string\"}}],\"inLanguage\":\"fr-FR\"},{\"@type\":\"Organization\",\"@id\":\"https:\/\/essenled.com\/#organization\",\"name\":\"ESSENLED\",\"url\":\"https:\/\/essenled.com\/\",\"logo\":{\"@type\":\"ImageObject\",\"inLanguage\":\"fr-FR\",\"@id\":\"https:\/\/essenled.com\/#\/schema\/logo\/image\/\",\"url\":\"https:\/\/essenled.com\/wp-content\/uploads\/2024\/01\/Essen-logo.png\",\"contentUrl\":\"https:\/\/essenled.com\/wp-content\/uploads\/2024\/01\/Essen-logo.png\",\"width\":800,\"height\":110,\"caption\":\"ESSENLED\"},\"image\":{\"@id\":\"https:\/\/essenled.com\/#\/schema\/logo\/image\/\"}}]}<\/script>\n<!-- \/ Yoast SEO Premium plugin. -->","yoast_head_json":{"title":"Profil\u00e9 aluminium LED architectural - ESSENLED","description":"La s\u00e9rie de profil\u00e9s architecturaux en aluminium \u00e0 LED a tendance \u00e0 \u00eatre confortable et simple. Avec l'utilisation d'une distribution lumineuse raisonnable.","robots":{"index":"index","follow":"follow","max-snippet":"max-snippet:-1","max-image-preview":"max-image-preview:large","max-video-preview":"max-video-preview:-1"},"canonical":"https:\/\/essenled.com\/fr\/produit\/architectural-led-aluminum-profile\/","og_locale":"fr_FR","og_type":"article","og_title":"Architectural LED Aluminum Profile","og_description":"The Architectural LED Aluminum Profile series tends to be comfortable and simple type. With the use of reasonable light distribution.","og_url":"https:\/\/essenled.com\/fr\/produit\/architectural-led-aluminum-profile\/","og_site_name":"ESSENLED","article_modified_time":"2024-03-05T10:09:41+00:00","og_image":[{"width":800,"height":800,"url":"https:\/\/essenled.com\/wp-content\/uploads\/2024\/03\/Aluminium-Profile-for-Led-Light-Strip-ES-3411.webp","type":"image\/webp"}],"twitter_card":"summary_large_image","twitter_misc":{"Dur\u00e9e de lecture estim\u00e9e":"1 minute"},"schema":{"@context":"https:\/\/schema.org","@graph":[{"@type":"WebPage","@id":"https:\/\/essenled.com\/product\/architectural-led-aluminum-profile\/","url":"https:\/\/essenled.com\/product\/architectural-led-aluminum-profile\/","name":"Profil\u00e9 aluminium LED architectural - ESSENLED","isPartOf":{"@id":"https:\/\/essenled.com\/#website"},"primaryImageOfPage":{"@id":"https:\/\/essenled.com\/product\/architectural-led-aluminum-profile\/#primaryimage"},"image":{"@id":"https:\/\/essenled.com\/product\/architectural-led-aluminum-profile\/#primaryimage"},"thumbnailUrl":"https:\/\/essenled.com\/wp-content\/uploads\/2024\/03\/Aluminium-Profile-for-Led-Light-Strip-ES-3411.webp","datePublished":"2024-03-05T07:50:31+00:00","dateModified":"2024-03-05T10:09:41+00:00","description":"La s\u00e9rie de profil\u00e9s architecturaux en aluminium \u00e0 LED a tendance \u00e0 \u00eatre confortable et simple. Avec l'utilisation d'une distribution lumineuse raisonnable.","breadcrumb":{"@id":"https:\/\/essenled.com\/product\/architectural-led-aluminum-profile\/#breadcrumb"},"inLanguage":"fr-FR","potentialAction":[{"@type":"ReadAction","target":["https:\/\/essenled.com\/product\/architectural-led-aluminum-profile\/"]}]},{"@type":"ImageObject","inLanguage":"fr-FR","@id":"https:\/\/essenled.com\/product\/architectural-led-aluminum-profile\/#primaryimage","url":"https:\/\/essenled.com\/wp-content\/uploads\/2024\/03\/Aluminium-Profile-for-Led-Light-Strip-ES-3411.webp","contentUrl":"https:\/\/essenled.com\/wp-content\/uploads\/2024\/03\/Aluminium-Profile-for-Led-Light-Strip-ES-3411.webp","width":800,"height":800,"caption":"Aluminium Profile for Led Light Strip ES-3411"},{"@type":"BreadcrumbList","@id":"https:\/\/essenled.com\/product\/architectural-led-aluminum-profile\/#breadcrumb","itemListElement":[{"@type":"ListItem","position":1,"name":"Home","item":"https:\/\/essenled.com\/"},{"@type":"ListItem","position":2,"name":"Product","item":"https:\/\/essenled.com\/fr\/product\/"},{"@type":"ListItem","position":3,"name":"Architectural LED Aluminum Profile"}]},{"@type":"WebSite","@id":"https:\/\/essenled.com\/#website","url":"https:\/\/essenled.com\/","name":"ESSENLED","description":"","publisher":{"@id":"https:\/\/essenled.com\/#organization"},"potentialAction":[{"@type":"SearchAction","target":{"@type":"EntryPoint","urlTemplate":"https:\/\/essenled.com\/?s={search_term_string}"},"query-input":{"@type":"PropertyValueSpecification","valueRequired":true,"valueName":"search_term_string"}}],"inLanguage":"fr-FR"},{"@type":"Organization","@id":"https:\/\/essenled.com\/#organization","name":"ESSENLED","url":"https:\/\/essenled.com\/","logo":{"@type":"ImageObject","inLanguage":"fr-FR","@id":"https:\/\/essenled.com\/#\/schema\/logo\/image\/","url":"https:\/\/essenled.com\/wp-content\/uploads\/2024\/01\/Essen-logo.png","contentUrl":"https:\/\/essenled.com\/wp-content\/uploads\/2024\/01\/Essen-logo.png","width":800,"height":110,"caption":"ESSENLED"},"image":{"@id":"https:\/\/essenled.com\/#\/schema\/logo\/image\/"}}]}},"_links":{"self":[{"href":"https:\/\/essenled.com\/fr\/wp-json\/wp\/v2\/product\/1837","targetHints":{"allow":["GET"]}}],"collection":[{"href":"https:\/\/essenled.com\/fr\/wp-json\/wp\/v2\/product"}],"about":[{"href":"https:\/\/essenled.com\/fr\/wp-json\/wp\/v2\/types\/product"}],"version-history":[{"count":1,"href":"https:\/\/essenled.com\/fr\/wp-json\/wp\/v2\/product\/1837\/revisions"}],"predecessor-version":[{"id":1844,"href":"https:\/\/essenled.com\/fr\/wp-json\/wp\/v2\/product\/1837\/revisions\/1844"}],"wp:featuredmedia":[{"embeddable":true,"href":"https:\/\/essenled.com\/fr\/wp-json\/wp\/v2\/media\/1839"}],"wp:attachment":[{"href":"https:\/\/essenled.com\/fr\/wp-json\/wp\/v2\/media?parent=1837"}],"wp:term":[{"taxonomy":"product_brand","embeddable":true,"href":"https:\/\/essenled.com\/fr\/wp-json\/wp\/v2\/product_brand?post=1837"},{"taxonomy":"product_cat","embeddable":true,"href":"https:\/\/essenled.com\/fr\/wp-json\/wp\/v2\/product_cat?post=1837"},{"taxonomy":"product_tag","embeddable":true,"href":"https:\/\/essenled.com\/fr\/wp-json\/wp\/v2\/product_tag?post=1837"}],"curies":[{"name":"wp","href":"https:\/\/api.w.org\/{rel}","templated":true}]}}