{"id":1817,"date":"2024-03-05T07:16:28","date_gmt":"2024-03-05T07:16:28","guid":{"rendered":"https:\/\/essenled.com\/?post_type=product&#038;p=1817"},"modified":"2024-03-05T09:55:33","modified_gmt":"2024-03-05T09:55:33","slug":"floor-led-aluminum-profile","status":"publish","type":"product","link":"https:\/\/essenled.com\/fr\/produit\/floor-led-aluminum-profile\/","title":{"rendered":"Profil\u00e9 aluminium LED de sol"},"content":{"rendered":"","protected":false},"excerpt":{"rendered":"<p>Le profil\u00e9 LED en aluminium pour sol est un profil\u00e9 LED sp\u00e9cial con\u00e7u pour les sols. La plupart des tailles et des formes sont disponibles en option. Il convient aux coins, aux escaliers et \u00e0 l'\u00e9clairage de l'atmosph\u00e8re de l'espace.<\/p>\n<p>Profil de la LED :  6063-T5, argent<\/p>\n<p>Couvercle PC :  Opale, Diffus, Clair<\/p>\n<p>Accessoires :  Clip de montage, supports<\/p>\n<p>Longueur : 1m\/pcs, 2m\/pcs, 3m\/pcs, d'autres longueurs peuvent \u00eatre personnalis\u00e9es.<\/p>\n<p><span style=\"color: #ff0000;\">NOTE : Disponible en blanc et en noir.<\/span><\/p>","protected":false},"featured_media":1819,"template":"","meta":{"_kad_post_transparent":"default","_kad_post_title":"","_kad_post_layout":"default","_kad_post_sidebar_id":"","_kad_post_content_style":"default","_kad_post_vertical_padding":"default","_kad_post_feature":"","_kad_post_feature_position":"","_kad_post_header":false,"_kad_post_footer":false,"_kad_post_classname":""},"product_brand":[],"product_cat":[60,73],"product_tag":[718,716,717,720,719],"class_list":{"0":"post-1817","1":"product","2":"type-product","3":"status-publish","4":"has-post-thumbnail","6":"product_cat-led-profile","7":"product_cat-universal-series","8":"product_tag-aluminum-extrusions-covers-ground","9":"product_tag-floor-aluminum-led-strip-channel","10":"product_tag-floor-led-aluminium-profile-stylish","11":"product_tag-floor-lighting-aluminum-profiles-led","12":"product_tag-led-floor-lighting-strips","14":"first","15":"instock","16":"shipping-taxable","17":"product-type-simple","18":"entry","19":"content-bg","20":"loop-entry"},"yoast_head":"<!-- This site is optimized with the Yoast SEO Premium plugin v24.3 (Yoast SEO v26.7) - https:\/\/yoast.com\/wordpress\/plugins\/seo\/ -->\n<title>Floor LED Aluminum Profile - ESSENLED<\/title>\n<meta name=\"description\" content=\"The floor LED aluminum profile is a special LED profile, it is LED profile designed for floors. Most sizes and shapes for options.\" \/>\n<meta name=\"robots\" content=\"index, follow, max-snippet:-1, max-image-preview:large, max-video-preview:-1\" \/>\n<link rel=\"canonical\" href=\"https:\/\/essenled.com\/fr\/produit\/floor-led-aluminum-profile\/\" \/>\n<meta property=\"og:locale\" content=\"fr_FR\" \/>\n<meta property=\"og:type\" content=\"article\" \/>\n<meta property=\"og:title\" content=\"Floor LED Aluminum Profile\" \/>\n<meta property=\"og:description\" content=\"The floor LED aluminum profile is a special LED profile, it is LED profile designed for floors. Most sizes and shapes for options.\" \/>\n<meta property=\"og:url\" content=\"https:\/\/essenled.com\/fr\/produit\/floor-led-aluminum-profile\/\" \/>\n<meta property=\"og:site_name\" content=\"ESSENLED\" \/>\n<meta property=\"article:modified_time\" content=\"2024-03-05T09:55:33+00:00\" \/>\n<meta property=\"og:image\" content=\"https:\/\/essenled.com\/wp-content\/uploads\/2024\/03\/LED-PROFILE-E-SURFACE-MOUNTED-ES-1814-1.webp\" \/>\n\t<meta property=\"og:image:width\" content=\"800\" \/>\n\t<meta property=\"og:image:height\" content=\"800\" \/>\n\t<meta property=\"og:image:type\" content=\"image\/webp\" \/>\n<meta name=\"twitter:card\" content=\"summary_large_image\" \/>\n<meta name=\"twitter:label1\" content=\"Dur\u00e9e de lecture estim\u00e9e\" \/>\n\t<meta name=\"twitter:data1\" content=\"1 minute\" \/>\n<script type=\"application\/ld+json\" class=\"yoast-schema-graph\">{\"@context\":\"https:\/\/schema.org\",\"@graph\":[{\"@type\":\"WebPage\",\"@id\":\"https:\/\/essenled.com\/product\/floor-led-aluminum-profile\/\",\"url\":\"https:\/\/essenled.com\/product\/floor-led-aluminum-profile\/\",\"name\":\"Floor LED Aluminum Profile - ESSENLED\",\"isPartOf\":{\"@id\":\"https:\/\/essenled.com\/#website\"},\"primaryImageOfPage\":{\"@id\":\"https:\/\/essenled.com\/product\/floor-led-aluminum-profile\/#primaryimage\"},\"image\":{\"@id\":\"https:\/\/essenled.com\/product\/floor-led-aluminum-profile\/#primaryimage\"},\"thumbnailUrl\":\"https:\/\/essenled.com\/wp-content\/uploads\/2024\/03\/LED-PROFILE-E-SURFACE-MOUNTED-ES-1814-1.webp\",\"datePublished\":\"2024-03-05T07:16:28+00:00\",\"dateModified\":\"2024-03-05T09:55:33+00:00\",\"description\":\"The floor LED aluminum profile is a special LED profile, it is LED profile designed for floors. Most sizes and shapes for options.\",\"breadcrumb\":{\"@id\":\"https:\/\/essenled.com\/product\/floor-led-aluminum-profile\/#breadcrumb\"},\"inLanguage\":\"fr-FR\",\"potentialAction\":[{\"@type\":\"ReadAction\",\"target\":[\"https:\/\/essenled.com\/product\/floor-led-aluminum-profile\/\"]}]},{\"@type\":\"ImageObject\",\"inLanguage\":\"fr-FR\",\"@id\":\"https:\/\/essenled.com\/product\/floor-led-aluminum-profile\/#primaryimage\",\"url\":\"https:\/\/essenled.com\/wp-content\/uploads\/2024\/03\/LED-PROFILE-E-SURFACE-MOUNTED-ES-1814-1.webp\",\"contentUrl\":\"https:\/\/essenled.com\/wp-content\/uploads\/2024\/03\/LED-PROFILE-E-SURFACE-MOUNTED-ES-1814-1.webp\",\"width\":800,\"height\":800,\"caption\":\"LED PROFILE E SURFACE MOUNTED ES-1814\"},{\"@type\":\"BreadcrumbList\",\"@id\":\"https:\/\/essenled.com\/product\/floor-led-aluminum-profile\/#breadcrumb\",\"itemListElement\":[{\"@type\":\"ListItem\",\"position\":1,\"name\":\"Home\",\"item\":\"https:\/\/essenled.com\/\"},{\"@type\":\"ListItem\",\"position\":2,\"name\":\"Product\",\"item\":\"https:\/\/essenled.com\/fr\/product\/\"},{\"@type\":\"ListItem\",\"position\":3,\"name\":\"Floor LED Aluminum Profile\"}]},{\"@type\":\"WebSite\",\"@id\":\"https:\/\/essenled.com\/#website\",\"url\":\"https:\/\/essenled.com\/\",\"name\":\"ESSENLED\",\"description\":\"\",\"publisher\":{\"@id\":\"https:\/\/essenled.com\/#organization\"},\"potentialAction\":[{\"@type\":\"SearchAction\",\"target\":{\"@type\":\"EntryPoint\",\"urlTemplate\":\"https:\/\/essenled.com\/?s={search_term_string}\"},\"query-input\":{\"@type\":\"PropertyValueSpecification\",\"valueRequired\":true,\"valueName\":\"search_term_string\"}}],\"inLanguage\":\"fr-FR\"},{\"@type\":\"Organization\",\"@id\":\"https:\/\/essenled.com\/#organization\",\"name\":\"ESSENLED\",\"url\":\"https:\/\/essenled.com\/\",\"logo\":{\"@type\":\"ImageObject\",\"inLanguage\":\"fr-FR\",\"@id\":\"https:\/\/essenled.com\/#\/schema\/logo\/image\/\",\"url\":\"https:\/\/essenled.com\/wp-content\/uploads\/2024\/01\/Essen-logo.png\",\"contentUrl\":\"https:\/\/essenled.com\/wp-content\/uploads\/2024\/01\/Essen-logo.png\",\"width\":800,\"height\":110,\"caption\":\"ESSENLED\"},\"image\":{\"@id\":\"https:\/\/essenled.com\/#\/schema\/logo\/image\/\"}}]}<\/script>\n<!-- \/ Yoast SEO Premium plugin. -->","yoast_head_json":{"title":"Profil\u00e9 aluminium LED de sol - ESSENLED","description":"Le profil\u00e9 LED en aluminium pour sol est un profil\u00e9 LED sp\u00e9cial, c'est un profil\u00e9 LED con\u00e7u pour les sols. La plupart des tailles et des formes sont disponibles en option.","robots":{"index":"index","follow":"follow","max-snippet":"max-snippet:-1","max-image-preview":"max-image-preview:large","max-video-preview":"max-video-preview:-1"},"canonical":"https:\/\/essenled.com\/fr\/produit\/floor-led-aluminum-profile\/","og_locale":"fr_FR","og_type":"article","og_title":"Floor LED Aluminum Profile","og_description":"The floor LED aluminum profile is a special LED profile, it is LED profile designed for floors. Most sizes and shapes for options.","og_url":"https:\/\/essenled.com\/fr\/produit\/floor-led-aluminum-profile\/","og_site_name":"ESSENLED","article_modified_time":"2024-03-05T09:55:33+00:00","og_image":[{"width":800,"height":800,"url":"https:\/\/essenled.com\/wp-content\/uploads\/2024\/03\/LED-PROFILE-E-SURFACE-MOUNTED-ES-1814-1.webp","type":"image\/webp"}],"twitter_card":"summary_large_image","twitter_misc":{"Dur\u00e9e de lecture estim\u00e9e":"1 minute"},"schema":{"@context":"https:\/\/schema.org","@graph":[{"@type":"WebPage","@id":"https:\/\/essenled.com\/product\/floor-led-aluminum-profile\/","url":"https:\/\/essenled.com\/product\/floor-led-aluminum-profile\/","name":"Profil\u00e9 aluminium LED de sol - ESSENLED","isPartOf":{"@id":"https:\/\/essenled.com\/#website"},"primaryImageOfPage":{"@id":"https:\/\/essenled.com\/product\/floor-led-aluminum-profile\/#primaryimage"},"image":{"@id":"https:\/\/essenled.com\/product\/floor-led-aluminum-profile\/#primaryimage"},"thumbnailUrl":"https:\/\/essenled.com\/wp-content\/uploads\/2024\/03\/LED-PROFILE-E-SURFACE-MOUNTED-ES-1814-1.webp","datePublished":"2024-03-05T07:16:28+00:00","dateModified":"2024-03-05T09:55:33+00:00","description":"Le profil\u00e9 LED en aluminium pour sol est un profil\u00e9 LED sp\u00e9cial, c'est un profil\u00e9 LED con\u00e7u pour les sols. La plupart des tailles et des formes sont disponibles en option.","breadcrumb":{"@id":"https:\/\/essenled.com\/product\/floor-led-aluminum-profile\/#breadcrumb"},"inLanguage":"fr-FR","potentialAction":[{"@type":"ReadAction","target":["https:\/\/essenled.com\/product\/floor-led-aluminum-profile\/"]}]},{"@type":"ImageObject","inLanguage":"fr-FR","@id":"https:\/\/essenled.com\/product\/floor-led-aluminum-profile\/#primaryimage","url":"https:\/\/essenled.com\/wp-content\/uploads\/2024\/03\/LED-PROFILE-E-SURFACE-MOUNTED-ES-1814-1.webp","contentUrl":"https:\/\/essenled.com\/wp-content\/uploads\/2024\/03\/LED-PROFILE-E-SURFACE-MOUNTED-ES-1814-1.webp","width":800,"height":800,"caption":"LED PROFILE E SURFACE MOUNTED ES-1814"},{"@type":"BreadcrumbList","@id":"https:\/\/essenled.com\/product\/floor-led-aluminum-profile\/#breadcrumb","itemListElement":[{"@type":"ListItem","position":1,"name":"Home","item":"https:\/\/essenled.com\/"},{"@type":"ListItem","position":2,"name":"Product","item":"https:\/\/essenled.com\/fr\/product\/"},{"@type":"ListItem","position":3,"name":"Floor LED Aluminum Profile"}]},{"@type":"WebSite","@id":"https:\/\/essenled.com\/#website","url":"https:\/\/essenled.com\/","name":"ESSENLED","description":"","publisher":{"@id":"https:\/\/essenled.com\/#organization"},"potentialAction":[{"@type":"SearchAction","target":{"@type":"EntryPoint","urlTemplate":"https:\/\/essenled.com\/?s={search_term_string}"},"query-input":{"@type":"PropertyValueSpecification","valueRequired":true,"valueName":"search_term_string"}}],"inLanguage":"fr-FR"},{"@type":"Organization","@id":"https:\/\/essenled.com\/#organization","name":"ESSENLED","url":"https:\/\/essenled.com\/","logo":{"@type":"ImageObject","inLanguage":"fr-FR","@id":"https:\/\/essenled.com\/#\/schema\/logo\/image\/","url":"https:\/\/essenled.com\/wp-content\/uploads\/2024\/01\/Essen-logo.png","contentUrl":"https:\/\/essenled.com\/wp-content\/uploads\/2024\/01\/Essen-logo.png","width":800,"height":110,"caption":"ESSENLED"},"image":{"@id":"https:\/\/essenled.com\/#\/schema\/logo\/image\/"}}]}},"_links":{"self":[{"href":"https:\/\/essenled.com\/fr\/wp-json\/wp\/v2\/product\/1817","targetHints":{"allow":["GET"]}}],"collection":[{"href":"https:\/\/essenled.com\/fr\/wp-json\/wp\/v2\/product"}],"about":[{"href":"https:\/\/essenled.com\/fr\/wp-json\/wp\/v2\/types\/product"}],"version-history":[{"count":2,"href":"https:\/\/essenled.com\/fr\/wp-json\/wp\/v2\/product\/1817\/revisions"}],"predecessor-version":[{"id":1826,"href":"https:\/\/essenled.com\/fr\/wp-json\/wp\/v2\/product\/1817\/revisions\/1826"}],"wp:featuredmedia":[{"embeddable":true,"href":"https:\/\/essenled.com\/fr\/wp-json\/wp\/v2\/media\/1819"}],"wp:attachment":[{"href":"https:\/\/essenled.com\/fr\/wp-json\/wp\/v2\/media?parent=1817"}],"wp:term":[{"taxonomy":"product_brand","embeddable":true,"href":"https:\/\/essenled.com\/fr\/wp-json\/wp\/v2\/product_brand?post=1817"},{"taxonomy":"product_cat","embeddable":true,"href":"https:\/\/essenled.com\/fr\/wp-json\/wp\/v2\/product_cat?post=1817"},{"taxonomy":"product_tag","embeddable":true,"href":"https:\/\/essenled.com\/fr\/wp-json\/wp\/v2\/product_tag?post=1817"}],"curies":[{"name":"wp","href":"https:\/\/api.w.org\/{rel}","templated":true}]}}