{"id":1623,"date":"2024-03-01T08:32:15","date_gmt":"2024-03-01T08:32:15","guid":{"rendered":"https:\/\/essenled.com\/?post_type=product&#038;p=1623"},"modified":"2024-03-01T10:31:14","modified_gmt":"2024-03-01T10:31:14","slug":"high-efficiency-side-view-1220mm-led-neon-flex","status":"publish","type":"product","link":"https:\/\/essenled.com\/fr\/produit\/high-efficiency-side-view-1220mm-led-neon-flex\/","title":{"rendered":"LED N\u00e9on Flex 12*20mm \u00e0 haute efficacit\u00e9 - S1220H"},"content":{"rendered":"","protected":false},"excerpt":{"rendered":"<p>N\u00e9on flexible LED 12*20mm \u00e0 haute efficacit\u00e9 - S1220H est un n\u00e9on flexible LED extrud\u00e9 en une seule pi\u00e8ce, principalement destin\u00e9 \u00e0 l'\u00e9clairage int\u00e9rieur et ext\u00e9rieur, tel que l'\u00e9clairage architectural et l'\u00e9clairage commercial.<\/p>\n<p>Vue lat\u00e9rale du n\u00e9on flexible LED 12*20mm \u00e0 haute efficacit\u00e9, disponible en 5w\/m, 10w\/m et 15w\/m. Choix de couleur unique de 2700K-6000K, IRC sup\u00e9rieur \u00e0 90+ avec une couleur r\u00e9elle.<\/p>\n<p>Il s'agit d'un n\u00e9on flexible unique qui utilise des LED \u00e0 haute efficacit\u00e9 comme source lumineuse. L'efficacit\u00e9 lumineuse des n\u00e9ons \u00e0 haute efficacit\u00e9 est sup\u00e9rieure d'environ 40% \u00e0 celle des n\u00e9ons traditionnels.<\/p>\n<p>La lampe LED n\u00e9on 1220H Side View \u00e0 haute efficacit\u00e9 se caract\u00e9rise par ses \u00e9conomies d'\u00e9nergie et sa durabilit\u00e9, son aspect simple et \u00e9l\u00e9gant, sa longue dur\u00e9e de vie et son faible co\u00fbt, ce qui vous permet d'en profiter en toute confiance.<\/p>","protected":false},"featured_media":1589,"template":"","meta":{"_kad_post_transparent":"default","_kad_post_title":"","_kad_post_layout":"default","_kad_post_sidebar_id":"","_kad_post_content_style":"default","_kad_post_vertical_padding":"default","_kad_post_feature":"","_kad_post_feature_position":"","_kad_post_header":false,"_kad_post_footer":false,"_kad_post_classname":""},"product_brand":[],"product_cat":[46,39],"product_tag":[641,618,645,643,642,644],"class_list":{"0":"post-1623","1":"product","2":"type-product","3":"status-publish","4":"has-post-thumbnail","6":"product_cat-high-efficiency-neon-series","7":"product_cat-neon-strip","8":"product_tag-high-efficiency-neon-1220-led-neon-flex","9":"product_tag-led-neon-side-1220-rgbw-rgb","10":"product_tag-neon-1220-side-high-efficiency-ip67-15w","11":"product_tag-neon-flex-1220-high-efficiency-24v-ip67","12":"product_tag-side-view-high-efficiency-1220-led-neon","13":"product_tag-silicone-neon-high-effciency-1220-ip67","15":"first","16":"instock","17":"shipping-taxable","18":"product-type-simple","19":"entry","20":"content-bg","21":"loop-entry"},"yoast_head":"<!-- This site is optimized with the Yoast SEO Premium plugin v24.3 (Yoast SEO v26.7) - https:\/\/yoast.com\/wordpress\/plugins\/seo\/ -->\n<title>High Efficiency Side View 12*20mm LED Neon Flex \u2013 S1220H - ESSENLED<\/title>\n<meta name=\"description\" content=\"High Efficiency Side View 12*20mm LED Neon Flex \u2013 S1220 is a one-piece extruded LED neon flex light, available in 5w\/m, 10w\/m, and 15w\/m.\" \/>\n<meta name=\"robots\" content=\"index, follow, max-snippet:-1, max-image-preview:large, max-video-preview:-1\" \/>\n<link rel=\"canonical\" href=\"https:\/\/essenled.com\/fr\/produit\/high-efficiency-side-view-1220mm-led-neon-flex\/\" \/>\n<meta property=\"og:locale\" content=\"fr_FR\" \/>\n<meta property=\"og:type\" content=\"article\" \/>\n<meta property=\"og:title\" content=\"High Efficiency Side View 12*20mm LED Neon Flex \u2013 S1220H\" \/>\n<meta property=\"og:description\" content=\"High Efficiency Side View 12*20mm LED Neon Flex \u2013 S1220 is a one-piece extruded LED neon flex light, available in 5w\/m, 10w\/m, and 15w\/m.\" \/>\n<meta property=\"og:url\" content=\"https:\/\/essenled.com\/fr\/produit\/high-efficiency-side-view-1220mm-led-neon-flex\/\" \/>\n<meta property=\"og:site_name\" content=\"ESSENLED\" \/>\n<meta property=\"article:modified_time\" content=\"2024-03-01T10:31:14+00:00\" \/>\n<meta property=\"og:image\" content=\"https:\/\/essenled.com\/wp-content\/uploads\/2024\/03\/NEON-1220-LED-Neon-Flex.webp\" \/>\n\t<meta property=\"og:image:width\" content=\"800\" \/>\n\t<meta property=\"og:image:height\" content=\"800\" \/>\n\t<meta property=\"og:image:type\" content=\"image\/webp\" \/>\n<meta name=\"twitter:card\" content=\"summary_large_image\" \/>\n<meta name=\"twitter:label1\" content=\"Dur\u00e9e de lecture estim\u00e9e\" \/>\n\t<meta name=\"twitter:data1\" content=\"1 minute\" \/>\n<script type=\"application\/ld+json\" class=\"yoast-schema-graph\">{\"@context\":\"https:\/\/schema.org\",\"@graph\":[{\"@type\":\"WebPage\",\"@id\":\"https:\/\/essenled.com\/product\/high-efficiency-side-view-1220mm-led-neon-flex\/\",\"url\":\"https:\/\/essenled.com\/product\/high-efficiency-side-view-1220mm-led-neon-flex\/\",\"name\":\"High Efficiency Side View 12*20mm LED Neon Flex \u2013 S1220H - ESSENLED\",\"isPartOf\":{\"@id\":\"https:\/\/essenled.com\/#website\"},\"primaryImageOfPage\":{\"@id\":\"https:\/\/essenled.com\/product\/high-efficiency-side-view-1220mm-led-neon-flex\/#primaryimage\"},\"image\":{\"@id\":\"https:\/\/essenled.com\/product\/high-efficiency-side-view-1220mm-led-neon-flex\/#primaryimage\"},\"thumbnailUrl\":\"https:\/\/essenled.com\/wp-content\/uploads\/2024\/03\/NEON-1220-LED-Neon-Flex.webp\",\"datePublished\":\"2024-03-01T08:32:15+00:00\",\"dateModified\":\"2024-03-01T10:31:14+00:00\",\"description\":\"High Efficiency Side View 12*20mm LED Neon Flex \u2013 S1220 is a one-piece extruded LED neon flex light, available in 5w\/m, 10w\/m, and 15w\/m.\",\"breadcrumb\":{\"@id\":\"https:\/\/essenled.com\/product\/high-efficiency-side-view-1220mm-led-neon-flex\/#breadcrumb\"},\"inLanguage\":\"fr-FR\",\"potentialAction\":[{\"@type\":\"ReadAction\",\"target\":[\"https:\/\/essenled.com\/product\/high-efficiency-side-view-1220mm-led-neon-flex\/\"]}]},{\"@type\":\"ImageObject\",\"inLanguage\":\"fr-FR\",\"@id\":\"https:\/\/essenled.com\/product\/high-efficiency-side-view-1220mm-led-neon-flex\/#primaryimage\",\"url\":\"https:\/\/essenled.com\/wp-content\/uploads\/2024\/03\/NEON-1220-LED-Neon-Flex.webp\",\"contentUrl\":\"https:\/\/essenled.com\/wp-content\/uploads\/2024\/03\/NEON-1220-LED-Neon-Flex.webp\",\"width\":800,\"height\":800,\"caption\":\"NEON 1220 LED Neon Flex\"},{\"@type\":\"BreadcrumbList\",\"@id\":\"https:\/\/essenled.com\/product\/high-efficiency-side-view-1220mm-led-neon-flex\/#breadcrumb\",\"itemListElement\":[{\"@type\":\"ListItem\",\"position\":1,\"name\":\"Home\",\"item\":\"https:\/\/essenled.com\/\"},{\"@type\":\"ListItem\",\"position\":2,\"name\":\"Product\",\"item\":\"https:\/\/essenled.com\/fr\/product\/\"},{\"@type\":\"ListItem\",\"position\":3,\"name\":\"High Efficiency Side View 12*20mm LED Neon Flex \u2013 S1220H\"}]},{\"@type\":\"WebSite\",\"@id\":\"https:\/\/essenled.com\/#website\",\"url\":\"https:\/\/essenled.com\/\",\"name\":\"ESSENLED\",\"description\":\"\",\"publisher\":{\"@id\":\"https:\/\/essenled.com\/#organization\"},\"potentialAction\":[{\"@type\":\"SearchAction\",\"target\":{\"@type\":\"EntryPoint\",\"urlTemplate\":\"https:\/\/essenled.com\/?s={search_term_string}\"},\"query-input\":{\"@type\":\"PropertyValueSpecification\",\"valueRequired\":true,\"valueName\":\"search_term_string\"}}],\"inLanguage\":\"fr-FR\"},{\"@type\":\"Organization\",\"@id\":\"https:\/\/essenled.com\/#organization\",\"name\":\"ESSENLED\",\"url\":\"https:\/\/essenled.com\/\",\"logo\":{\"@type\":\"ImageObject\",\"inLanguage\":\"fr-FR\",\"@id\":\"https:\/\/essenled.com\/#\/schema\/logo\/image\/\",\"url\":\"https:\/\/essenled.com\/wp-content\/uploads\/2024\/01\/Essen-logo.png\",\"contentUrl\":\"https:\/\/essenled.com\/wp-content\/uploads\/2024\/01\/Essen-logo.png\",\"width\":800,\"height\":110,\"caption\":\"ESSENLED\"},\"image\":{\"@id\":\"https:\/\/essenled.com\/#\/schema\/logo\/image\/\"}}]}<\/script>\n<!-- \/ Yoast SEO Premium plugin. -->","yoast_head_json":{"title":"LED N\u00e9on Flex 12*20mm \u00e0 haute efficacit\u00e9 - S1220H - ESSENLED","description":"N\u00e9on flexible LED 12*20mm \u00e0 haute efficacit\u00e9 - S1220 est un n\u00e9on flexible LED extrud\u00e9 en une seule pi\u00e8ce, disponible en 5w\/m, 10w\/m, et 15w\/m.","robots":{"index":"index","follow":"follow","max-snippet":"max-snippet:-1","max-image-preview":"max-image-preview:large","max-video-preview":"max-video-preview:-1"},"canonical":"https:\/\/essenled.com\/fr\/produit\/high-efficiency-side-view-1220mm-led-neon-flex\/","og_locale":"fr_FR","og_type":"article","og_title":"High Efficiency Side View 12*20mm LED Neon Flex \u2013 S1220H","og_description":"High Efficiency Side View 12*20mm LED Neon Flex \u2013 S1220 is a one-piece extruded LED neon flex light, available in 5w\/m, 10w\/m, and 15w\/m.","og_url":"https:\/\/essenled.com\/fr\/produit\/high-efficiency-side-view-1220mm-led-neon-flex\/","og_site_name":"ESSENLED","article_modified_time":"2024-03-01T10:31:14+00:00","og_image":[{"width":800,"height":800,"url":"https:\/\/essenled.com\/wp-content\/uploads\/2024\/03\/NEON-1220-LED-Neon-Flex.webp","type":"image\/webp"}],"twitter_card":"summary_large_image","twitter_misc":{"Dur\u00e9e de lecture estim\u00e9e":"1 minute"},"schema":{"@context":"https:\/\/schema.org","@graph":[{"@type":"WebPage","@id":"https:\/\/essenled.com\/product\/high-efficiency-side-view-1220mm-led-neon-flex\/","url":"https:\/\/essenled.com\/product\/high-efficiency-side-view-1220mm-led-neon-flex\/","name":"LED N\u00e9on Flex 12*20mm \u00e0 haute efficacit\u00e9 - S1220H - ESSENLED","isPartOf":{"@id":"https:\/\/essenled.com\/#website"},"primaryImageOfPage":{"@id":"https:\/\/essenled.com\/product\/high-efficiency-side-view-1220mm-led-neon-flex\/#primaryimage"},"image":{"@id":"https:\/\/essenled.com\/product\/high-efficiency-side-view-1220mm-led-neon-flex\/#primaryimage"},"thumbnailUrl":"https:\/\/essenled.com\/wp-content\/uploads\/2024\/03\/NEON-1220-LED-Neon-Flex.webp","datePublished":"2024-03-01T08:32:15+00:00","dateModified":"2024-03-01T10:31:14+00:00","description":"N\u00e9on flexible LED 12*20mm \u00e0 haute efficacit\u00e9 - S1220 est un n\u00e9on flexible LED extrud\u00e9 en une seule pi\u00e8ce, disponible en 5w\/m, 10w\/m, et 15w\/m.","breadcrumb":{"@id":"https:\/\/essenled.com\/product\/high-efficiency-side-view-1220mm-led-neon-flex\/#breadcrumb"},"inLanguage":"fr-FR","potentialAction":[{"@type":"ReadAction","target":["https:\/\/essenled.com\/product\/high-efficiency-side-view-1220mm-led-neon-flex\/"]}]},{"@type":"ImageObject","inLanguage":"fr-FR","@id":"https:\/\/essenled.com\/product\/high-efficiency-side-view-1220mm-led-neon-flex\/#primaryimage","url":"https:\/\/essenled.com\/wp-content\/uploads\/2024\/03\/NEON-1220-LED-Neon-Flex.webp","contentUrl":"https:\/\/essenled.com\/wp-content\/uploads\/2024\/03\/NEON-1220-LED-Neon-Flex.webp","width":800,"height":800,"caption":"NEON 1220 LED Neon Flex"},{"@type":"BreadcrumbList","@id":"https:\/\/essenled.com\/product\/high-efficiency-side-view-1220mm-led-neon-flex\/#breadcrumb","itemListElement":[{"@type":"ListItem","position":1,"name":"Home","item":"https:\/\/essenled.com\/"},{"@type":"ListItem","position":2,"name":"Product","item":"https:\/\/essenled.com\/fr\/product\/"},{"@type":"ListItem","position":3,"name":"High Efficiency Side View 12*20mm LED Neon Flex \u2013 S1220H"}]},{"@type":"WebSite","@id":"https:\/\/essenled.com\/#website","url":"https:\/\/essenled.com\/","name":"ESSENLED","description":"","publisher":{"@id":"https:\/\/essenled.com\/#organization"},"potentialAction":[{"@type":"SearchAction","target":{"@type":"EntryPoint","urlTemplate":"https:\/\/essenled.com\/?s={search_term_string}"},"query-input":{"@type":"PropertyValueSpecification","valueRequired":true,"valueName":"search_term_string"}}],"inLanguage":"fr-FR"},{"@type":"Organization","@id":"https:\/\/essenled.com\/#organization","name":"ESSENLED","url":"https:\/\/essenled.com\/","logo":{"@type":"ImageObject","inLanguage":"fr-FR","@id":"https:\/\/essenled.com\/#\/schema\/logo\/image\/","url":"https:\/\/essenled.com\/wp-content\/uploads\/2024\/01\/Essen-logo.png","contentUrl":"https:\/\/essenled.com\/wp-content\/uploads\/2024\/01\/Essen-logo.png","width":800,"height":110,"caption":"ESSENLED"},"image":{"@id":"https:\/\/essenled.com\/#\/schema\/logo\/image\/"}}]}},"_links":{"self":[{"href":"https:\/\/essenled.com\/fr\/wp-json\/wp\/v2\/product\/1623","targetHints":{"allow":["GET"]}}],"collection":[{"href":"https:\/\/essenled.com\/fr\/wp-json\/wp\/v2\/product"}],"about":[{"href":"https:\/\/essenled.com\/fr\/wp-json\/wp\/v2\/types\/product"}],"version-history":[{"count":2,"href":"https:\/\/essenled.com\/fr\/wp-json\/wp\/v2\/product\/1623\/revisions"}],"predecessor-version":[{"id":1635,"href":"https:\/\/essenled.com\/fr\/wp-json\/wp\/v2\/product\/1623\/revisions\/1635"}],"wp:featuredmedia":[{"embeddable":true,"href":"https:\/\/essenled.com\/fr\/wp-json\/wp\/v2\/media\/1589"}],"wp:attachment":[{"href":"https:\/\/essenled.com\/fr\/wp-json\/wp\/v2\/media?parent=1623"}],"wp:term":[{"taxonomy":"product_brand","embeddable":true,"href":"https:\/\/essenled.com\/fr\/wp-json\/wp\/v2\/product_brand?post=1623"},{"taxonomy":"product_cat","embeddable":true,"href":"https:\/\/essenled.com\/fr\/wp-json\/wp\/v2\/product_cat?post=1623"},{"taxonomy":"product_tag","embeddable":true,"href":"https:\/\/essenled.com\/fr\/wp-json\/wp\/v2\/product_tag?post=1623"}],"curies":[{"name":"wp","href":"https:\/\/api.w.org\/{rel}","templated":true}]}}