{"id":1562,"date":"2024-03-01T06:13:40","date_gmt":"2024-03-01T06:13:40","guid":{"rendered":"https:\/\/essenled.com\/?post_type=product&#038;p=1562"},"modified":"2024-03-01T06:13:41","modified_gmt":"2024-03-01T06:13:41","slug":"side-view-ip67-0612mm-led-silicone-neon-flex","status":"publish","type":"product","link":"https:\/\/essenled.com\/fr\/produit\/side-view-ip67-0612mm-led-silicone-neon-flex\/","title":{"rendered":"Vue lat\u00e9rale IP67 06*12mm LED Silicone N\u00e9on Flex - S0612"},"content":{"rendered":"","protected":false},"excerpt":{"rendered":"<p>Vue lat\u00e9rale Super petit 06*12mm LED Silicone Neon Flex - S0612, disponible en une seule couleur, accordable blanc\/RGB. Ce produit est extrud\u00e9 en une seule pi\u00e8ce et fabriqu\u00e9 \u00e0 partir de silicone respectueux de l'environnement.<\/p>\n<p>IP67 vue lat\u00e9rale LED n\u00e9on flex S0612 est de 5w et 10w\/m. Le niveau de protection atteint IP67, ce qui convient parfaitement \u00e0 une utilisation ext\u00e9rieure \u00e0 long terme et ne jaunit pas facilement.<\/p>\n<p>Vue lat\u00e9rale IP67 \u00e9tanche ; 06*12mm LED Neon Flex, la transmission de la lumi\u00e8re est extr\u00eamement \u00e9lev\u00e9e. Plusieurs sorties de c\u00e2bles diff\u00e9rentes facilitent le c\u00e2blage tout en dissimulant les fils et en conservant une belle apparence.<\/p>\n<p>Notre n\u00e9on flexible LED \u00e0 vue lat\u00e9rale IP67 \u00e9tanche S0612, adopte un design unique de structure optique ; la lumi\u00e8re est uniforme sans aucune ombre. Il peut \u00eatre utilis\u00e9 pour les contours, l'\u00e9clairage d\u00e9coratif int\u00e9rieur et ext\u00e9rieur, et d'autres sc\u00e8nes.<\/p>","protected":false},"featured_media":1567,"template":"","meta":{"_kad_post_transparent":"default","_kad_post_title":"","_kad_post_layout":"default","_kad_post_sidebar_id":"","_kad_post_content_style":"default","_kad_post_vertical_padding":"default","_kad_post_feature":"","_kad_post_feature_position":"","_kad_post_header":false,"_kad_post_footer":false,"_kad_post_classname":""},"product_brand":[],"product_cat":[39,42],"product_tag":[602,604,600,601,599,603],"class_list":{"0":"post-1562","1":"product","2":"type-product","3":"status-publish","4":"has-post-thumbnail","6":"product_cat-neon-strip","7":"product_cat-side-bend-neon-series","8":"product_tag-0612-neon-strip-24v-ip67-waterproof","9":"product_tag-0612-side-bending-led-neon","10":"product_tag-led-neon-flex-lights-s0612","11":"product_tag-led-neon-s0612-5w-10w","12":"product_tag-slim-0612-led-neon-tube","13":"product_tag-warm-white-led-neon-0612","15":"first","16":"instock","17":"shipping-taxable","18":"product-type-simple","19":"entry","20":"content-bg","21":"loop-entry"},"yoast_head":"<!-- This site is optimized with the Yoast SEO Premium plugin v24.3 (Yoast SEO v26.7) - https:\/\/yoast.com\/wordpress\/plugins\/seo\/ -->\n<title>Side View IP67 06*12mm LED Silicone Neon Flex \u2013 S0612 - ESSENLED<\/title>\n<meta name=\"description\" content=\"Side View IP67 06*12mm LED Silicone Neon Flex \u2013 S0612, available in single color\/tunable white\/RGB. This is extruded in one piece.\" \/>\n<meta name=\"robots\" content=\"index, follow, max-snippet:-1, max-image-preview:large, max-video-preview:-1\" \/>\n<link rel=\"canonical\" href=\"https:\/\/essenled.com\/fr\/produit\/side-view-ip67-0612mm-led-silicone-neon-flex\/\" \/>\n<meta property=\"og:locale\" content=\"fr_FR\" \/>\n<meta property=\"og:type\" content=\"article\" \/>\n<meta property=\"og:title\" content=\"Side View IP67 06*12mm LED Silicone Neon Flex \u2013 S0612\" \/>\n<meta property=\"og:description\" content=\"Side View IP67 06*12mm LED Silicone Neon Flex \u2013 S0612, available in single color\/tunable white\/RGB. This is extruded in one piece.\" \/>\n<meta property=\"og:url\" content=\"https:\/\/essenled.com\/fr\/produit\/side-view-ip67-0612mm-led-silicone-neon-flex\/\" \/>\n<meta property=\"og:site_name\" content=\"ESSENLED\" \/>\n<meta property=\"article:modified_time\" content=\"2024-03-01T06:13:41+00:00\" \/>\n<meta property=\"og:image\" content=\"https:\/\/essenled.com\/wp-content\/uploads\/2024\/03\/SLIM-0612-LED-Neon-Tube.webp\" \/>\n\t<meta property=\"og:image:width\" content=\"1000\" \/>\n\t<meta property=\"og:image:height\" content=\"1000\" \/>\n\t<meta property=\"og:image:type\" content=\"image\/webp\" \/>\n<meta name=\"twitter:card\" content=\"summary_large_image\" \/>\n<meta name=\"twitter:label1\" content=\"Dur\u00e9e de lecture estim\u00e9e\" \/>\n\t<meta name=\"twitter:data1\" content=\"1 minute\" \/>\n<script type=\"application\/ld+json\" class=\"yoast-schema-graph\">{\"@context\":\"https:\/\/schema.org\",\"@graph\":[{\"@type\":\"WebPage\",\"@id\":\"https:\/\/essenled.com\/product\/side-view-ip67-0612mm-led-silicone-neon-flex\/\",\"url\":\"https:\/\/essenled.com\/product\/side-view-ip67-0612mm-led-silicone-neon-flex\/\",\"name\":\"Side View IP67 06*12mm LED Silicone Neon Flex \u2013 S0612 - ESSENLED\",\"isPartOf\":{\"@id\":\"https:\/\/essenled.com\/#website\"},\"primaryImageOfPage\":{\"@id\":\"https:\/\/essenled.com\/product\/side-view-ip67-0612mm-led-silicone-neon-flex\/#primaryimage\"},\"image\":{\"@id\":\"https:\/\/essenled.com\/product\/side-view-ip67-0612mm-led-silicone-neon-flex\/#primaryimage\"},\"thumbnailUrl\":\"https:\/\/essenled.com\/wp-content\/uploads\/2024\/03\/SLIM-0612-LED-Neon-Tube.webp\",\"datePublished\":\"2024-03-01T06:13:40+00:00\",\"dateModified\":\"2024-03-01T06:13:41+00:00\",\"description\":\"Side View IP67 06*12mm LED Silicone Neon Flex \u2013 S0612, available in single color\/tunable white\/RGB. This is extruded in one piece.\",\"breadcrumb\":{\"@id\":\"https:\/\/essenled.com\/product\/side-view-ip67-0612mm-led-silicone-neon-flex\/#breadcrumb\"},\"inLanguage\":\"fr-FR\",\"potentialAction\":[{\"@type\":\"ReadAction\",\"target\":[\"https:\/\/essenled.com\/product\/side-view-ip67-0612mm-led-silicone-neon-flex\/\"]}]},{\"@type\":\"ImageObject\",\"inLanguage\":\"fr-FR\",\"@id\":\"https:\/\/essenled.com\/product\/side-view-ip67-0612mm-led-silicone-neon-flex\/#primaryimage\",\"url\":\"https:\/\/essenled.com\/wp-content\/uploads\/2024\/03\/SLIM-0612-LED-Neon-Tube.webp\",\"contentUrl\":\"https:\/\/essenled.com\/wp-content\/uploads\/2024\/03\/SLIM-0612-LED-Neon-Tube.webp\",\"width\":1000,\"height\":1000,\"caption\":\"SLIM 0612 LED Neon Tube\"},{\"@type\":\"BreadcrumbList\",\"@id\":\"https:\/\/essenled.com\/product\/side-view-ip67-0612mm-led-silicone-neon-flex\/#breadcrumb\",\"itemListElement\":[{\"@type\":\"ListItem\",\"position\":1,\"name\":\"Home\",\"item\":\"https:\/\/essenled.com\/\"},{\"@type\":\"ListItem\",\"position\":2,\"name\":\"Product\",\"item\":\"https:\/\/essenled.com\/fr\/product\/\"},{\"@type\":\"ListItem\",\"position\":3,\"name\":\"Side View IP67 06*12mm LED Silicone Neon Flex \u2013 S0612\"}]},{\"@type\":\"WebSite\",\"@id\":\"https:\/\/essenled.com\/#website\",\"url\":\"https:\/\/essenled.com\/\",\"name\":\"ESSENLED\",\"description\":\"\",\"publisher\":{\"@id\":\"https:\/\/essenled.com\/#organization\"},\"potentialAction\":[{\"@type\":\"SearchAction\",\"target\":{\"@type\":\"EntryPoint\",\"urlTemplate\":\"https:\/\/essenled.com\/?s={search_term_string}\"},\"query-input\":{\"@type\":\"PropertyValueSpecification\",\"valueRequired\":true,\"valueName\":\"search_term_string\"}}],\"inLanguage\":\"fr-FR\"},{\"@type\":\"Organization\",\"@id\":\"https:\/\/essenled.com\/#organization\",\"name\":\"ESSENLED\",\"url\":\"https:\/\/essenled.com\/\",\"logo\":{\"@type\":\"ImageObject\",\"inLanguage\":\"fr-FR\",\"@id\":\"https:\/\/essenled.com\/#\/schema\/logo\/image\/\",\"url\":\"https:\/\/essenled.com\/wp-content\/uploads\/2024\/01\/Essen-logo.png\",\"contentUrl\":\"https:\/\/essenled.com\/wp-content\/uploads\/2024\/01\/Essen-logo.png\",\"width\":800,\"height\":110,\"caption\":\"ESSENLED\"},\"image\":{\"@id\":\"https:\/\/essenled.com\/#\/schema\/logo\/image\/\"}}]}<\/script>\n<!-- \/ Yoast SEO Premium plugin. -->","yoast_head_json":{"title":"Vue lat\u00e9rale IP67 06*12mm LED Silicone Neon Flex - S0612 - ESSENLED","description":"Vue lat\u00e9rale IP67 06*12mm LED Silicone Neon Flex - S0612, disponible en couleur unique \/ blanc r\u00e9glable \/ RVB. Ce produit est extrud\u00e9 en une seule pi\u00e8ce.","robots":{"index":"index","follow":"follow","max-snippet":"max-snippet:-1","max-image-preview":"max-image-preview:large","max-video-preview":"max-video-preview:-1"},"canonical":"https:\/\/essenled.com\/fr\/produit\/side-view-ip67-0612mm-led-silicone-neon-flex\/","og_locale":"fr_FR","og_type":"article","og_title":"Side View IP67 06*12mm LED Silicone Neon Flex \u2013 S0612","og_description":"Side View IP67 06*12mm LED Silicone Neon Flex \u2013 S0612, available in single color\/tunable white\/RGB. This is extruded in one piece.","og_url":"https:\/\/essenled.com\/fr\/produit\/side-view-ip67-0612mm-led-silicone-neon-flex\/","og_site_name":"ESSENLED","article_modified_time":"2024-03-01T06:13:41+00:00","og_image":[{"width":1000,"height":1000,"url":"https:\/\/essenled.com\/wp-content\/uploads\/2024\/03\/SLIM-0612-LED-Neon-Tube.webp","type":"image\/webp"}],"twitter_card":"summary_large_image","twitter_misc":{"Dur\u00e9e de lecture estim\u00e9e":"1 minute"},"schema":{"@context":"https:\/\/schema.org","@graph":[{"@type":"WebPage","@id":"https:\/\/essenled.com\/product\/side-view-ip67-0612mm-led-silicone-neon-flex\/","url":"https:\/\/essenled.com\/product\/side-view-ip67-0612mm-led-silicone-neon-flex\/","name":"Vue lat\u00e9rale IP67 06*12mm LED Silicone Neon Flex - S0612 - ESSENLED","isPartOf":{"@id":"https:\/\/essenled.com\/#website"},"primaryImageOfPage":{"@id":"https:\/\/essenled.com\/product\/side-view-ip67-0612mm-led-silicone-neon-flex\/#primaryimage"},"image":{"@id":"https:\/\/essenled.com\/product\/side-view-ip67-0612mm-led-silicone-neon-flex\/#primaryimage"},"thumbnailUrl":"https:\/\/essenled.com\/wp-content\/uploads\/2024\/03\/SLIM-0612-LED-Neon-Tube.webp","datePublished":"2024-03-01T06:13:40+00:00","dateModified":"2024-03-01T06:13:41+00:00","description":"Vue lat\u00e9rale IP67 06*12mm LED Silicone Neon Flex - S0612, disponible en couleur unique \/ blanc r\u00e9glable \/ RVB. Ce produit est extrud\u00e9 en une seule pi\u00e8ce.","breadcrumb":{"@id":"https:\/\/essenled.com\/product\/side-view-ip67-0612mm-led-silicone-neon-flex\/#breadcrumb"},"inLanguage":"fr-FR","potentialAction":[{"@type":"ReadAction","target":["https:\/\/essenled.com\/product\/side-view-ip67-0612mm-led-silicone-neon-flex\/"]}]},{"@type":"ImageObject","inLanguage":"fr-FR","@id":"https:\/\/essenled.com\/product\/side-view-ip67-0612mm-led-silicone-neon-flex\/#primaryimage","url":"https:\/\/essenled.com\/wp-content\/uploads\/2024\/03\/SLIM-0612-LED-Neon-Tube.webp","contentUrl":"https:\/\/essenled.com\/wp-content\/uploads\/2024\/03\/SLIM-0612-LED-Neon-Tube.webp","width":1000,"height":1000,"caption":"SLIM 0612 LED Neon Tube"},{"@type":"BreadcrumbList","@id":"https:\/\/essenled.com\/product\/side-view-ip67-0612mm-led-silicone-neon-flex\/#breadcrumb","itemListElement":[{"@type":"ListItem","position":1,"name":"Home","item":"https:\/\/essenled.com\/"},{"@type":"ListItem","position":2,"name":"Product","item":"https:\/\/essenled.com\/fr\/product\/"},{"@type":"ListItem","position":3,"name":"Side View IP67 06*12mm LED Silicone Neon Flex \u2013 S0612"}]},{"@type":"WebSite","@id":"https:\/\/essenled.com\/#website","url":"https:\/\/essenled.com\/","name":"ESSENLED","description":"","publisher":{"@id":"https:\/\/essenled.com\/#organization"},"potentialAction":[{"@type":"SearchAction","target":{"@type":"EntryPoint","urlTemplate":"https:\/\/essenled.com\/?s={search_term_string}"},"query-input":{"@type":"PropertyValueSpecification","valueRequired":true,"valueName":"search_term_string"}}],"inLanguage":"fr-FR"},{"@type":"Organization","@id":"https:\/\/essenled.com\/#organization","name":"ESSENLED","url":"https:\/\/essenled.com\/","logo":{"@type":"ImageObject","inLanguage":"fr-FR","@id":"https:\/\/essenled.com\/#\/schema\/logo\/image\/","url":"https:\/\/essenled.com\/wp-content\/uploads\/2024\/01\/Essen-logo.png","contentUrl":"https:\/\/essenled.com\/wp-content\/uploads\/2024\/01\/Essen-logo.png","width":800,"height":110,"caption":"ESSENLED"},"image":{"@id":"https:\/\/essenled.com\/#\/schema\/logo\/image\/"}}]}},"_links":{"self":[{"href":"https:\/\/essenled.com\/fr\/wp-json\/wp\/v2\/product\/1562","targetHints":{"allow":["GET"]}}],"collection":[{"href":"https:\/\/essenled.com\/fr\/wp-json\/wp\/v2\/product"}],"about":[{"href":"https:\/\/essenled.com\/fr\/wp-json\/wp\/v2\/types\/product"}],"version-history":[{"count":1,"href":"https:\/\/essenled.com\/fr\/wp-json\/wp\/v2\/product\/1562\/revisions"}],"predecessor-version":[{"id":1569,"href":"https:\/\/essenled.com\/fr\/wp-json\/wp\/v2\/product\/1562\/revisions\/1569"}],"wp:featuredmedia":[{"embeddable":true,"href":"https:\/\/essenled.com\/fr\/wp-json\/wp\/v2\/media\/1567"}],"wp:attachment":[{"href":"https:\/\/essenled.com\/fr\/wp-json\/wp\/v2\/media?parent=1562"}],"wp:term":[{"taxonomy":"product_brand","embeddable":true,"href":"https:\/\/essenled.com\/fr\/wp-json\/wp\/v2\/product_brand?post=1562"},{"taxonomy":"product_cat","embeddable":true,"href":"https:\/\/essenled.com\/fr\/wp-json\/wp\/v2\/product_cat?post=1562"},{"taxonomy":"product_tag","embeddable":true,"href":"https:\/\/essenled.com\/fr\/wp-json\/wp\/v2\/product_tag?post=1562"}],"curies":[{"name":"wp","href":"https:\/\/api.w.org\/{rel}","templated":true}]}}