{"id":1522,"date":"2024-03-01T02:00:58","date_gmt":"2024-03-01T02:00:58","guid":{"rendered":"https:\/\/essenled.com\/?post_type=product&#038;p=1522"},"modified":"2024-03-04T12:08:09","modified_gmt":"2024-03-04T12:08:09","slug":"addressable-dmx512-spi-pixel-led-silicone-neon-flex","status":"publish","type":"product","link":"https:\/\/essenled.com\/fr\/produit\/addressable-dmx512-spi-pixel-led-silicone-neon-flex\/","title":{"rendered":"DMX512&amp;SPI Adressable Pixel LED Silicone Neon Flex"},"content":{"rendered":"","protected":false},"excerpt":{"rendered":"<p>Le pixel DMX512&amp;SPI adressable LED silicone n\u00e9on flex<br \/>\ncr\u00e9e le DMX512 et SPI Neon Flex, un LED Neon Flex qui permet de contr\u00f4ler individuellement chaque segment de LED. Il permettra une plus grande personnalisation et polyvalence dans les projets d'\u00e9clairage.<\/p>\n<p>Le n\u00e9on flexible \u00e0 LED DMX512 est de plus en plus populaire dans des applications telles que l'\u00e9clairage de sc\u00e8ne, l'\u00e9clairage architectural, l'\u00e9clairage musical et \u00e9v\u00e9nementiel, et l'\u00e9clairage dynamique et personnalisable.<\/p>\n<p>Le n\u00e9on flexible SPI LED offre les avantages de l'efficacit\u00e9 \u00e9nerg\u00e9tique et de la durabilit\u00e9 du n\u00e9on flexible LED tout en permettant un contr\u00f4le pr\u00e9cis de chaque LED et des effets d'\u00e9clairage \u00e9tonnants.<\/p>\n<p>Le n\u00e9on flexible \u00e0 LED DMX512&amp;SPI contient plusieurs LED individuelles que vous pouvez programmer pour afficher une vari\u00e9t\u00e9 de couleurs, de motifs et d'effets. Il est \u00e9galement possible de cr\u00e9er des affichages lumineux dynamiques synchronis\u00e9s avec de la musique, de la vid\u00e9o ou d'autres sources externes.<\/p>","protected":false},"featured_media":1527,"template":"","meta":{"_kad_post_transparent":"default","_kad_post_title":"","_kad_post_layout":"default","_kad_post_sidebar_id":"","_kad_post_content_style":"default","_kad_post_vertical_padding":"default","_kad_post_feature":"","_kad_post_feature_position":"","_kad_post_header":false,"_kad_post_footer":false,"_kad_post_classname":""},"product_brand":[],"product_cat":[45,39],"product_tag":[578,580,579,576,581,577],"class_list":{"0":"post-1522","1":"product","2":"type-product","3":"status-publish","4":"has-post-thumbnail","6":"product_cat-dmx512-spl-neon-series","7":"product_cat-neon-strip","8":"product_tag-24v-dmx512spi-led-neon-flex","9":"product_tag-addressable-neon-flex","10":"product_tag-dmx512-pixel-neon-flex","11":"product_tag-neon-rgb-led-neon-dmx512","12":"product_tag-outdoor-flexible-silicone-led-neon","13":"product_tag-silicone-neon-strip-dmx512-neon-light","15":"first","16":"instock","17":"featured","18":"shipping-taxable","19":"product-type-simple","20":"entry","21":"content-bg","22":"loop-entry"},"yoast_head":"<!-- This site is optimized with the Yoast SEO Premium plugin v24.3 (Yoast SEO v26.7) - https:\/\/yoast.com\/wordpress\/plugins\/seo\/ -->\n<title>Addressable DMX512&amp;SPI Pixel LED Silicone Neon Flex - ESSENLED<\/title>\n<meta name=\"description\" content=\"The addressable DMX512&amp;SPI pixel LED silicone neon flex creates the DMX512 and SPI, allowing each LED segment to be controlled individually.\" \/>\n<meta name=\"robots\" content=\"index, follow, max-snippet:-1, max-image-preview:large, max-video-preview:-1\" \/>\n<link rel=\"canonical\" href=\"https:\/\/essenled.com\/fr\/produit\/addressable-dmx512-spi-pixel-led-silicone-neon-flex\/\" \/>\n<meta property=\"og:locale\" content=\"fr_FR\" \/>\n<meta property=\"og:type\" content=\"article\" \/>\n<meta property=\"og:title\" content=\"Addressable DMX512&amp;SPI Pixel LED Silicone Neon Flex\" \/>\n<meta property=\"og:description\" content=\"The addressable DMX512&amp;SPI pixel LED silicone neon flex creates the DMX512 and SPI, allowing each LED segment to be controlled individually.\" \/>\n<meta property=\"og:url\" content=\"https:\/\/essenled.com\/fr\/produit\/addressable-dmx512-spi-pixel-led-silicone-neon-flex\/\" \/>\n<meta property=\"og:site_name\" content=\"ESSENLED\" \/>\n<meta property=\"article:modified_time\" content=\"2024-03-04T12:08:09+00:00\" \/>\n<meta property=\"og:image\" content=\"https:\/\/essenled.com\/wp-content\/uploads\/2024\/03\/Neon-Rgb-Led-Neon-Dmx512.webp\" \/>\n\t<meta property=\"og:image:width\" content=\"800\" \/>\n\t<meta property=\"og:image:height\" content=\"800\" \/>\n\t<meta property=\"og:image:type\" content=\"image\/webp\" \/>\n<meta name=\"twitter:card\" content=\"summary_large_image\" \/>\n<meta name=\"twitter:label1\" content=\"Dur\u00e9e de lecture estim\u00e9e\" \/>\n\t<meta name=\"twitter:data1\" content=\"1 minute\" \/>\n<script type=\"application\/ld+json\" class=\"yoast-schema-graph\">{\"@context\":\"https:\/\/schema.org\",\"@graph\":[{\"@type\":\"WebPage\",\"@id\":\"https:\/\/essenled.com\/product\/addressable-dmx512-spi-pixel-led-silicone-neon-flex\/\",\"url\":\"https:\/\/essenled.com\/product\/addressable-dmx512-spi-pixel-led-silicone-neon-flex\/\",\"name\":\"Addressable DMX512&SPI Pixel LED Silicone Neon Flex - ESSENLED\",\"isPartOf\":{\"@id\":\"https:\/\/essenled.com\/#website\"},\"primaryImageOfPage\":{\"@id\":\"https:\/\/essenled.com\/product\/addressable-dmx512-spi-pixel-led-silicone-neon-flex\/#primaryimage\"},\"image\":{\"@id\":\"https:\/\/essenled.com\/product\/addressable-dmx512-spi-pixel-led-silicone-neon-flex\/#primaryimage\"},\"thumbnailUrl\":\"https:\/\/essenled.com\/wp-content\/uploads\/2024\/03\/Neon-Rgb-Led-Neon-Dmx512.webp\",\"datePublished\":\"2024-03-01T02:00:58+00:00\",\"dateModified\":\"2024-03-04T12:08:09+00:00\",\"description\":\"The addressable DMX512&SPI pixel LED silicone neon flex creates the DMX512 and SPI, allowing each LED segment to be controlled individually.\",\"breadcrumb\":{\"@id\":\"https:\/\/essenled.com\/product\/addressable-dmx512-spi-pixel-led-silicone-neon-flex\/#breadcrumb\"},\"inLanguage\":\"fr-FR\",\"potentialAction\":[{\"@type\":\"ReadAction\",\"target\":[\"https:\/\/essenled.com\/product\/addressable-dmx512-spi-pixel-led-silicone-neon-flex\/\"]}]},{\"@type\":\"ImageObject\",\"inLanguage\":\"fr-FR\",\"@id\":\"https:\/\/essenled.com\/product\/addressable-dmx512-spi-pixel-led-silicone-neon-flex\/#primaryimage\",\"url\":\"https:\/\/essenled.com\/wp-content\/uploads\/2024\/03\/Neon-Rgb-Led-Neon-Dmx512.webp\",\"contentUrl\":\"https:\/\/essenled.com\/wp-content\/uploads\/2024\/03\/Neon-Rgb-Led-Neon-Dmx512.webp\",\"width\":800,\"height\":800,\"caption\":\"Neon Rgb Led Neon Dmx512\"},{\"@type\":\"BreadcrumbList\",\"@id\":\"https:\/\/essenled.com\/product\/addressable-dmx512-spi-pixel-led-silicone-neon-flex\/#breadcrumb\",\"itemListElement\":[{\"@type\":\"ListItem\",\"position\":1,\"name\":\"Home\",\"item\":\"https:\/\/essenled.com\/\"},{\"@type\":\"ListItem\",\"position\":2,\"name\":\"Product\",\"item\":\"https:\/\/essenled.com\/fr\/product\/\"},{\"@type\":\"ListItem\",\"position\":3,\"name\":\"Addressable DMX512&#038;SPI Pixel LED Silicone Neon Flex\"}]},{\"@type\":\"WebSite\",\"@id\":\"https:\/\/essenled.com\/#website\",\"url\":\"https:\/\/essenled.com\/\",\"name\":\"ESSENLED\",\"description\":\"\",\"publisher\":{\"@id\":\"https:\/\/essenled.com\/#organization\"},\"potentialAction\":[{\"@type\":\"SearchAction\",\"target\":{\"@type\":\"EntryPoint\",\"urlTemplate\":\"https:\/\/essenled.com\/?s={search_term_string}\"},\"query-input\":{\"@type\":\"PropertyValueSpecification\",\"valueRequired\":true,\"valueName\":\"search_term_string\"}}],\"inLanguage\":\"fr-FR\"},{\"@type\":\"Organization\",\"@id\":\"https:\/\/essenled.com\/#organization\",\"name\":\"ESSENLED\",\"url\":\"https:\/\/essenled.com\/\",\"logo\":{\"@type\":\"ImageObject\",\"inLanguage\":\"fr-FR\",\"@id\":\"https:\/\/essenled.com\/#\/schema\/logo\/image\/\",\"url\":\"https:\/\/essenled.com\/wp-content\/uploads\/2024\/01\/Essen-logo.png\",\"contentUrl\":\"https:\/\/essenled.com\/wp-content\/uploads\/2024\/01\/Essen-logo.png\",\"width\":800,\"height\":110,\"caption\":\"ESSENLED\"},\"image\":{\"@id\":\"https:\/\/essenled.com\/#\/schema\/logo\/image\/\"}}]}<\/script>\n<!-- \/ Yoast SEO Premium plugin. -->","yoast_head_json":{"title":"Pixel LED adressable DMX512&amp;SPI Silicone Neon Flex - ESSENLED","description":"Le pixel adressable DMX512&amp;SPI LED silicone neon flex cr\u00e9e le DMX512 et le SPI, permettant \u00e0 chaque segment LED d'\u00eatre contr\u00f4l\u00e9 individuellement.","robots":{"index":"index","follow":"follow","max-snippet":"max-snippet:-1","max-image-preview":"max-image-preview:large","max-video-preview":"max-video-preview:-1"},"canonical":"https:\/\/essenled.com\/fr\/produit\/addressable-dmx512-spi-pixel-led-silicone-neon-flex\/","og_locale":"fr_FR","og_type":"article","og_title":"Addressable DMX512&SPI Pixel LED Silicone Neon Flex","og_description":"The addressable DMX512&SPI pixel LED silicone neon flex creates the DMX512 and SPI, allowing each LED segment to be controlled individually.","og_url":"https:\/\/essenled.com\/fr\/produit\/addressable-dmx512-spi-pixel-led-silicone-neon-flex\/","og_site_name":"ESSENLED","article_modified_time":"2024-03-04T12:08:09+00:00","og_image":[{"width":800,"height":800,"url":"https:\/\/essenled.com\/wp-content\/uploads\/2024\/03\/Neon-Rgb-Led-Neon-Dmx512.webp","type":"image\/webp"}],"twitter_card":"summary_large_image","twitter_misc":{"Dur\u00e9e de lecture estim\u00e9e":"1 minute"},"schema":{"@context":"https:\/\/schema.org","@graph":[{"@type":"WebPage","@id":"https:\/\/essenled.com\/product\/addressable-dmx512-spi-pixel-led-silicone-neon-flex\/","url":"https:\/\/essenled.com\/product\/addressable-dmx512-spi-pixel-led-silicone-neon-flex\/","name":"Pixel LED adressable DMX512&amp;SPI Silicone Neon Flex - ESSENLED","isPartOf":{"@id":"https:\/\/essenled.com\/#website"},"primaryImageOfPage":{"@id":"https:\/\/essenled.com\/product\/addressable-dmx512-spi-pixel-led-silicone-neon-flex\/#primaryimage"},"image":{"@id":"https:\/\/essenled.com\/product\/addressable-dmx512-spi-pixel-led-silicone-neon-flex\/#primaryimage"},"thumbnailUrl":"https:\/\/essenled.com\/wp-content\/uploads\/2024\/03\/Neon-Rgb-Led-Neon-Dmx512.webp","datePublished":"2024-03-01T02:00:58+00:00","dateModified":"2024-03-04T12:08:09+00:00","description":"Le pixel adressable DMX512&amp;SPI LED silicone neon flex cr\u00e9e le DMX512 et le SPI, permettant \u00e0 chaque segment LED d'\u00eatre contr\u00f4l\u00e9 individuellement.","breadcrumb":{"@id":"https:\/\/essenled.com\/product\/addressable-dmx512-spi-pixel-led-silicone-neon-flex\/#breadcrumb"},"inLanguage":"fr-FR","potentialAction":[{"@type":"ReadAction","target":["https:\/\/essenled.com\/product\/addressable-dmx512-spi-pixel-led-silicone-neon-flex\/"]}]},{"@type":"ImageObject","inLanguage":"fr-FR","@id":"https:\/\/essenled.com\/product\/addressable-dmx512-spi-pixel-led-silicone-neon-flex\/#primaryimage","url":"https:\/\/essenled.com\/wp-content\/uploads\/2024\/03\/Neon-Rgb-Led-Neon-Dmx512.webp","contentUrl":"https:\/\/essenled.com\/wp-content\/uploads\/2024\/03\/Neon-Rgb-Led-Neon-Dmx512.webp","width":800,"height":800,"caption":"Neon Rgb Led Neon Dmx512"},{"@type":"BreadcrumbList","@id":"https:\/\/essenled.com\/product\/addressable-dmx512-spi-pixel-led-silicone-neon-flex\/#breadcrumb","itemListElement":[{"@type":"ListItem","position":1,"name":"Home","item":"https:\/\/essenled.com\/"},{"@type":"ListItem","position":2,"name":"Product","item":"https:\/\/essenled.com\/fr\/product\/"},{"@type":"ListItem","position":3,"name":"Addressable DMX512&#038;SPI Pixel LED Silicone Neon Flex"}]},{"@type":"WebSite","@id":"https:\/\/essenled.com\/#website","url":"https:\/\/essenled.com\/","name":"ESSENLED","description":"","publisher":{"@id":"https:\/\/essenled.com\/#organization"},"potentialAction":[{"@type":"SearchAction","target":{"@type":"EntryPoint","urlTemplate":"https:\/\/essenled.com\/?s={search_term_string}"},"query-input":{"@type":"PropertyValueSpecification","valueRequired":true,"valueName":"search_term_string"}}],"inLanguage":"fr-FR"},{"@type":"Organization","@id":"https:\/\/essenled.com\/#organization","name":"ESSENLED","url":"https:\/\/essenled.com\/","logo":{"@type":"ImageObject","inLanguage":"fr-FR","@id":"https:\/\/essenled.com\/#\/schema\/logo\/image\/","url":"https:\/\/essenled.com\/wp-content\/uploads\/2024\/01\/Essen-logo.png","contentUrl":"https:\/\/essenled.com\/wp-content\/uploads\/2024\/01\/Essen-logo.png","width":800,"height":110,"caption":"ESSENLED"},"image":{"@id":"https:\/\/essenled.com\/#\/schema\/logo\/image\/"}}]}},"_links":{"self":[{"href":"https:\/\/essenled.com\/fr\/wp-json\/wp\/v2\/product\/1522","targetHints":{"allow":["GET"]}}],"collection":[{"href":"https:\/\/essenled.com\/fr\/wp-json\/wp\/v2\/product"}],"about":[{"href":"https:\/\/essenled.com\/fr\/wp-json\/wp\/v2\/types\/product"}],"version-history":[{"count":1,"href":"https:\/\/essenled.com\/fr\/wp-json\/wp\/v2\/product\/1522\/revisions"}],"predecessor-version":[{"id":1529,"href":"https:\/\/essenled.com\/fr\/wp-json\/wp\/v2\/product\/1522\/revisions\/1529"}],"wp:featuredmedia":[{"embeddable":true,"href":"https:\/\/essenled.com\/fr\/wp-json\/wp\/v2\/media\/1527"}],"wp:attachment":[{"href":"https:\/\/essenled.com\/fr\/wp-json\/wp\/v2\/media?parent=1522"}],"wp:term":[{"taxonomy":"product_brand","embeddable":true,"href":"https:\/\/essenled.com\/fr\/wp-json\/wp\/v2\/product_brand?post=1522"},{"taxonomy":"product_cat","embeddable":true,"href":"https:\/\/essenled.com\/fr\/wp-json\/wp\/v2\/product_cat?post=1522"},{"taxonomy":"product_tag","embeddable":true,"href":"https:\/\/essenled.com\/fr\/wp-json\/wp\/v2\/product_tag?post=1522"}],"curies":[{"name":"wp","href":"https:\/\/api.w.org\/{rel}","templated":true}]}}