{"id":1504,"date":"2024-03-01T01:30:42","date_gmt":"2024-03-01T01:30:42","guid":{"rendered":"https:\/\/essenled.com\/?post_type=product&#038;p=1504"},"modified":"2024-03-04T12:07:55","modified_gmt":"2024-03-04T12:07:55","slug":"ip68-silicone-top-view-led-neon-flex-swimming-pool","status":"publish","type":"product","link":"https:\/\/essenled.com\/fr\/produit\/ip68-silicone-top-view-led-neon-flex-swimming-pool\/","title":{"rendered":"IP68 Silicone Top View LED Neon Flex Swimming Pool - T1615"},"content":{"rendered":"","protected":false},"excerpt":{"rendered":"<p>N\u00e9on flexible en silicone IP68 pour piscine - T1615, Il s'agit d'un tube n\u00e9on avec une taille de 16*15mm. Il est sp\u00e9cialement con\u00e7u pour l'installation de n\u00e9ons flexibles sous l'eau, comme l'eau de la piscine.<\/p>\n<p>IP68 silicone LED n\u00e9on flex piscine T1615 puissance \u00e0 10w\/m. Disponible dans une vari\u00e9t\u00e9 de couleurs claires et est \u00e9galement disponible dans des couleurs et des longueurs personnalis\u00e9es, couleur unique, blanc accordable, RVB, etc.<\/p>\n<p>Les piscines LED n\u00e9on flexibles ont un degr\u00e9 d'\u00e9tanch\u00e9it\u00e9 IP68, c'est-\u00e0-dire le plus haut niveau de protection contre l'eau et la poussi\u00e8re, elles ont un niveau extr\u00eamement \u00e9lev\u00e9 de r\u00e9sistance \u00e0 l'eau. Elles doivent r\u00e9sister \u00e0 une exposition prolong\u00e9e \u00e0 l'eau et \u00e0 d'autres \u00e9l\u00e9ments chimiques.<\/p>\n<p>Le n\u00e9on flexible en silicone IP68 ajoute un aspect \u00e9l\u00e9gant et contemporain \u00e0 la piscine, tout en fournissant une solution d'\u00e9clairage color\u00e9e et \u00e9conome en \u00e9nergie.<\/p>","protected":false},"featured_media":1506,"template":"","meta":{"_kad_post_transparent":"default","_kad_post_title":"","_kad_post_layout":"default","_kad_post_sidebar_id":"","_kad_post_content_style":"default","_kad_post_vertical_padding":"default","_kad_post_feature":"","_kad_post_feature_position":"","_kad_post_header":false,"_kad_post_footer":false,"_kad_post_classname":""},"product_brand":[],"product_cat":[44,39],"product_tag":[564,568,565,569,567,566],"class_list":{"0":"post-1504","1":"product","2":"type-product","3":"status-publish","4":"has-post-thumbnail","6":"product_cat-ip68-silicone-neon-series","7":"product_cat-neon-strip","8":"product_tag-ip68-1615-neon-light-outdoor-lighting","9":"product_tag-ip68-led-strip-neon-t1615-swimming-pool","10":"product_tag-ip68-silicone-neon-t1615","11":"product_tag-neon-flex-swimming-pool-t1615","12":"product_tag-pool-rated-ip68-t1615-neon-rgb","13":"product_tag-swimming-pool-ip68-neon-t1615-underwater","15":"first","16":"instock","17":"featured","18":"shipping-taxable","19":"product-type-simple","20":"entry","21":"content-bg","22":"loop-entry"},"yoast_head":"<!-- This site is optimized with the Yoast SEO Premium plugin v24.3 (Yoast SEO v26.7) - https:\/\/yoast.com\/wordpress\/plugins\/seo\/ -->\n<title>IP68 Silicone Top View LED Neon Flex Swimming Pool - T1615 - ESSENLED<\/title>\n<meta name=\"description\" content=\"IP68 silicone top view LED neon flex swimming pool - T1615, It is a top view neon with a size of 16*15mm, designed for swimming pool water.\" \/>\n<meta name=\"robots\" content=\"index, follow, max-snippet:-1, max-image-preview:large, max-video-preview:-1\" \/>\n<link rel=\"canonical\" href=\"https:\/\/essenled.com\/fr\/produit\/ip68-silicone-top-view-led-neon-flex-swimming-pool\/\" \/>\n<meta property=\"og:locale\" content=\"fr_FR\" \/>\n<meta property=\"og:type\" content=\"article\" \/>\n<meta property=\"og:title\" content=\"IP68 Silicone Top View LED Neon Flex Swimming Pool - T1615\" \/>\n<meta property=\"og:description\" content=\"IP68 silicone top view LED neon flex swimming pool - T1615, It is a top view neon with a size of 16*15mm, designed for swimming pool water.\" \/>\n<meta property=\"og:url\" content=\"https:\/\/essenled.com\/fr\/produit\/ip68-silicone-top-view-led-neon-flex-swimming-pool\/\" \/>\n<meta property=\"og:site_name\" content=\"ESSENLED\" \/>\n<meta property=\"article:modified_time\" content=\"2024-03-04T12:07:55+00:00\" \/>\n<meta property=\"og:image\" content=\"https:\/\/essenled.com\/wp-content\/uploads\/2024\/03\/IP68-1615-Neon-Light-Outdoor-Lighting.webp\" \/>\n\t<meta property=\"og:image:width\" content=\"800\" \/>\n\t<meta property=\"og:image:height\" content=\"800\" \/>\n\t<meta property=\"og:image:type\" content=\"image\/webp\" \/>\n<meta name=\"twitter:card\" content=\"summary_large_image\" \/>\n<meta name=\"twitter:label1\" content=\"Dur\u00e9e de lecture estim\u00e9e\" \/>\n\t<meta name=\"twitter:data1\" content=\"1 minute\" \/>\n<script type=\"application\/ld+json\" class=\"yoast-schema-graph\">{\"@context\":\"https:\/\/schema.org\",\"@graph\":[{\"@type\":\"WebPage\",\"@id\":\"https:\/\/essenled.com\/de\/produkt\/ip68-silikon-obersicht-led-neon-flex-schwimmbad\/\",\"url\":\"https:\/\/essenled.com\/de\/produkt\/ip68-silikon-obersicht-led-neon-flex-schwimmbad\/\",\"name\":\"IP68 Silicone Top View LED Neon Flex Swimming Pool - T1615 - ESSENLED\",\"isPartOf\":{\"@id\":\"https:\/\/essenled.com\/#website\"},\"primaryImageOfPage\":{\"@id\":\"https:\/\/essenled.com\/de\/produkt\/ip68-silikon-obersicht-led-neon-flex-schwimmbad\/#primaryimage\"},\"image\":{\"@id\":\"https:\/\/essenled.com\/de\/produkt\/ip68-silikon-obersicht-led-neon-flex-schwimmbad\/#primaryimage\"},\"thumbnailUrl\":\"https:\/\/essenled.com\/wp-content\/uploads\/2024\/03\/IP68-1615-Neon-Light-Outdoor-Lighting.webp\",\"datePublished\":\"2024-03-01T01:30:42+00:00\",\"dateModified\":\"2024-03-04T12:07:55+00:00\",\"description\":\"IP68 silicone top view LED neon flex swimming pool - T1615, It is a top view neon with a size of 16*15mm, designed for swimming pool water.\",\"breadcrumb\":{\"@id\":\"https:\/\/essenled.com\/de\/produkt\/ip68-silikon-obersicht-led-neon-flex-schwimmbad\/#breadcrumb\"},\"inLanguage\":\"fr-FR\",\"potentialAction\":[{\"@type\":\"ReadAction\",\"target\":[\"https:\/\/essenled.com\/de\/produkt\/ip68-silikon-obersicht-led-neon-flex-schwimmbad\/\"]}]},{\"@type\":\"ImageObject\",\"inLanguage\":\"fr-FR\",\"@id\":\"https:\/\/essenled.com\/de\/produkt\/ip68-silikon-obersicht-led-neon-flex-schwimmbad\/#primaryimage\",\"url\":\"https:\/\/essenled.com\/wp-content\/uploads\/2024\/03\/IP68-1615-Neon-Light-Outdoor-Lighting.webp\",\"contentUrl\":\"https:\/\/essenled.com\/wp-content\/uploads\/2024\/03\/IP68-1615-Neon-Light-Outdoor-Lighting.webp\",\"width\":800,\"height\":800,\"caption\":\"IP68 1615 Neon Light Outdoor Lighting\"},{\"@type\":\"BreadcrumbList\",\"@id\":\"https:\/\/essenled.com\/de\/produkt\/ip68-silikon-obersicht-led-neon-flex-schwimmbad\/#breadcrumb\",\"itemListElement\":[{\"@type\":\"ListItem\",\"position\":1,\"name\":\"Home\",\"item\":\"https:\/\/essenled.com\/\"},{\"@type\":\"ListItem\",\"position\":2,\"name\":\"Product\",\"item\":\"https:\/\/essenled.com\/fr\/product\/\"},{\"@type\":\"ListItem\",\"position\":3,\"name\":\"IP68 Silicone Top View LED Neon Flex Swimming Pool &#8211; T1615\"}]},{\"@type\":\"WebSite\",\"@id\":\"https:\/\/essenled.com\/#website\",\"url\":\"https:\/\/essenled.com\/\",\"name\":\"ESSENLED\",\"description\":\"\",\"publisher\":{\"@id\":\"https:\/\/essenled.com\/#organization\"},\"potentialAction\":[{\"@type\":\"SearchAction\",\"target\":{\"@type\":\"EntryPoint\",\"urlTemplate\":\"https:\/\/essenled.com\/?s={search_term_string}\"},\"query-input\":{\"@type\":\"PropertyValueSpecification\",\"valueRequired\":true,\"valueName\":\"search_term_string\"}}],\"inLanguage\":\"fr-FR\"},{\"@type\":\"Organization\",\"@id\":\"https:\/\/essenled.com\/#organization\",\"name\":\"ESSENLED\",\"url\":\"https:\/\/essenled.com\/\",\"logo\":{\"@type\":\"ImageObject\",\"inLanguage\":\"fr-FR\",\"@id\":\"https:\/\/essenled.com\/#\/schema\/logo\/image\/\",\"url\":\"https:\/\/essenled.com\/wp-content\/uploads\/2024\/01\/Essen-logo.png\",\"contentUrl\":\"https:\/\/essenled.com\/wp-content\/uploads\/2024\/01\/Essen-logo.png\",\"width\":800,\"height\":110,\"caption\":\"ESSENLED\"},\"image\":{\"@id\":\"https:\/\/essenled.com\/#\/schema\/logo\/image\/\"}}]}<\/script>\n<!-- \/ Yoast SEO Premium plugin. -->","yoast_head_json":{"title":"IP68 Silicone Top View LED Neon Flex Swimming Pool - T1615 - ESSENLED","description":"N\u00e9on LED IP68 en silicone pour piscine - T1615, Il s'agit d'un n\u00e9on en vue de dessus avec une taille de 16*15mm, con\u00e7u pour l'eau de la piscine.","robots":{"index":"index","follow":"follow","max-snippet":"max-snippet:-1","max-image-preview":"max-image-preview:large","max-video-preview":"max-video-preview:-1"},"canonical":"https:\/\/essenled.com\/fr\/produit\/ip68-silicone-top-view-led-neon-flex-swimming-pool\/","og_locale":"fr_FR","og_type":"article","og_title":"IP68 Silicone Top View LED Neon Flex Swimming Pool - T1615","og_description":"IP68 silicone top view LED neon flex swimming pool - T1615, It is a top view neon with a size of 16*15mm, designed for swimming pool water.","og_url":"https:\/\/essenled.com\/fr\/produit\/ip68-silicone-top-view-led-neon-flex-swimming-pool\/","og_site_name":"ESSENLED","article_modified_time":"2024-03-04T12:07:55+00:00","og_image":[{"width":800,"height":800,"url":"https:\/\/essenled.com\/wp-content\/uploads\/2024\/03\/IP68-1615-Neon-Light-Outdoor-Lighting.webp","type":"image\/webp"}],"twitter_card":"summary_large_image","twitter_misc":{"Dur\u00e9e de lecture estim\u00e9e":"1 minute"},"schema":{"@context":"https:\/\/schema.org","@graph":[{"@type":"WebPage","@id":"https:\/\/essenled.com\/de\/produkt\/ip68-silikon-obersicht-led-neon-flex-schwimmbad\/","url":"https:\/\/essenled.com\/de\/produkt\/ip68-silikon-obersicht-led-neon-flex-schwimmbad\/","name":"IP68 Silicone Top View LED Neon Flex Swimming Pool - T1615 - ESSENLED","isPartOf":{"@id":"https:\/\/essenled.com\/#website"},"primaryImageOfPage":{"@id":"https:\/\/essenled.com\/de\/produkt\/ip68-silikon-obersicht-led-neon-flex-schwimmbad\/#primaryimage"},"image":{"@id":"https:\/\/essenled.com\/de\/produkt\/ip68-silikon-obersicht-led-neon-flex-schwimmbad\/#primaryimage"},"thumbnailUrl":"https:\/\/essenled.com\/wp-content\/uploads\/2024\/03\/IP68-1615-Neon-Light-Outdoor-Lighting.webp","datePublished":"2024-03-01T01:30:42+00:00","dateModified":"2024-03-04T12:07:55+00:00","description":"N\u00e9on LED IP68 en silicone pour piscine - T1615, Il s'agit d'un n\u00e9on en vue de dessus avec une taille de 16*15mm, con\u00e7u pour l'eau de la piscine.","breadcrumb":{"@id":"https:\/\/essenled.com\/de\/produkt\/ip68-silikon-obersicht-led-neon-flex-schwimmbad\/#breadcrumb"},"inLanguage":"fr-FR","potentialAction":[{"@type":"ReadAction","target":["https:\/\/essenled.com\/de\/produkt\/ip68-silikon-obersicht-led-neon-flex-schwimmbad\/"]}]},{"@type":"ImageObject","inLanguage":"fr-FR","@id":"https:\/\/essenled.com\/de\/produkt\/ip68-silikon-obersicht-led-neon-flex-schwimmbad\/#primaryimage","url":"https:\/\/essenled.com\/wp-content\/uploads\/2024\/03\/IP68-1615-Neon-Light-Outdoor-Lighting.webp","contentUrl":"https:\/\/essenled.com\/wp-content\/uploads\/2024\/03\/IP68-1615-Neon-Light-Outdoor-Lighting.webp","width":800,"height":800,"caption":"IP68 1615 Neon Light Outdoor Lighting"},{"@type":"BreadcrumbList","@id":"https:\/\/essenled.com\/de\/produkt\/ip68-silikon-obersicht-led-neon-flex-schwimmbad\/#breadcrumb","itemListElement":[{"@type":"ListItem","position":1,"name":"Home","item":"https:\/\/essenled.com\/"},{"@type":"ListItem","position":2,"name":"Product","item":"https:\/\/essenled.com\/fr\/product\/"},{"@type":"ListItem","position":3,"name":"IP68 Silicone Top View LED Neon Flex Swimming Pool &#8211; T1615"}]},{"@type":"WebSite","@id":"https:\/\/essenled.com\/#website","url":"https:\/\/essenled.com\/","name":"ESSENLED","description":"","publisher":{"@id":"https:\/\/essenled.com\/#organization"},"potentialAction":[{"@type":"SearchAction","target":{"@type":"EntryPoint","urlTemplate":"https:\/\/essenled.com\/?s={search_term_string}"},"query-input":{"@type":"PropertyValueSpecification","valueRequired":true,"valueName":"search_term_string"}}],"inLanguage":"fr-FR"},{"@type":"Organization","@id":"https:\/\/essenled.com\/#organization","name":"ESSENLED","url":"https:\/\/essenled.com\/","logo":{"@type":"ImageObject","inLanguage":"fr-FR","@id":"https:\/\/essenled.com\/#\/schema\/logo\/image\/","url":"https:\/\/essenled.com\/wp-content\/uploads\/2024\/01\/Essen-logo.png","contentUrl":"https:\/\/essenled.com\/wp-content\/uploads\/2024\/01\/Essen-logo.png","width":800,"height":110,"caption":"ESSENLED"},"image":{"@id":"https:\/\/essenled.com\/#\/schema\/logo\/image\/"}}]}},"_links":{"self":[{"href":"https:\/\/essenled.com\/fr\/wp-json\/wp\/v2\/product\/1504","targetHints":{"allow":["GET"]}}],"collection":[{"href":"https:\/\/essenled.com\/fr\/wp-json\/wp\/v2\/product"}],"about":[{"href":"https:\/\/essenled.com\/fr\/wp-json\/wp\/v2\/types\/product"}],"version-history":[{"count":1,"href":"https:\/\/essenled.com\/fr\/wp-json\/wp\/v2\/product\/1504\/revisions"}],"predecessor-version":[{"id":1512,"href":"https:\/\/essenled.com\/fr\/wp-json\/wp\/v2\/product\/1504\/revisions\/1512"}],"wp:featuredmedia":[{"embeddable":true,"href":"https:\/\/essenled.com\/fr\/wp-json\/wp\/v2\/media\/1506"}],"wp:attachment":[{"href":"https:\/\/essenled.com\/fr\/wp-json\/wp\/v2\/media?parent=1504"}],"wp:term":[{"taxonomy":"product_brand","embeddable":true,"href":"https:\/\/essenled.com\/fr\/wp-json\/wp\/v2\/product_brand?post=1504"},{"taxonomy":"product_cat","embeddable":true,"href":"https:\/\/essenled.com\/fr\/wp-json\/wp\/v2\/product_cat?post=1504"},{"taxonomy":"product_tag","embeddable":true,"href":"https:\/\/essenled.com\/fr\/wp-json\/wp\/v2\/product_tag?post=1504"}],"curies":[{"name":"wp","href":"https:\/\/api.w.org\/{rel}","templated":true}]}}