{"id":1488,"date":"2024-02-29T07:45:13","date_gmt":"2024-02-29T07:45:13","guid":{"rendered":"https:\/\/essenled.com\/?post_type=product&#038;p=1488"},"modified":"2024-02-29T08:10:47","modified_gmt":"2024-02-29T08:10:47","slug":"top-side-bending-1615mm-led-silicone-neon-flex","status":"publish","type":"product","link":"https:\/\/essenled.com\/fr\/produit\/top-side-bending-1615mm-led-silicone-neon-flex\/","title":{"rendered":"Top&amp;Side Bending 16*15mm IP67 LED Silicone Neon Flex - 3D"},"content":{"rendered":"","protected":false},"excerpt":{"rendered":"<p>Top&amp;Side Bending 16*15mm IP67 LED Silicone Neon Flex - 3D, ils utilisent un mat\u00e9riau en silicone flexible, \u00e0 forte plasticit\u00e9, et combinent la flexion des deux surfaces lumineuses sur le c\u00f4t\u00e9 et le dessus.<\/p>\n<p>Les LED 3D IP67 Silicone Neon Flex adoptent une distribution optique unique de la lumi\u00e8re, et la surface d'illumination est uniforme et sans ombre. Les LED sont de 5w\/m et 10w\/m, et peuvent \u00eatre utilis\u00e9es pour des projets d'\u00e9clairage.<\/p>\n<p>3D 16*15mm Top&amp;Side Bending IP67 LED Silicone Neon Flex, est extrud\u00e9 en une seule pi\u00e8ce. Avec un niveau de protection IP67, il ne craint pas les environnements humides int\u00e9rieurs et ext\u00e9rieurs, et la surface ne jaunit pas et ne durcit pas facilement.<\/p>\n<p>IP67 LED Silicone Neon Flex 3D est largement utilis\u00e9 pour r\u00e9pondre aux besoins d'\u00e9clairage de la d\u00e9coration int\u00e9rieure et ext\u00e9rieure, de l'\u00e9clairage paysager, des murs-rideaux des b\u00e2timents, des contours des b\u00e2timents et d'autres sc\u00e8nes.<\/p>","protected":false},"featured_media":1491,"template":"","meta":{"_kad_post_transparent":"default","_kad_post_title":"","_kad_post_layout":"default","_kad_post_sidebar_id":"","_kad_post_content_style":"default","_kad_post_vertical_padding":"default","_kad_post_feature":"","_kad_post_feature_position":"","_kad_post_header":false,"_kad_post_footer":false,"_kad_post_classname":""},"product_brand":[],"product_cat":[43,39],"product_tag":[562,561,557,558,559,560],"class_list":{"0":"post-1488","1":"product","2":"type-product","3":"status-publish","4":"has-post-thumbnail","6":"product_cat-3d-silicone-neon-series","7":"product_cat-neon-strip","8":"product_tag-3d-bending-led-neon-flex","9":"product_tag-flexible-neon-neon-flex-3d-flex","10":"product_tag-neon-flex-3d-bend","11":"product_tag-neon-flex-3d-bendable","12":"product_tag-side-bending-top-bending-led-neon-flex","13":"product_tag-silicone-neon-strip-3d","15":"first","16":"instock","17":"shipping-taxable","18":"product-type-simple","19":"entry","20":"content-bg","21":"loop-entry"},"yoast_head":"<!-- This site is optimized with the Yoast SEO Premium plugin v24.3 (Yoast SEO v27.4) - https:\/\/yoast.com\/product\/yoast-seo-premium-wordpress\/ -->\n<title>Top&amp;Side Bending 16*15mm IP67 LED Silicone Neon Flex - 3D - ESSENLED<\/title>\n<meta name=\"description\" content=\"Top&amp;Side Bending 16*15mm IP67 LED Silicone Neon Flex - 3D, and combine the bending of the two luminous surfaces on the side and top.\" \/>\n<meta name=\"robots\" content=\"index, follow, max-snippet:-1, max-image-preview:large, max-video-preview:-1\" \/>\n<link rel=\"canonical\" href=\"https:\/\/essenled.com\/fr\/produit\/top-side-bending-1615mm-led-silicone-neon-flex\/\" \/>\n<meta property=\"og:locale\" content=\"fr_FR\" \/>\n<meta property=\"og:type\" content=\"article\" \/>\n<meta property=\"og:title\" content=\"Top&amp;Side Bending 16*15mm IP67 LED Silicone Neon Flex - 3D\" \/>\n<meta property=\"og:description\" content=\"Top&amp;Side Bending 16*15mm IP67 LED Silicone Neon Flex - 3D, and combine the bending of the two luminous surfaces on the side and top.\" \/>\n<meta property=\"og:url\" content=\"https:\/\/essenled.com\/fr\/produit\/top-side-bending-1615mm-led-silicone-neon-flex\/\" \/>\n<meta property=\"og:site_name\" content=\"ESSENLED\" \/>\n<meta property=\"article:modified_time\" content=\"2024-02-29T08:10:47+00:00\" \/>\n<meta property=\"og:image\" content=\"https:\/\/essenled.com\/wp-content\/uploads\/2024\/02\/Neon-Flex-3D-Bend.webp\" \/>\n\t<meta property=\"og:image:width\" content=\"800\" \/>\n\t<meta property=\"og:image:height\" content=\"800\" \/>\n\t<meta property=\"og:image:type\" content=\"image\/webp\" \/>\n<meta name=\"twitter:card\" content=\"summary_large_image\" \/>\n<meta name=\"twitter:label1\" content=\"Dur\u00e9e de lecture estim\u00e9e\" \/>\n\t<meta name=\"twitter:data1\" content=\"1 minute\" \/>\n<script type=\"application\/ld+json\" class=\"yoast-schema-graph\">{\"@context\":\"https:\\\/\\\/schema.org\",\"@graph\":[{\"@type\":\"WebPage\",\"@id\":\"https:\\\/\\\/essenled.com\\\/product\\\/top-side-bending-1615mm-led-silicone-neon-flex\\\/\",\"url\":\"https:\\\/\\\/essenled.com\\\/product\\\/top-side-bending-1615mm-led-silicone-neon-flex\\\/\",\"name\":\"Top&Side Bending 16*15mm IP67 LED Silicone Neon Flex - 3D - ESSENLED\",\"isPartOf\":{\"@id\":\"https:\\\/\\\/essenled.com\\\/#website\"},\"primaryImageOfPage\":{\"@id\":\"https:\\\/\\\/essenled.com\\\/product\\\/top-side-bending-1615mm-led-silicone-neon-flex\\\/#primaryimage\"},\"image\":{\"@id\":\"https:\\\/\\\/essenled.com\\\/product\\\/top-side-bending-1615mm-led-silicone-neon-flex\\\/#primaryimage\"},\"thumbnailUrl\":\"https:\\\/\\\/essenled.com\\\/wp-content\\\/uploads\\\/2024\\\/02\\\/Neon-Flex-3D-Bend.webp\",\"datePublished\":\"2024-02-29T07:45:13+00:00\",\"dateModified\":\"2024-02-29T08:10:47+00:00\",\"description\":\"Top&Side Bending 16*15mm IP67 LED Silicone Neon Flex - 3D, and combine the bending of the two luminous surfaces on the side and top.\",\"breadcrumb\":{\"@id\":\"https:\\\/\\\/essenled.com\\\/product\\\/top-side-bending-1615mm-led-silicone-neon-flex\\\/#breadcrumb\"},\"inLanguage\":\"fr-FR\",\"potentialAction\":[{\"@type\":\"ReadAction\",\"target\":[\"https:\\\/\\\/essenled.com\\\/product\\\/top-side-bending-1615mm-led-silicone-neon-flex\\\/\"]}]},{\"@type\":\"ImageObject\",\"inLanguage\":\"fr-FR\",\"@id\":\"https:\\\/\\\/essenled.com\\\/product\\\/top-side-bending-1615mm-led-silicone-neon-flex\\\/#primaryimage\",\"url\":\"https:\\\/\\\/essenled.com\\\/wp-content\\\/uploads\\\/2024\\\/02\\\/Neon-Flex-3D-Bend.webp\",\"contentUrl\":\"https:\\\/\\\/essenled.com\\\/wp-content\\\/uploads\\\/2024\\\/02\\\/Neon-Flex-3D-Bend.webp\",\"width\":800,\"height\":800,\"caption\":\"Neon Flex 3D Bend\"},{\"@type\":\"BreadcrumbList\",\"@id\":\"https:\\\/\\\/essenled.com\\\/product\\\/top-side-bending-1615mm-led-silicone-neon-flex\\\/#breadcrumb\",\"itemListElement\":[{\"@type\":\"ListItem\",\"position\":1,\"name\":\"Home\",\"item\":\"https:\\\/\\\/essenled.com\\\/\"},{\"@type\":\"ListItem\",\"position\":2,\"name\":\"Product\",\"item\":\"https:\\\/\\\/essenled.com\\\/fr\\\/product\\\/\"},{\"@type\":\"ListItem\",\"position\":3,\"name\":\"Top&#038;Side Bending 16*15mm IP67 LED Silicone Neon Flex &#8211; 3D\"}]},{\"@type\":\"WebSite\",\"@id\":\"https:\\\/\\\/essenled.com\\\/#website\",\"url\":\"https:\\\/\\\/essenled.com\\\/\",\"name\":\"ESSENLED\",\"description\":\"\",\"publisher\":{\"@id\":\"https:\\\/\\\/essenled.com\\\/#organization\"},\"potentialAction\":[{\"@type\":\"SearchAction\",\"target\":{\"@type\":\"EntryPoint\",\"urlTemplate\":\"https:\\\/\\\/essenled.com\\\/?s={search_term_string}\"},\"query-input\":{\"@type\":\"PropertyValueSpecification\",\"valueRequired\":true,\"valueName\":\"search_term_string\"}}],\"inLanguage\":\"fr-FR\"},{\"@type\":\"Organization\",\"@id\":\"https:\\\/\\\/essenled.com\\\/#organization\",\"name\":\"ESSENLED\",\"url\":\"https:\\\/\\\/essenled.com\\\/\",\"logo\":{\"@type\":\"ImageObject\",\"inLanguage\":\"fr-FR\",\"@id\":\"https:\\\/\\\/essenled.com\\\/#\\\/schema\\\/logo\\\/image\\\/\",\"url\":\"https:\\\/\\\/essenled.com\\\/wp-content\\\/uploads\\\/2024\\\/01\\\/Essen-logo.png\",\"contentUrl\":\"https:\\\/\\\/essenled.com\\\/wp-content\\\/uploads\\\/2024\\\/01\\\/Essen-logo.png\",\"width\":800,\"height\":110,\"caption\":\"ESSENLED\"},\"image\":{\"@id\":\"https:\\\/\\\/essenled.com\\\/#\\\/schema\\\/logo\\\/image\\\/\"}}]}<\/script>\n<!-- \/ Yoast SEO Premium plugin. -->","yoast_head_json":{"title":"Top&amp;Side Bending 16*15mm IP67 LED Silicone Neon Flex - 3D - ESSENLED","description":"Top&amp;Side Bending 16*15mm IP67 LED Silicone Neon Flex - 3D, et combine la flexion des deux surfaces lumineuses sur le c\u00f4t\u00e9 et le dessus.","robots":{"index":"index","follow":"follow","max-snippet":"max-snippet:-1","max-image-preview":"max-image-preview:large","max-video-preview":"max-video-preview:-1"},"canonical":"https:\/\/essenled.com\/fr\/produit\/top-side-bending-1615mm-led-silicone-neon-flex\/","og_locale":"fr_FR","og_type":"article","og_title":"Top&Side Bending 16*15mm IP67 LED Silicone Neon Flex - 3D","og_description":"Top&Side Bending 16*15mm IP67 LED Silicone Neon Flex - 3D, and combine the bending of the two luminous surfaces on the side and top.","og_url":"https:\/\/essenled.com\/fr\/produit\/top-side-bending-1615mm-led-silicone-neon-flex\/","og_site_name":"ESSENLED","article_modified_time":"2024-02-29T08:10:47+00:00","og_image":[{"width":800,"height":800,"url":"https:\/\/essenled.com\/wp-content\/uploads\/2024\/02\/Neon-Flex-3D-Bend.webp","type":"image\/webp"}],"twitter_card":"summary_large_image","twitter_misc":{"Dur\u00e9e de lecture estim\u00e9e":"1 minute"},"schema":{"@context":"https:\/\/schema.org","@graph":[{"@type":"WebPage","@id":"https:\/\/essenled.com\/product\/top-side-bending-1615mm-led-silicone-neon-flex\/","url":"https:\/\/essenled.com\/product\/top-side-bending-1615mm-led-silicone-neon-flex\/","name":"Top&amp;Side Bending 16*15mm IP67 LED Silicone Neon Flex - 3D - ESSENLED","isPartOf":{"@id":"https:\/\/essenled.com\/#website"},"primaryImageOfPage":{"@id":"https:\/\/essenled.com\/product\/top-side-bending-1615mm-led-silicone-neon-flex\/#primaryimage"},"image":{"@id":"https:\/\/essenled.com\/product\/top-side-bending-1615mm-led-silicone-neon-flex\/#primaryimage"},"thumbnailUrl":"https:\/\/essenled.com\/wp-content\/uploads\/2024\/02\/Neon-Flex-3D-Bend.webp","datePublished":"2024-02-29T07:45:13+00:00","dateModified":"2024-02-29T08:10:47+00:00","description":"Top&amp;Side Bending 16*15mm IP67 LED Silicone Neon Flex - 3D, et combine la flexion des deux surfaces lumineuses sur le c\u00f4t\u00e9 et le dessus.","breadcrumb":{"@id":"https:\/\/essenled.com\/product\/top-side-bending-1615mm-led-silicone-neon-flex\/#breadcrumb"},"inLanguage":"fr-FR","potentialAction":[{"@type":"ReadAction","target":["https:\/\/essenled.com\/product\/top-side-bending-1615mm-led-silicone-neon-flex\/"]}]},{"@type":"ImageObject","inLanguage":"fr-FR","@id":"https:\/\/essenled.com\/product\/top-side-bending-1615mm-led-silicone-neon-flex\/#primaryimage","url":"https:\/\/essenled.com\/wp-content\/uploads\/2024\/02\/Neon-Flex-3D-Bend.webp","contentUrl":"https:\/\/essenled.com\/wp-content\/uploads\/2024\/02\/Neon-Flex-3D-Bend.webp","width":800,"height":800,"caption":"Neon Flex 3D Bend"},{"@type":"BreadcrumbList","@id":"https:\/\/essenled.com\/product\/top-side-bending-1615mm-led-silicone-neon-flex\/#breadcrumb","itemListElement":[{"@type":"ListItem","position":1,"name":"Home","item":"https:\/\/essenled.com\/"},{"@type":"ListItem","position":2,"name":"Product","item":"https:\/\/essenled.com\/fr\/product\/"},{"@type":"ListItem","position":3,"name":"Top&#038;Side Bending 16*15mm IP67 LED Silicone Neon Flex &#8211; 3D"}]},{"@type":"WebSite","@id":"https:\/\/essenled.com\/#website","url":"https:\/\/essenled.com\/","name":"ESSENLED","description":"","publisher":{"@id":"https:\/\/essenled.com\/#organization"},"potentialAction":[{"@type":"SearchAction","target":{"@type":"EntryPoint","urlTemplate":"https:\/\/essenled.com\/?s={search_term_string}"},"query-input":{"@type":"PropertyValueSpecification","valueRequired":true,"valueName":"search_term_string"}}],"inLanguage":"fr-FR"},{"@type":"Organization","@id":"https:\/\/essenled.com\/#organization","name":"ESSENLED","url":"https:\/\/essenled.com\/","logo":{"@type":"ImageObject","inLanguage":"fr-FR","@id":"https:\/\/essenled.com\/#\/schema\/logo\/image\/","url":"https:\/\/essenled.com\/wp-content\/uploads\/2024\/01\/Essen-logo.png","contentUrl":"https:\/\/essenled.com\/wp-content\/uploads\/2024\/01\/Essen-logo.png","width":800,"height":110,"caption":"ESSENLED"},"image":{"@id":"https:\/\/essenled.com\/#\/schema\/logo\/image\/"}}]}},"_links":{"self":[{"href":"https:\/\/essenled.com\/fr\/wp-json\/wp\/v2\/product\/1488","targetHints":{"allow":["GET"]}}],"collection":[{"href":"https:\/\/essenled.com\/fr\/wp-json\/wp\/v2\/product"}],"about":[{"href":"https:\/\/essenled.com\/fr\/wp-json\/wp\/v2\/types\/product"}],"version-history":[{"count":1,"href":"https:\/\/essenled.com\/fr\/wp-json\/wp\/v2\/product\/1488\/revisions"}],"predecessor-version":[{"id":1495,"href":"https:\/\/essenled.com\/fr\/wp-json\/wp\/v2\/product\/1488\/revisions\/1495"}],"wp:featuredmedia":[{"embeddable":true,"href":"https:\/\/essenled.com\/fr\/wp-json\/wp\/v2\/media\/1491"}],"wp:attachment":[{"href":"https:\/\/essenled.com\/fr\/wp-json\/wp\/v2\/media?parent=1488"}],"wp:term":[{"taxonomy":"product_brand","embeddable":true,"href":"https:\/\/essenled.com\/fr\/wp-json\/wp\/v2\/product_brand?post=1488"},{"taxonomy":"product_cat","embeddable":true,"href":"https:\/\/essenled.com\/fr\/wp-json\/wp\/v2\/product_cat?post=1488"},{"taxonomy":"product_tag","embeddable":true,"href":"https:\/\/essenled.com\/fr\/wp-json\/wp\/v2\/product_tag?post=1488"}],"curies":[{"name":"wp","href":"https:\/\/api.w.org\/{rel}","templated":true}]}}