{"id":1428,"date":"2024-02-29T06:15:33","date_gmt":"2024-02-29T06:15:33","guid":{"rendered":"https:\/\/essenled.com\/?post_type=product&#038;p=1428"},"modified":"2024-02-29T06:31:35","modified_gmt":"2024-02-29T06:31:35","slug":"top-view-16mm-led-neon-flex-270-degree","status":"publish","type":"product","link":"https:\/\/essenled.com\/fr\/produit\/top-view-16mm-led-neon-flex-270-degree\/","title":{"rendered":"Vue de dessus 16MM LED Neon Flex 270 Degree - D16"},"content":{"rendered":"","protected":false},"excerpt":{"rendered":"<p>Vue de dessus du n\u00e9on flexible LED 16MM 270 degr\u00e9s-D16, ce n\u00e9on flexible en silicone est fabriqu\u00e9 \u00e0 partir de silicone respectueux de l'environnement. Il a un angle d'\u00e9clairage de 270 degr\u00e9s et est extrud\u00e9 en une seule pi\u00e8ce.<\/p>\n<p>La LED N\u00e9on Flex 270 degr\u00e9s est disponible en 5w et 10w, polyvalente pour r\u00e9pondre aux diff\u00e9rentes exigences de puissance. Le niveau de protection atteint IP67, ce qui convient parfaitement \u00e0 une utilisation ext\u00e9rieure \u00e0 long terme, et la surface ne jaunit pas facilement.<\/p>\n<p>IP67 270 Degree LED Neon Flex la transmission de la lumi\u00e8re est extr\u00eamement \u00e9lev\u00e9e, et il peut \u00eatre utilis\u00e9 pour l'\u00e9clairage des panneaux de signalisation, l'\u00e9clairage d\u00e9coratif int\u00e9rieur et ext\u00e9rieur et l'\u00e9clairage des contours architecturaux.<\/p>\n<p>Notre LED n\u00e9on flex top view D16 Apr\u00e8s \"9 tests majeurs\", il est r\u00e9sistant \u00e0 l'acide chlorhydrique, \u00e0 la corrosion acide et alcaline, retardateur de flamme et r\u00e9sistant aux UV, et sa qualit\u00e9 est fiable et garantie.<\/p>","protected":false},"featured_media":1434,"template":"","meta":{"_kad_post_transparent":"default","_kad_post_title":"","_kad_post_layout":"default","_kad_post_sidebar_id":"","_kad_post_content_style":"default","_kad_post_vertical_padding":"default","_kad_post_feature":"","_kad_post_feature_position":"","_kad_post_header":false,"_kad_post_footer":false,"_kad_post_classname":""},"product_brand":[],"product_cat":[39,41],"product_tag":[522,525,524,523,521,526],"class_list":{"0":"post-1428","1":"product","2":"type-product","3":"status-publish","4":"has-post-thumbnail","6":"product_cat-neon-strip","7":"product_cat-top-bend-neon-series","8":"product_tag-16mm-diameter-led-neon-strip","9":"product_tag-16mm-led-neon-flex-5w-10w","10":"product_tag-270-degree-view-neon-flex-5w-10w","11":"product_tag-270-degree-view-neon-flex-strip","12":"product_tag-d16-270-degree-view-neon-led-strip","13":"product_tag-ip67-270-degree-led-neon-flex","15":"first","16":"instock","17":"shipping-taxable","18":"product-type-simple","19":"entry","20":"content-bg","21":"loop-entry"},"yoast_head":"<!-- This site is optimized with the Yoast SEO Premium plugin v24.3 (Yoast SEO v26.7) - https:\/\/yoast.com\/wordpress\/plugins\/seo\/ -->\n<title>Top View 16MM LED Neon Flex 270 Degree - D16 - ESSENLED<\/title>\n<meta name=\"description\" content=\"Top view 16MM LED Neon Flex 270 Degree-D16, is made of environmentally friendly silicone material. It has a 270-degree lighting angle.\" \/>\n<meta name=\"robots\" content=\"index, follow, max-snippet:-1, max-image-preview:large, max-video-preview:-1\" \/>\n<link rel=\"canonical\" href=\"https:\/\/essenled.com\/fr\/produit\/top-view-16mm-led-neon-flex-270-degree\/\" \/>\n<meta property=\"og:locale\" content=\"fr_FR\" \/>\n<meta property=\"og:type\" content=\"article\" \/>\n<meta property=\"og:title\" content=\"Top View 16MM LED Neon Flex 270 Degree - D16\" \/>\n<meta property=\"og:description\" content=\"Top view 16MM LED Neon Flex 270 Degree-D16, is made of environmentally friendly silicone material. It has a 270-degree lighting angle.\" \/>\n<meta property=\"og:url\" content=\"https:\/\/essenled.com\/fr\/produit\/top-view-16mm-led-neon-flex-270-degree\/\" \/>\n<meta property=\"og:site_name\" content=\"ESSENLED\" \/>\n<meta property=\"article:modified_time\" content=\"2024-02-29T06:31:35+00:00\" \/>\n<meta property=\"og:image\" content=\"https:\/\/essenled.com\/wp-content\/uploads\/2024\/02\/D16-270-Degree-View-NEON-LED-STRIP.webp\" \/>\n\t<meta property=\"og:image:width\" content=\"800\" \/>\n\t<meta property=\"og:image:height\" content=\"800\" \/>\n\t<meta property=\"og:image:type\" content=\"image\/webp\" \/>\n<meta name=\"twitter:card\" content=\"summary_large_image\" \/>\n<meta name=\"twitter:label1\" content=\"Dur\u00e9e de lecture estim\u00e9e\" \/>\n\t<meta name=\"twitter:data1\" content=\"1 minute\" \/>\n<script type=\"application\/ld+json\" class=\"yoast-schema-graph\">{\"@context\":\"https:\/\/schema.org\",\"@graph\":[{\"@type\":\"WebPage\",\"@id\":\"https:\/\/essenled.com\/product\/top-view-16mm-led-neon-flex-270-degree\/\",\"url\":\"https:\/\/essenled.com\/product\/top-view-16mm-led-neon-flex-270-degree\/\",\"name\":\"Top View 16MM LED Neon Flex 270 Degree - D16 - ESSENLED\",\"isPartOf\":{\"@id\":\"https:\/\/essenled.com\/#website\"},\"primaryImageOfPage\":{\"@id\":\"https:\/\/essenled.com\/product\/top-view-16mm-led-neon-flex-270-degree\/#primaryimage\"},\"image\":{\"@id\":\"https:\/\/essenled.com\/product\/top-view-16mm-led-neon-flex-270-degree\/#primaryimage\"},\"thumbnailUrl\":\"https:\/\/essenled.com\/wp-content\/uploads\/2024\/02\/D16-270-Degree-View-NEON-LED-STRIP.webp\",\"datePublished\":\"2024-02-29T06:15:33+00:00\",\"dateModified\":\"2024-02-29T06:31:35+00:00\",\"description\":\"Top view 16MM LED Neon Flex 270 Degree-D16, is made of environmentally friendly silicone material. It has a 270-degree lighting angle.\",\"breadcrumb\":{\"@id\":\"https:\/\/essenled.com\/product\/top-view-16mm-led-neon-flex-270-degree\/#breadcrumb\"},\"inLanguage\":\"fr-FR\",\"potentialAction\":[{\"@type\":\"ReadAction\",\"target\":[\"https:\/\/essenled.com\/product\/top-view-16mm-led-neon-flex-270-degree\/\"]}]},{\"@type\":\"ImageObject\",\"inLanguage\":\"fr-FR\",\"@id\":\"https:\/\/essenled.com\/product\/top-view-16mm-led-neon-flex-270-degree\/#primaryimage\",\"url\":\"https:\/\/essenled.com\/wp-content\/uploads\/2024\/02\/D16-270-Degree-View-NEON-LED-STRIP.webp\",\"contentUrl\":\"https:\/\/essenled.com\/wp-content\/uploads\/2024\/02\/D16-270-Degree-View-NEON-LED-STRIP.webp\",\"width\":800,\"height\":800,\"caption\":\"D16 270 Degree View NEON LED STRIP\"},{\"@type\":\"BreadcrumbList\",\"@id\":\"https:\/\/essenled.com\/product\/top-view-16mm-led-neon-flex-270-degree\/#breadcrumb\",\"itemListElement\":[{\"@type\":\"ListItem\",\"position\":1,\"name\":\"Home\",\"item\":\"https:\/\/essenled.com\/\"},{\"@type\":\"ListItem\",\"position\":2,\"name\":\"Product\",\"item\":\"https:\/\/essenled.com\/fr\/product\/\"},{\"@type\":\"ListItem\",\"position\":3,\"name\":\"Top View 16MM LED Neon Flex 270 Degree &#8211; D16\"}]},{\"@type\":\"WebSite\",\"@id\":\"https:\/\/essenled.com\/#website\",\"url\":\"https:\/\/essenled.com\/\",\"name\":\"ESSENLED\",\"description\":\"\",\"publisher\":{\"@id\":\"https:\/\/essenled.com\/#organization\"},\"potentialAction\":[{\"@type\":\"SearchAction\",\"target\":{\"@type\":\"EntryPoint\",\"urlTemplate\":\"https:\/\/essenled.com\/?s={search_term_string}\"},\"query-input\":{\"@type\":\"PropertyValueSpecification\",\"valueRequired\":true,\"valueName\":\"search_term_string\"}}],\"inLanguage\":\"fr-FR\"},{\"@type\":\"Organization\",\"@id\":\"https:\/\/essenled.com\/#organization\",\"name\":\"ESSENLED\",\"url\":\"https:\/\/essenled.com\/\",\"logo\":{\"@type\":\"ImageObject\",\"inLanguage\":\"fr-FR\",\"@id\":\"https:\/\/essenled.com\/#\/schema\/logo\/image\/\",\"url\":\"https:\/\/essenled.com\/wp-content\/uploads\/2024\/01\/Essen-logo.png\",\"contentUrl\":\"https:\/\/essenled.com\/wp-content\/uploads\/2024\/01\/Essen-logo.png\",\"width\":800,\"height\":110,\"caption\":\"ESSENLED\"},\"image\":{\"@id\":\"https:\/\/essenled.com\/#\/schema\/logo\/image\/\"}}]}<\/script>\n<!-- \/ Yoast SEO Premium plugin. -->","yoast_head_json":{"title":"Top View 16MM LED Neon Flex 270 Degree - D16 - ESSENLED","description":"Vue de dessus du n\u00e9on flexible LED 16MM 270 degr\u00e9s-D16, fabriqu\u00e9 en silicone respectueux de l'environnement. L'angle d'\u00e9clairage est de 270 degr\u00e9s.","robots":{"index":"index","follow":"follow","max-snippet":"max-snippet:-1","max-image-preview":"max-image-preview:large","max-video-preview":"max-video-preview:-1"},"canonical":"https:\/\/essenled.com\/fr\/produit\/top-view-16mm-led-neon-flex-270-degree\/","og_locale":"fr_FR","og_type":"article","og_title":"Top View 16MM LED Neon Flex 270 Degree - D16","og_description":"Top view 16MM LED Neon Flex 270 Degree-D16, is made of environmentally friendly silicone material. It has a 270-degree lighting angle.","og_url":"https:\/\/essenled.com\/fr\/produit\/top-view-16mm-led-neon-flex-270-degree\/","og_site_name":"ESSENLED","article_modified_time":"2024-02-29T06:31:35+00:00","og_image":[{"width":800,"height":800,"url":"https:\/\/essenled.com\/wp-content\/uploads\/2024\/02\/D16-270-Degree-View-NEON-LED-STRIP.webp","type":"image\/webp"}],"twitter_card":"summary_large_image","twitter_misc":{"Dur\u00e9e de lecture estim\u00e9e":"1 minute"},"schema":{"@context":"https:\/\/schema.org","@graph":[{"@type":"WebPage","@id":"https:\/\/essenled.com\/product\/top-view-16mm-led-neon-flex-270-degree\/","url":"https:\/\/essenled.com\/product\/top-view-16mm-led-neon-flex-270-degree\/","name":"Top View 16MM LED Neon Flex 270 Degree - D16 - ESSENLED","isPartOf":{"@id":"https:\/\/essenled.com\/#website"},"primaryImageOfPage":{"@id":"https:\/\/essenled.com\/product\/top-view-16mm-led-neon-flex-270-degree\/#primaryimage"},"image":{"@id":"https:\/\/essenled.com\/product\/top-view-16mm-led-neon-flex-270-degree\/#primaryimage"},"thumbnailUrl":"https:\/\/essenled.com\/wp-content\/uploads\/2024\/02\/D16-270-Degree-View-NEON-LED-STRIP.webp","datePublished":"2024-02-29T06:15:33+00:00","dateModified":"2024-02-29T06:31:35+00:00","description":"Vue de dessus du n\u00e9on flexible LED 16MM 270 degr\u00e9s-D16, fabriqu\u00e9 en silicone respectueux de l'environnement. L'angle d'\u00e9clairage est de 270 degr\u00e9s.","breadcrumb":{"@id":"https:\/\/essenled.com\/product\/top-view-16mm-led-neon-flex-270-degree\/#breadcrumb"},"inLanguage":"fr-FR","potentialAction":[{"@type":"ReadAction","target":["https:\/\/essenled.com\/product\/top-view-16mm-led-neon-flex-270-degree\/"]}]},{"@type":"ImageObject","inLanguage":"fr-FR","@id":"https:\/\/essenled.com\/product\/top-view-16mm-led-neon-flex-270-degree\/#primaryimage","url":"https:\/\/essenled.com\/wp-content\/uploads\/2024\/02\/D16-270-Degree-View-NEON-LED-STRIP.webp","contentUrl":"https:\/\/essenled.com\/wp-content\/uploads\/2024\/02\/D16-270-Degree-View-NEON-LED-STRIP.webp","width":800,"height":800,"caption":"D16 270 Degree View NEON LED STRIP"},{"@type":"BreadcrumbList","@id":"https:\/\/essenled.com\/product\/top-view-16mm-led-neon-flex-270-degree\/#breadcrumb","itemListElement":[{"@type":"ListItem","position":1,"name":"Home","item":"https:\/\/essenled.com\/"},{"@type":"ListItem","position":2,"name":"Product","item":"https:\/\/essenled.com\/fr\/product\/"},{"@type":"ListItem","position":3,"name":"Top View 16MM LED Neon Flex 270 Degree &#8211; D16"}]},{"@type":"WebSite","@id":"https:\/\/essenled.com\/#website","url":"https:\/\/essenled.com\/","name":"ESSENLED","description":"","publisher":{"@id":"https:\/\/essenled.com\/#organization"},"potentialAction":[{"@type":"SearchAction","target":{"@type":"EntryPoint","urlTemplate":"https:\/\/essenled.com\/?s={search_term_string}"},"query-input":{"@type":"PropertyValueSpecification","valueRequired":true,"valueName":"search_term_string"}}],"inLanguage":"fr-FR"},{"@type":"Organization","@id":"https:\/\/essenled.com\/#organization","name":"ESSENLED","url":"https:\/\/essenled.com\/","logo":{"@type":"ImageObject","inLanguage":"fr-FR","@id":"https:\/\/essenled.com\/#\/schema\/logo\/image\/","url":"https:\/\/essenled.com\/wp-content\/uploads\/2024\/01\/Essen-logo.png","contentUrl":"https:\/\/essenled.com\/wp-content\/uploads\/2024\/01\/Essen-logo.png","width":800,"height":110,"caption":"ESSENLED"},"image":{"@id":"https:\/\/essenled.com\/#\/schema\/logo\/image\/"}}]}},"_links":{"self":[{"href":"https:\/\/essenled.com\/fr\/wp-json\/wp\/v2\/product\/1428","targetHints":{"allow":["GET"]}}],"collection":[{"href":"https:\/\/essenled.com\/fr\/wp-json\/wp\/v2\/product"}],"about":[{"href":"https:\/\/essenled.com\/fr\/wp-json\/wp\/v2\/types\/product"}],"version-history":[{"count":2,"href":"https:\/\/essenled.com\/fr\/wp-json\/wp\/v2\/product\/1428\/revisions"}],"predecessor-version":[{"id":1451,"href":"https:\/\/essenled.com\/fr\/wp-json\/wp\/v2\/product\/1428\/revisions\/1451"}],"wp:featuredmedia":[{"embeddable":true,"href":"https:\/\/essenled.com\/fr\/wp-json\/wp\/v2\/media\/1434"}],"wp:attachment":[{"href":"https:\/\/essenled.com\/fr\/wp-json\/wp\/v2\/media?parent=1428"}],"wp:term":[{"taxonomy":"product_brand","embeddable":true,"href":"https:\/\/essenled.com\/fr\/wp-json\/wp\/v2\/product_brand?post=1428"},{"taxonomy":"product_cat","embeddable":true,"href":"https:\/\/essenled.com\/fr\/wp-json\/wp\/v2\/product_cat?post=1428"},{"taxonomy":"product_tag","embeddable":true,"href":"https:\/\/essenled.com\/fr\/wp-json\/wp\/v2\/product_tag?post=1428"}],"curies":[{"name":"wp","href":"https:\/\/api.w.org\/{rel}","templated":true}]}}