{"id":1281,"date":"2024-02-27T06:51:16","date_gmt":"2024-02-27T06:51:16","guid":{"rendered":"https:\/\/essenled.com\/?post_type=product&#038;p=1281"},"modified":"2024-05-31T11:47:38","modified_gmt":"2024-05-31T11:47:38","slug":"dim-to-warm-224leds-2216-led-strip-high-density","status":"publish","type":"product","link":"https:\/\/essenled.com\/fr\/produit\/dim-to-warm-224leds-2216-led-strip-high-density\/","title":{"rendered":"De l'att\u00e9nuation \u00e0 la chaleur 224LEDs 2216 Bande LED Haute Densit\u00e9 18W"},"content":{"rendered":"","protected":false},"excerpt":{"rendered":"<p>Dim to Warm 224leds\/m, SMD2216 high density LED strip lights, est une bande LED sp\u00e9ciale qui s'att\u00e9nue en passant d'une temp\u00e9rature de couleur froide \u00e0 une temp\u00e9rature de couleur chaude, imitant ainsi la gradation des ampoules incandescentes ou halog\u00e8nes traditionnelles Behavior.<\/p>\n<p>Dim to Warm bande LED 224leds 2216, les leds jusqu'\u00e0 224leds\/m une haute densit\u00e9 de leds, ce qui se traduit par un \u00e9clairage intense et uniforme sur toute sa longueur, pour un \u00e9clairage lumineux et homog\u00e8ne.<\/p>\n<p>La bande de LED 224leds 2216, 18W par m\u00e8tre, puissance mod\u00e9r\u00e9e. Avec une largeur de 10 mm, ces bandes de LED sont compactes et conviennent \u00e0 une vari\u00e9t\u00e9 d'applications d'\u00e9clairage int\u00e9rieur.<\/p>\n<p>La bande LED 3000K-1800K peut passer d'une temp\u00e9rature de couleur blanc chaud de 3000 kelvins (K) \u00e0 une temp\u00e9rature de couleur plus chaude de 1800K, offrant ainsi des ambiances et des effets d'\u00e9clairage vari\u00e9s.<\/p>","protected":false},"featured_media":2121,"template":"","meta":{"_kad_post_transparent":"default","_kad_post_title":"","_kad_post_layout":"default","_kad_post_sidebar_id":"","_kad_post_content_style":"default","_kad_post_vertical_padding":"default","_kad_post_feature":"","_kad_post_feature_position":"","_kad_post_header":false,"_kad_post_footer":false,"_kad_post_classname":""},"product_brand":[],"product_cat":[33,29],"product_tag":[428,425,427,430,429,426],"class_list":{"0":"post-1281","1":"product","2":"type-product","3":"status-publish","4":"has-post-thumbnail","6":"product_cat-dim-to-warm-series","7":"product_cat-led-strip","8":"product_tag-24v-dim-to-warm-led-tape-light","9":"product_tag-dim-to-warm-led-strip-lights-high-density","10":"product_tag-dim-to-warm-strip-lights-high-quality","11":"product_tag-dim-to-warm-warm-white-led-strip","12":"product_tag-dim-to-warm-24vdc-led-tape-light-system","13":"product_tag-dim-to-warm-series-led-strip-light-3000k-1800k","15":"first","16":"instock","17":"shipping-taxable","18":"product-type-simple","19":"entry","20":"content-bg","21":"loop-entry"},"yoast_head":"<!-- This site is optimized with the Yoast SEO Premium plugin v24.3 (Yoast SEO v26.7) - https:\/\/yoast.com\/wordpress\/plugins\/seo\/ -->\n<title>Dim to Warm 224LEDs 2216 LED Strip High Density 18W - ESSENLED<\/title>\n<meta name=\"description\" content=\"Dim to Warm 224leds 2216 high density LED strip lights, that dims as it transitions from cooler to warmer color temperatures.\" \/>\n<meta name=\"robots\" content=\"index, follow, max-snippet:-1, max-image-preview:large, max-video-preview:-1\" \/>\n<link rel=\"canonical\" href=\"https:\/\/essenled.com\/fr\/produit\/dim-to-warm-224leds-2216-led-strip-high-density\/\" \/>\n<meta property=\"og:locale\" content=\"fr_FR\" \/>\n<meta property=\"og:type\" content=\"article\" \/>\n<meta property=\"og:title\" content=\"Dim to Warm 224LEDs 2216 LED Strip High Density 18W\" \/>\n<meta property=\"og:description\" content=\"Dim to Warm 224leds 2216 high density LED strip lights, that dims as it transitions from cooler to warmer color temperatures.\" \/>\n<meta property=\"og:url\" content=\"https:\/\/essenled.com\/fr\/produit\/dim-to-warm-224leds-2216-led-strip-high-density\/\" \/>\n<meta property=\"og:site_name\" content=\"ESSENLED\" \/>\n<meta property=\"article:modified_time\" content=\"2024-05-31T11:47:38+00:00\" \/>\n<meta property=\"og:image\" content=\"https:\/\/essenled.com\/wp-content\/uploads\/2024\/02\/Dim-to-Warm-SMD2216-LED-Strip-Light.webp\" \/>\n\t<meta property=\"og:image:width\" content=\"1000\" \/>\n\t<meta property=\"og:image:height\" content=\"1000\" \/>\n\t<meta property=\"og:image:type\" content=\"image\/webp\" \/>\n<meta name=\"twitter:card\" content=\"summary_large_image\" \/>\n<meta name=\"twitter:label1\" content=\"Dur\u00e9e de lecture estim\u00e9e\" \/>\n\t<meta name=\"twitter:data1\" content=\"1 minute\" \/>\n<script type=\"application\/ld+json\" class=\"yoast-schema-graph\">{\"@context\":\"https:\/\/schema.org\",\"@graph\":[{\"@type\":\"WebPage\",\"@id\":\"https:\/\/essenled.com\/product\/dim-to-warm-224leds-2216-led-strip-high-density\/\",\"url\":\"https:\/\/essenled.com\/product\/dim-to-warm-224leds-2216-led-strip-high-density\/\",\"name\":\"Dim to Warm 224LEDs 2216 LED Strip High Density 18W - ESSENLED\",\"isPartOf\":{\"@id\":\"https:\/\/essenled.com\/#website\"},\"primaryImageOfPage\":{\"@id\":\"https:\/\/essenled.com\/product\/dim-to-warm-224leds-2216-led-strip-high-density\/#primaryimage\"},\"image\":{\"@id\":\"https:\/\/essenled.com\/product\/dim-to-warm-224leds-2216-led-strip-high-density\/#primaryimage\"},\"thumbnailUrl\":\"https:\/\/essenled.com\/wp-content\/uploads\/2024\/02\/Dim-to-Warm-SMD2216-LED-Strip-Light.webp\",\"datePublished\":\"2024-02-27T06:51:16+00:00\",\"dateModified\":\"2024-05-31T11:47:38+00:00\",\"description\":\"Dim to Warm 224leds 2216 high density LED strip lights, that dims as it transitions from cooler to warmer color temperatures.\",\"breadcrumb\":{\"@id\":\"https:\/\/essenled.com\/product\/dim-to-warm-224leds-2216-led-strip-high-density\/#breadcrumb\"},\"inLanguage\":\"fr-FR\",\"potentialAction\":[{\"@type\":\"ReadAction\",\"target\":[\"https:\/\/essenled.com\/product\/dim-to-warm-224leds-2216-led-strip-high-density\/\"]}]},{\"@type\":\"ImageObject\",\"inLanguage\":\"fr-FR\",\"@id\":\"https:\/\/essenled.com\/product\/dim-to-warm-224leds-2216-led-strip-high-density\/#primaryimage\",\"url\":\"https:\/\/essenled.com\/wp-content\/uploads\/2024\/02\/Dim-to-Warm-SMD2216-LED-Strip-Light.webp\",\"contentUrl\":\"https:\/\/essenled.com\/wp-content\/uploads\/2024\/02\/Dim-to-Warm-SMD2216-LED-Strip-Light.webp\",\"width\":1000,\"height\":1000,\"caption\":\"Dim to Warm SMD2216 LED Strip Light\"},{\"@type\":\"BreadcrumbList\",\"@id\":\"https:\/\/essenled.com\/product\/dim-to-warm-224leds-2216-led-strip-high-density\/#breadcrumb\",\"itemListElement\":[{\"@type\":\"ListItem\",\"position\":1,\"name\":\"Home\",\"item\":\"https:\/\/essenled.com\/\"},{\"@type\":\"ListItem\",\"position\":2,\"name\":\"Product\",\"item\":\"https:\/\/essenled.com\/fr\/product\/\"},{\"@type\":\"ListItem\",\"position\":3,\"name\":\"Dim to Warm 224LEDs 2216 LED Strip High Density 18W\"}]},{\"@type\":\"WebSite\",\"@id\":\"https:\/\/essenled.com\/#website\",\"url\":\"https:\/\/essenled.com\/\",\"name\":\"ESSENLED\",\"description\":\"\",\"publisher\":{\"@id\":\"https:\/\/essenled.com\/#organization\"},\"potentialAction\":[{\"@type\":\"SearchAction\",\"target\":{\"@type\":\"EntryPoint\",\"urlTemplate\":\"https:\/\/essenled.com\/?s={search_term_string}\"},\"query-input\":{\"@type\":\"PropertyValueSpecification\",\"valueRequired\":true,\"valueName\":\"search_term_string\"}}],\"inLanguage\":\"fr-FR\"},{\"@type\":\"Organization\",\"@id\":\"https:\/\/essenled.com\/#organization\",\"name\":\"ESSENLED\",\"url\":\"https:\/\/essenled.com\/\",\"logo\":{\"@type\":\"ImageObject\",\"inLanguage\":\"fr-FR\",\"@id\":\"https:\/\/essenled.com\/#\/schema\/logo\/image\/\",\"url\":\"https:\/\/essenled.com\/wp-content\/uploads\/2024\/01\/Essen-logo.png\",\"contentUrl\":\"https:\/\/essenled.com\/wp-content\/uploads\/2024\/01\/Essen-logo.png\",\"width\":800,\"height\":110,\"caption\":\"ESSENLED\"},\"image\":{\"@id\":\"https:\/\/essenled.com\/#\/schema\/logo\/image\/\"}}]}<\/script>\n<!-- \/ Yoast SEO Premium plugin. -->","yoast_head_json":{"title":"Dim to Warm 224LEDs 2216 Bande LED Haute Densit\u00e9 18W - ESSENLED","description":"Dim to Warm 224leds 2216 bande lumineuse LED haute densit\u00e9, qui s'att\u00e9nue en passant d'une temp\u00e9rature de couleur froide \u00e0 une temp\u00e9rature de couleur chaude.","robots":{"index":"index","follow":"follow","max-snippet":"max-snippet:-1","max-image-preview":"max-image-preview:large","max-video-preview":"max-video-preview:-1"},"canonical":"https:\/\/essenled.com\/fr\/produit\/dim-to-warm-224leds-2216-led-strip-high-density\/","og_locale":"fr_FR","og_type":"article","og_title":"Dim to Warm 224LEDs 2216 LED Strip High Density 18W","og_description":"Dim to Warm 224leds 2216 high density LED strip lights, that dims as it transitions from cooler to warmer color temperatures.","og_url":"https:\/\/essenled.com\/fr\/produit\/dim-to-warm-224leds-2216-led-strip-high-density\/","og_site_name":"ESSENLED","article_modified_time":"2024-05-31T11:47:38+00:00","og_image":[{"width":1000,"height":1000,"url":"https:\/\/essenled.com\/wp-content\/uploads\/2024\/02\/Dim-to-Warm-SMD2216-LED-Strip-Light.webp","type":"image\/webp"}],"twitter_card":"summary_large_image","twitter_misc":{"Dur\u00e9e de lecture estim\u00e9e":"1 minute"},"schema":{"@context":"https:\/\/schema.org","@graph":[{"@type":"WebPage","@id":"https:\/\/essenled.com\/product\/dim-to-warm-224leds-2216-led-strip-high-density\/","url":"https:\/\/essenled.com\/product\/dim-to-warm-224leds-2216-led-strip-high-density\/","name":"Dim to Warm 224LEDs 2216 Bande LED Haute Densit\u00e9 18W - ESSENLED","isPartOf":{"@id":"https:\/\/essenled.com\/#website"},"primaryImageOfPage":{"@id":"https:\/\/essenled.com\/product\/dim-to-warm-224leds-2216-led-strip-high-density\/#primaryimage"},"image":{"@id":"https:\/\/essenled.com\/product\/dim-to-warm-224leds-2216-led-strip-high-density\/#primaryimage"},"thumbnailUrl":"https:\/\/essenled.com\/wp-content\/uploads\/2024\/02\/Dim-to-Warm-SMD2216-LED-Strip-Light.webp","datePublished":"2024-02-27T06:51:16+00:00","dateModified":"2024-05-31T11:47:38+00:00","description":"Dim to Warm 224leds 2216 bande lumineuse LED haute densit\u00e9, qui s'att\u00e9nue en passant d'une temp\u00e9rature de couleur froide \u00e0 une temp\u00e9rature de couleur chaude.","breadcrumb":{"@id":"https:\/\/essenled.com\/product\/dim-to-warm-224leds-2216-led-strip-high-density\/#breadcrumb"},"inLanguage":"fr-FR","potentialAction":[{"@type":"ReadAction","target":["https:\/\/essenled.com\/product\/dim-to-warm-224leds-2216-led-strip-high-density\/"]}]},{"@type":"ImageObject","inLanguage":"fr-FR","@id":"https:\/\/essenled.com\/product\/dim-to-warm-224leds-2216-led-strip-high-density\/#primaryimage","url":"https:\/\/essenled.com\/wp-content\/uploads\/2024\/02\/Dim-to-Warm-SMD2216-LED-Strip-Light.webp","contentUrl":"https:\/\/essenled.com\/wp-content\/uploads\/2024\/02\/Dim-to-Warm-SMD2216-LED-Strip-Light.webp","width":1000,"height":1000,"caption":"Dim to Warm SMD2216 LED Strip Light"},{"@type":"BreadcrumbList","@id":"https:\/\/essenled.com\/product\/dim-to-warm-224leds-2216-led-strip-high-density\/#breadcrumb","itemListElement":[{"@type":"ListItem","position":1,"name":"Home","item":"https:\/\/essenled.com\/"},{"@type":"ListItem","position":2,"name":"Product","item":"https:\/\/essenled.com\/fr\/product\/"},{"@type":"ListItem","position":3,"name":"Dim to Warm 224LEDs 2216 LED Strip High Density 18W"}]},{"@type":"WebSite","@id":"https:\/\/essenled.com\/#website","url":"https:\/\/essenled.com\/","name":"ESSENLED","description":"","publisher":{"@id":"https:\/\/essenled.com\/#organization"},"potentialAction":[{"@type":"SearchAction","target":{"@type":"EntryPoint","urlTemplate":"https:\/\/essenled.com\/?s={search_term_string}"},"query-input":{"@type":"PropertyValueSpecification","valueRequired":true,"valueName":"search_term_string"}}],"inLanguage":"fr-FR"},{"@type":"Organization","@id":"https:\/\/essenled.com\/#organization","name":"ESSENLED","url":"https:\/\/essenled.com\/","logo":{"@type":"ImageObject","inLanguage":"fr-FR","@id":"https:\/\/essenled.com\/#\/schema\/logo\/image\/","url":"https:\/\/essenled.com\/wp-content\/uploads\/2024\/01\/Essen-logo.png","contentUrl":"https:\/\/essenled.com\/wp-content\/uploads\/2024\/01\/Essen-logo.png","width":800,"height":110,"caption":"ESSENLED"},"image":{"@id":"https:\/\/essenled.com\/#\/schema\/logo\/image\/"}}]}},"_links":{"self":[{"href":"https:\/\/essenled.com\/fr\/wp-json\/wp\/v2\/product\/1281","targetHints":{"allow":["GET"]}}],"collection":[{"href":"https:\/\/essenled.com\/fr\/wp-json\/wp\/v2\/product"}],"about":[{"href":"https:\/\/essenled.com\/fr\/wp-json\/wp\/v2\/types\/product"}],"version-history":[{"count":1,"href":"https:\/\/essenled.com\/fr\/wp-json\/wp\/v2\/product\/1281\/revisions"}],"predecessor-version":[{"id":1289,"href":"https:\/\/essenled.com\/fr\/wp-json\/wp\/v2\/product\/1281\/revisions\/1289"}],"wp:featuredmedia":[{"embeddable":true,"href":"https:\/\/essenled.com\/fr\/wp-json\/wp\/v2\/media\/2121"}],"wp:attachment":[{"href":"https:\/\/essenled.com\/fr\/wp-json\/wp\/v2\/media?parent=1281"}],"wp:term":[{"taxonomy":"product_brand","embeddable":true,"href":"https:\/\/essenled.com\/fr\/wp-json\/wp\/v2\/product_brand?post=1281"},{"taxonomy":"product_cat","embeddable":true,"href":"https:\/\/essenled.com\/fr\/wp-json\/wp\/v2\/product_cat?post=1281"},{"taxonomy":"product_tag","embeddable":true,"href":"https:\/\/essenled.com\/fr\/wp-json\/wp\/v2\/product_tag?post=1281"}],"curies":[{"name":"wp","href":"https:\/\/api.w.org\/{rel}","templated":true}]}}