{"id":1265,"date":"2024-02-27T05:29:55","date_gmt":"2024-02-27T05:29:55","guid":{"rendered":"https:\/\/essenled.com\/?post_type=product&#038;p=1265"},"modified":"2024-05-31T10:28:58","modified_gmt":"2024-05-31T10:28:58","slug":"rgbtw-5-in-1-led-strip-60leds-5050-led-strip-rgbcct","status":"publish","type":"product","link":"https:\/\/essenled.com\/fr\/produit\/rgbtw-5-in-1-led-strip-60leds-5050-led-strip-rgbcct\/","title":{"rendered":"RGBTW Bande LED 5 EN 1 60LEDs 5050 Bande LED RGB+CCT"},"content":{"rendered":"","protected":false},"excerpt":{"rendered":"<p>Les bandes LED RGBTW 5 IN 1 60LEDs\/m SMD5050, qui comportent cinq types de LED diff\u00e9rents dans un seul bo\u00eetier, comprennent des LED rouges, vertes, bleues, blanches r\u00e9glables et blanches d\u00e9di\u00e9es, ce qui permet une large gamme d'options de couleurs et de r\u00e9glages de la temp\u00e9rature de couleur.<\/p>\n<p>Bande LED RGB+CCT 5 EN 1 avec 60leds\/m, RGB+2400K+6000K, cette conception permet \u00e0 la bande de produire une gamme vari\u00e9e de couleurs et d'options de lumi\u00e8re blanche.<\/p>\n<p>La bande LED 5050 60leds RGBTW est un mod\u00e8le sp\u00e9cial pour les bandes LED connues pour leur luminosit\u00e9 et leur polyvalence. Avec 19,2w\/m, elle convient \u00e0 la plupart des solutions d'\u00e9clairage color\u00e9es.<\/p>\n<p>Bande LED RGBTW color\u00e9e 5050 60LEDs d'une largeur de 12mm, ces bandes LED offrent un profil mod\u00e9r\u00e9ment large adapt\u00e9 \u00e0 diverses applications d'\u00e9clairage int\u00e9rieur et ext\u00e9rieur.<\/p>","protected":false},"featured_media":2116,"template":"","meta":{"_kad_post_transparent":"default","_kad_post_title":"","_kad_post_layout":"default","_kad_post_sidebar_id":"","_kad_post_content_style":"default","_kad_post_vertical_padding":"default","_kad_post_feature":"","_kad_post_feature_position":"","_kad_post_header":false,"_kad_post_footer":false,"_kad_post_classname":""},"product_brand":[],"product_cat":[29,31],"product_tag":[415,418,414,416,417],"class_list":{"0":"post-1265","1":"product","2":"type-product","3":"status-publish","4":"has-post-thumbnail","6":"product_cat-led-strip","7":"product_cat-rgbx-series","8":"product_tag-12mm-60led-rgbtw-smd5050-led-tape","9":"product_tag-5050-5-in-1-19-2w-leds-strip-12mm","10":"product_tag-5050-led-strip-5-in-1-rgb-tunable-white","11":"product_tag-rgbtw-5-in-1-5050-led-strip","12":"product_tag-rgbtw-5-in-1-60leds-19-2w-led-strip-light","14":"first","15":"instock","16":"shipping-taxable","17":"product-type-simple","18":"entry","19":"content-bg","20":"loop-entry"},"yoast_head":"<!-- This site is optimized with the Yoast SEO Premium plugin v24.3 (Yoast SEO v26.7) - https:\/\/yoast.com\/wordpress\/plugins\/seo\/ -->\n<title>RGBTW 5 IN 1 LED Strip 60LEDs 5050 LED Strip RGB+CCT - ESSENLED<\/title>\n<meta name=\"description\" content=\"RGBTW 5 IN 1 LED Strip 60LEDs 5050 LED Strip lights, five different types of LEDs within a single chip package, a wide range of color options.\" \/>\n<meta name=\"robots\" content=\"index, follow, max-snippet:-1, max-image-preview:large, max-video-preview:-1\" \/>\n<link rel=\"canonical\" href=\"https:\/\/essenled.com\/fr\/produit\/rgbtw-5-in-1-led-strip-60leds-5050-led-strip-rgbcct\/\" \/>\n<meta property=\"og:locale\" content=\"fr_FR\" \/>\n<meta property=\"og:type\" content=\"article\" \/>\n<meta property=\"og:title\" content=\"RGBTW 5 IN 1 LED Strip 60LEDs 5050 LED Strip RGB+CCT\" \/>\n<meta property=\"og:description\" content=\"RGBTW 5 IN 1 LED Strip 60LEDs 5050 LED Strip lights, five different types of LEDs within a single chip package, a wide range of color options.\" \/>\n<meta property=\"og:url\" content=\"https:\/\/essenled.com\/fr\/produit\/rgbtw-5-in-1-led-strip-60leds-5050-led-strip-rgbcct\/\" \/>\n<meta property=\"og:site_name\" content=\"ESSENLED\" \/>\n<meta property=\"article:modified_time\" content=\"2024-05-31T10:28:58+00:00\" \/>\n<meta property=\"og:image\" content=\"https:\/\/essenled.com\/wp-content\/uploads\/2024\/02\/5-in-1-LED-Strip-Light-with-RGB-Tunable-White-1.webp\" \/>\n\t<meta property=\"og:image:width\" content=\"1000\" \/>\n\t<meta property=\"og:image:height\" content=\"1000\" \/>\n\t<meta property=\"og:image:type\" content=\"image\/webp\" \/>\n<meta name=\"twitter:card\" content=\"summary_large_image\" \/>\n<meta name=\"twitter:label1\" content=\"Dur\u00e9e de lecture estim\u00e9e\" \/>\n\t<meta name=\"twitter:data1\" content=\"1 minute\" \/>\n<script type=\"application\/ld+json\" class=\"yoast-schema-graph\">{\"@context\":\"https:\/\/schema.org\",\"@graph\":[{\"@type\":\"WebPage\",\"@id\":\"https:\/\/essenled.com\/product\/rgbtw-5-in-1-led-strip-60leds-5050-led-strip-rgbcct\/\",\"url\":\"https:\/\/essenled.com\/product\/rgbtw-5-in-1-led-strip-60leds-5050-led-strip-rgbcct\/\",\"name\":\"RGBTW 5 IN 1 LED Strip 60LEDs 5050 LED Strip RGB+CCT - ESSENLED\",\"isPartOf\":{\"@id\":\"https:\/\/essenled.com\/#website\"},\"primaryImageOfPage\":{\"@id\":\"https:\/\/essenled.com\/product\/rgbtw-5-in-1-led-strip-60leds-5050-led-strip-rgbcct\/#primaryimage\"},\"image\":{\"@id\":\"https:\/\/essenled.com\/product\/rgbtw-5-in-1-led-strip-60leds-5050-led-strip-rgbcct\/#primaryimage\"},\"thumbnailUrl\":\"https:\/\/essenled.com\/wp-content\/uploads\/2024\/02\/5-in-1-LED-Strip-Light-with-RGB-Tunable-White-1.webp\",\"datePublished\":\"2024-02-27T05:29:55+00:00\",\"dateModified\":\"2024-05-31T10:28:58+00:00\",\"description\":\"RGBTW 5 IN 1 LED Strip 60LEDs 5050 LED Strip lights, five different types of LEDs within a single chip package, a wide range of color options.\",\"breadcrumb\":{\"@id\":\"https:\/\/essenled.com\/product\/rgbtw-5-in-1-led-strip-60leds-5050-led-strip-rgbcct\/#breadcrumb\"},\"inLanguage\":\"fr-FR\",\"potentialAction\":[{\"@type\":\"ReadAction\",\"target\":[\"https:\/\/essenled.com\/product\/rgbtw-5-in-1-led-strip-60leds-5050-led-strip-rgbcct\/\"]}]},{\"@type\":\"ImageObject\",\"inLanguage\":\"fr-FR\",\"@id\":\"https:\/\/essenled.com\/product\/rgbtw-5-in-1-led-strip-60leds-5050-led-strip-rgbcct\/#primaryimage\",\"url\":\"https:\/\/essenled.com\/wp-content\/uploads\/2024\/02\/5-in-1-LED-Strip-Light-with-RGB-Tunable-White-1.webp\",\"contentUrl\":\"https:\/\/essenled.com\/wp-content\/uploads\/2024\/02\/5-in-1-LED-Strip-Light-with-RGB-Tunable-White-1.webp\",\"width\":1000,\"height\":1000,\"caption\":\"5 in 1 LED Strip Light with RGB + Tunable White\"},{\"@type\":\"BreadcrumbList\",\"@id\":\"https:\/\/essenled.com\/product\/rgbtw-5-in-1-led-strip-60leds-5050-led-strip-rgbcct\/#breadcrumb\",\"itemListElement\":[{\"@type\":\"ListItem\",\"position\":1,\"name\":\"Home\",\"item\":\"https:\/\/essenled.com\/\"},{\"@type\":\"ListItem\",\"position\":2,\"name\":\"Product\",\"item\":\"https:\/\/essenled.com\/fr\/product\/\"},{\"@type\":\"ListItem\",\"position\":3,\"name\":\"RGBTW 5 IN 1 LED Strip 60LEDs 5050 LED Strip RGB+CCT\"}]},{\"@type\":\"WebSite\",\"@id\":\"https:\/\/essenled.com\/#website\",\"url\":\"https:\/\/essenled.com\/\",\"name\":\"ESSENLED\",\"description\":\"\",\"publisher\":{\"@id\":\"https:\/\/essenled.com\/#organization\"},\"potentialAction\":[{\"@type\":\"SearchAction\",\"target\":{\"@type\":\"EntryPoint\",\"urlTemplate\":\"https:\/\/essenled.com\/?s={search_term_string}\"},\"query-input\":{\"@type\":\"PropertyValueSpecification\",\"valueRequired\":true,\"valueName\":\"search_term_string\"}}],\"inLanguage\":\"fr-FR\"},{\"@type\":\"Organization\",\"@id\":\"https:\/\/essenled.com\/#organization\",\"name\":\"ESSENLED\",\"url\":\"https:\/\/essenled.com\/\",\"logo\":{\"@type\":\"ImageObject\",\"inLanguage\":\"fr-FR\",\"@id\":\"https:\/\/essenled.com\/#\/schema\/logo\/image\/\",\"url\":\"https:\/\/essenled.com\/wp-content\/uploads\/2024\/01\/Essen-logo.png\",\"contentUrl\":\"https:\/\/essenled.com\/wp-content\/uploads\/2024\/01\/Essen-logo.png\",\"width\":800,\"height\":110,\"caption\":\"ESSENLED\"},\"image\":{\"@id\":\"https:\/\/essenled.com\/#\/schema\/logo\/image\/\"}}]}<\/script>\n<!-- \/ Yoast SEO Premium plugin. -->","yoast_head_json":{"title":"Bande LED RGBTW 5 EN 1 60LEDs 5050 Bande LED RGB+CCT - ESSENLED","description":"RGBTW 5 IN 1 LED Strip 60LEDs 5050 LED Strip lights, cinq types diff\u00e9rents de LED dans un seul paquet de puce, une large gamme d'options de couleur.","robots":{"index":"index","follow":"follow","max-snippet":"max-snippet:-1","max-image-preview":"max-image-preview:large","max-video-preview":"max-video-preview:-1"},"canonical":"https:\/\/essenled.com\/fr\/produit\/rgbtw-5-in-1-led-strip-60leds-5050-led-strip-rgbcct\/","og_locale":"fr_FR","og_type":"article","og_title":"RGBTW 5 IN 1 LED Strip 60LEDs 5050 LED Strip RGB+CCT","og_description":"RGBTW 5 IN 1 LED Strip 60LEDs 5050 LED Strip lights, five different types of LEDs within a single chip package, a wide range of color options.","og_url":"https:\/\/essenled.com\/fr\/produit\/rgbtw-5-in-1-led-strip-60leds-5050-led-strip-rgbcct\/","og_site_name":"ESSENLED","article_modified_time":"2024-05-31T10:28:58+00:00","og_image":[{"width":1000,"height":1000,"url":"https:\/\/essenled.com\/wp-content\/uploads\/2024\/02\/5-in-1-LED-Strip-Light-with-RGB-Tunable-White-1.webp","type":"image\/webp"}],"twitter_card":"summary_large_image","twitter_misc":{"Dur\u00e9e de lecture estim\u00e9e":"1 minute"},"schema":{"@context":"https:\/\/schema.org","@graph":[{"@type":"WebPage","@id":"https:\/\/essenled.com\/product\/rgbtw-5-in-1-led-strip-60leds-5050-led-strip-rgbcct\/","url":"https:\/\/essenled.com\/product\/rgbtw-5-in-1-led-strip-60leds-5050-led-strip-rgbcct\/","name":"Bande LED RGBTW 5 EN 1 60LEDs 5050 Bande LED RGB+CCT - ESSENLED","isPartOf":{"@id":"https:\/\/essenled.com\/#website"},"primaryImageOfPage":{"@id":"https:\/\/essenled.com\/product\/rgbtw-5-in-1-led-strip-60leds-5050-led-strip-rgbcct\/#primaryimage"},"image":{"@id":"https:\/\/essenled.com\/product\/rgbtw-5-in-1-led-strip-60leds-5050-led-strip-rgbcct\/#primaryimage"},"thumbnailUrl":"https:\/\/essenled.com\/wp-content\/uploads\/2024\/02\/5-in-1-LED-Strip-Light-with-RGB-Tunable-White-1.webp","datePublished":"2024-02-27T05:29:55+00:00","dateModified":"2024-05-31T10:28:58+00:00","description":"RGBTW 5 IN 1 LED Strip 60LEDs 5050 LED Strip lights, cinq types diff\u00e9rents de LED dans un seul paquet de puce, une large gamme d'options de couleur.","breadcrumb":{"@id":"https:\/\/essenled.com\/product\/rgbtw-5-in-1-led-strip-60leds-5050-led-strip-rgbcct\/#breadcrumb"},"inLanguage":"fr-FR","potentialAction":[{"@type":"ReadAction","target":["https:\/\/essenled.com\/product\/rgbtw-5-in-1-led-strip-60leds-5050-led-strip-rgbcct\/"]}]},{"@type":"ImageObject","inLanguage":"fr-FR","@id":"https:\/\/essenled.com\/product\/rgbtw-5-in-1-led-strip-60leds-5050-led-strip-rgbcct\/#primaryimage","url":"https:\/\/essenled.com\/wp-content\/uploads\/2024\/02\/5-in-1-LED-Strip-Light-with-RGB-Tunable-White-1.webp","contentUrl":"https:\/\/essenled.com\/wp-content\/uploads\/2024\/02\/5-in-1-LED-Strip-Light-with-RGB-Tunable-White-1.webp","width":1000,"height":1000,"caption":"5 in 1 LED Strip Light with RGB + Tunable White"},{"@type":"BreadcrumbList","@id":"https:\/\/essenled.com\/product\/rgbtw-5-in-1-led-strip-60leds-5050-led-strip-rgbcct\/#breadcrumb","itemListElement":[{"@type":"ListItem","position":1,"name":"Home","item":"https:\/\/essenled.com\/"},{"@type":"ListItem","position":2,"name":"Product","item":"https:\/\/essenled.com\/fr\/product\/"},{"@type":"ListItem","position":3,"name":"RGBTW 5 IN 1 LED Strip 60LEDs 5050 LED Strip RGB+CCT"}]},{"@type":"WebSite","@id":"https:\/\/essenled.com\/#website","url":"https:\/\/essenled.com\/","name":"ESSENLED","description":"","publisher":{"@id":"https:\/\/essenled.com\/#organization"},"potentialAction":[{"@type":"SearchAction","target":{"@type":"EntryPoint","urlTemplate":"https:\/\/essenled.com\/?s={search_term_string}"},"query-input":{"@type":"PropertyValueSpecification","valueRequired":true,"valueName":"search_term_string"}}],"inLanguage":"fr-FR"},{"@type":"Organization","@id":"https:\/\/essenled.com\/#organization","name":"ESSENLED","url":"https:\/\/essenled.com\/","logo":{"@type":"ImageObject","inLanguage":"fr-FR","@id":"https:\/\/essenled.com\/#\/schema\/logo\/image\/","url":"https:\/\/essenled.com\/wp-content\/uploads\/2024\/01\/Essen-logo.png","contentUrl":"https:\/\/essenled.com\/wp-content\/uploads\/2024\/01\/Essen-logo.png","width":800,"height":110,"caption":"ESSENLED"},"image":{"@id":"https:\/\/essenled.com\/#\/schema\/logo\/image\/"}}]}},"_links":{"self":[{"href":"https:\/\/essenled.com\/fr\/wp-json\/wp\/v2\/product\/1265","targetHints":{"allow":["GET"]}}],"collection":[{"href":"https:\/\/essenled.com\/fr\/wp-json\/wp\/v2\/product"}],"about":[{"href":"https:\/\/essenled.com\/fr\/wp-json\/wp\/v2\/types\/product"}],"version-history":[{"count":1,"href":"https:\/\/essenled.com\/fr\/wp-json\/wp\/v2\/product\/1265\/revisions"}],"predecessor-version":[{"id":1272,"href":"https:\/\/essenled.com\/fr\/wp-json\/wp\/v2\/product\/1265\/revisions\/1272"}],"wp:featuredmedia":[{"embeddable":true,"href":"https:\/\/essenled.com\/fr\/wp-json\/wp\/v2\/media\/2116"}],"wp:attachment":[{"href":"https:\/\/essenled.com\/fr\/wp-json\/wp\/v2\/media?parent=1265"}],"wp:term":[{"taxonomy":"product_brand","embeddable":true,"href":"https:\/\/essenled.com\/fr\/wp-json\/wp\/v2\/product_brand?post=1265"},{"taxonomy":"product_cat","embeddable":true,"href":"https:\/\/essenled.com\/fr\/wp-json\/wp\/v2\/product_cat?post=1265"},{"taxonomy":"product_tag","embeddable":true,"href":"https:\/\/essenled.com\/fr\/wp-json\/wp\/v2\/product_tag?post=1265"}],"curies":[{"name":"wp","href":"https:\/\/api.w.org\/{rel}","templated":true}]}}