{"id":1200,"date":"2024-02-26T09:27:27","date_gmt":"2024-02-26T09:27:27","guid":{"rendered":"https:\/\/essenled.com\/?post_type=product&#038;p=1200"},"modified":"2024-05-31T08:16:57","modified_gmt":"2024-05-31T08:16:57","slug":"rgbw-5050-led-strip-ip67","status":"publish","type":"product","link":"https:\/\/essenled.com\/fr\/produit\/rgbw-5050-led-strip-ip67\/","title":{"rendered":"Bande LED RGB+W 5050 14.4W-34.4W IP67"},"content":{"rendered":"","protected":false},"excerpt":{"rendered":"<p>Les bandes de LED RGB+W SMD5050 sont une s\u00e9rie de bandes de LED tr\u00e8s vendues et constituent une perle de lumi\u00e8re blanche suppl\u00e9mentaire ajout\u00e9e \u00e0 la bande de lumi\u00e8re RGB. Cette bande comporte donc des LED rouges, vertes, bleues et blanches.<\/p>\n<p>Les bandes LED RGB+W, l'ajout de LED blanches offre une plus large gamme d'options de couleurs et la possibilit\u00e9 de produire une lumi\u00e8re blanche v\u00e9ritable en plus d'une vari\u00e9t\u00e9 de couleurs.<\/p>\n<p>Cette bande lumineuse LED RVB+W comporte 60-144 LED par m\u00e8tre et une puissance allant jusqu'\u00e0 34,4W par m\u00e8tre. La densit\u00e9 des LED utilis\u00e9es pour l'\u00e9clairage est mod\u00e9r\u00e9e.<\/p>\n<p>D'une largeur de 10 \u00e0 20 mm, elles sont disponibles en 12 et 24 V, ce qui permet d'obtenir une alimentation constante et stable pour des performances optimales. Ces bandes de LED sont id\u00e9ales pour une vari\u00e9t\u00e9 d'applications d'\u00e9clairage int\u00e9rieur et ext\u00e9rieur.<\/p>","protected":false},"featured_media":2108,"template":"","meta":{"_kad_post_transparent":"default","_kad_post_title":"","_kad_post_layout":"default","_kad_post_sidebar_id":"","_kad_post_content_style":"default","_kad_post_vertical_padding":"default","_kad_post_feature":"","_kad_post_feature_position":"","_kad_post_header":false,"_kad_post_footer":false,"_kad_post_classname":""},"product_brand":[],"product_cat":[29,31],"product_tag":[379,378,380,382,381,383],"class_list":{"0":"post-1200","1":"product","2":"type-product","3":"status-publish","4":"has-post-thumbnail","6":"product_cat-led-strip","7":"product_cat-rgbx-series","8":"product_tag-5050-60leds-rgbw-led-strip","9":"product_tag-5050-rgbw-rgbwarm-led-strip","10":"product_tag-rgbw-5050-60-leds-14-4w","11":"product_tag-rgbw-led-strip-5050-60-leds","12":"product_tag-rgbw-5050-60leds-2700k-6000k","13":"product_tag-rgbw-rgbwarm-60leds-10mm","15":"first","16":"instock","17":"shipping-taxable","18":"product-type-simple","19":"entry","20":"content-bg","21":"loop-entry"},"yoast_head":"<!-- This site is optimized with the Yoast SEO Premium plugin v24.3 (Yoast SEO v26.7) - https:\/\/yoast.com\/wordpress\/plugins\/seo\/ -->\n<title>RGB+W 5050 LED Strip 14.4W-34.4W IP67 - ESSENLED<\/title>\n<meta name=\"description\" content=\"RGB+W 60LEDs 5050 LED strip lights are a hot-selling RGBW LED strip, and are an additional white light bead added to the RGB light strip.\" \/>\n<meta name=\"robots\" content=\"index, follow, max-snippet:-1, max-image-preview:large, max-video-preview:-1\" \/>\n<link rel=\"canonical\" href=\"https:\/\/essenled.com\/fr\/produit\/rgbw-5050-led-strip-ip67\/\" \/>\n<meta property=\"og:locale\" content=\"fr_FR\" \/>\n<meta property=\"og:type\" content=\"article\" \/>\n<meta property=\"og:title\" content=\"RGB+W 5050 LED Strip 14.4W-34.4W IP67\" \/>\n<meta property=\"og:description\" content=\"RGB+W 60LEDs 5050 LED strip lights are a hot-selling RGBW LED strip, and are an additional white light bead added to the RGB light strip.\" \/>\n<meta property=\"og:url\" content=\"https:\/\/essenled.com\/fr\/produit\/rgbw-5050-led-strip-ip67\/\" \/>\n<meta property=\"og:site_name\" content=\"ESSENLED\" \/>\n<meta property=\"article:modified_time\" content=\"2024-05-31T08:16:57+00:00\" \/>\n<meta property=\"og:image\" content=\"https:\/\/essenled.com\/wp-content\/uploads\/2024\/02\/SMD5050-60LEDs-RGBW-LED-Strip-Light.webp\" \/>\n\t<meta property=\"og:image:width\" content=\"1000\" \/>\n\t<meta property=\"og:image:height\" content=\"1000\" \/>\n\t<meta property=\"og:image:type\" content=\"image\/webp\" \/>\n<meta name=\"twitter:card\" content=\"summary_large_image\" \/>\n<meta name=\"twitter:label1\" content=\"Dur\u00e9e de lecture estim\u00e9e\" \/>\n\t<meta name=\"twitter:data1\" content=\"1 minute\" \/>\n<script type=\"application\/ld+json\" class=\"yoast-schema-graph\">{\"@context\":\"https:\/\/schema.org\",\"@graph\":[{\"@type\":\"WebPage\",\"@id\":\"https:\/\/essenled.com\/product\/rgbw-5050-led-strip-ip67\/\",\"url\":\"https:\/\/essenled.com\/product\/rgbw-5050-led-strip-ip67\/\",\"name\":\"RGB+W 5050 LED Strip 14.4W-34.4W IP67 - ESSENLED\",\"isPartOf\":{\"@id\":\"https:\/\/essenled.com\/#website\"},\"primaryImageOfPage\":{\"@id\":\"https:\/\/essenled.com\/product\/rgbw-5050-led-strip-ip67\/#primaryimage\"},\"image\":{\"@id\":\"https:\/\/essenled.com\/product\/rgbw-5050-led-strip-ip67\/#primaryimage\"},\"thumbnailUrl\":\"https:\/\/essenled.com\/wp-content\/uploads\/2024\/02\/SMD5050-60LEDs-RGBW-LED-Strip-Light.webp\",\"datePublished\":\"2024-02-26T09:27:27+00:00\",\"dateModified\":\"2024-05-31T08:16:57+00:00\",\"description\":\"RGB+W 60LEDs 5050 LED strip lights are a hot-selling RGBW LED strip, and are an additional white light bead added to the RGB light strip.\",\"breadcrumb\":{\"@id\":\"https:\/\/essenled.com\/product\/rgbw-5050-led-strip-ip67\/#breadcrumb\"},\"inLanguage\":\"fr-FR\",\"potentialAction\":[{\"@type\":\"ReadAction\",\"target\":[\"https:\/\/essenled.com\/product\/rgbw-5050-led-strip-ip67\/\"]}]},{\"@type\":\"ImageObject\",\"inLanguage\":\"fr-FR\",\"@id\":\"https:\/\/essenled.com\/product\/rgbw-5050-led-strip-ip67\/#primaryimage\",\"url\":\"https:\/\/essenled.com\/wp-content\/uploads\/2024\/02\/SMD5050-60LEDs-RGBW-LED-Strip-Light.webp\",\"contentUrl\":\"https:\/\/essenled.com\/wp-content\/uploads\/2024\/02\/SMD5050-60LEDs-RGBW-LED-Strip-Light.webp\",\"width\":1000,\"height\":1000,\"caption\":\"SMD5050 60LEDs RGB+W LED Strip Light\"},{\"@type\":\"BreadcrumbList\",\"@id\":\"https:\/\/essenled.com\/product\/rgbw-5050-led-strip-ip67\/#breadcrumb\",\"itemListElement\":[{\"@type\":\"ListItem\",\"position\":1,\"name\":\"Home\",\"item\":\"https:\/\/essenled.com\/\"},{\"@type\":\"ListItem\",\"position\":2,\"name\":\"Product\",\"item\":\"https:\/\/essenled.com\/fr\/product\/\"},{\"@type\":\"ListItem\",\"position\":3,\"name\":\"RGB+W 5050 LED Strip 14.4W-34.4W IP67\"}]},{\"@type\":\"WebSite\",\"@id\":\"https:\/\/essenled.com\/#website\",\"url\":\"https:\/\/essenled.com\/\",\"name\":\"ESSENLED\",\"description\":\"\",\"publisher\":{\"@id\":\"https:\/\/essenled.com\/#organization\"},\"potentialAction\":[{\"@type\":\"SearchAction\",\"target\":{\"@type\":\"EntryPoint\",\"urlTemplate\":\"https:\/\/essenled.com\/?s={search_term_string}\"},\"query-input\":{\"@type\":\"PropertyValueSpecification\",\"valueRequired\":true,\"valueName\":\"search_term_string\"}}],\"inLanguage\":\"fr-FR\"},{\"@type\":\"Organization\",\"@id\":\"https:\/\/essenled.com\/#organization\",\"name\":\"ESSENLED\",\"url\":\"https:\/\/essenled.com\/\",\"logo\":{\"@type\":\"ImageObject\",\"inLanguage\":\"fr-FR\",\"@id\":\"https:\/\/essenled.com\/#\/schema\/logo\/image\/\",\"url\":\"https:\/\/essenled.com\/wp-content\/uploads\/2024\/01\/Essen-logo.png\",\"contentUrl\":\"https:\/\/essenled.com\/wp-content\/uploads\/2024\/01\/Essen-logo.png\",\"width\":800,\"height\":110,\"caption\":\"ESSENLED\"},\"image\":{\"@id\":\"https:\/\/essenled.com\/#\/schema\/logo\/image\/\"}}]}<\/script>\n<!-- \/ Yoast SEO Premium plugin. -->","yoast_head_json":{"title":"Bande LED RGB+W 5050 14.4W-34.4W IP67 - ESSENLED","description":"La bande lumineuse RGB+W 60LEDs 5050 est une bande lumineuse RGBW tr\u00e8s vendue, et constitue une perle de lumi\u00e8re blanche suppl\u00e9mentaire ajout\u00e9e \u00e0 la bande lumineuse RGB.","robots":{"index":"index","follow":"follow","max-snippet":"max-snippet:-1","max-image-preview":"max-image-preview:large","max-video-preview":"max-video-preview:-1"},"canonical":"https:\/\/essenled.com\/fr\/produit\/rgbw-5050-led-strip-ip67\/","og_locale":"fr_FR","og_type":"article","og_title":"RGB+W 5050 LED Strip 14.4W-34.4W IP67","og_description":"RGB+W 60LEDs 5050 LED strip lights are a hot-selling RGBW LED strip, and are an additional white light bead added to the RGB light strip.","og_url":"https:\/\/essenled.com\/fr\/produit\/rgbw-5050-led-strip-ip67\/","og_site_name":"ESSENLED","article_modified_time":"2024-05-31T08:16:57+00:00","og_image":[{"width":1000,"height":1000,"url":"https:\/\/essenled.com\/wp-content\/uploads\/2024\/02\/SMD5050-60LEDs-RGBW-LED-Strip-Light.webp","type":"image\/webp"}],"twitter_card":"summary_large_image","twitter_misc":{"Dur\u00e9e de lecture estim\u00e9e":"1 minute"},"schema":{"@context":"https:\/\/schema.org","@graph":[{"@type":"WebPage","@id":"https:\/\/essenled.com\/product\/rgbw-5050-led-strip-ip67\/","url":"https:\/\/essenled.com\/product\/rgbw-5050-led-strip-ip67\/","name":"Bande LED RGB+W 5050 14.4W-34.4W IP67 - ESSENLED","isPartOf":{"@id":"https:\/\/essenled.com\/#website"},"primaryImageOfPage":{"@id":"https:\/\/essenled.com\/product\/rgbw-5050-led-strip-ip67\/#primaryimage"},"image":{"@id":"https:\/\/essenled.com\/product\/rgbw-5050-led-strip-ip67\/#primaryimage"},"thumbnailUrl":"https:\/\/essenled.com\/wp-content\/uploads\/2024\/02\/SMD5050-60LEDs-RGBW-LED-Strip-Light.webp","datePublished":"2024-02-26T09:27:27+00:00","dateModified":"2024-05-31T08:16:57+00:00","description":"La bande lumineuse RGB+W 60LEDs 5050 est une bande lumineuse RGBW tr\u00e8s vendue, et constitue une perle de lumi\u00e8re blanche suppl\u00e9mentaire ajout\u00e9e \u00e0 la bande lumineuse RGB.","breadcrumb":{"@id":"https:\/\/essenled.com\/product\/rgbw-5050-led-strip-ip67\/#breadcrumb"},"inLanguage":"fr-FR","potentialAction":[{"@type":"ReadAction","target":["https:\/\/essenled.com\/product\/rgbw-5050-led-strip-ip67\/"]}]},{"@type":"ImageObject","inLanguage":"fr-FR","@id":"https:\/\/essenled.com\/product\/rgbw-5050-led-strip-ip67\/#primaryimage","url":"https:\/\/essenled.com\/wp-content\/uploads\/2024\/02\/SMD5050-60LEDs-RGBW-LED-Strip-Light.webp","contentUrl":"https:\/\/essenled.com\/wp-content\/uploads\/2024\/02\/SMD5050-60LEDs-RGBW-LED-Strip-Light.webp","width":1000,"height":1000,"caption":"SMD5050 60LEDs RGB+W LED Strip Light"},{"@type":"BreadcrumbList","@id":"https:\/\/essenled.com\/product\/rgbw-5050-led-strip-ip67\/#breadcrumb","itemListElement":[{"@type":"ListItem","position":1,"name":"Home","item":"https:\/\/essenled.com\/"},{"@type":"ListItem","position":2,"name":"Product","item":"https:\/\/essenled.com\/fr\/product\/"},{"@type":"ListItem","position":3,"name":"RGB+W 5050 LED Strip 14.4W-34.4W IP67"}]},{"@type":"WebSite","@id":"https:\/\/essenled.com\/#website","url":"https:\/\/essenled.com\/","name":"ESSENLED","description":"","publisher":{"@id":"https:\/\/essenled.com\/#organization"},"potentialAction":[{"@type":"SearchAction","target":{"@type":"EntryPoint","urlTemplate":"https:\/\/essenled.com\/?s={search_term_string}"},"query-input":{"@type":"PropertyValueSpecification","valueRequired":true,"valueName":"search_term_string"}}],"inLanguage":"fr-FR"},{"@type":"Organization","@id":"https:\/\/essenled.com\/#organization","name":"ESSENLED","url":"https:\/\/essenled.com\/","logo":{"@type":"ImageObject","inLanguage":"fr-FR","@id":"https:\/\/essenled.com\/#\/schema\/logo\/image\/","url":"https:\/\/essenled.com\/wp-content\/uploads\/2024\/01\/Essen-logo.png","contentUrl":"https:\/\/essenled.com\/wp-content\/uploads\/2024\/01\/Essen-logo.png","width":800,"height":110,"caption":"ESSENLED"},"image":{"@id":"https:\/\/essenled.com\/#\/schema\/logo\/image\/"}}]}},"_links":{"self":[{"href":"https:\/\/essenled.com\/fr\/wp-json\/wp\/v2\/product\/1200","targetHints":{"allow":["GET"]}}],"collection":[{"href":"https:\/\/essenled.com\/fr\/wp-json\/wp\/v2\/product"}],"about":[{"href":"https:\/\/essenled.com\/fr\/wp-json\/wp\/v2\/types\/product"}],"version-history":[{"count":3,"href":"https:\/\/essenled.com\/fr\/wp-json\/wp\/v2\/product\/1200\/revisions"}],"predecessor-version":[{"id":2112,"href":"https:\/\/essenled.com\/fr\/wp-json\/wp\/v2\/product\/1200\/revisions\/2112"}],"wp:featuredmedia":[{"embeddable":true,"href":"https:\/\/essenled.com\/fr\/wp-json\/wp\/v2\/media\/2108"}],"wp:attachment":[{"href":"https:\/\/essenled.com\/fr\/wp-json\/wp\/v2\/media?parent=1200"}],"wp:term":[{"taxonomy":"product_brand","embeddable":true,"href":"https:\/\/essenled.com\/fr\/wp-json\/wp\/v2\/product_brand?post=1200"},{"taxonomy":"product_cat","embeddable":true,"href":"https:\/\/essenled.com\/fr\/wp-json\/wp\/v2\/product_cat?post=1200"},{"taxonomy":"product_tag","embeddable":true,"href":"https:\/\/essenled.com\/fr\/wp-json\/wp\/v2\/product_tag?post=1200"}],"curies":[{"name":"wp","href":"https:\/\/api.w.org\/{rel}","templated":true}]}}