{"id":1130,"date":"2024-02-25T02:32:52","date_gmt":"2024-02-25T02:32:52","guid":{"rendered":"https:\/\/essenled.com\/?post_type=product&#038;p=1130"},"modified":"2024-05-31T02:55:24","modified_gmt":"2024-05-31T02:55:24","slug":"120leds-2835-tunable-white-led-strip-10mm","status":"publish","type":"product","link":"https:\/\/essenled.com\/fr\/produit\/120leds-2835-tunable-white-led-strip-10mm\/","title":{"rendered":"Bande LED 120LEDs 2835 Tunable White 24W 10MM"},"content":{"rendered":"","protected":false},"excerpt":{"rendered":"<p>Les bandes de LED blanches accordables SMD2835 \u00e0 haute densit\u00e9 et les perles de lampes \u00e0 LED sont tr\u00e8s compactes, avec des fils allant jusqu'\u00e0 120 LED\/m.<\/p>\n<p>La bande LED 2835 120leds\/m blanc accordable permet de r\u00e9gler la temp\u00e9rature de couleur (2700K-6000K). Ce type de bande LED permet aux utilisateurs de s\u00e9lectionner la temp\u00e9rature de couleur en fonction de leurs pr\u00e9f\u00e9rences, du blanc froid au blanc chaud.<\/p>\n<p>Les bandes LED blanches accordables sans points 120leds se caract\u00e9risent par une forte concentration de LED par m\u00e8tre, ce qui permet d'obtenir un \u00e9clairage lumineux et homog\u00e8ne sur toute la longueur, sans points lumineux.<\/p>\n<p>Bande LED blanche accordable 2835 120leds\/m, 24W\/m, 10MM CPB board, peut \u00e9galement aider la bande LED \u00e0 bien dissiper la chaleur. Ces bandes de LED offrent un profil compact adapt\u00e9 \u00e0 diverses applications d'\u00e9clairage int\u00e9rieur.<\/p>","protected":false},"featured_media":2095,"template":"","meta":{"_kad_post_transparent":"default","_kad_post_title":"","_kad_post_layout":"default","_kad_post_sidebar_id":"","_kad_post_content_style":"default","_kad_post_vertical_padding":"default","_kad_post_feature":"","_kad_post_feature_position":"","_kad_post_header":false,"_kad_post_footer":false,"_kad_post_classname":""},"product_brand":[],"product_cat":[29,30],"product_tag":[333,332,334,336,335,331],"class_list":{"0":"post-1130","1":"product","2":"type-product","3":"status-publish","4":"has-post-thumbnail","6":"product_cat-led-strip","7":"product_cat-tunable-white-series","8":"product_tag-24v-10mm-240leds-tunable-white-strip","9":"product_tag-2835-24w-tunable-white-2700-6000k","10":"product_tag-high-cri-96-tunable-white-2835-led-strip","11":"product_tag-ip65-tunable-led-strips-240leds-10mm","12":"product_tag-ip65-tunable-led-strips-24w","13":"product_tag-tunable-white-2835-120leds","15":"first","16":"instock","17":"shipping-taxable","18":"product-type-simple","19":"entry","20":"content-bg","21":"loop-entry"},"yoast_head":"<!-- This site is optimized with the Yoast SEO Premium plugin v24.3 (Yoast SEO v26.7) - https:\/\/yoast.com\/wordpress\/plugins\/seo\/ -->\n<title>120LEDs 2835 Tunable White LED Strip 24W 10MM - ESSENLED<\/title>\n<meta name=\"description\" content=\"High density 120LEDs 2835 tunable white LED strip lights and LED lamp beads are very compact, the leds number up to 120leds\/m.\" \/>\n<meta name=\"robots\" content=\"index, follow, max-snippet:-1, max-image-preview:large, max-video-preview:-1\" \/>\n<link rel=\"canonical\" href=\"https:\/\/essenled.com\/fr\/produit\/120leds-2835-tunable-white-led-strip-10mm\/\" \/>\n<meta property=\"og:locale\" content=\"fr_FR\" \/>\n<meta property=\"og:type\" content=\"article\" \/>\n<meta property=\"og:title\" content=\"120LEDs 2835 Tunable White LED Strip 24W 10MM\" \/>\n<meta property=\"og:description\" content=\"High density 120LEDs 2835 tunable white LED strip lights and LED lamp beads are very compact, the leds number up to 120leds\/m.\" \/>\n<meta property=\"og:url\" content=\"https:\/\/essenled.com\/fr\/produit\/120leds-2835-tunable-white-led-strip-10mm\/\" \/>\n<meta property=\"og:site_name\" content=\"ESSENLED\" \/>\n<meta property=\"article:modified_time\" content=\"2024-05-31T02:55:24+00:00\" \/>\n<meta property=\"og:image\" content=\"https:\/\/essenled.com\/wp-content\/uploads\/2024\/02\/CRI-95-2835-Tunable-White-LED-Flexible.webp\" \/>\n\t<meta property=\"og:image:width\" content=\"1000\" \/>\n\t<meta property=\"og:image:height\" content=\"1000\" \/>\n\t<meta property=\"og:image:type\" content=\"image\/webp\" \/>\n<meta name=\"twitter:card\" content=\"summary_large_image\" \/>\n<meta name=\"twitter:label1\" content=\"Dur\u00e9e de lecture estim\u00e9e\" \/>\n\t<meta name=\"twitter:data1\" content=\"1 minute\" \/>\n<script type=\"application\/ld+json\" class=\"yoast-schema-graph\">{\"@context\":\"https:\/\/schema.org\",\"@graph\":[{\"@type\":\"WebPage\",\"@id\":\"https:\/\/essenled.com\/product\/120leds-2835-tunable-white-led-strip-10mm\/\",\"url\":\"https:\/\/essenled.com\/product\/120leds-2835-tunable-white-led-strip-10mm\/\",\"name\":\"120LEDs 2835 Tunable White LED Strip 24W 10MM - ESSENLED\",\"isPartOf\":{\"@id\":\"https:\/\/essenled.com\/#website\"},\"primaryImageOfPage\":{\"@id\":\"https:\/\/essenled.com\/product\/120leds-2835-tunable-white-led-strip-10mm\/#primaryimage\"},\"image\":{\"@id\":\"https:\/\/essenled.com\/product\/120leds-2835-tunable-white-led-strip-10mm\/#primaryimage\"},\"thumbnailUrl\":\"https:\/\/essenled.com\/wp-content\/uploads\/2024\/02\/CRI-95-2835-Tunable-White-LED-Flexible.webp\",\"datePublished\":\"2024-02-25T02:32:52+00:00\",\"dateModified\":\"2024-05-31T02:55:24+00:00\",\"description\":\"High density 120LEDs 2835 tunable white LED strip lights and LED lamp beads are very compact, the leds number up to 120leds\/m.\",\"breadcrumb\":{\"@id\":\"https:\/\/essenled.com\/product\/120leds-2835-tunable-white-led-strip-10mm\/#breadcrumb\"},\"inLanguage\":\"fr-FR\",\"potentialAction\":[{\"@type\":\"ReadAction\",\"target\":[\"https:\/\/essenled.com\/product\/120leds-2835-tunable-white-led-strip-10mm\/\"]}]},{\"@type\":\"ImageObject\",\"inLanguage\":\"fr-FR\",\"@id\":\"https:\/\/essenled.com\/product\/120leds-2835-tunable-white-led-strip-10mm\/#primaryimage\",\"url\":\"https:\/\/essenled.com\/wp-content\/uploads\/2024\/02\/CRI-95-2835-Tunable-White-LED-Flexible.webp\",\"contentUrl\":\"https:\/\/essenled.com\/wp-content\/uploads\/2024\/02\/CRI-95-2835-Tunable-White-LED-Flexible.webp\",\"width\":1000,\"height\":1000,\"caption\":\"CRI 95+ 2835 Tunable White LED Flexible\"},{\"@type\":\"BreadcrumbList\",\"@id\":\"https:\/\/essenled.com\/product\/120leds-2835-tunable-white-led-strip-10mm\/#breadcrumb\",\"itemListElement\":[{\"@type\":\"ListItem\",\"position\":1,\"name\":\"Home\",\"item\":\"https:\/\/essenled.com\/\"},{\"@type\":\"ListItem\",\"position\":2,\"name\":\"Product\",\"item\":\"https:\/\/essenled.com\/fr\/product\/\"},{\"@type\":\"ListItem\",\"position\":3,\"name\":\"120LEDs 2835 Tunable White LED Strip 24W 10MM\"}]},{\"@type\":\"WebSite\",\"@id\":\"https:\/\/essenled.com\/#website\",\"url\":\"https:\/\/essenled.com\/\",\"name\":\"ESSENLED\",\"description\":\"\",\"publisher\":{\"@id\":\"https:\/\/essenled.com\/#organization\"},\"potentialAction\":[{\"@type\":\"SearchAction\",\"target\":{\"@type\":\"EntryPoint\",\"urlTemplate\":\"https:\/\/essenled.com\/?s={search_term_string}\"},\"query-input\":{\"@type\":\"PropertyValueSpecification\",\"valueRequired\":true,\"valueName\":\"search_term_string\"}}],\"inLanguage\":\"fr-FR\"},{\"@type\":\"Organization\",\"@id\":\"https:\/\/essenled.com\/#organization\",\"name\":\"ESSENLED\",\"url\":\"https:\/\/essenled.com\/\",\"logo\":{\"@type\":\"ImageObject\",\"inLanguage\":\"fr-FR\",\"@id\":\"https:\/\/essenled.com\/#\/schema\/logo\/image\/\",\"url\":\"https:\/\/essenled.com\/wp-content\/uploads\/2024\/01\/Essen-logo.png\",\"contentUrl\":\"https:\/\/essenled.com\/wp-content\/uploads\/2024\/01\/Essen-logo.png\",\"width\":800,\"height\":110,\"caption\":\"ESSENLED\"},\"image\":{\"@id\":\"https:\/\/essenled.com\/#\/schema\/logo\/image\/\"}}]}<\/script>\n<!-- \/ Yoast SEO Premium plugin. -->","yoast_head_json":{"title":"Bande LED 120LEDs 2835 Tunable White 24W 10MM - ESSENLED","description":"Haute densit\u00e9 de 120 LEDs 2835 tunable white strip lights et LED lamp beads sont tr\u00e8s compactes, le nombre de leds est de 120leds\/m.","robots":{"index":"index","follow":"follow","max-snippet":"max-snippet:-1","max-image-preview":"max-image-preview:large","max-video-preview":"max-video-preview:-1"},"canonical":"https:\/\/essenled.com\/fr\/produit\/120leds-2835-tunable-white-led-strip-10mm\/","og_locale":"fr_FR","og_type":"article","og_title":"120LEDs 2835 Tunable White LED Strip 24W 10MM","og_description":"High density 120LEDs 2835 tunable white LED strip lights and LED lamp beads are very compact, the leds number up to 120leds\/m.","og_url":"https:\/\/essenled.com\/fr\/produit\/120leds-2835-tunable-white-led-strip-10mm\/","og_site_name":"ESSENLED","article_modified_time":"2024-05-31T02:55:24+00:00","og_image":[{"width":1000,"height":1000,"url":"https:\/\/essenled.com\/wp-content\/uploads\/2024\/02\/CRI-95-2835-Tunable-White-LED-Flexible.webp","type":"image\/webp"}],"twitter_card":"summary_large_image","twitter_misc":{"Dur\u00e9e de lecture estim\u00e9e":"1 minute"},"schema":{"@context":"https:\/\/schema.org","@graph":[{"@type":"WebPage","@id":"https:\/\/essenled.com\/product\/120leds-2835-tunable-white-led-strip-10mm\/","url":"https:\/\/essenled.com\/product\/120leds-2835-tunable-white-led-strip-10mm\/","name":"Bande LED 120LEDs 2835 Tunable White 24W 10MM - ESSENLED","isPartOf":{"@id":"https:\/\/essenled.com\/#website"},"primaryImageOfPage":{"@id":"https:\/\/essenled.com\/product\/120leds-2835-tunable-white-led-strip-10mm\/#primaryimage"},"image":{"@id":"https:\/\/essenled.com\/product\/120leds-2835-tunable-white-led-strip-10mm\/#primaryimage"},"thumbnailUrl":"https:\/\/essenled.com\/wp-content\/uploads\/2024\/02\/CRI-95-2835-Tunable-White-LED-Flexible.webp","datePublished":"2024-02-25T02:32:52+00:00","dateModified":"2024-05-31T02:55:24+00:00","description":"Haute densit\u00e9 de 120 LEDs 2835 tunable white strip lights et LED lamp beads sont tr\u00e8s compactes, le nombre de leds est de 120leds\/m.","breadcrumb":{"@id":"https:\/\/essenled.com\/product\/120leds-2835-tunable-white-led-strip-10mm\/#breadcrumb"},"inLanguage":"fr-FR","potentialAction":[{"@type":"ReadAction","target":["https:\/\/essenled.com\/product\/120leds-2835-tunable-white-led-strip-10mm\/"]}]},{"@type":"ImageObject","inLanguage":"fr-FR","@id":"https:\/\/essenled.com\/product\/120leds-2835-tunable-white-led-strip-10mm\/#primaryimage","url":"https:\/\/essenled.com\/wp-content\/uploads\/2024\/02\/CRI-95-2835-Tunable-White-LED-Flexible.webp","contentUrl":"https:\/\/essenled.com\/wp-content\/uploads\/2024\/02\/CRI-95-2835-Tunable-White-LED-Flexible.webp","width":1000,"height":1000,"caption":"CRI 95+ 2835 Tunable White LED Flexible"},{"@type":"BreadcrumbList","@id":"https:\/\/essenled.com\/product\/120leds-2835-tunable-white-led-strip-10mm\/#breadcrumb","itemListElement":[{"@type":"ListItem","position":1,"name":"Home","item":"https:\/\/essenled.com\/"},{"@type":"ListItem","position":2,"name":"Product","item":"https:\/\/essenled.com\/fr\/product\/"},{"@type":"ListItem","position":3,"name":"120LEDs 2835 Tunable White LED Strip 24W 10MM"}]},{"@type":"WebSite","@id":"https:\/\/essenled.com\/#website","url":"https:\/\/essenled.com\/","name":"ESSENLED","description":"","publisher":{"@id":"https:\/\/essenled.com\/#organization"},"potentialAction":[{"@type":"SearchAction","target":{"@type":"EntryPoint","urlTemplate":"https:\/\/essenled.com\/?s={search_term_string}"},"query-input":{"@type":"PropertyValueSpecification","valueRequired":true,"valueName":"search_term_string"}}],"inLanguage":"fr-FR"},{"@type":"Organization","@id":"https:\/\/essenled.com\/#organization","name":"ESSENLED","url":"https:\/\/essenled.com\/","logo":{"@type":"ImageObject","inLanguage":"fr-FR","@id":"https:\/\/essenled.com\/#\/schema\/logo\/image\/","url":"https:\/\/essenled.com\/wp-content\/uploads\/2024\/01\/Essen-logo.png","contentUrl":"https:\/\/essenled.com\/wp-content\/uploads\/2024\/01\/Essen-logo.png","width":800,"height":110,"caption":"ESSENLED"},"image":{"@id":"https:\/\/essenled.com\/#\/schema\/logo\/image\/"}}]}},"_links":{"self":[{"href":"https:\/\/essenled.com\/fr\/wp-json\/wp\/v2\/product\/1130","targetHints":{"allow":["GET"]}}],"collection":[{"href":"https:\/\/essenled.com\/fr\/wp-json\/wp\/v2\/product"}],"about":[{"href":"https:\/\/essenled.com\/fr\/wp-json\/wp\/v2\/types\/product"}],"version-history":[{"count":1,"href":"https:\/\/essenled.com\/fr\/wp-json\/wp\/v2\/product\/1130\/revisions"}],"predecessor-version":[{"id":1137,"href":"https:\/\/essenled.com\/fr\/wp-json\/wp\/v2\/product\/1130\/revisions\/1137"}],"wp:featuredmedia":[{"embeddable":true,"href":"https:\/\/essenled.com\/fr\/wp-json\/wp\/v2\/media\/2095"}],"wp:attachment":[{"href":"https:\/\/essenled.com\/fr\/wp-json\/wp\/v2\/media?parent=1130"}],"wp:term":[{"taxonomy":"product_brand","embeddable":true,"href":"https:\/\/essenled.com\/fr\/wp-json\/wp\/v2\/product_brand?post=1130"},{"taxonomy":"product_cat","embeddable":true,"href":"https:\/\/essenled.com\/fr\/wp-json\/wp\/v2\/product_cat?post=1130"},{"taxonomy":"product_tag","embeddable":true,"href":"https:\/\/essenled.com\/fr\/wp-json\/wp\/v2\/product_tag?post=1130"}],"curies":[{"name":"wp","href":"https:\/\/api.w.org\/{rel}","templated":true}]}}