{"id":1075,"date":"2024-02-23T12:26:45","date_gmt":"2024-02-23T12:26:45","guid":{"rendered":"https:\/\/essenled.com\/?post_type=product&#038;p=1075"},"modified":"2024-05-31T02:47:27","modified_gmt":"2024-05-31T02:47:27","slug":"364leds-2010-tunable-white-led-strip-high-density","status":"publish","type":"product","link":"https:\/\/essenled.com\/fr\/produit\/364leds-2010-tunable-white-led-strip-high-density\/","title":{"rendered":"364LEDs 2010 Bande LED blanche accordable haute densit\u00e9 10MM"},"content":{"rendered":"","protected":false},"excerpt":{"rendered":"<p>Bande de 364 LEDs SMD2010 haute densit\u00e9, tunable white LED strip lights, LED lamp beads are very compact, reaching 364leds\/m. Cette bande avec une haute densit\u00e9 de LEDs permet un \u00e9clairage intense et uniforme.<\/p>\n<p>2010 364leds\/m tunable White LED Strip allows for adjustable color temperature settings, This light strip allows users to select the color temperature according to their preferences from cool white to warm white.<\/p>\n<p>High-Density 364leds se caract\u00e9rise par une forte concentration de LED par m\u00e8tre, ce qui se traduit par un \u00e9clairage lumineux et homog\u00e8ne sur toute la longueur, sans zone sombre.<\/p>\n<p>Bande LED blanche accordable 2010 364leds\/m, avec une largeur de 10MM, ces bandes LED offrent un profil compact adapt\u00e9 \u00e0 diverses applications d'\u00e9clairage int\u00e9rieur. En m\u00eame temps, une carte CPB de 10MM de largeur peut \u00e9galement aider la bande de LED \u00e0 bien dissiper la chaleur.<\/p>","protected":false},"featured_media":2092,"template":"","meta":{"_kad_post_transparent":"default","_kad_post_title":"","_kad_post_layout":"default","_kad_post_sidebar_id":"","_kad_post_content_style":"default","_kad_post_vertical_padding":"default","_kad_post_feature":"","_kad_post_feature_position":"","_kad_post_header":false,"_kad_post_footer":false,"_kad_post_classname":""},"product_brand":[],"product_cat":[29,30],"product_tag":[324,322,320,323,321],"class_list":{"0":"post-1075","1":"product","2":"type-product","3":"status-publish","4":"has-post-thumbnail","6":"product_cat-led-strip","7":"product_cat-tunable-white-series","8":"product_tag-20w-2010-tunable-white-10mm","9":"product_tag-364leds-2010-bi-color-20w-cri95","10":"product_tag-high-density-cct-adjustable-strip","11":"product_tag-tunable-white-strip-20w","12":"product_tag-tunable-white-strip-364leds-2010","14":"first","15":"instock","16":"shipping-taxable","17":"product-type-simple","18":"entry","19":"content-bg","20":"loop-entry"},"yoast_head":"<!-- This site is optimized with the Yoast SEO Premium plugin v24.3 (Yoast SEO v26.7) - https:\/\/yoast.com\/wordpress\/plugins\/seo\/ -->\n<title>364LEDs 2010 Tunable White LED Strip High Density 10MM - ESSENLED<\/title>\n<meta name=\"description\" content=\"High-density 364LEDs 2010 tunable white LED strip lights, LED beads are very compact, reaching 364leds\/m, for intense and uniform illumination.\" \/>\n<meta name=\"robots\" content=\"index, follow, max-snippet:-1, max-image-preview:large, max-video-preview:-1\" \/>\n<link rel=\"canonical\" href=\"https:\/\/essenled.com\/fr\/produit\/364leds-2010-tunable-white-led-strip-high-density\/\" \/>\n<meta property=\"og:locale\" content=\"fr_FR\" \/>\n<meta property=\"og:type\" content=\"article\" \/>\n<meta property=\"og:title\" content=\"364LEDs 2010 Tunable White LED Strip High Density 10MM\" \/>\n<meta property=\"og:description\" content=\"High-density 364LEDs 2010 tunable white LED strip lights, LED beads are very compact, reaching 364leds\/m, for intense and uniform illumination.\" \/>\n<meta property=\"og:url\" content=\"https:\/\/essenled.com\/fr\/produit\/364leds-2010-tunable-white-led-strip-high-density\/\" \/>\n<meta property=\"og:site_name\" content=\"ESSENLED\" \/>\n<meta property=\"article:modified_time\" content=\"2024-05-31T02:47:27+00:00\" \/>\n<meta property=\"og:image\" content=\"https:\/\/essenled.com\/wp-content\/uploads\/2024\/02\/High-density-CCT-adjustable-LED-strip-1.webp\" \/>\n\t<meta property=\"og:image:width\" content=\"1000\" \/>\n\t<meta property=\"og:image:height\" content=\"1000\" \/>\n\t<meta property=\"og:image:type\" content=\"image\/webp\" \/>\n<meta name=\"twitter:card\" content=\"summary_large_image\" \/>\n<meta name=\"twitter:label1\" content=\"Dur\u00e9e de lecture estim\u00e9e\" \/>\n\t<meta name=\"twitter:data1\" content=\"1 minute\" \/>\n<script type=\"application\/ld+json\" class=\"yoast-schema-graph\">{\"@context\":\"https:\/\/schema.org\",\"@graph\":[{\"@type\":\"WebPage\",\"@id\":\"https:\/\/essenled.com\/product\/364leds-2010-tunable-white-led-strip-high-density\/\",\"url\":\"https:\/\/essenled.com\/product\/364leds-2010-tunable-white-led-strip-high-density\/\",\"name\":\"364LEDs 2010 Tunable White LED Strip High Density 10MM - ESSENLED\",\"isPartOf\":{\"@id\":\"https:\/\/essenled.com\/#website\"},\"primaryImageOfPage\":{\"@id\":\"https:\/\/essenled.com\/product\/364leds-2010-tunable-white-led-strip-high-density\/#primaryimage\"},\"image\":{\"@id\":\"https:\/\/essenled.com\/product\/364leds-2010-tunable-white-led-strip-high-density\/#primaryimage\"},\"thumbnailUrl\":\"https:\/\/essenled.com\/wp-content\/uploads\/2024\/02\/High-density-CCT-adjustable-LED-strip-1.webp\",\"datePublished\":\"2024-02-23T12:26:45+00:00\",\"dateModified\":\"2024-05-31T02:47:27+00:00\",\"description\":\"High-density 364LEDs 2010 tunable white LED strip lights, LED beads are very compact, reaching 364leds\/m, for intense and uniform illumination.\",\"breadcrumb\":{\"@id\":\"https:\/\/essenled.com\/product\/364leds-2010-tunable-white-led-strip-high-density\/#breadcrumb\"},\"inLanguage\":\"fr-FR\",\"potentialAction\":[{\"@type\":\"ReadAction\",\"target\":[\"https:\/\/essenled.com\/product\/364leds-2010-tunable-white-led-strip-high-density\/\"]}]},{\"@type\":\"ImageObject\",\"inLanguage\":\"fr-FR\",\"@id\":\"https:\/\/essenled.com\/product\/364leds-2010-tunable-white-led-strip-high-density\/#primaryimage\",\"url\":\"https:\/\/essenled.com\/wp-content\/uploads\/2024\/02\/High-density-CCT-adjustable-LED-strip-1.webp\",\"contentUrl\":\"https:\/\/essenled.com\/wp-content\/uploads\/2024\/02\/High-density-CCT-adjustable-LED-strip-1.webp\",\"width\":1000,\"height\":1000,\"caption\":\"High density CCT adjustable LED strip\"},{\"@type\":\"BreadcrumbList\",\"@id\":\"https:\/\/essenled.com\/product\/364leds-2010-tunable-white-led-strip-high-density\/#breadcrumb\",\"itemListElement\":[{\"@type\":\"ListItem\",\"position\":1,\"name\":\"Home\",\"item\":\"https:\/\/essenled.com\/\"},{\"@type\":\"ListItem\",\"position\":2,\"name\":\"Product\",\"item\":\"https:\/\/essenled.com\/fr\/product\/\"},{\"@type\":\"ListItem\",\"position\":3,\"name\":\"364LEDs 2010 Tunable White LED Strip High Density 10MM\"}]},{\"@type\":\"WebSite\",\"@id\":\"https:\/\/essenled.com\/#website\",\"url\":\"https:\/\/essenled.com\/\",\"name\":\"ESSENLED\",\"description\":\"\",\"publisher\":{\"@id\":\"https:\/\/essenled.com\/#organization\"},\"potentialAction\":[{\"@type\":\"SearchAction\",\"target\":{\"@type\":\"EntryPoint\",\"urlTemplate\":\"https:\/\/essenled.com\/?s={search_term_string}\"},\"query-input\":{\"@type\":\"PropertyValueSpecification\",\"valueRequired\":true,\"valueName\":\"search_term_string\"}}],\"inLanguage\":\"fr-FR\"},{\"@type\":\"Organization\",\"@id\":\"https:\/\/essenled.com\/#organization\",\"name\":\"ESSENLED\",\"url\":\"https:\/\/essenled.com\/\",\"logo\":{\"@type\":\"ImageObject\",\"inLanguage\":\"fr-FR\",\"@id\":\"https:\/\/essenled.com\/#\/schema\/logo\/image\/\",\"url\":\"https:\/\/essenled.com\/wp-content\/uploads\/2024\/01\/Essen-logo.png\",\"contentUrl\":\"https:\/\/essenled.com\/wp-content\/uploads\/2024\/01\/Essen-logo.png\",\"width\":800,\"height\":110,\"caption\":\"ESSENLED\"},\"image\":{\"@id\":\"https:\/\/essenled.com\/#\/schema\/logo\/image\/\"}}]}<\/script>\n<!-- \/ Yoast SEO Premium plugin. -->","yoast_head_json":{"title":"364LEDs 2010 Bande LED blanche accordable haute densit\u00e9 10MM - ESSENLED","description":"Bande LED blanche \u00e0 haute densit\u00e9 364LEDs 2010, les perles LED sont tr\u00e8s compactes, atteignant 364leds\/m, pour un \u00e9clairage intense et uniforme.","robots":{"index":"index","follow":"follow","max-snippet":"max-snippet:-1","max-image-preview":"max-image-preview:large","max-video-preview":"max-video-preview:-1"},"canonical":"https:\/\/essenled.com\/fr\/produit\/364leds-2010-tunable-white-led-strip-high-density\/","og_locale":"fr_FR","og_type":"article","og_title":"364LEDs 2010 Tunable White LED Strip High Density 10MM","og_description":"High-density 364LEDs 2010 tunable white LED strip lights, LED beads are very compact, reaching 364leds\/m, for intense and uniform illumination.","og_url":"https:\/\/essenled.com\/fr\/produit\/364leds-2010-tunable-white-led-strip-high-density\/","og_site_name":"ESSENLED","article_modified_time":"2024-05-31T02:47:27+00:00","og_image":[{"width":1000,"height":1000,"url":"https:\/\/essenled.com\/wp-content\/uploads\/2024\/02\/High-density-CCT-adjustable-LED-strip-1.webp","type":"image\/webp"}],"twitter_card":"summary_large_image","twitter_misc":{"Dur\u00e9e de lecture estim\u00e9e":"1 minute"},"schema":{"@context":"https:\/\/schema.org","@graph":[{"@type":"WebPage","@id":"https:\/\/essenled.com\/product\/364leds-2010-tunable-white-led-strip-high-density\/","url":"https:\/\/essenled.com\/product\/364leds-2010-tunable-white-led-strip-high-density\/","name":"364LEDs 2010 Bande LED blanche accordable haute densit\u00e9 10MM - ESSENLED","isPartOf":{"@id":"https:\/\/essenled.com\/#website"},"primaryImageOfPage":{"@id":"https:\/\/essenled.com\/product\/364leds-2010-tunable-white-led-strip-high-density\/#primaryimage"},"image":{"@id":"https:\/\/essenled.com\/product\/364leds-2010-tunable-white-led-strip-high-density\/#primaryimage"},"thumbnailUrl":"https:\/\/essenled.com\/wp-content\/uploads\/2024\/02\/High-density-CCT-adjustable-LED-strip-1.webp","datePublished":"2024-02-23T12:26:45+00:00","dateModified":"2024-05-31T02:47:27+00:00","description":"Bande LED blanche \u00e0 haute densit\u00e9 364LEDs 2010, les perles LED sont tr\u00e8s compactes, atteignant 364leds\/m, pour un \u00e9clairage intense et uniforme.","breadcrumb":{"@id":"https:\/\/essenled.com\/product\/364leds-2010-tunable-white-led-strip-high-density\/#breadcrumb"},"inLanguage":"fr-FR","potentialAction":[{"@type":"ReadAction","target":["https:\/\/essenled.com\/product\/364leds-2010-tunable-white-led-strip-high-density\/"]}]},{"@type":"ImageObject","inLanguage":"fr-FR","@id":"https:\/\/essenled.com\/product\/364leds-2010-tunable-white-led-strip-high-density\/#primaryimage","url":"https:\/\/essenled.com\/wp-content\/uploads\/2024\/02\/High-density-CCT-adjustable-LED-strip-1.webp","contentUrl":"https:\/\/essenled.com\/wp-content\/uploads\/2024\/02\/High-density-CCT-adjustable-LED-strip-1.webp","width":1000,"height":1000,"caption":"High density CCT adjustable LED strip"},{"@type":"BreadcrumbList","@id":"https:\/\/essenled.com\/product\/364leds-2010-tunable-white-led-strip-high-density\/#breadcrumb","itemListElement":[{"@type":"ListItem","position":1,"name":"Home","item":"https:\/\/essenled.com\/"},{"@type":"ListItem","position":2,"name":"Product","item":"https:\/\/essenled.com\/fr\/product\/"},{"@type":"ListItem","position":3,"name":"364LEDs 2010 Tunable White LED Strip High Density 10MM"}]},{"@type":"WebSite","@id":"https:\/\/essenled.com\/#website","url":"https:\/\/essenled.com\/","name":"ESSENLED","description":"","publisher":{"@id":"https:\/\/essenled.com\/#organization"},"potentialAction":[{"@type":"SearchAction","target":{"@type":"EntryPoint","urlTemplate":"https:\/\/essenled.com\/?s={search_term_string}"},"query-input":{"@type":"PropertyValueSpecification","valueRequired":true,"valueName":"search_term_string"}}],"inLanguage":"fr-FR"},{"@type":"Organization","@id":"https:\/\/essenled.com\/#organization","name":"ESSENLED","url":"https:\/\/essenled.com\/","logo":{"@type":"ImageObject","inLanguage":"fr-FR","@id":"https:\/\/essenled.com\/#\/schema\/logo\/image\/","url":"https:\/\/essenled.com\/wp-content\/uploads\/2024\/01\/Essen-logo.png","contentUrl":"https:\/\/essenled.com\/wp-content\/uploads\/2024\/01\/Essen-logo.png","width":800,"height":110,"caption":"ESSENLED"},"image":{"@id":"https:\/\/essenled.com\/#\/schema\/logo\/image\/"}}]}},"_links":{"self":[{"href":"https:\/\/essenled.com\/fr\/wp-json\/wp\/v2\/product\/1075","targetHints":{"allow":["GET"]}}],"collection":[{"href":"https:\/\/essenled.com\/fr\/wp-json\/wp\/v2\/product"}],"about":[{"href":"https:\/\/essenled.com\/fr\/wp-json\/wp\/v2\/types\/product"}],"version-history":[{"count":2,"href":"https:\/\/essenled.com\/fr\/wp-json\/wp\/v2\/product\/1075\/revisions"}],"predecessor-version":[{"id":2094,"href":"https:\/\/essenled.com\/fr\/wp-json\/wp\/v2\/product\/1075\/revisions\/2094"}],"wp:featuredmedia":[{"embeddable":true,"href":"https:\/\/essenled.com\/fr\/wp-json\/wp\/v2\/media\/2092"}],"wp:attachment":[{"href":"https:\/\/essenled.com\/fr\/wp-json\/wp\/v2\/media?parent=1075"}],"wp:term":[{"taxonomy":"product_brand","embeddable":true,"href":"https:\/\/essenled.com\/fr\/wp-json\/wp\/v2\/product_brand?post=1075"},{"taxonomy":"product_cat","embeddable":true,"href":"https:\/\/essenled.com\/fr\/wp-json\/wp\/v2\/product_cat?post=1075"},{"taxonomy":"product_tag","embeddable":true,"href":"https:\/\/essenled.com\/fr\/wp-json\/wp\/v2\/product_tag?post=1075"}],"curies":[{"name":"wp","href":"https:\/\/api.w.org\/{rel}","templated":true}]}}