{"id":995,"date":"2024-02-22T06:04:18","date_gmt":"2024-02-22T06:04:18","guid":{"rendered":"https:\/\/essenled.com\/?post_type=product&#038;p=995"},"modified":"2024-05-30T03:51:40","modified_gmt":"2024-05-30T03:51:40","slug":"240leds-2216-led-strip-lights-24v","status":"publish","type":"product","link":"https:\/\/essenled.com\/fi\/tuote\/240leds-2216-led-strip-lights-24v\/","title":{"rendered":"2216 LED-valonauhat sarja 240LEDs 19.2W 24V 24V"},"content":{"rendered":"","protected":false},"excerpt":{"rendered":"<p>SMD2216 240LEDs LED-nauhavalot, joissa on suuri tiheys, ylpeilev\u00e4t kompaktilla LED-j\u00e4rjestelyll\u00e4, ja ne voivat tuottaa korkeampaa valovoimaa 19,2 w\/m ilman havaittavia pimeit\u00e4 alueita.<\/p>\n<p>SMD2216 240LEDs LED-nauha kuluttaa 19,2W per metri, ja sen kapea 10mm levyn leveys takaa vakauden ja tehokkaan l\u00e4mm\u00f6npoiston LEDeille. Se sopii useimpiin valaistusprojekteihin.<\/p>\n<p>Se toimii ainoastaan 24 voltin tasavirtaj\u00e4nnitteell\u00e4 ja tarjoaa turvallisuutta, joustavuutta, yhteensopivuutta, himmennett\u00e4vyytt\u00e4, j\u00e4nniteh\u00e4vi\u00f6n pienent\u00e4mist\u00e4 ja et\u00e4k\u00e4ytt\u00f6\u00e4.<\/p>\n<p>SMD2216 240LEDs LED-nauhan korkea CRI90+-luokitus korostaa sen erinomaisia v\u00e4rintoisto-ominaisuuksia, jotka takaavat tarkan v\u00e4rintoiston luonnollisen valon tapaan ja tarjoavat optimaalisen v\u00e4ritarkkuuden ja -selkeyden.<\/p>","protected":false},"featured_media":2072,"template":"","meta":{"_kad_post_transparent":"default","_kad_post_title":"","_kad_post_layout":"default","_kad_post_sidebar_id":"","_kad_post_content_style":"default","_kad_post_vertical_padding":"default","_kad_post_feature":"","_kad_post_feature_position":"","_kad_post_header":false,"_kad_post_footer":false,"_kad_post_classname":""},"product_brand":[],"product_cat":[29,766],"product_tag":[273,276,275,277,274],"class_list":{"0":"post-995","1":"product","2":"type-product","3":"status-publish","4":"has-post-thumbnail","6":"product_cat-led-strip","7":"product_cat-single-color-series","8":"product_tag-2216-led-strip-240leds","9":"product_tag-240leds-19-2w-cri90","10":"product_tag-240leds-high-density-cri90","11":"product_tag-high-density-19-2w-240leds","12":"product_tag-smd2216-240leds-19-2w","14":"first","15":"instock","16":"shipping-taxable","17":"product-type-simple","18":"entry","19":"content-bg","20":"loop-entry"},"yoast_head":"<!-- This site is optimized with the Yoast SEO Premium plugin v24.3 (Yoast SEO v26.7) - https:\/\/yoast.com\/wordpress\/plugins\/seo\/ -->\n<title>2216 LED Strip Lights Series 240LEDs 19.2W 24V - ESSENLED<\/title>\n<meta name=\"description\" content=\"2216 240LEDs LED strip lights with high density boast a compact LED arrangement, heightened luminosity 19.2w without discernible dark areas.\" \/>\n<meta name=\"robots\" content=\"index, follow, max-snippet:-1, max-image-preview:large, max-video-preview:-1\" \/>\n<link rel=\"canonical\" href=\"https:\/\/essenled.com\/fi\/tuote\/240leds-2216-led-strip-lights-24v\/\" \/>\n<meta property=\"og:locale\" content=\"fi_FI\" \/>\n<meta property=\"og:type\" content=\"article\" \/>\n<meta property=\"og:title\" content=\"2216 LED Strip Lights Series 240LEDs 19.2W 24V\" \/>\n<meta property=\"og:description\" content=\"2216 240LEDs LED strip lights with high density boast a compact LED arrangement, heightened luminosity 19.2w without discernible dark areas.\" \/>\n<meta property=\"og:url\" content=\"https:\/\/essenled.com\/fi\/tuote\/240leds-2216-led-strip-lights-24v\/\" \/>\n<meta property=\"og:site_name\" content=\"ESSENLED\" \/>\n<meta property=\"article:modified_time\" content=\"2024-05-30T03:51:40+00:00\" \/>\n<meta property=\"og:image\" content=\"https:\/\/essenled.com\/wp-content\/uploads\/2024\/02\/SMD2216-240led-meter-strip-light-1.webp\" \/>\n\t<meta property=\"og:image:width\" content=\"1000\" \/>\n\t<meta property=\"og:image:height\" content=\"1000\" \/>\n\t<meta property=\"og:image:type\" content=\"image\/webp\" \/>\n<meta name=\"twitter:card\" content=\"summary_large_image\" \/>\n<meta name=\"twitter:label1\" content=\"Arvioitu lukuaika\" \/>\n\t<meta name=\"twitter:data1\" content=\"1 minuutti\" \/>\n<script type=\"application\/ld+json\" class=\"yoast-schema-graph\">{\"@context\":\"https:\/\/schema.org\",\"@graph\":[{\"@type\":\"WebPage\",\"@id\":\"https:\/\/essenled.com\/product\/240leds-2216-led-strip-lights-24v\/\",\"url\":\"https:\/\/essenled.com\/product\/240leds-2216-led-strip-lights-24v\/\",\"name\":\"2216 LED Strip Lights Series 240LEDs 19.2W 24V - ESSENLED\",\"isPartOf\":{\"@id\":\"https:\/\/essenled.com\/#website\"},\"primaryImageOfPage\":{\"@id\":\"https:\/\/essenled.com\/product\/240leds-2216-led-strip-lights-24v\/#primaryimage\"},\"image\":{\"@id\":\"https:\/\/essenled.com\/product\/240leds-2216-led-strip-lights-24v\/#primaryimage\"},\"thumbnailUrl\":\"https:\/\/essenled.com\/wp-content\/uploads\/2024\/02\/SMD2216-240led-meter-strip-light-1.webp\",\"datePublished\":\"2024-02-22T06:04:18+00:00\",\"dateModified\":\"2024-05-30T03:51:40+00:00\",\"description\":\"2216 240LEDs LED strip lights with high density boast a compact LED arrangement, heightened luminosity 19.2w without discernible dark areas.\",\"breadcrumb\":{\"@id\":\"https:\/\/essenled.com\/product\/240leds-2216-led-strip-lights-24v\/#breadcrumb\"},\"inLanguage\":\"fi\",\"potentialAction\":[{\"@type\":\"ReadAction\",\"target\":[\"https:\/\/essenled.com\/product\/240leds-2216-led-strip-lights-24v\/\"]}]},{\"@type\":\"ImageObject\",\"inLanguage\":\"fi\",\"@id\":\"https:\/\/essenled.com\/product\/240leds-2216-led-strip-lights-24v\/#primaryimage\",\"url\":\"https:\/\/essenled.com\/wp-content\/uploads\/2024\/02\/SMD2216-240led-meter-strip-light-1.webp\",\"contentUrl\":\"https:\/\/essenled.com\/wp-content\/uploads\/2024\/02\/SMD2216-240led-meter-strip-light-1.webp\",\"width\":1000,\"height\":1000,\"caption\":\"SMD2216 240led meter strip light\"},{\"@type\":\"BreadcrumbList\",\"@id\":\"https:\/\/essenled.com\/product\/240leds-2216-led-strip-lights-24v\/#breadcrumb\",\"itemListElement\":[{\"@type\":\"ListItem\",\"position\":1,\"name\":\"Home\",\"item\":\"https:\/\/essenled.com\/\"},{\"@type\":\"ListItem\",\"position\":2,\"name\":\"Product\",\"item\":\"https:\/\/essenled.com\/fr\/product\/\"},{\"@type\":\"ListItem\",\"position\":3,\"name\":\"2216 LED Strip Lights Series 240LEDs 19.2W 24V\"}]},{\"@type\":\"WebSite\",\"@id\":\"https:\/\/essenled.com\/#website\",\"url\":\"https:\/\/essenled.com\/\",\"name\":\"ESSENLED\",\"description\":\"\",\"publisher\":{\"@id\":\"https:\/\/essenled.com\/#organization\"},\"potentialAction\":[{\"@type\":\"SearchAction\",\"target\":{\"@type\":\"EntryPoint\",\"urlTemplate\":\"https:\/\/essenled.com\/?s={search_term_string}\"},\"query-input\":{\"@type\":\"PropertyValueSpecification\",\"valueRequired\":true,\"valueName\":\"search_term_string\"}}],\"inLanguage\":\"fi\"},{\"@type\":\"Organization\",\"@id\":\"https:\/\/essenled.com\/#organization\",\"name\":\"ESSENLED\",\"url\":\"https:\/\/essenled.com\/\",\"logo\":{\"@type\":\"ImageObject\",\"inLanguage\":\"fi\",\"@id\":\"https:\/\/essenled.com\/#\/schema\/logo\/image\/\",\"url\":\"https:\/\/essenled.com\/wp-content\/uploads\/2024\/01\/Essen-logo.png\",\"contentUrl\":\"https:\/\/essenled.com\/wp-content\/uploads\/2024\/01\/Essen-logo.png\",\"width\":800,\"height\":110,\"caption\":\"ESSENLED\"},\"image\":{\"@id\":\"https:\/\/essenled.com\/#\/schema\/logo\/image\/\"}}]}<\/script>\n<!-- \/ Yoast SEO Premium plugin. -->","yoast_head_json":{"title":"2216 LED-valonauhat sarja 240LEDs 19.2W 24V - ESSENLED","description":"2216 240LEDs LED-valonauhat, joissa on suuri tiheys, ylpeill\u00e4 kompaktilla LED-j\u00e4rjestelyll\u00e4, korotetulla valovoimalla 19,2 w ilman havaittavia pimeit\u00e4 alueita.","robots":{"index":"index","follow":"follow","max-snippet":"max-snippet:-1","max-image-preview":"max-image-preview:large","max-video-preview":"max-video-preview:-1"},"canonical":"https:\/\/essenled.com\/fi\/tuote\/240leds-2216-led-strip-lights-24v\/","og_locale":"fi_FI","og_type":"article","og_title":"2216 LED Strip Lights Series 240LEDs 19.2W 24V","og_description":"2216 240LEDs LED strip lights with high density boast a compact LED arrangement, heightened luminosity 19.2w without discernible dark areas.","og_url":"https:\/\/essenled.com\/fi\/tuote\/240leds-2216-led-strip-lights-24v\/","og_site_name":"ESSENLED","article_modified_time":"2024-05-30T03:51:40+00:00","og_image":[{"width":1000,"height":1000,"url":"https:\/\/essenled.com\/wp-content\/uploads\/2024\/02\/SMD2216-240led-meter-strip-light-1.webp","type":"image\/webp"}],"twitter_card":"summary_large_image","twitter_misc":{"Arvioitu lukuaika":"1 minuutti"},"schema":{"@context":"https:\/\/schema.org","@graph":[{"@type":"WebPage","@id":"https:\/\/essenled.com\/product\/240leds-2216-led-strip-lights-24v\/","url":"https:\/\/essenled.com\/product\/240leds-2216-led-strip-lights-24v\/","name":"2216 LED-valonauhat sarja 240LEDs 19.2W 24V - ESSENLED","isPartOf":{"@id":"https:\/\/essenled.com\/#website"},"primaryImageOfPage":{"@id":"https:\/\/essenled.com\/product\/240leds-2216-led-strip-lights-24v\/#primaryimage"},"image":{"@id":"https:\/\/essenled.com\/product\/240leds-2216-led-strip-lights-24v\/#primaryimage"},"thumbnailUrl":"https:\/\/essenled.com\/wp-content\/uploads\/2024\/02\/SMD2216-240led-meter-strip-light-1.webp","datePublished":"2024-02-22T06:04:18+00:00","dateModified":"2024-05-30T03:51:40+00:00","description":"2216 240LEDs LED-valonauhat, joissa on suuri tiheys, ylpeill\u00e4 kompaktilla LED-j\u00e4rjestelyll\u00e4, korotetulla valovoimalla 19,2 w ilman havaittavia pimeit\u00e4 alueita.","breadcrumb":{"@id":"https:\/\/essenled.com\/product\/240leds-2216-led-strip-lights-24v\/#breadcrumb"},"inLanguage":"fi","potentialAction":[{"@type":"ReadAction","target":["https:\/\/essenled.com\/product\/240leds-2216-led-strip-lights-24v\/"]}]},{"@type":"ImageObject","inLanguage":"fi","@id":"https:\/\/essenled.com\/product\/240leds-2216-led-strip-lights-24v\/#primaryimage","url":"https:\/\/essenled.com\/wp-content\/uploads\/2024\/02\/SMD2216-240led-meter-strip-light-1.webp","contentUrl":"https:\/\/essenled.com\/wp-content\/uploads\/2024\/02\/SMD2216-240led-meter-strip-light-1.webp","width":1000,"height":1000,"caption":"SMD2216 240led meter strip light"},{"@type":"BreadcrumbList","@id":"https:\/\/essenled.com\/product\/240leds-2216-led-strip-lights-24v\/#breadcrumb","itemListElement":[{"@type":"ListItem","position":1,"name":"Home","item":"https:\/\/essenled.com\/"},{"@type":"ListItem","position":2,"name":"Product","item":"https:\/\/essenled.com\/fr\/product\/"},{"@type":"ListItem","position":3,"name":"2216 LED Strip Lights Series 240LEDs 19.2W 24V"}]},{"@type":"WebSite","@id":"https:\/\/essenled.com\/#website","url":"https:\/\/essenled.com\/","name":"ESSENLED","description":"","publisher":{"@id":"https:\/\/essenled.com\/#organization"},"potentialAction":[{"@type":"SearchAction","target":{"@type":"EntryPoint","urlTemplate":"https:\/\/essenled.com\/?s={search_term_string}"},"query-input":{"@type":"PropertyValueSpecification","valueRequired":true,"valueName":"search_term_string"}}],"inLanguage":"fi"},{"@type":"Organization","@id":"https:\/\/essenled.com\/#organization","name":"ESSENLED","url":"https:\/\/essenled.com\/","logo":{"@type":"ImageObject","inLanguage":"fi","@id":"https:\/\/essenled.com\/#\/schema\/logo\/image\/","url":"https:\/\/essenled.com\/wp-content\/uploads\/2024\/01\/Essen-logo.png","contentUrl":"https:\/\/essenled.com\/wp-content\/uploads\/2024\/01\/Essen-logo.png","width":800,"height":110,"caption":"ESSENLED"},"image":{"@id":"https:\/\/essenled.com\/#\/schema\/logo\/image\/"}}]}},"_links":{"self":[{"href":"https:\/\/essenled.com\/fi\/wp-json\/wp\/v2\/product\/995","targetHints":{"allow":["GET"]}}],"collection":[{"href":"https:\/\/essenled.com\/fi\/wp-json\/wp\/v2\/product"}],"about":[{"href":"https:\/\/essenled.com\/fi\/wp-json\/wp\/v2\/types\/product"}],"version-history":[{"count":2,"href":"https:\/\/essenled.com\/fi\/wp-json\/wp\/v2\/product\/995\/revisions"}],"predecessor-version":[{"id":2073,"href":"https:\/\/essenled.com\/fi\/wp-json\/wp\/v2\/product\/995\/revisions\/2073"}],"wp:featuredmedia":[{"embeddable":true,"href":"https:\/\/essenled.com\/fi\/wp-json\/wp\/v2\/media\/2072"}],"wp:attachment":[{"href":"https:\/\/essenled.com\/fi\/wp-json\/wp\/v2\/media?parent=995"}],"wp:term":[{"taxonomy":"product_brand","embeddable":true,"href":"https:\/\/essenled.com\/fi\/wp-json\/wp\/v2\/product_brand?post=995"},{"taxonomy":"product_cat","embeddable":true,"href":"https:\/\/essenled.com\/fi\/wp-json\/wp\/v2\/product_cat?post=995"},{"taxonomy":"product_tag","embeddable":true,"href":"https:\/\/essenled.com\/fi\/wp-json\/wp\/v2\/product_tag?post=995"}],"curies":[{"name":"wp","href":"https:\/\/api.w.org\/{rel}","templated":true}]}}