{"id":911,"date":"2024-02-18T05:26:42","date_gmt":"2024-02-18T05:26:42","guid":{"rendered":"https:\/\/essenled.com\/?post_type=product&#038;p=911"},"modified":"2024-05-30T04:15:12","modified_gmt":"2024-05-30T04:15:12","slug":"high-density-700leds-2010-led-strip-dotless","status":"publish","type":"product","link":"https:\/\/essenled.com\/fi\/tuote\/high-density-700leds-2010-led-strip-dotless\/","title":{"rendered":"Korkea tiheys 700LEDs 2010 LED Strip Dotless 20W"},"content":{"rendered":"","protected":false},"excerpt":{"rendered":"<p>High-density SMD 2010 700leds per metri LED-valonauhat ylpeill\u00e4 vaikuttava 700 LEDi\u00e4 per metri. T\u00e4m\u00e4 on eritt\u00e4in kompakti LED-nauhavalaisin, ja sen pistem\u00e4inen rakenne takaa tasaisen valaistuksen.<\/p>\n<p>SMD 2010 700leds per metri LED-nauhavalot, joilla on suuri tiheys, jopa 20w \/ m, vain 24 volttia ovat valinnaisia. Sen suuri tiheys ja poikkeuksellinen kirkkaus tekev\u00e4t siit\u00e4 sopivan erilaisiin sovelluksiin.<\/p>\n<p>Jopa 700 ledi\u00e4 metri\u00e4 kohden kapealla 10 mm:n piirilevyll\u00e4. Joten sinun on kiinnitett\u00e4v\u00e4 erityist\u00e4 huomiota l\u00e4mm\u00f6n haihduttamiseen ja sinun on k\u00e4ytett\u00e4v\u00e4 LED-alumiiniprofiileja, jotta LED-nauhat voivat haihduttaa l\u00e4mp\u00f6\u00e4 ja s\u00e4ilytt\u00e4\u00e4 terveen tilan koko ajan.<\/p>\n<p>CRI95:n ansiosta t\u00e4m\u00e4 LED-nauha tarjoaa tarkan v\u00e4rintoiston, joka muistuttaa luonnollista auringonvaloa, joten se soveltuu korkealaatuisiin ja korkealaatuisiin valaistusprojekteihin.<\/p>","protected":false},"featured_media":2074,"template":"","meta":{"_kad_post_transparent":"default","_kad_post_title":"","_kad_post_layout":"default","_kad_post_sidebar_id":"","_kad_post_content_style":"default","_kad_post_vertical_padding":"default","_kad_post_feature":"","_kad_post_feature_position":"","_kad_post_header":false,"_kad_post_footer":false,"_kad_post_classname":""},"product_brand":[],"product_cat":[29,766],"product_tag":[220,218,217,216,219],"class_list":{"0":"post-911","1":"product","2":"type-product","3":"status-publish","4":"has-post-thumbnail","6":"product_cat-led-strip","7":"product_cat-single-color-series","8":"product_tag-1808-700leds-20w-cri95","9":"product_tag-2010-led-strip-700leds","10":"product_tag-dot-less-led-strip-700leds","11":"product_tag-flexible-strip-1808-700leds","12":"product_tag-high-density-700leds-20w","14":"first","15":"instock","16":"shipping-taxable","17":"product-type-simple","18":"entry","19":"content-bg","20":"loop-entry"},"yoast_head":"<!-- This site is optimized with the Yoast SEO Premium plugin v24.3 (Yoast SEO v26.7) - https:\/\/yoast.com\/wordpress\/plugins\/seo\/ -->\n<title>High Density 700LEDs 2010 LED Strip Dotless 20W - ESSENLED<\/title>\n<meta name=\"description\" content=\"High-density SMD 2010 700leds\/m LED strip lights boast an impressive 700 LEDs per meter, and its dotless design ensures uniform illumination.\" \/>\n<meta name=\"robots\" content=\"index, follow, max-snippet:-1, max-image-preview:large, max-video-preview:-1\" \/>\n<link rel=\"canonical\" href=\"https:\/\/essenled.com\/fi\/tuote\/high-density-700leds-2010-led-strip-dotless\/\" \/>\n<meta property=\"og:locale\" content=\"fi_FI\" \/>\n<meta property=\"og:type\" content=\"article\" \/>\n<meta property=\"og:title\" content=\"High Density 700LEDs 2010 LED Strip Dotless 20W\" \/>\n<meta property=\"og:description\" content=\"High-density SMD 2010 700leds\/m LED strip lights boast an impressive 700 LEDs per meter, and its dotless design ensures uniform illumination.\" \/>\n<meta property=\"og:url\" content=\"https:\/\/essenled.com\/fi\/tuote\/high-density-700leds-2010-led-strip-dotless\/\" \/>\n<meta property=\"og:site_name\" content=\"ESSENLED\" \/>\n<meta property=\"article:modified_time\" content=\"2024-05-30T04:15:12+00:00\" \/>\n<meta property=\"og:image\" content=\"https:\/\/essenled.com\/wp-content\/uploads\/2024\/02\/2010-Led-Strip-700led-Strip-1.webp\" \/>\n\t<meta property=\"og:image:width\" content=\"1000\" \/>\n\t<meta property=\"og:image:height\" content=\"1000\" \/>\n\t<meta property=\"og:image:type\" content=\"image\/webp\" \/>\n<meta name=\"twitter:card\" content=\"summary_large_image\" \/>\n<meta name=\"twitter:label1\" content=\"Arvioitu lukuaika\" \/>\n\t<meta name=\"twitter:data1\" content=\"1 minuutti\" \/>\n<script type=\"application\/ld+json\" class=\"yoast-schema-graph\">{\"@context\":\"https:\/\/schema.org\",\"@graph\":[{\"@type\":\"WebPage\",\"@id\":\"https:\/\/essenled.com\/product\/high-density-700leds-2010-led-strip-dotless\/\",\"url\":\"https:\/\/essenled.com\/product\/high-density-700leds-2010-led-strip-dotless\/\",\"name\":\"High Density 700LEDs 2010 LED Strip Dotless 20W - ESSENLED\",\"isPartOf\":{\"@id\":\"https:\/\/essenled.com\/#website\"},\"primaryImageOfPage\":{\"@id\":\"https:\/\/essenled.com\/product\/high-density-700leds-2010-led-strip-dotless\/#primaryimage\"},\"image\":{\"@id\":\"https:\/\/essenled.com\/product\/high-density-700leds-2010-led-strip-dotless\/#primaryimage\"},\"thumbnailUrl\":\"https:\/\/essenled.com\/wp-content\/uploads\/2024\/02\/2010-Led-Strip-700led-Strip-1.webp\",\"datePublished\":\"2024-02-18T05:26:42+00:00\",\"dateModified\":\"2024-05-30T04:15:12+00:00\",\"description\":\"High-density SMD 2010 700leds\/m LED strip lights boast an impressive 700 LEDs per meter, and its dotless design ensures uniform illumination.\",\"breadcrumb\":{\"@id\":\"https:\/\/essenled.com\/product\/high-density-700leds-2010-led-strip-dotless\/#breadcrumb\"},\"inLanguage\":\"fi\",\"potentialAction\":[{\"@type\":\"ReadAction\",\"target\":[\"https:\/\/essenled.com\/product\/high-density-700leds-2010-led-strip-dotless\/\"]}]},{\"@type\":\"ImageObject\",\"inLanguage\":\"fi\",\"@id\":\"https:\/\/essenled.com\/product\/high-density-700leds-2010-led-strip-dotless\/#primaryimage\",\"url\":\"https:\/\/essenled.com\/wp-content\/uploads\/2024\/02\/2010-Led-Strip-700led-Strip-1.webp\",\"contentUrl\":\"https:\/\/essenled.com\/wp-content\/uploads\/2024\/02\/2010-Led-Strip-700led-Strip-1.webp\",\"width\":1000,\"height\":1000,\"caption\":\"2010 Led Strip 700led Strip\"},{\"@type\":\"BreadcrumbList\",\"@id\":\"https:\/\/essenled.com\/product\/high-density-700leds-2010-led-strip-dotless\/#breadcrumb\",\"itemListElement\":[{\"@type\":\"ListItem\",\"position\":1,\"name\":\"Home\",\"item\":\"https:\/\/essenled.com\/\"},{\"@type\":\"ListItem\",\"position\":2,\"name\":\"Product\",\"item\":\"https:\/\/essenled.com\/fr\/product\/\"},{\"@type\":\"ListItem\",\"position\":3,\"name\":\"High Density 700LEDs 2010 LED Strip Dotless 20W\"}]},{\"@type\":\"WebSite\",\"@id\":\"https:\/\/essenled.com\/#website\",\"url\":\"https:\/\/essenled.com\/\",\"name\":\"ESSENLED\",\"description\":\"\",\"publisher\":{\"@id\":\"https:\/\/essenled.com\/#organization\"},\"potentialAction\":[{\"@type\":\"SearchAction\",\"target\":{\"@type\":\"EntryPoint\",\"urlTemplate\":\"https:\/\/essenled.com\/?s={search_term_string}\"},\"query-input\":{\"@type\":\"PropertyValueSpecification\",\"valueRequired\":true,\"valueName\":\"search_term_string\"}}],\"inLanguage\":\"fi\"},{\"@type\":\"Organization\",\"@id\":\"https:\/\/essenled.com\/#organization\",\"name\":\"ESSENLED\",\"url\":\"https:\/\/essenled.com\/\",\"logo\":{\"@type\":\"ImageObject\",\"inLanguage\":\"fi\",\"@id\":\"https:\/\/essenled.com\/#\/schema\/logo\/image\/\",\"url\":\"https:\/\/essenled.com\/wp-content\/uploads\/2024\/01\/Essen-logo.png\",\"contentUrl\":\"https:\/\/essenled.com\/wp-content\/uploads\/2024\/01\/Essen-logo.png\",\"width\":800,\"height\":110,\"caption\":\"ESSENLED\"},\"image\":{\"@id\":\"https:\/\/essenled.com\/#\/schema\/logo\/image\/\"}}]}<\/script>\n<!-- \/ Yoast SEO Premium plugin. -->","yoast_head_json":{"title":"Korkea tiheys 700LEDs 2010 LED Strip Dotless 20W - ESSENLED","description":"High-density SMD 2010 700leds\/m LED-nauhavalaisimissa on vaikuttava 700 LEDi\u00e4 metrill\u00e4, ja sen pisteet\u00f6n muotoilu takaa tasaisen valaistuksen.","robots":{"index":"index","follow":"follow","max-snippet":"max-snippet:-1","max-image-preview":"max-image-preview:large","max-video-preview":"max-video-preview:-1"},"canonical":"https:\/\/essenled.com\/fi\/tuote\/high-density-700leds-2010-led-strip-dotless\/","og_locale":"fi_FI","og_type":"article","og_title":"High Density 700LEDs 2010 LED Strip Dotless 20W","og_description":"High-density SMD 2010 700leds\/m LED strip lights boast an impressive 700 LEDs per meter, and its dotless design ensures uniform illumination.","og_url":"https:\/\/essenled.com\/fi\/tuote\/high-density-700leds-2010-led-strip-dotless\/","og_site_name":"ESSENLED","article_modified_time":"2024-05-30T04:15:12+00:00","og_image":[{"width":1000,"height":1000,"url":"https:\/\/essenled.com\/wp-content\/uploads\/2024\/02\/2010-Led-Strip-700led-Strip-1.webp","type":"image\/webp"}],"twitter_card":"summary_large_image","twitter_misc":{"Arvioitu lukuaika":"1 minuutti"},"schema":{"@context":"https:\/\/schema.org","@graph":[{"@type":"WebPage","@id":"https:\/\/essenled.com\/product\/high-density-700leds-2010-led-strip-dotless\/","url":"https:\/\/essenled.com\/product\/high-density-700leds-2010-led-strip-dotless\/","name":"Korkea tiheys 700LEDs 2010 LED Strip Dotless 20W - ESSENLED","isPartOf":{"@id":"https:\/\/essenled.com\/#website"},"primaryImageOfPage":{"@id":"https:\/\/essenled.com\/product\/high-density-700leds-2010-led-strip-dotless\/#primaryimage"},"image":{"@id":"https:\/\/essenled.com\/product\/high-density-700leds-2010-led-strip-dotless\/#primaryimage"},"thumbnailUrl":"https:\/\/essenled.com\/wp-content\/uploads\/2024\/02\/2010-Led-Strip-700led-Strip-1.webp","datePublished":"2024-02-18T05:26:42+00:00","dateModified":"2024-05-30T04:15:12+00:00","description":"High-density SMD 2010 700leds\/m LED-nauhavalaisimissa on vaikuttava 700 LEDi\u00e4 metrill\u00e4, ja sen pisteet\u00f6n muotoilu takaa tasaisen valaistuksen.","breadcrumb":{"@id":"https:\/\/essenled.com\/product\/high-density-700leds-2010-led-strip-dotless\/#breadcrumb"},"inLanguage":"fi","potentialAction":[{"@type":"ReadAction","target":["https:\/\/essenled.com\/product\/high-density-700leds-2010-led-strip-dotless\/"]}]},{"@type":"ImageObject","inLanguage":"fi","@id":"https:\/\/essenled.com\/product\/high-density-700leds-2010-led-strip-dotless\/#primaryimage","url":"https:\/\/essenled.com\/wp-content\/uploads\/2024\/02\/2010-Led-Strip-700led-Strip-1.webp","contentUrl":"https:\/\/essenled.com\/wp-content\/uploads\/2024\/02\/2010-Led-Strip-700led-Strip-1.webp","width":1000,"height":1000,"caption":"2010 Led Strip 700led Strip"},{"@type":"BreadcrumbList","@id":"https:\/\/essenled.com\/product\/high-density-700leds-2010-led-strip-dotless\/#breadcrumb","itemListElement":[{"@type":"ListItem","position":1,"name":"Home","item":"https:\/\/essenled.com\/"},{"@type":"ListItem","position":2,"name":"Product","item":"https:\/\/essenled.com\/fr\/product\/"},{"@type":"ListItem","position":3,"name":"High Density 700LEDs 2010 LED Strip Dotless 20W"}]},{"@type":"WebSite","@id":"https:\/\/essenled.com\/#website","url":"https:\/\/essenled.com\/","name":"ESSENLED","description":"","publisher":{"@id":"https:\/\/essenled.com\/#organization"},"potentialAction":[{"@type":"SearchAction","target":{"@type":"EntryPoint","urlTemplate":"https:\/\/essenled.com\/?s={search_term_string}"},"query-input":{"@type":"PropertyValueSpecification","valueRequired":true,"valueName":"search_term_string"}}],"inLanguage":"fi"},{"@type":"Organization","@id":"https:\/\/essenled.com\/#organization","name":"ESSENLED","url":"https:\/\/essenled.com\/","logo":{"@type":"ImageObject","inLanguage":"fi","@id":"https:\/\/essenled.com\/#\/schema\/logo\/image\/","url":"https:\/\/essenled.com\/wp-content\/uploads\/2024\/01\/Essen-logo.png","contentUrl":"https:\/\/essenled.com\/wp-content\/uploads\/2024\/01\/Essen-logo.png","width":800,"height":110,"caption":"ESSENLED"},"image":{"@id":"https:\/\/essenled.com\/#\/schema\/logo\/image\/"}}]}},"_links":{"self":[{"href":"https:\/\/essenled.com\/fi\/wp-json\/wp\/v2\/product\/911","targetHints":{"allow":["GET"]}}],"collection":[{"href":"https:\/\/essenled.com\/fi\/wp-json\/wp\/v2\/product"}],"about":[{"href":"https:\/\/essenled.com\/fi\/wp-json\/wp\/v2\/types\/product"}],"version-history":[{"count":1,"href":"https:\/\/essenled.com\/fi\/wp-json\/wp\/v2\/product\/911\/revisions"}],"predecessor-version":[{"id":918,"href":"https:\/\/essenled.com\/fi\/wp-json\/wp\/v2\/product\/911\/revisions\/918"}],"wp:featuredmedia":[{"embeddable":true,"href":"https:\/\/essenled.com\/fi\/wp-json\/wp\/v2\/media\/2074"}],"wp:attachment":[{"href":"https:\/\/essenled.com\/fi\/wp-json\/wp\/v2\/media?parent=911"}],"wp:term":[{"taxonomy":"product_brand","embeddable":true,"href":"https:\/\/essenled.com\/fi\/wp-json\/wp\/v2\/product_brand?post=911"},{"taxonomy":"product_cat","embeddable":true,"href":"https:\/\/essenled.com\/fi\/wp-json\/wp\/v2\/product_cat?post=911"},{"taxonomy":"product_tag","embeddable":true,"href":"https:\/\/essenled.com\/fi\/wp-json\/wp\/v2\/product_tag?post=911"}],"curies":[{"name":"wp","href":"https:\/\/api.w.org\/{rel}","templated":true}]}}