{"id":723,"date":"2024-02-10T10:08:01","date_gmt":"2024-02-10T10:08:01","guid":{"rendered":"https:\/\/essenled.com\/?post_type=product&#038;p=723"},"modified":"2024-06-01T09:19:07","modified_gmt":"2024-06-01T09:19:07","slug":"rgbww-cob-led-strip-dotless-color-changing-high-density","status":"publish","type":"product","link":"https:\/\/essenled.com\/fi\/tuote\/rgbww-cob-led-strip-dotless-color-changing-high-density\/","title":{"rendered":"RGB + 3000K + 6000K COB LED nauhat Dotless korkea tiheys"},"content":{"rendered":"","protected":false},"excerpt":{"rendered":"<p>RGBWWW COB LED-nauhoissa on v\u00e4rinvaihteleva RGB+3000K+6000K, suuri tiheys 840 leds\/m ja kokonaisteho 16 wattia, mik\u00e4 tarjoaa monipuolisen, dynaamisen valaistusratkaisun.<\/p>\n<p>T\u00e4ss\u00e4 COB-LED-nauhassa on 840 LEDi\u00e4 metri\u00e4 kohden, joten se tarjoaa suuren tiheyden ja kirkkauden. LED-valonauhan kokonaistehonkulutus on 16 wattia, mik\u00e4 takaa energiaa s\u00e4\u00e4st\u00e4v\u00e4n toiminnan ja tarjoaa samalla riitt\u00e4v\u00e4n kirkkauden erilaisiin valaistustarpeisiin.<\/p>\n<p>RGBWWW COB LED-nauhat sis\u00e4lt\u00e4v\u00e4t punaisen, vihre\u00e4n, sinisen, l\u00e4mpim\u00e4n valkoisen (3000K) ja kylm\u00e4n valkoisen (6000K), luovat kiehtovia valaistuskohtauksia ja mukautuvat erilaisiin ymp\u00e4rist\u00f6ihin ja tunnelmiin.<\/p>\n<p>N\u00e4m\u00e4 RGBWW COB LED-nauhat tarjoavat loputtomasti mahdollisuuksia luovaan valaistussuunnitteluun. Mukauta v\u00e4riyhdistelmi\u00e4, kirkkaustasoja ja valotehosteita luodaksesi yksil\u00f6llisi\u00e4 valaistuskohtauksia ja tunnelmia.<\/p>","protected":false},"featured_media":2167,"template":"","meta":{"_kad_post_transparent":"default","_kad_post_title":"","_kad_post_layout":"default","_kad_post_sidebar_id":"","_kad_post_content_style":"default","_kad_post_vertical_padding":"default","_kad_post_feature":"","_kad_post_feature_position":"","_kad_post_header":false,"_kad_post_footer":false,"_kad_post_classname":""},"product_brand":[],"product_cat":[50,53],"product_tag":[106,107,103,109,105,108,104],"class_list":{"0":"post-723","1":"product","2":"type-product","3":"status-publish","4":"has-post-thumbnail","6":"product_cat-cob-led-strip","7":"product_cat-rgbx-cob-series","8":"product_tag-cob-dotless-rgbww","9":"product_tag-cob-seamless-rgbww","10":"product_tag-flexible-24v-rgbcw-cob-strip","11":"product_tag-rgbcw-cob-strip","12":"product_tag-rgbww-cob-led-strip-lights","13":"product_tag-rgbww-color-changing-flexible-cob","14":"product_tag-rgbww-rgb-cob-led","16":"first","17":"instock","18":"featured","19":"shipping-taxable","20":"product-type-simple","21":"entry","22":"content-bg","23":"loop-entry"},"yoast_head":"<!-- This site is optimized with the Yoast SEO Premium plugin v24.3 (Yoast SEO v26.7) - https:\/\/yoast.com\/wordpress\/plugins\/seo\/ -->\n<title>RGB+3000K+6000K COB LED Strip Dotless High Density - ESSENLED<\/title>\n<meta name=\"description\" content=\"RGBWW COB LED strips color changing RGB+3000K+6000K, a high density of 840leds\/m, 16 watts, providing a versatile, dynamic lighting solution.\" \/>\n<meta name=\"robots\" content=\"index, follow, max-snippet:-1, max-image-preview:large, max-video-preview:-1\" \/>\n<link rel=\"canonical\" href=\"https:\/\/essenled.com\/fi\/tuote\/rgbww-cob-led-strip-dotless-color-changing-high-density\/\" \/>\n<meta property=\"og:locale\" content=\"fi_FI\" \/>\n<meta property=\"og:type\" content=\"article\" \/>\n<meta property=\"og:title\" content=\"RGB+3000K+6000K COB LED Strip Dotless High Density\" \/>\n<meta property=\"og:description\" content=\"RGBWW COB LED strips color changing RGB+3000K+6000K, a high density of 840leds\/m, 16 watts, providing a versatile, dynamic lighting solution.\" \/>\n<meta property=\"og:url\" content=\"https:\/\/essenled.com\/fi\/tuote\/rgbww-cob-led-strip-dotless-color-changing-high-density\/\" \/>\n<meta property=\"og:site_name\" content=\"ESSENLED\" \/>\n<meta property=\"article:modified_time\" content=\"2024-06-01T09:19:07+00:00\" \/>\n<meta property=\"og:image\" content=\"https:\/\/essenled.com\/wp-content\/uploads\/2024\/02\/RGBWW-Color-Changing-Flexible-COB.webp\" \/>\n\t<meta property=\"og:image:width\" content=\"1000\" \/>\n\t<meta property=\"og:image:height\" content=\"1000\" \/>\n\t<meta property=\"og:image:type\" content=\"image\/webp\" \/>\n<meta name=\"twitter:card\" content=\"summary_large_image\" \/>\n<meta name=\"twitter:label1\" content=\"Arvioitu lukuaika\" \/>\n\t<meta name=\"twitter:data1\" content=\"1 minuutti\" \/>\n<script type=\"application\/ld+json\" class=\"yoast-schema-graph\">{\"@context\":\"https:\/\/schema.org\",\"@graph\":[{\"@type\":\"WebPage\",\"@id\":\"https:\/\/essenled.com\/product\/rgbww-cob-led-strip-dotless-color-changing-high-density\/\",\"url\":\"https:\/\/essenled.com\/product\/rgbww-cob-led-strip-dotless-color-changing-high-density\/\",\"name\":\"RGB+3000K+6000K COB LED Strip Dotless High Density - ESSENLED\",\"isPartOf\":{\"@id\":\"https:\/\/essenled.com\/#website\"},\"primaryImageOfPage\":{\"@id\":\"https:\/\/essenled.com\/product\/rgbww-cob-led-strip-dotless-color-changing-high-density\/#primaryimage\"},\"image\":{\"@id\":\"https:\/\/essenled.com\/product\/rgbww-cob-led-strip-dotless-color-changing-high-density\/#primaryimage\"},\"thumbnailUrl\":\"https:\/\/essenled.com\/wp-content\/uploads\/2024\/02\/RGBWW-Color-Changing-Flexible-COB.webp\",\"datePublished\":\"2024-02-10T10:08:01+00:00\",\"dateModified\":\"2024-06-01T09:19:07+00:00\",\"description\":\"RGBWW COB LED strips color changing RGB+3000K+6000K, a high density of 840leds\/m, 16 watts, providing a versatile, dynamic lighting solution.\",\"breadcrumb\":{\"@id\":\"https:\/\/essenled.com\/product\/rgbww-cob-led-strip-dotless-color-changing-high-density\/#breadcrumb\"},\"inLanguage\":\"fi\",\"potentialAction\":[{\"@type\":\"ReadAction\",\"target\":[\"https:\/\/essenled.com\/product\/rgbww-cob-led-strip-dotless-color-changing-high-density\/\"]}]},{\"@type\":\"ImageObject\",\"inLanguage\":\"fi\",\"@id\":\"https:\/\/essenled.com\/product\/rgbww-cob-led-strip-dotless-color-changing-high-density\/#primaryimage\",\"url\":\"https:\/\/essenled.com\/wp-content\/uploads\/2024\/02\/RGBWW-Color-Changing-Flexible-COB.webp\",\"contentUrl\":\"https:\/\/essenled.com\/wp-content\/uploads\/2024\/02\/RGBWW-Color-Changing-Flexible-COB.webp\",\"width\":1000,\"height\":1000,\"caption\":\"RGBWW Color Changing Flexible COB\"},{\"@type\":\"BreadcrumbList\",\"@id\":\"https:\/\/essenled.com\/product\/rgbww-cob-led-strip-dotless-color-changing-high-density\/#breadcrumb\",\"itemListElement\":[{\"@type\":\"ListItem\",\"position\":1,\"name\":\"Home\",\"item\":\"https:\/\/essenled.com\/\"},{\"@type\":\"ListItem\",\"position\":2,\"name\":\"Product\",\"item\":\"https:\/\/essenled.com\/fr\/product\/\"},{\"@type\":\"ListItem\",\"position\":3,\"name\":\"RGB+3000K+6000K COB LED Strip Dotless High Density\"}]},{\"@type\":\"WebSite\",\"@id\":\"https:\/\/essenled.com\/#website\",\"url\":\"https:\/\/essenled.com\/\",\"name\":\"ESSENLED\",\"description\":\"\",\"publisher\":{\"@id\":\"https:\/\/essenled.com\/#organization\"},\"potentialAction\":[{\"@type\":\"SearchAction\",\"target\":{\"@type\":\"EntryPoint\",\"urlTemplate\":\"https:\/\/essenled.com\/?s={search_term_string}\"},\"query-input\":{\"@type\":\"PropertyValueSpecification\",\"valueRequired\":true,\"valueName\":\"search_term_string\"}}],\"inLanguage\":\"fi\"},{\"@type\":\"Organization\",\"@id\":\"https:\/\/essenled.com\/#organization\",\"name\":\"ESSENLED\",\"url\":\"https:\/\/essenled.com\/\",\"logo\":{\"@type\":\"ImageObject\",\"inLanguage\":\"fi\",\"@id\":\"https:\/\/essenled.com\/#\/schema\/logo\/image\/\",\"url\":\"https:\/\/essenled.com\/wp-content\/uploads\/2024\/01\/Essen-logo.png\",\"contentUrl\":\"https:\/\/essenled.com\/wp-content\/uploads\/2024\/01\/Essen-logo.png\",\"width\":800,\"height\":110,\"caption\":\"ESSENLED\"},\"image\":{\"@id\":\"https:\/\/essenled.com\/#\/schema\/logo\/image\/\"}}]}<\/script>\n<!-- \/ Yoast SEO Premium plugin. -->","yoast_head_json":{"title":"RGB + 3000K + 6000K COB LED nauhat Dotless korkea tiheys - ESSENLED","description":"RGBWWW COB LED-nauhat v\u00e4rinmuutos RGB+3000K+6000K, suuri tiheys 840leds \/ m, 16 wattia, joka tarjoaa monipuolisen, dynaamisen valaistusratkaisun.","robots":{"index":"index","follow":"follow","max-snippet":"max-snippet:-1","max-image-preview":"max-image-preview:large","max-video-preview":"max-video-preview:-1"},"canonical":"https:\/\/essenled.com\/fi\/tuote\/rgbww-cob-led-strip-dotless-color-changing-high-density\/","og_locale":"fi_FI","og_type":"article","og_title":"RGB+3000K+6000K COB LED Strip Dotless High Density","og_description":"RGBWW COB LED strips color changing RGB+3000K+6000K, a high density of 840leds\/m, 16 watts, providing a versatile, dynamic lighting solution.","og_url":"https:\/\/essenled.com\/fi\/tuote\/rgbww-cob-led-strip-dotless-color-changing-high-density\/","og_site_name":"ESSENLED","article_modified_time":"2024-06-01T09:19:07+00:00","og_image":[{"width":1000,"height":1000,"url":"https:\/\/essenled.com\/wp-content\/uploads\/2024\/02\/RGBWW-Color-Changing-Flexible-COB.webp","type":"image\/webp"}],"twitter_card":"summary_large_image","twitter_misc":{"Arvioitu lukuaika":"1 minuutti"},"schema":{"@context":"https:\/\/schema.org","@graph":[{"@type":"WebPage","@id":"https:\/\/essenled.com\/product\/rgbww-cob-led-strip-dotless-color-changing-high-density\/","url":"https:\/\/essenled.com\/product\/rgbww-cob-led-strip-dotless-color-changing-high-density\/","name":"RGB + 3000K + 6000K COB LED nauhat Dotless korkea tiheys - ESSENLED","isPartOf":{"@id":"https:\/\/essenled.com\/#website"},"primaryImageOfPage":{"@id":"https:\/\/essenled.com\/product\/rgbww-cob-led-strip-dotless-color-changing-high-density\/#primaryimage"},"image":{"@id":"https:\/\/essenled.com\/product\/rgbww-cob-led-strip-dotless-color-changing-high-density\/#primaryimage"},"thumbnailUrl":"https:\/\/essenled.com\/wp-content\/uploads\/2024\/02\/RGBWW-Color-Changing-Flexible-COB.webp","datePublished":"2024-02-10T10:08:01+00:00","dateModified":"2024-06-01T09:19:07+00:00","description":"RGBWWW COB LED-nauhat v\u00e4rinmuutos RGB+3000K+6000K, suuri tiheys 840leds \/ m, 16 wattia, joka tarjoaa monipuolisen, dynaamisen valaistusratkaisun.","breadcrumb":{"@id":"https:\/\/essenled.com\/product\/rgbww-cob-led-strip-dotless-color-changing-high-density\/#breadcrumb"},"inLanguage":"fi","potentialAction":[{"@type":"ReadAction","target":["https:\/\/essenled.com\/product\/rgbww-cob-led-strip-dotless-color-changing-high-density\/"]}]},{"@type":"ImageObject","inLanguage":"fi","@id":"https:\/\/essenled.com\/product\/rgbww-cob-led-strip-dotless-color-changing-high-density\/#primaryimage","url":"https:\/\/essenled.com\/wp-content\/uploads\/2024\/02\/RGBWW-Color-Changing-Flexible-COB.webp","contentUrl":"https:\/\/essenled.com\/wp-content\/uploads\/2024\/02\/RGBWW-Color-Changing-Flexible-COB.webp","width":1000,"height":1000,"caption":"RGBWW Color Changing Flexible COB"},{"@type":"BreadcrumbList","@id":"https:\/\/essenled.com\/product\/rgbww-cob-led-strip-dotless-color-changing-high-density\/#breadcrumb","itemListElement":[{"@type":"ListItem","position":1,"name":"Home","item":"https:\/\/essenled.com\/"},{"@type":"ListItem","position":2,"name":"Product","item":"https:\/\/essenled.com\/fr\/product\/"},{"@type":"ListItem","position":3,"name":"RGB+3000K+6000K COB LED Strip Dotless High Density"}]},{"@type":"WebSite","@id":"https:\/\/essenled.com\/#website","url":"https:\/\/essenled.com\/","name":"ESSENLED","description":"","publisher":{"@id":"https:\/\/essenled.com\/#organization"},"potentialAction":[{"@type":"SearchAction","target":{"@type":"EntryPoint","urlTemplate":"https:\/\/essenled.com\/?s={search_term_string}"},"query-input":{"@type":"PropertyValueSpecification","valueRequired":true,"valueName":"search_term_string"}}],"inLanguage":"fi"},{"@type":"Organization","@id":"https:\/\/essenled.com\/#organization","name":"ESSENLED","url":"https:\/\/essenled.com\/","logo":{"@type":"ImageObject","inLanguage":"fi","@id":"https:\/\/essenled.com\/#\/schema\/logo\/image\/","url":"https:\/\/essenled.com\/wp-content\/uploads\/2024\/01\/Essen-logo.png","contentUrl":"https:\/\/essenled.com\/wp-content\/uploads\/2024\/01\/Essen-logo.png","width":800,"height":110,"caption":"ESSENLED"},"image":{"@id":"https:\/\/essenled.com\/#\/schema\/logo\/image\/"}}]}},"_links":{"self":[{"href":"https:\/\/essenled.com\/fi\/wp-json\/wp\/v2\/product\/723","targetHints":{"allow":["GET"]}}],"collection":[{"href":"https:\/\/essenled.com\/fi\/wp-json\/wp\/v2\/product"}],"about":[{"href":"https:\/\/essenled.com\/fi\/wp-json\/wp\/v2\/types\/product"}],"version-history":[{"count":4,"href":"https:\/\/essenled.com\/fi\/wp-json\/wp\/v2\/product\/723\/revisions"}],"predecessor-version":[{"id":2024,"href":"https:\/\/essenled.com\/fi\/wp-json\/wp\/v2\/product\/723\/revisions\/2024"}],"wp:featuredmedia":[{"embeddable":true,"href":"https:\/\/essenled.com\/fi\/wp-json\/wp\/v2\/media\/2167"}],"wp:attachment":[{"href":"https:\/\/essenled.com\/fi\/wp-json\/wp\/v2\/media?parent=723"}],"wp:term":[{"taxonomy":"product_brand","embeddable":true,"href":"https:\/\/essenled.com\/fi\/wp-json\/wp\/v2\/product_brand?post=723"},{"taxonomy":"product_cat","embeddable":true,"href":"https:\/\/essenled.com\/fi\/wp-json\/wp\/v2\/product_cat?post=723"},{"taxonomy":"product_tag","embeddable":true,"href":"https:\/\/essenled.com\/fi\/wp-json\/wp\/v2\/product_tag?post=723"}],"curies":[{"name":"wp","href":"https:\/\/api.w.org\/{rel}","templated":true}]}}