{"id":1570,"date":"2024-03-01T06:25:15","date_gmt":"2024-03-01T06:25:15","guid":{"rendered":"https:\/\/essenled.com\/?post_type=product&#038;p=1570"},"modified":"2024-03-01T06:25:15","modified_gmt":"2024-03-01T06:25:15","slug":"side-view-ip67-0817mm-led-silicone-neon-flex-s0817","status":"publish","type":"product","link":"https:\/\/essenled.com\/fi\/tuote\/side-view-ip67-0817mm-led-silicone-neon-flex-s0817\/","title":{"rendered":"Sivun\u00e4kym\u00e4 IP67 08 * 17mm LED Silikoni Neon Flex - S0817 S0817"},"content":{"rendered":"","protected":false},"excerpt":{"rendered":"<p>Sivun\u00e4kym\u00e4 Super Small 08 * 17mm LED Silicone Neon Flex - S0817, saatavana yksiv\u00e4risen\u00e4 \/ s\u00e4\u00e4dett\u00e4v\u00e4n\u00e4 valkoisena \/ RGB. T\u00e4m\u00e4 on puristettu yhdest\u00e4 kappaleesta ja valmistettu ymp\u00e4rist\u00f6yst\u00e4v\u00e4llisest\u00e4 silikonimateriaalista.<\/p>\n<p>IP67-sivun\u00e4kym\u00e4 LED neon flex S0817 on 5w ja 10w\/m. Suojaustaso saavuttaa IP67, joka sopii hyvin pitk\u00e4aikaiseen ulkok\u00e4ytt\u00f6\u00f6n eik\u00e4 se ole helppo muuttua keltaiseksi.<\/p>\n<p>Sivun\u00e4kym\u00e4 IP67 vedenpit\u00e4v\u00e4 08*17mm LED Neon Flex. Valonl\u00e4p\u00e4isykyky on eritt\u00e4in korkea, mik\u00e4 s\u00e4ilytt\u00e4\u00e4 kauniin ulkon\u00e4\u00f6n ja tasaisen valon.<\/p>\n<p>Sivun\u00e4kym\u00e4n LED-neon flex IP67 vedenpit\u00e4v\u00e4 S0817 k\u00e4ytt\u00e4\u00e4 ainutlaatuista optista rakennesuunnittelua; valo on tasainen ilman varjoja. Sit\u00e4 voidaan k\u00e4ytt\u00e4\u00e4 \u00e4\u00e4riviivoihin, sis\u00e4tilojen ja ulkotilojen koristevalaistukseen ja muihin kohtauksiin.<\/p>","protected":false},"featured_media":1576,"template":"","meta":{"_kad_post_transparent":"default","_kad_post_title":"","_kad_post_layout":"default","_kad_post_sidebar_id":"","_kad_post_content_style":"default","_kad_post_vertical_padding":"default","_kad_post_feature":"","_kad_post_feature_position":"","_kad_post_header":false,"_kad_post_footer":false,"_kad_post_classname":""},"product_brand":[],"product_cat":[39,42],"product_tag":[609,605,610,606,607,608],"class_list":{"0":"post-1570","1":"product","2":"type-product","3":"status-publish","4":"has-post-thumbnail","6":"product_cat-neon-strip","7":"product_cat-side-bend-neon-series","8":"product_tag-0817-neon-flex-silicone-led-tube","9":"product_tag-0817-side-view-led-neon-flex","10":"product_tag-08x17mm-led-silicone-neon","11":"product_tag-led-neon-flex-light-side-bend-0817","12":"product_tag-led-neon-strip-silicone-ip67-0817","13":"product_tag-rgb-neon-led-tube-0817","15":"first","16":"instock","17":"shipping-taxable","18":"product-type-simple","19":"entry","20":"content-bg","21":"loop-entry"},"yoast_head":"<!-- This site is optimized with the Yoast SEO Premium plugin v24.3 (Yoast SEO v26.7) - https:\/\/yoast.com\/wordpress\/plugins\/seo\/ -->\n<title>Side View IP67 08*17mm LED Silicone Neon Flex \u2013 S0817 - ESSENLED<\/title>\n<meta name=\"description\" content=\"Side View IP67 08*17mm LED Silicone Neon Flex S0817, single color\/tunable white\/RGB, made of environmentally friendly silicone material.\" \/>\n<meta name=\"robots\" content=\"index, follow, max-snippet:-1, max-image-preview:large, max-video-preview:-1\" \/>\n<link rel=\"canonical\" href=\"https:\/\/essenled.com\/fi\/tuote\/side-view-ip67-0817mm-led-silicone-neon-flex-s0817\/\" \/>\n<meta property=\"og:locale\" content=\"fi_FI\" \/>\n<meta property=\"og:type\" content=\"article\" \/>\n<meta property=\"og:title\" content=\"Side View IP67 08*17mm LED Silicone Neon Flex \u2013 S0817\" \/>\n<meta property=\"og:description\" content=\"Side View IP67 08*17mm LED Silicone Neon Flex S0817, single color\/tunable white\/RGB, made of environmentally friendly silicone material.\" \/>\n<meta property=\"og:url\" content=\"https:\/\/essenled.com\/fi\/tuote\/side-view-ip67-0817mm-led-silicone-neon-flex-s0817\/\" \/>\n<meta property=\"og:site_name\" content=\"ESSENLED\" \/>\n<meta property=\"og:image\" content=\"https:\/\/essenled.com\/wp-content\/uploads\/2024\/03\/RGB-Neon-LED-Tube-0817.webp\" \/>\n\t<meta property=\"og:image:width\" content=\"800\" \/>\n\t<meta property=\"og:image:height\" content=\"800\" \/>\n\t<meta property=\"og:image:type\" content=\"image\/webp\" \/>\n<meta name=\"twitter:card\" content=\"summary_large_image\" \/>\n<meta name=\"twitter:label1\" content=\"Arvioitu lukuaika\" \/>\n\t<meta name=\"twitter:data1\" content=\"1 minuutti\" \/>\n<script type=\"application\/ld+json\" class=\"yoast-schema-graph\">{\"@context\":\"https:\/\/schema.org\",\"@graph\":[{\"@type\":\"WebPage\",\"@id\":\"https:\/\/essenled.com\/product\/side-view-ip67-0817mm-led-silicone-neon-flex-s0817\/\",\"url\":\"https:\/\/essenled.com\/product\/side-view-ip67-0817mm-led-silicone-neon-flex-s0817\/\",\"name\":\"Side View IP67 08*17mm LED Silicone Neon Flex \u2013 S0817 - ESSENLED\",\"isPartOf\":{\"@id\":\"https:\/\/essenled.com\/#website\"},\"primaryImageOfPage\":{\"@id\":\"https:\/\/essenled.com\/product\/side-view-ip67-0817mm-led-silicone-neon-flex-s0817\/#primaryimage\"},\"image\":{\"@id\":\"https:\/\/essenled.com\/product\/side-view-ip67-0817mm-led-silicone-neon-flex-s0817\/#primaryimage\"},\"thumbnailUrl\":\"https:\/\/essenled.com\/wp-content\/uploads\/2024\/03\/RGB-Neon-LED-Tube-0817.webp\",\"datePublished\":\"2024-03-01T06:25:15+00:00\",\"description\":\"Side View IP67 08*17mm LED Silicone Neon Flex S0817, single color\/tunable white\/RGB, made of environmentally friendly silicone material.\",\"breadcrumb\":{\"@id\":\"https:\/\/essenled.com\/product\/side-view-ip67-0817mm-led-silicone-neon-flex-s0817\/#breadcrumb\"},\"inLanguage\":\"fi\",\"potentialAction\":[{\"@type\":\"ReadAction\",\"target\":[\"https:\/\/essenled.com\/product\/side-view-ip67-0817mm-led-silicone-neon-flex-s0817\/\"]}]},{\"@type\":\"ImageObject\",\"inLanguage\":\"fi\",\"@id\":\"https:\/\/essenled.com\/product\/side-view-ip67-0817mm-led-silicone-neon-flex-s0817\/#primaryimage\",\"url\":\"https:\/\/essenled.com\/wp-content\/uploads\/2024\/03\/RGB-Neon-LED-Tube-0817.webp\",\"contentUrl\":\"https:\/\/essenled.com\/wp-content\/uploads\/2024\/03\/RGB-Neon-LED-Tube-0817.webp\",\"width\":800,\"height\":800,\"caption\":\"RGB Neon LED Tube 0817\"},{\"@type\":\"BreadcrumbList\",\"@id\":\"https:\/\/essenled.com\/product\/side-view-ip67-0817mm-led-silicone-neon-flex-s0817\/#breadcrumb\",\"itemListElement\":[{\"@type\":\"ListItem\",\"position\":1,\"name\":\"Home\",\"item\":\"https:\/\/essenled.com\/\"},{\"@type\":\"ListItem\",\"position\":2,\"name\":\"Product\",\"item\":\"https:\/\/essenled.com\/fr\/product\/\"},{\"@type\":\"ListItem\",\"position\":3,\"name\":\"Side View IP67 08*17mm LED Silicone Neon Flex \u2013 S0817\"}]},{\"@type\":\"WebSite\",\"@id\":\"https:\/\/essenled.com\/#website\",\"url\":\"https:\/\/essenled.com\/\",\"name\":\"ESSENLED\",\"description\":\"\",\"publisher\":{\"@id\":\"https:\/\/essenled.com\/#organization\"},\"potentialAction\":[{\"@type\":\"SearchAction\",\"target\":{\"@type\":\"EntryPoint\",\"urlTemplate\":\"https:\/\/essenled.com\/?s={search_term_string}\"},\"query-input\":{\"@type\":\"PropertyValueSpecification\",\"valueRequired\":true,\"valueName\":\"search_term_string\"}}],\"inLanguage\":\"fi\"},{\"@type\":\"Organization\",\"@id\":\"https:\/\/essenled.com\/#organization\",\"name\":\"ESSENLED\",\"url\":\"https:\/\/essenled.com\/\",\"logo\":{\"@type\":\"ImageObject\",\"inLanguage\":\"fi\",\"@id\":\"https:\/\/essenled.com\/#\/schema\/logo\/image\/\",\"url\":\"https:\/\/essenled.com\/wp-content\/uploads\/2024\/01\/Essen-logo.png\",\"contentUrl\":\"https:\/\/essenled.com\/wp-content\/uploads\/2024\/01\/Essen-logo.png\",\"width\":800,\"height\":110,\"caption\":\"ESSENLED\"},\"image\":{\"@id\":\"https:\/\/essenled.com\/#\/schema\/logo\/image\/\"}}]}<\/script>\n<!-- \/ Yoast SEO Premium plugin. -->","yoast_head_json":{"title":"Sivun\u00e4kym\u00e4 IP67 08*17mm LED Silikoni Neon Flex - S0817 - ESSENLED","description":"Sivun\u00e4kym\u00e4 IP67 08 * 17mm LED Silikoni Neon Flex S0817, yksiv\u00e4rinen \/ s\u00e4\u00e4dett\u00e4v\u00e4 valkoinen \/ RGB, valmistettu ymp\u00e4rist\u00f6yst\u00e4v\u00e4llisest\u00e4 silikonimateriaalista.","robots":{"index":"index","follow":"follow","max-snippet":"max-snippet:-1","max-image-preview":"max-image-preview:large","max-video-preview":"max-video-preview:-1"},"canonical":"https:\/\/essenled.com\/fi\/tuote\/side-view-ip67-0817mm-led-silicone-neon-flex-s0817\/","og_locale":"fi_FI","og_type":"article","og_title":"Side View IP67 08*17mm LED Silicone Neon Flex \u2013 S0817","og_description":"Side View IP67 08*17mm LED Silicone Neon Flex S0817, single color\/tunable white\/RGB, made of environmentally friendly silicone material.","og_url":"https:\/\/essenled.com\/fi\/tuote\/side-view-ip67-0817mm-led-silicone-neon-flex-s0817\/","og_site_name":"ESSENLED","og_image":[{"width":800,"height":800,"url":"https:\/\/essenled.com\/wp-content\/uploads\/2024\/03\/RGB-Neon-LED-Tube-0817.webp","type":"image\/webp"}],"twitter_card":"summary_large_image","twitter_misc":{"Arvioitu lukuaika":"1 minuutti"},"schema":{"@context":"https:\/\/schema.org","@graph":[{"@type":"WebPage","@id":"https:\/\/essenled.com\/product\/side-view-ip67-0817mm-led-silicone-neon-flex-s0817\/","url":"https:\/\/essenled.com\/product\/side-view-ip67-0817mm-led-silicone-neon-flex-s0817\/","name":"Sivun\u00e4kym\u00e4 IP67 08*17mm LED Silikoni Neon Flex - S0817 - ESSENLED","isPartOf":{"@id":"https:\/\/essenled.com\/#website"},"primaryImageOfPage":{"@id":"https:\/\/essenled.com\/product\/side-view-ip67-0817mm-led-silicone-neon-flex-s0817\/#primaryimage"},"image":{"@id":"https:\/\/essenled.com\/product\/side-view-ip67-0817mm-led-silicone-neon-flex-s0817\/#primaryimage"},"thumbnailUrl":"https:\/\/essenled.com\/wp-content\/uploads\/2024\/03\/RGB-Neon-LED-Tube-0817.webp","datePublished":"2024-03-01T06:25:15+00:00","description":"Sivun\u00e4kym\u00e4 IP67 08 * 17mm LED Silikoni Neon Flex S0817, yksiv\u00e4rinen \/ s\u00e4\u00e4dett\u00e4v\u00e4 valkoinen \/ RGB, valmistettu ymp\u00e4rist\u00f6yst\u00e4v\u00e4llisest\u00e4 silikonimateriaalista.","breadcrumb":{"@id":"https:\/\/essenled.com\/product\/side-view-ip67-0817mm-led-silicone-neon-flex-s0817\/#breadcrumb"},"inLanguage":"fi","potentialAction":[{"@type":"ReadAction","target":["https:\/\/essenled.com\/product\/side-view-ip67-0817mm-led-silicone-neon-flex-s0817\/"]}]},{"@type":"ImageObject","inLanguage":"fi","@id":"https:\/\/essenled.com\/product\/side-view-ip67-0817mm-led-silicone-neon-flex-s0817\/#primaryimage","url":"https:\/\/essenled.com\/wp-content\/uploads\/2024\/03\/RGB-Neon-LED-Tube-0817.webp","contentUrl":"https:\/\/essenled.com\/wp-content\/uploads\/2024\/03\/RGB-Neon-LED-Tube-0817.webp","width":800,"height":800,"caption":"RGB Neon LED Tube 0817"},{"@type":"BreadcrumbList","@id":"https:\/\/essenled.com\/product\/side-view-ip67-0817mm-led-silicone-neon-flex-s0817\/#breadcrumb","itemListElement":[{"@type":"ListItem","position":1,"name":"Home","item":"https:\/\/essenled.com\/"},{"@type":"ListItem","position":2,"name":"Product","item":"https:\/\/essenled.com\/fr\/product\/"},{"@type":"ListItem","position":3,"name":"Side View IP67 08*17mm LED Silicone Neon Flex \u2013 S0817"}]},{"@type":"WebSite","@id":"https:\/\/essenled.com\/#website","url":"https:\/\/essenled.com\/","name":"ESSENLED","description":"","publisher":{"@id":"https:\/\/essenled.com\/#organization"},"potentialAction":[{"@type":"SearchAction","target":{"@type":"EntryPoint","urlTemplate":"https:\/\/essenled.com\/?s={search_term_string}"},"query-input":{"@type":"PropertyValueSpecification","valueRequired":true,"valueName":"search_term_string"}}],"inLanguage":"fi"},{"@type":"Organization","@id":"https:\/\/essenled.com\/#organization","name":"ESSENLED","url":"https:\/\/essenled.com\/","logo":{"@type":"ImageObject","inLanguage":"fi","@id":"https:\/\/essenled.com\/#\/schema\/logo\/image\/","url":"https:\/\/essenled.com\/wp-content\/uploads\/2024\/01\/Essen-logo.png","contentUrl":"https:\/\/essenled.com\/wp-content\/uploads\/2024\/01\/Essen-logo.png","width":800,"height":110,"caption":"ESSENLED"},"image":{"@id":"https:\/\/essenled.com\/#\/schema\/logo\/image\/"}}]}},"_links":{"self":[{"href":"https:\/\/essenled.com\/fi\/wp-json\/wp\/v2\/product\/1570","targetHints":{"allow":["GET"]}}],"collection":[{"href":"https:\/\/essenled.com\/fi\/wp-json\/wp\/v2\/product"}],"about":[{"href":"https:\/\/essenled.com\/fi\/wp-json\/wp\/v2\/types\/product"}],"version-history":[{"count":1,"href":"https:\/\/essenled.com\/fi\/wp-json\/wp\/v2\/product\/1570\/revisions"}],"predecessor-version":[{"id":1577,"href":"https:\/\/essenled.com\/fi\/wp-json\/wp\/v2\/product\/1570\/revisions\/1577"}],"wp:featuredmedia":[{"embeddable":true,"href":"https:\/\/essenled.com\/fi\/wp-json\/wp\/v2\/media\/1576"}],"wp:attachment":[{"href":"https:\/\/essenled.com\/fi\/wp-json\/wp\/v2\/media?parent=1570"}],"wp:term":[{"taxonomy":"product_brand","embeddable":true,"href":"https:\/\/essenled.com\/fi\/wp-json\/wp\/v2\/product_brand?post=1570"},{"taxonomy":"product_cat","embeddable":true,"href":"https:\/\/essenled.com\/fi\/wp-json\/wp\/v2\/product_cat?post=1570"},{"taxonomy":"product_tag","embeddable":true,"href":"https:\/\/essenled.com\/fi\/wp-json\/wp\/v2\/product_tag?post=1570"}],"curies":[{"name":"wp","href":"https:\/\/api.w.org\/{rel}","templated":true}]}}