{"id":1504,"date":"2024-03-01T01:30:42","date_gmt":"2024-03-01T01:30:42","guid":{"rendered":"https:\/\/essenled.com\/?post_type=product&#038;p=1504"},"modified":"2024-03-04T12:07:55","modified_gmt":"2024-03-04T12:07:55","slug":"ip68-silicone-top-view-led-neon-flex-swimming-pool","status":"publish","type":"product","link":"https:\/\/essenled.com\/fi\/tuote\/ip68-silicone-top-view-led-neon-flex-swimming-pool\/","title":{"rendered":"IP68 silikoni ylh\u00e4\u00e4lt\u00e4 katsottuna LED Neon Flex uima-allas - T1615"},"content":{"rendered":"","protected":false},"excerpt":{"rendered":"<p>IP68 silikoni ylh\u00e4\u00e4lt\u00e4 katsottuna LED neon flex uima-allas - T1615, Se on ylh\u00e4\u00e4lt\u00e4 katsottuna neon putki, jonka koko on 16 * 15mm. joka on suunniteltu erityisesti asennettavaksi veden alle LED neon flex, kuten uima-allas vesi.<\/p>\n<p>IP68 silikoni LED neon flex uima-allas T1615 teho 10w\/m. Saatavana useissa eri valov\u00e4reiss\u00e4 ja on saatavana my\u00f6s mukautetuissa v\u00e4reiss\u00e4 ja pituuksissa, yksiv\u00e4risen\u00e4, viritett\u00e4v\u00e4n\u00e4 valkoisena, RGB jne.<\/p>\n<p>LED neon flex uima-altaat ovat IP68 waterpoof luokan, ovat korkein suojaustaso vett\u00e4 ja p\u00f6ly\u00e4 vastaan, niill\u00e4 on eritt\u00e4in korkea vedenkest\u00e4vyys. Ja t\u00e4ytyy kest\u00e4\u00e4 pitk\u00e4aikaista altistumista vedelle ja muille kemiallisille elementeille.<\/p>\n<p>IP68-silikoninen neon-jousto lis\u00e4\u00e4 uima-altaaseen tyylikk\u00e4\u00e4n ja nykyaikaisen ilmeen ja tarjoaa samalla v\u00e4rikk\u00e4\u00e4n ja energiatehokkaan valaistusratkaisun.<\/p>","protected":false},"featured_media":1506,"template":"","meta":{"_kad_post_transparent":"default","_kad_post_title":"","_kad_post_layout":"default","_kad_post_sidebar_id":"","_kad_post_content_style":"default","_kad_post_vertical_padding":"default","_kad_post_feature":"","_kad_post_feature_position":"","_kad_post_header":false,"_kad_post_footer":false,"_kad_post_classname":""},"product_brand":[],"product_cat":[44,39],"product_tag":[564,568,565,569,567,566],"class_list":{"0":"post-1504","1":"product","2":"type-product","3":"status-publish","4":"has-post-thumbnail","6":"product_cat-ip68-silicone-neon-series","7":"product_cat-neon-strip","8":"product_tag-ip68-1615-neon-light-outdoor-lighting","9":"product_tag-ip68-led-strip-neon-t1615-swimming-pool","10":"product_tag-ip68-silicone-neon-t1615","11":"product_tag-neon-flex-swimming-pool-t1615","12":"product_tag-pool-rated-ip68-t1615-neon-rgb","13":"product_tag-swimming-pool-ip68-neon-t1615-underwater","15":"first","16":"instock","17":"featured","18":"shipping-taxable","19":"product-type-simple","20":"entry","21":"content-bg","22":"loop-entry"},"yoast_head":"<!-- This site is optimized with the Yoast SEO Premium plugin v24.3 (Yoast SEO v26.7) - https:\/\/yoast.com\/wordpress\/plugins\/seo\/ -->\n<title>IP68 Silicone Top View LED Neon Flex Swimming Pool - T1615 - ESSENLED<\/title>\n<meta name=\"description\" content=\"IP68 silicone top view LED neon flex swimming pool - T1615, It is a top view neon with a size of 16*15mm, designed for swimming pool water.\" \/>\n<meta name=\"robots\" content=\"index, follow, max-snippet:-1, max-image-preview:large, max-video-preview:-1\" \/>\n<link rel=\"canonical\" href=\"https:\/\/essenled.com\/fi\/tuote\/ip68-silicone-top-view-led-neon-flex-swimming-pool\/\" \/>\n<meta property=\"og:locale\" content=\"fi_FI\" \/>\n<meta property=\"og:type\" content=\"article\" \/>\n<meta property=\"og:title\" content=\"IP68 Silicone Top View LED Neon Flex Swimming Pool - T1615\" \/>\n<meta property=\"og:description\" content=\"IP68 silicone top view LED neon flex swimming pool - T1615, It is a top view neon with a size of 16*15mm, designed for swimming pool water.\" \/>\n<meta property=\"og:url\" content=\"https:\/\/essenled.com\/fi\/tuote\/ip68-silicone-top-view-led-neon-flex-swimming-pool\/\" \/>\n<meta property=\"og:site_name\" content=\"ESSENLED\" \/>\n<meta property=\"article:modified_time\" content=\"2024-03-04T12:07:55+00:00\" \/>\n<meta property=\"og:image\" content=\"https:\/\/essenled.com\/wp-content\/uploads\/2024\/03\/IP68-1615-Neon-Light-Outdoor-Lighting.webp\" \/>\n\t<meta property=\"og:image:width\" content=\"800\" \/>\n\t<meta property=\"og:image:height\" content=\"800\" \/>\n\t<meta property=\"og:image:type\" content=\"image\/webp\" \/>\n<meta name=\"twitter:card\" content=\"summary_large_image\" \/>\n<meta name=\"twitter:label1\" content=\"Arvioitu lukuaika\" \/>\n\t<meta name=\"twitter:data1\" content=\"1 minuutti\" \/>\n<script type=\"application\/ld+json\" class=\"yoast-schema-graph\">{\"@context\":\"https:\/\/schema.org\",\"@graph\":[{\"@type\":\"WebPage\",\"@id\":\"https:\/\/essenled.com\/de\/produkt\/ip68-silikon-obersicht-led-neon-flex-schwimmbad\/\",\"url\":\"https:\/\/essenled.com\/de\/produkt\/ip68-silikon-obersicht-led-neon-flex-schwimmbad\/\",\"name\":\"IP68 Silicone Top View LED Neon Flex Swimming Pool - T1615 - ESSENLED\",\"isPartOf\":{\"@id\":\"https:\/\/essenled.com\/#website\"},\"primaryImageOfPage\":{\"@id\":\"https:\/\/essenled.com\/de\/produkt\/ip68-silikon-obersicht-led-neon-flex-schwimmbad\/#primaryimage\"},\"image\":{\"@id\":\"https:\/\/essenled.com\/de\/produkt\/ip68-silikon-obersicht-led-neon-flex-schwimmbad\/#primaryimage\"},\"thumbnailUrl\":\"https:\/\/essenled.com\/wp-content\/uploads\/2024\/03\/IP68-1615-Neon-Light-Outdoor-Lighting.webp\",\"datePublished\":\"2024-03-01T01:30:42+00:00\",\"dateModified\":\"2024-03-04T12:07:55+00:00\",\"description\":\"IP68 silicone top view LED neon flex swimming pool - T1615, It is a top view neon with a size of 16*15mm, designed for swimming pool water.\",\"breadcrumb\":{\"@id\":\"https:\/\/essenled.com\/de\/produkt\/ip68-silikon-obersicht-led-neon-flex-schwimmbad\/#breadcrumb\"},\"inLanguage\":\"fi\",\"potentialAction\":[{\"@type\":\"ReadAction\",\"target\":[\"https:\/\/essenled.com\/de\/produkt\/ip68-silikon-obersicht-led-neon-flex-schwimmbad\/\"]}]},{\"@type\":\"ImageObject\",\"inLanguage\":\"fi\",\"@id\":\"https:\/\/essenled.com\/de\/produkt\/ip68-silikon-obersicht-led-neon-flex-schwimmbad\/#primaryimage\",\"url\":\"https:\/\/essenled.com\/wp-content\/uploads\/2024\/03\/IP68-1615-Neon-Light-Outdoor-Lighting.webp\",\"contentUrl\":\"https:\/\/essenled.com\/wp-content\/uploads\/2024\/03\/IP68-1615-Neon-Light-Outdoor-Lighting.webp\",\"width\":800,\"height\":800,\"caption\":\"IP68 1615 Neon Light Outdoor Lighting\"},{\"@type\":\"BreadcrumbList\",\"@id\":\"https:\/\/essenled.com\/de\/produkt\/ip68-silikon-obersicht-led-neon-flex-schwimmbad\/#breadcrumb\",\"itemListElement\":[{\"@type\":\"ListItem\",\"position\":1,\"name\":\"Home\",\"item\":\"https:\/\/essenled.com\/\"},{\"@type\":\"ListItem\",\"position\":2,\"name\":\"Product\",\"item\":\"https:\/\/essenled.com\/fr\/product\/\"},{\"@type\":\"ListItem\",\"position\":3,\"name\":\"IP68 Silicone Top View LED Neon Flex Swimming Pool &#8211; T1615\"}]},{\"@type\":\"WebSite\",\"@id\":\"https:\/\/essenled.com\/#website\",\"url\":\"https:\/\/essenled.com\/\",\"name\":\"ESSENLED\",\"description\":\"\",\"publisher\":{\"@id\":\"https:\/\/essenled.com\/#organization\"},\"potentialAction\":[{\"@type\":\"SearchAction\",\"target\":{\"@type\":\"EntryPoint\",\"urlTemplate\":\"https:\/\/essenled.com\/?s={search_term_string}\"},\"query-input\":{\"@type\":\"PropertyValueSpecification\",\"valueRequired\":true,\"valueName\":\"search_term_string\"}}],\"inLanguage\":\"fi\"},{\"@type\":\"Organization\",\"@id\":\"https:\/\/essenled.com\/#organization\",\"name\":\"ESSENLED\",\"url\":\"https:\/\/essenled.com\/\",\"logo\":{\"@type\":\"ImageObject\",\"inLanguage\":\"fi\",\"@id\":\"https:\/\/essenled.com\/#\/schema\/logo\/image\/\",\"url\":\"https:\/\/essenled.com\/wp-content\/uploads\/2024\/01\/Essen-logo.png\",\"contentUrl\":\"https:\/\/essenled.com\/wp-content\/uploads\/2024\/01\/Essen-logo.png\",\"width\":800,\"height\":110,\"caption\":\"ESSENLED\"},\"image\":{\"@id\":\"https:\/\/essenled.com\/#\/schema\/logo\/image\/\"}}]}<\/script>\n<!-- \/ Yoast SEO Premium plugin. -->","yoast_head_json":{"title":"IP68 silikoni ylh\u00e4\u00e4lt\u00e4 katsottuna LED Neon Flex uima-allas - T1615 - ESSENLED","description":"IP68 silikoni ylh\u00e4\u00e4lt\u00e4 katsottuna LED neon flex uima-allas - T1615, Se on ylh\u00e4\u00e4lt\u00e4 katsottuna neon, jonka koko on 16 * 15mm, suunniteltu uima-allasveteen.","robots":{"index":"index","follow":"follow","max-snippet":"max-snippet:-1","max-image-preview":"max-image-preview:large","max-video-preview":"max-video-preview:-1"},"canonical":"https:\/\/essenled.com\/fi\/tuote\/ip68-silicone-top-view-led-neon-flex-swimming-pool\/","og_locale":"fi_FI","og_type":"article","og_title":"IP68 Silicone Top View LED Neon Flex Swimming Pool - T1615","og_description":"IP68 silicone top view LED neon flex swimming pool - T1615, It is a top view neon with a size of 16*15mm, designed for swimming pool water.","og_url":"https:\/\/essenled.com\/fi\/tuote\/ip68-silicone-top-view-led-neon-flex-swimming-pool\/","og_site_name":"ESSENLED","article_modified_time":"2024-03-04T12:07:55+00:00","og_image":[{"width":800,"height":800,"url":"https:\/\/essenled.com\/wp-content\/uploads\/2024\/03\/IP68-1615-Neon-Light-Outdoor-Lighting.webp","type":"image\/webp"}],"twitter_card":"summary_large_image","twitter_misc":{"Arvioitu lukuaika":"1 minuutti"},"schema":{"@context":"https:\/\/schema.org","@graph":[{"@type":"WebPage","@id":"https:\/\/essenled.com\/de\/produkt\/ip68-silikon-obersicht-led-neon-flex-schwimmbad\/","url":"https:\/\/essenled.com\/de\/produkt\/ip68-silikon-obersicht-led-neon-flex-schwimmbad\/","name":"IP68 silikoni ylh\u00e4\u00e4lt\u00e4 katsottuna LED Neon Flex uima-allas - T1615 - ESSENLED","isPartOf":{"@id":"https:\/\/essenled.com\/#website"},"primaryImageOfPage":{"@id":"https:\/\/essenled.com\/de\/produkt\/ip68-silikon-obersicht-led-neon-flex-schwimmbad\/#primaryimage"},"image":{"@id":"https:\/\/essenled.com\/de\/produkt\/ip68-silikon-obersicht-led-neon-flex-schwimmbad\/#primaryimage"},"thumbnailUrl":"https:\/\/essenled.com\/wp-content\/uploads\/2024\/03\/IP68-1615-Neon-Light-Outdoor-Lighting.webp","datePublished":"2024-03-01T01:30:42+00:00","dateModified":"2024-03-04T12:07:55+00:00","description":"IP68 silikoni ylh\u00e4\u00e4lt\u00e4 katsottuna LED neon flex uima-allas - T1615, Se on ylh\u00e4\u00e4lt\u00e4 katsottuna neon, jonka koko on 16 * 15mm, suunniteltu uima-allasveteen.","breadcrumb":{"@id":"https:\/\/essenled.com\/de\/produkt\/ip68-silikon-obersicht-led-neon-flex-schwimmbad\/#breadcrumb"},"inLanguage":"fi","potentialAction":[{"@type":"ReadAction","target":["https:\/\/essenled.com\/de\/produkt\/ip68-silikon-obersicht-led-neon-flex-schwimmbad\/"]}]},{"@type":"ImageObject","inLanguage":"fi","@id":"https:\/\/essenled.com\/de\/produkt\/ip68-silikon-obersicht-led-neon-flex-schwimmbad\/#primaryimage","url":"https:\/\/essenled.com\/wp-content\/uploads\/2024\/03\/IP68-1615-Neon-Light-Outdoor-Lighting.webp","contentUrl":"https:\/\/essenled.com\/wp-content\/uploads\/2024\/03\/IP68-1615-Neon-Light-Outdoor-Lighting.webp","width":800,"height":800,"caption":"IP68 1615 Neon Light Outdoor Lighting"},{"@type":"BreadcrumbList","@id":"https:\/\/essenled.com\/de\/produkt\/ip68-silikon-obersicht-led-neon-flex-schwimmbad\/#breadcrumb","itemListElement":[{"@type":"ListItem","position":1,"name":"Home","item":"https:\/\/essenled.com\/"},{"@type":"ListItem","position":2,"name":"Product","item":"https:\/\/essenled.com\/fr\/product\/"},{"@type":"ListItem","position":3,"name":"IP68 Silicone Top View LED Neon Flex Swimming Pool &#8211; T1615"}]},{"@type":"WebSite","@id":"https:\/\/essenled.com\/#website","url":"https:\/\/essenled.com\/","name":"ESSENLED","description":"","publisher":{"@id":"https:\/\/essenled.com\/#organization"},"potentialAction":[{"@type":"SearchAction","target":{"@type":"EntryPoint","urlTemplate":"https:\/\/essenled.com\/?s={search_term_string}"},"query-input":{"@type":"PropertyValueSpecification","valueRequired":true,"valueName":"search_term_string"}}],"inLanguage":"fi"},{"@type":"Organization","@id":"https:\/\/essenled.com\/#organization","name":"ESSENLED","url":"https:\/\/essenled.com\/","logo":{"@type":"ImageObject","inLanguage":"fi","@id":"https:\/\/essenled.com\/#\/schema\/logo\/image\/","url":"https:\/\/essenled.com\/wp-content\/uploads\/2024\/01\/Essen-logo.png","contentUrl":"https:\/\/essenled.com\/wp-content\/uploads\/2024\/01\/Essen-logo.png","width":800,"height":110,"caption":"ESSENLED"},"image":{"@id":"https:\/\/essenled.com\/#\/schema\/logo\/image\/"}}]}},"_links":{"self":[{"href":"https:\/\/essenled.com\/fi\/wp-json\/wp\/v2\/product\/1504","targetHints":{"allow":["GET"]}}],"collection":[{"href":"https:\/\/essenled.com\/fi\/wp-json\/wp\/v2\/product"}],"about":[{"href":"https:\/\/essenled.com\/fi\/wp-json\/wp\/v2\/types\/product"}],"version-history":[{"count":1,"href":"https:\/\/essenled.com\/fi\/wp-json\/wp\/v2\/product\/1504\/revisions"}],"predecessor-version":[{"id":1512,"href":"https:\/\/essenled.com\/fi\/wp-json\/wp\/v2\/product\/1504\/revisions\/1512"}],"wp:featuredmedia":[{"embeddable":true,"href":"https:\/\/essenled.com\/fi\/wp-json\/wp\/v2\/media\/1506"}],"wp:attachment":[{"href":"https:\/\/essenled.com\/fi\/wp-json\/wp\/v2\/media?parent=1504"}],"wp:term":[{"taxonomy":"product_brand","embeddable":true,"href":"https:\/\/essenled.com\/fi\/wp-json\/wp\/v2\/product_brand?post=1504"},{"taxonomy":"product_cat","embeddable":true,"href":"https:\/\/essenled.com\/fi\/wp-json\/wp\/v2\/product_cat?post=1504"},{"taxonomy":"product_tag","embeddable":true,"href":"https:\/\/essenled.com\/fi\/wp-json\/wp\/v2\/product_tag?post=1504"}],"curies":[{"name":"wp","href":"https:\/\/api.w.org\/{rel}","templated":true}]}}