{"id":762,"date":"2024-02-14T02:19:07","date_gmt":"2024-02-14T02:19:07","guid":{"rendered":"https:\/\/essenled.com\/?post_type=product&#038;p=762"},"modified":"2024-06-01T09:30:29","modified_gmt":"2024-06-01T09:30:29","slug":"dim-to-warm-cob-led-strip-lights-3000k-1800k-24v-dotless","status":"publish","type":"product","link":"https:\/\/essenled.com\/es\/producto\/dim-to-warm-cob-led-strip-lights-3000k-1800k-24v-dotless\/","title":{"rendered":"Tiras de LED COB de intensidad regulable a c\u00e1lida 3000K-1800K 24V sin puntos"},"content":{"rendered":"","protected":false},"excerpt":{"rendered":"<p>COB Dim to Warm tira de LED con 588leds\/m, es una tira de luz LED de alta densidad con 24V, tiene un efecto de iluminaci\u00f3n uniforme, y puede cambiar la temperatura de color de cuando se aten\u00faa Pasar\u00e1 de fr\u00edo a c\u00e1lido.<\/p>\n<p>\"Dim to Warm COB LED strip\" se refiere a una tira de LED que imita el cambio de temperatura de color cuando se aten\u00faan las l\u00e1mparas incandescentes o hal\u00f3genas tradicionales. Dimmed 3000K a 1800K como desee.<\/p>\n<p>COB 588leds\/m dim to warm es una tira de LED de alta densidad, la caracter\u00edstica significa que la tira de LED est\u00e1 dise\u00f1ada de tal manera que los LED individuales son indistinguibles, con efecto de iluminaci\u00f3n continua sin puntos o manchas visibles.<\/p>\n<p>Tira LED de tenue a c\u00e1lida Cuando estas tiras LED se aten\u00faan, cambian de una luz blanca azulada m\u00e1s fr\u00eda a una luz blanca amarilla m\u00e1s c\u00e1lida, otras temperaturas de color tambi\u00e9n se pueden personalizar.<\/p>","protected":false},"featured_media":2169,"template":"","meta":{"_kad_post_transparent":"default","_kad_post_title":"","_kad_post_layout":"default","_kad_post_sidebar_id":"","_kad_post_content_style":"default","_kad_post_vertical_padding":"default","_kad_post_feature":"","_kad_post_feature_position":"","_kad_post_header":false,"_kad_post_footer":false,"_kad_post_classname":""},"product_brand":[],"product_cat":[50,54,33,29],"product_tag":[113,111,112,114,115],"class_list":{"0":"post-762","1":"product","2":"type-product","3":"status-publish","4":"has-post-thumbnail","6":"product_cat-cob-led-strip","7":"product_cat-dim-to-warm-cob-series","8":"product_cat-dim-to-warm-series","9":"product_cat-led-strip","10":"product_tag-3000k-1800k-dim-led-strip","11":"product_tag-dim-to-warm-cob","12":"product_tag-dim-to-warm-led-strip","13":"product_tag-dim-to-warm-led-tape","14":"product_tag-dimmable-led-strip-3000k-1800k","16":"first","17":"instock","18":"featured","19":"shipping-taxable","20":"product-type-simple","21":"entry","22":"content-bg","23":"loop-entry"},"yoast_head":"<!-- This site is optimized with the Yoast SEO Premium plugin v24.3 (Yoast SEO v26.7) - https:\/\/yoast.com\/wordpress\/plugins\/seo\/ -->\n<title>Dim to Warm COB LED Strip Lights 3000K-1800K 24V Dotless - ESSENLED<\/title>\n<meta name=\"description\" content=\"COB Dim to Warm LED strip with a high density of 588leds\/m, is a high-density LED strip light with 24V, Dimmed 3000K to 1800K as you wish.\" \/>\n<meta name=\"robots\" content=\"index, follow, max-snippet:-1, max-image-preview:large, max-video-preview:-1\" \/>\n<link rel=\"canonical\" href=\"https:\/\/essenled.com\/es\/producto\/dim-to-warm-cob-led-strip-lights-3000k-1800k-24v-dotless\/\" \/>\n<meta property=\"og:locale\" content=\"es_ES\" \/>\n<meta property=\"og:type\" content=\"article\" \/>\n<meta property=\"og:title\" content=\"Dim to Warm COB LED Strip Lights 3000K-1800K 24V Dotless\" \/>\n<meta property=\"og:description\" content=\"COB Dim to Warm LED strip with a high density of 588leds\/m, is a high-density LED strip light with 24V, Dimmed 3000K to 1800K as you wish.\" \/>\n<meta property=\"og:url\" content=\"https:\/\/essenled.com\/es\/producto\/dim-to-warm-cob-led-strip-lights-3000k-1800k-24v-dotless\/\" \/>\n<meta property=\"og:site_name\" content=\"ESSENLED\" \/>\n<meta property=\"article:modified_time\" content=\"2024-06-01T09:30:29+00:00\" \/>\n<meta property=\"og:image\" content=\"https:\/\/essenled.com\/wp-content\/uploads\/2024\/02\/Dim-to-Warm-LED-Strip-24v.webp\" \/>\n\t<meta property=\"og:image:width\" content=\"1000\" \/>\n\t<meta property=\"og:image:height\" content=\"1000\" \/>\n\t<meta property=\"og:image:type\" content=\"image\/webp\" \/>\n<meta name=\"twitter:card\" content=\"summary_large_image\" \/>\n<meta name=\"twitter:label1\" content=\"Tiempo de lectura\" \/>\n\t<meta name=\"twitter:data1\" content=\"1 minuto\" \/>\n<script type=\"application\/ld+json\" class=\"yoast-schema-graph\">{\"@context\":\"https:\/\/schema.org\",\"@graph\":[{\"@type\":\"WebPage\",\"@id\":\"https:\/\/essenled.com\/product\/dim-to-warm-cob-led-strip-lights-3000k-1800k-24v-dotless\/\",\"url\":\"https:\/\/essenled.com\/product\/dim-to-warm-cob-led-strip-lights-3000k-1800k-24v-dotless\/\",\"name\":\"Dim to Warm COB LED Strip Lights 3000K-1800K 24V Dotless - ESSENLED\",\"isPartOf\":{\"@id\":\"https:\/\/essenled.com\/#website\"},\"primaryImageOfPage\":{\"@id\":\"https:\/\/essenled.com\/product\/dim-to-warm-cob-led-strip-lights-3000k-1800k-24v-dotless\/#primaryimage\"},\"image\":{\"@id\":\"https:\/\/essenled.com\/product\/dim-to-warm-cob-led-strip-lights-3000k-1800k-24v-dotless\/#primaryimage\"},\"thumbnailUrl\":\"https:\/\/essenled.com\/wp-content\/uploads\/2024\/02\/Dim-to-Warm-LED-Strip-24v.webp\",\"datePublished\":\"2024-02-14T02:19:07+00:00\",\"dateModified\":\"2024-06-01T09:30:29+00:00\",\"description\":\"COB Dim to Warm LED strip with a high density of 588leds\/m, is a high-density LED strip light with 24V, Dimmed 3000K to 1800K as you wish.\",\"breadcrumb\":{\"@id\":\"https:\/\/essenled.com\/product\/dim-to-warm-cob-led-strip-lights-3000k-1800k-24v-dotless\/#breadcrumb\"},\"inLanguage\":\"es\",\"potentialAction\":[{\"@type\":\"ReadAction\",\"target\":[\"https:\/\/essenled.com\/product\/dim-to-warm-cob-led-strip-lights-3000k-1800k-24v-dotless\/\"]}]},{\"@type\":\"ImageObject\",\"inLanguage\":\"es\",\"@id\":\"https:\/\/essenled.com\/product\/dim-to-warm-cob-led-strip-lights-3000k-1800k-24v-dotless\/#primaryimage\",\"url\":\"https:\/\/essenled.com\/wp-content\/uploads\/2024\/02\/Dim-to-Warm-LED-Strip-24v.webp\",\"contentUrl\":\"https:\/\/essenled.com\/wp-content\/uploads\/2024\/02\/Dim-to-Warm-LED-Strip-24v.webp\",\"width\":1000,\"height\":1000,\"caption\":\"Dim to Warm LED Strip 24v\"},{\"@type\":\"BreadcrumbList\",\"@id\":\"https:\/\/essenled.com\/product\/dim-to-warm-cob-led-strip-lights-3000k-1800k-24v-dotless\/#breadcrumb\",\"itemListElement\":[{\"@type\":\"ListItem\",\"position\":1,\"name\":\"Home\",\"item\":\"https:\/\/essenled.com\/\"},{\"@type\":\"ListItem\",\"position\":2,\"name\":\"Product\",\"item\":\"https:\/\/essenled.com\/fr\/product\/\"},{\"@type\":\"ListItem\",\"position\":3,\"name\":\"Dim to Warm COB LED Strip Lights 3000K-1800K 24V Dotless\"}]},{\"@type\":\"WebSite\",\"@id\":\"https:\/\/essenled.com\/#website\",\"url\":\"https:\/\/essenled.com\/\",\"name\":\"ESSENLED\",\"description\":\"\",\"publisher\":{\"@id\":\"https:\/\/essenled.com\/#organization\"},\"potentialAction\":[{\"@type\":\"SearchAction\",\"target\":{\"@type\":\"EntryPoint\",\"urlTemplate\":\"https:\/\/essenled.com\/?s={search_term_string}\"},\"query-input\":{\"@type\":\"PropertyValueSpecification\",\"valueRequired\":true,\"valueName\":\"search_term_string\"}}],\"inLanguage\":\"es\"},{\"@type\":\"Organization\",\"@id\":\"https:\/\/essenled.com\/#organization\",\"name\":\"ESSENLED\",\"url\":\"https:\/\/essenled.com\/\",\"logo\":{\"@type\":\"ImageObject\",\"inLanguage\":\"es\",\"@id\":\"https:\/\/essenled.com\/#\/schema\/logo\/image\/\",\"url\":\"https:\/\/essenled.com\/wp-content\/uploads\/2024\/01\/Essen-logo.png\",\"contentUrl\":\"https:\/\/essenled.com\/wp-content\/uploads\/2024\/01\/Essen-logo.png\",\"width\":800,\"height\":110,\"caption\":\"ESSENLED\"},\"image\":{\"@id\":\"https:\/\/essenled.com\/#\/schema\/logo\/image\/\"}}]}<\/script>\n<!-- \/ Yoast SEO Premium plugin. -->","yoast_head_json":{"title":"Dim to Warm COB LED Strip Lights 3000K-1800K 24V Dotless - ESSENLED","description":"Tira LED COB Dim to Warm con una alta densidad de 588leds\/m, es una tira de luz LED de alta densidad con 24V, Dimmed 3000K a 1800K como desee.","robots":{"index":"index","follow":"follow","max-snippet":"max-snippet:-1","max-image-preview":"max-image-preview:large","max-video-preview":"max-video-preview:-1"},"canonical":"https:\/\/essenled.com\/es\/producto\/dim-to-warm-cob-led-strip-lights-3000k-1800k-24v-dotless\/","og_locale":"es_ES","og_type":"article","og_title":"Dim to Warm COB LED Strip Lights 3000K-1800K 24V Dotless","og_description":"COB Dim to Warm LED strip with a high density of 588leds\/m, is a high-density LED strip light with 24V, Dimmed 3000K to 1800K as you wish.","og_url":"https:\/\/essenled.com\/es\/producto\/dim-to-warm-cob-led-strip-lights-3000k-1800k-24v-dotless\/","og_site_name":"ESSENLED","article_modified_time":"2024-06-01T09:30:29+00:00","og_image":[{"width":1000,"height":1000,"url":"https:\/\/essenled.com\/wp-content\/uploads\/2024\/02\/Dim-to-Warm-LED-Strip-24v.webp","type":"image\/webp"}],"twitter_card":"summary_large_image","twitter_misc":{"Tiempo de lectura":"1 minuto"},"schema":{"@context":"https:\/\/schema.org","@graph":[{"@type":"WebPage","@id":"https:\/\/essenled.com\/product\/dim-to-warm-cob-led-strip-lights-3000k-1800k-24v-dotless\/","url":"https:\/\/essenled.com\/product\/dim-to-warm-cob-led-strip-lights-3000k-1800k-24v-dotless\/","name":"Dim to Warm COB LED Strip Lights 3000K-1800K 24V Dotless - ESSENLED","isPartOf":{"@id":"https:\/\/essenled.com\/#website"},"primaryImageOfPage":{"@id":"https:\/\/essenled.com\/product\/dim-to-warm-cob-led-strip-lights-3000k-1800k-24v-dotless\/#primaryimage"},"image":{"@id":"https:\/\/essenled.com\/product\/dim-to-warm-cob-led-strip-lights-3000k-1800k-24v-dotless\/#primaryimage"},"thumbnailUrl":"https:\/\/essenled.com\/wp-content\/uploads\/2024\/02\/Dim-to-Warm-LED-Strip-24v.webp","datePublished":"2024-02-14T02:19:07+00:00","dateModified":"2024-06-01T09:30:29+00:00","description":"Tira LED COB Dim to Warm con una alta densidad de 588leds\/m, es una tira de luz LED de alta densidad con 24V, Dimmed 3000K a 1800K como desee.","breadcrumb":{"@id":"https:\/\/essenled.com\/product\/dim-to-warm-cob-led-strip-lights-3000k-1800k-24v-dotless\/#breadcrumb"},"inLanguage":"es","potentialAction":[{"@type":"ReadAction","target":["https:\/\/essenled.com\/product\/dim-to-warm-cob-led-strip-lights-3000k-1800k-24v-dotless\/"]}]},{"@type":"ImageObject","inLanguage":"es","@id":"https:\/\/essenled.com\/product\/dim-to-warm-cob-led-strip-lights-3000k-1800k-24v-dotless\/#primaryimage","url":"https:\/\/essenled.com\/wp-content\/uploads\/2024\/02\/Dim-to-Warm-LED-Strip-24v.webp","contentUrl":"https:\/\/essenled.com\/wp-content\/uploads\/2024\/02\/Dim-to-Warm-LED-Strip-24v.webp","width":1000,"height":1000,"caption":"Dim to Warm LED Strip 24v"},{"@type":"BreadcrumbList","@id":"https:\/\/essenled.com\/product\/dim-to-warm-cob-led-strip-lights-3000k-1800k-24v-dotless\/#breadcrumb","itemListElement":[{"@type":"ListItem","position":1,"name":"Home","item":"https:\/\/essenled.com\/"},{"@type":"ListItem","position":2,"name":"Product","item":"https:\/\/essenled.com\/fr\/product\/"},{"@type":"ListItem","position":3,"name":"Dim to Warm COB LED Strip Lights 3000K-1800K 24V Dotless"}]},{"@type":"WebSite","@id":"https:\/\/essenled.com\/#website","url":"https:\/\/essenled.com\/","name":"ESSENLED","description":"","publisher":{"@id":"https:\/\/essenled.com\/#organization"},"potentialAction":[{"@type":"SearchAction","target":{"@type":"EntryPoint","urlTemplate":"https:\/\/essenled.com\/?s={search_term_string}"},"query-input":{"@type":"PropertyValueSpecification","valueRequired":true,"valueName":"search_term_string"}}],"inLanguage":"es"},{"@type":"Organization","@id":"https:\/\/essenled.com\/#organization","name":"ESSENLED","url":"https:\/\/essenled.com\/","logo":{"@type":"ImageObject","inLanguage":"es","@id":"https:\/\/essenled.com\/#\/schema\/logo\/image\/","url":"https:\/\/essenled.com\/wp-content\/uploads\/2024\/01\/Essen-logo.png","contentUrl":"https:\/\/essenled.com\/wp-content\/uploads\/2024\/01\/Essen-logo.png","width":800,"height":110,"caption":"ESSENLED"},"image":{"@id":"https:\/\/essenled.com\/#\/schema\/logo\/image\/"}}]}},"_links":{"self":[{"href":"https:\/\/essenled.com\/es\/wp-json\/wp\/v2\/product\/762","targetHints":{"allow":["GET"]}}],"collection":[{"href":"https:\/\/essenled.com\/es\/wp-json\/wp\/v2\/product"}],"about":[{"href":"https:\/\/essenled.com\/es\/wp-json\/wp\/v2\/types\/product"}],"version-history":[{"count":5,"href":"https:\/\/essenled.com\/es\/wp-json\/wp\/v2\/product\/762\/revisions"}],"predecessor-version":[{"id":2027,"href":"https:\/\/essenled.com\/es\/wp-json\/wp\/v2\/product\/762\/revisions\/2027"}],"wp:featuredmedia":[{"embeddable":true,"href":"https:\/\/essenled.com\/es\/wp-json\/wp\/v2\/media\/2169"}],"wp:attachment":[{"href":"https:\/\/essenled.com\/es\/wp-json\/wp\/v2\/media?parent=762"}],"wp:term":[{"taxonomy":"product_brand","embeddable":true,"href":"https:\/\/essenled.com\/es\/wp-json\/wp\/v2\/product_brand?post=762"},{"taxonomy":"product_cat","embeddable":true,"href":"https:\/\/essenled.com\/es\/wp-json\/wp\/v2\/product_cat?post=762"},{"taxonomy":"product_tag","embeddable":true,"href":"https:\/\/essenled.com\/es\/wp-json\/wp\/v2\/product_tag?post=762"}],"curies":[{"name":"wp","href":"https:\/\/api.w.org\/{rel}","templated":true}]}}