{"id":1664,"date":"2024-03-04T02:41:48","date_gmt":"2024-03-04T02:41:48","guid":{"rendered":"https:\/\/essenled.com\/?post_type=product&#038;p=1664"},"modified":"2024-03-04T11:53:32","modified_gmt":"2024-03-04T11:53:32","slug":"skyline-linear-light-neon-flex","status":"publish","type":"product","link":"https:\/\/essenled.com\/es\/producto\/skyline-linear-light-neon-flex\/","title":{"rendered":"L\u00e1mpara lineal Skyline - Neon Flex"},"content":{"rendered":"","protected":false},"excerpt":{"rendered":"<p>La nueva luminaria lineal Skyline de iluminaci\u00f3n espacial-Neon Flex Strip es una luminaria lineal de ne\u00f3n LED de nuevo material. Est\u00e1 equipada principalmente con tubos de ne\u00f3n LED que admiten iluminaci\u00f3n de una y dos caras, lo que resulta muy novedoso y bello.<\/p>\n<p>La iluminaci\u00f3n espacial de luz lineal Skyline - Neon Flex Strip se caracteriza por su forma redonda y su tacto real y delicado. Es una nueva forma de iluminaci\u00f3n que rompe con las limitaciones de espacio y construye un puente de luz.<\/p>\n<p>El espacio de iluminaci\u00f3n lineal de tiras de ne\u00f3n es un espacio hemisf\u00e9rico de 360\u00b0 que se extiende en cualquier direcci\u00f3n; una instalaci\u00f3n de combinaci\u00f3n tridimensional, un solo color, RGB y colores m\u00e1gicos son opcionales.<\/p>\n<p>Los sistemas de iluminaci\u00f3n lineal Skyline neon flex ofrecen soluciones de iluminaci\u00f3n vers\u00e1tiles y novedosas para espacios interiores.<\/p>","protected":false},"featured_media":1666,"template":"","meta":{"_kad_post_transparent":"default","_kad_post_title":"","_kad_post_layout":"default","_kad_post_sidebar_id":"","_kad_post_content_style":"default","_kad_post_vertical_padding":"default","_kad_post_feature":"","_kad_post_feature_position":"","_kad_post_header":false,"_kad_post_footer":false,"_kad_post_classname":""},"product_brand":[],"product_cat":[56,57],"product_tag":[676,679,680,678,675,677],"class_list":{"0":"post-1664","1":"product","2":"type-product","3":"status-publish","4":"has-post-thumbnail","6":"product_cat-skyline-linear-light","7":"product_cat-skyline-linear-light-skyline-linear-light","8":"product_tag-skyline-flexible-led-linear-lighting-neon-strip","9":"product_tag-skyline-linear-lighting-led-neon","10":"product_tag-skyline-linear-lighting-neon-strip-space-lighting","11":"product_tag-skyline-linear-lighting-white-led-neon","12":"product_tag-skyline-neon-flex-linear-lighting","13":"product_tag-skyline-neon-flex-linear-lighting-system","15":"first","16":"instock","17":"featured","18":"shipping-taxable","19":"product-type-simple","20":"entry","21":"content-bg","22":"loop-entry"},"yoast_head":"<!-- This site is optimized with the Yoast SEO Premium plugin v24.3 (Yoast SEO v26.7) - https:\/\/yoast.com\/wordpress\/plugins\/seo\/ -->\n<title>Skyline Linear Light - Neon Flex - ESSENLED<\/title>\n<meta name=\"description\" content=\"New Skyline linear light space lighting-Neon Flex Strip is a new LED neon linear light, that supports single-sided and double-sided lighting.\" \/>\n<meta name=\"robots\" content=\"index, follow, max-snippet:-1, max-image-preview:large, max-video-preview:-1\" \/>\n<link rel=\"canonical\" href=\"https:\/\/essenled.com\/es\/producto\/skyline-linear-light-neon-flex\/\" \/>\n<meta property=\"og:locale\" content=\"es_ES\" \/>\n<meta property=\"og:type\" content=\"article\" \/>\n<meta property=\"og:title\" content=\"Skyline Linear Light - Neon Flex\" \/>\n<meta property=\"og:description\" content=\"New Skyline linear light space lighting-Neon Flex Strip is a new LED neon linear light, that supports single-sided and double-sided lighting.\" \/>\n<meta property=\"og:url\" content=\"https:\/\/essenled.com\/es\/producto\/skyline-linear-light-neon-flex\/\" \/>\n<meta property=\"og:site_name\" content=\"ESSENLED\" \/>\n<meta property=\"article:modified_time\" content=\"2024-03-04T11:53:32+00:00\" \/>\n<meta property=\"og:image\" content=\"https:\/\/essenled.com\/wp-content\/uploads\/2024\/03\/SKYLINE-Flexible-LED-Linear-Lighting-Neon-Strip.webp\" \/>\n\t<meta property=\"og:image:width\" content=\"800\" \/>\n\t<meta property=\"og:image:height\" content=\"800\" \/>\n\t<meta property=\"og:image:type\" content=\"image\/webp\" \/>\n<meta name=\"twitter:card\" content=\"summary_large_image\" \/>\n<meta name=\"twitter:label1\" content=\"Tiempo de lectura\" \/>\n\t<meta name=\"twitter:data1\" content=\"1 minuto\" \/>\n<script type=\"application\/ld+json\" class=\"yoast-schema-graph\">{\"@context\":\"https:\/\/schema.org\",\"@graph\":[{\"@type\":\"WebPage\",\"@id\":\"https:\/\/essenled.com\/product\/skyline-linear-light-neon-flex\/\",\"url\":\"https:\/\/essenled.com\/product\/skyline-linear-light-neon-flex\/\",\"name\":\"Skyline Linear Light - Neon Flex - ESSENLED\",\"isPartOf\":{\"@id\":\"https:\/\/essenled.com\/#website\"},\"primaryImageOfPage\":{\"@id\":\"https:\/\/essenled.com\/product\/skyline-linear-light-neon-flex\/#primaryimage\"},\"image\":{\"@id\":\"https:\/\/essenled.com\/product\/skyline-linear-light-neon-flex\/#primaryimage\"},\"thumbnailUrl\":\"https:\/\/essenled.com\/wp-content\/uploads\/2024\/03\/SKYLINE-Flexible-LED-Linear-Lighting-Neon-Strip.webp\",\"datePublished\":\"2024-03-04T02:41:48+00:00\",\"dateModified\":\"2024-03-04T11:53:32+00:00\",\"description\":\"New Skyline linear light space lighting-Neon Flex Strip is a new LED neon linear light, that supports single-sided and double-sided lighting.\",\"breadcrumb\":{\"@id\":\"https:\/\/essenled.com\/product\/skyline-linear-light-neon-flex\/#breadcrumb\"},\"inLanguage\":\"es\",\"potentialAction\":[{\"@type\":\"ReadAction\",\"target\":[\"https:\/\/essenled.com\/product\/skyline-linear-light-neon-flex\/\"]}]},{\"@type\":\"ImageObject\",\"inLanguage\":\"es\",\"@id\":\"https:\/\/essenled.com\/product\/skyline-linear-light-neon-flex\/#primaryimage\",\"url\":\"https:\/\/essenled.com\/wp-content\/uploads\/2024\/03\/SKYLINE-Flexible-LED-Linear-Lighting-Neon-Strip.webp\",\"contentUrl\":\"https:\/\/essenled.com\/wp-content\/uploads\/2024\/03\/SKYLINE-Flexible-LED-Linear-Lighting-Neon-Strip.webp\",\"width\":800,\"height\":800,\"caption\":\"SKYLINE Flexible LED Linear Lighting Neon Strip\"},{\"@type\":\"BreadcrumbList\",\"@id\":\"https:\/\/essenled.com\/product\/skyline-linear-light-neon-flex\/#breadcrumb\",\"itemListElement\":[{\"@type\":\"ListItem\",\"position\":1,\"name\":\"Home\",\"item\":\"https:\/\/essenled.com\/\"},{\"@type\":\"ListItem\",\"position\":2,\"name\":\"Product\",\"item\":\"https:\/\/essenled.com\/fr\/product\/\"},{\"@type\":\"ListItem\",\"position\":3,\"name\":\"Skyline Linear Light &#8211; Neon Flex\"}]},{\"@type\":\"WebSite\",\"@id\":\"https:\/\/essenled.com\/#website\",\"url\":\"https:\/\/essenled.com\/\",\"name\":\"ESSENLED\",\"description\":\"\",\"publisher\":{\"@id\":\"https:\/\/essenled.com\/#organization\"},\"potentialAction\":[{\"@type\":\"SearchAction\",\"target\":{\"@type\":\"EntryPoint\",\"urlTemplate\":\"https:\/\/essenled.com\/?s={search_term_string}\"},\"query-input\":{\"@type\":\"PropertyValueSpecification\",\"valueRequired\":true,\"valueName\":\"search_term_string\"}}],\"inLanguage\":\"es\"},{\"@type\":\"Organization\",\"@id\":\"https:\/\/essenled.com\/#organization\",\"name\":\"ESSENLED\",\"url\":\"https:\/\/essenled.com\/\",\"logo\":{\"@type\":\"ImageObject\",\"inLanguage\":\"es\",\"@id\":\"https:\/\/essenled.com\/#\/schema\/logo\/image\/\",\"url\":\"https:\/\/essenled.com\/wp-content\/uploads\/2024\/01\/Essen-logo.png\",\"contentUrl\":\"https:\/\/essenled.com\/wp-content\/uploads\/2024\/01\/Essen-logo.png\",\"width\":800,\"height\":110,\"caption\":\"ESSENLED\"},\"image\":{\"@id\":\"https:\/\/essenled.com\/#\/schema\/logo\/image\/\"}}]}<\/script>\n<!-- \/ Yoast SEO Premium plugin. -->","yoast_head_json":{"title":"Skyline Linear Light - Neon Flex - ESSENLED","description":"Nueva luz lineal Skyline de iluminaci\u00f3n espacial-Neon Flex Strip es una nueva luz lineal de ne\u00f3n LED, que admite iluminaci\u00f3n de una cara y de doble cara.","robots":{"index":"index","follow":"follow","max-snippet":"max-snippet:-1","max-image-preview":"max-image-preview:large","max-video-preview":"max-video-preview:-1"},"canonical":"https:\/\/essenled.com\/es\/producto\/skyline-linear-light-neon-flex\/","og_locale":"es_ES","og_type":"article","og_title":"Skyline Linear Light - Neon Flex","og_description":"New Skyline linear light space lighting-Neon Flex Strip is a new LED neon linear light, that supports single-sided and double-sided lighting.","og_url":"https:\/\/essenled.com\/es\/producto\/skyline-linear-light-neon-flex\/","og_site_name":"ESSENLED","article_modified_time":"2024-03-04T11:53:32+00:00","og_image":[{"width":800,"height":800,"url":"https:\/\/essenled.com\/wp-content\/uploads\/2024\/03\/SKYLINE-Flexible-LED-Linear-Lighting-Neon-Strip.webp","type":"image\/webp"}],"twitter_card":"summary_large_image","twitter_misc":{"Tiempo de lectura":"1 minuto"},"schema":{"@context":"https:\/\/schema.org","@graph":[{"@type":"WebPage","@id":"https:\/\/essenled.com\/product\/skyline-linear-light-neon-flex\/","url":"https:\/\/essenled.com\/product\/skyline-linear-light-neon-flex\/","name":"Skyline Linear Light - Neon Flex - ESSENLED","isPartOf":{"@id":"https:\/\/essenled.com\/#website"},"primaryImageOfPage":{"@id":"https:\/\/essenled.com\/product\/skyline-linear-light-neon-flex\/#primaryimage"},"image":{"@id":"https:\/\/essenled.com\/product\/skyline-linear-light-neon-flex\/#primaryimage"},"thumbnailUrl":"https:\/\/essenled.com\/wp-content\/uploads\/2024\/03\/SKYLINE-Flexible-LED-Linear-Lighting-Neon-Strip.webp","datePublished":"2024-03-04T02:41:48+00:00","dateModified":"2024-03-04T11:53:32+00:00","description":"Nueva luz lineal Skyline de iluminaci\u00f3n espacial-Neon Flex Strip es una nueva luz lineal de ne\u00f3n LED, que admite iluminaci\u00f3n de una cara y de doble cara.","breadcrumb":{"@id":"https:\/\/essenled.com\/product\/skyline-linear-light-neon-flex\/#breadcrumb"},"inLanguage":"es","potentialAction":[{"@type":"ReadAction","target":["https:\/\/essenled.com\/product\/skyline-linear-light-neon-flex\/"]}]},{"@type":"ImageObject","inLanguage":"es","@id":"https:\/\/essenled.com\/product\/skyline-linear-light-neon-flex\/#primaryimage","url":"https:\/\/essenled.com\/wp-content\/uploads\/2024\/03\/SKYLINE-Flexible-LED-Linear-Lighting-Neon-Strip.webp","contentUrl":"https:\/\/essenled.com\/wp-content\/uploads\/2024\/03\/SKYLINE-Flexible-LED-Linear-Lighting-Neon-Strip.webp","width":800,"height":800,"caption":"SKYLINE Flexible LED Linear Lighting Neon Strip"},{"@type":"BreadcrumbList","@id":"https:\/\/essenled.com\/product\/skyline-linear-light-neon-flex\/#breadcrumb","itemListElement":[{"@type":"ListItem","position":1,"name":"Home","item":"https:\/\/essenled.com\/"},{"@type":"ListItem","position":2,"name":"Product","item":"https:\/\/essenled.com\/fr\/product\/"},{"@type":"ListItem","position":3,"name":"Skyline Linear Light &#8211; Neon Flex"}]},{"@type":"WebSite","@id":"https:\/\/essenled.com\/#website","url":"https:\/\/essenled.com\/","name":"ESSENLED","description":"","publisher":{"@id":"https:\/\/essenled.com\/#organization"},"potentialAction":[{"@type":"SearchAction","target":{"@type":"EntryPoint","urlTemplate":"https:\/\/essenled.com\/?s={search_term_string}"},"query-input":{"@type":"PropertyValueSpecification","valueRequired":true,"valueName":"search_term_string"}}],"inLanguage":"es"},{"@type":"Organization","@id":"https:\/\/essenled.com\/#organization","name":"ESSENLED","url":"https:\/\/essenled.com\/","logo":{"@type":"ImageObject","inLanguage":"es","@id":"https:\/\/essenled.com\/#\/schema\/logo\/image\/","url":"https:\/\/essenled.com\/wp-content\/uploads\/2024\/01\/Essen-logo.png","contentUrl":"https:\/\/essenled.com\/wp-content\/uploads\/2024\/01\/Essen-logo.png","width":800,"height":110,"caption":"ESSENLED"},"image":{"@id":"https:\/\/essenled.com\/#\/schema\/logo\/image\/"}}]}},"_links":{"self":[{"href":"https:\/\/essenled.com\/es\/wp-json\/wp\/v2\/product\/1664","targetHints":{"allow":["GET"]}}],"collection":[{"href":"https:\/\/essenled.com\/es\/wp-json\/wp\/v2\/product"}],"about":[{"href":"https:\/\/essenled.com\/es\/wp-json\/wp\/v2\/types\/product"}],"version-history":[{"count":1,"href":"https:\/\/essenled.com\/es\/wp-json\/wp\/v2\/product\/1664\/revisions"}],"predecessor-version":[{"id":1672,"href":"https:\/\/essenled.com\/es\/wp-json\/wp\/v2\/product\/1664\/revisions\/1672"}],"wp:featuredmedia":[{"embeddable":true,"href":"https:\/\/essenled.com\/es\/wp-json\/wp\/v2\/media\/1666"}],"wp:attachment":[{"href":"https:\/\/essenled.com\/es\/wp-json\/wp\/v2\/media?parent=1664"}],"wp:term":[{"taxonomy":"product_brand","embeddable":true,"href":"https:\/\/essenled.com\/es\/wp-json\/wp\/v2\/product_brand?post=1664"},{"taxonomy":"product_cat","embeddable":true,"href":"https:\/\/essenled.com\/es\/wp-json\/wp\/v2\/product_cat?post=1664"},{"taxonomy":"product_tag","embeddable":true,"href":"https:\/\/essenled.com\/es\/wp-json\/wp\/v2\/product_tag?post=1664"}],"curies":[{"name":"wp","href":"https:\/\/api.w.org\/{rel}","templated":true}]}}