{"id":1623,"date":"2024-03-01T08:32:15","date_gmt":"2024-03-01T08:32:15","guid":{"rendered":"https:\/\/essenled.com\/?post_type=product&#038;p=1623"},"modified":"2024-03-01T10:31:14","modified_gmt":"2024-03-01T10:31:14","slug":"high-efficiency-side-view-1220mm-led-neon-flex","status":"publish","type":"product","link":"https:\/\/essenled.com\/es\/producto\/high-efficiency-side-view-1220mm-led-neon-flex\/","title":{"rendered":"LED Neon Flex de 12*20mm con vista lateral de alta eficiencia - S1220H"},"content":{"rendered":"","protected":false},"excerpt":{"rendered":"<p>Flexo de ne\u00f3n LED de 12*20mm con vista lateral de alta eficiencia - S1220H es un flexo de ne\u00f3n LED extruido de una pieza, principalmente para iluminaci\u00f3n interior y exterior, como iluminaci\u00f3n arquitect\u00f3nica e iluminaci\u00f3n comercial.<\/p>\n<p>Vista lateral 12*20mm de alta eficiencia LED ne\u00f3n flex est\u00e1 disponible en 5w\/m, 10w\/m, y 15w\/m. Opciones de color \u00fanico de 2700K-6000K, CRI m\u00e1s de 90+ con color real.<\/p>\n<p>Es un flexo de ne\u00f3n \u00fanico que utiliza LED de alta eficiencia como fuente de luz. La eficacia luminosa de las luces de ne\u00f3n de alta eficiencia es aproximadamente 40% superior a la de las luces de ne\u00f3n tradicionales.<\/p>\n<p>High-Efficiency Side View 1220H LED Neon Flex se caracteriza por el ahorro de energ\u00eda y la durabilidad, un aspecto sencillo y elegante, una larga vida \u00fatil y un bajo coste, por lo que puede disfrutar de \u00e9l con confianza.<\/p>","protected":false},"featured_media":1589,"template":"","meta":{"_kad_post_transparent":"default","_kad_post_title":"","_kad_post_layout":"default","_kad_post_sidebar_id":"","_kad_post_content_style":"default","_kad_post_vertical_padding":"default","_kad_post_feature":"","_kad_post_feature_position":"","_kad_post_header":false,"_kad_post_footer":false,"_kad_post_classname":""},"product_brand":[],"product_cat":[46,39],"product_tag":[641,618,645,643,642,644],"class_list":{"0":"post-1623","1":"product","2":"type-product","3":"status-publish","4":"has-post-thumbnail","6":"product_cat-high-efficiency-neon-series","7":"product_cat-neon-strip","8":"product_tag-high-efficiency-neon-1220-led-neon-flex","9":"product_tag-led-neon-side-1220-rgbw-rgb","10":"product_tag-neon-1220-side-high-efficiency-ip67-15w","11":"product_tag-neon-flex-1220-high-efficiency-24v-ip67","12":"product_tag-side-view-high-efficiency-1220-led-neon","13":"product_tag-silicone-neon-high-effciency-1220-ip67","15":"first","16":"instock","17":"shipping-taxable","18":"product-type-simple","19":"entry","20":"content-bg","21":"loop-entry"},"yoast_head":"<!-- This site is optimized with the Yoast SEO Premium plugin v24.3 (Yoast SEO v26.7) - https:\/\/yoast.com\/wordpress\/plugins\/seo\/ -->\n<title>High Efficiency Side View 12*20mm LED Neon Flex \u2013 S1220H - ESSENLED<\/title>\n<meta name=\"description\" content=\"High Efficiency Side View 12*20mm LED Neon Flex \u2013 S1220 is a one-piece extruded LED neon flex light, available in 5w\/m, 10w\/m, and 15w\/m.\" \/>\n<meta name=\"robots\" content=\"index, follow, max-snippet:-1, max-image-preview:large, max-video-preview:-1\" \/>\n<link rel=\"canonical\" href=\"https:\/\/essenled.com\/es\/producto\/high-efficiency-side-view-1220mm-led-neon-flex\/\" \/>\n<meta property=\"og:locale\" content=\"es_ES\" \/>\n<meta property=\"og:type\" content=\"article\" \/>\n<meta property=\"og:title\" content=\"High Efficiency Side View 12*20mm LED Neon Flex \u2013 S1220H\" \/>\n<meta property=\"og:description\" content=\"High Efficiency Side View 12*20mm LED Neon Flex \u2013 S1220 is a one-piece extruded LED neon flex light, available in 5w\/m, 10w\/m, and 15w\/m.\" \/>\n<meta property=\"og:url\" content=\"https:\/\/essenled.com\/es\/producto\/high-efficiency-side-view-1220mm-led-neon-flex\/\" \/>\n<meta property=\"og:site_name\" content=\"ESSENLED\" \/>\n<meta property=\"article:modified_time\" content=\"2024-03-01T10:31:14+00:00\" \/>\n<meta property=\"og:image\" content=\"https:\/\/essenled.com\/wp-content\/uploads\/2024\/03\/NEON-1220-LED-Neon-Flex.webp\" \/>\n\t<meta property=\"og:image:width\" content=\"800\" \/>\n\t<meta property=\"og:image:height\" content=\"800\" \/>\n\t<meta property=\"og:image:type\" content=\"image\/webp\" \/>\n<meta name=\"twitter:card\" content=\"summary_large_image\" \/>\n<meta name=\"twitter:label1\" content=\"Tiempo de lectura\" \/>\n\t<meta name=\"twitter:data1\" content=\"1 minuto\" \/>\n<script type=\"application\/ld+json\" class=\"yoast-schema-graph\">{\"@context\":\"https:\/\/schema.org\",\"@graph\":[{\"@type\":\"WebPage\",\"@id\":\"https:\/\/essenled.com\/product\/high-efficiency-side-view-1220mm-led-neon-flex\/\",\"url\":\"https:\/\/essenled.com\/product\/high-efficiency-side-view-1220mm-led-neon-flex\/\",\"name\":\"High Efficiency Side View 12*20mm LED Neon Flex \u2013 S1220H - ESSENLED\",\"isPartOf\":{\"@id\":\"https:\/\/essenled.com\/#website\"},\"primaryImageOfPage\":{\"@id\":\"https:\/\/essenled.com\/product\/high-efficiency-side-view-1220mm-led-neon-flex\/#primaryimage\"},\"image\":{\"@id\":\"https:\/\/essenled.com\/product\/high-efficiency-side-view-1220mm-led-neon-flex\/#primaryimage\"},\"thumbnailUrl\":\"https:\/\/essenled.com\/wp-content\/uploads\/2024\/03\/NEON-1220-LED-Neon-Flex.webp\",\"datePublished\":\"2024-03-01T08:32:15+00:00\",\"dateModified\":\"2024-03-01T10:31:14+00:00\",\"description\":\"High Efficiency Side View 12*20mm LED Neon Flex \u2013 S1220 is a one-piece extruded LED neon flex light, available in 5w\/m, 10w\/m, and 15w\/m.\",\"breadcrumb\":{\"@id\":\"https:\/\/essenled.com\/product\/high-efficiency-side-view-1220mm-led-neon-flex\/#breadcrumb\"},\"inLanguage\":\"es\",\"potentialAction\":[{\"@type\":\"ReadAction\",\"target\":[\"https:\/\/essenled.com\/product\/high-efficiency-side-view-1220mm-led-neon-flex\/\"]}]},{\"@type\":\"ImageObject\",\"inLanguage\":\"es\",\"@id\":\"https:\/\/essenled.com\/product\/high-efficiency-side-view-1220mm-led-neon-flex\/#primaryimage\",\"url\":\"https:\/\/essenled.com\/wp-content\/uploads\/2024\/03\/NEON-1220-LED-Neon-Flex.webp\",\"contentUrl\":\"https:\/\/essenled.com\/wp-content\/uploads\/2024\/03\/NEON-1220-LED-Neon-Flex.webp\",\"width\":800,\"height\":800,\"caption\":\"NEON 1220 LED Neon Flex\"},{\"@type\":\"BreadcrumbList\",\"@id\":\"https:\/\/essenled.com\/product\/high-efficiency-side-view-1220mm-led-neon-flex\/#breadcrumb\",\"itemListElement\":[{\"@type\":\"ListItem\",\"position\":1,\"name\":\"Home\",\"item\":\"https:\/\/essenled.com\/\"},{\"@type\":\"ListItem\",\"position\":2,\"name\":\"Product\",\"item\":\"https:\/\/essenled.com\/fr\/product\/\"},{\"@type\":\"ListItem\",\"position\":3,\"name\":\"High Efficiency Side View 12*20mm LED Neon Flex \u2013 S1220H\"}]},{\"@type\":\"WebSite\",\"@id\":\"https:\/\/essenled.com\/#website\",\"url\":\"https:\/\/essenled.com\/\",\"name\":\"ESSENLED\",\"description\":\"\",\"publisher\":{\"@id\":\"https:\/\/essenled.com\/#organization\"},\"potentialAction\":[{\"@type\":\"SearchAction\",\"target\":{\"@type\":\"EntryPoint\",\"urlTemplate\":\"https:\/\/essenled.com\/?s={search_term_string}\"},\"query-input\":{\"@type\":\"PropertyValueSpecification\",\"valueRequired\":true,\"valueName\":\"search_term_string\"}}],\"inLanguage\":\"es\"},{\"@type\":\"Organization\",\"@id\":\"https:\/\/essenled.com\/#organization\",\"name\":\"ESSENLED\",\"url\":\"https:\/\/essenled.com\/\",\"logo\":{\"@type\":\"ImageObject\",\"inLanguage\":\"es\",\"@id\":\"https:\/\/essenled.com\/#\/schema\/logo\/image\/\",\"url\":\"https:\/\/essenled.com\/wp-content\/uploads\/2024\/01\/Essen-logo.png\",\"contentUrl\":\"https:\/\/essenled.com\/wp-content\/uploads\/2024\/01\/Essen-logo.png\",\"width\":800,\"height\":110,\"caption\":\"ESSENLED\"},\"image\":{\"@id\":\"https:\/\/essenled.com\/#\/schema\/logo\/image\/\"}}]}<\/script>\n<!-- \/ Yoast SEO Premium plugin. -->","yoast_head_json":{"title":"LED Neon Flex 12*20mm Vista Lateral Alta Eficiencia - S1220H - ESSENLED","description":"Flexo de ne\u00f3n LED de 12*20mm con vista lateral de alta eficiencia - S1220 es un flexo de ne\u00f3n LED extruido de una pieza, disponible en 5w\/m, 10w\/m, y 15w\/m.","robots":{"index":"index","follow":"follow","max-snippet":"max-snippet:-1","max-image-preview":"max-image-preview:large","max-video-preview":"max-video-preview:-1"},"canonical":"https:\/\/essenled.com\/es\/producto\/high-efficiency-side-view-1220mm-led-neon-flex\/","og_locale":"es_ES","og_type":"article","og_title":"High Efficiency Side View 12*20mm LED Neon Flex \u2013 S1220H","og_description":"High Efficiency Side View 12*20mm LED Neon Flex \u2013 S1220 is a one-piece extruded LED neon flex light, available in 5w\/m, 10w\/m, and 15w\/m.","og_url":"https:\/\/essenled.com\/es\/producto\/high-efficiency-side-view-1220mm-led-neon-flex\/","og_site_name":"ESSENLED","article_modified_time":"2024-03-01T10:31:14+00:00","og_image":[{"width":800,"height":800,"url":"https:\/\/essenled.com\/wp-content\/uploads\/2024\/03\/NEON-1220-LED-Neon-Flex.webp","type":"image\/webp"}],"twitter_card":"summary_large_image","twitter_misc":{"Tiempo de lectura":"1 minuto"},"schema":{"@context":"https:\/\/schema.org","@graph":[{"@type":"WebPage","@id":"https:\/\/essenled.com\/product\/high-efficiency-side-view-1220mm-led-neon-flex\/","url":"https:\/\/essenled.com\/product\/high-efficiency-side-view-1220mm-led-neon-flex\/","name":"LED Neon Flex 12*20mm Vista Lateral Alta Eficiencia - S1220H - ESSENLED","isPartOf":{"@id":"https:\/\/essenled.com\/#website"},"primaryImageOfPage":{"@id":"https:\/\/essenled.com\/product\/high-efficiency-side-view-1220mm-led-neon-flex\/#primaryimage"},"image":{"@id":"https:\/\/essenled.com\/product\/high-efficiency-side-view-1220mm-led-neon-flex\/#primaryimage"},"thumbnailUrl":"https:\/\/essenled.com\/wp-content\/uploads\/2024\/03\/NEON-1220-LED-Neon-Flex.webp","datePublished":"2024-03-01T08:32:15+00:00","dateModified":"2024-03-01T10:31:14+00:00","description":"Flexo de ne\u00f3n LED de 12*20mm con vista lateral de alta eficiencia - S1220 es un flexo de ne\u00f3n LED extruido de una pieza, disponible en 5w\/m, 10w\/m, y 15w\/m.","breadcrumb":{"@id":"https:\/\/essenled.com\/product\/high-efficiency-side-view-1220mm-led-neon-flex\/#breadcrumb"},"inLanguage":"es","potentialAction":[{"@type":"ReadAction","target":["https:\/\/essenled.com\/product\/high-efficiency-side-view-1220mm-led-neon-flex\/"]}]},{"@type":"ImageObject","inLanguage":"es","@id":"https:\/\/essenled.com\/product\/high-efficiency-side-view-1220mm-led-neon-flex\/#primaryimage","url":"https:\/\/essenled.com\/wp-content\/uploads\/2024\/03\/NEON-1220-LED-Neon-Flex.webp","contentUrl":"https:\/\/essenled.com\/wp-content\/uploads\/2024\/03\/NEON-1220-LED-Neon-Flex.webp","width":800,"height":800,"caption":"NEON 1220 LED Neon Flex"},{"@type":"BreadcrumbList","@id":"https:\/\/essenled.com\/product\/high-efficiency-side-view-1220mm-led-neon-flex\/#breadcrumb","itemListElement":[{"@type":"ListItem","position":1,"name":"Home","item":"https:\/\/essenled.com\/"},{"@type":"ListItem","position":2,"name":"Product","item":"https:\/\/essenled.com\/fr\/product\/"},{"@type":"ListItem","position":3,"name":"High Efficiency Side View 12*20mm LED Neon Flex \u2013 S1220H"}]},{"@type":"WebSite","@id":"https:\/\/essenled.com\/#website","url":"https:\/\/essenled.com\/","name":"ESSENLED","description":"","publisher":{"@id":"https:\/\/essenled.com\/#organization"},"potentialAction":[{"@type":"SearchAction","target":{"@type":"EntryPoint","urlTemplate":"https:\/\/essenled.com\/?s={search_term_string}"},"query-input":{"@type":"PropertyValueSpecification","valueRequired":true,"valueName":"search_term_string"}}],"inLanguage":"es"},{"@type":"Organization","@id":"https:\/\/essenled.com\/#organization","name":"ESSENLED","url":"https:\/\/essenled.com\/","logo":{"@type":"ImageObject","inLanguage":"es","@id":"https:\/\/essenled.com\/#\/schema\/logo\/image\/","url":"https:\/\/essenled.com\/wp-content\/uploads\/2024\/01\/Essen-logo.png","contentUrl":"https:\/\/essenled.com\/wp-content\/uploads\/2024\/01\/Essen-logo.png","width":800,"height":110,"caption":"ESSENLED"},"image":{"@id":"https:\/\/essenled.com\/#\/schema\/logo\/image\/"}}]}},"_links":{"self":[{"href":"https:\/\/essenled.com\/es\/wp-json\/wp\/v2\/product\/1623","targetHints":{"allow":["GET"]}}],"collection":[{"href":"https:\/\/essenled.com\/es\/wp-json\/wp\/v2\/product"}],"about":[{"href":"https:\/\/essenled.com\/es\/wp-json\/wp\/v2\/types\/product"}],"version-history":[{"count":2,"href":"https:\/\/essenled.com\/es\/wp-json\/wp\/v2\/product\/1623\/revisions"}],"predecessor-version":[{"id":1635,"href":"https:\/\/essenled.com\/es\/wp-json\/wp\/v2\/product\/1623\/revisions\/1635"}],"wp:featuredmedia":[{"embeddable":true,"href":"https:\/\/essenled.com\/es\/wp-json\/wp\/v2\/media\/1589"}],"wp:attachment":[{"href":"https:\/\/essenled.com\/es\/wp-json\/wp\/v2\/media?parent=1623"}],"wp:term":[{"taxonomy":"product_brand","embeddable":true,"href":"https:\/\/essenled.com\/es\/wp-json\/wp\/v2\/product_brand?post=1623"},{"taxonomy":"product_cat","embeddable":true,"href":"https:\/\/essenled.com\/es\/wp-json\/wp\/v2\/product_cat?post=1623"},{"taxonomy":"product_tag","embeddable":true,"href":"https:\/\/essenled.com\/es\/wp-json\/wp\/v2\/product_tag?post=1623"}],"curies":[{"name":"wp","href":"https:\/\/api.w.org\/{rel}","templated":true}]}}