{"id":1371,"date":"2024-02-28T02:09:40","date_gmt":"2024-02-28T02:09:40","guid":{"rendered":"https:\/\/essenled.com\/?post_type=product&#038;p=1371"},"modified":"2024-06-01T08:44:09","modified_gmt":"2024-06-01T08:44:09","slug":"side-emitting-led-strip-lights-series","status":"publish","type":"product","link":"https:\/\/essenled.com\/es\/producto\/side-emitting-led-strip-lights-series\/","title":{"rendered":"Tiras de luz LED de emisi\u00f3n lateral Serie 6W-15.6W CRI90"},"content":{"rendered":"","protected":false},"excerpt":{"rendered":"<p>Serie de tiras de luz LED de emisi\u00f3n lateral, que emiten luz desde el lateral de la tira en lugar de desde la superficie superior. Este dise\u00f1o permite aplicaciones de iluminaci\u00f3n m\u00e1s discretas e indirectas en las que la fuente de luz no es directamente visible.<\/p>\n<p>3014 60leds-156leds\/m tiras de luces LED de emisi\u00f3n lateral, conocidas por su eficacia y tama\u00f1o compacto. Con 60leds\/m una densidad moderada de LEDs para la iluminaci\u00f3n.<\/p>\n<p>3014 60leds tiras de luces LED de emisi\u00f3n lateral disponibles en 12V y 24V, que proporcionan flexibilidad en la instalaci\u00f3n y compatibilidad con diferentes sistemas.<\/p>\n<p>Esta tira de LED de emisi\u00f3n lateral es de 6w\/m-15,6w\/m de menor eficiencia e iluminaci\u00f3n, adecuada para proyectos de iluminaci\u00f3n que ajustan el ambiente y la iluminaci\u00f3n. Con una anchura de 8 mm, estas tiras de LED ofrecen un perfil compacto.<\/p>","protected":false},"featured_media":2155,"template":"","meta":{"_kad_post_transparent":"default","_kad_post_title":"","_kad_post_layout":"default","_kad_post_sidebar_id":"","_kad_post_content_style":"default","_kad_post_vertical_padding":"default","_kad_post_feature":"","_kad_post_feature_position":"","_kad_post_header":false,"_kad_post_footer":false,"_kad_post_classname":""},"product_brand":[],"product_cat":[29,38],"product_tag":[485,486,490,488,487,489],"class_list":{"0":"post-1371","1":"product","2":"type-product","3":"status-publish","4":"has-post-thumbnail","6":"product_cat-led-strip","7":"product_cat-side-emitting-series","8":"product_tag-12vdc-side-emitting-led-strip-light","9":"product_tag-3014-side-emitting-led-strip","10":"product_tag-5m-white-led-side-emitting-strip-light-12v","11":"product_tag-side-emitting-led-strip-lights","12":"product_tag-side-emitting-view-3014-flexible-strip","13":"product_tag-side-emitting-white-led-strips-24v","15":"first","16":"instock","17":"shipping-taxable","18":"product-type-simple","19":"entry","20":"content-bg","21":"loop-entry"},"yoast_head":"<!-- This site is optimized with the Yoast SEO Premium plugin v24.3 (Yoast SEO v26.7) - https:\/\/yoast.com\/wordpress\/plugins\/seo\/ -->\n<title>Side Emitting LED Strip Lights Series 6W-15.6W CRI90 - ESSENLED<\/title>\n<meta name=\"description\" content=\"Side emitting LED strip lights series emit light from the side of the strip rather than from the top surface, a moderate density of LEDs.\" \/>\n<meta name=\"robots\" content=\"index, follow, max-snippet:-1, max-image-preview:large, max-video-preview:-1\" \/>\n<link rel=\"canonical\" href=\"https:\/\/essenled.com\/es\/producto\/side-emitting-led-strip-lights-series\/\" \/>\n<meta property=\"og:locale\" content=\"es_ES\" \/>\n<meta property=\"og:type\" content=\"article\" \/>\n<meta property=\"og:title\" content=\"Side Emitting LED Strip Lights Series 6W-15.6W CRI90\" \/>\n<meta property=\"og:description\" content=\"Side emitting LED strip lights series emit light from the side of the strip rather than from the top surface, a moderate density of LEDs.\" \/>\n<meta property=\"og:url\" content=\"https:\/\/essenled.com\/es\/producto\/side-emitting-led-strip-lights-series\/\" \/>\n<meta property=\"og:site_name\" content=\"ESSENLED\" \/>\n<meta property=\"article:modified_time\" content=\"2024-06-01T08:44:09+00:00\" \/>\n<meta property=\"og:image\" content=\"https:\/\/essenled.com\/wp-content\/uploads\/2024\/02\/3014-side-emitting-led-strip-1.webp\" \/>\n\t<meta property=\"og:image:width\" content=\"1000\" \/>\n\t<meta property=\"og:image:height\" content=\"1000\" \/>\n\t<meta property=\"og:image:type\" content=\"image\/webp\" \/>\n<meta name=\"twitter:card\" content=\"summary_large_image\" \/>\n<meta name=\"twitter:label1\" content=\"Tiempo de lectura\" \/>\n\t<meta name=\"twitter:data1\" content=\"1 minuto\" \/>\n<script type=\"application\/ld+json\" class=\"yoast-schema-graph\">{\"@context\":\"https:\/\/schema.org\",\"@graph\":[{\"@type\":\"WebPage\",\"@id\":\"https:\/\/essenled.com\/product\/side-emitting-led-strip-lights-series\/\",\"url\":\"https:\/\/essenled.com\/product\/side-emitting-led-strip-lights-series\/\",\"name\":\"Side Emitting LED Strip Lights Series 6W-15.6W CRI90 - ESSENLED\",\"isPartOf\":{\"@id\":\"https:\/\/essenled.com\/#website\"},\"primaryImageOfPage\":{\"@id\":\"https:\/\/essenled.com\/product\/side-emitting-led-strip-lights-series\/#primaryimage\"},\"image\":{\"@id\":\"https:\/\/essenled.com\/product\/side-emitting-led-strip-lights-series\/#primaryimage\"},\"thumbnailUrl\":\"https:\/\/essenled.com\/wp-content\/uploads\/2024\/02\/3014-side-emitting-led-strip-1.webp\",\"datePublished\":\"2024-02-28T02:09:40+00:00\",\"dateModified\":\"2024-06-01T08:44:09+00:00\",\"description\":\"Side emitting LED strip lights series emit light from the side of the strip rather than from the top surface, a moderate density of LEDs.\",\"breadcrumb\":{\"@id\":\"https:\/\/essenled.com\/product\/side-emitting-led-strip-lights-series\/#breadcrumb\"},\"inLanguage\":\"es\",\"potentialAction\":[{\"@type\":\"ReadAction\",\"target\":[\"https:\/\/essenled.com\/product\/side-emitting-led-strip-lights-series\/\"]}]},{\"@type\":\"ImageObject\",\"inLanguage\":\"es\",\"@id\":\"https:\/\/essenled.com\/product\/side-emitting-led-strip-lights-series\/#primaryimage\",\"url\":\"https:\/\/essenled.com\/wp-content\/uploads\/2024\/02\/3014-side-emitting-led-strip-1.webp\",\"contentUrl\":\"https:\/\/essenled.com\/wp-content\/uploads\/2024\/02\/3014-side-emitting-led-strip-1.webp\",\"width\":1000,\"height\":1000,\"caption\":\"3014 side emitting led strip\"},{\"@type\":\"BreadcrumbList\",\"@id\":\"https:\/\/essenled.com\/product\/side-emitting-led-strip-lights-series\/#breadcrumb\",\"itemListElement\":[{\"@type\":\"ListItem\",\"position\":1,\"name\":\"Home\",\"item\":\"https:\/\/essenled.com\/\"},{\"@type\":\"ListItem\",\"position\":2,\"name\":\"Product\",\"item\":\"https:\/\/essenled.com\/fr\/product\/\"},{\"@type\":\"ListItem\",\"position\":3,\"name\":\"Side Emitting LED Strip Lights Series 6W-15.6W CRI90\"}]},{\"@type\":\"WebSite\",\"@id\":\"https:\/\/essenled.com\/#website\",\"url\":\"https:\/\/essenled.com\/\",\"name\":\"ESSENLED\",\"description\":\"\",\"publisher\":{\"@id\":\"https:\/\/essenled.com\/#organization\"},\"potentialAction\":[{\"@type\":\"SearchAction\",\"target\":{\"@type\":\"EntryPoint\",\"urlTemplate\":\"https:\/\/essenled.com\/?s={search_term_string}\"},\"query-input\":{\"@type\":\"PropertyValueSpecification\",\"valueRequired\":true,\"valueName\":\"search_term_string\"}}],\"inLanguage\":\"es\"},{\"@type\":\"Organization\",\"@id\":\"https:\/\/essenled.com\/#organization\",\"name\":\"ESSENLED\",\"url\":\"https:\/\/essenled.com\/\",\"logo\":{\"@type\":\"ImageObject\",\"inLanguage\":\"es\",\"@id\":\"https:\/\/essenled.com\/#\/schema\/logo\/image\/\",\"url\":\"https:\/\/essenled.com\/wp-content\/uploads\/2024\/01\/Essen-logo.png\",\"contentUrl\":\"https:\/\/essenled.com\/wp-content\/uploads\/2024\/01\/Essen-logo.png\",\"width\":800,\"height\":110,\"caption\":\"ESSENLED\"},\"image\":{\"@id\":\"https:\/\/essenled.com\/#\/schema\/logo\/image\/\"}}]}<\/script>\n<!-- \/ Yoast SEO Premium plugin. -->","yoast_head_json":{"title":"Tiras de luz LED de emisi\u00f3n lateral Serie 6W-15.6W CRI90 - ESSENLED","description":"Las series de tiras de luz LED de emisi\u00f3n lateral emiten luz desde el lateral de la tira en lugar de desde la superficie superior, una densidad moderada de LED.","robots":{"index":"index","follow":"follow","max-snippet":"max-snippet:-1","max-image-preview":"max-image-preview:large","max-video-preview":"max-video-preview:-1"},"canonical":"https:\/\/essenled.com\/es\/producto\/side-emitting-led-strip-lights-series\/","og_locale":"es_ES","og_type":"article","og_title":"Side Emitting LED Strip Lights Series 6W-15.6W CRI90","og_description":"Side emitting LED strip lights series emit light from the side of the strip rather than from the top surface, a moderate density of LEDs.","og_url":"https:\/\/essenled.com\/es\/producto\/side-emitting-led-strip-lights-series\/","og_site_name":"ESSENLED","article_modified_time":"2024-06-01T08:44:09+00:00","og_image":[{"width":1000,"height":1000,"url":"https:\/\/essenled.com\/wp-content\/uploads\/2024\/02\/3014-side-emitting-led-strip-1.webp","type":"image\/webp"}],"twitter_card":"summary_large_image","twitter_misc":{"Tiempo de lectura":"1 minuto"},"schema":{"@context":"https:\/\/schema.org","@graph":[{"@type":"WebPage","@id":"https:\/\/essenled.com\/product\/side-emitting-led-strip-lights-series\/","url":"https:\/\/essenled.com\/product\/side-emitting-led-strip-lights-series\/","name":"Tiras de luz LED de emisi\u00f3n lateral Serie 6W-15.6W CRI90 - ESSENLED","isPartOf":{"@id":"https:\/\/essenled.com\/#website"},"primaryImageOfPage":{"@id":"https:\/\/essenled.com\/product\/side-emitting-led-strip-lights-series\/#primaryimage"},"image":{"@id":"https:\/\/essenled.com\/product\/side-emitting-led-strip-lights-series\/#primaryimage"},"thumbnailUrl":"https:\/\/essenled.com\/wp-content\/uploads\/2024\/02\/3014-side-emitting-led-strip-1.webp","datePublished":"2024-02-28T02:09:40+00:00","dateModified":"2024-06-01T08:44:09+00:00","description":"Las series de tiras de luz LED de emisi\u00f3n lateral emiten luz desde el lateral de la tira en lugar de desde la superficie superior, una densidad moderada de LED.","breadcrumb":{"@id":"https:\/\/essenled.com\/product\/side-emitting-led-strip-lights-series\/#breadcrumb"},"inLanguage":"es","potentialAction":[{"@type":"ReadAction","target":["https:\/\/essenled.com\/product\/side-emitting-led-strip-lights-series\/"]}]},{"@type":"ImageObject","inLanguage":"es","@id":"https:\/\/essenled.com\/product\/side-emitting-led-strip-lights-series\/#primaryimage","url":"https:\/\/essenled.com\/wp-content\/uploads\/2024\/02\/3014-side-emitting-led-strip-1.webp","contentUrl":"https:\/\/essenled.com\/wp-content\/uploads\/2024\/02\/3014-side-emitting-led-strip-1.webp","width":1000,"height":1000,"caption":"3014 side emitting led strip"},{"@type":"BreadcrumbList","@id":"https:\/\/essenled.com\/product\/side-emitting-led-strip-lights-series\/#breadcrumb","itemListElement":[{"@type":"ListItem","position":1,"name":"Home","item":"https:\/\/essenled.com\/"},{"@type":"ListItem","position":2,"name":"Product","item":"https:\/\/essenled.com\/fr\/product\/"},{"@type":"ListItem","position":3,"name":"Side Emitting LED Strip Lights Series 6W-15.6W CRI90"}]},{"@type":"WebSite","@id":"https:\/\/essenled.com\/#website","url":"https:\/\/essenled.com\/","name":"ESSENLED","description":"","publisher":{"@id":"https:\/\/essenled.com\/#organization"},"potentialAction":[{"@type":"SearchAction","target":{"@type":"EntryPoint","urlTemplate":"https:\/\/essenled.com\/?s={search_term_string}"},"query-input":{"@type":"PropertyValueSpecification","valueRequired":true,"valueName":"search_term_string"}}],"inLanguage":"es"},{"@type":"Organization","@id":"https:\/\/essenled.com\/#organization","name":"ESSENLED","url":"https:\/\/essenled.com\/","logo":{"@type":"ImageObject","inLanguage":"es","@id":"https:\/\/essenled.com\/#\/schema\/logo\/image\/","url":"https:\/\/essenled.com\/wp-content\/uploads\/2024\/01\/Essen-logo.png","contentUrl":"https:\/\/essenled.com\/wp-content\/uploads\/2024\/01\/Essen-logo.png","width":800,"height":110,"caption":"ESSENLED"},"image":{"@id":"https:\/\/essenled.com\/#\/schema\/logo\/image\/"}}]}},"_links":{"self":[{"href":"https:\/\/essenled.com\/es\/wp-json\/wp\/v2\/product\/1371","targetHints":{"allow":["GET"]}}],"collection":[{"href":"https:\/\/essenled.com\/es\/wp-json\/wp\/v2\/product"}],"about":[{"href":"https:\/\/essenled.com\/es\/wp-json\/wp\/v2\/types\/product"}],"version-history":[{"count":3,"href":"https:\/\/essenled.com\/es\/wp-json\/wp\/v2\/product\/1371\/revisions"}],"predecessor-version":[{"id":2158,"href":"https:\/\/essenled.com\/es\/wp-json\/wp\/v2\/product\/1371\/revisions\/2158"}],"wp:featuredmedia":[{"embeddable":true,"href":"https:\/\/essenled.com\/es\/wp-json\/wp\/v2\/media\/2155"}],"wp:attachment":[{"href":"https:\/\/essenled.com\/es\/wp-json\/wp\/v2\/media?parent=1371"}],"wp:term":[{"taxonomy":"product_brand","embeddable":true,"href":"https:\/\/essenled.com\/es\/wp-json\/wp\/v2\/product_brand?post=1371"},{"taxonomy":"product_cat","embeddable":true,"href":"https:\/\/essenled.com\/es\/wp-json\/wp\/v2\/product_cat?post=1371"},{"taxonomy":"product_tag","embeddable":true,"href":"https:\/\/essenled.com\/es\/wp-json\/wp\/v2\/product_tag?post=1371"}],"curies":[{"name":"wp","href":"https:\/\/api.w.org\/{rel}","templated":true}]}}