{"id":1354,"date":"2024-02-28T01:43:52","date_gmt":"2024-02-28T01:43:52","guid":{"rendered":"https:\/\/essenled.com\/?post_type=product&#038;p=1354"},"modified":"2024-06-01T04:15:48","modified_gmt":"2024-06-01T04:15:48","slug":"s-shape-bendable-led-strip-single-color-rgb","status":"publish","type":"product","link":"https:\/\/essenled.com\/es\/producto\/s-shape-bendable-led-strip-single-color-rgb\/","title":{"rendered":"Tira LED curvable en forma de S monocolor\/ RGB"},"content":{"rendered":"","protected":false},"excerpt":{"rendered":"<p>Tira de luz LED curvable en forma de S de un solo color\/ RGB, la tira de luz LED tiene un dise\u00f1o en forma de S, lo que le permite doblarse y curvarse f\u00e1cilmente a lo largo de diferentes superficies o contornos. Esta caracter\u00edstica de dise\u00f1o ofrece flexibilidad de instalaci\u00f3n y permite disposiciones de iluminaci\u00f3n creativas.<\/p>\n<p>42LEDs 5050 RGB S-Shape Bendable LED strip lights, 10W\/m, emite colores rojo, verde y azul, permitiendo una amplia gama de combinaciones de colores y efectos de iluminaci\u00f3n din\u00e1micos.<\/p>\n<p>Con 42leds\/m, una densidad moderada de LEDs para iluminaci\u00f3n. Y puede doblarse o retorcerse para adaptarse a diversas formas y contornos sin da\u00f1ar los LED ni los circuitos.<\/p>\n<p>Las tiras de luz LED S-Shape Bendable 42LEDs 5050 est\u00e1n dise\u00f1adas para funcionar con una fuente de alimentaci\u00f3n de corriente continua (CC) de 12 voltios, con una anchura de 12 mm, adecuada para diversas aplicaciones de iluminaci\u00f3n de interiores y exteriores.<\/p>","protected":false},"featured_media":2150,"template":"","meta":{"_kad_post_transparent":"default","_kad_post_title":"","_kad_post_layout":"default","_kad_post_sidebar_id":"","_kad_post_content_style":"default","_kad_post_vertical_padding":"default","_kad_post_feature":"","_kad_post_feature_position":"","_kad_post_header":false,"_kad_post_footer":false,"_kad_post_classname":""},"product_brand":[],"product_cat":[29,37],"product_tag":[477,478,474,473,475,476],"class_list":{"0":"post-1354","1":"product","2":"type-product","3":"status-publish","4":"has-post-thumbnail","6":"product_cat-led-strip","7":"product_cat-s-shaped-series","8":"product_tag-12v-s-shape-rgbw-led-strip-light","9":"product_tag-s-shape-bendable-led-strip","10":"product_tag-s-shape-led-strip-lights","11":"product_tag-s-shape-rgb-bendable-led-strip","12":"product_tag-s-shape-rgb-color-change-bendable-led-strip","13":"product_tag-s-type-zig-zag-cobra-led-strip-lights","15":"first","16":"instock","17":"shipping-taxable","18":"product-type-simple","19":"entry","20":"content-bg","21":"loop-entry"},"yoast_head":"<!-- This site is optimized with the Yoast SEO Premium plugin v24.3 (Yoast SEO v26.7) - https:\/\/yoast.com\/wordpress\/plugins\/seo\/ -->\n<title>S-Shape Bendable LED Strip Single Color\/ RGB - ESSENLED<\/title>\n<meta name=\"description\" content=\"S-Shape RGB 42LEDs 5050 Bendable LED Strip, an S-shaped design, allows it to bend and curve easily along different surfaces or contours.\" \/>\n<meta name=\"robots\" content=\"index, follow, max-snippet:-1, max-image-preview:large, max-video-preview:-1\" \/>\n<link rel=\"canonical\" href=\"https:\/\/essenled.com\/es\/producto\/s-shape-bendable-led-strip-single-color-rgb\/\" \/>\n<meta property=\"og:locale\" content=\"es_ES\" \/>\n<meta property=\"og:type\" content=\"article\" \/>\n<meta property=\"og:title\" content=\"S-Shape Bendable LED Strip Single Color\/ RGB\" \/>\n<meta property=\"og:description\" content=\"S-Shape RGB 42LEDs 5050 Bendable LED Strip, an S-shaped design, allows it to bend and curve easily along different surfaces or contours.\" \/>\n<meta property=\"og:url\" content=\"https:\/\/essenled.com\/es\/producto\/s-shape-bendable-led-strip-single-color-rgb\/\" \/>\n<meta property=\"og:site_name\" content=\"ESSENLED\" \/>\n<meta property=\"article:modified_time\" content=\"2024-06-01T04:15:48+00:00\" \/>\n<meta property=\"og:image\" content=\"https:\/\/essenled.com\/wp-content\/uploads\/2024\/02\/S-Type-2835-LED-Strip.webp\" \/>\n\t<meta property=\"og:image:width\" content=\"1000\" \/>\n\t<meta property=\"og:image:height\" content=\"1000\" \/>\n\t<meta property=\"og:image:type\" content=\"image\/webp\" \/>\n<meta name=\"twitter:card\" content=\"summary_large_image\" \/>\n<meta name=\"twitter:label1\" content=\"Tiempo de lectura\" \/>\n\t<meta name=\"twitter:data1\" content=\"1 minuto\" \/>\n<script type=\"application\/ld+json\" class=\"yoast-schema-graph\">{\"@context\":\"https:\/\/schema.org\",\"@graph\":[{\"@type\":\"WebPage\",\"@id\":\"https:\/\/essenled.com\/product\/s-shape-bendable-led-strip-single-color-rgb\/\",\"url\":\"https:\/\/essenled.com\/product\/s-shape-bendable-led-strip-single-color-rgb\/\",\"name\":\"S-Shape Bendable LED Strip Single Color\/ RGB - ESSENLED\",\"isPartOf\":{\"@id\":\"https:\/\/essenled.com\/#website\"},\"primaryImageOfPage\":{\"@id\":\"https:\/\/essenled.com\/product\/s-shape-bendable-led-strip-single-color-rgb\/#primaryimage\"},\"image\":{\"@id\":\"https:\/\/essenled.com\/product\/s-shape-bendable-led-strip-single-color-rgb\/#primaryimage\"},\"thumbnailUrl\":\"https:\/\/essenled.com\/wp-content\/uploads\/2024\/02\/S-Type-2835-LED-Strip.webp\",\"datePublished\":\"2024-02-28T01:43:52+00:00\",\"dateModified\":\"2024-06-01T04:15:48+00:00\",\"description\":\"S-Shape RGB 42LEDs 5050 Bendable LED Strip, an S-shaped design, allows it to bend and curve easily along different surfaces or contours.\",\"breadcrumb\":{\"@id\":\"https:\/\/essenled.com\/product\/s-shape-bendable-led-strip-single-color-rgb\/#breadcrumb\"},\"inLanguage\":\"es\",\"potentialAction\":[{\"@type\":\"ReadAction\",\"target\":[\"https:\/\/essenled.com\/product\/s-shape-bendable-led-strip-single-color-rgb\/\"]}]},{\"@type\":\"ImageObject\",\"inLanguage\":\"es\",\"@id\":\"https:\/\/essenled.com\/product\/s-shape-bendable-led-strip-single-color-rgb\/#primaryimage\",\"url\":\"https:\/\/essenled.com\/wp-content\/uploads\/2024\/02\/S-Type-2835-LED-Strip.webp\",\"contentUrl\":\"https:\/\/essenled.com\/wp-content\/uploads\/2024\/02\/S-Type-2835-LED-Strip.webp\",\"width\":1000,\"height\":1000,\"caption\":\"S Type 2835 LED Strip\"},{\"@type\":\"BreadcrumbList\",\"@id\":\"https:\/\/essenled.com\/product\/s-shape-bendable-led-strip-single-color-rgb\/#breadcrumb\",\"itemListElement\":[{\"@type\":\"ListItem\",\"position\":1,\"name\":\"Home\",\"item\":\"https:\/\/essenled.com\/\"},{\"@type\":\"ListItem\",\"position\":2,\"name\":\"Product\",\"item\":\"https:\/\/essenled.com\/fr\/product\/\"},{\"@type\":\"ListItem\",\"position\":3,\"name\":\"S-Shape Bendable LED Strip Single Color\/ RGB\"}]},{\"@type\":\"WebSite\",\"@id\":\"https:\/\/essenled.com\/#website\",\"url\":\"https:\/\/essenled.com\/\",\"name\":\"ESSENLED\",\"description\":\"\",\"publisher\":{\"@id\":\"https:\/\/essenled.com\/#organization\"},\"potentialAction\":[{\"@type\":\"SearchAction\",\"target\":{\"@type\":\"EntryPoint\",\"urlTemplate\":\"https:\/\/essenled.com\/?s={search_term_string}\"},\"query-input\":{\"@type\":\"PropertyValueSpecification\",\"valueRequired\":true,\"valueName\":\"search_term_string\"}}],\"inLanguage\":\"es\"},{\"@type\":\"Organization\",\"@id\":\"https:\/\/essenled.com\/#organization\",\"name\":\"ESSENLED\",\"url\":\"https:\/\/essenled.com\/\",\"logo\":{\"@type\":\"ImageObject\",\"inLanguage\":\"es\",\"@id\":\"https:\/\/essenled.com\/#\/schema\/logo\/image\/\",\"url\":\"https:\/\/essenled.com\/wp-content\/uploads\/2024\/01\/Essen-logo.png\",\"contentUrl\":\"https:\/\/essenled.com\/wp-content\/uploads\/2024\/01\/Essen-logo.png\",\"width\":800,\"height\":110,\"caption\":\"ESSENLED\"},\"image\":{\"@id\":\"https:\/\/essenled.com\/#\/schema\/logo\/image\/\"}}]}<\/script>\n<!-- \/ Yoast SEO Premium plugin. -->","yoast_head_json":{"title":"Tira LED curvable en forma de S monocolor\/ RGB - ESSENLED","description":"S-Shape RGB 42LEDs 5050 Bendable LED Strip, un dise\u00f1o en forma de S, le permite doblarse y curvarse f\u00e1cilmente a lo largo de diferentes superficies o contornos.","robots":{"index":"index","follow":"follow","max-snippet":"max-snippet:-1","max-image-preview":"max-image-preview:large","max-video-preview":"max-video-preview:-1"},"canonical":"https:\/\/essenled.com\/es\/producto\/s-shape-bendable-led-strip-single-color-rgb\/","og_locale":"es_ES","og_type":"article","og_title":"S-Shape Bendable LED Strip Single Color\/ RGB","og_description":"S-Shape RGB 42LEDs 5050 Bendable LED Strip, an S-shaped design, allows it to bend and curve easily along different surfaces or contours.","og_url":"https:\/\/essenled.com\/es\/producto\/s-shape-bendable-led-strip-single-color-rgb\/","og_site_name":"ESSENLED","article_modified_time":"2024-06-01T04:15:48+00:00","og_image":[{"width":1000,"height":1000,"url":"https:\/\/essenled.com\/wp-content\/uploads\/2024\/02\/S-Type-2835-LED-Strip.webp","type":"image\/webp"}],"twitter_card":"summary_large_image","twitter_misc":{"Tiempo de lectura":"1 minuto"},"schema":{"@context":"https:\/\/schema.org","@graph":[{"@type":"WebPage","@id":"https:\/\/essenled.com\/product\/s-shape-bendable-led-strip-single-color-rgb\/","url":"https:\/\/essenled.com\/product\/s-shape-bendable-led-strip-single-color-rgb\/","name":"Tira LED curvable en forma de S monocolor\/ RGB - ESSENLED","isPartOf":{"@id":"https:\/\/essenled.com\/#website"},"primaryImageOfPage":{"@id":"https:\/\/essenled.com\/product\/s-shape-bendable-led-strip-single-color-rgb\/#primaryimage"},"image":{"@id":"https:\/\/essenled.com\/product\/s-shape-bendable-led-strip-single-color-rgb\/#primaryimage"},"thumbnailUrl":"https:\/\/essenled.com\/wp-content\/uploads\/2024\/02\/S-Type-2835-LED-Strip.webp","datePublished":"2024-02-28T01:43:52+00:00","dateModified":"2024-06-01T04:15:48+00:00","description":"S-Shape RGB 42LEDs 5050 Bendable LED Strip, un dise\u00f1o en forma de S, le permite doblarse y curvarse f\u00e1cilmente a lo largo de diferentes superficies o contornos.","breadcrumb":{"@id":"https:\/\/essenled.com\/product\/s-shape-bendable-led-strip-single-color-rgb\/#breadcrumb"},"inLanguage":"es","potentialAction":[{"@type":"ReadAction","target":["https:\/\/essenled.com\/product\/s-shape-bendable-led-strip-single-color-rgb\/"]}]},{"@type":"ImageObject","inLanguage":"es","@id":"https:\/\/essenled.com\/product\/s-shape-bendable-led-strip-single-color-rgb\/#primaryimage","url":"https:\/\/essenled.com\/wp-content\/uploads\/2024\/02\/S-Type-2835-LED-Strip.webp","contentUrl":"https:\/\/essenled.com\/wp-content\/uploads\/2024\/02\/S-Type-2835-LED-Strip.webp","width":1000,"height":1000,"caption":"S Type 2835 LED Strip"},{"@type":"BreadcrumbList","@id":"https:\/\/essenled.com\/product\/s-shape-bendable-led-strip-single-color-rgb\/#breadcrumb","itemListElement":[{"@type":"ListItem","position":1,"name":"Home","item":"https:\/\/essenled.com\/"},{"@type":"ListItem","position":2,"name":"Product","item":"https:\/\/essenled.com\/fr\/product\/"},{"@type":"ListItem","position":3,"name":"S-Shape Bendable LED Strip Single Color\/ RGB"}]},{"@type":"WebSite","@id":"https:\/\/essenled.com\/#website","url":"https:\/\/essenled.com\/","name":"ESSENLED","description":"","publisher":{"@id":"https:\/\/essenled.com\/#organization"},"potentialAction":[{"@type":"SearchAction","target":{"@type":"EntryPoint","urlTemplate":"https:\/\/essenled.com\/?s={search_term_string}"},"query-input":{"@type":"PropertyValueSpecification","valueRequired":true,"valueName":"search_term_string"}}],"inLanguage":"es"},{"@type":"Organization","@id":"https:\/\/essenled.com\/#organization","name":"ESSENLED","url":"https:\/\/essenled.com\/","logo":{"@type":"ImageObject","inLanguage":"es","@id":"https:\/\/essenled.com\/#\/schema\/logo\/image\/","url":"https:\/\/essenled.com\/wp-content\/uploads\/2024\/01\/Essen-logo.png","contentUrl":"https:\/\/essenled.com\/wp-content\/uploads\/2024\/01\/Essen-logo.png","width":800,"height":110,"caption":"ESSENLED"},"image":{"@id":"https:\/\/essenled.com\/#\/schema\/logo\/image\/"}}]}},"_links":{"self":[{"href":"https:\/\/essenled.com\/es\/wp-json\/wp\/v2\/product\/1354","targetHints":{"allow":["GET"]}}],"collection":[{"href":"https:\/\/essenled.com\/es\/wp-json\/wp\/v2\/product"}],"about":[{"href":"https:\/\/essenled.com\/es\/wp-json\/wp\/v2\/types\/product"}],"version-history":[{"count":3,"href":"https:\/\/essenled.com\/es\/wp-json\/wp\/v2\/product\/1354\/revisions"}],"predecessor-version":[{"id":2152,"href":"https:\/\/essenled.com\/es\/wp-json\/wp\/v2\/product\/1354\/revisions\/2152"}],"wp:featuredmedia":[{"embeddable":true,"href":"https:\/\/essenled.com\/es\/wp-json\/wp\/v2\/media\/2150"}],"wp:attachment":[{"href":"https:\/\/essenled.com\/es\/wp-json\/wp\/v2\/media?parent=1354"}],"wp:term":[{"taxonomy":"product_brand","embeddable":true,"href":"https:\/\/essenled.com\/es\/wp-json\/wp\/v2\/product_brand?post=1354"},{"taxonomy":"product_cat","embeddable":true,"href":"https:\/\/essenled.com\/es\/wp-json\/wp\/v2\/product_cat?post=1354"},{"taxonomy":"product_tag","embeddable":true,"href":"https:\/\/essenled.com\/es\/wp-json\/wp\/v2\/product_tag?post=1354"}],"curies":[{"name":"wp","href":"https:\/\/api.w.org\/{rel}","templated":true}]}}