{"id":1338,"date":"2024-02-27T10:50:23","date_gmt":"2024-02-27T10:50:23","guid":{"rendered":"https:\/\/essenled.com\/?post_type=product&#038;p=1338"},"modified":"2024-06-01T03:09:33","modified_gmt":"2024-06-01T03:09:33","slug":"mini-cutting-1-leds-1-cut-120leds-2835-led-strip","status":"publish","type":"product","link":"https:\/\/essenled.com\/es\/producto\/mini-cutting-1-leds-1-cut-120leds-2835-led-strip\/","title":{"rendered":"Mini Corte 1 LED 1 CORTE 120LEDs 2835 Tira LED 5V 12V 24V"},"content":{"rendered":"","protected":false},"excerpt":{"rendered":"<p>Mini corte 1 LED 1 corte 120leds\/m Las tiras de luces LED 2835 pueden cortarse a intervalos muy peque\u00f1os. En este caso, se puede cortar despu\u00e9s de cada LED individual, ofreciendo una personalizaci\u00f3n precisa de la longitud de la tira para adaptarse a requisitos de instalaci\u00f3n espec\u00edficos.<\/p>\n<p>1 LED 1 CUT Tira de LED de corte mini 120leds\/m Tira de LED 2835, hasta 120LEDs\/m de alta densidad, que permite la m\u00e1xima flexibilidad para personalizar la longitud de la tira.<\/p>\n<p>Tira LED de corte mini de 120LEDs con una alta densidad de LEDs para una iluminaci\u00f3n brillante y uniforme. La temperatura de color normal es de 2100K, 2400K, 2700K, 3000K, 4000K y 6000K.<\/p>\n<p>Mini Corte 1 LED 1 corte 120leds\/m 2835 LED luces de tira, disponible en 5V (12W), 12V (14W), 24V (19W), fuente de alimentaci\u00f3n de corriente continua (DC), proporcionando flexibilidad en la instalaci\u00f3n y compatibilidad con diferentes sistemas.<\/p>","protected":false},"featured_media":2146,"template":"","meta":{"_kad_post_transparent":"default","_kad_post_title":"","_kad_post_layout":"default","_kad_post_sidebar_id":"","_kad_post_content_style":"default","_kad_post_vertical_padding":"default","_kad_post_feature":"","_kad_post_feature_position":"","_kad_post_header":false,"_kad_post_footer":false,"_kad_post_classname":""},"product_brand":[],"product_cat":[29,36],"product_tag":[465,463,466,464,461,462],"class_list":{"0":"post-1338","1":"product","2":"type-product","3":"status-publish","4":"has-post-thumbnail","6":"product_cat-led-strip","7":"product_cat-mini-cutting-series","8":"product_tag-10mm-120led-mini-cutting","9":"product_tag-2835-cuttable-led-strip-120-leds","10":"product_tag-high-density-mini-cut-led-strip","11":"product_tag-led-2835smd-mini-cutting","12":"product_tag-mini-cutting-flexible-led-strip","13":"product_tag-smd2835-mini-cutting-led-strip","15":"first","16":"instock","17":"shipping-taxable","18":"product-type-simple","19":"entry","20":"content-bg","21":"loop-entry"},"yoast_head":"<!-- This site is optimized with the Yoast SEO Premium plugin v24.3 (Yoast SEO v26.7) - https:\/\/yoast.com\/wordpress\/plugins\/seo\/ -->\n<title>Mini Cutting 1 LEDs 1 CUT 120LEDs 2835 LED Strip 5V 12V 24V - ESSENLED<\/title>\n<meta name=\"description\" content=\"Mini Cutting 1 LEDs 1 cut 120leds\/m 2835 LED strip lights, it can be cut after every individual LED, customization of the strip length.\" \/>\n<meta name=\"robots\" content=\"index, follow, max-snippet:-1, max-image-preview:large, max-video-preview:-1\" \/>\n<link rel=\"canonical\" href=\"https:\/\/essenled.com\/es\/producto\/mini-cutting-1-leds-1-cut-120leds-2835-led-strip\/\" \/>\n<meta property=\"og:locale\" content=\"es_ES\" \/>\n<meta property=\"og:type\" content=\"article\" \/>\n<meta property=\"og:title\" content=\"Mini Cutting 1 LEDs 1 CUT 120LEDs 2835 LED Strip 5V 12V 24V\" \/>\n<meta property=\"og:description\" content=\"Mini Cutting 1 LEDs 1 cut 120leds\/m 2835 LED strip lights, it can be cut after every individual LED, customization of the strip length.\" \/>\n<meta property=\"og:url\" content=\"https:\/\/essenled.com\/es\/producto\/mini-cutting-1-leds-1-cut-120leds-2835-led-strip\/\" \/>\n<meta property=\"og:site_name\" content=\"ESSENLED\" \/>\n<meta property=\"article:modified_time\" content=\"2024-06-01T03:09:33+00:00\" \/>\n<meta property=\"og:image\" content=\"https:\/\/essenled.com\/wp-content\/uploads\/2024\/02\/SMD2835-One-LED-cuttable-LED-Strip-120Leds.webp\" \/>\n\t<meta property=\"og:image:width\" content=\"1000\" \/>\n\t<meta property=\"og:image:height\" content=\"1000\" \/>\n\t<meta property=\"og:image:type\" content=\"image\/webp\" \/>\n<meta name=\"twitter:card\" content=\"summary_large_image\" \/>\n<meta name=\"twitter:label1\" content=\"Tiempo de lectura\" \/>\n\t<meta name=\"twitter:data1\" content=\"1 minuto\" \/>\n<script type=\"application\/ld+json\" class=\"yoast-schema-graph\">{\"@context\":\"https:\/\/schema.org\",\"@graph\":[{\"@type\":\"WebPage\",\"@id\":\"https:\/\/essenled.com\/product\/mini-cutting-1-leds-1-cut-120leds-2835-led-strip\/\",\"url\":\"https:\/\/essenled.com\/product\/mini-cutting-1-leds-1-cut-120leds-2835-led-strip\/\",\"name\":\"Mini Cutting 1 LEDs 1 CUT 120LEDs 2835 LED Strip 5V 12V 24V - ESSENLED\",\"isPartOf\":{\"@id\":\"https:\/\/essenled.com\/#website\"},\"primaryImageOfPage\":{\"@id\":\"https:\/\/essenled.com\/product\/mini-cutting-1-leds-1-cut-120leds-2835-led-strip\/#primaryimage\"},\"image\":{\"@id\":\"https:\/\/essenled.com\/product\/mini-cutting-1-leds-1-cut-120leds-2835-led-strip\/#primaryimage\"},\"thumbnailUrl\":\"https:\/\/essenled.com\/wp-content\/uploads\/2024\/02\/SMD2835-One-LED-cuttable-LED-Strip-120Leds.webp\",\"datePublished\":\"2024-02-27T10:50:23+00:00\",\"dateModified\":\"2024-06-01T03:09:33+00:00\",\"description\":\"Mini Cutting 1 LEDs 1 cut 120leds\/m 2835 LED strip lights, it can be cut after every individual LED, customization of the strip length.\",\"breadcrumb\":{\"@id\":\"https:\/\/essenled.com\/product\/mini-cutting-1-leds-1-cut-120leds-2835-led-strip\/#breadcrumb\"},\"inLanguage\":\"es\",\"potentialAction\":[{\"@type\":\"ReadAction\",\"target\":[\"https:\/\/essenled.com\/product\/mini-cutting-1-leds-1-cut-120leds-2835-led-strip\/\"]}]},{\"@type\":\"ImageObject\",\"inLanguage\":\"es\",\"@id\":\"https:\/\/essenled.com\/product\/mini-cutting-1-leds-1-cut-120leds-2835-led-strip\/#primaryimage\",\"url\":\"https:\/\/essenled.com\/wp-content\/uploads\/2024\/02\/SMD2835-One-LED-cuttable-LED-Strip-120Leds.webp\",\"contentUrl\":\"https:\/\/essenled.com\/wp-content\/uploads\/2024\/02\/SMD2835-One-LED-cuttable-LED-Strip-120Leds.webp\",\"width\":1000,\"height\":1000,\"caption\":\"SMD2835 One LED cuttable LED Strip 120Leds\"},{\"@type\":\"BreadcrumbList\",\"@id\":\"https:\/\/essenled.com\/product\/mini-cutting-1-leds-1-cut-120leds-2835-led-strip\/#breadcrumb\",\"itemListElement\":[{\"@type\":\"ListItem\",\"position\":1,\"name\":\"Home\",\"item\":\"https:\/\/essenled.com\/\"},{\"@type\":\"ListItem\",\"position\":2,\"name\":\"Product\",\"item\":\"https:\/\/essenled.com\/fr\/product\/\"},{\"@type\":\"ListItem\",\"position\":3,\"name\":\"Mini Cutting 1 LEDs 1 CUT 120LEDs 2835 LED Strip 5V 12V 24V\"}]},{\"@type\":\"WebSite\",\"@id\":\"https:\/\/essenled.com\/#website\",\"url\":\"https:\/\/essenled.com\/\",\"name\":\"ESSENLED\",\"description\":\"\",\"publisher\":{\"@id\":\"https:\/\/essenled.com\/#organization\"},\"potentialAction\":[{\"@type\":\"SearchAction\",\"target\":{\"@type\":\"EntryPoint\",\"urlTemplate\":\"https:\/\/essenled.com\/?s={search_term_string}\"},\"query-input\":{\"@type\":\"PropertyValueSpecification\",\"valueRequired\":true,\"valueName\":\"search_term_string\"}}],\"inLanguage\":\"es\"},{\"@type\":\"Organization\",\"@id\":\"https:\/\/essenled.com\/#organization\",\"name\":\"ESSENLED\",\"url\":\"https:\/\/essenled.com\/\",\"logo\":{\"@type\":\"ImageObject\",\"inLanguage\":\"es\",\"@id\":\"https:\/\/essenled.com\/#\/schema\/logo\/image\/\",\"url\":\"https:\/\/essenled.com\/wp-content\/uploads\/2024\/01\/Essen-logo.png\",\"contentUrl\":\"https:\/\/essenled.com\/wp-content\/uploads\/2024\/01\/Essen-logo.png\",\"width\":800,\"height\":110,\"caption\":\"ESSENLED\"},\"image\":{\"@id\":\"https:\/\/essenled.com\/#\/schema\/logo\/image\/\"}}]}<\/script>\n<!-- \/ Yoast SEO Premium plugin. -->","yoast_head_json":{"title":"Mini Corte 1 LED 1 CORTE 120LEDs 2835 Tira LED 5V 12V 24V - ESSENLED","description":"Mini corte 1 LED 1 corte 120leds\/m 2835 LED luces de tira, se puede cortar despu\u00e9s de cada LED individual, la personalizaci\u00f3n de la longitud de la tira.","robots":{"index":"index","follow":"follow","max-snippet":"max-snippet:-1","max-image-preview":"max-image-preview:large","max-video-preview":"max-video-preview:-1"},"canonical":"https:\/\/essenled.com\/es\/producto\/mini-cutting-1-leds-1-cut-120leds-2835-led-strip\/","og_locale":"es_ES","og_type":"article","og_title":"Mini Cutting 1 LEDs 1 CUT 120LEDs 2835 LED Strip 5V 12V 24V","og_description":"Mini Cutting 1 LEDs 1 cut 120leds\/m 2835 LED strip lights, it can be cut after every individual LED, customization of the strip length.","og_url":"https:\/\/essenled.com\/es\/producto\/mini-cutting-1-leds-1-cut-120leds-2835-led-strip\/","og_site_name":"ESSENLED","article_modified_time":"2024-06-01T03:09:33+00:00","og_image":[{"width":1000,"height":1000,"url":"https:\/\/essenled.com\/wp-content\/uploads\/2024\/02\/SMD2835-One-LED-cuttable-LED-Strip-120Leds.webp","type":"image\/webp"}],"twitter_card":"summary_large_image","twitter_misc":{"Tiempo de lectura":"1 minuto"},"schema":{"@context":"https:\/\/schema.org","@graph":[{"@type":"WebPage","@id":"https:\/\/essenled.com\/product\/mini-cutting-1-leds-1-cut-120leds-2835-led-strip\/","url":"https:\/\/essenled.com\/product\/mini-cutting-1-leds-1-cut-120leds-2835-led-strip\/","name":"Mini Corte 1 LED 1 CORTE 120LEDs 2835 Tira LED 5V 12V 24V - ESSENLED","isPartOf":{"@id":"https:\/\/essenled.com\/#website"},"primaryImageOfPage":{"@id":"https:\/\/essenled.com\/product\/mini-cutting-1-leds-1-cut-120leds-2835-led-strip\/#primaryimage"},"image":{"@id":"https:\/\/essenled.com\/product\/mini-cutting-1-leds-1-cut-120leds-2835-led-strip\/#primaryimage"},"thumbnailUrl":"https:\/\/essenled.com\/wp-content\/uploads\/2024\/02\/SMD2835-One-LED-cuttable-LED-Strip-120Leds.webp","datePublished":"2024-02-27T10:50:23+00:00","dateModified":"2024-06-01T03:09:33+00:00","description":"Mini corte 1 LED 1 corte 120leds\/m 2835 LED luces de tira, se puede cortar despu\u00e9s de cada LED individual, la personalizaci\u00f3n de la longitud de la tira.","breadcrumb":{"@id":"https:\/\/essenled.com\/product\/mini-cutting-1-leds-1-cut-120leds-2835-led-strip\/#breadcrumb"},"inLanguage":"es","potentialAction":[{"@type":"ReadAction","target":["https:\/\/essenled.com\/product\/mini-cutting-1-leds-1-cut-120leds-2835-led-strip\/"]}]},{"@type":"ImageObject","inLanguage":"es","@id":"https:\/\/essenled.com\/product\/mini-cutting-1-leds-1-cut-120leds-2835-led-strip\/#primaryimage","url":"https:\/\/essenled.com\/wp-content\/uploads\/2024\/02\/SMD2835-One-LED-cuttable-LED-Strip-120Leds.webp","contentUrl":"https:\/\/essenled.com\/wp-content\/uploads\/2024\/02\/SMD2835-One-LED-cuttable-LED-Strip-120Leds.webp","width":1000,"height":1000,"caption":"SMD2835 One LED cuttable LED Strip 120Leds"},{"@type":"BreadcrumbList","@id":"https:\/\/essenled.com\/product\/mini-cutting-1-leds-1-cut-120leds-2835-led-strip\/#breadcrumb","itemListElement":[{"@type":"ListItem","position":1,"name":"Home","item":"https:\/\/essenled.com\/"},{"@type":"ListItem","position":2,"name":"Product","item":"https:\/\/essenled.com\/fr\/product\/"},{"@type":"ListItem","position":3,"name":"Mini Cutting 1 LEDs 1 CUT 120LEDs 2835 LED Strip 5V 12V 24V"}]},{"@type":"WebSite","@id":"https:\/\/essenled.com\/#website","url":"https:\/\/essenled.com\/","name":"ESSENLED","description":"","publisher":{"@id":"https:\/\/essenled.com\/#organization"},"potentialAction":[{"@type":"SearchAction","target":{"@type":"EntryPoint","urlTemplate":"https:\/\/essenled.com\/?s={search_term_string}"},"query-input":{"@type":"PropertyValueSpecification","valueRequired":true,"valueName":"search_term_string"}}],"inLanguage":"es"},{"@type":"Organization","@id":"https:\/\/essenled.com\/#organization","name":"ESSENLED","url":"https:\/\/essenled.com\/","logo":{"@type":"ImageObject","inLanguage":"es","@id":"https:\/\/essenled.com\/#\/schema\/logo\/image\/","url":"https:\/\/essenled.com\/wp-content\/uploads\/2024\/01\/Essen-logo.png","contentUrl":"https:\/\/essenled.com\/wp-content\/uploads\/2024\/01\/Essen-logo.png","width":800,"height":110,"caption":"ESSENLED"},"image":{"@id":"https:\/\/essenled.com\/#\/schema\/logo\/image\/"}}]}},"_links":{"self":[{"href":"https:\/\/essenled.com\/es\/wp-json\/wp\/v2\/product\/1338","targetHints":{"allow":["GET"]}}],"collection":[{"href":"https:\/\/essenled.com\/es\/wp-json\/wp\/v2\/product"}],"about":[{"href":"https:\/\/essenled.com\/es\/wp-json\/wp\/v2\/types\/product"}],"version-history":[{"count":1,"href":"https:\/\/essenled.com\/es\/wp-json\/wp\/v2\/product\/1338\/revisions"}],"predecessor-version":[{"id":1345,"href":"https:\/\/essenled.com\/es\/wp-json\/wp\/v2\/product\/1338\/revisions\/1345"}],"wp:featuredmedia":[{"embeddable":true,"href":"https:\/\/essenled.com\/es\/wp-json\/wp\/v2\/media\/2146"}],"wp:attachment":[{"href":"https:\/\/essenled.com\/es\/wp-json\/wp\/v2\/media?parent=1338"}],"wp:term":[{"taxonomy":"product_brand","embeddable":true,"href":"https:\/\/essenled.com\/es\/wp-json\/wp\/v2\/product_brand?post=1338"},{"taxonomy":"product_cat","embeddable":true,"href":"https:\/\/essenled.com\/es\/wp-json\/wp\/v2\/product_cat?post=1338"},{"taxonomy":"product_tag","embeddable":true,"href":"https:\/\/essenled.com\/es\/wp-json\/wp\/v2\/product_tag?post=1338"}],"curies":[{"name":"wp","href":"https:\/\/api.w.org\/{rel}","templated":true}]}}