{"id":1281,"date":"2024-02-27T06:51:16","date_gmt":"2024-02-27T06:51:16","guid":{"rendered":"https:\/\/essenled.com\/?post_type=product&#038;p=1281"},"modified":"2024-05-31T11:47:38","modified_gmt":"2024-05-31T11:47:38","slug":"dim-to-warm-224leds-2216-led-strip-high-density","status":"publish","type":"product","link":"https:\/\/essenled.com\/es\/producto\/dim-to-warm-224leds-2216-led-strip-high-density\/","title":{"rendered":"Dim to Warm 224LEDs 2216 Tira LED Alta Densidad 18W"},"content":{"rendered":"","protected":false},"excerpt":{"rendered":"<p>Dim to Warm 224leds\/m, tiras de luces LED SMD2216 de alta densidad, es una tira LED especial que se aten\u00faa a medida que pasa de temperaturas de color m\u00e1s fr\u00edas a m\u00e1s c\u00e1lidas, imitando la atenuaci\u00f3n de las bombillas incandescentes o hal\u00f3genas tradicionales Comportamiento.<\/p>\n<p>Dim to Warm LED strip 224leds 2216, los leds hasta 224leds\/m una alta densidad de leds, lo que resulta en una salida de luz intensa y uniforme a lo largo de su longitud, para una iluminaci\u00f3n brillante y uniforme.<\/p>\n<p>La tira de LED 2216 de 224leds de atenuaci\u00f3n a c\u00e1lida, 18 W por metro, potencia moderada. Con una anchura de 10 mm, estas tiras de LED son compactas y adecuadas para diversas aplicaciones de iluminaci\u00f3n interior.<\/p>\n<p>La tira de LED de tenue a c\u00e1lido 3000K-1800K puede pasar de una temperatura de color blanco c\u00e1lido de 3000 Kelvin (K) a una temperatura de color m\u00e1s c\u00e1lida de 1800K, lo que proporciona un ambiente y unos efectos de iluminaci\u00f3n vers\u00e1tiles.<\/p>","protected":false},"featured_media":2121,"template":"","meta":{"_kad_post_transparent":"default","_kad_post_title":"","_kad_post_layout":"default","_kad_post_sidebar_id":"","_kad_post_content_style":"default","_kad_post_vertical_padding":"default","_kad_post_feature":"","_kad_post_feature_position":"","_kad_post_header":false,"_kad_post_footer":false,"_kad_post_classname":""},"product_brand":[],"product_cat":[33,29],"product_tag":[428,425,427,430,429,426],"class_list":{"0":"post-1281","1":"product","2":"type-product","3":"status-publish","4":"has-post-thumbnail","6":"product_cat-dim-to-warm-series","7":"product_cat-led-strip","8":"product_tag-24v-dim-to-warm-led-tape-light","9":"product_tag-dim-to-warm-led-strip-lights-high-density","10":"product_tag-dim-to-warm-strip-lights-high-quality","11":"product_tag-dim-to-warm-warm-white-led-strip","12":"product_tag-dim-to-warm-24vdc-led-tape-light-system","13":"product_tag-dim-to-warm-series-led-strip-light-3000k-1800k","15":"first","16":"instock","17":"shipping-taxable","18":"product-type-simple","19":"entry","20":"content-bg","21":"loop-entry"},"yoast_head":"<!-- This site is optimized with the Yoast SEO Premium plugin v24.3 (Yoast SEO v26.7) - https:\/\/yoast.com\/wordpress\/plugins\/seo\/ -->\n<title>Dim to Warm 224LEDs 2216 LED Strip High Density 18W - ESSENLED<\/title>\n<meta name=\"description\" content=\"Dim to Warm 224leds 2216 high density LED strip lights, that dims as it transitions from cooler to warmer color temperatures.\" \/>\n<meta name=\"robots\" content=\"index, follow, max-snippet:-1, max-image-preview:large, max-video-preview:-1\" \/>\n<link rel=\"canonical\" href=\"https:\/\/essenled.com\/es\/producto\/dim-to-warm-224leds-2216-led-strip-high-density\/\" \/>\n<meta property=\"og:locale\" content=\"es_ES\" \/>\n<meta property=\"og:type\" content=\"article\" \/>\n<meta property=\"og:title\" content=\"Dim to Warm 224LEDs 2216 LED Strip High Density 18W\" \/>\n<meta property=\"og:description\" content=\"Dim to Warm 224leds 2216 high density LED strip lights, that dims as it transitions from cooler to warmer color temperatures.\" \/>\n<meta property=\"og:url\" content=\"https:\/\/essenled.com\/es\/producto\/dim-to-warm-224leds-2216-led-strip-high-density\/\" \/>\n<meta property=\"og:site_name\" content=\"ESSENLED\" \/>\n<meta property=\"article:modified_time\" content=\"2024-05-31T11:47:38+00:00\" \/>\n<meta property=\"og:image\" content=\"https:\/\/essenled.com\/wp-content\/uploads\/2024\/02\/Dim-to-Warm-SMD2216-LED-Strip-Light.webp\" \/>\n\t<meta property=\"og:image:width\" content=\"1000\" \/>\n\t<meta property=\"og:image:height\" content=\"1000\" \/>\n\t<meta property=\"og:image:type\" content=\"image\/webp\" \/>\n<meta name=\"twitter:card\" content=\"summary_large_image\" \/>\n<meta name=\"twitter:label1\" content=\"Tiempo de lectura\" \/>\n\t<meta name=\"twitter:data1\" content=\"1 minuto\" \/>\n<script type=\"application\/ld+json\" class=\"yoast-schema-graph\">{\"@context\":\"https:\/\/schema.org\",\"@graph\":[{\"@type\":\"WebPage\",\"@id\":\"https:\/\/essenled.com\/product\/dim-to-warm-224leds-2216-led-strip-high-density\/\",\"url\":\"https:\/\/essenled.com\/product\/dim-to-warm-224leds-2216-led-strip-high-density\/\",\"name\":\"Dim to Warm 224LEDs 2216 LED Strip High Density 18W - ESSENLED\",\"isPartOf\":{\"@id\":\"https:\/\/essenled.com\/#website\"},\"primaryImageOfPage\":{\"@id\":\"https:\/\/essenled.com\/product\/dim-to-warm-224leds-2216-led-strip-high-density\/#primaryimage\"},\"image\":{\"@id\":\"https:\/\/essenled.com\/product\/dim-to-warm-224leds-2216-led-strip-high-density\/#primaryimage\"},\"thumbnailUrl\":\"https:\/\/essenled.com\/wp-content\/uploads\/2024\/02\/Dim-to-Warm-SMD2216-LED-Strip-Light.webp\",\"datePublished\":\"2024-02-27T06:51:16+00:00\",\"dateModified\":\"2024-05-31T11:47:38+00:00\",\"description\":\"Dim to Warm 224leds 2216 high density LED strip lights, that dims as it transitions from cooler to warmer color temperatures.\",\"breadcrumb\":{\"@id\":\"https:\/\/essenled.com\/product\/dim-to-warm-224leds-2216-led-strip-high-density\/#breadcrumb\"},\"inLanguage\":\"es\",\"potentialAction\":[{\"@type\":\"ReadAction\",\"target\":[\"https:\/\/essenled.com\/product\/dim-to-warm-224leds-2216-led-strip-high-density\/\"]}]},{\"@type\":\"ImageObject\",\"inLanguage\":\"es\",\"@id\":\"https:\/\/essenled.com\/product\/dim-to-warm-224leds-2216-led-strip-high-density\/#primaryimage\",\"url\":\"https:\/\/essenled.com\/wp-content\/uploads\/2024\/02\/Dim-to-Warm-SMD2216-LED-Strip-Light.webp\",\"contentUrl\":\"https:\/\/essenled.com\/wp-content\/uploads\/2024\/02\/Dim-to-Warm-SMD2216-LED-Strip-Light.webp\",\"width\":1000,\"height\":1000,\"caption\":\"Dim to Warm SMD2216 LED Strip Light\"},{\"@type\":\"BreadcrumbList\",\"@id\":\"https:\/\/essenled.com\/product\/dim-to-warm-224leds-2216-led-strip-high-density\/#breadcrumb\",\"itemListElement\":[{\"@type\":\"ListItem\",\"position\":1,\"name\":\"Home\",\"item\":\"https:\/\/essenled.com\/\"},{\"@type\":\"ListItem\",\"position\":2,\"name\":\"Product\",\"item\":\"https:\/\/essenled.com\/fr\/product\/\"},{\"@type\":\"ListItem\",\"position\":3,\"name\":\"Dim to Warm 224LEDs 2216 LED Strip High Density 18W\"}]},{\"@type\":\"WebSite\",\"@id\":\"https:\/\/essenled.com\/#website\",\"url\":\"https:\/\/essenled.com\/\",\"name\":\"ESSENLED\",\"description\":\"\",\"publisher\":{\"@id\":\"https:\/\/essenled.com\/#organization\"},\"potentialAction\":[{\"@type\":\"SearchAction\",\"target\":{\"@type\":\"EntryPoint\",\"urlTemplate\":\"https:\/\/essenled.com\/?s={search_term_string}\"},\"query-input\":{\"@type\":\"PropertyValueSpecification\",\"valueRequired\":true,\"valueName\":\"search_term_string\"}}],\"inLanguage\":\"es\"},{\"@type\":\"Organization\",\"@id\":\"https:\/\/essenled.com\/#organization\",\"name\":\"ESSENLED\",\"url\":\"https:\/\/essenled.com\/\",\"logo\":{\"@type\":\"ImageObject\",\"inLanguage\":\"es\",\"@id\":\"https:\/\/essenled.com\/#\/schema\/logo\/image\/\",\"url\":\"https:\/\/essenled.com\/wp-content\/uploads\/2024\/01\/Essen-logo.png\",\"contentUrl\":\"https:\/\/essenled.com\/wp-content\/uploads\/2024\/01\/Essen-logo.png\",\"width\":800,\"height\":110,\"caption\":\"ESSENLED\"},\"image\":{\"@id\":\"https:\/\/essenled.com\/#\/schema\/logo\/image\/\"}}]}<\/script>\n<!-- \/ Yoast SEO Premium plugin. -->","yoast_head_json":{"title":"Dim to Warm 224LEDs 2216 Tira LED Alta Densidad 18W - ESSENLED","description":"Dim to Warm 224leds 2216 tiras de luces LED de alta densidad, que se aten\u00faan al pasar de temperaturas de color m\u00e1s fr\u00edas a m\u00e1s c\u00e1lidas.","robots":{"index":"index","follow":"follow","max-snippet":"max-snippet:-1","max-image-preview":"max-image-preview:large","max-video-preview":"max-video-preview:-1"},"canonical":"https:\/\/essenled.com\/es\/producto\/dim-to-warm-224leds-2216-led-strip-high-density\/","og_locale":"es_ES","og_type":"article","og_title":"Dim to Warm 224LEDs 2216 LED Strip High Density 18W","og_description":"Dim to Warm 224leds 2216 high density LED strip lights, that dims as it transitions from cooler to warmer color temperatures.","og_url":"https:\/\/essenled.com\/es\/producto\/dim-to-warm-224leds-2216-led-strip-high-density\/","og_site_name":"ESSENLED","article_modified_time":"2024-05-31T11:47:38+00:00","og_image":[{"width":1000,"height":1000,"url":"https:\/\/essenled.com\/wp-content\/uploads\/2024\/02\/Dim-to-Warm-SMD2216-LED-Strip-Light.webp","type":"image\/webp"}],"twitter_card":"summary_large_image","twitter_misc":{"Tiempo de lectura":"1 minuto"},"schema":{"@context":"https:\/\/schema.org","@graph":[{"@type":"WebPage","@id":"https:\/\/essenled.com\/product\/dim-to-warm-224leds-2216-led-strip-high-density\/","url":"https:\/\/essenled.com\/product\/dim-to-warm-224leds-2216-led-strip-high-density\/","name":"Dim to Warm 224LEDs 2216 Tira LED Alta Densidad 18W - ESSENLED","isPartOf":{"@id":"https:\/\/essenled.com\/#website"},"primaryImageOfPage":{"@id":"https:\/\/essenled.com\/product\/dim-to-warm-224leds-2216-led-strip-high-density\/#primaryimage"},"image":{"@id":"https:\/\/essenled.com\/product\/dim-to-warm-224leds-2216-led-strip-high-density\/#primaryimage"},"thumbnailUrl":"https:\/\/essenled.com\/wp-content\/uploads\/2024\/02\/Dim-to-Warm-SMD2216-LED-Strip-Light.webp","datePublished":"2024-02-27T06:51:16+00:00","dateModified":"2024-05-31T11:47:38+00:00","description":"Dim to Warm 224leds 2216 tiras de luces LED de alta densidad, que se aten\u00faan al pasar de temperaturas de color m\u00e1s fr\u00edas a m\u00e1s c\u00e1lidas.","breadcrumb":{"@id":"https:\/\/essenled.com\/product\/dim-to-warm-224leds-2216-led-strip-high-density\/#breadcrumb"},"inLanguage":"es","potentialAction":[{"@type":"ReadAction","target":["https:\/\/essenled.com\/product\/dim-to-warm-224leds-2216-led-strip-high-density\/"]}]},{"@type":"ImageObject","inLanguage":"es","@id":"https:\/\/essenled.com\/product\/dim-to-warm-224leds-2216-led-strip-high-density\/#primaryimage","url":"https:\/\/essenled.com\/wp-content\/uploads\/2024\/02\/Dim-to-Warm-SMD2216-LED-Strip-Light.webp","contentUrl":"https:\/\/essenled.com\/wp-content\/uploads\/2024\/02\/Dim-to-Warm-SMD2216-LED-Strip-Light.webp","width":1000,"height":1000,"caption":"Dim to Warm SMD2216 LED Strip Light"},{"@type":"BreadcrumbList","@id":"https:\/\/essenled.com\/product\/dim-to-warm-224leds-2216-led-strip-high-density\/#breadcrumb","itemListElement":[{"@type":"ListItem","position":1,"name":"Home","item":"https:\/\/essenled.com\/"},{"@type":"ListItem","position":2,"name":"Product","item":"https:\/\/essenled.com\/fr\/product\/"},{"@type":"ListItem","position":3,"name":"Dim to Warm 224LEDs 2216 LED Strip High Density 18W"}]},{"@type":"WebSite","@id":"https:\/\/essenled.com\/#website","url":"https:\/\/essenled.com\/","name":"ESSENLED","description":"","publisher":{"@id":"https:\/\/essenled.com\/#organization"},"potentialAction":[{"@type":"SearchAction","target":{"@type":"EntryPoint","urlTemplate":"https:\/\/essenled.com\/?s={search_term_string}"},"query-input":{"@type":"PropertyValueSpecification","valueRequired":true,"valueName":"search_term_string"}}],"inLanguage":"es"},{"@type":"Organization","@id":"https:\/\/essenled.com\/#organization","name":"ESSENLED","url":"https:\/\/essenled.com\/","logo":{"@type":"ImageObject","inLanguage":"es","@id":"https:\/\/essenled.com\/#\/schema\/logo\/image\/","url":"https:\/\/essenled.com\/wp-content\/uploads\/2024\/01\/Essen-logo.png","contentUrl":"https:\/\/essenled.com\/wp-content\/uploads\/2024\/01\/Essen-logo.png","width":800,"height":110,"caption":"ESSENLED"},"image":{"@id":"https:\/\/essenled.com\/#\/schema\/logo\/image\/"}}]}},"_links":{"self":[{"href":"https:\/\/essenled.com\/es\/wp-json\/wp\/v2\/product\/1281","targetHints":{"allow":["GET"]}}],"collection":[{"href":"https:\/\/essenled.com\/es\/wp-json\/wp\/v2\/product"}],"about":[{"href":"https:\/\/essenled.com\/es\/wp-json\/wp\/v2\/types\/product"}],"version-history":[{"count":1,"href":"https:\/\/essenled.com\/es\/wp-json\/wp\/v2\/product\/1281\/revisions"}],"predecessor-version":[{"id":1289,"href":"https:\/\/essenled.com\/es\/wp-json\/wp\/v2\/product\/1281\/revisions\/1289"}],"wp:featuredmedia":[{"embeddable":true,"href":"https:\/\/essenled.com\/es\/wp-json\/wp\/v2\/media\/2121"}],"wp:attachment":[{"href":"https:\/\/essenled.com\/es\/wp-json\/wp\/v2\/media?parent=1281"}],"wp:term":[{"taxonomy":"product_brand","embeddable":true,"href":"https:\/\/essenled.com\/es\/wp-json\/wp\/v2\/product_brand?post=1281"},{"taxonomy":"product_cat","embeddable":true,"href":"https:\/\/essenled.com\/es\/wp-json\/wp\/v2\/product_cat?post=1281"},{"taxonomy":"product_tag","embeddable":true,"href":"https:\/\/essenled.com\/es\/wp-json\/wp\/v2\/product_tag?post=1281"}],"curies":[{"name":"wp","href":"https:\/\/api.w.org\/{rel}","templated":true}]}}