{"id":1273,"date":"2024-02-27T05:52:05","date_gmt":"2024-02-27T05:52:05","guid":{"rendered":"https:\/\/essenled.com\/?post_type=product&#038;p=1273"},"modified":"2024-02-27T05:52:06","modified_gmt":"2024-02-27T05:52:06","slug":"addressable-digital-dmx512-spi-led-strip-lights","status":"publish","type":"product","link":"https:\/\/essenled.com\/es\/producto\/addressable-digital-dmx512-spi-led-strip-lights\/","title":{"rendered":"Tiras de LED direccionables (digitales) DMX512&amp;SPI"},"content":{"rendered":"","protected":false},"excerpt":{"rendered":"<p>Las tiras de luz LED direccionables (digitales) DMX512 y SPI son tipos de tiras de luz LED direccionables que ofrecen capacidades de control avanzadas para crear efectos de iluminaci\u00f3n din\u00e1micos.<\/p>\n<p>Las tiras de LED DMX512 direccionables (digitales) utilizan el protocolo DMX512 para la comunicaci\u00f3n, mientras que las tiras de LED SPI utilizan la interfaz perif\u00e9rica serie (SPI) para la transmisi\u00f3n de datos. Permiten el control individual de cada LED, permitiendo ajustes precisos de color, brillo y efectos.<\/p>\n<p>Las tiras de LED DMX512 y SPI permiten cambios din\u00e1micos de iluminaci\u00f3n en tiempo real, lo que las hace ideales para actuaciones en escenarios, iluminaci\u00f3n arquitect\u00f3nica, eventos y lugares de ocio.<\/p>\n<p>Las tiras de LED direccionables (digitales) DMX512 y SPI ofrecen soluciones de iluminaci\u00f3n vers\u00e1tiles, personalizables y din\u00e1micas para una amplia gama de aplicaciones, desde representaciones esc\u00e9nicas e iluminaci\u00f3n arquitect\u00f3nica hasta espacios comerciales e instalaciones exteriores.<\/p>","protected":false},"featured_media":1278,"template":"","meta":{"_kad_post_transparent":"default","_kad_post_title":"","_kad_post_layout":"default","_kad_post_sidebar_id":"","_kad_post_content_style":"default","_kad_post_vertical_padding":"default","_kad_post_feature":"","_kad_post_feature_position":"","_kad_post_header":false,"_kad_post_footer":false,"_kad_post_classname":""},"product_brand":[],"product_cat":[32,29],"product_tag":[421,420,424,419,422,423],"class_list":{"0":"post-1273","1":"product","2":"type-product","3":"status-publish","4":"has-post-thumbnail","6":"product_cat-dmx512spi-series","7":"product_cat-led-strip","8":"product_tag-addressable-led-strips","9":"product_tag-addressable-rgb-led-pixel-strip","10":"product_tag-digital-rgb-led-weatherproof-strip","11":"product_tag-digital-rgb-rgbw-white-led-strips","12":"product_tag-individually-addressable-led-strip-lights","13":"product_tag-led-rgb-strip-addressable","15":"first","16":"instock","17":"shipping-taxable","18":"product-type-simple","19":"entry","20":"content-bg","21":"loop-entry"},"yoast_head":"<!-- This site is optimized with the Yoast SEO Premium plugin v24.3 (Yoast SEO v26.7) - https:\/\/yoast.com\/wordpress\/plugins\/seo\/ -->\n<title>Addressable(Digital) DMX512&amp;SPI LED Strip Lights - ESSENLED<\/title>\n<meta name=\"description\" content=\"Addressable(Digital) DMX512 and SPI LED Strip Lights are types of addressable LED strip lights that creating dynamic lighting effects.\" \/>\n<meta name=\"robots\" content=\"index, follow, max-snippet:-1, max-image-preview:large, max-video-preview:-1\" \/>\n<link rel=\"canonical\" href=\"https:\/\/essenled.com\/es\/producto\/addressable-digital-dmx512-spi-led-strip-lights\/\" \/>\n<meta property=\"og:locale\" content=\"es_ES\" \/>\n<meta property=\"og:type\" content=\"article\" \/>\n<meta property=\"og:title\" content=\"Addressable(Digital) DMX512&amp;SPI LED Strip Lights\" \/>\n<meta property=\"og:description\" content=\"Addressable(Digital) DMX512 and SPI LED Strip Lights are types of addressable LED strip lights that creating dynamic lighting effects.\" \/>\n<meta property=\"og:url\" content=\"https:\/\/essenled.com\/es\/producto\/addressable-digital-dmx512-spi-led-strip-lights\/\" \/>\n<meta property=\"og:site_name\" content=\"ESSENLED\" \/>\n<meta property=\"article:modified_time\" content=\"2024-02-27T05:52:06+00:00\" \/>\n<meta property=\"og:image\" content=\"https:\/\/essenled.com\/wp-content\/uploads\/2024\/02\/Individually-Addressable-LED-Strip-Lights.webp\" \/>\n\t<meta property=\"og:image:width\" content=\"800\" \/>\n\t<meta property=\"og:image:height\" content=\"800\" \/>\n\t<meta property=\"og:image:type\" content=\"image\/webp\" \/>\n<meta name=\"twitter:card\" content=\"summary_large_image\" \/>\n<meta name=\"twitter:label1\" content=\"Tiempo de lectura\" \/>\n\t<meta name=\"twitter:data1\" content=\"1 minuto\" \/>\n<script type=\"application\/ld+json\" class=\"yoast-schema-graph\">{\"@context\":\"https:\/\/schema.org\",\"@graph\":[{\"@type\":\"WebPage\",\"@id\":\"https:\/\/essenled.com\/product\/addressable-digital-dmx512-spi-led-strip-lights\/\",\"url\":\"https:\/\/essenled.com\/product\/addressable-digital-dmx512-spi-led-strip-lights\/\",\"name\":\"Addressable(Digital) DMX512&SPI LED Strip Lights - ESSENLED\",\"isPartOf\":{\"@id\":\"https:\/\/essenled.com\/#website\"},\"primaryImageOfPage\":{\"@id\":\"https:\/\/essenled.com\/product\/addressable-digital-dmx512-spi-led-strip-lights\/#primaryimage\"},\"image\":{\"@id\":\"https:\/\/essenled.com\/product\/addressable-digital-dmx512-spi-led-strip-lights\/#primaryimage\"},\"thumbnailUrl\":\"https:\/\/essenled.com\/wp-content\/uploads\/2024\/02\/Individually-Addressable-LED-Strip-Lights.webp\",\"datePublished\":\"2024-02-27T05:52:05+00:00\",\"dateModified\":\"2024-02-27T05:52:06+00:00\",\"description\":\"Addressable(Digital) DMX512 and SPI LED Strip Lights are types of addressable LED strip lights that creating dynamic lighting effects.\",\"breadcrumb\":{\"@id\":\"https:\/\/essenled.com\/product\/addressable-digital-dmx512-spi-led-strip-lights\/#breadcrumb\"},\"inLanguage\":\"es\",\"potentialAction\":[{\"@type\":\"ReadAction\",\"target\":[\"https:\/\/essenled.com\/product\/addressable-digital-dmx512-spi-led-strip-lights\/\"]}]},{\"@type\":\"ImageObject\",\"inLanguage\":\"es\",\"@id\":\"https:\/\/essenled.com\/product\/addressable-digital-dmx512-spi-led-strip-lights\/#primaryimage\",\"url\":\"https:\/\/essenled.com\/wp-content\/uploads\/2024\/02\/Individually-Addressable-LED-Strip-Lights.webp\",\"contentUrl\":\"https:\/\/essenled.com\/wp-content\/uploads\/2024\/02\/Individually-Addressable-LED-Strip-Lights.webp\",\"width\":800,\"height\":800,\"caption\":\"Individually Addressable LED Strip Lights\"},{\"@type\":\"BreadcrumbList\",\"@id\":\"https:\/\/essenled.com\/product\/addressable-digital-dmx512-spi-led-strip-lights\/#breadcrumb\",\"itemListElement\":[{\"@type\":\"ListItem\",\"position\":1,\"name\":\"Home\",\"item\":\"https:\/\/essenled.com\/\"},{\"@type\":\"ListItem\",\"position\":2,\"name\":\"Product\",\"item\":\"https:\/\/essenled.com\/fr\/product\/\"},{\"@type\":\"ListItem\",\"position\":3,\"name\":\"Addressable(Digital) DMX512&#038;SPI LED Strip Lights\"}]},{\"@type\":\"WebSite\",\"@id\":\"https:\/\/essenled.com\/#website\",\"url\":\"https:\/\/essenled.com\/\",\"name\":\"ESSENLED\",\"description\":\"\",\"publisher\":{\"@id\":\"https:\/\/essenled.com\/#organization\"},\"potentialAction\":[{\"@type\":\"SearchAction\",\"target\":{\"@type\":\"EntryPoint\",\"urlTemplate\":\"https:\/\/essenled.com\/?s={search_term_string}\"},\"query-input\":{\"@type\":\"PropertyValueSpecification\",\"valueRequired\":true,\"valueName\":\"search_term_string\"}}],\"inLanguage\":\"es\"},{\"@type\":\"Organization\",\"@id\":\"https:\/\/essenled.com\/#organization\",\"name\":\"ESSENLED\",\"url\":\"https:\/\/essenled.com\/\",\"logo\":{\"@type\":\"ImageObject\",\"inLanguage\":\"es\",\"@id\":\"https:\/\/essenled.com\/#\/schema\/logo\/image\/\",\"url\":\"https:\/\/essenled.com\/wp-content\/uploads\/2024\/01\/Essen-logo.png\",\"contentUrl\":\"https:\/\/essenled.com\/wp-content\/uploads\/2024\/01\/Essen-logo.png\",\"width\":800,\"height\":110,\"caption\":\"ESSENLED\"},\"image\":{\"@id\":\"https:\/\/essenled.com\/#\/schema\/logo\/image\/\"}}]}<\/script>\n<!-- \/ Yoast SEO Premium plugin. -->","yoast_head_json":{"title":"Tiras de luz LED direccionables (digitales) DMX512&amp;SPI - ESSENLED","description":"Las tiras de luz LED direccionables (digitales) DMX512 y SPI son tipos de tiras de luz LED direccionables que crean efectos de iluminaci\u00f3n din\u00e1micos.","robots":{"index":"index","follow":"follow","max-snippet":"max-snippet:-1","max-image-preview":"max-image-preview:large","max-video-preview":"max-video-preview:-1"},"canonical":"https:\/\/essenled.com\/es\/producto\/addressable-digital-dmx512-spi-led-strip-lights\/","og_locale":"es_ES","og_type":"article","og_title":"Addressable(Digital) DMX512&SPI LED Strip Lights","og_description":"Addressable(Digital) DMX512 and SPI LED Strip Lights are types of addressable LED strip lights that creating dynamic lighting effects.","og_url":"https:\/\/essenled.com\/es\/producto\/addressable-digital-dmx512-spi-led-strip-lights\/","og_site_name":"ESSENLED","article_modified_time":"2024-02-27T05:52:06+00:00","og_image":[{"width":800,"height":800,"url":"https:\/\/essenled.com\/wp-content\/uploads\/2024\/02\/Individually-Addressable-LED-Strip-Lights.webp","type":"image\/webp"}],"twitter_card":"summary_large_image","twitter_misc":{"Tiempo de lectura":"1 minuto"},"schema":{"@context":"https:\/\/schema.org","@graph":[{"@type":"WebPage","@id":"https:\/\/essenled.com\/product\/addressable-digital-dmx512-spi-led-strip-lights\/","url":"https:\/\/essenled.com\/product\/addressable-digital-dmx512-spi-led-strip-lights\/","name":"Tiras de luz LED direccionables (digitales) DMX512&amp;SPI - ESSENLED","isPartOf":{"@id":"https:\/\/essenled.com\/#website"},"primaryImageOfPage":{"@id":"https:\/\/essenled.com\/product\/addressable-digital-dmx512-spi-led-strip-lights\/#primaryimage"},"image":{"@id":"https:\/\/essenled.com\/product\/addressable-digital-dmx512-spi-led-strip-lights\/#primaryimage"},"thumbnailUrl":"https:\/\/essenled.com\/wp-content\/uploads\/2024\/02\/Individually-Addressable-LED-Strip-Lights.webp","datePublished":"2024-02-27T05:52:05+00:00","dateModified":"2024-02-27T05:52:06+00:00","description":"Las tiras de luz LED direccionables (digitales) DMX512 y SPI son tipos de tiras de luz LED direccionables que crean efectos de iluminaci\u00f3n din\u00e1micos.","breadcrumb":{"@id":"https:\/\/essenled.com\/product\/addressable-digital-dmx512-spi-led-strip-lights\/#breadcrumb"},"inLanguage":"es","potentialAction":[{"@type":"ReadAction","target":["https:\/\/essenled.com\/product\/addressable-digital-dmx512-spi-led-strip-lights\/"]}]},{"@type":"ImageObject","inLanguage":"es","@id":"https:\/\/essenled.com\/product\/addressable-digital-dmx512-spi-led-strip-lights\/#primaryimage","url":"https:\/\/essenled.com\/wp-content\/uploads\/2024\/02\/Individually-Addressable-LED-Strip-Lights.webp","contentUrl":"https:\/\/essenled.com\/wp-content\/uploads\/2024\/02\/Individually-Addressable-LED-Strip-Lights.webp","width":800,"height":800,"caption":"Individually Addressable LED Strip Lights"},{"@type":"BreadcrumbList","@id":"https:\/\/essenled.com\/product\/addressable-digital-dmx512-spi-led-strip-lights\/#breadcrumb","itemListElement":[{"@type":"ListItem","position":1,"name":"Home","item":"https:\/\/essenled.com\/"},{"@type":"ListItem","position":2,"name":"Product","item":"https:\/\/essenled.com\/fr\/product\/"},{"@type":"ListItem","position":3,"name":"Addressable(Digital) DMX512&#038;SPI LED Strip Lights"}]},{"@type":"WebSite","@id":"https:\/\/essenled.com\/#website","url":"https:\/\/essenled.com\/","name":"ESSENLED","description":"","publisher":{"@id":"https:\/\/essenled.com\/#organization"},"potentialAction":[{"@type":"SearchAction","target":{"@type":"EntryPoint","urlTemplate":"https:\/\/essenled.com\/?s={search_term_string}"},"query-input":{"@type":"PropertyValueSpecification","valueRequired":true,"valueName":"search_term_string"}}],"inLanguage":"es"},{"@type":"Organization","@id":"https:\/\/essenled.com\/#organization","name":"ESSENLED","url":"https:\/\/essenled.com\/","logo":{"@type":"ImageObject","inLanguage":"es","@id":"https:\/\/essenled.com\/#\/schema\/logo\/image\/","url":"https:\/\/essenled.com\/wp-content\/uploads\/2024\/01\/Essen-logo.png","contentUrl":"https:\/\/essenled.com\/wp-content\/uploads\/2024\/01\/Essen-logo.png","width":800,"height":110,"caption":"ESSENLED"},"image":{"@id":"https:\/\/essenled.com\/#\/schema\/logo\/image\/"}}]}},"_links":{"self":[{"href":"https:\/\/essenled.com\/es\/wp-json\/wp\/v2\/product\/1273","targetHints":{"allow":["GET"]}}],"collection":[{"href":"https:\/\/essenled.com\/es\/wp-json\/wp\/v2\/product"}],"about":[{"href":"https:\/\/essenled.com\/es\/wp-json\/wp\/v2\/types\/product"}],"version-history":[{"count":1,"href":"https:\/\/essenled.com\/es\/wp-json\/wp\/v2\/product\/1273\/revisions"}],"predecessor-version":[{"id":1280,"href":"https:\/\/essenled.com\/es\/wp-json\/wp\/v2\/product\/1273\/revisions\/1280"}],"wp:featuredmedia":[{"embeddable":true,"href":"https:\/\/essenled.com\/es\/wp-json\/wp\/v2\/media\/1278"}],"wp:attachment":[{"href":"https:\/\/essenled.com\/es\/wp-json\/wp\/v2\/media?parent=1273"}],"wp:term":[{"taxonomy":"product_brand","embeddable":true,"href":"https:\/\/essenled.com\/es\/wp-json\/wp\/v2\/product_brand?post=1273"},{"taxonomy":"product_cat","embeddable":true,"href":"https:\/\/essenled.com\/es\/wp-json\/wp\/v2\/product_cat?post=1273"},{"taxonomy":"product_tag","embeddable":true,"href":"https:\/\/essenled.com\/es\/wp-json\/wp\/v2\/product_tag?post=1273"}],"curies":[{"name":"wp","href":"https:\/\/api.w.org\/{rel}","templated":true}]}}