{"id":1067,"date":"2024-02-23T11:50:37","date_gmt":"2024-02-23T11:50:37","guid":{"rendered":"https:\/\/essenled.com\/?post_type=product&#038;p=1067"},"modified":"2024-05-30T04:51:36","modified_gmt":"2024-05-30T04:51:36","slug":"120leds-5630-led-strip-super-brightness-10mm","status":"publish","type":"product","link":"https:\/\/essenled.com\/es\/producto\/120leds-5630-led-strip-super-brightness-10mm\/","title":{"rendered":"120LEDs 5630 Tira LED Super Brillo 24V 10MM"},"content":{"rendered":"","protected":false},"excerpt":{"rendered":"<p>Las tiras de luz LED superbrillantes SMD5630 120leds\/m son chips LED conocidos por su brillo y eficiencia energ\u00e9tica. Los LED son de hasta 120leds\/m, la ventaja es que la iluminaci\u00f3n es uniforme sin puntos de luz.<\/p>\n<p>El voltaje de la tira de luz LED SMD5630 120leds\/m est\u00e1 disponible en 24V. Proporcionando flexibilidad en la instalaci\u00f3n y compatibilidad con diferentes sistemas.<\/p>\n<p>Con 120leds\/m 24w\/m y una anchura de 10MM buena disipaci\u00f3n, la longitud de corte de 24V es de 50mm. Estas tiras LED ofrecen un perfil de tama\u00f1o moderado adecuado para diversas aplicaciones de iluminaci\u00f3n interior y exterior.<\/p>\n<p>Las tiras de luz LED SMD5630 120leds\/m ofrecen CRI80 y CRI90; el CRI80 se utiliza para proyectos de iluminaci\u00f3n convencionales, mientras que el CRI90 puede emplearse en galer\u00edas y salas de exposiciones de arte de alto nivel.<\/p>","protected":false},"featured_media":2079,"template":"","meta":{"_kad_post_transparent":"default","_kad_post_title":"","_kad_post_layout":"default","_kad_post_sidebar_id":"","_kad_post_content_style":"default","_kad_post_vertical_padding":"default","_kad_post_feature":"","_kad_post_feature_position":"","_kad_post_header":false,"_kad_post_footer":false,"_kad_post_classname":""},"product_brand":[],"product_cat":[29,766],"product_tag":[315,314,318,319,317,316],"class_list":{"0":"post-1067","1":"product","2":"type-product","3":"status-publish","4":"has-post-thumbnail","6":"product_cat-led-strip","7":"product_cat-single-color-series","8":"product_tag-120leds-5630-led-strip-10mm","9":"product_tag-120leds-led-strip-5630-flexible-tape","10":"product_tag-5630-10mm-120leds-cri90","11":"product_tag-super-bright-5630-120leds-strip","12":"product_tag-super-bright-5630-24w-strip","13":"product_tag-super-brightness-5630-120leds","15":"first","16":"instock","17":"shipping-taxable","18":"product-type-simple","19":"entry","20":"content-bg","21":"loop-entry"},"yoast_head":"<!-- This site is optimized with the Yoast SEO Premium plugin v24.3 (Yoast SEO v26.7) - https:\/\/yoast.com\/wordpress\/plugins\/seo\/ -->\n<title>120LEDs 5630 LED Strip Super Brightness 24V 10MM - ESSENLED<\/title>\n<meta name=\"description\" content=\"Super brightness 5630 120leds\/m LED strip lights, brightness and energy efficiency, 120leds\/m, lighting uniform without any lighting spot.\" \/>\n<meta name=\"robots\" content=\"index, follow, max-snippet:-1, max-image-preview:large, max-video-preview:-1\" \/>\n<link rel=\"canonical\" href=\"https:\/\/essenled.com\/es\/producto\/120leds-5630-led-strip-super-brightness-10mm\/\" \/>\n<meta property=\"og:locale\" content=\"es_ES\" \/>\n<meta property=\"og:type\" content=\"article\" \/>\n<meta property=\"og:title\" content=\"120LEDs 5630 LED Strip Super Brightness 24V 10MM\" \/>\n<meta property=\"og:description\" content=\"Super brightness 5630 120leds\/m LED strip lights, brightness and energy efficiency, 120leds\/m, lighting uniform without any lighting spot.\" \/>\n<meta property=\"og:url\" content=\"https:\/\/essenled.com\/es\/producto\/120leds-5630-led-strip-super-brightness-10mm\/\" \/>\n<meta property=\"og:site_name\" content=\"ESSENLED\" \/>\n<meta property=\"article:modified_time\" content=\"2024-05-30T04:51:36+00:00\" \/>\n<meta property=\"og:image\" content=\"https:\/\/essenled.com\/wp-content\/uploads\/2024\/02\/120leds-led-strip-SMD-5630-Flexible-led-tape.webp\" \/>\n\t<meta property=\"og:image:width\" content=\"1000\" \/>\n\t<meta property=\"og:image:height\" content=\"1000\" \/>\n\t<meta property=\"og:image:type\" content=\"image\/webp\" \/>\n<meta name=\"twitter:card\" content=\"summary_large_image\" \/>\n<meta name=\"twitter:label1\" content=\"Tiempo de lectura\" \/>\n\t<meta name=\"twitter:data1\" content=\"1 minuto\" \/>\n<script type=\"application\/ld+json\" class=\"yoast-schema-graph\">{\"@context\":\"https:\/\/schema.org\",\"@graph\":[{\"@type\":\"WebPage\",\"@id\":\"https:\/\/essenled.com\/product\/120leds-5630-led-strip-super-brightness-10mm\/\",\"url\":\"https:\/\/essenled.com\/product\/120leds-5630-led-strip-super-brightness-10mm\/\",\"name\":\"120LEDs 5630 LED Strip Super Brightness 24V 10MM - ESSENLED\",\"isPartOf\":{\"@id\":\"https:\/\/essenled.com\/#website\"},\"primaryImageOfPage\":{\"@id\":\"https:\/\/essenled.com\/product\/120leds-5630-led-strip-super-brightness-10mm\/#primaryimage\"},\"image\":{\"@id\":\"https:\/\/essenled.com\/product\/120leds-5630-led-strip-super-brightness-10mm\/#primaryimage\"},\"thumbnailUrl\":\"https:\/\/essenled.com\/wp-content\/uploads\/2024\/02\/120leds-led-strip-SMD-5630-Flexible-led-tape.webp\",\"datePublished\":\"2024-02-23T11:50:37+00:00\",\"dateModified\":\"2024-05-30T04:51:36+00:00\",\"description\":\"Super brightness 5630 120leds\/m LED strip lights, brightness and energy efficiency, 120leds\/m, lighting uniform without any lighting spot.\",\"breadcrumb\":{\"@id\":\"https:\/\/essenled.com\/product\/120leds-5630-led-strip-super-brightness-10mm\/#breadcrumb\"},\"inLanguage\":\"es\",\"potentialAction\":[{\"@type\":\"ReadAction\",\"target\":[\"https:\/\/essenled.com\/product\/120leds-5630-led-strip-super-brightness-10mm\/\"]}]},{\"@type\":\"ImageObject\",\"inLanguage\":\"es\",\"@id\":\"https:\/\/essenled.com\/product\/120leds-5630-led-strip-super-brightness-10mm\/#primaryimage\",\"url\":\"https:\/\/essenled.com\/wp-content\/uploads\/2024\/02\/120leds-led-strip-SMD-5630-Flexible-led-tape.webp\",\"contentUrl\":\"https:\/\/essenled.com\/wp-content\/uploads\/2024\/02\/120leds-led-strip-SMD-5630-Flexible-led-tape.webp\",\"width\":1000,\"height\":1000,\"caption\":\"120leds led strip SMD 5630 Flexible led tape\"},{\"@type\":\"BreadcrumbList\",\"@id\":\"https:\/\/essenled.com\/product\/120leds-5630-led-strip-super-brightness-10mm\/#breadcrumb\",\"itemListElement\":[{\"@type\":\"ListItem\",\"position\":1,\"name\":\"Home\",\"item\":\"https:\/\/essenled.com\/\"},{\"@type\":\"ListItem\",\"position\":2,\"name\":\"Product\",\"item\":\"https:\/\/essenled.com\/fr\/product\/\"},{\"@type\":\"ListItem\",\"position\":3,\"name\":\"120LEDs 5630 LED Strip Super Brightness 24V 10MM\"}]},{\"@type\":\"WebSite\",\"@id\":\"https:\/\/essenled.com\/#website\",\"url\":\"https:\/\/essenled.com\/\",\"name\":\"ESSENLED\",\"description\":\"\",\"publisher\":{\"@id\":\"https:\/\/essenled.com\/#organization\"},\"potentialAction\":[{\"@type\":\"SearchAction\",\"target\":{\"@type\":\"EntryPoint\",\"urlTemplate\":\"https:\/\/essenled.com\/?s={search_term_string}\"},\"query-input\":{\"@type\":\"PropertyValueSpecification\",\"valueRequired\":true,\"valueName\":\"search_term_string\"}}],\"inLanguage\":\"es\"},{\"@type\":\"Organization\",\"@id\":\"https:\/\/essenled.com\/#organization\",\"name\":\"ESSENLED\",\"url\":\"https:\/\/essenled.com\/\",\"logo\":{\"@type\":\"ImageObject\",\"inLanguage\":\"es\",\"@id\":\"https:\/\/essenled.com\/#\/schema\/logo\/image\/\",\"url\":\"https:\/\/essenled.com\/wp-content\/uploads\/2024\/01\/Essen-logo.png\",\"contentUrl\":\"https:\/\/essenled.com\/wp-content\/uploads\/2024\/01\/Essen-logo.png\",\"width\":800,\"height\":110,\"caption\":\"ESSENLED\"},\"image\":{\"@id\":\"https:\/\/essenled.com\/#\/schema\/logo\/image\/\"}}]}<\/script>\n<!-- \/ Yoast SEO Premium plugin. -->","yoast_head_json":{"title":"120LEDs 5630 Tira LED Super Brillo 24V 10MM - ESSENLED","description":"Tira de luces LED 5630 120leds\/m superbrillante, brillo y eficiencia energ\u00e9tica, 120leds\/m, iluminaci\u00f3n uniforme sin ning\u00fan punto de luz.","robots":{"index":"index","follow":"follow","max-snippet":"max-snippet:-1","max-image-preview":"max-image-preview:large","max-video-preview":"max-video-preview:-1"},"canonical":"https:\/\/essenled.com\/es\/producto\/120leds-5630-led-strip-super-brightness-10mm\/","og_locale":"es_ES","og_type":"article","og_title":"120LEDs 5630 LED Strip Super Brightness 24V 10MM","og_description":"Super brightness 5630 120leds\/m LED strip lights, brightness and energy efficiency, 120leds\/m, lighting uniform without any lighting spot.","og_url":"https:\/\/essenled.com\/es\/producto\/120leds-5630-led-strip-super-brightness-10mm\/","og_site_name":"ESSENLED","article_modified_time":"2024-05-30T04:51:36+00:00","og_image":[{"width":1000,"height":1000,"url":"https:\/\/essenled.com\/wp-content\/uploads\/2024\/02\/120leds-led-strip-SMD-5630-Flexible-led-tape.webp","type":"image\/webp"}],"twitter_card":"summary_large_image","twitter_misc":{"Tiempo de lectura":"1 minuto"},"schema":{"@context":"https:\/\/schema.org","@graph":[{"@type":"WebPage","@id":"https:\/\/essenled.com\/product\/120leds-5630-led-strip-super-brightness-10mm\/","url":"https:\/\/essenled.com\/product\/120leds-5630-led-strip-super-brightness-10mm\/","name":"120LEDs 5630 Tira LED Super Brillo 24V 10MM - ESSENLED","isPartOf":{"@id":"https:\/\/essenled.com\/#website"},"primaryImageOfPage":{"@id":"https:\/\/essenled.com\/product\/120leds-5630-led-strip-super-brightness-10mm\/#primaryimage"},"image":{"@id":"https:\/\/essenled.com\/product\/120leds-5630-led-strip-super-brightness-10mm\/#primaryimage"},"thumbnailUrl":"https:\/\/essenled.com\/wp-content\/uploads\/2024\/02\/120leds-led-strip-SMD-5630-Flexible-led-tape.webp","datePublished":"2024-02-23T11:50:37+00:00","dateModified":"2024-05-30T04:51:36+00:00","description":"Tira de luces LED 5630 120leds\/m superbrillante, brillo y eficiencia energ\u00e9tica, 120leds\/m, iluminaci\u00f3n uniforme sin ning\u00fan punto de luz.","breadcrumb":{"@id":"https:\/\/essenled.com\/product\/120leds-5630-led-strip-super-brightness-10mm\/#breadcrumb"},"inLanguage":"es","potentialAction":[{"@type":"ReadAction","target":["https:\/\/essenled.com\/product\/120leds-5630-led-strip-super-brightness-10mm\/"]}]},{"@type":"ImageObject","inLanguage":"es","@id":"https:\/\/essenled.com\/product\/120leds-5630-led-strip-super-brightness-10mm\/#primaryimage","url":"https:\/\/essenled.com\/wp-content\/uploads\/2024\/02\/120leds-led-strip-SMD-5630-Flexible-led-tape.webp","contentUrl":"https:\/\/essenled.com\/wp-content\/uploads\/2024\/02\/120leds-led-strip-SMD-5630-Flexible-led-tape.webp","width":1000,"height":1000,"caption":"120leds led strip SMD 5630 Flexible led tape"},{"@type":"BreadcrumbList","@id":"https:\/\/essenled.com\/product\/120leds-5630-led-strip-super-brightness-10mm\/#breadcrumb","itemListElement":[{"@type":"ListItem","position":1,"name":"Home","item":"https:\/\/essenled.com\/"},{"@type":"ListItem","position":2,"name":"Product","item":"https:\/\/essenled.com\/fr\/product\/"},{"@type":"ListItem","position":3,"name":"120LEDs 5630 LED Strip Super Brightness 24V 10MM"}]},{"@type":"WebSite","@id":"https:\/\/essenled.com\/#website","url":"https:\/\/essenled.com\/","name":"ESSENLED","description":"","publisher":{"@id":"https:\/\/essenled.com\/#organization"},"potentialAction":[{"@type":"SearchAction","target":{"@type":"EntryPoint","urlTemplate":"https:\/\/essenled.com\/?s={search_term_string}"},"query-input":{"@type":"PropertyValueSpecification","valueRequired":true,"valueName":"search_term_string"}}],"inLanguage":"es"},{"@type":"Organization","@id":"https:\/\/essenled.com\/#organization","name":"ESSENLED","url":"https:\/\/essenled.com\/","logo":{"@type":"ImageObject","inLanguage":"es","@id":"https:\/\/essenled.com\/#\/schema\/logo\/image\/","url":"https:\/\/essenled.com\/wp-content\/uploads\/2024\/01\/Essen-logo.png","contentUrl":"https:\/\/essenled.com\/wp-content\/uploads\/2024\/01\/Essen-logo.png","width":800,"height":110,"caption":"ESSENLED"},"image":{"@id":"https:\/\/essenled.com\/#\/schema\/logo\/image\/"}}]}},"_links":{"self":[{"href":"https:\/\/essenled.com\/es\/wp-json\/wp\/v2\/product\/1067","targetHints":{"allow":["GET"]}}],"collection":[{"href":"https:\/\/essenled.com\/es\/wp-json\/wp\/v2\/product"}],"about":[{"href":"https:\/\/essenled.com\/es\/wp-json\/wp\/v2\/types\/product"}],"version-history":[{"count":1,"href":"https:\/\/essenled.com\/es\/wp-json\/wp\/v2\/product\/1067\/revisions"}],"predecessor-version":[{"id":1074,"href":"https:\/\/essenled.com\/es\/wp-json\/wp\/v2\/product\/1067\/revisions\/1074"}],"wp:featuredmedia":[{"embeddable":true,"href":"https:\/\/essenled.com\/es\/wp-json\/wp\/v2\/media\/2079"}],"wp:attachment":[{"href":"https:\/\/essenled.com\/es\/wp-json\/wp\/v2\/media?parent=1067"}],"wp:term":[{"taxonomy":"product_brand","embeddable":true,"href":"https:\/\/essenled.com\/es\/wp-json\/wp\/v2\/product_brand?post=1067"},{"taxonomy":"product_cat","embeddable":true,"href":"https:\/\/essenled.com\/es\/wp-json\/wp\/v2\/product_cat?post=1067"},{"taxonomy":"product_tag","embeddable":true,"href":"https:\/\/essenled.com\/es\/wp-json\/wp\/v2\/product_tag?post=1067"}],"curies":[{"name":"wp","href":"https:\/\/api.w.org\/{rel}","templated":true}]}}