{"id":978,"date":"2024-02-20T09:47:01","date_gmt":"2024-02-20T09:47:01","guid":{"rendered":"https:\/\/essenled.com\/?post_type=product&#038;p=978"},"modified":"2024-05-30T05:20:53","modified_gmt":"2024-05-30T05:20:53","slug":"700leds-2110-led-strip-high-density-12mm","status":"publish","type":"product","link":"https:\/\/essenled.com\/de\/produkt\/700leds-2110-led-strip-high-density-12mm\/","title":{"rendered":"2110 LED-Streifen Serie hohe Dichte 700LEDs 24W 12MM"},"content":{"rendered":"","protected":false},"excerpt":{"rendered":"<p>700LEDs SMD2110 High-Density LED Strip Lights, bis zu 700 LEDs, die LEDs sind sehr nahe beieinander, und die Wattzahl betr\u00e4gt 24W\/m, geeignet f\u00fcr Anwendungen, die hohe Helligkeit und gleichm\u00e4\u00dfige Beleuchtung erfordern.<\/p>\n<p>SMD2110 700LEDs LED-Leuchtband Leistung ist 24W pro Meter mit hoher Helligkeit, die eine relativ hohe Leistungsaufnahme anzeigt. Es ist f\u00fcr die Hauptbeleuchtung verwendet, ohne Beleuchtung vor Ort oder dunklen Bereich, wenn auf dem LED-Aluminium-Profil setzen.<\/p>\n<p>Mit einer 12 mm Platine 700leds\/m, wissen wir, dass der Streifen bietet Stabilit\u00e4t und W\u00e4rmeableitung f\u00fcr die LEDs. Die Betriebsspannung ist 24V, und die Schnittl\u00e4nge ist 10mm.<\/p>\n<p>Die 2110 700leds LED-Streifen Standard-Farbtemperatur ist 2700K, 3000K, 4000K, und 6000K, mit hohen CRI90 + nur, und kann f\u00fcr High-Level-Schmuck Beleuchtung und Galerie Beleuchtung, etc. verwendet werden.<\/p>","protected":false},"featured_media":2081,"template":"","meta":{"_kad_post_transparent":"default","_kad_post_title":"","_kad_post_layout":"default","_kad_post_sidebar_id":"","_kad_post_content_style":"default","_kad_post_vertical_padding":"default","_kad_post_feature":"","_kad_post_feature_position":"","_kad_post_header":false,"_kad_post_footer":false,"_kad_post_classname":""},"product_brand":[],"product_cat":[29,766],"product_tag":[266,263,264,262,265,261],"class_list":{"0":"post-978","1":"product","2":"type-product","3":"status-publish","4":"has-post-thumbnail","6":"product_cat-led-strip","7":"product_cat-single-color-series","8":"product_tag-700leds-24w-2110-cri90","9":"product_tag-700leds-24w-led-strip-high-cri","10":"product_tag-700leds-led-strip-cri90-24v","11":"product_tag-high-cri95-700leds-led-strip","12":"product_tag-high-density-700leds-24w","13":"product_tag-led2110-high-density-700leds","15":"first","16":"instock","17":"shipping-taxable","18":"product-type-simple","19":"entry","20":"content-bg","21":"loop-entry"},"yoast_head":"<!-- This site is optimized with the Yoast SEO Premium plugin v24.3 (Yoast SEO v26.7) - https:\/\/yoast.com\/wordpress\/plugins\/seo\/ -->\n<title>2110 LED Strip Series High Density 700LEDs 24W 12MM - ESSENLED<\/title>\n<meta name=\"description\" content=\"700LEDs 2110 High Density LED Strip lights, up to 700 LEDs, the LEDs are very close to each other, and the wattage is 24 W\/m.\" \/>\n<meta name=\"robots\" content=\"index, follow, max-snippet:-1, max-image-preview:large, max-video-preview:-1\" \/>\n<link rel=\"canonical\" href=\"https:\/\/essenled.com\/de\/produkt\/700leds-2110-led-strip-high-density-12mm\/\" \/>\n<meta property=\"og:locale\" content=\"de_DE\" \/>\n<meta property=\"og:type\" content=\"article\" \/>\n<meta property=\"og:title\" content=\"2110 LED Strip Series High Density 700LEDs 24W 12MM\" \/>\n<meta property=\"og:description\" content=\"700LEDs 2110 High Density LED Strip lights, up to 700 LEDs, the LEDs are very close to each other, and the wattage is 24 W\/m.\" \/>\n<meta property=\"og:url\" content=\"https:\/\/essenled.com\/de\/produkt\/700leds-2110-led-strip-high-density-12mm\/\" \/>\n<meta property=\"og:site_name\" content=\"ESSENLED\" \/>\n<meta property=\"article:modified_time\" content=\"2024-05-30T05:20:53+00:00\" \/>\n<meta property=\"og:image\" content=\"https:\/\/essenled.com\/wp-content\/uploads\/2024\/02\/High-CRI-95-SMD2110-700LEDs-LED-Strip.webp\" \/>\n\t<meta property=\"og:image:width\" content=\"1000\" \/>\n\t<meta property=\"og:image:height\" content=\"1000\" \/>\n\t<meta property=\"og:image:type\" content=\"image\/webp\" \/>\n<meta name=\"twitter:card\" content=\"summary_large_image\" \/>\n<meta name=\"twitter:label1\" content=\"Gesch\u00e4tzte Lesezeit\" \/>\n\t<meta name=\"twitter:data1\" content=\"1\u00a0Minute\" \/>\n<script type=\"application\/ld+json\" class=\"yoast-schema-graph\">{\"@context\":\"https:\/\/schema.org\",\"@graph\":[{\"@type\":\"WebPage\",\"@id\":\"https:\/\/essenled.com\/product\/700leds-2110-led-strip-high-density-12mm\/\",\"url\":\"https:\/\/essenled.com\/product\/700leds-2110-led-strip-high-density-12mm\/\",\"name\":\"2110 LED Strip Series High Density 700LEDs 24W 12MM - ESSENLED\",\"isPartOf\":{\"@id\":\"https:\/\/essenled.com\/#website\"},\"primaryImageOfPage\":{\"@id\":\"https:\/\/essenled.com\/product\/700leds-2110-led-strip-high-density-12mm\/#primaryimage\"},\"image\":{\"@id\":\"https:\/\/essenled.com\/product\/700leds-2110-led-strip-high-density-12mm\/#primaryimage\"},\"thumbnailUrl\":\"https:\/\/essenled.com\/wp-content\/uploads\/2024\/02\/High-CRI-95-SMD2110-700LEDs-LED-Strip.webp\",\"datePublished\":\"2024-02-20T09:47:01+00:00\",\"dateModified\":\"2024-05-30T05:20:53+00:00\",\"description\":\"700LEDs 2110 High Density LED Strip lights, up to 700 LEDs, the LEDs are very close to each other, and the wattage is 24 W\/m.\",\"breadcrumb\":{\"@id\":\"https:\/\/essenled.com\/product\/700leds-2110-led-strip-high-density-12mm\/#breadcrumb\"},\"inLanguage\":\"de\",\"potentialAction\":[{\"@type\":\"ReadAction\",\"target\":[\"https:\/\/essenled.com\/product\/700leds-2110-led-strip-high-density-12mm\/\"]}]},{\"@type\":\"ImageObject\",\"inLanguage\":\"de\",\"@id\":\"https:\/\/essenled.com\/product\/700leds-2110-led-strip-high-density-12mm\/#primaryimage\",\"url\":\"https:\/\/essenled.com\/wp-content\/uploads\/2024\/02\/High-CRI-95-SMD2110-700LEDs-LED-Strip.webp\",\"contentUrl\":\"https:\/\/essenled.com\/wp-content\/uploads\/2024\/02\/High-CRI-95-SMD2110-700LEDs-LED-Strip.webp\",\"width\":1000,\"height\":1000,\"caption\":\"High CRI 95 SMD2110 700LEDs LED Strip\"},{\"@type\":\"BreadcrumbList\",\"@id\":\"https:\/\/essenled.com\/product\/700leds-2110-led-strip-high-density-12mm\/#breadcrumb\",\"itemListElement\":[{\"@type\":\"ListItem\",\"position\":1,\"name\":\"Home\",\"item\":\"https:\/\/essenled.com\/\"},{\"@type\":\"ListItem\",\"position\":2,\"name\":\"Product\",\"item\":\"https:\/\/essenled.com\/fr\/product\/\"},{\"@type\":\"ListItem\",\"position\":3,\"name\":\"2110 LED Strip Series High Density 700LEDs 24W 12MM\"}]},{\"@type\":\"WebSite\",\"@id\":\"https:\/\/essenled.com\/#website\",\"url\":\"https:\/\/essenled.com\/\",\"name\":\"ESSENLED\",\"description\":\"\",\"publisher\":{\"@id\":\"https:\/\/essenled.com\/#organization\"},\"potentialAction\":[{\"@type\":\"SearchAction\",\"target\":{\"@type\":\"EntryPoint\",\"urlTemplate\":\"https:\/\/essenled.com\/?s={search_term_string}\"},\"query-input\":{\"@type\":\"PropertyValueSpecification\",\"valueRequired\":true,\"valueName\":\"search_term_string\"}}],\"inLanguage\":\"de\"},{\"@type\":\"Organization\",\"@id\":\"https:\/\/essenled.com\/#organization\",\"name\":\"ESSENLED\",\"url\":\"https:\/\/essenled.com\/\",\"logo\":{\"@type\":\"ImageObject\",\"inLanguage\":\"de\",\"@id\":\"https:\/\/essenled.com\/#\/schema\/logo\/image\/\",\"url\":\"https:\/\/essenled.com\/wp-content\/uploads\/2024\/01\/Essen-logo.png\",\"contentUrl\":\"https:\/\/essenled.com\/wp-content\/uploads\/2024\/01\/Essen-logo.png\",\"width\":800,\"height\":110,\"caption\":\"ESSENLED\"},\"image\":{\"@id\":\"https:\/\/essenled.com\/#\/schema\/logo\/image\/\"}}]}<\/script>\n<!-- \/ Yoast SEO Premium plugin. -->","yoast_head_json":{"title":"2110 LED-Streifen Serie hohe Dichte 700LEDs 24W 12MM - ESSENLED","description":"700LEDs 2110 High Density LED Strip Lights, bis zu 700 LEDs, die LEDs sind sehr nahe beieinander, und die Wattleistung betr\u00e4gt 24 W\/m.","robots":{"index":"index","follow":"follow","max-snippet":"max-snippet:-1","max-image-preview":"max-image-preview:large","max-video-preview":"max-video-preview:-1"},"canonical":"https:\/\/essenled.com\/de\/produkt\/700leds-2110-led-strip-high-density-12mm\/","og_locale":"de_DE","og_type":"article","og_title":"2110 LED Strip Series High Density 700LEDs 24W 12MM","og_description":"700LEDs 2110 High Density LED Strip lights, up to 700 LEDs, the LEDs are very close to each other, and the wattage is 24 W\/m.","og_url":"https:\/\/essenled.com\/de\/produkt\/700leds-2110-led-strip-high-density-12mm\/","og_site_name":"ESSENLED","article_modified_time":"2024-05-30T05:20:53+00:00","og_image":[{"width":1000,"height":1000,"url":"https:\/\/essenled.com\/wp-content\/uploads\/2024\/02\/High-CRI-95-SMD2110-700LEDs-LED-Strip.webp","type":"image\/webp"}],"twitter_card":"summary_large_image","twitter_misc":{"Gesch\u00e4tzte Lesezeit":"1\u00a0Minute"},"schema":{"@context":"https:\/\/schema.org","@graph":[{"@type":"WebPage","@id":"https:\/\/essenled.com\/product\/700leds-2110-led-strip-high-density-12mm\/","url":"https:\/\/essenled.com\/product\/700leds-2110-led-strip-high-density-12mm\/","name":"2110 LED-Streifen Serie hohe Dichte 700LEDs 24W 12MM - ESSENLED","isPartOf":{"@id":"https:\/\/essenled.com\/#website"},"primaryImageOfPage":{"@id":"https:\/\/essenled.com\/product\/700leds-2110-led-strip-high-density-12mm\/#primaryimage"},"image":{"@id":"https:\/\/essenled.com\/product\/700leds-2110-led-strip-high-density-12mm\/#primaryimage"},"thumbnailUrl":"https:\/\/essenled.com\/wp-content\/uploads\/2024\/02\/High-CRI-95-SMD2110-700LEDs-LED-Strip.webp","datePublished":"2024-02-20T09:47:01+00:00","dateModified":"2024-05-30T05:20:53+00:00","description":"700LEDs 2110 High Density LED Strip Lights, bis zu 700 LEDs, die LEDs sind sehr nahe beieinander, und die Wattleistung betr\u00e4gt 24 W\/m.","breadcrumb":{"@id":"https:\/\/essenled.com\/product\/700leds-2110-led-strip-high-density-12mm\/#breadcrumb"},"inLanguage":"de","potentialAction":[{"@type":"ReadAction","target":["https:\/\/essenled.com\/product\/700leds-2110-led-strip-high-density-12mm\/"]}]},{"@type":"ImageObject","inLanguage":"de","@id":"https:\/\/essenled.com\/product\/700leds-2110-led-strip-high-density-12mm\/#primaryimage","url":"https:\/\/essenled.com\/wp-content\/uploads\/2024\/02\/High-CRI-95-SMD2110-700LEDs-LED-Strip.webp","contentUrl":"https:\/\/essenled.com\/wp-content\/uploads\/2024\/02\/High-CRI-95-SMD2110-700LEDs-LED-Strip.webp","width":1000,"height":1000,"caption":"High CRI 95 SMD2110 700LEDs LED Strip"},{"@type":"BreadcrumbList","@id":"https:\/\/essenled.com\/product\/700leds-2110-led-strip-high-density-12mm\/#breadcrumb","itemListElement":[{"@type":"ListItem","position":1,"name":"Home","item":"https:\/\/essenled.com\/"},{"@type":"ListItem","position":2,"name":"Product","item":"https:\/\/essenled.com\/fr\/product\/"},{"@type":"ListItem","position":3,"name":"2110 LED Strip Series High Density 700LEDs 24W 12MM"}]},{"@type":"WebSite","@id":"https:\/\/essenled.com\/#website","url":"https:\/\/essenled.com\/","name":"ESSENLED","description":"","publisher":{"@id":"https:\/\/essenled.com\/#organization"},"potentialAction":[{"@type":"SearchAction","target":{"@type":"EntryPoint","urlTemplate":"https:\/\/essenled.com\/?s={search_term_string}"},"query-input":{"@type":"PropertyValueSpecification","valueRequired":true,"valueName":"search_term_string"}}],"inLanguage":"de"},{"@type":"Organization","@id":"https:\/\/essenled.com\/#organization","name":"ESSENLED","url":"https:\/\/essenled.com\/","logo":{"@type":"ImageObject","inLanguage":"de","@id":"https:\/\/essenled.com\/#\/schema\/logo\/image\/","url":"https:\/\/essenled.com\/wp-content\/uploads\/2024\/01\/Essen-logo.png","contentUrl":"https:\/\/essenled.com\/wp-content\/uploads\/2024\/01\/Essen-logo.png","width":800,"height":110,"caption":"ESSENLED"},"image":{"@id":"https:\/\/essenled.com\/#\/schema\/logo\/image\/"}}]}},"_links":{"self":[{"href":"https:\/\/essenled.com\/de\/wp-json\/wp\/v2\/product\/978","targetHints":{"allow":["GET"]}}],"collection":[{"href":"https:\/\/essenled.com\/de\/wp-json\/wp\/v2\/product"}],"about":[{"href":"https:\/\/essenled.com\/de\/wp-json\/wp\/v2\/types\/product"}],"version-history":[{"count":3,"href":"https:\/\/essenled.com\/de\/wp-json\/wp\/v2\/product\/978\/revisions"}],"predecessor-version":[{"id":2086,"href":"https:\/\/essenled.com\/de\/wp-json\/wp\/v2\/product\/978\/revisions\/2086"}],"wp:featuredmedia":[{"embeddable":true,"href":"https:\/\/essenled.com\/de\/wp-json\/wp\/v2\/media\/2081"}],"wp:attachment":[{"href":"https:\/\/essenled.com\/de\/wp-json\/wp\/v2\/media?parent=978"}],"wp:term":[{"taxonomy":"product_brand","embeddable":true,"href":"https:\/\/essenled.com\/de\/wp-json\/wp\/v2\/product_brand?post=978"},{"taxonomy":"product_cat","embeddable":true,"href":"https:\/\/essenled.com\/de\/wp-json\/wp\/v2\/product_cat?post=978"},{"taxonomy":"product_tag","embeddable":true,"href":"https:\/\/essenled.com\/de\/wp-json\/wp\/v2\/product_tag?post=978"}],"curies":[{"name":"wp","href":"https:\/\/api.w.org\/{rel}","templated":true}]}}