{"id":1710,"date":"2024-03-04T10:10:53","date_gmt":"2024-03-04T10:10:53","guid":{"rendered":"https:\/\/essenled.com\/?post_type=product&#038;p=1710"},"modified":"2024-03-04T10:10:54","modified_gmt":"2024-03-04T10:10:54","slug":"meanwell-ip65-ip67-dimmbare-led-treiber-hlg-serie","status":"publish","type":"product","link":"https:\/\/essenled.com\/de\/produkt\/meanwell-ip65-ip67-dimmbare-led-treiber-hlg-serie\/","title":{"rendered":"Meanwell IP65\/IP67 Dimmbare LED-Treiber - Serie HLG"},"content":{"rendered":"","protected":false},"excerpt":{"rendered":"<p>Markenname: Meanwell<\/p>\n<p>Modellnummer: HLG-24V<\/p>\n<p>Eingangsspannung:100-305V<\/p>\n<p>Ausgangsspannung: 12V\/24V<\/p>\n<p>Ausgangsleistung: 40W - 600W<\/p>\n<p>Garantie\uff1a7 Jahre<\/p>\n<p><span style=\"color: #ff0000;\">Hinweis: Dieser LED-Treiber der HLG-Serie kann im Freien verwendet werden, ist wasserdicht und verf\u00fcgt \u00fcber Dimmfunktionen, kann aber nicht in Wasser getaucht werden.<\/span><\/p>","protected":false},"featured_media":1715,"template":"","meta":{"_kad_post_transparent":"default","_kad_post_title":"","_kad_post_layout":"default","_kad_post_sidebar_id":"","_kad_post_content_style":"default","_kad_post_vertical_padding":"default","_kad_post_feature":"","_kad_post_feature_position":"","_kad_post_header":false,"_kad_post_footer":false,"_kad_post_classname":""},"product_brand":[],"product_cat":[66,67],"product_tag":[700,698,697,696,699],"class_list":{"0":"post-1710","1":"product","2":"type-product","3":"status-publish","4":"has-post-thumbnail","6":"product_cat-accessories","7":"product_cat-led-driver","8":"product_tag-hlg-meanwell-12v-24v-75w-led-driver","9":"product_tag-mean-well-hlg-series-ip67-digital-dimming-led-driver","10":"product_tag-mean-well-hlg-waterproof-meanwell-led-driver","11":"product_tag-meanwell-hlg-320w-constant-power-mode-led-driver","12":"product_tag-meanwell-hlg-led-driver-12v-24v","14":"first","15":"instock","16":"shipping-taxable","17":"product-type-simple","18":"entry","19":"content-bg","20":"loop-entry"},"yoast_head":"<!-- This site is optimized with the Yoast SEO Premium plugin v24.3 (Yoast SEO v27.4) - https:\/\/yoast.com\/product\/yoast-seo-premium-wordpress\/ -->\n<title>Meanwell IP65\/IP67 Dimmable LED Driver \u2013 HLG Series - ESSENLED<\/title>\n<meta name=\"description\" content=\"Meanwell IP65\/IP67 Dimmable LED Driver \u2013 HLG Series, which can be used outdoors and is waterproof, with dimming functions available.\" \/>\n<meta name=\"robots\" content=\"index, follow, max-snippet:-1, max-image-preview:large, max-video-preview:-1\" \/>\n<link rel=\"canonical\" href=\"https:\/\/essenled.com\/de\/produkt\/meanwell-ip65-ip67-dimmbare-led-treiber-hlg-serie\/\" \/>\n<meta property=\"og:locale\" content=\"de_DE\" \/>\n<meta property=\"og:type\" content=\"article\" \/>\n<meta property=\"og:title\" content=\"Meanwell IP65\/IP67 Dimmable LED Driver \u2013 HLG Series\" \/>\n<meta property=\"og:description\" content=\"Meanwell IP65\/IP67 Dimmable LED Driver \u2013 HLG Series, which can be used outdoors and is waterproof, with dimming functions available.\" \/>\n<meta property=\"og:url\" content=\"https:\/\/essenled.com\/de\/produkt\/meanwell-ip65-ip67-dimmbare-led-treiber-hlg-serie\/\" \/>\n<meta property=\"og:site_name\" content=\"ESSENLED\" \/>\n<meta property=\"article:modified_time\" content=\"2024-03-04T10:10:54+00:00\" \/>\n<meta property=\"og:image\" content=\"https:\/\/essenled.com\/wp-content\/uploads\/2024\/03\/Meanwell-HLG-LED-Dimmable-Driver.webp\" \/>\n\t<meta property=\"og:image:width\" content=\"800\" \/>\n\t<meta property=\"og:image:height\" content=\"800\" \/>\n\t<meta property=\"og:image:type\" content=\"image\/webp\" \/>\n<meta name=\"twitter:card\" content=\"summary_large_image\" \/>\n<meta name=\"twitter:label1\" content=\"Gesch\u00e4tzte Lesezeit\" \/>\n\t<meta name=\"twitter:data1\" content=\"1\u00a0Minute\" \/>\n<script type=\"application\/ld+json\" class=\"yoast-schema-graph\">{\"@context\":\"https:\\\/\\\/schema.org\",\"@graph\":[{\"@type\":\"WebPage\",\"@id\":\"https:\\\/\\\/essenled.com\\\/product\\\/meanwell-ip65-ip67-dimmable-led-driver-hlg-series\\\/\",\"url\":\"https:\\\/\\\/essenled.com\\\/product\\\/meanwell-ip65-ip67-dimmable-led-driver-hlg-series\\\/\",\"name\":\"Meanwell IP65\\\/IP67 Dimmable LED Driver \u2013 HLG Series - ESSENLED\",\"isPartOf\":{\"@id\":\"https:\\\/\\\/essenled.com\\\/#website\"},\"primaryImageOfPage\":{\"@id\":\"https:\\\/\\\/essenled.com\\\/product\\\/meanwell-ip65-ip67-dimmable-led-driver-hlg-series\\\/#primaryimage\"},\"image\":{\"@id\":\"https:\\\/\\\/essenled.com\\\/product\\\/meanwell-ip65-ip67-dimmable-led-driver-hlg-series\\\/#primaryimage\"},\"thumbnailUrl\":\"https:\\\/\\\/essenled.com\\\/wp-content\\\/uploads\\\/2024\\\/03\\\/Meanwell-HLG-LED-Dimmable-Driver.webp\",\"datePublished\":\"2024-03-04T10:10:53+00:00\",\"dateModified\":\"2024-03-04T10:10:54+00:00\",\"description\":\"Meanwell IP65\\\/IP67 Dimmable LED Driver \u2013 HLG Series, which can be used outdoors and is waterproof, with dimming functions available.\",\"breadcrumb\":{\"@id\":\"https:\\\/\\\/essenled.com\\\/product\\\/meanwell-ip65-ip67-dimmable-led-driver-hlg-series\\\/#breadcrumb\"},\"inLanguage\":\"de\",\"potentialAction\":[{\"@type\":\"ReadAction\",\"target\":[\"https:\\\/\\\/essenled.com\\\/product\\\/meanwell-ip65-ip67-dimmable-led-driver-hlg-series\\\/\"]}]},{\"@type\":\"ImageObject\",\"inLanguage\":\"de\",\"@id\":\"https:\\\/\\\/essenled.com\\\/product\\\/meanwell-ip65-ip67-dimmable-led-driver-hlg-series\\\/#primaryimage\",\"url\":\"https:\\\/\\\/essenled.com\\\/wp-content\\\/uploads\\\/2024\\\/03\\\/Meanwell-HLG-LED-Dimmable-Driver.webp\",\"contentUrl\":\"https:\\\/\\\/essenled.com\\\/wp-content\\\/uploads\\\/2024\\\/03\\\/Meanwell-HLG-LED-Dimmable-Driver.webp\",\"width\":800,\"height\":800,\"caption\":\"Meanwell HLG LED Dimmable Driver\"},{\"@type\":\"BreadcrumbList\",\"@id\":\"https:\\\/\\\/essenled.com\\\/product\\\/meanwell-ip65-ip67-dimmable-led-driver-hlg-series\\\/#breadcrumb\",\"itemListElement\":[{\"@type\":\"ListItem\",\"position\":1,\"name\":\"Home\",\"item\":\"https:\\\/\\\/essenled.com\\\/\"},{\"@type\":\"ListItem\",\"position\":2,\"name\":\"Product\",\"item\":\"https:\\\/\\\/essenled.com\\\/fr\\\/product\\\/\"},{\"@type\":\"ListItem\",\"position\":3,\"name\":\"Meanwell IP65\\\/IP67 Dimmable LED Driver \u2013 HLG Series\"}]},{\"@type\":\"WebSite\",\"@id\":\"https:\\\/\\\/essenled.com\\\/#website\",\"url\":\"https:\\\/\\\/essenled.com\\\/\",\"name\":\"ESSENLED\",\"description\":\"\",\"publisher\":{\"@id\":\"https:\\\/\\\/essenled.com\\\/#organization\"},\"potentialAction\":[{\"@type\":\"SearchAction\",\"target\":{\"@type\":\"EntryPoint\",\"urlTemplate\":\"https:\\\/\\\/essenled.com\\\/?s={search_term_string}\"},\"query-input\":{\"@type\":\"PropertyValueSpecification\",\"valueRequired\":true,\"valueName\":\"search_term_string\"}}],\"inLanguage\":\"de\"},{\"@type\":\"Organization\",\"@id\":\"https:\\\/\\\/essenled.com\\\/#organization\",\"name\":\"ESSENLED\",\"url\":\"https:\\\/\\\/essenled.com\\\/\",\"logo\":{\"@type\":\"ImageObject\",\"inLanguage\":\"de\",\"@id\":\"https:\\\/\\\/essenled.com\\\/#\\\/schema\\\/logo\\\/image\\\/\",\"url\":\"https:\\\/\\\/essenled.com\\\/wp-content\\\/uploads\\\/2024\\\/01\\\/Essen-logo.png\",\"contentUrl\":\"https:\\\/\\\/essenled.com\\\/wp-content\\\/uploads\\\/2024\\\/01\\\/Essen-logo.png\",\"width\":800,\"height\":110,\"caption\":\"ESSENLED\"},\"image\":{\"@id\":\"https:\\\/\\\/essenled.com\\\/#\\\/schema\\\/logo\\\/image\\\/\"}}]}<\/script>\n<!-- \/ Yoast SEO Premium plugin. -->","yoast_head_json":{"title":"Meanwell IP65\/IP67 Dimmbarer LED-Treiber - HLG-Serie - ESSENLED","description":"Dimmbarer LED-Treiber der Serie HLG von Meanwell (IP65\/IP67), der im Au\u00dfenbereich eingesetzt werden kann, wasserdicht ist und \u00fcber Dimmfunktionen verf\u00fcgt.","robots":{"index":"index","follow":"follow","max-snippet":"max-snippet:-1","max-image-preview":"max-image-preview:large","max-video-preview":"max-video-preview:-1"},"canonical":"https:\/\/essenled.com\/de\/produkt\/meanwell-ip65-ip67-dimmbare-led-treiber-hlg-serie\/","og_locale":"de_DE","og_type":"article","og_title":"Meanwell IP65\/IP67 Dimmable LED Driver \u2013 HLG Series","og_description":"Meanwell IP65\/IP67 Dimmable LED Driver \u2013 HLG Series, which can be used outdoors and is waterproof, with dimming functions available.","og_url":"https:\/\/essenled.com\/de\/produkt\/meanwell-ip65-ip67-dimmbare-led-treiber-hlg-serie\/","og_site_name":"ESSENLED","article_modified_time":"2024-03-04T10:10:54+00:00","og_image":[{"width":800,"height":800,"url":"https:\/\/essenled.com\/wp-content\/uploads\/2024\/03\/Meanwell-HLG-LED-Dimmable-Driver.webp","type":"image\/webp"}],"twitter_card":"summary_large_image","twitter_misc":{"Gesch\u00e4tzte Lesezeit":"1\u00a0Minute"},"schema":{"@context":"https:\/\/schema.org","@graph":[{"@type":"WebPage","@id":"https:\/\/essenled.com\/product\/meanwell-ip65-ip67-dimmable-led-driver-hlg-series\/","url":"https:\/\/essenled.com\/product\/meanwell-ip65-ip67-dimmable-led-driver-hlg-series\/","name":"Meanwell IP65\/IP67 Dimmbarer LED-Treiber - HLG-Serie - ESSENLED","isPartOf":{"@id":"https:\/\/essenled.com\/#website"},"primaryImageOfPage":{"@id":"https:\/\/essenled.com\/product\/meanwell-ip65-ip67-dimmable-led-driver-hlg-series\/#primaryimage"},"image":{"@id":"https:\/\/essenled.com\/product\/meanwell-ip65-ip67-dimmable-led-driver-hlg-series\/#primaryimage"},"thumbnailUrl":"https:\/\/essenled.com\/wp-content\/uploads\/2024\/03\/Meanwell-HLG-LED-Dimmable-Driver.webp","datePublished":"2024-03-04T10:10:53+00:00","dateModified":"2024-03-04T10:10:54+00:00","description":"Dimmbarer LED-Treiber der Serie HLG von Meanwell (IP65\/IP67), der im Au\u00dfenbereich eingesetzt werden kann, wasserdicht ist und \u00fcber Dimmfunktionen verf\u00fcgt.","breadcrumb":{"@id":"https:\/\/essenled.com\/product\/meanwell-ip65-ip67-dimmable-led-driver-hlg-series\/#breadcrumb"},"inLanguage":"de","potentialAction":[{"@type":"ReadAction","target":["https:\/\/essenled.com\/product\/meanwell-ip65-ip67-dimmable-led-driver-hlg-series\/"]}]},{"@type":"ImageObject","inLanguage":"de","@id":"https:\/\/essenled.com\/product\/meanwell-ip65-ip67-dimmable-led-driver-hlg-series\/#primaryimage","url":"https:\/\/essenled.com\/wp-content\/uploads\/2024\/03\/Meanwell-HLG-LED-Dimmable-Driver.webp","contentUrl":"https:\/\/essenled.com\/wp-content\/uploads\/2024\/03\/Meanwell-HLG-LED-Dimmable-Driver.webp","width":800,"height":800,"caption":"Meanwell HLG LED Dimmable Driver"},{"@type":"BreadcrumbList","@id":"https:\/\/essenled.com\/product\/meanwell-ip65-ip67-dimmable-led-driver-hlg-series\/#breadcrumb","itemListElement":[{"@type":"ListItem","position":1,"name":"Home","item":"https:\/\/essenled.com\/"},{"@type":"ListItem","position":2,"name":"Product","item":"https:\/\/essenled.com\/fr\/product\/"},{"@type":"ListItem","position":3,"name":"Meanwell IP65\/IP67 Dimmable LED Driver \u2013 HLG Series"}]},{"@type":"WebSite","@id":"https:\/\/essenled.com\/#website","url":"https:\/\/essenled.com\/","name":"ESSENLED","description":"","publisher":{"@id":"https:\/\/essenled.com\/#organization"},"potentialAction":[{"@type":"SearchAction","target":{"@type":"EntryPoint","urlTemplate":"https:\/\/essenled.com\/?s={search_term_string}"},"query-input":{"@type":"PropertyValueSpecification","valueRequired":true,"valueName":"search_term_string"}}],"inLanguage":"de"},{"@type":"Organization","@id":"https:\/\/essenled.com\/#organization","name":"ESSENLED","url":"https:\/\/essenled.com\/","logo":{"@type":"ImageObject","inLanguage":"de","@id":"https:\/\/essenled.com\/#\/schema\/logo\/image\/","url":"https:\/\/essenled.com\/wp-content\/uploads\/2024\/01\/Essen-logo.png","contentUrl":"https:\/\/essenled.com\/wp-content\/uploads\/2024\/01\/Essen-logo.png","width":800,"height":110,"caption":"ESSENLED"},"image":{"@id":"https:\/\/essenled.com\/#\/schema\/logo\/image\/"}}]}},"_links":{"self":[{"href":"https:\/\/essenled.com\/de\/wp-json\/wp\/v2\/product\/1710","targetHints":{"allow":["GET"]}}],"collection":[{"href":"https:\/\/essenled.com\/de\/wp-json\/wp\/v2\/product"}],"about":[{"href":"https:\/\/essenled.com\/de\/wp-json\/wp\/v2\/types\/product"}],"version-history":[{"count":1,"href":"https:\/\/essenled.com\/de\/wp-json\/wp\/v2\/product\/1710\/revisions"}],"predecessor-version":[{"id":1719,"href":"https:\/\/essenled.com\/de\/wp-json\/wp\/v2\/product\/1710\/revisions\/1719"}],"wp:featuredmedia":[{"embeddable":true,"href":"https:\/\/essenled.com\/de\/wp-json\/wp\/v2\/media\/1715"}],"wp:attachment":[{"href":"https:\/\/essenled.com\/de\/wp-json\/wp\/v2\/media?parent=1710"}],"wp:term":[{"taxonomy":"product_brand","embeddable":true,"href":"https:\/\/essenled.com\/de\/wp-json\/wp\/v2\/product_brand?post=1710"},{"taxonomy":"product_cat","embeddable":true,"href":"https:\/\/essenled.com\/de\/wp-json\/wp\/v2\/product_cat?post=1710"},{"taxonomy":"product_tag","embeddable":true,"href":"https:\/\/essenled.com\/de\/wp-json\/wp\/v2\/product_tag?post=1710"}],"curies":[{"name":"wp","href":"https:\/\/api.w.org\/{rel}","templated":true}]}}