{"id":1643,"date":"2024-03-02T03:11:51","date_gmt":"2024-03-02T03:11:51","guid":{"rendered":"https:\/\/essenled.com\/?post_type=product&#038;p=1643"},"modified":"2024-03-02T03:17:26","modified_gmt":"2024-03-02T03:17:26","slug":"ip65-flexible-lineare-led-wandfluter-aussenbeleuchtung","status":"publish","type":"product","link":"https:\/\/essenled.com\/de\/produkt\/ip65-flexible-lineare-led-wandfluter-aussenbeleuchtung\/","title":{"rendered":"IP65 Flexible lineare LED-Wandfluter Au\u00dfenbeleuchtung"},"content":{"rendered":"","protected":false},"excerpt":{"rendered":"<p>Die flexible lineare LED-Wandfluter-Au\u00dfenbeleuchtung IP65 ist f\u00fcr die Beleuchtung gr\u00f6\u00dferer vertikaler Fl\u00e4chen, wie W\u00e4nde und Fassaden, konzipiert. Er besteht aus einem flexiblen Material, das sich biegt und an die Form der Oberfl\u00e4che anpasst, auf der er montiert ist.<\/p>\n<p>LED Wall Washer IP65 ist flexibel biegbar und in einer Farbe, abstimmbaren Wei\u00df, RGB, RGBW, und so weiter erh\u00e4ltlich. Mit IP65 wasserdicht, in Hervorhebung Geb\u00e4udefassaden verwendet, und beleuchtende Br\u00fccke Funktionen.<\/p>\n<p>Flexible LED-Wandfluter sind in der Regel 5 Meter\/Rolle, und kundenspezifische L\u00e4ngen werden unterst\u00fctzt; Sie k\u00f6nnen sie nicht selbst schneiden. Gleichzeitig hat es auch verschiedene Winkeloptionen: 15\u00b0\/30\u00b0\/50\u00b0\/20*35\u00b0\/18*20\u00b0\/20*55\u00b0<\/p>\n<p>Das integrierte Extrusionsverfahren dieses frei biegbaren IP65-Wandfluters gew\u00e4hrleistet seine Wasserdichtigkeit, und er ist mit verdeckten Endkappen f\u00fcr eine einfache Installation ausgestattet.<\/p>","protected":false},"featured_media":1649,"template":"","meta":{"_kad_post_transparent":"default","_kad_post_title":"","_kad_post_layout":"default","_kad_post_sidebar_id":"","_kad_post_content_style":"default","_kad_post_vertical_padding":"default","_kad_post_feature":"","_kad_post_feature_position":"","_kad_post_header":false,"_kad_post_footer":false,"_kad_post_classname":""},"product_brand":[],"product_cat":[59,58],"product_tag":[666,665,663,662,668,667,664],"class_list":{"0":"post-1643","1":"product","2":"type-product","3":"status-publish","4":"has-post-thumbnail","6":"product_cat-free-bending-wall-washer","7":"product_cat-wall-washer","8":"product_tag-free-bend-flex-led-wall-washer","9":"product_tag-ip65-outdoor-led-wall-washer-strip-lights","10":"product_tag-led-outdoor-wall-wash-lighting","11":"product_tag-led-wall-washer-light","12":"product_tag-led-wall-washer-lights-outdoor-wall-wash-lighting","13":"product_tag-linear-led-wall-washer","14":"product_tag-rgb-led-wall-washer-light","16":"first","17":"instock","18":"shipping-taxable","19":"product-type-simple","20":"entry","21":"content-bg","22":"loop-entry"},"yoast_head":"<!-- This site is optimized with the Yoast SEO Premium plugin v24.3 (Yoast SEO v26.7) - https:\/\/yoast.com\/wordpress\/plugins\/seo\/ -->\n<title>IP65 Flexible Linear LED Wall Washer Outdoor Lighting - ESSENLED<\/title>\n<meta name=\"description\" content=\"IP65 Flexible Linear LED Wall Washer Outdoor Lighting is designed to illuminate larger vertical surfaces such as walls and facades.\" \/>\n<meta name=\"robots\" content=\"index, follow, max-snippet:-1, max-image-preview:large, max-video-preview:-1\" \/>\n<link rel=\"canonical\" href=\"https:\/\/essenled.com\/de\/produkt\/ip65-flexible-lineare-led-wandfluter-aussenbeleuchtung\/\" \/>\n<meta property=\"og:locale\" content=\"de_DE\" \/>\n<meta property=\"og:type\" content=\"article\" \/>\n<meta property=\"og:title\" content=\"IP65 Flexible Linear LED Wall Washer Outdoor Lighting\" \/>\n<meta property=\"og:description\" content=\"IP65 Flexible Linear LED Wall Washer Outdoor Lighting is designed to illuminate larger vertical surfaces such as walls and facades.\" \/>\n<meta property=\"og:url\" content=\"https:\/\/essenled.com\/de\/produkt\/ip65-flexible-lineare-led-wandfluter-aussenbeleuchtung\/\" \/>\n<meta property=\"og:site_name\" content=\"ESSENLED\" \/>\n<meta property=\"article:modified_time\" content=\"2024-03-02T03:17:26+00:00\" \/>\n<meta property=\"og:image\" content=\"https:\/\/essenled.com\/wp-content\/uploads\/2024\/03\/Led-Wall-Washer-Light.webp\" \/>\n\t<meta property=\"og:image:width\" content=\"800\" \/>\n\t<meta property=\"og:image:height\" content=\"800\" \/>\n\t<meta property=\"og:image:type\" content=\"image\/webp\" \/>\n<meta name=\"twitter:card\" content=\"summary_large_image\" \/>\n<meta name=\"twitter:label1\" content=\"Gesch\u00e4tzte Lesezeit\" \/>\n\t<meta name=\"twitter:data1\" content=\"1\u00a0Minute\" \/>\n<script type=\"application\/ld+json\" class=\"yoast-schema-graph\">{\"@context\":\"https:\/\/schema.org\",\"@graph\":[{\"@type\":\"WebPage\",\"@id\":\"https:\/\/essenled.com\/product\/ip65-flexible-linear-led-wall-washer-outdoor-lighting\/\",\"url\":\"https:\/\/essenled.com\/product\/ip65-flexible-linear-led-wall-washer-outdoor-lighting\/\",\"name\":\"IP65 Flexible Linear LED Wall Washer Outdoor Lighting - ESSENLED\",\"isPartOf\":{\"@id\":\"https:\/\/essenled.com\/#website\"},\"primaryImageOfPage\":{\"@id\":\"https:\/\/essenled.com\/product\/ip65-flexible-linear-led-wall-washer-outdoor-lighting\/#primaryimage\"},\"image\":{\"@id\":\"https:\/\/essenled.com\/product\/ip65-flexible-linear-led-wall-washer-outdoor-lighting\/#primaryimage\"},\"thumbnailUrl\":\"https:\/\/essenled.com\/wp-content\/uploads\/2024\/03\/Led-Wall-Washer-Light.webp\",\"datePublished\":\"2024-03-02T03:11:51+00:00\",\"dateModified\":\"2024-03-02T03:17:26+00:00\",\"description\":\"IP65 Flexible Linear LED Wall Washer Outdoor Lighting is designed to illuminate larger vertical surfaces such as walls and facades.\",\"breadcrumb\":{\"@id\":\"https:\/\/essenled.com\/product\/ip65-flexible-linear-led-wall-washer-outdoor-lighting\/#breadcrumb\"},\"inLanguage\":\"de\",\"potentialAction\":[{\"@type\":\"ReadAction\",\"target\":[\"https:\/\/essenled.com\/product\/ip65-flexible-linear-led-wall-washer-outdoor-lighting\/\"]}]},{\"@type\":\"ImageObject\",\"inLanguage\":\"de\",\"@id\":\"https:\/\/essenled.com\/product\/ip65-flexible-linear-led-wall-washer-outdoor-lighting\/#primaryimage\",\"url\":\"https:\/\/essenled.com\/wp-content\/uploads\/2024\/03\/Led-Wall-Washer-Light.webp\",\"contentUrl\":\"https:\/\/essenled.com\/wp-content\/uploads\/2024\/03\/Led-Wall-Washer-Light.webp\",\"width\":800,\"height\":800,\"caption\":\"Led Wall Washer Light\"},{\"@type\":\"BreadcrumbList\",\"@id\":\"https:\/\/essenled.com\/product\/ip65-flexible-linear-led-wall-washer-outdoor-lighting\/#breadcrumb\",\"itemListElement\":[{\"@type\":\"ListItem\",\"position\":1,\"name\":\"Home\",\"item\":\"https:\/\/essenled.com\/\"},{\"@type\":\"ListItem\",\"position\":2,\"name\":\"Product\",\"item\":\"https:\/\/essenled.com\/fr\/product\/\"},{\"@type\":\"ListItem\",\"position\":3,\"name\":\"IP65 Flexible Linear LED Wall Washer Outdoor Lighting\"}]},{\"@type\":\"WebSite\",\"@id\":\"https:\/\/essenled.com\/#website\",\"url\":\"https:\/\/essenled.com\/\",\"name\":\"ESSENLED\",\"description\":\"\",\"publisher\":{\"@id\":\"https:\/\/essenled.com\/#organization\"},\"potentialAction\":[{\"@type\":\"SearchAction\",\"target\":{\"@type\":\"EntryPoint\",\"urlTemplate\":\"https:\/\/essenled.com\/?s={search_term_string}\"},\"query-input\":{\"@type\":\"PropertyValueSpecification\",\"valueRequired\":true,\"valueName\":\"search_term_string\"}}],\"inLanguage\":\"de\"},{\"@type\":\"Organization\",\"@id\":\"https:\/\/essenled.com\/#organization\",\"name\":\"ESSENLED\",\"url\":\"https:\/\/essenled.com\/\",\"logo\":{\"@type\":\"ImageObject\",\"inLanguage\":\"de\",\"@id\":\"https:\/\/essenled.com\/#\/schema\/logo\/image\/\",\"url\":\"https:\/\/essenled.com\/wp-content\/uploads\/2024\/01\/Essen-logo.png\",\"contentUrl\":\"https:\/\/essenled.com\/wp-content\/uploads\/2024\/01\/Essen-logo.png\",\"width\":800,\"height\":110,\"caption\":\"ESSENLED\"},\"image\":{\"@id\":\"https:\/\/essenled.com\/#\/schema\/logo\/image\/\"}}]}<\/script>\n<!-- \/ Yoast SEO Premium plugin. -->","yoast_head_json":{"title":"IP65 Flexible lineare LED-Wandfluter Au\u00dfenbeleuchtung - ESSENLED","description":"Die flexible lineare LED-Wandfluter-Au\u00dfenbeleuchtung IP65 ist f\u00fcr die Beleuchtung gr\u00f6\u00dferer vertikaler Fl\u00e4chen wie W\u00e4nde und Fassaden konzipiert.","robots":{"index":"index","follow":"follow","max-snippet":"max-snippet:-1","max-image-preview":"max-image-preview:large","max-video-preview":"max-video-preview:-1"},"canonical":"https:\/\/essenled.com\/de\/produkt\/ip65-flexible-lineare-led-wandfluter-aussenbeleuchtung\/","og_locale":"de_DE","og_type":"article","og_title":"IP65 Flexible Linear LED Wall Washer Outdoor Lighting","og_description":"IP65 Flexible Linear LED Wall Washer Outdoor Lighting is designed to illuminate larger vertical surfaces such as walls and facades.","og_url":"https:\/\/essenled.com\/de\/produkt\/ip65-flexible-lineare-led-wandfluter-aussenbeleuchtung\/","og_site_name":"ESSENLED","article_modified_time":"2024-03-02T03:17:26+00:00","og_image":[{"width":800,"height":800,"url":"https:\/\/essenled.com\/wp-content\/uploads\/2024\/03\/Led-Wall-Washer-Light.webp","type":"image\/webp"}],"twitter_card":"summary_large_image","twitter_misc":{"Gesch\u00e4tzte Lesezeit":"1\u00a0Minute"},"schema":{"@context":"https:\/\/schema.org","@graph":[{"@type":"WebPage","@id":"https:\/\/essenled.com\/product\/ip65-flexible-linear-led-wall-washer-outdoor-lighting\/","url":"https:\/\/essenled.com\/product\/ip65-flexible-linear-led-wall-washer-outdoor-lighting\/","name":"IP65 Flexible lineare LED-Wandfluter Au\u00dfenbeleuchtung - ESSENLED","isPartOf":{"@id":"https:\/\/essenled.com\/#website"},"primaryImageOfPage":{"@id":"https:\/\/essenled.com\/product\/ip65-flexible-linear-led-wall-washer-outdoor-lighting\/#primaryimage"},"image":{"@id":"https:\/\/essenled.com\/product\/ip65-flexible-linear-led-wall-washer-outdoor-lighting\/#primaryimage"},"thumbnailUrl":"https:\/\/essenled.com\/wp-content\/uploads\/2024\/03\/Led-Wall-Washer-Light.webp","datePublished":"2024-03-02T03:11:51+00:00","dateModified":"2024-03-02T03:17:26+00:00","description":"Die flexible lineare LED-Wandfluter-Au\u00dfenbeleuchtung IP65 ist f\u00fcr die Beleuchtung gr\u00f6\u00dferer vertikaler Fl\u00e4chen wie W\u00e4nde und Fassaden konzipiert.","breadcrumb":{"@id":"https:\/\/essenled.com\/product\/ip65-flexible-linear-led-wall-washer-outdoor-lighting\/#breadcrumb"},"inLanguage":"de","potentialAction":[{"@type":"ReadAction","target":["https:\/\/essenled.com\/product\/ip65-flexible-linear-led-wall-washer-outdoor-lighting\/"]}]},{"@type":"ImageObject","inLanguage":"de","@id":"https:\/\/essenled.com\/product\/ip65-flexible-linear-led-wall-washer-outdoor-lighting\/#primaryimage","url":"https:\/\/essenled.com\/wp-content\/uploads\/2024\/03\/Led-Wall-Washer-Light.webp","contentUrl":"https:\/\/essenled.com\/wp-content\/uploads\/2024\/03\/Led-Wall-Washer-Light.webp","width":800,"height":800,"caption":"Led Wall Washer Light"},{"@type":"BreadcrumbList","@id":"https:\/\/essenled.com\/product\/ip65-flexible-linear-led-wall-washer-outdoor-lighting\/#breadcrumb","itemListElement":[{"@type":"ListItem","position":1,"name":"Home","item":"https:\/\/essenled.com\/"},{"@type":"ListItem","position":2,"name":"Product","item":"https:\/\/essenled.com\/fr\/product\/"},{"@type":"ListItem","position":3,"name":"IP65 Flexible Linear LED Wall Washer Outdoor Lighting"}]},{"@type":"WebSite","@id":"https:\/\/essenled.com\/#website","url":"https:\/\/essenled.com\/","name":"ESSENLED","description":"","publisher":{"@id":"https:\/\/essenled.com\/#organization"},"potentialAction":[{"@type":"SearchAction","target":{"@type":"EntryPoint","urlTemplate":"https:\/\/essenled.com\/?s={search_term_string}"},"query-input":{"@type":"PropertyValueSpecification","valueRequired":true,"valueName":"search_term_string"}}],"inLanguage":"de"},{"@type":"Organization","@id":"https:\/\/essenled.com\/#organization","name":"ESSENLED","url":"https:\/\/essenled.com\/","logo":{"@type":"ImageObject","inLanguage":"de","@id":"https:\/\/essenled.com\/#\/schema\/logo\/image\/","url":"https:\/\/essenled.com\/wp-content\/uploads\/2024\/01\/Essen-logo.png","contentUrl":"https:\/\/essenled.com\/wp-content\/uploads\/2024\/01\/Essen-logo.png","width":800,"height":110,"caption":"ESSENLED"},"image":{"@id":"https:\/\/essenled.com\/#\/schema\/logo\/image\/"}}]}},"_links":{"self":[{"href":"https:\/\/essenled.com\/de\/wp-json\/wp\/v2\/product\/1643","targetHints":{"allow":["GET"]}}],"collection":[{"href":"https:\/\/essenled.com\/de\/wp-json\/wp\/v2\/product"}],"about":[{"href":"https:\/\/essenled.com\/de\/wp-json\/wp\/v2\/types\/product"}],"version-history":[{"count":2,"href":"https:\/\/essenled.com\/de\/wp-json\/wp\/v2\/product\/1643\/revisions"}],"predecessor-version":[{"id":1652,"href":"https:\/\/essenled.com\/de\/wp-json\/wp\/v2\/product\/1643\/revisions\/1652"}],"wp:featuredmedia":[{"embeddable":true,"href":"https:\/\/essenled.com\/de\/wp-json\/wp\/v2\/media\/1649"}],"wp:attachment":[{"href":"https:\/\/essenled.com\/de\/wp-json\/wp\/v2\/media?parent=1643"}],"wp:term":[{"taxonomy":"product_brand","embeddable":true,"href":"https:\/\/essenled.com\/de\/wp-json\/wp\/v2\/product_brand?post=1643"},{"taxonomy":"product_cat","embeddable":true,"href":"https:\/\/essenled.com\/de\/wp-json\/wp\/v2\/product_cat?post=1643"},{"taxonomy":"product_tag","embeddable":true,"href":"https:\/\/essenled.com\/de\/wp-json\/wp\/v2\/product_tag?post=1643"}],"curies":[{"name":"wp","href":"https:\/\/api.w.org\/{rel}","templated":true}]}}