{"id":1522,"date":"2024-03-01T02:00:58","date_gmt":"2024-03-01T02:00:58","guid":{"rendered":"https:\/\/essenled.com\/?post_type=product&#038;p=1522"},"modified":"2024-03-04T12:08:09","modified_gmt":"2024-03-04T12:08:09","slug":"adressierbare-dmx512-spi-pixel-led-silikon-neon-flex","status":"publish","type":"product","link":"https:\/\/essenled.com\/de\/produkt\/adressierbare-dmx512-spi-pixel-led-silikon-neon-flex\/","title":{"rendered":"Adressierbare DMX512&amp;SPI Pixel LED Silikon Neon Flex"},"content":{"rendered":"","protected":false},"excerpt":{"rendered":"<p>Die adressierbare DMX512&amp;SPI-Pixel-LED-Silikon-Neon-Flex<br \/>\nentwickelt die DMX512 und SPI Neon Flex, eine LED Neon Flex, mit der jedes LED-Segment einzeln gesteuert werden kann. Dies erm\u00f6glicht eine gr\u00f6\u00dfere Anpassungsf\u00e4higkeit und Vielseitigkeit bei Beleuchtungsprojekten.<\/p>\n<p>DMX512 LED neon flex wird immer beliebter f\u00fcr Anwendungen wie B\u00fchnen- und Architekturbeleuchtung, Musik- und Eventbeleuchtung sowie dynamische, anpassbare Beleuchtung.<\/p>\n<p>SPI LED Neon Flex bietet die Vorteile der Energieeffizienz und Langlebigkeit von LED Flex Neon und erm\u00f6glicht gleichzeitig eine pr\u00e4zise Steuerung jeder einzelnen LED und atemberaubende Lichteffekte.<\/p>\n<p>DMX512&amp;SPI LED neon flex enth\u00e4lt mehrere einzelne LEDs, die Sie so programmieren k\u00f6nnen, dass sie eine Vielzahl von Farben, Mustern und Effekten anzeigen. Und es ist m\u00f6glich, dynamische Lichtanzeigen zu erstellen, die mit Musik, Video oder anderen externen Quellen synchronisiert sind.<\/p>","protected":false},"featured_media":1527,"template":"","meta":{"_kad_post_transparent":"default","_kad_post_title":"","_kad_post_layout":"default","_kad_post_sidebar_id":"","_kad_post_content_style":"default","_kad_post_vertical_padding":"default","_kad_post_feature":"","_kad_post_feature_position":"","_kad_post_header":false,"_kad_post_footer":false,"_kad_post_classname":""},"product_brand":[],"product_cat":[45,39],"product_tag":[578,580,579,576,581,577],"class_list":{"0":"post-1522","1":"product","2":"type-product","3":"status-publish","4":"has-post-thumbnail","6":"product_cat-dmx512-spl-neon-series","7":"product_cat-neon-strip","8":"product_tag-24v-dmx512spi-led-neon-flex","9":"product_tag-addressable-neon-flex","10":"product_tag-dmx512-pixel-neon-flex","11":"product_tag-neon-rgb-led-neon-dmx512","12":"product_tag-outdoor-flexible-silicone-led-neon","13":"product_tag-silicone-neon-strip-dmx512-neon-light","15":"first","16":"instock","17":"featured","18":"shipping-taxable","19":"product-type-simple","20":"entry","21":"content-bg","22":"loop-entry"},"yoast_head":"<!-- This site is optimized with the Yoast SEO Premium plugin v24.3 (Yoast SEO v27.4) - https:\/\/yoast.com\/product\/yoast-seo-premium-wordpress\/ -->\n<title>Addressable DMX512&amp;SPI Pixel LED Silicone Neon Flex - ESSENLED<\/title>\n<meta name=\"description\" content=\"The addressable DMX512&amp;SPI pixel LED silicone neon flex creates the DMX512 and SPI, allowing each LED segment to be controlled individually.\" \/>\n<meta name=\"robots\" content=\"index, follow, max-snippet:-1, max-image-preview:large, max-video-preview:-1\" \/>\n<link rel=\"canonical\" href=\"https:\/\/essenled.com\/de\/produkt\/adressierbare-dmx512-spi-pixel-led-silikon-neon-flex\/\" \/>\n<meta property=\"og:locale\" content=\"de_DE\" \/>\n<meta property=\"og:type\" content=\"article\" \/>\n<meta property=\"og:title\" content=\"Addressable DMX512&amp;SPI Pixel LED Silicone Neon Flex\" \/>\n<meta property=\"og:description\" content=\"The addressable DMX512&amp;SPI pixel LED silicone neon flex creates the DMX512 and SPI, allowing each LED segment to be controlled individually.\" \/>\n<meta property=\"og:url\" content=\"https:\/\/essenled.com\/de\/produkt\/adressierbare-dmx512-spi-pixel-led-silikon-neon-flex\/\" \/>\n<meta property=\"og:site_name\" content=\"ESSENLED\" \/>\n<meta property=\"article:modified_time\" content=\"2024-03-04T12:08:09+00:00\" \/>\n<meta property=\"og:image\" content=\"https:\/\/essenled.com\/wp-content\/uploads\/2024\/03\/Neon-Rgb-Led-Neon-Dmx512.webp\" \/>\n\t<meta property=\"og:image:width\" content=\"800\" \/>\n\t<meta property=\"og:image:height\" content=\"800\" \/>\n\t<meta property=\"og:image:type\" content=\"image\/webp\" \/>\n<meta name=\"twitter:card\" content=\"summary_large_image\" \/>\n<meta name=\"twitter:label1\" content=\"Gesch\u00e4tzte Lesezeit\" \/>\n\t<meta name=\"twitter:data1\" content=\"1\u00a0Minute\" \/>\n<script type=\"application\/ld+json\" class=\"yoast-schema-graph\">{\"@context\":\"https:\\\/\\\/schema.org\",\"@graph\":[{\"@type\":\"WebPage\",\"@id\":\"https:\\\/\\\/essenled.com\\\/product\\\/addressable-dmx512-spi-pixel-led-silicone-neon-flex\\\/\",\"url\":\"https:\\\/\\\/essenled.com\\\/product\\\/addressable-dmx512-spi-pixel-led-silicone-neon-flex\\\/\",\"name\":\"Addressable DMX512&SPI Pixel LED Silicone Neon Flex - ESSENLED\",\"isPartOf\":{\"@id\":\"https:\\\/\\\/essenled.com\\\/#website\"},\"primaryImageOfPage\":{\"@id\":\"https:\\\/\\\/essenled.com\\\/product\\\/addressable-dmx512-spi-pixel-led-silicone-neon-flex\\\/#primaryimage\"},\"image\":{\"@id\":\"https:\\\/\\\/essenled.com\\\/product\\\/addressable-dmx512-spi-pixel-led-silicone-neon-flex\\\/#primaryimage\"},\"thumbnailUrl\":\"https:\\\/\\\/essenled.com\\\/wp-content\\\/uploads\\\/2024\\\/03\\\/Neon-Rgb-Led-Neon-Dmx512.webp\",\"datePublished\":\"2024-03-01T02:00:58+00:00\",\"dateModified\":\"2024-03-04T12:08:09+00:00\",\"description\":\"The addressable DMX512&SPI pixel LED silicone neon flex creates the DMX512 and SPI, allowing each LED segment to be controlled individually.\",\"breadcrumb\":{\"@id\":\"https:\\\/\\\/essenled.com\\\/product\\\/addressable-dmx512-spi-pixel-led-silicone-neon-flex\\\/#breadcrumb\"},\"inLanguage\":\"de\",\"potentialAction\":[{\"@type\":\"ReadAction\",\"target\":[\"https:\\\/\\\/essenled.com\\\/product\\\/addressable-dmx512-spi-pixel-led-silicone-neon-flex\\\/\"]}]},{\"@type\":\"ImageObject\",\"inLanguage\":\"de\",\"@id\":\"https:\\\/\\\/essenled.com\\\/product\\\/addressable-dmx512-spi-pixel-led-silicone-neon-flex\\\/#primaryimage\",\"url\":\"https:\\\/\\\/essenled.com\\\/wp-content\\\/uploads\\\/2024\\\/03\\\/Neon-Rgb-Led-Neon-Dmx512.webp\",\"contentUrl\":\"https:\\\/\\\/essenled.com\\\/wp-content\\\/uploads\\\/2024\\\/03\\\/Neon-Rgb-Led-Neon-Dmx512.webp\",\"width\":800,\"height\":800,\"caption\":\"Neon Rgb Led Neon Dmx512\"},{\"@type\":\"BreadcrumbList\",\"@id\":\"https:\\\/\\\/essenled.com\\\/product\\\/addressable-dmx512-spi-pixel-led-silicone-neon-flex\\\/#breadcrumb\",\"itemListElement\":[{\"@type\":\"ListItem\",\"position\":1,\"name\":\"Home\",\"item\":\"https:\\\/\\\/essenled.com\\\/\"},{\"@type\":\"ListItem\",\"position\":2,\"name\":\"Product\",\"item\":\"https:\\\/\\\/essenled.com\\\/fr\\\/product\\\/\"},{\"@type\":\"ListItem\",\"position\":3,\"name\":\"Addressable DMX512&#038;SPI Pixel LED Silicone Neon Flex\"}]},{\"@type\":\"WebSite\",\"@id\":\"https:\\\/\\\/essenled.com\\\/#website\",\"url\":\"https:\\\/\\\/essenled.com\\\/\",\"name\":\"ESSENLED\",\"description\":\"\",\"publisher\":{\"@id\":\"https:\\\/\\\/essenled.com\\\/#organization\"},\"potentialAction\":[{\"@type\":\"SearchAction\",\"target\":{\"@type\":\"EntryPoint\",\"urlTemplate\":\"https:\\\/\\\/essenled.com\\\/?s={search_term_string}\"},\"query-input\":{\"@type\":\"PropertyValueSpecification\",\"valueRequired\":true,\"valueName\":\"search_term_string\"}}],\"inLanguage\":\"de\"},{\"@type\":\"Organization\",\"@id\":\"https:\\\/\\\/essenled.com\\\/#organization\",\"name\":\"ESSENLED\",\"url\":\"https:\\\/\\\/essenled.com\\\/\",\"logo\":{\"@type\":\"ImageObject\",\"inLanguage\":\"de\",\"@id\":\"https:\\\/\\\/essenled.com\\\/#\\\/schema\\\/logo\\\/image\\\/\",\"url\":\"https:\\\/\\\/essenled.com\\\/wp-content\\\/uploads\\\/2024\\\/01\\\/Essen-logo.png\",\"contentUrl\":\"https:\\\/\\\/essenled.com\\\/wp-content\\\/uploads\\\/2024\\\/01\\\/Essen-logo.png\",\"width\":800,\"height\":110,\"caption\":\"ESSENLED\"},\"image\":{\"@id\":\"https:\\\/\\\/essenled.com\\\/#\\\/schema\\\/logo\\\/image\\\/\"}}]}<\/script>\n<!-- \/ Yoast SEO Premium plugin. -->","yoast_head_json":{"title":"Adressierbare DMX512&amp;SPI Pixel LED Silikon Neon Flex - ESSENLED","description":"Die adressierbare DMX512&amp;SPI-Pixel-LED-Silikon-Neon-Flex schafft die DMX512 und SPI, so dass jedes LED-Segment individuell gesteuert werden kann.","robots":{"index":"index","follow":"follow","max-snippet":"max-snippet:-1","max-image-preview":"max-image-preview:large","max-video-preview":"max-video-preview:-1"},"canonical":"https:\/\/essenled.com\/de\/produkt\/adressierbare-dmx512-spi-pixel-led-silikon-neon-flex\/","og_locale":"de_DE","og_type":"article","og_title":"Addressable DMX512&SPI Pixel LED Silicone Neon Flex","og_description":"The addressable DMX512&SPI pixel LED silicone neon flex creates the DMX512 and SPI, allowing each LED segment to be controlled individually.","og_url":"https:\/\/essenled.com\/de\/produkt\/adressierbare-dmx512-spi-pixel-led-silikon-neon-flex\/","og_site_name":"ESSENLED","article_modified_time":"2024-03-04T12:08:09+00:00","og_image":[{"width":800,"height":800,"url":"https:\/\/essenled.com\/wp-content\/uploads\/2024\/03\/Neon-Rgb-Led-Neon-Dmx512.webp","type":"image\/webp"}],"twitter_card":"summary_large_image","twitter_misc":{"Gesch\u00e4tzte Lesezeit":"1\u00a0Minute"},"schema":{"@context":"https:\/\/schema.org","@graph":[{"@type":"WebPage","@id":"https:\/\/essenled.com\/product\/addressable-dmx512-spi-pixel-led-silicone-neon-flex\/","url":"https:\/\/essenled.com\/product\/addressable-dmx512-spi-pixel-led-silicone-neon-flex\/","name":"Adressierbare DMX512&amp;SPI Pixel LED Silikon Neon Flex - ESSENLED","isPartOf":{"@id":"https:\/\/essenled.com\/#website"},"primaryImageOfPage":{"@id":"https:\/\/essenled.com\/product\/addressable-dmx512-spi-pixel-led-silicone-neon-flex\/#primaryimage"},"image":{"@id":"https:\/\/essenled.com\/product\/addressable-dmx512-spi-pixel-led-silicone-neon-flex\/#primaryimage"},"thumbnailUrl":"https:\/\/essenled.com\/wp-content\/uploads\/2024\/03\/Neon-Rgb-Led-Neon-Dmx512.webp","datePublished":"2024-03-01T02:00:58+00:00","dateModified":"2024-03-04T12:08:09+00:00","description":"Die adressierbare DMX512&amp;SPI-Pixel-LED-Silikon-Neon-Flex schafft die DMX512 und SPI, so dass jedes LED-Segment individuell gesteuert werden kann.","breadcrumb":{"@id":"https:\/\/essenled.com\/product\/addressable-dmx512-spi-pixel-led-silicone-neon-flex\/#breadcrumb"},"inLanguage":"de","potentialAction":[{"@type":"ReadAction","target":["https:\/\/essenled.com\/product\/addressable-dmx512-spi-pixel-led-silicone-neon-flex\/"]}]},{"@type":"ImageObject","inLanguage":"de","@id":"https:\/\/essenled.com\/product\/addressable-dmx512-spi-pixel-led-silicone-neon-flex\/#primaryimage","url":"https:\/\/essenled.com\/wp-content\/uploads\/2024\/03\/Neon-Rgb-Led-Neon-Dmx512.webp","contentUrl":"https:\/\/essenled.com\/wp-content\/uploads\/2024\/03\/Neon-Rgb-Led-Neon-Dmx512.webp","width":800,"height":800,"caption":"Neon Rgb Led Neon Dmx512"},{"@type":"BreadcrumbList","@id":"https:\/\/essenled.com\/product\/addressable-dmx512-spi-pixel-led-silicone-neon-flex\/#breadcrumb","itemListElement":[{"@type":"ListItem","position":1,"name":"Home","item":"https:\/\/essenled.com\/"},{"@type":"ListItem","position":2,"name":"Product","item":"https:\/\/essenled.com\/fr\/product\/"},{"@type":"ListItem","position":3,"name":"Addressable DMX512&#038;SPI Pixel LED Silicone Neon Flex"}]},{"@type":"WebSite","@id":"https:\/\/essenled.com\/#website","url":"https:\/\/essenled.com\/","name":"ESSENLED","description":"","publisher":{"@id":"https:\/\/essenled.com\/#organization"},"potentialAction":[{"@type":"SearchAction","target":{"@type":"EntryPoint","urlTemplate":"https:\/\/essenled.com\/?s={search_term_string}"},"query-input":{"@type":"PropertyValueSpecification","valueRequired":true,"valueName":"search_term_string"}}],"inLanguage":"de"},{"@type":"Organization","@id":"https:\/\/essenled.com\/#organization","name":"ESSENLED","url":"https:\/\/essenled.com\/","logo":{"@type":"ImageObject","inLanguage":"de","@id":"https:\/\/essenled.com\/#\/schema\/logo\/image\/","url":"https:\/\/essenled.com\/wp-content\/uploads\/2024\/01\/Essen-logo.png","contentUrl":"https:\/\/essenled.com\/wp-content\/uploads\/2024\/01\/Essen-logo.png","width":800,"height":110,"caption":"ESSENLED"},"image":{"@id":"https:\/\/essenled.com\/#\/schema\/logo\/image\/"}}]}},"_links":{"self":[{"href":"https:\/\/essenled.com\/de\/wp-json\/wp\/v2\/product\/1522","targetHints":{"allow":["GET"]}}],"collection":[{"href":"https:\/\/essenled.com\/de\/wp-json\/wp\/v2\/product"}],"about":[{"href":"https:\/\/essenled.com\/de\/wp-json\/wp\/v2\/types\/product"}],"version-history":[{"count":1,"href":"https:\/\/essenled.com\/de\/wp-json\/wp\/v2\/product\/1522\/revisions"}],"predecessor-version":[{"id":1529,"href":"https:\/\/essenled.com\/de\/wp-json\/wp\/v2\/product\/1522\/revisions\/1529"}],"wp:featuredmedia":[{"embeddable":true,"href":"https:\/\/essenled.com\/de\/wp-json\/wp\/v2\/media\/1527"}],"wp:attachment":[{"href":"https:\/\/essenled.com\/de\/wp-json\/wp\/v2\/media?parent=1522"}],"wp:term":[{"taxonomy":"product_brand","embeddable":true,"href":"https:\/\/essenled.com\/de\/wp-json\/wp\/v2\/product_brand?post=1522"},{"taxonomy":"product_cat","embeddable":true,"href":"https:\/\/essenled.com\/de\/wp-json\/wp\/v2\/product_cat?post=1522"},{"taxonomy":"product_tag","embeddable":true,"href":"https:\/\/essenled.com\/de\/wp-json\/wp\/v2\/product_tag?post=1522"}],"curies":[{"name":"wp","href":"https:\/\/api.w.org\/{rel}","templated":true}]}}