{"id":1140,"date":"2024-02-25T02:40:12","date_gmt":"2024-02-25T02:40:12","guid":{"rendered":"https:\/\/essenled.com\/?post_type=product&#038;p=1140"},"modified":"2024-05-31T03:11:12","modified_gmt":"2024-05-31T03:11:12","slug":"224leds-3014-tunable-white-led-strip-24v","status":"publish","type":"product","link":"https:\/\/essenled.com\/de\/produkt\/224leds-3014-tunable-white-led-strip-24v\/","title":{"rendered":"224LEDs 3014 Abstimmbare wei\u00dfe LED-Streifen 23W 24V"},"content":{"rendered":"","protected":false},"excerpt":{"rendered":"<p>Dotless 224LEDs SMD3014 abstimmbare wei\u00dfe LED-Leuchtb\u00e4nder und LEDs mit LEDs sind sehr kompakt, mit LEDs bis zu 224leds\/m mit hoher Dichte.<\/p>\n<p>3014 224leds\/m CCT einstellbare LED-Streifen erm\u00f6glicht einstellbare Farbtemperatur (2700K-6000K) Einstellungen. Diese Farbtemperatur Lichtleiste ist geeignet f\u00fcr Arbeit und Freizeit Orte und kann jederzeit nach Lust und Laune ge\u00e4ndert werden.<\/p>\n<p>Die wei\u00dfe LED-Leiste 224leds mit hoher Dichte verf\u00fcgt \u00fcber eine hohe Konzentration von LEDs pro Meter. Dieser LED-Streifen strahlt gleichm\u00e4\u00dfiges, harmonisches Licht ohne helle Flecken aus.<\/p>\n<p>Tunable White LED Strip 3528 224leds\/m, 23W\/m, 10MM CPB-Board, kann auch helfen, die LED-Streifen gut ableiten W\u00e4rme. Diese LED-Streifen bieten ein kompaktes Profil, das f\u00fcr verschiedene Innenbeleuchtungsanwendungen geeignet ist.<\/p>","protected":false},"featured_media":2100,"template":"","meta":{"_kad_post_transparent":"default","_kad_post_title":"","_kad_post_layout":"default","_kad_post_sidebar_id":"","_kad_post_content_style":"default","_kad_post_vertical_padding":"default","_kad_post_feature":"","_kad_post_feature_position":"","_kad_post_header":false,"_kad_post_footer":false,"_kad_post_classname":""},"product_brand":[],"product_cat":[29,30],"product_tag":[339,338,340,341,337,342],"class_list":{"0":"post-1140","1":"product","2":"type-product","3":"status-publish","4":"has-post-thumbnail","6":"product_cat-led-strip","7":"product_cat-tunable-white-series","8":"product_tag-24v-224leds-cri90tunable-white-strip","9":"product_tag-3014-23w-tunable-white-2700-6000k","10":"product_tag-high-cri90-tunable-white-224leds-led-strip","11":"product_tag-tunable-led-strips-23w-224leds","12":"product_tag-tunable-white-3014-224leds","13":"product_tag-waterproof-tunable-strips-224leds-23w","15":"first","16":"instock","17":"shipping-taxable","18":"product-type-simple","19":"entry","20":"content-bg","21":"loop-entry"},"yoast_head":"<!-- This site is optimized with the Yoast SEO Premium plugin v24.3 (Yoast SEO v26.7) - https:\/\/yoast.com\/wordpress\/plugins\/seo\/ -->\n<title>224LEDs 3014 Tunable White LED Strip 23W 24V - ESSENLED<\/title>\n<meta name=\"description\" content=\"Dotless 224LEDs 3014 tunable white LED strip lights and LEDs with LEDs are very compact, the leds up to 224leds\/m with high density.\" \/>\n<meta name=\"robots\" content=\"index, follow, max-snippet:-1, max-image-preview:large, max-video-preview:-1\" \/>\n<link rel=\"canonical\" href=\"https:\/\/essenled.com\/de\/produkt\/224leds-3014-tunable-white-led-strip-24v\/\" \/>\n<meta property=\"og:locale\" content=\"de_DE\" \/>\n<meta property=\"og:type\" content=\"article\" \/>\n<meta property=\"og:title\" content=\"224LEDs 3014 Tunable White LED Strip 23W 24V\" \/>\n<meta property=\"og:description\" content=\"Dotless 224LEDs 3014 tunable white LED strip lights and LEDs with LEDs are very compact, the leds up to 224leds\/m with high density.\" \/>\n<meta property=\"og:url\" content=\"https:\/\/essenled.com\/de\/produkt\/224leds-3014-tunable-white-led-strip-24v\/\" \/>\n<meta property=\"og:site_name\" content=\"ESSENLED\" \/>\n<meta property=\"article:modified_time\" content=\"2024-05-31T03:11:12+00:00\" \/>\n<meta property=\"og:image\" content=\"https:\/\/essenled.com\/wp-content\/uploads\/2024\/02\/SMD3014-224Leds-Tunable-White-LED-Strip.webp\" \/>\n\t<meta property=\"og:image:width\" content=\"1000\" \/>\n\t<meta property=\"og:image:height\" content=\"1000\" \/>\n\t<meta property=\"og:image:type\" content=\"image\/webp\" \/>\n<meta name=\"twitter:card\" content=\"summary_large_image\" \/>\n<meta name=\"twitter:label1\" content=\"Gesch\u00e4tzte Lesezeit\" \/>\n\t<meta name=\"twitter:data1\" content=\"1\u00a0Minute\" \/>\n<script type=\"application\/ld+json\" class=\"yoast-schema-graph\">{\"@context\":\"https:\/\/schema.org\",\"@graph\":[{\"@type\":\"WebPage\",\"@id\":\"https:\/\/essenled.com\/product\/224leds-3014-tunable-white-led-strip-24v\/\",\"url\":\"https:\/\/essenled.com\/product\/224leds-3014-tunable-white-led-strip-24v\/\",\"name\":\"224LEDs 3014 Tunable White LED Strip 23W 24V - ESSENLED\",\"isPartOf\":{\"@id\":\"https:\/\/essenled.com\/#website\"},\"primaryImageOfPage\":{\"@id\":\"https:\/\/essenled.com\/product\/224leds-3014-tunable-white-led-strip-24v\/#primaryimage\"},\"image\":{\"@id\":\"https:\/\/essenled.com\/product\/224leds-3014-tunable-white-led-strip-24v\/#primaryimage\"},\"thumbnailUrl\":\"https:\/\/essenled.com\/wp-content\/uploads\/2024\/02\/SMD3014-224Leds-Tunable-White-LED-Strip.webp\",\"datePublished\":\"2024-02-25T02:40:12+00:00\",\"dateModified\":\"2024-05-31T03:11:12+00:00\",\"description\":\"Dotless 224LEDs 3014 tunable white LED strip lights and LEDs with LEDs are very compact, the leds up to 224leds\/m with high density.\",\"breadcrumb\":{\"@id\":\"https:\/\/essenled.com\/product\/224leds-3014-tunable-white-led-strip-24v\/#breadcrumb\"},\"inLanguage\":\"de\",\"potentialAction\":[{\"@type\":\"ReadAction\",\"target\":[\"https:\/\/essenled.com\/product\/224leds-3014-tunable-white-led-strip-24v\/\"]}]},{\"@type\":\"ImageObject\",\"inLanguage\":\"de\",\"@id\":\"https:\/\/essenled.com\/product\/224leds-3014-tunable-white-led-strip-24v\/#primaryimage\",\"url\":\"https:\/\/essenled.com\/wp-content\/uploads\/2024\/02\/SMD3014-224Leds-Tunable-White-LED-Strip.webp\",\"contentUrl\":\"https:\/\/essenled.com\/wp-content\/uploads\/2024\/02\/SMD3014-224Leds-Tunable-White-LED-Strip.webp\",\"width\":1000,\"height\":1000,\"caption\":\"SMD3014 224Leds Tunable White LED Strip\"},{\"@type\":\"BreadcrumbList\",\"@id\":\"https:\/\/essenled.com\/product\/224leds-3014-tunable-white-led-strip-24v\/#breadcrumb\",\"itemListElement\":[{\"@type\":\"ListItem\",\"position\":1,\"name\":\"Home\",\"item\":\"https:\/\/essenled.com\/\"},{\"@type\":\"ListItem\",\"position\":2,\"name\":\"Product\",\"item\":\"https:\/\/essenled.com\/fr\/product\/\"},{\"@type\":\"ListItem\",\"position\":3,\"name\":\"224LEDs 3014 Tunable White LED Strip 23W 24V\"}]},{\"@type\":\"WebSite\",\"@id\":\"https:\/\/essenled.com\/#website\",\"url\":\"https:\/\/essenled.com\/\",\"name\":\"ESSENLED\",\"description\":\"\",\"publisher\":{\"@id\":\"https:\/\/essenled.com\/#organization\"},\"potentialAction\":[{\"@type\":\"SearchAction\",\"target\":{\"@type\":\"EntryPoint\",\"urlTemplate\":\"https:\/\/essenled.com\/?s={search_term_string}\"},\"query-input\":{\"@type\":\"PropertyValueSpecification\",\"valueRequired\":true,\"valueName\":\"search_term_string\"}}],\"inLanguage\":\"de\"},{\"@type\":\"Organization\",\"@id\":\"https:\/\/essenled.com\/#organization\",\"name\":\"ESSENLED\",\"url\":\"https:\/\/essenled.com\/\",\"logo\":{\"@type\":\"ImageObject\",\"inLanguage\":\"de\",\"@id\":\"https:\/\/essenled.com\/#\/schema\/logo\/image\/\",\"url\":\"https:\/\/essenled.com\/wp-content\/uploads\/2024\/01\/Essen-logo.png\",\"contentUrl\":\"https:\/\/essenled.com\/wp-content\/uploads\/2024\/01\/Essen-logo.png\",\"width\":800,\"height\":110,\"caption\":\"ESSENLED\"},\"image\":{\"@id\":\"https:\/\/essenled.com\/#\/schema\/logo\/image\/\"}}]}<\/script>\n<!-- \/ Yoast SEO Premium plugin. -->","yoast_head_json":{"title":"224LEDs 3014 Abstimmbare wei\u00dfe LED-Streifen 23W 24V - ESSENLED","description":"Dotless 224LEDs 3014 abstimmbare wei\u00dfe LED-Leuchtb\u00e4nder und LEDs mit LEDs sind sehr kompakt, die Leds bis zu 224leds\/m mit hoher Dichte.","robots":{"index":"index","follow":"follow","max-snippet":"max-snippet:-1","max-image-preview":"max-image-preview:large","max-video-preview":"max-video-preview:-1"},"canonical":"https:\/\/essenled.com\/de\/produkt\/224leds-3014-tunable-white-led-strip-24v\/","og_locale":"de_DE","og_type":"article","og_title":"224LEDs 3014 Tunable White LED Strip 23W 24V","og_description":"Dotless 224LEDs 3014 tunable white LED strip lights and LEDs with LEDs are very compact, the leds up to 224leds\/m with high density.","og_url":"https:\/\/essenled.com\/de\/produkt\/224leds-3014-tunable-white-led-strip-24v\/","og_site_name":"ESSENLED","article_modified_time":"2024-05-31T03:11:12+00:00","og_image":[{"width":1000,"height":1000,"url":"https:\/\/essenled.com\/wp-content\/uploads\/2024\/02\/SMD3014-224Leds-Tunable-White-LED-Strip.webp","type":"image\/webp"}],"twitter_card":"summary_large_image","twitter_misc":{"Gesch\u00e4tzte Lesezeit":"1\u00a0Minute"},"schema":{"@context":"https:\/\/schema.org","@graph":[{"@type":"WebPage","@id":"https:\/\/essenled.com\/product\/224leds-3014-tunable-white-led-strip-24v\/","url":"https:\/\/essenled.com\/product\/224leds-3014-tunable-white-led-strip-24v\/","name":"224LEDs 3014 Abstimmbare wei\u00dfe LED-Streifen 23W 24V - ESSENLED","isPartOf":{"@id":"https:\/\/essenled.com\/#website"},"primaryImageOfPage":{"@id":"https:\/\/essenled.com\/product\/224leds-3014-tunable-white-led-strip-24v\/#primaryimage"},"image":{"@id":"https:\/\/essenled.com\/product\/224leds-3014-tunable-white-led-strip-24v\/#primaryimage"},"thumbnailUrl":"https:\/\/essenled.com\/wp-content\/uploads\/2024\/02\/SMD3014-224Leds-Tunable-White-LED-Strip.webp","datePublished":"2024-02-25T02:40:12+00:00","dateModified":"2024-05-31T03:11:12+00:00","description":"Dotless 224LEDs 3014 abstimmbare wei\u00dfe LED-Leuchtb\u00e4nder und LEDs mit LEDs sind sehr kompakt, die Leds bis zu 224leds\/m mit hoher Dichte.","breadcrumb":{"@id":"https:\/\/essenled.com\/product\/224leds-3014-tunable-white-led-strip-24v\/#breadcrumb"},"inLanguage":"de","potentialAction":[{"@type":"ReadAction","target":["https:\/\/essenled.com\/product\/224leds-3014-tunable-white-led-strip-24v\/"]}]},{"@type":"ImageObject","inLanguage":"de","@id":"https:\/\/essenled.com\/product\/224leds-3014-tunable-white-led-strip-24v\/#primaryimage","url":"https:\/\/essenled.com\/wp-content\/uploads\/2024\/02\/SMD3014-224Leds-Tunable-White-LED-Strip.webp","contentUrl":"https:\/\/essenled.com\/wp-content\/uploads\/2024\/02\/SMD3014-224Leds-Tunable-White-LED-Strip.webp","width":1000,"height":1000,"caption":"SMD3014 224Leds Tunable White LED Strip"},{"@type":"BreadcrumbList","@id":"https:\/\/essenled.com\/product\/224leds-3014-tunable-white-led-strip-24v\/#breadcrumb","itemListElement":[{"@type":"ListItem","position":1,"name":"Home","item":"https:\/\/essenled.com\/"},{"@type":"ListItem","position":2,"name":"Product","item":"https:\/\/essenled.com\/fr\/product\/"},{"@type":"ListItem","position":3,"name":"224LEDs 3014 Tunable White LED Strip 23W 24V"}]},{"@type":"WebSite","@id":"https:\/\/essenled.com\/#website","url":"https:\/\/essenled.com\/","name":"ESSENLED","description":"","publisher":{"@id":"https:\/\/essenled.com\/#organization"},"potentialAction":[{"@type":"SearchAction","target":{"@type":"EntryPoint","urlTemplate":"https:\/\/essenled.com\/?s={search_term_string}"},"query-input":{"@type":"PropertyValueSpecification","valueRequired":true,"valueName":"search_term_string"}}],"inLanguage":"de"},{"@type":"Organization","@id":"https:\/\/essenled.com\/#organization","name":"ESSENLED","url":"https:\/\/essenled.com\/","logo":{"@type":"ImageObject","inLanguage":"de","@id":"https:\/\/essenled.com\/#\/schema\/logo\/image\/","url":"https:\/\/essenled.com\/wp-content\/uploads\/2024\/01\/Essen-logo.png","contentUrl":"https:\/\/essenled.com\/wp-content\/uploads\/2024\/01\/Essen-logo.png","width":800,"height":110,"caption":"ESSENLED"},"image":{"@id":"https:\/\/essenled.com\/#\/schema\/logo\/image\/"}}]}},"_links":{"self":[{"href":"https:\/\/essenled.com\/de\/wp-json\/wp\/v2\/product\/1140","targetHints":{"allow":["GET"]}}],"collection":[{"href":"https:\/\/essenled.com\/de\/wp-json\/wp\/v2\/product"}],"about":[{"href":"https:\/\/essenled.com\/de\/wp-json\/wp\/v2\/types\/product"}],"version-history":[{"count":1,"href":"https:\/\/essenled.com\/de\/wp-json\/wp\/v2\/product\/1140\/revisions"}],"predecessor-version":[{"id":1147,"href":"https:\/\/essenled.com\/de\/wp-json\/wp\/v2\/product\/1140\/revisions\/1147"}],"wp:featuredmedia":[{"embeddable":true,"href":"https:\/\/essenled.com\/de\/wp-json\/wp\/v2\/media\/2100"}],"wp:attachment":[{"href":"https:\/\/essenled.com\/de\/wp-json\/wp\/v2\/media?parent=1140"}],"wp:term":[{"taxonomy":"product_brand","embeddable":true,"href":"https:\/\/essenled.com\/de\/wp-json\/wp\/v2\/product_brand?post=1140"},{"taxonomy":"product_cat","embeddable":true,"href":"https:\/\/essenled.com\/de\/wp-json\/wp\/v2\/product_cat?post=1140"},{"taxonomy":"product_tag","embeddable":true,"href":"https:\/\/essenled.com\/de\/wp-json\/wp\/v2\/product_tag?post=1140"}],"curies":[{"name":"wp","href":"https:\/\/api.w.org\/{rel}","templated":true}]}}