{"id":1075,"date":"2024-02-23T12:26:45","date_gmt":"2024-02-23T12:26:45","guid":{"rendered":"https:\/\/essenled.com\/?post_type=product&#038;p=1075"},"modified":"2024-05-31T02:47:27","modified_gmt":"2024-05-31T02:47:27","slug":"364leds-2010-tunable-white-led-strip-high-density","status":"publish","type":"product","link":"https:\/\/essenled.com\/de\/produkt\/364leds-2010-tunable-white-led-strip-high-density\/","title":{"rendered":"364LEDs 2010 Abstimmbare wei\u00dfe LED-Streifen hoher Dichte 10MM"},"content":{"rendered":"","protected":false},"excerpt":{"rendered":"<p>High-Density 364LEDs SMD2010 abstimmbaren wei\u00dfen LED-Leuchtband, LED-Lampe Perlen sind sehr kompakt, erreichen 364leds\/m. Dieser Streifen mit einer hohen Dichte von LEDs f\u00fcr intensive und gleichm\u00e4\u00dfige Ausleuchtung.<\/p>\n<p>2010 364leds\/m abstimmbarer wei\u00dfer LED-Streifen erm\u00f6glicht einstellbare Farbtemperatur-Einstellungen. Dieser Lichtstreifen erm\u00f6glicht es dem Benutzer, die Farbtemperatur nach seinen Vorlieben von k\u00fchlem Wei\u00df bis warmem Wei\u00df zu w\u00e4hlen.<\/p>\n<p>High-Density 364leds zeichnet sich durch eine hohe Konzentration von LEDs pro Meter aus, was zu einer hellen und gleichm\u00e4\u00dfigen Ausleuchtung \u00fcber die gesamte L\u00e4nge f\u00fchrt, ohne dunkle Bereiche.<\/p>\n<p>Tunable White LED Strip 2010 364leds\/m, mit einer Breite10MM, bieten diese LED-Streifen ein kompaktes Profil geeignet f\u00fcr verschiedene Innenbeleuchtung Anwendungen. Zur gleichen Zeit, eine Breite 10MM CPB-Board kann auch helfen, die LED-Streifen W\u00e4rme gut zu zerstreuen.<\/p>","protected":false},"featured_media":2092,"template":"","meta":{"_kad_post_transparent":"default","_kad_post_title":"","_kad_post_layout":"default","_kad_post_sidebar_id":"","_kad_post_content_style":"default","_kad_post_vertical_padding":"default","_kad_post_feature":"","_kad_post_feature_position":"","_kad_post_header":false,"_kad_post_footer":false,"_kad_post_classname":""},"product_brand":[],"product_cat":[29,30],"product_tag":[324,322,320,323,321],"class_list":{"0":"post-1075","1":"product","2":"type-product","3":"status-publish","4":"has-post-thumbnail","6":"product_cat-led-strip","7":"product_cat-tunable-white-series","8":"product_tag-20w-2010-tunable-white-10mm","9":"product_tag-364leds-2010-bi-color-20w-cri95","10":"product_tag-high-density-cct-adjustable-strip","11":"product_tag-tunable-white-strip-20w","12":"product_tag-tunable-white-strip-364leds-2010","14":"first","15":"instock","16":"shipping-taxable","17":"product-type-simple","18":"entry","19":"content-bg","20":"loop-entry"},"yoast_head":"<!-- This site is optimized with the Yoast SEO Premium plugin v24.3 (Yoast SEO v26.7) - https:\/\/yoast.com\/wordpress\/plugins\/seo\/ -->\n<title>364LEDs 2010 Tunable White LED Strip High Density 10MM - ESSENLED<\/title>\n<meta name=\"description\" content=\"High-density 364LEDs 2010 tunable white LED strip lights, LED beads are very compact, reaching 364leds\/m, for intense and uniform illumination.\" \/>\n<meta name=\"robots\" content=\"index, follow, max-snippet:-1, max-image-preview:large, max-video-preview:-1\" \/>\n<link rel=\"canonical\" href=\"https:\/\/essenled.com\/de\/produkt\/364leds-2010-tunable-white-led-strip-high-density\/\" \/>\n<meta property=\"og:locale\" content=\"de_DE\" \/>\n<meta property=\"og:type\" content=\"article\" \/>\n<meta property=\"og:title\" content=\"364LEDs 2010 Tunable White LED Strip High Density 10MM\" \/>\n<meta property=\"og:description\" content=\"High-density 364LEDs 2010 tunable white LED strip lights, LED beads are very compact, reaching 364leds\/m, for intense and uniform illumination.\" \/>\n<meta property=\"og:url\" content=\"https:\/\/essenled.com\/de\/produkt\/364leds-2010-tunable-white-led-strip-high-density\/\" \/>\n<meta property=\"og:site_name\" content=\"ESSENLED\" \/>\n<meta property=\"article:modified_time\" content=\"2024-05-31T02:47:27+00:00\" \/>\n<meta property=\"og:image\" content=\"https:\/\/essenled.com\/wp-content\/uploads\/2024\/02\/High-density-CCT-adjustable-LED-strip-1.webp\" \/>\n\t<meta property=\"og:image:width\" content=\"1000\" \/>\n\t<meta property=\"og:image:height\" content=\"1000\" \/>\n\t<meta property=\"og:image:type\" content=\"image\/webp\" \/>\n<meta name=\"twitter:card\" content=\"summary_large_image\" \/>\n<meta name=\"twitter:label1\" content=\"Gesch\u00e4tzte Lesezeit\" \/>\n\t<meta name=\"twitter:data1\" content=\"1\u00a0Minute\" \/>\n<script type=\"application\/ld+json\" class=\"yoast-schema-graph\">{\"@context\":\"https:\/\/schema.org\",\"@graph\":[{\"@type\":\"WebPage\",\"@id\":\"https:\/\/essenled.com\/product\/364leds-2010-tunable-white-led-strip-high-density\/\",\"url\":\"https:\/\/essenled.com\/product\/364leds-2010-tunable-white-led-strip-high-density\/\",\"name\":\"364LEDs 2010 Tunable White LED Strip High Density 10MM - ESSENLED\",\"isPartOf\":{\"@id\":\"https:\/\/essenled.com\/#website\"},\"primaryImageOfPage\":{\"@id\":\"https:\/\/essenled.com\/product\/364leds-2010-tunable-white-led-strip-high-density\/#primaryimage\"},\"image\":{\"@id\":\"https:\/\/essenled.com\/product\/364leds-2010-tunable-white-led-strip-high-density\/#primaryimage\"},\"thumbnailUrl\":\"https:\/\/essenled.com\/wp-content\/uploads\/2024\/02\/High-density-CCT-adjustable-LED-strip-1.webp\",\"datePublished\":\"2024-02-23T12:26:45+00:00\",\"dateModified\":\"2024-05-31T02:47:27+00:00\",\"description\":\"High-density 364LEDs 2010 tunable white LED strip lights, LED beads are very compact, reaching 364leds\/m, for intense and uniform illumination.\",\"breadcrumb\":{\"@id\":\"https:\/\/essenled.com\/product\/364leds-2010-tunable-white-led-strip-high-density\/#breadcrumb\"},\"inLanguage\":\"de\",\"potentialAction\":[{\"@type\":\"ReadAction\",\"target\":[\"https:\/\/essenled.com\/product\/364leds-2010-tunable-white-led-strip-high-density\/\"]}]},{\"@type\":\"ImageObject\",\"inLanguage\":\"de\",\"@id\":\"https:\/\/essenled.com\/product\/364leds-2010-tunable-white-led-strip-high-density\/#primaryimage\",\"url\":\"https:\/\/essenled.com\/wp-content\/uploads\/2024\/02\/High-density-CCT-adjustable-LED-strip-1.webp\",\"contentUrl\":\"https:\/\/essenled.com\/wp-content\/uploads\/2024\/02\/High-density-CCT-adjustable-LED-strip-1.webp\",\"width\":1000,\"height\":1000,\"caption\":\"High density CCT adjustable LED strip\"},{\"@type\":\"BreadcrumbList\",\"@id\":\"https:\/\/essenled.com\/product\/364leds-2010-tunable-white-led-strip-high-density\/#breadcrumb\",\"itemListElement\":[{\"@type\":\"ListItem\",\"position\":1,\"name\":\"Home\",\"item\":\"https:\/\/essenled.com\/\"},{\"@type\":\"ListItem\",\"position\":2,\"name\":\"Product\",\"item\":\"https:\/\/essenled.com\/fr\/product\/\"},{\"@type\":\"ListItem\",\"position\":3,\"name\":\"364LEDs 2010 Tunable White LED Strip High Density 10MM\"}]},{\"@type\":\"WebSite\",\"@id\":\"https:\/\/essenled.com\/#website\",\"url\":\"https:\/\/essenled.com\/\",\"name\":\"ESSENLED\",\"description\":\"\",\"publisher\":{\"@id\":\"https:\/\/essenled.com\/#organization\"},\"potentialAction\":[{\"@type\":\"SearchAction\",\"target\":{\"@type\":\"EntryPoint\",\"urlTemplate\":\"https:\/\/essenled.com\/?s={search_term_string}\"},\"query-input\":{\"@type\":\"PropertyValueSpecification\",\"valueRequired\":true,\"valueName\":\"search_term_string\"}}],\"inLanguage\":\"de\"},{\"@type\":\"Organization\",\"@id\":\"https:\/\/essenled.com\/#organization\",\"name\":\"ESSENLED\",\"url\":\"https:\/\/essenled.com\/\",\"logo\":{\"@type\":\"ImageObject\",\"inLanguage\":\"de\",\"@id\":\"https:\/\/essenled.com\/#\/schema\/logo\/image\/\",\"url\":\"https:\/\/essenled.com\/wp-content\/uploads\/2024\/01\/Essen-logo.png\",\"contentUrl\":\"https:\/\/essenled.com\/wp-content\/uploads\/2024\/01\/Essen-logo.png\",\"width\":800,\"height\":110,\"caption\":\"ESSENLED\"},\"image\":{\"@id\":\"https:\/\/essenled.com\/#\/schema\/logo\/image\/\"}}]}<\/script>\n<!-- \/ Yoast SEO Premium plugin. -->","yoast_head_json":{"title":"364LEDs 2010 Abstimmbare wei\u00dfe LED-Streifen hoher Dichte 10MM - ESSENLED","description":"High-Density 364LEDs 2010 abstimmbare wei\u00dfe LED-Leuchtb\u00e4nder, LED-Perlen sind sehr kompakt, erreichen 364leds\/m, f\u00fcr intensive und gleichm\u00e4\u00dfige Ausleuchtung.","robots":{"index":"index","follow":"follow","max-snippet":"max-snippet:-1","max-image-preview":"max-image-preview:large","max-video-preview":"max-video-preview:-1"},"canonical":"https:\/\/essenled.com\/de\/produkt\/364leds-2010-tunable-white-led-strip-high-density\/","og_locale":"de_DE","og_type":"article","og_title":"364LEDs 2010 Tunable White LED Strip High Density 10MM","og_description":"High-density 364LEDs 2010 tunable white LED strip lights, LED beads are very compact, reaching 364leds\/m, for intense and uniform illumination.","og_url":"https:\/\/essenled.com\/de\/produkt\/364leds-2010-tunable-white-led-strip-high-density\/","og_site_name":"ESSENLED","article_modified_time":"2024-05-31T02:47:27+00:00","og_image":[{"width":1000,"height":1000,"url":"https:\/\/essenled.com\/wp-content\/uploads\/2024\/02\/High-density-CCT-adjustable-LED-strip-1.webp","type":"image\/webp"}],"twitter_card":"summary_large_image","twitter_misc":{"Gesch\u00e4tzte Lesezeit":"1\u00a0Minute"},"schema":{"@context":"https:\/\/schema.org","@graph":[{"@type":"WebPage","@id":"https:\/\/essenled.com\/product\/364leds-2010-tunable-white-led-strip-high-density\/","url":"https:\/\/essenled.com\/product\/364leds-2010-tunable-white-led-strip-high-density\/","name":"364LEDs 2010 Abstimmbare wei\u00dfe LED-Streifen hoher Dichte 10MM - ESSENLED","isPartOf":{"@id":"https:\/\/essenled.com\/#website"},"primaryImageOfPage":{"@id":"https:\/\/essenled.com\/product\/364leds-2010-tunable-white-led-strip-high-density\/#primaryimage"},"image":{"@id":"https:\/\/essenled.com\/product\/364leds-2010-tunable-white-led-strip-high-density\/#primaryimage"},"thumbnailUrl":"https:\/\/essenled.com\/wp-content\/uploads\/2024\/02\/High-density-CCT-adjustable-LED-strip-1.webp","datePublished":"2024-02-23T12:26:45+00:00","dateModified":"2024-05-31T02:47:27+00:00","description":"High-Density 364LEDs 2010 abstimmbare wei\u00dfe LED-Leuchtb\u00e4nder, LED-Perlen sind sehr kompakt, erreichen 364leds\/m, f\u00fcr intensive und gleichm\u00e4\u00dfige Ausleuchtung.","breadcrumb":{"@id":"https:\/\/essenled.com\/product\/364leds-2010-tunable-white-led-strip-high-density\/#breadcrumb"},"inLanguage":"de","potentialAction":[{"@type":"ReadAction","target":["https:\/\/essenled.com\/product\/364leds-2010-tunable-white-led-strip-high-density\/"]}]},{"@type":"ImageObject","inLanguage":"de","@id":"https:\/\/essenled.com\/product\/364leds-2010-tunable-white-led-strip-high-density\/#primaryimage","url":"https:\/\/essenled.com\/wp-content\/uploads\/2024\/02\/High-density-CCT-adjustable-LED-strip-1.webp","contentUrl":"https:\/\/essenled.com\/wp-content\/uploads\/2024\/02\/High-density-CCT-adjustable-LED-strip-1.webp","width":1000,"height":1000,"caption":"High density CCT adjustable LED strip"},{"@type":"BreadcrumbList","@id":"https:\/\/essenled.com\/product\/364leds-2010-tunable-white-led-strip-high-density\/#breadcrumb","itemListElement":[{"@type":"ListItem","position":1,"name":"Home","item":"https:\/\/essenled.com\/"},{"@type":"ListItem","position":2,"name":"Product","item":"https:\/\/essenled.com\/fr\/product\/"},{"@type":"ListItem","position":3,"name":"364LEDs 2010 Tunable White LED Strip High Density 10MM"}]},{"@type":"WebSite","@id":"https:\/\/essenled.com\/#website","url":"https:\/\/essenled.com\/","name":"ESSENLED","description":"","publisher":{"@id":"https:\/\/essenled.com\/#organization"},"potentialAction":[{"@type":"SearchAction","target":{"@type":"EntryPoint","urlTemplate":"https:\/\/essenled.com\/?s={search_term_string}"},"query-input":{"@type":"PropertyValueSpecification","valueRequired":true,"valueName":"search_term_string"}}],"inLanguage":"de"},{"@type":"Organization","@id":"https:\/\/essenled.com\/#organization","name":"ESSENLED","url":"https:\/\/essenled.com\/","logo":{"@type":"ImageObject","inLanguage":"de","@id":"https:\/\/essenled.com\/#\/schema\/logo\/image\/","url":"https:\/\/essenled.com\/wp-content\/uploads\/2024\/01\/Essen-logo.png","contentUrl":"https:\/\/essenled.com\/wp-content\/uploads\/2024\/01\/Essen-logo.png","width":800,"height":110,"caption":"ESSENLED"},"image":{"@id":"https:\/\/essenled.com\/#\/schema\/logo\/image\/"}}]}},"_links":{"self":[{"href":"https:\/\/essenled.com\/de\/wp-json\/wp\/v2\/product\/1075","targetHints":{"allow":["GET"]}}],"collection":[{"href":"https:\/\/essenled.com\/de\/wp-json\/wp\/v2\/product"}],"about":[{"href":"https:\/\/essenled.com\/de\/wp-json\/wp\/v2\/types\/product"}],"version-history":[{"count":2,"href":"https:\/\/essenled.com\/de\/wp-json\/wp\/v2\/product\/1075\/revisions"}],"predecessor-version":[{"id":2094,"href":"https:\/\/essenled.com\/de\/wp-json\/wp\/v2\/product\/1075\/revisions\/2094"}],"wp:featuredmedia":[{"embeddable":true,"href":"https:\/\/essenled.com\/de\/wp-json\/wp\/v2\/media\/2092"}],"wp:attachment":[{"href":"https:\/\/essenled.com\/de\/wp-json\/wp\/v2\/media?parent=1075"}],"wp:term":[{"taxonomy":"product_brand","embeddable":true,"href":"https:\/\/essenled.com\/de\/wp-json\/wp\/v2\/product_brand?post=1075"},{"taxonomy":"product_cat","embeddable":true,"href":"https:\/\/essenled.com\/de\/wp-json\/wp\/v2\/product_cat?post=1075"},{"taxonomy":"product_tag","embeddable":true,"href":"https:\/\/essenled.com\/de\/wp-json\/wp\/v2\/product_tag?post=1075"}],"curies":[{"name":"wp","href":"https:\/\/api.w.org\/{rel}","templated":true}]}}