{"id":1549,"date":"2024-03-01T05:56:17","date_gmt":"2024-03-01T05:56:17","guid":{"rendered":"https:\/\/essenled.com\/?post_type=product&#038;p=1549"},"modified":"2025-01-21T05:06:14","modified_gmt":"2025-01-21T05:06:14","slug":"side-view-super-small-0408mm-led-silicone-neon-flex","status":"publish","type":"product","link":"https:\/\/essenled.com\/da\/vare\/side-view-super-small-0408mm-led-silicone-neon-flex\/","title":{"rendered":"Super lille 04*08mm LED silikone neon flex - S0408"},"content":{"rendered":"","protected":false},"excerpt":{"rendered":"<p>Side View Super Small 04*08mm LED Silicone Neon Flex - S0408, som er en supertynd LED neon flex. Den er ekstruderet i \u00e9t stykke og fremstillet af milj\u00f8venligt silikonemateriale.<\/p>\n<p>IP67-sidebillede 04*08mm LED Neon Flex S0408 er 6w\/m. Beskyttelsesniveauet n\u00e5r IP67, hvilket er meget velegnet til langvarig udend\u00f8rs brug og ikke er let at blive gul.<\/p>\n<p>IP67-vandt\u00e6t 04*08mm LED Neon Flex set fra siden, lystransmissionen er ekstremt h\u00f8j. Flere forskellige kabeludtag g\u00f8r det nemt at tr\u00e6kke ledninger, samtidig med at ledningerne skjules, og der bevares et smukt udseende.<\/p>\n<p>Vores IP67-vandt\u00e6tte S0408 LED neonflex med sidevisning har et unikt optisk strukturdesign; lyset er j\u00e6vnt uden skygger. Det kan bruges til kontur, indvendig og udend\u00f8rs dekorativ belysning og andre scener.<\/p>","protected":false},"featured_media":1553,"template":"","meta":{"_kad_post_transparent":"default","_kad_post_title":"","_kad_post_layout":"default","_kad_post_sidebar_id":"","_kad_post_content_style":"default","_kad_post_vertical_padding":"default","_kad_post_feature":"","_kad_post_feature_position":"","_kad_post_header":false,"_kad_post_footer":false,"_kad_post_classname":""},"product_brand":[],"product_cat":[39,42],"product_tag":[596,597,594,598,593,595],"class_list":{"0":"post-1549","1":"product","2":"type-product","3":"status-publish","4":"has-post-thumbnail","6":"product_cat-neon-strip","7":"product_cat-side-bend-neon-series","8":"product_tag-0408-dc24v-ip67-silicone-neon-led-strip","9":"product_tag-0408-silicone-led-neon-light-side-emitting","10":"product_tag-0408-small-silicone-flexible-led-neon","11":"product_tag-mini-side-view-silicone-neon-0408","12":"product_tag-neon-flex-s0408","13":"product_tag-silicone-neon-side-view-0408","15":"first","16":"instock","17":"shipping-taxable","18":"product-type-simple","19":"entry","20":"content-bg","21":"loop-entry"},"yoast_head":"<!-- This site is optimized with the Yoast SEO Premium plugin v24.3 (Yoast SEO v27.4) - https:\/\/yoast.com\/product\/yoast-seo-premium-wordpress\/ -->\n<title>Side View Super Small 04*08mm LED Silicone Neon Flex \u2013 S0408 - ESSENLED<\/title>\n<meta name=\"description\" content=\"Side View Super Small 04*08mm LED Silicone Neon Flex \u2013 S0408, super thin size LED neon flex, made of environmentally friendly silicone material.\" \/>\n<meta name=\"robots\" content=\"index, follow, max-snippet:-1, max-image-preview:large, max-video-preview:-1\" \/>\n<link rel=\"canonical\" href=\"https:\/\/essenled.com\/da\/vare\/side-view-super-small-0408mm-led-silicone-neon-flex\/\" \/>\n<meta property=\"og:locale\" content=\"da_DK\" \/>\n<meta property=\"og:type\" content=\"article\" \/>\n<meta property=\"og:title\" content=\"Side View Super Small 04*08mm LED Silicone Neon Flex \u2013 S0408\" \/>\n<meta property=\"og:description\" content=\"Side View Super Small 04*08mm LED Silicone Neon Flex \u2013 S0408, super thin size LED neon flex, made of environmentally friendly silicone material.\" \/>\n<meta property=\"og:url\" content=\"https:\/\/essenled.com\/da\/vare\/side-view-super-small-0408mm-led-silicone-neon-flex\/\" \/>\n<meta property=\"og:site_name\" content=\"ESSENLED\" \/>\n<meta property=\"article:modified_time\" content=\"2025-01-21T05:06:14+00:00\" \/>\n<meta property=\"og:image\" content=\"https:\/\/essenled.com\/wp-content\/uploads\/2024\/03\/0408-Small-Silicone-Flexible-LED-Neon.webp\" \/>\n\t<meta property=\"og:image:width\" content=\"800\" \/>\n\t<meta property=\"og:image:height\" content=\"800\" \/>\n\t<meta property=\"og:image:type\" content=\"image\/webp\" \/>\n<meta name=\"twitter:card\" content=\"summary_large_image\" \/>\n<meta name=\"twitter:label1\" content=\"Estimeret l\u00e6setid\" \/>\n\t<meta name=\"twitter:data1\" content=\"1 minut\" \/>\n<script type=\"application\/ld+json\" class=\"yoast-schema-graph\">{\"@context\":\"https:\\\/\\\/schema.org\",\"@graph\":[{\"@type\":\"WebPage\",\"@id\":\"https:\\\/\\\/essenled.com\\\/product\\\/side-view-super-small-0408mm-led-silicone-neon-flex\\\/\",\"url\":\"https:\\\/\\\/essenled.com\\\/product\\\/side-view-super-small-0408mm-led-silicone-neon-flex\\\/\",\"name\":\"Side View Super Small 04*08mm LED Silicone Neon Flex \u2013 S0408 - ESSENLED\",\"isPartOf\":{\"@id\":\"https:\\\/\\\/essenled.com\\\/#website\"},\"primaryImageOfPage\":{\"@id\":\"https:\\\/\\\/essenled.com\\\/product\\\/side-view-super-small-0408mm-led-silicone-neon-flex\\\/#primaryimage\"},\"image\":{\"@id\":\"https:\\\/\\\/essenled.com\\\/product\\\/side-view-super-small-0408mm-led-silicone-neon-flex\\\/#primaryimage\"},\"thumbnailUrl\":\"https:\\\/\\\/essenled.com\\\/wp-content\\\/uploads\\\/2024\\\/03\\\/0408-Small-Silicone-Flexible-LED-Neon.webp\",\"datePublished\":\"2024-03-01T05:56:17+00:00\",\"dateModified\":\"2025-01-21T05:06:14+00:00\",\"description\":\"Side View Super Small 04*08mm LED Silicone Neon Flex \u2013 S0408, super thin size LED neon flex, made of environmentally friendly silicone material.\",\"breadcrumb\":{\"@id\":\"https:\\\/\\\/essenled.com\\\/product\\\/side-view-super-small-0408mm-led-silicone-neon-flex\\\/#breadcrumb\"},\"inLanguage\":\"da-DK\",\"potentialAction\":[{\"@type\":\"ReadAction\",\"target\":[\"https:\\\/\\\/essenled.com\\\/product\\\/side-view-super-small-0408mm-led-silicone-neon-flex\\\/\"]}]},{\"@type\":\"ImageObject\",\"inLanguage\":\"da-DK\",\"@id\":\"https:\\\/\\\/essenled.com\\\/product\\\/side-view-super-small-0408mm-led-silicone-neon-flex\\\/#primaryimage\",\"url\":\"https:\\\/\\\/essenled.com\\\/wp-content\\\/uploads\\\/2024\\\/03\\\/0408-Small-Silicone-Flexible-LED-Neon.webp\",\"contentUrl\":\"https:\\\/\\\/essenled.com\\\/wp-content\\\/uploads\\\/2024\\\/03\\\/0408-Small-Silicone-Flexible-LED-Neon.webp\",\"width\":800,\"height\":800,\"caption\":\"0408 Small Silicone Flexible LED Neon\"},{\"@type\":\"BreadcrumbList\",\"@id\":\"https:\\\/\\\/essenled.com\\\/product\\\/side-view-super-small-0408mm-led-silicone-neon-flex\\\/#breadcrumb\",\"itemListElement\":[{\"@type\":\"ListItem\",\"position\":1,\"name\":\"Home\",\"item\":\"https:\\\/\\\/essenled.com\\\/\"},{\"@type\":\"ListItem\",\"position\":2,\"name\":\"Product\",\"item\":\"https:\\\/\\\/essenled.com\\\/fr\\\/product\\\/\"},{\"@type\":\"ListItem\",\"position\":3,\"name\":\"Side View Super Small 04*08mm LED Silicone Neon Flex \u2013 S0408\"}]},{\"@type\":\"WebSite\",\"@id\":\"https:\\\/\\\/essenled.com\\\/#website\",\"url\":\"https:\\\/\\\/essenled.com\\\/\",\"name\":\"ESSENLED\",\"description\":\"\",\"publisher\":{\"@id\":\"https:\\\/\\\/essenled.com\\\/#organization\"},\"potentialAction\":[{\"@type\":\"SearchAction\",\"target\":{\"@type\":\"EntryPoint\",\"urlTemplate\":\"https:\\\/\\\/essenled.com\\\/?s={search_term_string}\"},\"query-input\":{\"@type\":\"PropertyValueSpecification\",\"valueRequired\":true,\"valueName\":\"search_term_string\"}}],\"inLanguage\":\"da-DK\"},{\"@type\":\"Organization\",\"@id\":\"https:\\\/\\\/essenled.com\\\/#organization\",\"name\":\"ESSENLED\",\"url\":\"https:\\\/\\\/essenled.com\\\/\",\"logo\":{\"@type\":\"ImageObject\",\"inLanguage\":\"da-DK\",\"@id\":\"https:\\\/\\\/essenled.com\\\/#\\\/schema\\\/logo\\\/image\\\/\",\"url\":\"https:\\\/\\\/essenled.com\\\/wp-content\\\/uploads\\\/2024\\\/01\\\/Essen-logo.png\",\"contentUrl\":\"https:\\\/\\\/essenled.com\\\/wp-content\\\/uploads\\\/2024\\\/01\\\/Essen-logo.png\",\"width\":800,\"height\":110,\"caption\":\"ESSENLED\"},\"image\":{\"@id\":\"https:\\\/\\\/essenled.com\\\/#\\\/schema\\\/logo\\\/image\\\/\"}}]}<\/script>\n<!-- \/ Yoast SEO Premium plugin. -->","yoast_head_json":{"title":"Super lille 04*08mm LED silikone neon flex - S0408 - ESSENLED","description":"Side View Super Small 04*08mm LED Silicone Neon Flex - S0408, super tynd st\u00f8rrelse LED neon flex, lavet af milj\u00f8venligt silikonemateriale.","robots":{"index":"index","follow":"follow","max-snippet":"max-snippet:-1","max-image-preview":"max-image-preview:large","max-video-preview":"max-video-preview:-1"},"canonical":"https:\/\/essenled.com\/da\/vare\/side-view-super-small-0408mm-led-silicone-neon-flex\/","og_locale":"da_DK","og_type":"article","og_title":"Side View Super Small 04*08mm LED Silicone Neon Flex \u2013 S0408","og_description":"Side View Super Small 04*08mm LED Silicone Neon Flex \u2013 S0408, super thin size LED neon flex, made of environmentally friendly silicone material.","og_url":"https:\/\/essenled.com\/da\/vare\/side-view-super-small-0408mm-led-silicone-neon-flex\/","og_site_name":"ESSENLED","article_modified_time":"2025-01-21T05:06:14+00:00","og_image":[{"width":800,"height":800,"url":"https:\/\/essenled.com\/wp-content\/uploads\/2024\/03\/0408-Small-Silicone-Flexible-LED-Neon.webp","type":"image\/webp"}],"twitter_card":"summary_large_image","twitter_misc":{"Estimeret l\u00e6setid":"1 minut"},"schema":{"@context":"https:\/\/schema.org","@graph":[{"@type":"WebPage","@id":"https:\/\/essenled.com\/product\/side-view-super-small-0408mm-led-silicone-neon-flex\/","url":"https:\/\/essenled.com\/product\/side-view-super-small-0408mm-led-silicone-neon-flex\/","name":"Super lille 04*08mm LED silikone neon flex - S0408 - ESSENLED","isPartOf":{"@id":"https:\/\/essenled.com\/#website"},"primaryImageOfPage":{"@id":"https:\/\/essenled.com\/product\/side-view-super-small-0408mm-led-silicone-neon-flex\/#primaryimage"},"image":{"@id":"https:\/\/essenled.com\/product\/side-view-super-small-0408mm-led-silicone-neon-flex\/#primaryimage"},"thumbnailUrl":"https:\/\/essenled.com\/wp-content\/uploads\/2024\/03\/0408-Small-Silicone-Flexible-LED-Neon.webp","datePublished":"2024-03-01T05:56:17+00:00","dateModified":"2025-01-21T05:06:14+00:00","description":"Side View Super Small 04*08mm LED Silicone Neon Flex - S0408, super tynd st\u00f8rrelse LED neon flex, lavet af milj\u00f8venligt silikonemateriale.","breadcrumb":{"@id":"https:\/\/essenled.com\/product\/side-view-super-small-0408mm-led-silicone-neon-flex\/#breadcrumb"},"inLanguage":"da-DK","potentialAction":[{"@type":"ReadAction","target":["https:\/\/essenled.com\/product\/side-view-super-small-0408mm-led-silicone-neon-flex\/"]}]},{"@type":"ImageObject","inLanguage":"da-DK","@id":"https:\/\/essenled.com\/product\/side-view-super-small-0408mm-led-silicone-neon-flex\/#primaryimage","url":"https:\/\/essenled.com\/wp-content\/uploads\/2024\/03\/0408-Small-Silicone-Flexible-LED-Neon.webp","contentUrl":"https:\/\/essenled.com\/wp-content\/uploads\/2024\/03\/0408-Small-Silicone-Flexible-LED-Neon.webp","width":800,"height":800,"caption":"0408 Small Silicone Flexible LED Neon"},{"@type":"BreadcrumbList","@id":"https:\/\/essenled.com\/product\/side-view-super-small-0408mm-led-silicone-neon-flex\/#breadcrumb","itemListElement":[{"@type":"ListItem","position":1,"name":"Home","item":"https:\/\/essenled.com\/"},{"@type":"ListItem","position":2,"name":"Product","item":"https:\/\/essenled.com\/fr\/product\/"},{"@type":"ListItem","position":3,"name":"Side View Super Small 04*08mm LED Silicone Neon Flex \u2013 S0408"}]},{"@type":"WebSite","@id":"https:\/\/essenled.com\/#website","url":"https:\/\/essenled.com\/","name":"ESSENLED","description":"","publisher":{"@id":"https:\/\/essenled.com\/#organization"},"potentialAction":[{"@type":"SearchAction","target":{"@type":"EntryPoint","urlTemplate":"https:\/\/essenled.com\/?s={search_term_string}"},"query-input":{"@type":"PropertyValueSpecification","valueRequired":true,"valueName":"search_term_string"}}],"inLanguage":"da-DK"},{"@type":"Organization","@id":"https:\/\/essenled.com\/#organization","name":"ESSENLED","url":"https:\/\/essenled.com\/","logo":{"@type":"ImageObject","inLanguage":"da-DK","@id":"https:\/\/essenled.com\/#\/schema\/logo\/image\/","url":"https:\/\/essenled.com\/wp-content\/uploads\/2024\/01\/Essen-logo.png","contentUrl":"https:\/\/essenled.com\/wp-content\/uploads\/2024\/01\/Essen-logo.png","width":800,"height":110,"caption":"ESSENLED"},"image":{"@id":"https:\/\/essenled.com\/#\/schema\/logo\/image\/"}}]}},"_links":{"self":[{"href":"https:\/\/essenled.com\/da\/wp-json\/wp\/v2\/product\/1549","targetHints":{"allow":["GET"]}}],"collection":[{"href":"https:\/\/essenled.com\/da\/wp-json\/wp\/v2\/product"}],"about":[{"href":"https:\/\/essenled.com\/da\/wp-json\/wp\/v2\/types\/product"}],"version-history":[{"count":4,"href":"https:\/\/essenled.com\/da\/wp-json\/wp\/v2\/product\/1549\/revisions"}],"predecessor-version":[{"id":1561,"href":"https:\/\/essenled.com\/da\/wp-json\/wp\/v2\/product\/1549\/revisions\/1561"}],"wp:featuredmedia":[{"embeddable":true,"href":"https:\/\/essenled.com\/da\/wp-json\/wp\/v2\/media\/1553"}],"wp:attachment":[{"href":"https:\/\/essenled.com\/da\/wp-json\/wp\/v2\/media?parent=1549"}],"wp:term":[{"taxonomy":"product_brand","embeddable":true,"href":"https:\/\/essenled.com\/da\/wp-json\/wp\/v2\/product_brand?post=1549"},{"taxonomy":"product_cat","embeddable":true,"href":"https:\/\/essenled.com\/da\/wp-json\/wp\/v2\/product_cat?post=1549"},{"taxonomy":"product_tag","embeddable":true,"href":"https:\/\/essenled.com\/da\/wp-json\/wp\/v2\/product_tag?post=1549"}],"curies":[{"name":"wp","href":"https:\/\/api.w.org\/{rel}","templated":true}]}}