{"id":1488,"date":"2024-02-29T07:45:13","date_gmt":"2024-02-29T07:45:13","guid":{"rendered":"https:\/\/essenled.com\/?post_type=product&#038;p=1488"},"modified":"2024-02-29T08:10:47","modified_gmt":"2024-02-29T08:10:47","slug":"top-side-bending-1615mm-led-silicone-neon-flex","status":"publish","type":"product","link":"https:\/\/essenled.com\/da\/vare\/top-side-bending-1615mm-led-silicone-neon-flex\/","title":{"rendered":"Top&amp;Side B\u00f8jning 16*15mm IP67 LED Silikone Neon Flex - 3D"},"content":{"rendered":"","protected":false},"excerpt":{"rendered":"<p>Top&amp;Side Bending 16*15mm IP67 LED Silicone Neon Flex - 3D, de bruger fleksibelt silikonemateriale, st\u00e6rk plasticitet, og kombinerer b\u00f8jningen af de to lysende overflader p\u00e5 siden og toppen.<\/p>\n<p>3D IP67 LED Silicone Neon Flex har en unik optisk lysfordeling, og belysningsfladen er j\u00e6vn og skyggefri. Som er p\u00e5 5w\/m og 10w\/m, og kan anvendes til belysningsprojekter.<\/p>\n<p>3D 16*15mm Top&amp;Side Bending IP67 LED Silicone Neon Flex, er ekstruderet i \u00e9t stykke. Med IP67-beskyttelsesniveau er den ikke bange for indend\u00f8rs og udend\u00f8rs fugtige milj\u00f8er, og overfladen er ikke let at g\u00f8re gul eller h\u00e5rd.<\/p>\n<p>IP67 LED Silicone Neon Flex 3D bruges i vid udstr\u00e6kning til at opfylde belysningsbehovene til indend\u00f8rs og udend\u00f8rs dekoration, landskabsbelysning, bygningsgardiner, bygningskonturer og andre scener.<\/p>","protected":false},"featured_media":1491,"template":"","meta":{"_kad_post_transparent":"default","_kad_post_title":"","_kad_post_layout":"default","_kad_post_sidebar_id":"","_kad_post_content_style":"default","_kad_post_vertical_padding":"default","_kad_post_feature":"","_kad_post_feature_position":"","_kad_post_header":false,"_kad_post_footer":false,"_kad_post_classname":""},"product_brand":[],"product_cat":[43,39],"product_tag":[562,561,557,558,559,560],"class_list":{"0":"post-1488","1":"product","2":"type-product","3":"status-publish","4":"has-post-thumbnail","6":"product_cat-3d-silicone-neon-series","7":"product_cat-neon-strip","8":"product_tag-3d-bending-led-neon-flex","9":"product_tag-flexible-neon-neon-flex-3d-flex","10":"product_tag-neon-flex-3d-bend","11":"product_tag-neon-flex-3d-bendable","12":"product_tag-side-bending-top-bending-led-neon-flex","13":"product_tag-silicone-neon-strip-3d","15":"first","16":"instock","17":"shipping-taxable","18":"product-type-simple","19":"entry","20":"content-bg","21":"loop-entry"},"yoast_head":"<!-- This site is optimized with the Yoast SEO Premium plugin v24.3 (Yoast SEO v26.7) - https:\/\/yoast.com\/wordpress\/plugins\/seo\/ -->\n<title>Top&amp;Side Bending 16*15mm IP67 LED Silicone Neon Flex - 3D - ESSENLED<\/title>\n<meta name=\"description\" content=\"Top&amp;Side Bending 16*15mm IP67 LED Silicone Neon Flex - 3D, and combine the bending of the two luminous surfaces on the side and top.\" \/>\n<meta name=\"robots\" content=\"index, follow, max-snippet:-1, max-image-preview:large, max-video-preview:-1\" \/>\n<link rel=\"canonical\" href=\"https:\/\/essenled.com\/da\/vare\/top-side-bending-1615mm-led-silicone-neon-flex\/\" \/>\n<meta property=\"og:locale\" content=\"da_DK\" \/>\n<meta property=\"og:type\" content=\"article\" \/>\n<meta property=\"og:title\" content=\"Top&amp;Side Bending 16*15mm IP67 LED Silicone Neon Flex - 3D\" \/>\n<meta property=\"og:description\" content=\"Top&amp;Side Bending 16*15mm IP67 LED Silicone Neon Flex - 3D, and combine the bending of the two luminous surfaces on the side and top.\" \/>\n<meta property=\"og:url\" content=\"https:\/\/essenled.com\/da\/vare\/top-side-bending-1615mm-led-silicone-neon-flex\/\" \/>\n<meta property=\"og:site_name\" content=\"ESSENLED\" \/>\n<meta property=\"article:modified_time\" content=\"2024-02-29T08:10:47+00:00\" \/>\n<meta property=\"og:image\" content=\"https:\/\/essenled.com\/wp-content\/uploads\/2024\/02\/Neon-Flex-3D-Bend.webp\" \/>\n\t<meta property=\"og:image:width\" content=\"800\" \/>\n\t<meta property=\"og:image:height\" content=\"800\" \/>\n\t<meta property=\"og:image:type\" content=\"image\/webp\" \/>\n<meta name=\"twitter:card\" content=\"summary_large_image\" \/>\n<meta name=\"twitter:label1\" content=\"Estimeret l\u00e6setid\" \/>\n\t<meta name=\"twitter:data1\" content=\"1 minut\" \/>\n<script type=\"application\/ld+json\" class=\"yoast-schema-graph\">{\"@context\":\"https:\/\/schema.org\",\"@graph\":[{\"@type\":\"WebPage\",\"@id\":\"https:\/\/essenled.com\/product\/top-side-bending-1615mm-led-silicone-neon-flex\/\",\"url\":\"https:\/\/essenled.com\/product\/top-side-bending-1615mm-led-silicone-neon-flex\/\",\"name\":\"Top&Side Bending 16*15mm IP67 LED Silicone Neon Flex - 3D - ESSENLED\",\"isPartOf\":{\"@id\":\"https:\/\/essenled.com\/#website\"},\"primaryImageOfPage\":{\"@id\":\"https:\/\/essenled.com\/product\/top-side-bending-1615mm-led-silicone-neon-flex\/#primaryimage\"},\"image\":{\"@id\":\"https:\/\/essenled.com\/product\/top-side-bending-1615mm-led-silicone-neon-flex\/#primaryimage\"},\"thumbnailUrl\":\"https:\/\/essenled.com\/wp-content\/uploads\/2024\/02\/Neon-Flex-3D-Bend.webp\",\"datePublished\":\"2024-02-29T07:45:13+00:00\",\"dateModified\":\"2024-02-29T08:10:47+00:00\",\"description\":\"Top&Side Bending 16*15mm IP67 LED Silicone Neon Flex - 3D, and combine the bending of the two luminous surfaces on the side and top.\",\"breadcrumb\":{\"@id\":\"https:\/\/essenled.com\/product\/top-side-bending-1615mm-led-silicone-neon-flex\/#breadcrumb\"},\"inLanguage\":\"da-DK\",\"potentialAction\":[{\"@type\":\"ReadAction\",\"target\":[\"https:\/\/essenled.com\/product\/top-side-bending-1615mm-led-silicone-neon-flex\/\"]}]},{\"@type\":\"ImageObject\",\"inLanguage\":\"da-DK\",\"@id\":\"https:\/\/essenled.com\/product\/top-side-bending-1615mm-led-silicone-neon-flex\/#primaryimage\",\"url\":\"https:\/\/essenled.com\/wp-content\/uploads\/2024\/02\/Neon-Flex-3D-Bend.webp\",\"contentUrl\":\"https:\/\/essenled.com\/wp-content\/uploads\/2024\/02\/Neon-Flex-3D-Bend.webp\",\"width\":800,\"height\":800,\"caption\":\"Neon Flex 3D Bend\"},{\"@type\":\"BreadcrumbList\",\"@id\":\"https:\/\/essenled.com\/product\/top-side-bending-1615mm-led-silicone-neon-flex\/#breadcrumb\",\"itemListElement\":[{\"@type\":\"ListItem\",\"position\":1,\"name\":\"Home\",\"item\":\"https:\/\/essenled.com\/\"},{\"@type\":\"ListItem\",\"position\":2,\"name\":\"Product\",\"item\":\"https:\/\/essenled.com\/fr\/product\/\"},{\"@type\":\"ListItem\",\"position\":3,\"name\":\"Top&#038;Side Bending 16*15mm IP67 LED Silicone Neon Flex &#8211; 3D\"}]},{\"@type\":\"WebSite\",\"@id\":\"https:\/\/essenled.com\/#website\",\"url\":\"https:\/\/essenled.com\/\",\"name\":\"ESSENLED\",\"description\":\"\",\"publisher\":{\"@id\":\"https:\/\/essenled.com\/#organization\"},\"potentialAction\":[{\"@type\":\"SearchAction\",\"target\":{\"@type\":\"EntryPoint\",\"urlTemplate\":\"https:\/\/essenled.com\/?s={search_term_string}\"},\"query-input\":{\"@type\":\"PropertyValueSpecification\",\"valueRequired\":true,\"valueName\":\"search_term_string\"}}],\"inLanguage\":\"da-DK\"},{\"@type\":\"Organization\",\"@id\":\"https:\/\/essenled.com\/#organization\",\"name\":\"ESSENLED\",\"url\":\"https:\/\/essenled.com\/\",\"logo\":{\"@type\":\"ImageObject\",\"inLanguage\":\"da-DK\",\"@id\":\"https:\/\/essenled.com\/#\/schema\/logo\/image\/\",\"url\":\"https:\/\/essenled.com\/wp-content\/uploads\/2024\/01\/Essen-logo.png\",\"contentUrl\":\"https:\/\/essenled.com\/wp-content\/uploads\/2024\/01\/Essen-logo.png\",\"width\":800,\"height\":110,\"caption\":\"ESSENLED\"},\"image\":{\"@id\":\"https:\/\/essenled.com\/#\/schema\/logo\/image\/\"}}]}<\/script>\n<!-- \/ Yoast SEO Premium plugin. -->","yoast_head_json":{"title":"Top&amp;Side Bending 16*15mm IP67 LED Silikone Neon Flex - 3D - ESSENLED","description":"Top&amp;Side Bending 16*15mm IP67 LED Silicone Neon Flex - 3D, og kombiner b\u00f8jningen af de to lysende overflader p\u00e5 siden og toppen.","robots":{"index":"index","follow":"follow","max-snippet":"max-snippet:-1","max-image-preview":"max-image-preview:large","max-video-preview":"max-video-preview:-1"},"canonical":"https:\/\/essenled.com\/da\/vare\/top-side-bending-1615mm-led-silicone-neon-flex\/","og_locale":"da_DK","og_type":"article","og_title":"Top&Side Bending 16*15mm IP67 LED Silicone Neon Flex - 3D","og_description":"Top&Side Bending 16*15mm IP67 LED Silicone Neon Flex - 3D, and combine the bending of the two luminous surfaces on the side and top.","og_url":"https:\/\/essenled.com\/da\/vare\/top-side-bending-1615mm-led-silicone-neon-flex\/","og_site_name":"ESSENLED","article_modified_time":"2024-02-29T08:10:47+00:00","og_image":[{"width":800,"height":800,"url":"https:\/\/essenled.com\/wp-content\/uploads\/2024\/02\/Neon-Flex-3D-Bend.webp","type":"image\/webp"}],"twitter_card":"summary_large_image","twitter_misc":{"Estimeret l\u00e6setid":"1 minut"},"schema":{"@context":"https:\/\/schema.org","@graph":[{"@type":"WebPage","@id":"https:\/\/essenled.com\/product\/top-side-bending-1615mm-led-silicone-neon-flex\/","url":"https:\/\/essenled.com\/product\/top-side-bending-1615mm-led-silicone-neon-flex\/","name":"Top&amp;Side Bending 16*15mm IP67 LED Silikone Neon Flex - 3D - ESSENLED","isPartOf":{"@id":"https:\/\/essenled.com\/#website"},"primaryImageOfPage":{"@id":"https:\/\/essenled.com\/product\/top-side-bending-1615mm-led-silicone-neon-flex\/#primaryimage"},"image":{"@id":"https:\/\/essenled.com\/product\/top-side-bending-1615mm-led-silicone-neon-flex\/#primaryimage"},"thumbnailUrl":"https:\/\/essenled.com\/wp-content\/uploads\/2024\/02\/Neon-Flex-3D-Bend.webp","datePublished":"2024-02-29T07:45:13+00:00","dateModified":"2024-02-29T08:10:47+00:00","description":"Top&amp;Side Bending 16*15mm IP67 LED Silicone Neon Flex - 3D, og kombiner b\u00f8jningen af de to lysende overflader p\u00e5 siden og toppen.","breadcrumb":{"@id":"https:\/\/essenled.com\/product\/top-side-bending-1615mm-led-silicone-neon-flex\/#breadcrumb"},"inLanguage":"da-DK","potentialAction":[{"@type":"ReadAction","target":["https:\/\/essenled.com\/product\/top-side-bending-1615mm-led-silicone-neon-flex\/"]}]},{"@type":"ImageObject","inLanguage":"da-DK","@id":"https:\/\/essenled.com\/product\/top-side-bending-1615mm-led-silicone-neon-flex\/#primaryimage","url":"https:\/\/essenled.com\/wp-content\/uploads\/2024\/02\/Neon-Flex-3D-Bend.webp","contentUrl":"https:\/\/essenled.com\/wp-content\/uploads\/2024\/02\/Neon-Flex-3D-Bend.webp","width":800,"height":800,"caption":"Neon Flex 3D Bend"},{"@type":"BreadcrumbList","@id":"https:\/\/essenled.com\/product\/top-side-bending-1615mm-led-silicone-neon-flex\/#breadcrumb","itemListElement":[{"@type":"ListItem","position":1,"name":"Home","item":"https:\/\/essenled.com\/"},{"@type":"ListItem","position":2,"name":"Product","item":"https:\/\/essenled.com\/fr\/product\/"},{"@type":"ListItem","position":3,"name":"Top&#038;Side Bending 16*15mm IP67 LED Silicone Neon Flex &#8211; 3D"}]},{"@type":"WebSite","@id":"https:\/\/essenled.com\/#website","url":"https:\/\/essenled.com\/","name":"ESSENLED","description":"","publisher":{"@id":"https:\/\/essenled.com\/#organization"},"potentialAction":[{"@type":"SearchAction","target":{"@type":"EntryPoint","urlTemplate":"https:\/\/essenled.com\/?s={search_term_string}"},"query-input":{"@type":"PropertyValueSpecification","valueRequired":true,"valueName":"search_term_string"}}],"inLanguage":"da-DK"},{"@type":"Organization","@id":"https:\/\/essenled.com\/#organization","name":"ESSENLED","url":"https:\/\/essenled.com\/","logo":{"@type":"ImageObject","inLanguage":"da-DK","@id":"https:\/\/essenled.com\/#\/schema\/logo\/image\/","url":"https:\/\/essenled.com\/wp-content\/uploads\/2024\/01\/Essen-logo.png","contentUrl":"https:\/\/essenled.com\/wp-content\/uploads\/2024\/01\/Essen-logo.png","width":800,"height":110,"caption":"ESSENLED"},"image":{"@id":"https:\/\/essenled.com\/#\/schema\/logo\/image\/"}}]}},"_links":{"self":[{"href":"https:\/\/essenled.com\/da\/wp-json\/wp\/v2\/product\/1488","targetHints":{"allow":["GET"]}}],"collection":[{"href":"https:\/\/essenled.com\/da\/wp-json\/wp\/v2\/product"}],"about":[{"href":"https:\/\/essenled.com\/da\/wp-json\/wp\/v2\/types\/product"}],"version-history":[{"count":1,"href":"https:\/\/essenled.com\/da\/wp-json\/wp\/v2\/product\/1488\/revisions"}],"predecessor-version":[{"id":1495,"href":"https:\/\/essenled.com\/da\/wp-json\/wp\/v2\/product\/1488\/revisions\/1495"}],"wp:featuredmedia":[{"embeddable":true,"href":"https:\/\/essenled.com\/da\/wp-json\/wp\/v2\/media\/1491"}],"wp:attachment":[{"href":"https:\/\/essenled.com\/da\/wp-json\/wp\/v2\/media?parent=1488"}],"wp:term":[{"taxonomy":"product_brand","embeddable":true,"href":"https:\/\/essenled.com\/da\/wp-json\/wp\/v2\/product_brand?post=1488"},{"taxonomy":"product_cat","embeddable":true,"href":"https:\/\/essenled.com\/da\/wp-json\/wp\/v2\/product_cat?post=1488"},{"taxonomy":"product_tag","embeddable":true,"href":"https:\/\/essenled.com\/da\/wp-json\/wp\/v2\/product_tag?post=1488"}],"curies":[{"name":"wp","href":"https:\/\/api.w.org\/{rel}","templated":true}]}}