{"id":1462,"date":"2024-02-29T06:58:24","date_gmt":"2024-02-29T06:58:24","guid":{"rendered":"https:\/\/essenled.com\/?post_type=product&#038;p=1462"},"modified":"2024-02-29T06:58:25","modified_gmt":"2024-02-29T06:58:25","slug":"top-view-ip67-1212mm-led-neon-flex","status":"publish","type":"product","link":"https:\/\/essenled.com\/da\/vare\/top-view-ip67-1212mm-led-neon-flex\/","title":{"rendered":"Top View IP67 12*12mm LED Neon Flex - T1212"},"content":{"rendered":"","protected":false},"excerpt":{"rendered":"<p>Top View IP67 Waterproof 12*12mm LED Neon Flex - T1212, denne silikone neon flex er lavet af milj\u00f8venligt silikonemateriale, som er ekstruderet i \u00e9t stykke.<\/p>\n<p>Hot selling IP67 12*12mm LED Neon Flex - T1212 f\u00e5s med 5w\/m og 10w\/m. Beskyttelsesniveauet n\u00e5r IP67, hvilket er meget velegnet til langvarig udend\u00f8rs brug og ikke er let at blive gul.<\/p>\n<p>IP67 vandt\u00e6t 12*12mm LED Neon Flex set ovenfra, lystransmissionen er ekstremt h\u00f8j. Der er flere forskellige kabeludgange, som g\u00f8r det lettere at tr\u00e6kke kabler, samtidig med at ledningerne skjules og bevarer et smukt udseende.<\/p>\n<p>Vores top view LED neon flex IP67 vandt\u00e6t T1212, efter \"9 store tests\", er modstandsdygtig over for saltsyre, syre- og alkalikorrosion, flammeh\u00e6mmende og UV-resistens, og dens kvalitet er p\u00e5lidelig og garanteret.<\/p>","protected":false},"featured_media":1467,"template":"","meta":{"_kad_post_transparent":"default","_kad_post_title":"","_kad_post_layout":"default","_kad_post_sidebar_id":"","_kad_post_content_style":"default","_kad_post_vertical_padding":"default","_kad_post_feature":"","_kad_post_feature_position":"","_kad_post_header":false,"_kad_post_footer":false,"_kad_post_classname":""},"product_brand":[],"product_cat":[39,41],"product_tag":[540,543,542,544,539,541],"class_list":{"0":"post-1462","1":"product","2":"type-product","3":"status-publish","4":"has-post-thumbnail","6":"product_cat-neon-strip","7":"product_cat-top-bend-neon-series","8":"product_tag-1212mm-narrow-led-silicone-neon","9":"product_tag-flexible-led-neon-super-1212","10":"product_tag-led-neon-flex-lights-rgb","11":"product_tag-led-silicone-neon-flex-1212-rgb","12":"product_tag-neon-flex-high-quality-1212","13":"product_tag-neon-manufacturer-1212-led-neon-flex","15":"first","16":"instock","17":"shipping-taxable","18":"product-type-simple","19":"entry","20":"content-bg","21":"loop-entry"},"yoast_head":"<!-- This site is optimized with the Yoast SEO Premium plugin v24.3 (Yoast SEO v27.4) - https:\/\/yoast.com\/product\/yoast-seo-premium-wordpress\/ -->\n<title>Top View IP67 12*12mm LED Neon Flex - T1212 - ESSENLED<\/title>\n<meta name=\"description\" content=\"Top View IP67 Waterproof 12*12mm LED Neon Flex - T1212, which is very suitable for long-term outdoor use and is not easy to turn yellow.\" \/>\n<meta name=\"robots\" content=\"index, follow, max-snippet:-1, max-image-preview:large, max-video-preview:-1\" \/>\n<link rel=\"canonical\" href=\"https:\/\/essenled.com\/da\/vare\/top-view-ip67-1212mm-led-neon-flex\/\" \/>\n<meta property=\"og:locale\" content=\"da_DK\" \/>\n<meta property=\"og:type\" content=\"article\" \/>\n<meta property=\"og:title\" content=\"Top View IP67 12*12mm LED Neon Flex - T1212\" \/>\n<meta property=\"og:description\" content=\"Top View IP67 Waterproof 12*12mm LED Neon Flex - T1212, which is very suitable for long-term outdoor use and is not easy to turn yellow.\" \/>\n<meta property=\"og:url\" content=\"https:\/\/essenled.com\/da\/vare\/top-view-ip67-1212mm-led-neon-flex\/\" \/>\n<meta property=\"og:site_name\" content=\"ESSENLED\" \/>\n<meta property=\"article:modified_time\" content=\"2024-02-29T06:58:25+00:00\" \/>\n<meta property=\"og:image\" content=\"https:\/\/essenled.com\/wp-content\/uploads\/2024\/02\/NEON-FLEX-High-Quality-1212.webp\" \/>\n\t<meta property=\"og:image:width\" content=\"800\" \/>\n\t<meta property=\"og:image:height\" content=\"800\" \/>\n\t<meta property=\"og:image:type\" content=\"image\/webp\" \/>\n<meta name=\"twitter:card\" content=\"summary_large_image\" \/>\n<meta name=\"twitter:label1\" content=\"Estimeret l\u00e6setid\" \/>\n\t<meta name=\"twitter:data1\" content=\"1 minut\" \/>\n<script type=\"application\/ld+json\" class=\"yoast-schema-graph\">{\"@context\":\"https:\\\/\\\/schema.org\",\"@graph\":[{\"@type\":\"WebPage\",\"@id\":\"https:\\\/\\\/essenled.com\\\/product\\\/top-view-ip67-1212mm-led-neon-flex\\\/\",\"url\":\"https:\\\/\\\/essenled.com\\\/product\\\/top-view-ip67-1212mm-led-neon-flex\\\/\",\"name\":\"Top View IP67 12*12mm LED Neon Flex - T1212 - ESSENLED\",\"isPartOf\":{\"@id\":\"https:\\\/\\\/essenled.com\\\/#website\"},\"primaryImageOfPage\":{\"@id\":\"https:\\\/\\\/essenled.com\\\/product\\\/top-view-ip67-1212mm-led-neon-flex\\\/#primaryimage\"},\"image\":{\"@id\":\"https:\\\/\\\/essenled.com\\\/product\\\/top-view-ip67-1212mm-led-neon-flex\\\/#primaryimage\"},\"thumbnailUrl\":\"https:\\\/\\\/essenled.com\\\/wp-content\\\/uploads\\\/2024\\\/02\\\/NEON-FLEX-High-Quality-1212.webp\",\"datePublished\":\"2024-02-29T06:58:24+00:00\",\"dateModified\":\"2024-02-29T06:58:25+00:00\",\"description\":\"Top View IP67 Waterproof 12*12mm LED Neon Flex - T1212, which is very suitable for long-term outdoor use and is not easy to turn yellow.\",\"breadcrumb\":{\"@id\":\"https:\\\/\\\/essenled.com\\\/product\\\/top-view-ip67-1212mm-led-neon-flex\\\/#breadcrumb\"},\"inLanguage\":\"da-DK\",\"potentialAction\":[{\"@type\":\"ReadAction\",\"target\":[\"https:\\\/\\\/essenled.com\\\/product\\\/top-view-ip67-1212mm-led-neon-flex\\\/\"]}]},{\"@type\":\"ImageObject\",\"inLanguage\":\"da-DK\",\"@id\":\"https:\\\/\\\/essenled.com\\\/product\\\/top-view-ip67-1212mm-led-neon-flex\\\/#primaryimage\",\"url\":\"https:\\\/\\\/essenled.com\\\/wp-content\\\/uploads\\\/2024\\\/02\\\/NEON-FLEX-High-Quality-1212.webp\",\"contentUrl\":\"https:\\\/\\\/essenled.com\\\/wp-content\\\/uploads\\\/2024\\\/02\\\/NEON-FLEX-High-Quality-1212.webp\",\"width\":800,\"height\":800,\"caption\":\"NEON FLEX High Quality 1212\"},{\"@type\":\"BreadcrumbList\",\"@id\":\"https:\\\/\\\/essenled.com\\\/product\\\/top-view-ip67-1212mm-led-neon-flex\\\/#breadcrumb\",\"itemListElement\":[{\"@type\":\"ListItem\",\"position\":1,\"name\":\"Home\",\"item\":\"https:\\\/\\\/essenled.com\\\/\"},{\"@type\":\"ListItem\",\"position\":2,\"name\":\"Product\",\"item\":\"https:\\\/\\\/essenled.com\\\/fr\\\/product\\\/\"},{\"@type\":\"ListItem\",\"position\":3,\"name\":\"Top View IP67 12*12mm LED Neon Flex &#8211; T1212\"}]},{\"@type\":\"WebSite\",\"@id\":\"https:\\\/\\\/essenled.com\\\/#website\",\"url\":\"https:\\\/\\\/essenled.com\\\/\",\"name\":\"ESSENLED\",\"description\":\"\",\"publisher\":{\"@id\":\"https:\\\/\\\/essenled.com\\\/#organization\"},\"potentialAction\":[{\"@type\":\"SearchAction\",\"target\":{\"@type\":\"EntryPoint\",\"urlTemplate\":\"https:\\\/\\\/essenled.com\\\/?s={search_term_string}\"},\"query-input\":{\"@type\":\"PropertyValueSpecification\",\"valueRequired\":true,\"valueName\":\"search_term_string\"}}],\"inLanguage\":\"da-DK\"},{\"@type\":\"Organization\",\"@id\":\"https:\\\/\\\/essenled.com\\\/#organization\",\"name\":\"ESSENLED\",\"url\":\"https:\\\/\\\/essenled.com\\\/\",\"logo\":{\"@type\":\"ImageObject\",\"inLanguage\":\"da-DK\",\"@id\":\"https:\\\/\\\/essenled.com\\\/#\\\/schema\\\/logo\\\/image\\\/\",\"url\":\"https:\\\/\\\/essenled.com\\\/wp-content\\\/uploads\\\/2024\\\/01\\\/Essen-logo.png\",\"contentUrl\":\"https:\\\/\\\/essenled.com\\\/wp-content\\\/uploads\\\/2024\\\/01\\\/Essen-logo.png\",\"width\":800,\"height\":110,\"caption\":\"ESSENLED\"},\"image\":{\"@id\":\"https:\\\/\\\/essenled.com\\\/#\\\/schema\\\/logo\\\/image\\\/\"}}]}<\/script>\n<!-- \/ Yoast SEO Premium plugin. -->","yoast_head_json":{"title":"Top View IP67 12*12mm LED Neon Flex - T1212 - ESSENLED","description":"Top View IP67 Waterproof 12*12mm LED Neon Flex - T1212, som er meget velegnet til langvarig udend\u00f8rs brug og ikke er let at g\u00f8re gul.","robots":{"index":"index","follow":"follow","max-snippet":"max-snippet:-1","max-image-preview":"max-image-preview:large","max-video-preview":"max-video-preview:-1"},"canonical":"https:\/\/essenled.com\/da\/vare\/top-view-ip67-1212mm-led-neon-flex\/","og_locale":"da_DK","og_type":"article","og_title":"Top View IP67 12*12mm LED Neon Flex - T1212","og_description":"Top View IP67 Waterproof 12*12mm LED Neon Flex - T1212, which is very suitable for long-term outdoor use and is not easy to turn yellow.","og_url":"https:\/\/essenled.com\/da\/vare\/top-view-ip67-1212mm-led-neon-flex\/","og_site_name":"ESSENLED","article_modified_time":"2024-02-29T06:58:25+00:00","og_image":[{"width":800,"height":800,"url":"https:\/\/essenled.com\/wp-content\/uploads\/2024\/02\/NEON-FLEX-High-Quality-1212.webp","type":"image\/webp"}],"twitter_card":"summary_large_image","twitter_misc":{"Estimeret l\u00e6setid":"1 minut"},"schema":{"@context":"https:\/\/schema.org","@graph":[{"@type":"WebPage","@id":"https:\/\/essenled.com\/product\/top-view-ip67-1212mm-led-neon-flex\/","url":"https:\/\/essenled.com\/product\/top-view-ip67-1212mm-led-neon-flex\/","name":"Top View IP67 12*12mm LED Neon Flex - T1212 - ESSENLED","isPartOf":{"@id":"https:\/\/essenled.com\/#website"},"primaryImageOfPage":{"@id":"https:\/\/essenled.com\/product\/top-view-ip67-1212mm-led-neon-flex\/#primaryimage"},"image":{"@id":"https:\/\/essenled.com\/product\/top-view-ip67-1212mm-led-neon-flex\/#primaryimage"},"thumbnailUrl":"https:\/\/essenled.com\/wp-content\/uploads\/2024\/02\/NEON-FLEX-High-Quality-1212.webp","datePublished":"2024-02-29T06:58:24+00:00","dateModified":"2024-02-29T06:58:25+00:00","description":"Top View IP67 Waterproof 12*12mm LED Neon Flex - T1212, som er meget velegnet til langvarig udend\u00f8rs brug og ikke er let at g\u00f8re gul.","breadcrumb":{"@id":"https:\/\/essenled.com\/product\/top-view-ip67-1212mm-led-neon-flex\/#breadcrumb"},"inLanguage":"da-DK","potentialAction":[{"@type":"ReadAction","target":["https:\/\/essenled.com\/product\/top-view-ip67-1212mm-led-neon-flex\/"]}]},{"@type":"ImageObject","inLanguage":"da-DK","@id":"https:\/\/essenled.com\/product\/top-view-ip67-1212mm-led-neon-flex\/#primaryimage","url":"https:\/\/essenled.com\/wp-content\/uploads\/2024\/02\/NEON-FLEX-High-Quality-1212.webp","contentUrl":"https:\/\/essenled.com\/wp-content\/uploads\/2024\/02\/NEON-FLEX-High-Quality-1212.webp","width":800,"height":800,"caption":"NEON FLEX High Quality 1212"},{"@type":"BreadcrumbList","@id":"https:\/\/essenled.com\/product\/top-view-ip67-1212mm-led-neon-flex\/#breadcrumb","itemListElement":[{"@type":"ListItem","position":1,"name":"Home","item":"https:\/\/essenled.com\/"},{"@type":"ListItem","position":2,"name":"Product","item":"https:\/\/essenled.com\/fr\/product\/"},{"@type":"ListItem","position":3,"name":"Top View IP67 12*12mm LED Neon Flex &#8211; T1212"}]},{"@type":"WebSite","@id":"https:\/\/essenled.com\/#website","url":"https:\/\/essenled.com\/","name":"ESSENLED","description":"","publisher":{"@id":"https:\/\/essenled.com\/#organization"},"potentialAction":[{"@type":"SearchAction","target":{"@type":"EntryPoint","urlTemplate":"https:\/\/essenled.com\/?s={search_term_string}"},"query-input":{"@type":"PropertyValueSpecification","valueRequired":true,"valueName":"search_term_string"}}],"inLanguage":"da-DK"},{"@type":"Organization","@id":"https:\/\/essenled.com\/#organization","name":"ESSENLED","url":"https:\/\/essenled.com\/","logo":{"@type":"ImageObject","inLanguage":"da-DK","@id":"https:\/\/essenled.com\/#\/schema\/logo\/image\/","url":"https:\/\/essenled.com\/wp-content\/uploads\/2024\/01\/Essen-logo.png","contentUrl":"https:\/\/essenled.com\/wp-content\/uploads\/2024\/01\/Essen-logo.png","width":800,"height":110,"caption":"ESSENLED"},"image":{"@id":"https:\/\/essenled.com\/#\/schema\/logo\/image\/"}}]}},"_links":{"self":[{"href":"https:\/\/essenled.com\/da\/wp-json\/wp\/v2\/product\/1462","targetHints":{"allow":["GET"]}}],"collection":[{"href":"https:\/\/essenled.com\/da\/wp-json\/wp\/v2\/product"}],"about":[{"href":"https:\/\/essenled.com\/da\/wp-json\/wp\/v2\/types\/product"}],"version-history":[{"count":1,"href":"https:\/\/essenled.com\/da\/wp-json\/wp\/v2\/product\/1462\/revisions"}],"predecessor-version":[{"id":1469,"href":"https:\/\/essenled.com\/da\/wp-json\/wp\/v2\/product\/1462\/revisions\/1469"}],"wp:featuredmedia":[{"embeddable":true,"href":"https:\/\/essenled.com\/da\/wp-json\/wp\/v2\/media\/1467"}],"wp:attachment":[{"href":"https:\/\/essenled.com\/da\/wp-json\/wp\/v2\/media?parent=1462"}],"wp:term":[{"taxonomy":"product_brand","embeddable":true,"href":"https:\/\/essenled.com\/da\/wp-json\/wp\/v2\/product_brand?post=1462"},{"taxonomy":"product_cat","embeddable":true,"href":"https:\/\/essenled.com\/da\/wp-json\/wp\/v2\/product_cat?post=1462"},{"taxonomy":"product_tag","embeddable":true,"href":"https:\/\/essenled.com\/da\/wp-json\/wp\/v2\/product_tag?post=1462"}],"curies":[{"name":"wp","href":"https:\/\/api.w.org\/{rel}","templated":true}]}}