{"id":785,"date":"2024-02-15T01:18:20","date_gmt":"2024-02-15T01:18:20","guid":{"rendered":"https:\/\/essenled.com\/?post_type=product&#038;p=785"},"modified":"2024-05-29T11:04:47","modified_gmt":"2024-05-29T11:04:47","slug":"5050-led-strip-lights-series-dc12v-dc24v-cri95","status":"publish","type":"product","link":"https:\/\/essenled.com\/cs\/produkt\/5050-led-strip-lights-series-dc12v-dc24v-cri95\/","title":{"rendered":"5050 LED p\u00e1sek sv\u011btla s\u00e9rie DC12V DC24V CRI95"},"content":{"rendered":"","protected":false},"excerpt":{"rendered":"<p>S\u00e9rie LED p\u00e1sk\u016f SMD5050 pat\u0159\u00ed mezi nejstar\u0161\u00ed a nejprod\u00e1van\u011bj\u0161\u00ed LED p\u00e1sky. Pokud v\u00edme, SMD5050 ozna\u010duje velikost \u010dipu LED. Rozm\u011bry LED diody jsou 5,0 mm x 5,0 mm.<\/p>\n<p>Tento LED p\u00e1sek m\u00e1 60LEDs\/m, 96LEDs\/m a 120LEDs\/m. LED p\u00e1sek lze nap\u00e1jet stejnosm\u011brn\u00fdm proudem (DC) o nap\u011bt\u00ed 12 V nebo 24 V. Tato flexibilita umo\u017e\u0148uje u\u017eivatel\u016fm zvolit vhodn\u00e9 nap\u011bt\u00ed na z\u00e1klad\u011b jejich specifick\u00fdch po\u017eadavk\u016f.<\/p>\n<p>Podporuje CRI 95+, p\u0159i\u010dem\u017e CRI 95 znamen\u00e1 vysok\u00e9 pod\u00e1n\u00ed barev, co\u017e znamen\u00e1, \u017ee sv\u011btlo vyza\u0159ovan\u00e9 t\u011bmito LED diodami je velmi podobn\u00e9 p\u0159irozen\u00e9mu slune\u010dn\u00edmu sv\u011btlu nebo \u017e\u00e1rovkov\u00e9mu osv\u011btlen\u00ed.<\/p>\n<p>\u0158ada LED p\u00e1skov\u00fdch sv\u011btel SMD5050 podporuje samo\u0159ez\u00e1n\u00ed a p\u0159izp\u016fsoben\u00e9 velikosti a d\u00e9lky \u0159ezu 12V a 24V se li\u0161\u00ed. M\u00e1 kryt\u00ed IP20, kter\u00e9 lze zv\u00fd\u0161it na IP65, IP65H, IP67 a IP68.<\/p>","protected":false},"featured_media":2051,"template":"","meta":{"_kad_post_transparent":"default","_kad_post_title":"","_kad_post_layout":"default","_kad_post_sidebar_id":"","_kad_post_content_style":"default","_kad_post_vertical_padding":"default","_kad_post_feature":"","_kad_post_feature_position":"","_kad_post_header":false,"_kad_post_footer":false,"_kad_post_classname":""},"product_brand":[],"product_cat":[29,766],"product_tag":[122,769,123,770,771],"class_list":{"0":"post-785","1":"product","2":"type-product","3":"status-publish","4":"has-post-thumbnail","6":"product_cat-led-strip","7":"product_cat-single-color-series","8":"product_tag-24v-5050-smd-led-strip","9":"product_tag-5050-10mm-width","10":"product_tag-5050-60leds-led-strips-cri95","11":"product_tag-5050-flexible-led-strip-light","12":"product_tag-high-cri-white-5050-flexible","14":"first","15":"instock","16":"shipping-taxable","17":"product-type-simple","18":"entry","19":"content-bg","20":"loop-entry"},"yoast_head":"<!-- This site is optimized with the Yoast SEO Premium plugin v24.3 (Yoast SEO v26.7) - https:\/\/yoast.com\/wordpress\/plugins\/seo\/ -->\n<title>5050 LED Strip Lights Series DC12V DC24V CRI95 - ESSENLED<\/title>\n<meta name=\"description\" content=\"5050 LED Strip Lights Series are one of the earliest, SMD5050 refers to the LED chip size. The dimensions of the LED are 5.0mm x 5.0mm.\" \/>\n<meta name=\"robots\" content=\"index, follow, max-snippet:-1, max-image-preview:large, max-video-preview:-1\" \/>\n<link rel=\"canonical\" href=\"https:\/\/essenled.com\/cs\/produkt\/5050-led-strip-lights-series-dc12v-dc24v-cri95\/\" \/>\n<meta property=\"og:locale\" content=\"cs_CZ\" \/>\n<meta property=\"og:type\" content=\"article\" \/>\n<meta property=\"og:title\" content=\"5050 LED Strip Lights Series DC12V DC24V CRI95\" \/>\n<meta property=\"og:description\" content=\"5050 LED Strip Lights Series are one of the earliest, SMD5050 refers to the LED chip size. The dimensions of the LED are 5.0mm x 5.0mm.\" \/>\n<meta property=\"og:url\" content=\"https:\/\/essenled.com\/cs\/produkt\/5050-led-strip-lights-series-dc12v-dc24v-cri95\/\" \/>\n<meta property=\"og:site_name\" content=\"ESSENLED\" \/>\n<meta property=\"article:modified_time\" content=\"2024-05-29T11:04:47+00:00\" \/>\n<meta property=\"og:image\" content=\"https:\/\/essenled.com\/wp-content\/uploads\/2024\/02\/5050-SMD-Flexible-LED-Strip-Lights.webp\" \/>\n\t<meta property=\"og:image:width\" content=\"1000\" \/>\n\t<meta property=\"og:image:height\" content=\"1000\" \/>\n\t<meta property=\"og:image:type\" content=\"image\/webp\" \/>\n<meta name=\"twitter:card\" content=\"summary_large_image\" \/>\n<meta name=\"twitter:label1\" content=\"Odhadovan\u00e1 doba \u010dten\u00ed\" \/>\n\t<meta name=\"twitter:data1\" content=\"1 minuta\" \/>\n<script type=\"application\/ld+json\" class=\"yoast-schema-graph\">{\"@context\":\"https:\/\/schema.org\",\"@graph\":[{\"@type\":\"WebPage\",\"@id\":\"https:\/\/essenled.com\/product\/5050-led-strip-lights-series-dc12v-dc24v-cri95\/\",\"url\":\"https:\/\/essenled.com\/product\/5050-led-strip-lights-series-dc12v-dc24v-cri95\/\",\"name\":\"5050 LED Strip Lights Series DC12V DC24V CRI95 - ESSENLED\",\"isPartOf\":{\"@id\":\"https:\/\/essenled.com\/#website\"},\"primaryImageOfPage\":{\"@id\":\"https:\/\/essenled.com\/product\/5050-led-strip-lights-series-dc12v-dc24v-cri95\/#primaryimage\"},\"image\":{\"@id\":\"https:\/\/essenled.com\/product\/5050-led-strip-lights-series-dc12v-dc24v-cri95\/#primaryimage\"},\"thumbnailUrl\":\"https:\/\/essenled.com\/wp-content\/uploads\/2024\/02\/5050-SMD-Flexible-LED-Strip-Lights.webp\",\"datePublished\":\"2024-02-15T01:18:20+00:00\",\"dateModified\":\"2024-05-29T11:04:47+00:00\",\"description\":\"5050 LED Strip Lights Series are one of the earliest, SMD5050 refers to the LED chip size. The dimensions of the LED are 5.0mm x 5.0mm.\",\"breadcrumb\":{\"@id\":\"https:\/\/essenled.com\/product\/5050-led-strip-lights-series-dc12v-dc24v-cri95\/#breadcrumb\"},\"inLanguage\":\"cs\",\"potentialAction\":[{\"@type\":\"ReadAction\",\"target\":[\"https:\/\/essenled.com\/product\/5050-led-strip-lights-series-dc12v-dc24v-cri95\/\"]}]},{\"@type\":\"ImageObject\",\"inLanguage\":\"cs\",\"@id\":\"https:\/\/essenled.com\/product\/5050-led-strip-lights-series-dc12v-dc24v-cri95\/#primaryimage\",\"url\":\"https:\/\/essenled.com\/wp-content\/uploads\/2024\/02\/5050-SMD-Flexible-LED-Strip-Lights.webp\",\"contentUrl\":\"https:\/\/essenled.com\/wp-content\/uploads\/2024\/02\/5050-SMD-Flexible-LED-Strip-Lights.webp\",\"width\":1000,\"height\":1000,\"caption\":\"5050 SMD Flexible LED Strip Lights\"},{\"@type\":\"BreadcrumbList\",\"@id\":\"https:\/\/essenled.com\/product\/5050-led-strip-lights-series-dc12v-dc24v-cri95\/#breadcrumb\",\"itemListElement\":[{\"@type\":\"ListItem\",\"position\":1,\"name\":\"Home\",\"item\":\"https:\/\/essenled.com\/\"},{\"@type\":\"ListItem\",\"position\":2,\"name\":\"Product\",\"item\":\"https:\/\/essenled.com\/fr\/product\/\"},{\"@type\":\"ListItem\",\"position\":3,\"name\":\"5050 LED Strip Lights Series DC12V DC24V CRI95\"}]},{\"@type\":\"WebSite\",\"@id\":\"https:\/\/essenled.com\/#website\",\"url\":\"https:\/\/essenled.com\/\",\"name\":\"ESSENLED\",\"description\":\"\",\"publisher\":{\"@id\":\"https:\/\/essenled.com\/#organization\"},\"potentialAction\":[{\"@type\":\"SearchAction\",\"target\":{\"@type\":\"EntryPoint\",\"urlTemplate\":\"https:\/\/essenled.com\/?s={search_term_string}\"},\"query-input\":{\"@type\":\"PropertyValueSpecification\",\"valueRequired\":true,\"valueName\":\"search_term_string\"}}],\"inLanguage\":\"cs\"},{\"@type\":\"Organization\",\"@id\":\"https:\/\/essenled.com\/#organization\",\"name\":\"ESSENLED\",\"url\":\"https:\/\/essenled.com\/\",\"logo\":{\"@type\":\"ImageObject\",\"inLanguage\":\"cs\",\"@id\":\"https:\/\/essenled.com\/#\/schema\/logo\/image\/\",\"url\":\"https:\/\/essenled.com\/wp-content\/uploads\/2024\/01\/Essen-logo.png\",\"contentUrl\":\"https:\/\/essenled.com\/wp-content\/uploads\/2024\/01\/Essen-logo.png\",\"width\":800,\"height\":110,\"caption\":\"ESSENLED\"},\"image\":{\"@id\":\"https:\/\/essenled.com\/#\/schema\/logo\/image\/\"}}]}<\/script>\n<!-- \/ Yoast SEO Premium plugin. -->","yoast_head_json":{"title":"5050 LED p\u00e1skov\u00e1 sv\u011btla s\u00e9rie DC12V DC24V CRI95 - ESSENLED","description":"\u0158ada 5050 LED Strip Lights je jednou z prvn\u00edch, SMD5050 ozna\u010duje velikost LED \u010dipu. Rozm\u011bry LED jsou 5,0 mm x 5,0 mm.","robots":{"index":"index","follow":"follow","max-snippet":"max-snippet:-1","max-image-preview":"max-image-preview:large","max-video-preview":"max-video-preview:-1"},"canonical":"https:\/\/essenled.com\/cs\/produkt\/5050-led-strip-lights-series-dc12v-dc24v-cri95\/","og_locale":"cs_CZ","og_type":"article","og_title":"5050 LED Strip Lights Series DC12V DC24V CRI95","og_description":"5050 LED Strip Lights Series are one of the earliest, SMD5050 refers to the LED chip size. The dimensions of the LED are 5.0mm x 5.0mm.","og_url":"https:\/\/essenled.com\/cs\/produkt\/5050-led-strip-lights-series-dc12v-dc24v-cri95\/","og_site_name":"ESSENLED","article_modified_time":"2024-05-29T11:04:47+00:00","og_image":[{"width":1000,"height":1000,"url":"https:\/\/essenled.com\/wp-content\/uploads\/2024\/02\/5050-SMD-Flexible-LED-Strip-Lights.webp","type":"image\/webp"}],"twitter_card":"summary_large_image","twitter_misc":{"Odhadovan\u00e1 doba \u010dten\u00ed":"1 minuta"},"schema":{"@context":"https:\/\/schema.org","@graph":[{"@type":"WebPage","@id":"https:\/\/essenled.com\/product\/5050-led-strip-lights-series-dc12v-dc24v-cri95\/","url":"https:\/\/essenled.com\/product\/5050-led-strip-lights-series-dc12v-dc24v-cri95\/","name":"5050 LED p\u00e1skov\u00e1 sv\u011btla s\u00e9rie DC12V DC24V CRI95 - ESSENLED","isPartOf":{"@id":"https:\/\/essenled.com\/#website"},"primaryImageOfPage":{"@id":"https:\/\/essenled.com\/product\/5050-led-strip-lights-series-dc12v-dc24v-cri95\/#primaryimage"},"image":{"@id":"https:\/\/essenled.com\/product\/5050-led-strip-lights-series-dc12v-dc24v-cri95\/#primaryimage"},"thumbnailUrl":"https:\/\/essenled.com\/wp-content\/uploads\/2024\/02\/5050-SMD-Flexible-LED-Strip-Lights.webp","datePublished":"2024-02-15T01:18:20+00:00","dateModified":"2024-05-29T11:04:47+00:00","description":"\u0158ada 5050 LED Strip Lights je jednou z prvn\u00edch, SMD5050 ozna\u010duje velikost LED \u010dipu. Rozm\u011bry LED jsou 5,0 mm x 5,0 mm.","breadcrumb":{"@id":"https:\/\/essenled.com\/product\/5050-led-strip-lights-series-dc12v-dc24v-cri95\/#breadcrumb"},"inLanguage":"cs","potentialAction":[{"@type":"ReadAction","target":["https:\/\/essenled.com\/product\/5050-led-strip-lights-series-dc12v-dc24v-cri95\/"]}]},{"@type":"ImageObject","inLanguage":"cs","@id":"https:\/\/essenled.com\/product\/5050-led-strip-lights-series-dc12v-dc24v-cri95\/#primaryimage","url":"https:\/\/essenled.com\/wp-content\/uploads\/2024\/02\/5050-SMD-Flexible-LED-Strip-Lights.webp","contentUrl":"https:\/\/essenled.com\/wp-content\/uploads\/2024\/02\/5050-SMD-Flexible-LED-Strip-Lights.webp","width":1000,"height":1000,"caption":"5050 SMD Flexible LED Strip Lights"},{"@type":"BreadcrumbList","@id":"https:\/\/essenled.com\/product\/5050-led-strip-lights-series-dc12v-dc24v-cri95\/#breadcrumb","itemListElement":[{"@type":"ListItem","position":1,"name":"Home","item":"https:\/\/essenled.com\/"},{"@type":"ListItem","position":2,"name":"Product","item":"https:\/\/essenled.com\/fr\/product\/"},{"@type":"ListItem","position":3,"name":"5050 LED Strip Lights Series DC12V DC24V CRI95"}]},{"@type":"WebSite","@id":"https:\/\/essenled.com\/#website","url":"https:\/\/essenled.com\/","name":"ESSENLED","description":"","publisher":{"@id":"https:\/\/essenled.com\/#organization"},"potentialAction":[{"@type":"SearchAction","target":{"@type":"EntryPoint","urlTemplate":"https:\/\/essenled.com\/?s={search_term_string}"},"query-input":{"@type":"PropertyValueSpecification","valueRequired":true,"valueName":"search_term_string"}}],"inLanguage":"cs"},{"@type":"Organization","@id":"https:\/\/essenled.com\/#organization","name":"ESSENLED","url":"https:\/\/essenled.com\/","logo":{"@type":"ImageObject","inLanguage":"cs","@id":"https:\/\/essenled.com\/#\/schema\/logo\/image\/","url":"https:\/\/essenled.com\/wp-content\/uploads\/2024\/01\/Essen-logo.png","contentUrl":"https:\/\/essenled.com\/wp-content\/uploads\/2024\/01\/Essen-logo.png","width":800,"height":110,"caption":"ESSENLED"},"image":{"@id":"https:\/\/essenled.com\/#\/schema\/logo\/image\/"}}]}},"_links":{"self":[{"href":"https:\/\/essenled.com\/cs\/wp-json\/wp\/v2\/product\/785","targetHints":{"allow":["GET"]}}],"collection":[{"href":"https:\/\/essenled.com\/cs\/wp-json\/wp\/v2\/product"}],"about":[{"href":"https:\/\/essenled.com\/cs\/wp-json\/wp\/v2\/types\/product"}],"version-history":[{"count":3,"href":"https:\/\/essenled.com\/cs\/wp-json\/wp\/v2\/product\/785\/revisions"}],"predecessor-version":[{"id":2055,"href":"https:\/\/essenled.com\/cs\/wp-json\/wp\/v2\/product\/785\/revisions\/2055"}],"wp:featuredmedia":[{"embeddable":true,"href":"https:\/\/essenled.com\/cs\/wp-json\/wp\/v2\/media\/2051"}],"wp:attachment":[{"href":"https:\/\/essenled.com\/cs\/wp-json\/wp\/v2\/media?parent=785"}],"wp:term":[{"taxonomy":"product_brand","embeddable":true,"href":"https:\/\/essenled.com\/cs\/wp-json\/wp\/v2\/product_brand?post=785"},{"taxonomy":"product_cat","embeddable":true,"href":"https:\/\/essenled.com\/cs\/wp-json\/wp\/v2\/product_cat?post=785"},{"taxonomy":"product_tag","embeddable":true,"href":"https:\/\/essenled.com\/cs\/wp-json\/wp\/v2\/product_tag?post=785"}],"curies":[{"name":"wp","href":"https:\/\/api.w.org\/{rel}","templated":true}]}}