{"id":697,"date":"2024-02-10T02:38:28","date_gmt":"2024-02-10T02:38:28","guid":{"rendered":"https:\/\/essenled.com\/?post_type=product&#038;p=697"},"modified":"2024-06-01T01:47:23","modified_gmt":"2024-06-01T01:47:23","slug":"tunable-white-cob-led-strip-24v-2700k-6500k","status":"publish","type":"product","link":"https:\/\/essenled.com\/cs\/produkt\/tunable-white-cob-led-strip-24v-2700k-6500k\/","title":{"rendered":"Laditeln\u00fd b\u00edl\u00fd COB LED p\u00e1sek 24V 2700K-6500K"},"content":{"rendered":"","protected":false},"excerpt":{"rendered":"<p>Laditeln\u00fd b\u00edl\u00fd COB LED p\u00e1sek, naz\u00fdvan\u00fd nastaviteln\u00fd b\u00edl\u00fd COB LED p\u00e1sek nebo dvoubarevn\u00fd COB LED p\u00e1sek. S vysokou hustotou 576 LED\/m. Od 2700K do 6500K, nab\u00edz\u00ed tepl\u00e9 b\u00edl\u00e9 t\u00f3ny 2700K pro \u00fatulnou atmosf\u00e9ru a studen\u00e9 b\u00edl\u00e9 t\u00f3ny 6500K pro jasn\u00e9 a \u017eiv\u00e9 osv\u011btlen\u00ed.<\/p>\n<p>Je k dispozici v nap\u011b\u0165ov\u00e9 variant\u011b 12 V i 24 V a p\u0159edstavuje univerz\u00e1ln\u00ed \u0159e\u0161en\u00ed osv\u011btlen\u00ed. Vysok\u00fd jas, rovnom\u011brn\u00e9 osv\u011btlen\u00ed a vynikaj\u00edc\u00ed konzistence barev v cel\u00e9m p\u00e1su.<\/p>\n<p>D\u00edky sv\u00e9 univerz\u00e1lnosti jsou laditeln\u00e9 b\u00edl\u00e9 p\u00e1sky COB LED vhodn\u00e9 pro \u0161irokou \u0161k\u00e1lu aplikac\u00ed, v\u010detn\u011b osv\u011btlen\u00ed obytn\u00fdch prostor, architektonick\u00e9ho osv\u011btlen\u00ed apod.<\/p>\n<p>V\u00fdhody dvoubarevn\u00e9 barevn\u00e9 teploty, vysok\u00e9ho jasu, \u00faspory energie a flexibility umo\u017e\u0148uj\u00ed vytv\u00e1\u0159et dynamick\u00e9 sv\u011bteln\u00e9 prost\u0159ed\u00ed a zvy\u0161uj\u00ed vizu\u00e1ln\u00ed komfort a estetiku.<\/p>","protected":false},"featured_media":2130,"template":"","meta":{"_kad_post_transparent":"default","_kad_post_title":"","_kad_post_layout":"default","_kad_post_sidebar_id":"","_kad_post_content_style":"default","_kad_post_vertical_padding":"default","_kad_post_feature":"","_kad_post_feature_position":"","_kad_post_header":false,"_kad_post_footer":false,"_kad_post_classname":""},"product_brand":[],"product_cat":[50,52],"product_tag":[90,88,91,92,89],"class_list":{"0":"post-697","1":"product","2":"type-product","3":"status-publish","4":"has-post-thumbnail","6":"product_cat-cob-led-strip","7":"product_cat-tunable-white-cob-series","8":"product_tag-cob-led-tape-tunable-white-light","9":"product_tag-cob-tunable-white-led-strip","10":"product_tag-high-density-cob-flexible-cob","11":"product_tag-led-strip-cob-tunable-white-12v-24v","12":"product_tag-led-strip-spotless-tunable-white","14":"first","15":"instock","16":"shipping-taxable","17":"product-type-simple","18":"entry","19":"content-bg","20":"loop-entry"},"yoast_head":"<!-- This site is optimized with the Yoast SEO Premium plugin v24.3 (Yoast SEO v26.7) - https:\/\/yoast.com\/wordpress\/plugins\/seo\/ -->\n<title>Tunable White COB LED Strip 24V 2700K-6500K - ESSENLED<\/title>\n<meta name=\"description\" content=\"The tunable white COB LED strip 2700K to 6500K, offers warm tones of 2700K for a cozy ambience and cool white of 6500K for vibrant lighting.\" \/>\n<meta name=\"robots\" content=\"index, follow, max-snippet:-1, max-image-preview:large, max-video-preview:-1\" \/>\n<link rel=\"canonical\" href=\"https:\/\/essenled.com\/cs\/produkt\/tunable-white-cob-led-strip-24v-2700k-6500k\/\" \/>\n<meta property=\"og:locale\" content=\"cs_CZ\" \/>\n<meta property=\"og:type\" content=\"article\" \/>\n<meta property=\"og:title\" content=\"Tunable White COB LED Strip 24V 2700K-6500K\" \/>\n<meta property=\"og:description\" content=\"The tunable white COB LED strip 2700K to 6500K, offers warm tones of 2700K for a cozy ambience and cool white of 6500K for vibrant lighting.\" \/>\n<meta property=\"og:url\" content=\"https:\/\/essenled.com\/cs\/produkt\/tunable-white-cob-led-strip-24v-2700k-6500k\/\" \/>\n<meta property=\"og:site_name\" content=\"ESSENLED\" \/>\n<meta property=\"article:modified_time\" content=\"2024-06-01T01:47:23+00:00\" \/>\n<meta property=\"og:image\" content=\"https:\/\/essenled.com\/wp-content\/uploads\/2024\/02\/Tunable-White-576leds-24V-COB-LED-Strip.webp\" \/>\n\t<meta property=\"og:image:width\" content=\"1000\" \/>\n\t<meta property=\"og:image:height\" content=\"1000\" \/>\n\t<meta property=\"og:image:type\" content=\"image\/webp\" \/>\n<meta name=\"twitter:card\" content=\"summary_large_image\" \/>\n<meta name=\"twitter:label1\" content=\"Odhadovan\u00e1 doba \u010dten\u00ed\" \/>\n\t<meta name=\"twitter:data1\" content=\"1 minuta\" \/>\n<script type=\"application\/ld+json\" class=\"yoast-schema-graph\">{\"@context\":\"https:\/\/schema.org\",\"@graph\":[{\"@type\":\"WebPage\",\"@id\":\"https:\/\/essenled.com\/product\/tunable-white-cob-led-strip-24v-2700k-6500k\/\",\"url\":\"https:\/\/essenled.com\/product\/tunable-white-cob-led-strip-24v-2700k-6500k\/\",\"name\":\"Tunable White COB LED Strip 24V 2700K-6500K - ESSENLED\",\"isPartOf\":{\"@id\":\"https:\/\/essenled.com\/#website\"},\"primaryImageOfPage\":{\"@id\":\"https:\/\/essenled.com\/product\/tunable-white-cob-led-strip-24v-2700k-6500k\/#primaryimage\"},\"image\":{\"@id\":\"https:\/\/essenled.com\/product\/tunable-white-cob-led-strip-24v-2700k-6500k\/#primaryimage\"},\"thumbnailUrl\":\"https:\/\/essenled.com\/wp-content\/uploads\/2024\/02\/Tunable-White-576leds-24V-COB-LED-Strip.webp\",\"datePublished\":\"2024-02-10T02:38:28+00:00\",\"dateModified\":\"2024-06-01T01:47:23+00:00\",\"description\":\"The tunable white COB LED strip 2700K to 6500K, offers warm tones of 2700K for a cozy ambience and cool white of 6500K for vibrant lighting.\",\"breadcrumb\":{\"@id\":\"https:\/\/essenled.com\/product\/tunable-white-cob-led-strip-24v-2700k-6500k\/#breadcrumb\"},\"inLanguage\":\"cs\",\"potentialAction\":[{\"@type\":\"ReadAction\",\"target\":[\"https:\/\/essenled.com\/product\/tunable-white-cob-led-strip-24v-2700k-6500k\/\"]}]},{\"@type\":\"ImageObject\",\"inLanguage\":\"cs\",\"@id\":\"https:\/\/essenled.com\/product\/tunable-white-cob-led-strip-24v-2700k-6500k\/#primaryimage\",\"url\":\"https:\/\/essenled.com\/wp-content\/uploads\/2024\/02\/Tunable-White-576leds-24V-COB-LED-Strip.webp\",\"contentUrl\":\"https:\/\/essenled.com\/wp-content\/uploads\/2024\/02\/Tunable-White-576leds-24V-COB-LED-Strip.webp\",\"width\":1000,\"height\":1000,\"caption\":\"Tunable White 576leds 24V COB LED Strip\"},{\"@type\":\"BreadcrumbList\",\"@id\":\"https:\/\/essenled.com\/product\/tunable-white-cob-led-strip-24v-2700k-6500k\/#breadcrumb\",\"itemListElement\":[{\"@type\":\"ListItem\",\"position\":1,\"name\":\"Home\",\"item\":\"https:\/\/essenled.com\/\"},{\"@type\":\"ListItem\",\"position\":2,\"name\":\"Product\",\"item\":\"https:\/\/essenled.com\/fr\/product\/\"},{\"@type\":\"ListItem\",\"position\":3,\"name\":\"Tunable White COB LED Strip 24V 2700K-6500K\"}]},{\"@type\":\"WebSite\",\"@id\":\"https:\/\/essenled.com\/#website\",\"url\":\"https:\/\/essenled.com\/\",\"name\":\"ESSENLED\",\"description\":\"\",\"publisher\":{\"@id\":\"https:\/\/essenled.com\/#organization\"},\"potentialAction\":[{\"@type\":\"SearchAction\",\"target\":{\"@type\":\"EntryPoint\",\"urlTemplate\":\"https:\/\/essenled.com\/?s={search_term_string}\"},\"query-input\":{\"@type\":\"PropertyValueSpecification\",\"valueRequired\":true,\"valueName\":\"search_term_string\"}}],\"inLanguage\":\"cs\"},{\"@type\":\"Organization\",\"@id\":\"https:\/\/essenled.com\/#organization\",\"name\":\"ESSENLED\",\"url\":\"https:\/\/essenled.com\/\",\"logo\":{\"@type\":\"ImageObject\",\"inLanguage\":\"cs\",\"@id\":\"https:\/\/essenled.com\/#\/schema\/logo\/image\/\",\"url\":\"https:\/\/essenled.com\/wp-content\/uploads\/2024\/01\/Essen-logo.png\",\"contentUrl\":\"https:\/\/essenled.com\/wp-content\/uploads\/2024\/01\/Essen-logo.png\",\"width\":800,\"height\":110,\"caption\":\"ESSENLED\"},\"image\":{\"@id\":\"https:\/\/essenled.com\/#\/schema\/logo\/image\/\"}}]}<\/script>\n<!-- \/ Yoast SEO Premium plugin. -->","yoast_head_json":{"title":"Laditeln\u00fd b\u00edl\u00fd COB LED p\u00e1sek 24V 2700K-6500K - ESSENLED","description":"Laditeln\u00fd b\u00edl\u00fd p\u00e1sek COB LED 2700K a\u017e 6500K nab\u00edz\u00ed tepl\u00e9 t\u00f3ny 2700K pro \u00fatulnou atmosf\u00e9ru a studenou b\u00edlou 6500K pro \u017eiv\u00e9 osv\u011btlen\u00ed.","robots":{"index":"index","follow":"follow","max-snippet":"max-snippet:-1","max-image-preview":"max-image-preview:large","max-video-preview":"max-video-preview:-1"},"canonical":"https:\/\/essenled.com\/cs\/produkt\/tunable-white-cob-led-strip-24v-2700k-6500k\/","og_locale":"cs_CZ","og_type":"article","og_title":"Tunable White COB LED Strip 24V 2700K-6500K","og_description":"The tunable white COB LED strip 2700K to 6500K, offers warm tones of 2700K for a cozy ambience and cool white of 6500K for vibrant lighting.","og_url":"https:\/\/essenled.com\/cs\/produkt\/tunable-white-cob-led-strip-24v-2700k-6500k\/","og_site_name":"ESSENLED","article_modified_time":"2024-06-01T01:47:23+00:00","og_image":[{"width":1000,"height":1000,"url":"https:\/\/essenled.com\/wp-content\/uploads\/2024\/02\/Tunable-White-576leds-24V-COB-LED-Strip.webp","type":"image\/webp"}],"twitter_card":"summary_large_image","twitter_misc":{"Odhadovan\u00e1 doba \u010dten\u00ed":"1 minuta"},"schema":{"@context":"https:\/\/schema.org","@graph":[{"@type":"WebPage","@id":"https:\/\/essenled.com\/product\/tunable-white-cob-led-strip-24v-2700k-6500k\/","url":"https:\/\/essenled.com\/product\/tunable-white-cob-led-strip-24v-2700k-6500k\/","name":"Laditeln\u00fd b\u00edl\u00fd COB LED p\u00e1sek 24V 2700K-6500K - ESSENLED","isPartOf":{"@id":"https:\/\/essenled.com\/#website"},"primaryImageOfPage":{"@id":"https:\/\/essenled.com\/product\/tunable-white-cob-led-strip-24v-2700k-6500k\/#primaryimage"},"image":{"@id":"https:\/\/essenled.com\/product\/tunable-white-cob-led-strip-24v-2700k-6500k\/#primaryimage"},"thumbnailUrl":"https:\/\/essenled.com\/wp-content\/uploads\/2024\/02\/Tunable-White-576leds-24V-COB-LED-Strip.webp","datePublished":"2024-02-10T02:38:28+00:00","dateModified":"2024-06-01T01:47:23+00:00","description":"Laditeln\u00fd b\u00edl\u00fd p\u00e1sek COB LED 2700K a\u017e 6500K nab\u00edz\u00ed tepl\u00e9 t\u00f3ny 2700K pro \u00fatulnou atmosf\u00e9ru a studenou b\u00edlou 6500K pro \u017eiv\u00e9 osv\u011btlen\u00ed.","breadcrumb":{"@id":"https:\/\/essenled.com\/product\/tunable-white-cob-led-strip-24v-2700k-6500k\/#breadcrumb"},"inLanguage":"cs","potentialAction":[{"@type":"ReadAction","target":["https:\/\/essenled.com\/product\/tunable-white-cob-led-strip-24v-2700k-6500k\/"]}]},{"@type":"ImageObject","inLanguage":"cs","@id":"https:\/\/essenled.com\/product\/tunable-white-cob-led-strip-24v-2700k-6500k\/#primaryimage","url":"https:\/\/essenled.com\/wp-content\/uploads\/2024\/02\/Tunable-White-576leds-24V-COB-LED-Strip.webp","contentUrl":"https:\/\/essenled.com\/wp-content\/uploads\/2024\/02\/Tunable-White-576leds-24V-COB-LED-Strip.webp","width":1000,"height":1000,"caption":"Tunable White 576leds 24V COB LED Strip"},{"@type":"BreadcrumbList","@id":"https:\/\/essenled.com\/product\/tunable-white-cob-led-strip-24v-2700k-6500k\/#breadcrumb","itemListElement":[{"@type":"ListItem","position":1,"name":"Home","item":"https:\/\/essenled.com\/"},{"@type":"ListItem","position":2,"name":"Product","item":"https:\/\/essenled.com\/fr\/product\/"},{"@type":"ListItem","position":3,"name":"Tunable White COB LED Strip 24V 2700K-6500K"}]},{"@type":"WebSite","@id":"https:\/\/essenled.com\/#website","url":"https:\/\/essenled.com\/","name":"ESSENLED","description":"","publisher":{"@id":"https:\/\/essenled.com\/#organization"},"potentialAction":[{"@type":"SearchAction","target":{"@type":"EntryPoint","urlTemplate":"https:\/\/essenled.com\/?s={search_term_string}"},"query-input":{"@type":"PropertyValueSpecification","valueRequired":true,"valueName":"search_term_string"}}],"inLanguage":"cs"},{"@type":"Organization","@id":"https:\/\/essenled.com\/#organization","name":"ESSENLED","url":"https:\/\/essenled.com\/","logo":{"@type":"ImageObject","inLanguage":"cs","@id":"https:\/\/essenled.com\/#\/schema\/logo\/image\/","url":"https:\/\/essenled.com\/wp-content\/uploads\/2024\/01\/Essen-logo.png","contentUrl":"https:\/\/essenled.com\/wp-content\/uploads\/2024\/01\/Essen-logo.png","width":800,"height":110,"caption":"ESSENLED"},"image":{"@id":"https:\/\/essenled.com\/#\/schema\/logo\/image\/"}}]}},"_links":{"self":[{"href":"https:\/\/essenled.com\/cs\/wp-json\/wp\/v2\/product\/697","targetHints":{"allow":["GET"]}}],"collection":[{"href":"https:\/\/essenled.com\/cs\/wp-json\/wp\/v2\/product"}],"about":[{"href":"https:\/\/essenled.com\/cs\/wp-json\/wp\/v2\/types\/product"}],"version-history":[{"count":5,"href":"https:\/\/essenled.com\/cs\/wp-json\/wp\/v2\/product\/697\/revisions"}],"predecessor-version":[{"id":2023,"href":"https:\/\/essenled.com\/cs\/wp-json\/wp\/v2\/product\/697\/revisions\/2023"}],"wp:featuredmedia":[{"embeddable":true,"href":"https:\/\/essenled.com\/cs\/wp-json\/wp\/v2\/media\/2130"}],"wp:attachment":[{"href":"https:\/\/essenled.com\/cs\/wp-json\/wp\/v2\/media?parent=697"}],"wp:term":[{"taxonomy":"product_brand","embeddable":true,"href":"https:\/\/essenled.com\/cs\/wp-json\/wp\/v2\/product_brand?post=697"},{"taxonomy":"product_cat","embeddable":true,"href":"https:\/\/essenled.com\/cs\/wp-json\/wp\/v2\/product_cat?post=697"},{"taxonomy":"product_tag","embeddable":true,"href":"https:\/\/essenled.com\/cs\/wp-json\/wp\/v2\/product_tag?post=697"}],"curies":[{"name":"wp","href":"https:\/\/api.w.org\/{rel}","templated":true}]}}