{"id":1800,"date":"2024-03-05T06:51:37","date_gmt":"2024-03-05T06:51:37","guid":{"rendered":"https:\/\/essenled.com\/?post_type=product&#038;p=1800"},"modified":"2024-03-05T09:59:37","modified_gmt":"2024-03-05T09:59:37","slug":"mini-led-aluminum-profile","status":"publish","type":"product","link":"https:\/\/essenled.com\/cs\/produkt\/mini-led-aluminum-profile\/","title":{"rendered":"Mini LED hlin\u00edkov\u00fd profil"},"content":{"rendered":"","protected":false},"excerpt":{"rendered":"<p>Miniaturn\u00ed supertenk\u00fd hlin\u00edkov\u00fd profil LED, nejmen\u0161\u00ed profil pro povrchovou mont\u00e1\u017e v t\u00e9to produktov\u00e9 \u0159ad\u011b. Modern\u00ed \u0159e\u0161en\u00ed osv\u011btlen\u00ed, kter\u00e9 kombinuje styl a funk\u010dnost. Je ide\u00e1ln\u00ed pro dopln\u011bn\u00ed line\u00e1rn\u00edho osv\u011btlen\u00ed. Jeho kompaktn\u00ed rozm\u011bry jsou ide\u00e1ln\u00ed pro pou\u017eit\u00ed v omezen\u00fdch prostorech pro spln\u011bn\u00ed r\u016fzn\u00fdch pot\u0159eb osv\u011btlen\u00ed.<\/p>\n<p>Profil LED:  6063-T5, st\u0159\u00edbrn\u00e1<\/p>\n<p>Obal pro PC:  Op\u00e1l, rozpt\u00fdlen\u00fd, \u010dir\u00fd<\/p>\n<p>P\u0159\u00edslu\u0161enstv\u00ed:  Mont\u00e1\u017en\u00ed klip, dr\u017e\u00e1ky<\/p>\n<p>D\u00e9lka: 1m\/ks, 2m\/ks, 3m\/ks, dal\u0161\u00ed d\u00e9lky lze p\u0159izp\u016fsobit.<\/p>\n<p><span style=\"color: #ff0000;\">POZN\u00c1MKA: K dispozici v b\u00edl\u00e9 a \u010dern\u00e9 barv\u011b.<\/span><\/p>","protected":false},"featured_media":1794,"template":"","meta":{"_kad_post_transparent":"default","_kad_post_title":"","_kad_post_layout":"default","_kad_post_sidebar_id":"","_kad_post_content_style":"default","_kad_post_vertical_padding":"default","_kad_post_feature":"","_kad_post_feature_position":"","_kad_post_header":false,"_kad_post_footer":false,"_kad_post_classname":""},"product_brand":[],"product_cat":[60,73],"product_tag":[707,708,709,706,710],"class_list":{"0":"post-1800","1":"product","2":"type-product","3":"status-publish","4":"has-post-thumbnail","6":"product_cat-led-profile","7":"product_cat-universal-series","8":"product_tag-mini-aluminum-led-strip-channel","9":"product_tag-mini-led-strip-channel","10":"product_tag-mini-led-strip-light-recessed-channel","11":"product_tag-mini-series-led-aluminum-channels","12":"product_tag-super-slim-led-aluminum-channel","14":"first","15":"instock","16":"shipping-taxable","17":"product-type-simple","18":"entry","19":"content-bg","20":"loop-entry"},"yoast_head":"<!-- This site is optimized with the Yoast SEO Premium plugin v24.3 (Yoast SEO v26.7) - https:\/\/yoast.com\/wordpress\/plugins\/seo\/ -->\n<title>Mini LED Aluminum Profile - ESSENLED<\/title>\n<meta name=\"description\" content=\"Mini super slim LED aluminum profile, the smallest surface-mounted profile, used in limited spaces to meet different lighting needs.\" \/>\n<meta name=\"robots\" content=\"index, follow, max-snippet:-1, max-image-preview:large, max-video-preview:-1\" \/>\n<link rel=\"canonical\" href=\"https:\/\/essenled.com\/cs\/produkt\/mini-led-aluminum-profile\/\" \/>\n<meta property=\"og:locale\" content=\"cs_CZ\" \/>\n<meta property=\"og:type\" content=\"article\" \/>\n<meta property=\"og:title\" content=\"Mini LED Aluminum Profile\" \/>\n<meta property=\"og:description\" content=\"Mini super slim LED aluminum profile, the smallest surface-mounted profile, used in limited spaces to meet different lighting needs.\" \/>\n<meta property=\"og:url\" content=\"https:\/\/essenled.com\/cs\/produkt\/mini-led-aluminum-profile\/\" \/>\n<meta property=\"og:site_name\" content=\"ESSENLED\" \/>\n<meta property=\"article:modified_time\" content=\"2024-03-05T09:59:37+00:00\" \/>\n<meta property=\"og:image\" content=\"https:\/\/essenled.com\/wp-content\/uploads\/2024\/03\/LED-Strip-Aluminium-Profile-Channel-ES-0828.webp\" \/>\n\t<meta property=\"og:image:width\" content=\"800\" \/>\n\t<meta property=\"og:image:height\" content=\"800\" \/>\n\t<meta property=\"og:image:type\" content=\"image\/webp\" \/>\n<meta name=\"twitter:card\" content=\"summary_large_image\" \/>\n<meta name=\"twitter:label1\" content=\"Odhadovan\u00e1 doba \u010dten\u00ed\" \/>\n\t<meta name=\"twitter:data1\" content=\"1 minuta\" \/>\n<script type=\"application\/ld+json\" class=\"yoast-schema-graph\">{\"@context\":\"https:\/\/schema.org\",\"@graph\":[{\"@type\":\"WebPage\",\"@id\":\"https:\/\/essenled.com\/product\/mini-led-aluminum-profile\/\",\"url\":\"https:\/\/essenled.com\/product\/mini-led-aluminum-profile\/\",\"name\":\"Mini LED Aluminum Profile - ESSENLED\",\"isPartOf\":{\"@id\":\"https:\/\/essenled.com\/#website\"},\"primaryImageOfPage\":{\"@id\":\"https:\/\/essenled.com\/product\/mini-led-aluminum-profile\/#primaryimage\"},\"image\":{\"@id\":\"https:\/\/essenled.com\/product\/mini-led-aluminum-profile\/#primaryimage\"},\"thumbnailUrl\":\"https:\/\/essenled.com\/wp-content\/uploads\/2024\/03\/LED-Strip-Aluminium-Profile-Channel-ES-0828.webp\",\"datePublished\":\"2024-03-05T06:51:37+00:00\",\"dateModified\":\"2024-03-05T09:59:37+00:00\",\"description\":\"Mini super slim LED aluminum profile, the smallest surface-mounted profile, used in limited spaces to meet different lighting needs.\",\"breadcrumb\":{\"@id\":\"https:\/\/essenled.com\/product\/mini-led-aluminum-profile\/#breadcrumb\"},\"inLanguage\":\"cs\",\"potentialAction\":[{\"@type\":\"ReadAction\",\"target\":[\"https:\/\/essenled.com\/product\/mini-led-aluminum-profile\/\"]}]},{\"@type\":\"ImageObject\",\"inLanguage\":\"cs\",\"@id\":\"https:\/\/essenled.com\/product\/mini-led-aluminum-profile\/#primaryimage\",\"url\":\"https:\/\/essenled.com\/wp-content\/uploads\/2024\/03\/LED-Strip-Aluminium-Profile-Channel-ES-0828.webp\",\"contentUrl\":\"https:\/\/essenled.com\/wp-content\/uploads\/2024\/03\/LED-Strip-Aluminium-Profile-Channel-ES-0828.webp\",\"width\":800,\"height\":800},{\"@type\":\"BreadcrumbList\",\"@id\":\"https:\/\/essenled.com\/product\/mini-led-aluminum-profile\/#breadcrumb\",\"itemListElement\":[{\"@type\":\"ListItem\",\"position\":1,\"name\":\"Home\",\"item\":\"https:\/\/essenled.com\/\"},{\"@type\":\"ListItem\",\"position\":2,\"name\":\"Product\",\"item\":\"https:\/\/essenled.com\/fr\/product\/\"},{\"@type\":\"ListItem\",\"position\":3,\"name\":\"Mini LED Aluminum Profile\"}]},{\"@type\":\"WebSite\",\"@id\":\"https:\/\/essenled.com\/#website\",\"url\":\"https:\/\/essenled.com\/\",\"name\":\"ESSENLED\",\"description\":\"\",\"publisher\":{\"@id\":\"https:\/\/essenled.com\/#organization\"},\"potentialAction\":[{\"@type\":\"SearchAction\",\"target\":{\"@type\":\"EntryPoint\",\"urlTemplate\":\"https:\/\/essenled.com\/?s={search_term_string}\"},\"query-input\":{\"@type\":\"PropertyValueSpecification\",\"valueRequired\":true,\"valueName\":\"search_term_string\"}}],\"inLanguage\":\"cs\"},{\"@type\":\"Organization\",\"@id\":\"https:\/\/essenled.com\/#organization\",\"name\":\"ESSENLED\",\"url\":\"https:\/\/essenled.com\/\",\"logo\":{\"@type\":\"ImageObject\",\"inLanguage\":\"cs\",\"@id\":\"https:\/\/essenled.com\/#\/schema\/logo\/image\/\",\"url\":\"https:\/\/essenled.com\/wp-content\/uploads\/2024\/01\/Essen-logo.png\",\"contentUrl\":\"https:\/\/essenled.com\/wp-content\/uploads\/2024\/01\/Essen-logo.png\",\"width\":800,\"height\":110,\"caption\":\"ESSENLED\"},\"image\":{\"@id\":\"https:\/\/essenled.com\/#\/schema\/logo\/image\/\"}}]}<\/script>\n<!-- \/ Yoast SEO Premium plugin. -->","yoast_head_json":{"title":"Mini LED hlin\u00edkov\u00fd profil - ESSENLED","description":"Miniaturn\u00ed supertenk\u00fd hlin\u00edkov\u00fd profil LED, nejmen\u0161\u00ed profil pro povrchovou mont\u00e1\u017e, kter\u00fd se pou\u017e\u00edv\u00e1 v omezen\u00fdch prostorech a spl\u0148uje r\u016fzn\u00e9 pot\u0159eby osv\u011btlen\u00ed.","robots":{"index":"index","follow":"follow","max-snippet":"max-snippet:-1","max-image-preview":"max-image-preview:large","max-video-preview":"max-video-preview:-1"},"canonical":"https:\/\/essenled.com\/cs\/produkt\/mini-led-aluminum-profile\/","og_locale":"cs_CZ","og_type":"article","og_title":"Mini LED Aluminum Profile","og_description":"Mini super slim LED aluminum profile, the smallest surface-mounted profile, used in limited spaces to meet different lighting needs.","og_url":"https:\/\/essenled.com\/cs\/produkt\/mini-led-aluminum-profile\/","og_site_name":"ESSENLED","article_modified_time":"2024-03-05T09:59:37+00:00","og_image":[{"width":800,"height":800,"url":"https:\/\/essenled.com\/wp-content\/uploads\/2024\/03\/LED-Strip-Aluminium-Profile-Channel-ES-0828.webp","type":"image\/webp"}],"twitter_card":"summary_large_image","twitter_misc":{"Odhadovan\u00e1 doba \u010dten\u00ed":"1 minuta"},"schema":{"@context":"https:\/\/schema.org","@graph":[{"@type":"WebPage","@id":"https:\/\/essenled.com\/product\/mini-led-aluminum-profile\/","url":"https:\/\/essenled.com\/product\/mini-led-aluminum-profile\/","name":"Mini LED hlin\u00edkov\u00fd profil - ESSENLED","isPartOf":{"@id":"https:\/\/essenled.com\/#website"},"primaryImageOfPage":{"@id":"https:\/\/essenled.com\/product\/mini-led-aluminum-profile\/#primaryimage"},"image":{"@id":"https:\/\/essenled.com\/product\/mini-led-aluminum-profile\/#primaryimage"},"thumbnailUrl":"https:\/\/essenled.com\/wp-content\/uploads\/2024\/03\/LED-Strip-Aluminium-Profile-Channel-ES-0828.webp","datePublished":"2024-03-05T06:51:37+00:00","dateModified":"2024-03-05T09:59:37+00:00","description":"Miniaturn\u00ed supertenk\u00fd hlin\u00edkov\u00fd profil LED, nejmen\u0161\u00ed profil pro povrchovou mont\u00e1\u017e, kter\u00fd se pou\u017e\u00edv\u00e1 v omezen\u00fdch prostorech a spl\u0148uje r\u016fzn\u00e9 pot\u0159eby osv\u011btlen\u00ed.","breadcrumb":{"@id":"https:\/\/essenled.com\/product\/mini-led-aluminum-profile\/#breadcrumb"},"inLanguage":"cs","potentialAction":[{"@type":"ReadAction","target":["https:\/\/essenled.com\/product\/mini-led-aluminum-profile\/"]}]},{"@type":"ImageObject","inLanguage":"cs","@id":"https:\/\/essenled.com\/product\/mini-led-aluminum-profile\/#primaryimage","url":"https:\/\/essenled.com\/wp-content\/uploads\/2024\/03\/LED-Strip-Aluminium-Profile-Channel-ES-0828.webp","contentUrl":"https:\/\/essenled.com\/wp-content\/uploads\/2024\/03\/LED-Strip-Aluminium-Profile-Channel-ES-0828.webp","width":800,"height":800},{"@type":"BreadcrumbList","@id":"https:\/\/essenled.com\/product\/mini-led-aluminum-profile\/#breadcrumb","itemListElement":[{"@type":"ListItem","position":1,"name":"Home","item":"https:\/\/essenled.com\/"},{"@type":"ListItem","position":2,"name":"Product","item":"https:\/\/essenled.com\/fr\/product\/"},{"@type":"ListItem","position":3,"name":"Mini LED Aluminum Profile"}]},{"@type":"WebSite","@id":"https:\/\/essenled.com\/#website","url":"https:\/\/essenled.com\/","name":"ESSENLED","description":"","publisher":{"@id":"https:\/\/essenled.com\/#organization"},"potentialAction":[{"@type":"SearchAction","target":{"@type":"EntryPoint","urlTemplate":"https:\/\/essenled.com\/?s={search_term_string}"},"query-input":{"@type":"PropertyValueSpecification","valueRequired":true,"valueName":"search_term_string"}}],"inLanguage":"cs"},{"@type":"Organization","@id":"https:\/\/essenled.com\/#organization","name":"ESSENLED","url":"https:\/\/essenled.com\/","logo":{"@type":"ImageObject","inLanguage":"cs","@id":"https:\/\/essenled.com\/#\/schema\/logo\/image\/","url":"https:\/\/essenled.com\/wp-content\/uploads\/2024\/01\/Essen-logo.png","contentUrl":"https:\/\/essenled.com\/wp-content\/uploads\/2024\/01\/Essen-logo.png","width":800,"height":110,"caption":"ESSENLED"},"image":{"@id":"https:\/\/essenled.com\/#\/schema\/logo\/image\/"}}]}},"_links":{"self":[{"href":"https:\/\/essenled.com\/cs\/wp-json\/wp\/v2\/product\/1800","targetHints":{"allow":["GET"]}}],"collection":[{"href":"https:\/\/essenled.com\/cs\/wp-json\/wp\/v2\/product"}],"about":[{"href":"https:\/\/essenled.com\/cs\/wp-json\/wp\/v2\/types\/product"}],"version-history":[{"count":1,"href":"https:\/\/essenled.com\/cs\/wp-json\/wp\/v2\/product\/1800\/revisions"}],"predecessor-version":[{"id":1807,"href":"https:\/\/essenled.com\/cs\/wp-json\/wp\/v2\/product\/1800\/revisions\/1807"}],"wp:featuredmedia":[{"embeddable":true,"href":"https:\/\/essenled.com\/cs\/wp-json\/wp\/v2\/media\/1794"}],"wp:attachment":[{"href":"https:\/\/essenled.com\/cs\/wp-json\/wp\/v2\/media?parent=1800"}],"wp:term":[{"taxonomy":"product_brand","embeddable":true,"href":"https:\/\/essenled.com\/cs\/wp-json\/wp\/v2\/product_brand?post=1800"},{"taxonomy":"product_cat","embeddable":true,"href":"https:\/\/essenled.com\/cs\/wp-json\/wp\/v2\/product_cat?post=1800"},{"taxonomy":"product_tag","embeddable":true,"href":"https:\/\/essenled.com\/cs\/wp-json\/wp\/v2\/product_tag?post=1800"}],"curies":[{"name":"wp","href":"https:\/\/api.w.org\/{rel}","templated":true}]}}