{"id":1688,"date":"2024-03-04T06:34:40","date_gmt":"2024-03-04T06:34:40","guid":{"rendered":"https:\/\/essenled.com\/?post_type=product&#038;p=1688"},"modified":"2024-03-04T07:06:09","modified_gmt":"2024-03-04T07:06:09","slug":"meanwell-ip67-dimmable-led-driver-elg-series","status":"publish","type":"product","link":"https:\/\/essenled.com\/cs\/produkt\/meanwell-ip67-dimmable-led-driver-elg-series\/","title":{"rendered":"Stm\u00edvateln\u00fd ovlada\u010d LED Meanwell s kryt\u00edm IP67 - \u0159ada ELG"},"content":{"rendered":"","protected":false},"excerpt":{"rendered":"<p>N\u00e1zev zna\u010dky:  Meanwell<\/p>\n<p>\u010c\u00edslo modelu:  ELG-24V<\/p>\n<p>V\u00fdstupn\u00ed nap\u011bt\u00ed: 12V\/24V<\/p>\n<p>Vstup st\u0159\u00eddav\u00e9ho proudu:  100~305VAC<\/p>\n<p>V\u00fdstupn\u00ed v\u00fdkon: 100 W - 300 W<\/p>\n<p>Z\u00e1ruka: 5 let<\/p>\n<p><span style=\"color: #ff0000;\">Pozn\u00e1mka: Tento ovlada\u010d LED \u0159ady ELG lze pou\u017e\u00edvat ve venkovn\u00edm prost\u0159ed\u00ed, je vodot\u011bsn\u00fd a m\u00e1 funkce stm\u00edv\u00e1n\u00ed, ale nelze jej namo\u010dit do vody.<\/span><\/p>","protected":false},"featured_media":1694,"template":"","meta":{"_kad_post_transparent":"default","_kad_post_title":"","_kad_post_layout":"default","_kad_post_sidebar_id":"","_kad_post_content_style":"default","_kad_post_vertical_padding":"default","_kad_post_feature":"","_kad_post_feature_position":"","_kad_post_header":false,"_kad_post_footer":false,"_kad_post_classname":""},"product_brand":[],"product_cat":[66,67],"product_tag":[690,688,687,689,686],"class_list":{"0":"post-1688","1":"product","2":"type-product","3":"status-publish","4":"has-post-thumbnail","6":"product_cat-accessories","7":"product_cat-led-driver","8":"product_tag-ip67-dimmable-elg-led-driver","9":"product_tag-mean-well-elg-led-driver-100w-150w-200w-240w","10":"product_tag-mean-well-elg-led-driver-12v-24v","11":"product_tag-mean-well-elg-power-supply-dimmable","12":"product_tag-mean-well-elg-power-supply-ip67","14":"first","15":"instock","16":"shipping-taxable","17":"product-type-simple","18":"entry","19":"content-bg","20":"loop-entry"},"yoast_head":"<!-- This site is optimized with the Yoast SEO Premium plugin v24.3 (Yoast SEO v26.7) - https:\/\/yoast.com\/wordpress\/plugins\/seo\/ -->\n<title>Meanwell IP67 Dimmable LED Driver \u2013 ELG Series - ESSENLED<\/title>\n<meta name=\"description\" content=\"Meanwell IP67 Dimmable LED Driver \u2013 ELG Series is used outdoors and is waterproof, dimming functions option, but it cannot be soaked in water.\" \/>\n<meta name=\"robots\" content=\"index, follow, max-snippet:-1, max-image-preview:large, max-video-preview:-1\" \/>\n<link rel=\"canonical\" href=\"https:\/\/essenled.com\/cs\/produkt\/meanwell-ip67-dimmable-led-driver-elg-series\/\" \/>\n<meta property=\"og:locale\" content=\"cs_CZ\" \/>\n<meta property=\"og:type\" content=\"article\" \/>\n<meta property=\"og:title\" content=\"Meanwell IP67 Dimmable LED Driver \u2013 ELG Series\" \/>\n<meta property=\"og:description\" content=\"Meanwell IP67 Dimmable LED Driver \u2013 ELG Series is used outdoors and is waterproof, dimming functions option, but it cannot be soaked in water.\" \/>\n<meta property=\"og:url\" content=\"https:\/\/essenled.com\/cs\/produkt\/meanwell-ip67-dimmable-led-driver-elg-series\/\" \/>\n<meta property=\"og:site_name\" content=\"ESSENLED\" \/>\n<meta property=\"article:modified_time\" content=\"2024-03-04T07:06:09+00:00\" \/>\n<meta property=\"og:image\" content=\"https:\/\/essenled.com\/wp-content\/uploads\/2024\/03\/Mean-Well-ELG-Switching-Power-Supply-Led-Driver-24V.webp\" \/>\n\t<meta property=\"og:image:width\" content=\"800\" \/>\n\t<meta property=\"og:image:height\" content=\"800\" \/>\n\t<meta property=\"og:image:type\" content=\"image\/webp\" \/>\n<meta name=\"twitter:card\" content=\"summary_large_image\" \/>\n<meta name=\"twitter:label1\" content=\"Odhadovan\u00e1 doba \u010dten\u00ed\" \/>\n\t<meta name=\"twitter:data1\" content=\"1 minuta\" \/>\n<script type=\"application\/ld+json\" class=\"yoast-schema-graph\">{\"@context\":\"https:\/\/schema.org\",\"@graph\":[{\"@type\":\"WebPage\",\"@id\":\"https:\/\/essenled.com\/product\/meanwell-ip67-dimmable-led-driver-elg-series\/\",\"url\":\"https:\/\/essenled.com\/product\/meanwell-ip67-dimmable-led-driver-elg-series\/\",\"name\":\"Meanwell IP67 Dimmable LED Driver \u2013 ELG Series - ESSENLED\",\"isPartOf\":{\"@id\":\"https:\/\/essenled.com\/#website\"},\"primaryImageOfPage\":{\"@id\":\"https:\/\/essenled.com\/product\/meanwell-ip67-dimmable-led-driver-elg-series\/#primaryimage\"},\"image\":{\"@id\":\"https:\/\/essenled.com\/product\/meanwell-ip67-dimmable-led-driver-elg-series\/#primaryimage\"},\"thumbnailUrl\":\"https:\/\/essenled.com\/wp-content\/uploads\/2024\/03\/Mean-Well-ELG-Switching-Power-Supply-Led-Driver-24V.webp\",\"datePublished\":\"2024-03-04T06:34:40+00:00\",\"dateModified\":\"2024-03-04T07:06:09+00:00\",\"description\":\"Meanwell IP67 Dimmable LED Driver \u2013 ELG Series is used outdoors and is waterproof, dimming functions option, but it cannot be soaked in water.\",\"breadcrumb\":{\"@id\":\"https:\/\/essenled.com\/product\/meanwell-ip67-dimmable-led-driver-elg-series\/#breadcrumb\"},\"inLanguage\":\"cs\",\"potentialAction\":[{\"@type\":\"ReadAction\",\"target\":[\"https:\/\/essenled.com\/product\/meanwell-ip67-dimmable-led-driver-elg-series\/\"]}]},{\"@type\":\"ImageObject\",\"inLanguage\":\"cs\",\"@id\":\"https:\/\/essenled.com\/product\/meanwell-ip67-dimmable-led-driver-elg-series\/#primaryimage\",\"url\":\"https:\/\/essenled.com\/wp-content\/uploads\/2024\/03\/Mean-Well-ELG-Switching-Power-Supply-Led-Driver-24V.webp\",\"contentUrl\":\"https:\/\/essenled.com\/wp-content\/uploads\/2024\/03\/Mean-Well-ELG-Switching-Power-Supply-Led-Driver-24V.webp\",\"width\":800,\"height\":800,\"caption\":\"Mean Well ELG Switching Power Supply Led Driver 24V\"},{\"@type\":\"BreadcrumbList\",\"@id\":\"https:\/\/essenled.com\/product\/meanwell-ip67-dimmable-led-driver-elg-series\/#breadcrumb\",\"itemListElement\":[{\"@type\":\"ListItem\",\"position\":1,\"name\":\"Home\",\"item\":\"https:\/\/essenled.com\/\"},{\"@type\":\"ListItem\",\"position\":2,\"name\":\"Product\",\"item\":\"https:\/\/essenled.com\/fr\/product\/\"},{\"@type\":\"ListItem\",\"position\":3,\"name\":\"Meanwell IP67 Dimmable LED Driver \u2013 ELG Series\"}]},{\"@type\":\"WebSite\",\"@id\":\"https:\/\/essenled.com\/#website\",\"url\":\"https:\/\/essenled.com\/\",\"name\":\"ESSENLED\",\"description\":\"\",\"publisher\":{\"@id\":\"https:\/\/essenled.com\/#organization\"},\"potentialAction\":[{\"@type\":\"SearchAction\",\"target\":{\"@type\":\"EntryPoint\",\"urlTemplate\":\"https:\/\/essenled.com\/?s={search_term_string}\"},\"query-input\":{\"@type\":\"PropertyValueSpecification\",\"valueRequired\":true,\"valueName\":\"search_term_string\"}}],\"inLanguage\":\"cs\"},{\"@type\":\"Organization\",\"@id\":\"https:\/\/essenled.com\/#organization\",\"name\":\"ESSENLED\",\"url\":\"https:\/\/essenled.com\/\",\"logo\":{\"@type\":\"ImageObject\",\"inLanguage\":\"cs\",\"@id\":\"https:\/\/essenled.com\/#\/schema\/logo\/image\/\",\"url\":\"https:\/\/essenled.com\/wp-content\/uploads\/2024\/01\/Essen-logo.png\",\"contentUrl\":\"https:\/\/essenled.com\/wp-content\/uploads\/2024\/01\/Essen-logo.png\",\"width\":800,\"height\":110,\"caption\":\"ESSENLED\"},\"image\":{\"@id\":\"https:\/\/essenled.com\/#\/schema\/logo\/image\/\"}}]}<\/script>\n<!-- \/ Yoast SEO Premium plugin. -->","yoast_head_json":{"title":"Stm\u00edvateln\u00fd ovlada\u010d LED Meanwell s kryt\u00edm IP67 - \u0159ada ELG - ESSENLED","description":"Stm\u00edvateln\u00fd LED ovlada\u010d Meanwell s kryt\u00edm IP67 - \u0159ada ELG se pou\u017e\u00edv\u00e1 venku a je vodot\u011bsn\u00fd, m\u00e1 mo\u017enost stm\u00edv\u00e1n\u00ed, ale nelze jej namo\u010dit do vody.","robots":{"index":"index","follow":"follow","max-snippet":"max-snippet:-1","max-image-preview":"max-image-preview:large","max-video-preview":"max-video-preview:-1"},"canonical":"https:\/\/essenled.com\/cs\/produkt\/meanwell-ip67-dimmable-led-driver-elg-series\/","og_locale":"cs_CZ","og_type":"article","og_title":"Meanwell IP67 Dimmable LED Driver \u2013 ELG Series","og_description":"Meanwell IP67 Dimmable LED Driver \u2013 ELG Series is used outdoors and is waterproof, dimming functions option, but it cannot be soaked in water.","og_url":"https:\/\/essenled.com\/cs\/produkt\/meanwell-ip67-dimmable-led-driver-elg-series\/","og_site_name":"ESSENLED","article_modified_time":"2024-03-04T07:06:09+00:00","og_image":[{"width":800,"height":800,"url":"https:\/\/essenled.com\/wp-content\/uploads\/2024\/03\/Mean-Well-ELG-Switching-Power-Supply-Led-Driver-24V.webp","type":"image\/webp"}],"twitter_card":"summary_large_image","twitter_misc":{"Odhadovan\u00e1 doba \u010dten\u00ed":"1 minuta"},"schema":{"@context":"https:\/\/schema.org","@graph":[{"@type":"WebPage","@id":"https:\/\/essenled.com\/product\/meanwell-ip67-dimmable-led-driver-elg-series\/","url":"https:\/\/essenled.com\/product\/meanwell-ip67-dimmable-led-driver-elg-series\/","name":"Stm\u00edvateln\u00fd ovlada\u010d LED Meanwell s kryt\u00edm IP67 - \u0159ada ELG - ESSENLED","isPartOf":{"@id":"https:\/\/essenled.com\/#website"},"primaryImageOfPage":{"@id":"https:\/\/essenled.com\/product\/meanwell-ip67-dimmable-led-driver-elg-series\/#primaryimage"},"image":{"@id":"https:\/\/essenled.com\/product\/meanwell-ip67-dimmable-led-driver-elg-series\/#primaryimage"},"thumbnailUrl":"https:\/\/essenled.com\/wp-content\/uploads\/2024\/03\/Mean-Well-ELG-Switching-Power-Supply-Led-Driver-24V.webp","datePublished":"2024-03-04T06:34:40+00:00","dateModified":"2024-03-04T07:06:09+00:00","description":"Stm\u00edvateln\u00fd LED ovlada\u010d Meanwell s kryt\u00edm IP67 - \u0159ada ELG se pou\u017e\u00edv\u00e1 venku a je vodot\u011bsn\u00fd, m\u00e1 mo\u017enost stm\u00edv\u00e1n\u00ed, ale nelze jej namo\u010dit do vody.","breadcrumb":{"@id":"https:\/\/essenled.com\/product\/meanwell-ip67-dimmable-led-driver-elg-series\/#breadcrumb"},"inLanguage":"cs","potentialAction":[{"@type":"ReadAction","target":["https:\/\/essenled.com\/product\/meanwell-ip67-dimmable-led-driver-elg-series\/"]}]},{"@type":"ImageObject","inLanguage":"cs","@id":"https:\/\/essenled.com\/product\/meanwell-ip67-dimmable-led-driver-elg-series\/#primaryimage","url":"https:\/\/essenled.com\/wp-content\/uploads\/2024\/03\/Mean-Well-ELG-Switching-Power-Supply-Led-Driver-24V.webp","contentUrl":"https:\/\/essenled.com\/wp-content\/uploads\/2024\/03\/Mean-Well-ELG-Switching-Power-Supply-Led-Driver-24V.webp","width":800,"height":800,"caption":"Mean Well ELG Switching Power Supply Led Driver 24V"},{"@type":"BreadcrumbList","@id":"https:\/\/essenled.com\/product\/meanwell-ip67-dimmable-led-driver-elg-series\/#breadcrumb","itemListElement":[{"@type":"ListItem","position":1,"name":"Home","item":"https:\/\/essenled.com\/"},{"@type":"ListItem","position":2,"name":"Product","item":"https:\/\/essenled.com\/fr\/product\/"},{"@type":"ListItem","position":3,"name":"Meanwell IP67 Dimmable LED Driver \u2013 ELG Series"}]},{"@type":"WebSite","@id":"https:\/\/essenled.com\/#website","url":"https:\/\/essenled.com\/","name":"ESSENLED","description":"","publisher":{"@id":"https:\/\/essenled.com\/#organization"},"potentialAction":[{"@type":"SearchAction","target":{"@type":"EntryPoint","urlTemplate":"https:\/\/essenled.com\/?s={search_term_string}"},"query-input":{"@type":"PropertyValueSpecification","valueRequired":true,"valueName":"search_term_string"}}],"inLanguage":"cs"},{"@type":"Organization","@id":"https:\/\/essenled.com\/#organization","name":"ESSENLED","url":"https:\/\/essenled.com\/","logo":{"@type":"ImageObject","inLanguage":"cs","@id":"https:\/\/essenled.com\/#\/schema\/logo\/image\/","url":"https:\/\/essenled.com\/wp-content\/uploads\/2024\/01\/Essen-logo.png","contentUrl":"https:\/\/essenled.com\/wp-content\/uploads\/2024\/01\/Essen-logo.png","width":800,"height":110,"caption":"ESSENLED"},"image":{"@id":"https:\/\/essenled.com\/#\/schema\/logo\/image\/"}}]}},"_links":{"self":[{"href":"https:\/\/essenled.com\/cs\/wp-json\/wp\/v2\/product\/1688","targetHints":{"allow":["GET"]}}],"collection":[{"href":"https:\/\/essenled.com\/cs\/wp-json\/wp\/v2\/product"}],"about":[{"href":"https:\/\/essenled.com\/cs\/wp-json\/wp\/v2\/types\/product"}],"version-history":[{"count":3,"href":"https:\/\/essenled.com\/cs\/wp-json\/wp\/v2\/product\/1688\/revisions"}],"predecessor-version":[{"id":1708,"href":"https:\/\/essenled.com\/cs\/wp-json\/wp\/v2\/product\/1688\/revisions\/1708"}],"wp:featuredmedia":[{"embeddable":true,"href":"https:\/\/essenled.com\/cs\/wp-json\/wp\/v2\/media\/1694"}],"wp:attachment":[{"href":"https:\/\/essenled.com\/cs\/wp-json\/wp\/v2\/media?parent=1688"}],"wp:term":[{"taxonomy":"product_brand","embeddable":true,"href":"https:\/\/essenled.com\/cs\/wp-json\/wp\/v2\/product_brand?post=1688"},{"taxonomy":"product_cat","embeddable":true,"href":"https:\/\/essenled.com\/cs\/wp-json\/wp\/v2\/product_cat?post=1688"},{"taxonomy":"product_tag","embeddable":true,"href":"https:\/\/essenled.com\/cs\/wp-json\/wp\/v2\/product_tag?post=1688"}],"curies":[{"name":"wp","href":"https:\/\/api.w.org\/{rel}","templated":true}]}}